{"id":19170,"date":"2022-06-23T21:19:29","date_gmt":"2022-06-23T13:19:29","guid":{"rendered":"https:\/\/craftygenesindonesia.com\/?post_type=product&#038;p=19170"},"modified":"2026-02-21T18:22:46","modified_gmt":"2026-02-21T10:22:46","slug":"la-creche-craftygenesindonesia","status":"publish","type":"product","link":"https:\/\/craftygenesindonesia.com\/fr\/shop\/creches\/la-creche-craftygenesindonesia\/","title":{"rendered":"La cr\u00e8che Craftygenesindonesia"},"content":{"rendered":"<p>Dans ce mod\u00e8le, vous trouverez les mod\u00e8les de :<\/p>\n<p>*L&#8217;enfant J\u00e9sus, Marie et Joseph<\/p>\n<p>*Les trois sages<\/p>\n<p>*Un berger avec ses moutons<\/p>\n<p>*Le b\u0153uf et l&#8217;\u00e2ne<\/p>\n<p>*Une \u00e9table avec un ange et l&#8217;\u00e9toile de Bethl\u00e9em<\/p>\n<p>*Un chameau<\/p>\n<p>Tous sont r\u00e9alis\u00e9s avec des fils de poids &#8220;FINGERING&#8221; tels que Catona, Durable Coral<\/p>\n<p>Crochet : 2mm<\/p>\n<p>L&#8217;enfant J\u00e9sus mesure 7cm (2.75&#8243;) de long<\/p>\n<p>Marie et l&#8217;ange mesurent 15 cm de haut.<\/p>\n<p>Joseph et tous les autres hommes de l&#8217;ebook mesurent 17 cm (6,7&#8243;).<\/p>\n<p>Le b\u0153uf et l&#8217;\u00e2ne mesurent 13 cm de haut.<\/p>\n<p>Le chameau mesure 19 cm de haut.<\/p>\n<p>La taille de l&#8217;\u00e9table est de 25cm(H)x 24cm(L)x 15cm(P) ou<\/p>\n<p>9.8&#8243;H x 9.4&#8243;W x 5.9&#8243;D<\/p>\n<p>Ce mod\u00e8le est un mod\u00e8le \u00e9crit avec de nombreuses photos pour vous aider. Si vous avez des questions, envoyez-moi un message \u00e0 l&#8217;adresse suivante : craftygenesindonesia@gmail.com<\/p>\n<p><strong>-Ce mod\u00e8le est r\u00e9serv\u00e9 \u00e0 un usage personnel et est prot\u00e9g\u00e9 par un COPYRIGHT. Par cons\u00e9quent, le mod\u00e8le ne peut PAS \u00eatre copi\u00e9, vendu, revendu, traduit, revendiqu\u00e9 comme votre mod\u00e8le, distribu\u00e9, partag\u00e9, publi\u00e9, mis en ligne sous quelque forme que ce soit sans mon autorisation. Pas m\u00eame une partie!!!<\/strong><\/p>\n<p><strong>Vous pouvez vendre le produit fini en petites quantit\u00e9s, MAIS PAS LE PATRON EN LUI-M\u00caME ! Mentionnez que le mod\u00e8le provient de Craftygenesindonesia et indiquez o\u00f9 vous pouvez l&#8217;acheter. <\/strong><\/p>\n","protected":false},"excerpt":{"rendered":"<p>Il s&#8217;agit d&#8217;un patron de crochet facile \u00e0 suivre pour une magnifique cr\u00e8che au crochet. Un mod\u00e8le absolument indispensable pour tous ceux qui aiment les cr\u00e8ches.<\/p>\n<p>**Ce mod\u00e8le comprend J\u00e9sus dans sa cr\u00e8che, Marie, Joseph, un b\u0153uf et un \u00e2ne, les trois rois mages, un berger et ses moutons, le rocher sur lequel se tient le petit mouton, une mangeoire, une \u00e9toile, un ange et un chameau.<\/p>\n","protected":false},"featured_media":987529925,"comment_status":"open","ping_status":"closed","template":"","meta":{"_acf_changed":false},"product_brand":[],"product_cat":[3647,3653,3675],"product_tag":[8552,10328,12777,11018,10358,10327,12067,10331,12068,11348,10065,10326,10330,12762,11496,11296,12071,12072,12776],"class_list":{"0":"post-19170","1":"product","2":"type-product","3":"status-publish","4":"has-post-thumbnail","6":"product_cat-creches","7":"product_cat-noel","8":"product_cat-religieux","9":"product_tag-3-sages","10":"product_tag-ane-fr","11":"product_tag-angel-fr","12":"product_tag-berceau-fr","13":"product_tag-berger-fr","14":"product_tag-boeuf-fr","15":"product_tag-catholic-fr","16":"product_tag-chameau-fr","17":"product_tag-christian-fr","18":"product_tag-creche-fr","19":"product_tag-jesus-fr","20":"product_tag-joseph-fr","21":"product_tag-mouton-fr-2","22":"product_tag-our-lady-fr","23":"product_tag-rocher-fr","24":"product_tag-rois-fr","25":"product_tag-stable-fr","26":"product_tag-star-fr","27":"product_tag-wings-fr","28":"pa_available_on-craftygenesindonesia","29":"pa_available_on-etsy","30":"pa_available_on-haked-nl","31":"pa_available_on-payhip","32":"pa_available_on-ravelry","33":"pa_languages-allemand","34":"pa_languages-americain","35":"pa_languages-espagnol","36":"pa_languages-francais","37":"pa_languages-italien","38":"pa_languages-neerlandais","40":"first","41":"instock","42":"downloadable","43":"virtual","44":"purchasable","45":"product-type-simple"},"acf":[],"yoast_head":"<!-- This site is optimized with the Yoast SEO plugin v27.4 - https:\/\/yoast.com\/product\/yoast-seo-wordpress\/ -->\n<title>La cr\u00e8che Craftygenesindonesia mod\u00e8le de crochet - Craftygenesindonesia<\/title>\n<meta name=\"description\" content=\"Achetez ici ma cr\u00e8che Craftygenesindonesia. Le mod\u00e8le au crochet est \u00e9galement disponible sur Etsy, Haked.nl, Ravelry et Payhip.\" \/>\n<meta name=\"robots\" content=\"index, follow, max-snippet:-1, max-image-preview:large, max-video-preview:-1\" \/>\n<link rel=\"canonical\" href=\"https:\/\/craftygenesindonesia.com\/fr\/shop\/creches\/la-creche-craftygenesindonesia\/\" \/>\n<meta property=\"og:locale\" content=\"fr_FR\" \/>\n<meta property=\"og:type\" content=\"article\" \/>\n<meta property=\"og:title\" content=\"Cr\u00e8che Craftygenesindonesia\" \/>\n<meta property=\"og:description\" content=\"Achetez ici ma cr\u00e8che Craftygenesindonesia. Le mod\u00e8le au crochet est \u00e9galement disponible sur Etsy, Haked.nl, Ravelry et Payhip.\" \/>\n<meta property=\"og:url\" content=\"https:\/\/craftygenesindonesia.com\/fr\/shop\/creches\/la-creche-craftygenesindonesia\/\" \/>\n<meta property=\"og:site_name\" content=\"Craftygenesindonesia\" \/>\n<meta property=\"article:modified_time\" content=\"2026-02-21T10:22:46+00:00\" \/>\n<meta property=\"og:image\" content=\"https:\/\/craftygenesindonesia.com\/wp-content\/uploads\/2022\/06\/Craftygenesindonesia-2-300x300.jpg\" \/>\n<meta name=\"twitter:card\" content=\"summary_large_image\" \/>\n<meta name=\"twitter:label1\" content=\"Dur\u00e9e de lecture estim\u00e9e\" \/>\n\t<meta name=\"twitter:data1\" content=\"2 minutes\" \/>\n<script type=\"application\/ld+json\" class=\"yoast-schema-graph\">{\"@context\":\"https:\\\/\\\/schema.org\",\"@graph\":[{\"@type\":\"WebPage\",\"@id\":\"https:\\\/\\\/craftygenesindonesia.com\\\/fr\\\/shop\\\/creches\\\/la-creche-craftygenesindonesia\\\/\",\"url\":\"https:\\\/\\\/craftygenesindonesia.com\\\/fr\\\/shop\\\/creches\\\/la-creche-craftygenesindonesia\\\/\",\"name\":\"La cr\u00e8che Craftygenesindonesia mod\u00e8le de crochet - Craftygenesindonesia\",\"isPartOf\":{\"@id\":\"https:\\\/\\\/craftygenesindonesia.com\\\/fr\\\/#website\"},\"primaryImageOfPage\":{\"@id\":\"https:\\\/\\\/craftygenesindonesia.com\\\/fr\\\/shop\\\/creches\\\/la-creche-craftygenesindonesia\\\/#primaryimage\"},\"image\":{\"@id\":\"https:\\\/\\\/craftygenesindonesia.com\\\/fr\\\/shop\\\/creches\\\/la-creche-craftygenesindonesia\\\/#primaryimage\"},\"thumbnailUrl\":\"https:\\\/\\\/craftygenesindonesia.com\\\/wp-content\\\/uploads\\\/2022\\\/06\\\/Craftygenesindonesia-2.jpg\",\"datePublished\":\"2022-06-23T13:19:29+00:00\",\"dateModified\":\"2026-02-21T10:22:46+00:00\",\"description\":\"Achetez ici ma cr\u00e8che Craftygenesindonesia. Le mod\u00e8le au crochet est \u00e9galement disponible sur Etsy, Haked.nl, Ravelry et Payhip.\",\"breadcrumb\":{\"@id\":\"https:\\\/\\\/craftygenesindonesia.com\\\/fr\\\/shop\\\/creches\\\/la-creche-craftygenesindonesia\\\/#breadcrumb\"},\"inLanguage\":\"fr-FR\",\"potentialAction\":[{\"@type\":\"ReadAction\",\"target\":[\"https:\\\/\\\/craftygenesindonesia.com\\\/fr\\\/shop\\\/creches\\\/la-creche-craftygenesindonesia\\\/\"]}]},{\"@type\":\"ImageObject\",\"inLanguage\":\"fr-FR\",\"@id\":\"https:\\\/\\\/craftygenesindonesia.com\\\/fr\\\/shop\\\/creches\\\/la-creche-craftygenesindonesia\\\/#primaryimage\",\"url\":\"https:\\\/\\\/craftygenesindonesia.com\\\/wp-content\\\/uploads\\\/2022\\\/06\\\/Craftygenesindonesia-2.jpg\",\"contentUrl\":\"https:\\\/\\\/craftygenesindonesia.com\\\/wp-content\\\/uploads\\\/2022\\\/06\\\/Craftygenesindonesia-2.jpg\",\"width\":1080,\"height\":1080,\"caption\":\"crochet nativity set with crochet Jesus, Mary, Joseph, Camel, three wise men, shepherd, sheep, donkey, ox, angel, star, stable\"},{\"@type\":\"BreadcrumbList\",\"@id\":\"https:\\\/\\\/craftygenesindonesia.com\\\/fr\\\/shop\\\/creches\\\/la-creche-craftygenesindonesia\\\/#breadcrumb\",\"itemListElement\":[{\"@type\":\"ListItem\",\"position\":1,\"name\":\"Home\",\"item\":\"https:\\\/\\\/craftygenesindonesia.com\\\/fr\\\/\"},{\"@type\":\"ListItem\",\"position\":2,\"name\":\"Boutique de mod\u00e8les\",\"item\":\"https:\\\/\\\/craftygenesindonesia.com\\\/fr\\\/boutique\\\/\"},{\"@type\":\"ListItem\",\"position\":3,\"name\":\"La cr\u00e8che Craftygenesindonesia\"}]},{\"@type\":\"WebSite\",\"@id\":\"https:\\\/\\\/craftygenesindonesia.com\\\/fr\\\/#website\",\"url\":\"https:\\\/\\\/craftygenesindonesia.com\\\/fr\\\/\",\"name\":\"Craftygenesindonesia\",\"description\":\"\",\"publisher\":{\"@id\":\"https:\\\/\\\/craftygenesindonesia.com\\\/fr\\\/#organization\"},\"potentialAction\":[{\"@type\":\"SearchAction\",\"target\":{\"@type\":\"EntryPoint\",\"urlTemplate\":\"https:\\\/\\\/craftygenesindonesia.com\\\/fr\\\/?s={search_term_string}\"},\"query-input\":{\"@type\":\"PropertyValueSpecification\",\"valueRequired\":true,\"valueName\":\"search_term_string\"}}],\"inLanguage\":\"fr-FR\"},{\"@type\":\"Organization\",\"@id\":\"https:\\\/\\\/craftygenesindonesia.com\\\/fr\\\/#organization\",\"name\":\"Craftygenesindonesia\",\"url\":\"https:\\\/\\\/craftygenesindonesia.com\\\/fr\\\/\",\"logo\":{\"@type\":\"ImageObject\",\"inLanguage\":\"fr-FR\",\"@id\":\"https:\\\/\\\/craftygenesindonesia.com\\\/fr\\\/#\\\/schema\\\/logo\\\/image\\\/\",\"url\":\"https:\\\/\\\/craftygenesindonesia.com\\\/wp-content\\\/uploads\\\/2025\\\/11\\\/cropped-Copy-of-Craftygenesindonesia.jpg\",\"contentUrl\":\"https:\\\/\\\/craftygenesindonesia.com\\\/wp-content\\\/uploads\\\/2025\\\/11\\\/cropped-Copy-of-Craftygenesindonesia.jpg\",\"width\":180,\"height\":60,\"caption\":\"Craftygenesindonesia\"},\"image\":{\"@id\":\"https:\\\/\\\/craftygenesindonesia.com\\\/fr\\\/#\\\/schema\\\/logo\\\/image\\\/\"}}]}<\/script>\n<!-- \/ Yoast SEO plugin. -->","yoast_head_json":{"title":"La cr\u00e8che Craftygenesindonesia mod\u00e8le de crochet - Craftygenesindonesia","description":"Achetez ici ma cr\u00e8che Craftygenesindonesia. Le mod\u00e8le au crochet est \u00e9galement disponible sur Etsy, Haked.nl, Ravelry et Payhip.","robots":{"index":"index","follow":"follow","max-snippet":"max-snippet:-1","max-image-preview":"max-image-preview:large","max-video-preview":"max-video-preview:-1"},"canonical":"https:\/\/craftygenesindonesia.com\/fr\/shop\/creches\/la-creche-craftygenesindonesia\/","og_locale":"fr_FR","og_type":"article","og_title":"Cr\u00e8che Craftygenesindonesia","og_description":"Achetez ici ma cr\u00e8che Craftygenesindonesia. Le mod\u00e8le au crochet est \u00e9galement disponible sur Etsy, Haked.nl, Ravelry et Payhip.","og_url":"https:\/\/craftygenesindonesia.com\/fr\/shop\/creches\/la-creche-craftygenesindonesia\/","og_site_name":"Craftygenesindonesia","article_modified_time":"2026-02-21T10:22:46+00:00","og_image":[{"url":"https:\/\/craftygenesindonesia.com\/wp-content\/uploads\/2022\/06\/Craftygenesindonesia-2-300x300.jpg","type":"","width":"","height":""}],"twitter_card":"summary_large_image","twitter_misc":{"Dur\u00e9e de lecture estim\u00e9e":"2 minutes"},"schema":{"@context":"https:\/\/schema.org","@graph":[{"@type":"WebPage","@id":"https:\/\/craftygenesindonesia.com\/fr\/shop\/creches\/la-creche-craftygenesindonesia\/","url":"https:\/\/craftygenesindonesia.com\/fr\/shop\/creches\/la-creche-craftygenesindonesia\/","name":"La cr\u00e8che Craftygenesindonesia mod\u00e8le de crochet - Craftygenesindonesia","isPartOf":{"@id":"https:\/\/craftygenesindonesia.com\/fr\/#website"},"primaryImageOfPage":{"@id":"https:\/\/craftygenesindonesia.com\/fr\/shop\/creches\/la-creche-craftygenesindonesia\/#primaryimage"},"image":{"@id":"https:\/\/craftygenesindonesia.com\/fr\/shop\/creches\/la-creche-craftygenesindonesia\/#primaryimage"},"thumbnailUrl":"https:\/\/craftygenesindonesia.com\/wp-content\/uploads\/2022\/06\/Craftygenesindonesia-2.jpg","datePublished":"2022-06-23T13:19:29+00:00","dateModified":"2026-02-21T10:22:46+00:00","description":"Achetez ici ma cr\u00e8che Craftygenesindonesia. Le mod\u00e8le au crochet est \u00e9galement disponible sur Etsy, Haked.nl, Ravelry et Payhip.","breadcrumb":{"@id":"https:\/\/craftygenesindonesia.com\/fr\/shop\/creches\/la-creche-craftygenesindonesia\/#breadcrumb"},"inLanguage":"fr-FR","potentialAction":[{"@type":"ReadAction","target":["https:\/\/craftygenesindonesia.com\/fr\/shop\/creches\/la-creche-craftygenesindonesia\/"]}]},{"@type":"ImageObject","inLanguage":"fr-FR","@id":"https:\/\/craftygenesindonesia.com\/fr\/shop\/creches\/la-creche-craftygenesindonesia\/#primaryimage","url":"https:\/\/craftygenesindonesia.com\/wp-content\/uploads\/2022\/06\/Craftygenesindonesia-2.jpg","contentUrl":"https:\/\/craftygenesindonesia.com\/wp-content\/uploads\/2022\/06\/Craftygenesindonesia-2.jpg","width":1080,"height":1080,"caption":"crochet nativity set with crochet Jesus, Mary, Joseph, Camel, three wise men, shepherd, sheep, donkey, ox, angel, star, stable"},{"@type":"BreadcrumbList","@id":"https:\/\/craftygenesindonesia.com\/fr\/shop\/creches\/la-creche-craftygenesindonesia\/#breadcrumb","itemListElement":[{"@type":"ListItem","position":1,"name":"Home","item":"https:\/\/craftygenesindonesia.com\/fr\/"},{"@type":"ListItem","position":2,"name":"Boutique de mod\u00e8les","item":"https:\/\/craftygenesindonesia.com\/fr\/boutique\/"},{"@type":"ListItem","position":3,"name":"La cr\u00e8che Craftygenesindonesia"}]},{"@type":"WebSite","@id":"https:\/\/craftygenesindonesia.com\/fr\/#website","url":"https:\/\/craftygenesindonesia.com\/fr\/","name":"Craftygenesindonesia","description":"","publisher":{"@id":"https:\/\/craftygenesindonesia.com\/fr\/#organization"},"potentialAction":[{"@type":"SearchAction","target":{"@type":"EntryPoint","urlTemplate":"https:\/\/craftygenesindonesia.com\/fr\/?s={search_term_string}"},"query-input":{"@type":"PropertyValueSpecification","valueRequired":true,"valueName":"search_term_string"}}],"inLanguage":"fr-FR"},{"@type":"Organization","@id":"https:\/\/craftygenesindonesia.com\/fr\/#organization","name":"Craftygenesindonesia","url":"https:\/\/craftygenesindonesia.com\/fr\/","logo":{"@type":"ImageObject","inLanguage":"fr-FR","@id":"https:\/\/craftygenesindonesia.com\/fr\/#\/schema\/logo\/image\/","url":"https:\/\/craftygenesindonesia.com\/wp-content\/uploads\/2025\/11\/cropped-Copy-of-Craftygenesindonesia.jpg","contentUrl":"https:\/\/craftygenesindonesia.com\/wp-content\/uploads\/2025\/11\/cropped-Copy-of-Craftygenesindonesia.jpg","width":180,"height":60,"caption":"Craftygenesindonesia"},"image":{"@id":"https:\/\/craftygenesindonesia.com\/fr\/#\/schema\/logo\/image\/"}}]}},"_links":{"self":[{"href":"https:\/\/craftygenesindonesia.com\/fr\/wp-json\/wp\/v2\/product\/19170","targetHints":{"allow":["GET"]}}],"collection":[{"href":"https:\/\/craftygenesindonesia.com\/fr\/wp-json\/wp\/v2\/product"}],"about":[{"href":"https:\/\/craftygenesindonesia.com\/fr\/wp-json\/wp\/v2\/types\/product"}],"replies":[{"embeddable":true,"href":"https:\/\/craftygenesindonesia.com\/fr\/wp-json\/wp\/v2\/comments?post=19170"}],"wp:featuredmedia":[{"embeddable":true,"href":"https:\/\/craftygenesindonesia.com\/fr\/wp-json\/wp\/v2\/media\/987529925"}],"wp:attachment":[{"href":"https:\/\/craftygenesindonesia.com\/fr\/wp-json\/wp\/v2\/media?parent=19170"}],"wp:term":[{"taxonomy":"product_brand","embeddable":true,"href":"https:\/\/craftygenesindonesia.com\/fr\/wp-json\/wp\/v2\/product_brand?post=19170"},{"taxonomy":"product_cat","embeddable":true,"href":"https:\/\/craftygenesindonesia.com\/fr\/wp-json\/wp\/v2\/product_cat?post=19170"},{"taxonomy":"product_tag","embeddable":true,"href":"https:\/\/craftygenesindonesia.com\/fr\/wp-json\/wp\/v2\/product_tag?post=19170"}],"curies":[{"name":"wp","href":"https:\/\/api.w.org\/{rel}","templated":true}]}}