{"id":19103,"date":"2022-06-22T20:09:57","date_gmt":"2022-06-22T12:09:57","guid":{"rendered":"https:\/\/craftygenesindonesia.com\/?post_type=product&#038;p=19103"},"modified":"2025-11-12T05:53:47","modified_gmt":"2025-11-11T21:53:47","slug":"pixie-va-a-la-plage","status":"publish","type":"product","link":"https:\/\/craftygenesindonesia.com\/fr\/shop\/animaux\/pixie-va-a-la-plage\/","title":{"rendered":"Pixie va \u00e0 la plage"},"content":{"rendered":"<p>Ce mignon petit chat mesure 22cm (8.8\u201d) et est fait avec du fil de poids \u201cFINGERING\u201d.<\/p>\n<p>Vous aurez besoin des couleurs suivantes : blanc, jaune, gris, rose, noir, violet clair, vert vif, bleu et orange.<\/p>\n<p>J\u2019ai utilis\u00e9 des yeux de s\u00e9curit\u00e9 de 7 mm et un nez de s\u00e9curit\u00e9 de 8 mm pour les yeux et le nez. Pour les yeux de la licorne, j\u2019ai utilis\u00e9 des perles de 2 mm.<\/p>\n<p>Crochet : taille 2mm<\/p>\n<p>Ce mod\u00e8le est un mod\u00e8le \u00e9crit avec beaucoup de photos pour vous aider. Si vous avez encore des questions, envoyez-moi un message \u00e0 :\u00a0<a href=\"mailto:craftygenesindonesia@gmail.com\">craftygenesindonesia@gmail.com<\/a><\/p>\n<p><strong>-Ce mod\u00e8le est destin\u00e9 \u00e0 un usage personnel uniquement et il est prot\u00e9g\u00e9 par un COPYRIGHT. Le mod\u00e8le ne peut donc PAS \u00eatre copi\u00e9, vendu, revendu, traduit, revendiqu\u00e9 comme votre mod\u00e8le, distribu\u00e9, partag\u00e9, publi\u00e9, mis en ligne\u2026 sous quelque forme que ce soit sans mon consentement. M\u00eame pas en partie !!!<\/strong><\/p>\n<p><strong>-Vous pouvez vendre l\u2019article fini en petites quantit\u00e9s MAIS PAS LE MODELE EN LUI-M\u00caME ! Veuillez mentionner que le mod\u00e8le est de Craftygenesindonesia et o\u00f9 il peut \u00eatre achet\u00e9.<\/strong><\/p>\n","protected":false},"excerpt":{"rendered":"<p>Voici un mod\u00e8le de crochet facile \u00e0 suivre pour un adorable petit chaton qui va \u00e0 la plage.\u00a0 Sa bou\u00e9e et son ballon sont bien s\u00fbr inclus dans le mod\u00e8le.<\/p>\n","protected":false},"featured_media":987526010,"comment_status":"open","ping_status":"closed","template":"","meta":{"_acf_changed":false},"product_brand":[],"product_cat":[3643,3663],"product_tag":[10917,10871,10963,11147,11647,10874,10877],"class_list":{"0":"post-19103","1":"product","2":"type-product","3":"status-publish","4":"has-post-thumbnail","6":"product_cat-animaux","7":"product_cat-poupees-pour-enfants","8":"product_tag-arc","9":"product_tag-balle","10":"product_tag-chat-fr","11":"product_tag-flotteur-fr","12":"product_tag-licorne","13":"product_tag-maillot-de-bain-fr","14":"product_tag-plage-fr","15":"pa_available_on-craftygenesindonesia","16":"pa_available_on-etsy","17":"pa_available_on-haked-nl","18":"pa_available_on-payhip","19":"pa_available_on-ravelry","20":"pa_languages-allemand","21":"pa_languages-americain","22":"pa_languages-espagnol","23":"pa_languages-francais","24":"pa_languages-neerlandais","26":"first","27":"instock","28":"downloadable","29":"virtual","30":"purchasable","31":"product-type-simple"},"acf":[],"yoast_head":"<!-- This site is optimized with the Yoast SEO plugin v27.5 - https:\/\/yoast.com\/product\/yoast-seo-wordpress\/ -->\n<title>Pixie va \u00e0 la plage mod\u00e8le de crochet - Craftygenesindonesia<\/title>\n<meta name=\"description\" content=\"Achetez ici mon mod\u00e8le de crochet \u00ab Pixie Va \u00e0 la plage \u00bb. Le mod\u00e8le de crochet est \u00e9galement disponible sur Etsy, Haked.nl, Ravelry, Payhip\" \/>\n<meta name=\"robots\" content=\"index, follow, max-snippet:-1, max-image-preview:large, max-video-preview:-1\" \/>\n<link rel=\"canonical\" href=\"https:\/\/craftygenesindonesia.com\/fr\/shop\/animaux\/pixie-va-a-la-plage\/\" \/>\n<meta property=\"og:locale\" content=\"fr_FR\" \/>\n<meta property=\"og:type\" content=\"article\" \/>\n<meta property=\"og:title\" content=\"Mod\u00e8le de crochet Pixie va \u00e0 la plage\" \/>\n<meta property=\"og:description\" content=\"Achetez ici mon mod\u00e8le de crochet \u00ab Pixie Va \u00e0 la plage \u00bb. Le mod\u00e8le de crochet est \u00e9galement disponible sur Etsy, Haked.nl, Ravelry, Payhip\" \/>\n<meta property=\"og:url\" content=\"https:\/\/craftygenesindonesia.com\/fr\/shop\/animaux\/pixie-va-a-la-plage\/\" \/>\n<meta property=\"og:site_name\" content=\"Craftygenesindonesia\" \/>\n<meta property=\"article:modified_time\" content=\"2025-11-11T21:53:47+00:00\" \/>\n<meta property=\"og:image\" content=\"https:\/\/craftygenesindonesia.com\/wp-content\/uploads\/2022\/06\/Pixie-Goes-to-the-Beach-2.jpg\" \/>\n\t<meta property=\"og:image:width\" content=\"1080\" \/>\n\t<meta property=\"og:image:height\" content=\"1080\" \/>\n\t<meta property=\"og:image:type\" content=\"image\/jpeg\" \/>\n<meta name=\"twitter:card\" content=\"summary_large_image\" \/>\n<meta name=\"twitter:label1\" content=\"Dur\u00e9e de lecture estim\u00e9e\" \/>\n\t<meta name=\"twitter:data1\" content=\"1 minute\" \/>\n<script type=\"application\/ld+json\" class=\"yoast-schema-graph\">{\"@context\":\"https:\\\/\\\/schema.org\",\"@graph\":[{\"@type\":\"WebPage\",\"@id\":\"https:\\\/\\\/craftygenesindonesia.com\\\/fr\\\/shop\\\/animaux\\\/pixie-va-a-la-plage\\\/\",\"url\":\"https:\\\/\\\/craftygenesindonesia.com\\\/fr\\\/shop\\\/animaux\\\/pixie-va-a-la-plage\\\/\",\"name\":\"Pixie va \u00e0 la plage mod\u00e8le de crochet - Craftygenesindonesia\",\"isPartOf\":{\"@id\":\"https:\\\/\\\/craftygenesindonesia.com\\\/fr\\\/#website\"},\"primaryImageOfPage\":{\"@id\":\"https:\\\/\\\/craftygenesindonesia.com\\\/fr\\\/shop\\\/animaux\\\/pixie-va-a-la-plage\\\/#primaryimage\"},\"image\":{\"@id\":\"https:\\\/\\\/craftygenesindonesia.com\\\/fr\\\/shop\\\/animaux\\\/pixie-va-a-la-plage\\\/#primaryimage\"},\"thumbnailUrl\":\"https:\\\/\\\/craftygenesindonesia.com\\\/wp-content\\\/uploads\\\/2022\\\/06\\\/Pixie-Goes-to-the-Beach-2.jpg\",\"datePublished\":\"2022-06-22T12:09:57+00:00\",\"dateModified\":\"2025-11-11T21:53:47+00:00\",\"description\":\"Achetez ici mon mod\u00e8le de crochet \u00ab Pixie Va \u00e0 la plage \u00bb. Le mod\u00e8le de crochet est \u00e9galement disponible sur Etsy, Haked.nl, Ravelry, Payhip\",\"breadcrumb\":{\"@id\":\"https:\\\/\\\/craftygenesindonesia.com\\\/fr\\\/shop\\\/animaux\\\/pixie-va-a-la-plage\\\/#breadcrumb\"},\"inLanguage\":\"fr-FR\",\"potentialAction\":[{\"@type\":\"ReadAction\",\"target\":[\"https:\\\/\\\/craftygenesindonesia.com\\\/fr\\\/shop\\\/animaux\\\/pixie-va-a-la-plage\\\/\"]}]},{\"@type\":\"ImageObject\",\"inLanguage\":\"fr-FR\",\"@id\":\"https:\\\/\\\/craftygenesindonesia.com\\\/fr\\\/shop\\\/animaux\\\/pixie-va-a-la-plage\\\/#primaryimage\",\"url\":\"https:\\\/\\\/craftygenesindonesia.com\\\/wp-content\\\/uploads\\\/2022\\\/06\\\/Pixie-Goes-to-the-Beach-2.jpg\",\"contentUrl\":\"https:\\\/\\\/craftygenesindonesia.com\\\/wp-content\\\/uploads\\\/2022\\\/06\\\/Pixie-Goes-to-the-Beach-2.jpg\",\"width\":1080,\"height\":1080,\"caption\":\"crochet cat with crochet floatie\"},{\"@type\":\"BreadcrumbList\",\"@id\":\"https:\\\/\\\/craftygenesindonesia.com\\\/fr\\\/shop\\\/animaux\\\/pixie-va-a-la-plage\\\/#breadcrumb\",\"itemListElement\":[{\"@type\":\"ListItem\",\"position\":1,\"name\":\"Home\",\"item\":\"https:\\\/\\\/craftygenesindonesia.com\\\/fr\\\/\"},{\"@type\":\"ListItem\",\"position\":2,\"name\":\"Boutique de mod\u00e8les\",\"item\":\"https:\\\/\\\/craftygenesindonesia.com\\\/fr\\\/boutique\\\/\"},{\"@type\":\"ListItem\",\"position\":3,\"name\":\"Pixie va \u00e0 la plage\"}]},{\"@type\":\"WebSite\",\"@id\":\"https:\\\/\\\/craftygenesindonesia.com\\\/fr\\\/#website\",\"url\":\"https:\\\/\\\/craftygenesindonesia.com\\\/fr\\\/\",\"name\":\"Craftygenesindonesia\",\"description\":\"\",\"publisher\":{\"@id\":\"https:\\\/\\\/craftygenesindonesia.com\\\/fr\\\/#organization\"},\"potentialAction\":[{\"@type\":\"SearchAction\",\"target\":{\"@type\":\"EntryPoint\",\"urlTemplate\":\"https:\\\/\\\/craftygenesindonesia.com\\\/fr\\\/?s={search_term_string}\"},\"query-input\":{\"@type\":\"PropertyValueSpecification\",\"valueRequired\":true,\"valueName\":\"search_term_string\"}}],\"inLanguage\":\"fr-FR\"},{\"@type\":\"Organization\",\"@id\":\"https:\\\/\\\/craftygenesindonesia.com\\\/fr\\\/#organization\",\"name\":\"Craftygenesindonesia\",\"url\":\"https:\\\/\\\/craftygenesindonesia.com\\\/fr\\\/\",\"logo\":{\"@type\":\"ImageObject\",\"inLanguage\":\"fr-FR\",\"@id\":\"https:\\\/\\\/craftygenesindonesia.com\\\/fr\\\/#\\\/schema\\\/logo\\\/image\\\/\",\"url\":\"https:\\\/\\\/craftygenesindonesia.com\\\/wp-content\\\/uploads\\\/2025\\\/11\\\/cropped-Copy-of-Craftygenesindonesia.jpg\",\"contentUrl\":\"https:\\\/\\\/craftygenesindonesia.com\\\/wp-content\\\/uploads\\\/2025\\\/11\\\/cropped-Copy-of-Craftygenesindonesia.jpg\",\"width\":180,\"height\":60,\"caption\":\"Craftygenesindonesia\"},\"image\":{\"@id\":\"https:\\\/\\\/craftygenesindonesia.com\\\/fr\\\/#\\\/schema\\\/logo\\\/image\\\/\"}}]}<\/script>\n<!-- \/ Yoast SEO plugin. -->","yoast_head_json":{"title":"Pixie va \u00e0 la plage mod\u00e8le de crochet - Craftygenesindonesia","description":"Achetez ici mon mod\u00e8le de crochet \u00ab Pixie Va \u00e0 la plage \u00bb. Le mod\u00e8le de crochet est \u00e9galement disponible sur Etsy, Haked.nl, Ravelry, Payhip","robots":{"index":"index","follow":"follow","max-snippet":"max-snippet:-1","max-image-preview":"max-image-preview:large","max-video-preview":"max-video-preview:-1"},"canonical":"https:\/\/craftygenesindonesia.com\/fr\/shop\/animaux\/pixie-va-a-la-plage\/","og_locale":"fr_FR","og_type":"article","og_title":"Mod\u00e8le de crochet Pixie va \u00e0 la plage","og_description":"Achetez ici mon mod\u00e8le de crochet \u00ab Pixie Va \u00e0 la plage \u00bb. Le mod\u00e8le de crochet est \u00e9galement disponible sur Etsy, Haked.nl, Ravelry, Payhip","og_url":"https:\/\/craftygenesindonesia.com\/fr\/shop\/animaux\/pixie-va-a-la-plage\/","og_site_name":"Craftygenesindonesia","article_modified_time":"2025-11-11T21:53:47+00:00","og_image":[{"width":1080,"height":1080,"url":"https:\/\/craftygenesindonesia.com\/wp-content\/uploads\/2022\/06\/Pixie-Goes-to-the-Beach-2.jpg","type":"image\/jpeg"}],"twitter_card":"summary_large_image","twitter_misc":{"Dur\u00e9e de lecture estim\u00e9e":"1 minute"},"schema":{"@context":"https:\/\/schema.org","@graph":[{"@type":"WebPage","@id":"https:\/\/craftygenesindonesia.com\/fr\/shop\/animaux\/pixie-va-a-la-plage\/","url":"https:\/\/craftygenesindonesia.com\/fr\/shop\/animaux\/pixie-va-a-la-plage\/","name":"Pixie va \u00e0 la plage mod\u00e8le de crochet - Craftygenesindonesia","isPartOf":{"@id":"https:\/\/craftygenesindonesia.com\/fr\/#website"},"primaryImageOfPage":{"@id":"https:\/\/craftygenesindonesia.com\/fr\/shop\/animaux\/pixie-va-a-la-plage\/#primaryimage"},"image":{"@id":"https:\/\/craftygenesindonesia.com\/fr\/shop\/animaux\/pixie-va-a-la-plage\/#primaryimage"},"thumbnailUrl":"https:\/\/craftygenesindonesia.com\/wp-content\/uploads\/2022\/06\/Pixie-Goes-to-the-Beach-2.jpg","datePublished":"2022-06-22T12:09:57+00:00","dateModified":"2025-11-11T21:53:47+00:00","description":"Achetez ici mon mod\u00e8le de crochet \u00ab Pixie Va \u00e0 la plage \u00bb. Le mod\u00e8le de crochet est \u00e9galement disponible sur Etsy, Haked.nl, Ravelry, Payhip","breadcrumb":{"@id":"https:\/\/craftygenesindonesia.com\/fr\/shop\/animaux\/pixie-va-a-la-plage\/#breadcrumb"},"inLanguage":"fr-FR","potentialAction":[{"@type":"ReadAction","target":["https:\/\/craftygenesindonesia.com\/fr\/shop\/animaux\/pixie-va-a-la-plage\/"]}]},{"@type":"ImageObject","inLanguage":"fr-FR","@id":"https:\/\/craftygenesindonesia.com\/fr\/shop\/animaux\/pixie-va-a-la-plage\/#primaryimage","url":"https:\/\/craftygenesindonesia.com\/wp-content\/uploads\/2022\/06\/Pixie-Goes-to-the-Beach-2.jpg","contentUrl":"https:\/\/craftygenesindonesia.com\/wp-content\/uploads\/2022\/06\/Pixie-Goes-to-the-Beach-2.jpg","width":1080,"height":1080,"caption":"crochet cat with crochet floatie"},{"@type":"BreadcrumbList","@id":"https:\/\/craftygenesindonesia.com\/fr\/shop\/animaux\/pixie-va-a-la-plage\/#breadcrumb","itemListElement":[{"@type":"ListItem","position":1,"name":"Home","item":"https:\/\/craftygenesindonesia.com\/fr\/"},{"@type":"ListItem","position":2,"name":"Boutique de mod\u00e8les","item":"https:\/\/craftygenesindonesia.com\/fr\/boutique\/"},{"@type":"ListItem","position":3,"name":"Pixie va \u00e0 la plage"}]},{"@type":"WebSite","@id":"https:\/\/craftygenesindonesia.com\/fr\/#website","url":"https:\/\/craftygenesindonesia.com\/fr\/","name":"Craftygenesindonesia","description":"","publisher":{"@id":"https:\/\/craftygenesindonesia.com\/fr\/#organization"},"potentialAction":[{"@type":"SearchAction","target":{"@type":"EntryPoint","urlTemplate":"https:\/\/craftygenesindonesia.com\/fr\/?s={search_term_string}"},"query-input":{"@type":"PropertyValueSpecification","valueRequired":true,"valueName":"search_term_string"}}],"inLanguage":"fr-FR"},{"@type":"Organization","@id":"https:\/\/craftygenesindonesia.com\/fr\/#organization","name":"Craftygenesindonesia","url":"https:\/\/craftygenesindonesia.com\/fr\/","logo":{"@type":"ImageObject","inLanguage":"fr-FR","@id":"https:\/\/craftygenesindonesia.com\/fr\/#\/schema\/logo\/image\/","url":"https:\/\/craftygenesindonesia.com\/wp-content\/uploads\/2025\/11\/cropped-Copy-of-Craftygenesindonesia.jpg","contentUrl":"https:\/\/craftygenesindonesia.com\/wp-content\/uploads\/2025\/11\/cropped-Copy-of-Craftygenesindonesia.jpg","width":180,"height":60,"caption":"Craftygenesindonesia"},"image":{"@id":"https:\/\/craftygenesindonesia.com\/fr\/#\/schema\/logo\/image\/"}}]}},"_links":{"self":[{"href":"https:\/\/craftygenesindonesia.com\/fr\/wp-json\/wp\/v2\/product\/19103","targetHints":{"allow":["GET"]}}],"collection":[{"href":"https:\/\/craftygenesindonesia.com\/fr\/wp-json\/wp\/v2\/product"}],"about":[{"href":"https:\/\/craftygenesindonesia.com\/fr\/wp-json\/wp\/v2\/types\/product"}],"replies":[{"embeddable":true,"href":"https:\/\/craftygenesindonesia.com\/fr\/wp-json\/wp\/v2\/comments?post=19103"}],"wp:featuredmedia":[{"embeddable":true,"href":"https:\/\/craftygenesindonesia.com\/fr\/wp-json\/wp\/v2\/media\/987526010"}],"wp:attachment":[{"href":"https:\/\/craftygenesindonesia.com\/fr\/wp-json\/wp\/v2\/media?parent=19103"}],"wp:term":[{"taxonomy":"product_brand","embeddable":true,"href":"https:\/\/craftygenesindonesia.com\/fr\/wp-json\/wp\/v2\/product_brand?post=19103"},{"taxonomy":"product_cat","embeddable":true,"href":"https:\/\/craftygenesindonesia.com\/fr\/wp-json\/wp\/v2\/product_cat?post=19103"},{"taxonomy":"product_tag","embeddable":true,"href":"https:\/\/craftygenesindonesia.com\/fr\/wp-json\/wp\/v2\/product_tag?post=19103"}],"curies":[{"name":"wp","href":"https:\/\/api.w.org\/{rel}","templated":true}]}}