{"id":19089,"date":"2022-06-21T08:47:42","date_gmt":"2022-06-21T00:47:42","guid":{"rendered":"https:\/\/craftygenesindonesia.com\/?post_type=product&#038;p=19089"},"modified":"2025-11-12T05:59:35","modified_gmt":"2025-11-11T21:59:35","slug":"charlie-charlotte-les-clowns","status":"publish","type":"product","link":"https:\/\/craftygenesindonesia.com\/fr\/shop\/ensembles\/charlie-charlotte-les-clowns\/","title":{"rendered":"Charlie &#038; Charlotte Les clowns"},"content":{"rendered":"<p>FRAN\u00c7AIS :<\/p>\n<p>Taille : Ils mesurent environ 27 cm de haut.<\/p>\n<p>Fil : Ils sont faits avec un fil de poids &#8220;FINGERING&#8221; et un crochet de taille 2mm.<br \/>\nVous aurez besoin des couleurs suivantes : couleur de peau, rouge, violet, vert, bleu, rose, orange, blanc, jaune.<\/p>\n<p>Pour les yeux, j&#8217;ai utilis\u00e9 des yeux de s\u00e9curit\u00e9 paillet\u00e9s de 14 mm (vert Charlie, bleu Charlotte).<\/p>\n<p>Crochet : taille 2mm<\/p>\n<p>Ce mod\u00e8le est un mod\u00e8le \u00e9crit avec beaucoup de photos pour vous aider. Si vous avez encore des questions, envoyez-moi un message \u00e0 : craftygenesindonesia@gmail.com<\/p>\n<p><strong>-Ce mod\u00e8le est destin\u00e9 \u00e0 un usage personnel uniquement et il est prot\u00e9g\u00e9 par un COPYRIGHT. Le mod\u00e8le ne peut donc PAS \u00eatre copi\u00e9, vendu, revendu, traduit, revendiqu\u00e9 comme votre mod\u00e8le, distribu\u00e9, partag\u00e9, publi\u00e9, mis en ligne&#8230; sous quelque forme que ce soit sans mon consentement. M\u00eame pas en partie !!!<\/strong><\/p>\n<p><strong>-Vous pouvez vendre l&#8217;article fini en petites quantit\u00e9s MAIS PAS LE MODELE EN LUI-M\u00caME ! Veuillez mentionner que le mod\u00e8le est de Craftygenesindonesia et o\u00f9 il peut \u00eatre achet\u00e9<\/strong><\/p>\n","protected":false},"excerpt":{"rendered":"<p>Voici un patron facile \u00e0 suivre pour deux magnifiques clowns.\u00a0 Ils font des cadeaux parfaits pour tous les enfants et sont parfaits pour utiliser les restes de fil.<\/p>\n<p>Ils font partie de mon mod\u00e8le de crochet The Clown Trio.\u00a0 Ils sont \u00e9galement disponibles s\u00e9par\u00e9ment sous les noms de <a href=\"https:\/\/craftygenesindonesia.com\/fr\/produit\/charlie-le-clown\/\" target=\"_blank\" rel=\"noopener\">Charlie le clown<\/a> et<a href=\"https:\/\/craftygenesindonesia.com\/fr\/produit\/charlotte-le-clown\/\" target=\"_blank\" rel=\"noopener\"> Charlotte le clown,<\/a><\/p>\n","protected":false},"featured_media":987520276,"comment_status":"open","ping_status":"closed","template":"","meta":{"_acf_changed":false},"product_brand":[],"product_cat":[3649,3663],"product_tag":[10917,11013,11014,12699,10918],"class_list":{"0":"post-19089","1":"product","2":"type-product","3":"status-publish","4":"has-post-thumbnail","6":"product_cat-ensembles","7":"product_cat-poupees-pour-enfants","8":"product_tag-arc","9":"product_tag-clown-fr-2","10":"product_tag-colore-fr","11":"product_tag-hoed","12":"product_tag-noeud-papillon-fr","13":"pa_available_on-craftygenesindonesia","14":"pa_available_on-etsy","15":"pa_available_on-haked-nl","16":"pa_languages-americain","17":"pa_languages-espagnol","18":"pa_languages-francais","19":"pa_languages-neerlandais","21":"first","22":"instock","23":"downloadable","24":"virtual","25":"purchasable","26":"product-type-simple"},"acf":[],"yoast_head":"<!-- This site is optimized with the Yoast SEO plugin v27.4 - https:\/\/yoast.com\/product\/yoast-seo-wordpress\/ -->\n<title>Charlie &amp; Charlotte Les clowns mod\u00e8le de crochet - Craftygenesindonesia<\/title>\n<meta name=\"description\" content=\"Achetez mon mod\u00e8le de crochet &quot;Charlie &amp; Charlotte les clowns&quot; ici. Le mod\u00e8le de crochet facile \u00e0 suivre est \u00e9galement disponible sur Haked et Etsy.\" \/>\n<meta name=\"robots\" content=\"index, follow, max-snippet:-1, max-image-preview:large, max-video-preview:-1\" \/>\n<link rel=\"canonical\" href=\"https:\/\/craftygenesindonesia.com\/fr\/shop\/ensembles\/charlie-charlotte-les-clowns\/\" \/>\n<meta property=\"og:locale\" content=\"fr_FR\" \/>\n<meta property=\"og:type\" content=\"article\" \/>\n<meta property=\"og:title\" content=\"mod\u00e8le de crochet &quot;Charlie &amp; Charlotte les clowns&quot;\" \/>\n<meta property=\"og:description\" content=\"Achetez mon mod\u00e8le de crochet &quot;Charlie &amp; Charlotte les clowns&quot; ici. Le mod\u00e8le de crochet facile \u00e0 suivre est \u00e9galement disponible sur Haked et Etsy.\" \/>\n<meta property=\"og:url\" content=\"https:\/\/craftygenesindonesia.com\/fr\/shop\/ensembles\/charlie-charlotte-les-clowns\/\" \/>\n<meta property=\"og:site_name\" content=\"Craftygenesindonesia\" \/>\n<meta property=\"article:modified_time\" content=\"2025-11-11T21:59:35+00:00\" \/>\n<meta property=\"og:image\" content=\"https:\/\/craftygenesindonesia.com\/wp-content\/uploads\/2022\/06\/Charlie-and-Charlotte-the-Clowns.jpg\" \/>\n\t<meta property=\"og:image:width\" content=\"1080\" \/>\n\t<meta property=\"og:image:height\" content=\"1080\" \/>\n\t<meta property=\"og:image:type\" content=\"image\/jpeg\" \/>\n<meta name=\"twitter:card\" content=\"summary_large_image\" \/>\n<meta name=\"twitter:label1\" content=\"Dur\u00e9e de lecture estim\u00e9e\" \/>\n\t<meta name=\"twitter:data1\" content=\"1 minute\" \/>\n<script type=\"application\/ld+json\" class=\"yoast-schema-graph\">{\"@context\":\"https:\\\/\\\/schema.org\",\"@graph\":[{\"@type\":\"WebPage\",\"@id\":\"https:\\\/\\\/craftygenesindonesia.com\\\/fr\\\/shop\\\/ensembles\\\/charlie-charlotte-les-clowns\\\/\",\"url\":\"https:\\\/\\\/craftygenesindonesia.com\\\/fr\\\/shop\\\/ensembles\\\/charlie-charlotte-les-clowns\\\/\",\"name\":\"Charlie & Charlotte Les clowns mod\u00e8le de crochet - Craftygenesindonesia\",\"isPartOf\":{\"@id\":\"https:\\\/\\\/craftygenesindonesia.com\\\/fr\\\/#website\"},\"primaryImageOfPage\":{\"@id\":\"https:\\\/\\\/craftygenesindonesia.com\\\/fr\\\/shop\\\/ensembles\\\/charlie-charlotte-les-clowns\\\/#primaryimage\"},\"image\":{\"@id\":\"https:\\\/\\\/craftygenesindonesia.com\\\/fr\\\/shop\\\/ensembles\\\/charlie-charlotte-les-clowns\\\/#primaryimage\"},\"thumbnailUrl\":\"https:\\\/\\\/craftygenesindonesia.com\\\/wp-content\\\/uploads\\\/2022\\\/06\\\/Charlie-and-Charlotte-the-Clowns-1.jpg\",\"datePublished\":\"2022-06-21T00:47:42+00:00\",\"dateModified\":\"2025-11-11T21:59:35+00:00\",\"description\":\"Achetez mon mod\u00e8le de crochet \\\"Charlie & Charlotte les clowns\\\" ici. Le mod\u00e8le de crochet facile \u00e0 suivre est \u00e9galement disponible sur Haked et Etsy.\",\"breadcrumb\":{\"@id\":\"https:\\\/\\\/craftygenesindonesia.com\\\/fr\\\/shop\\\/ensembles\\\/charlie-charlotte-les-clowns\\\/#breadcrumb\"},\"inLanguage\":\"fr-FR\",\"potentialAction\":[{\"@type\":\"ReadAction\",\"target\":[\"https:\\\/\\\/craftygenesindonesia.com\\\/fr\\\/shop\\\/ensembles\\\/charlie-charlotte-les-clowns\\\/\"]}]},{\"@type\":\"ImageObject\",\"inLanguage\":\"fr-FR\",\"@id\":\"https:\\\/\\\/craftygenesindonesia.com\\\/fr\\\/shop\\\/ensembles\\\/charlie-charlotte-les-clowns\\\/#primaryimage\",\"url\":\"https:\\\/\\\/craftygenesindonesia.com\\\/wp-content\\\/uploads\\\/2022\\\/06\\\/Charlie-and-Charlotte-the-Clowns-1.jpg\",\"contentUrl\":\"https:\\\/\\\/craftygenesindonesia.com\\\/wp-content\\\/uploads\\\/2022\\\/06\\\/Charlie-and-Charlotte-the-Clowns-1.jpg\",\"width\":1080,\"height\":1080,\"caption\":\"crochet clowns\"},{\"@type\":\"BreadcrumbList\",\"@id\":\"https:\\\/\\\/craftygenesindonesia.com\\\/fr\\\/shop\\\/ensembles\\\/charlie-charlotte-les-clowns\\\/#breadcrumb\",\"itemListElement\":[{\"@type\":\"ListItem\",\"position\":1,\"name\":\"Home\",\"item\":\"https:\\\/\\\/craftygenesindonesia.com\\\/fr\\\/\"},{\"@type\":\"ListItem\",\"position\":2,\"name\":\"Boutique de mod\u00e8les\",\"item\":\"https:\\\/\\\/craftygenesindonesia.com\\\/fr\\\/boutique\\\/\"},{\"@type\":\"ListItem\",\"position\":3,\"name\":\"Charlie &#038; Charlotte Les clowns\"}]},{\"@type\":\"WebSite\",\"@id\":\"https:\\\/\\\/craftygenesindonesia.com\\\/fr\\\/#website\",\"url\":\"https:\\\/\\\/craftygenesindonesia.com\\\/fr\\\/\",\"name\":\"Craftygenesindonesia\",\"description\":\"\",\"publisher\":{\"@id\":\"https:\\\/\\\/craftygenesindonesia.com\\\/fr\\\/#organization\"},\"potentialAction\":[{\"@type\":\"SearchAction\",\"target\":{\"@type\":\"EntryPoint\",\"urlTemplate\":\"https:\\\/\\\/craftygenesindonesia.com\\\/fr\\\/?s={search_term_string}\"},\"query-input\":{\"@type\":\"PropertyValueSpecification\",\"valueRequired\":true,\"valueName\":\"search_term_string\"}}],\"inLanguage\":\"fr-FR\"},{\"@type\":\"Organization\",\"@id\":\"https:\\\/\\\/craftygenesindonesia.com\\\/fr\\\/#organization\",\"name\":\"Craftygenesindonesia\",\"url\":\"https:\\\/\\\/craftygenesindonesia.com\\\/fr\\\/\",\"logo\":{\"@type\":\"ImageObject\",\"inLanguage\":\"fr-FR\",\"@id\":\"https:\\\/\\\/craftygenesindonesia.com\\\/fr\\\/#\\\/schema\\\/logo\\\/image\\\/\",\"url\":\"https:\\\/\\\/craftygenesindonesia.com\\\/wp-content\\\/uploads\\\/2025\\\/11\\\/cropped-Copy-of-Craftygenesindonesia.jpg\",\"contentUrl\":\"https:\\\/\\\/craftygenesindonesia.com\\\/wp-content\\\/uploads\\\/2025\\\/11\\\/cropped-Copy-of-Craftygenesindonesia.jpg\",\"width\":180,\"height\":60,\"caption\":\"Craftygenesindonesia\"},\"image\":{\"@id\":\"https:\\\/\\\/craftygenesindonesia.com\\\/fr\\\/#\\\/schema\\\/logo\\\/image\\\/\"}}]}<\/script>\n<!-- \/ Yoast SEO plugin. -->","yoast_head_json":{"title":"Charlie & Charlotte Les clowns mod\u00e8le de crochet - Craftygenesindonesia","description":"Achetez mon mod\u00e8le de crochet \"Charlie & Charlotte les clowns\" ici. Le mod\u00e8le de crochet facile \u00e0 suivre est \u00e9galement disponible sur Haked et Etsy.","robots":{"index":"index","follow":"follow","max-snippet":"max-snippet:-1","max-image-preview":"max-image-preview:large","max-video-preview":"max-video-preview:-1"},"canonical":"https:\/\/craftygenesindonesia.com\/fr\/shop\/ensembles\/charlie-charlotte-les-clowns\/","og_locale":"fr_FR","og_type":"article","og_title":"mod\u00e8le de crochet \"Charlie & Charlotte les clowns\"","og_description":"Achetez mon mod\u00e8le de crochet \"Charlie & Charlotte les clowns\" ici. Le mod\u00e8le de crochet facile \u00e0 suivre est \u00e9galement disponible sur Haked et Etsy.","og_url":"https:\/\/craftygenesindonesia.com\/fr\/shop\/ensembles\/charlie-charlotte-les-clowns\/","og_site_name":"Craftygenesindonesia","article_modified_time":"2025-11-11T21:59:35+00:00","og_image":[{"width":1080,"height":1080,"url":"https:\/\/craftygenesindonesia.com\/wp-content\/uploads\/2022\/06\/Charlie-and-Charlotte-the-Clowns.jpg","type":"image\/jpeg"}],"twitter_card":"summary_large_image","twitter_misc":{"Dur\u00e9e de lecture estim\u00e9e":"1 minute"},"schema":{"@context":"https:\/\/schema.org","@graph":[{"@type":"WebPage","@id":"https:\/\/craftygenesindonesia.com\/fr\/shop\/ensembles\/charlie-charlotte-les-clowns\/","url":"https:\/\/craftygenesindonesia.com\/fr\/shop\/ensembles\/charlie-charlotte-les-clowns\/","name":"Charlie & Charlotte Les clowns mod\u00e8le de crochet - Craftygenesindonesia","isPartOf":{"@id":"https:\/\/craftygenesindonesia.com\/fr\/#website"},"primaryImageOfPage":{"@id":"https:\/\/craftygenesindonesia.com\/fr\/shop\/ensembles\/charlie-charlotte-les-clowns\/#primaryimage"},"image":{"@id":"https:\/\/craftygenesindonesia.com\/fr\/shop\/ensembles\/charlie-charlotte-les-clowns\/#primaryimage"},"thumbnailUrl":"https:\/\/craftygenesindonesia.com\/wp-content\/uploads\/2022\/06\/Charlie-and-Charlotte-the-Clowns-1.jpg","datePublished":"2022-06-21T00:47:42+00:00","dateModified":"2025-11-11T21:59:35+00:00","description":"Achetez mon mod\u00e8le de crochet \"Charlie & Charlotte les clowns\" ici. Le mod\u00e8le de crochet facile \u00e0 suivre est \u00e9galement disponible sur Haked et Etsy.","breadcrumb":{"@id":"https:\/\/craftygenesindonesia.com\/fr\/shop\/ensembles\/charlie-charlotte-les-clowns\/#breadcrumb"},"inLanguage":"fr-FR","potentialAction":[{"@type":"ReadAction","target":["https:\/\/craftygenesindonesia.com\/fr\/shop\/ensembles\/charlie-charlotte-les-clowns\/"]}]},{"@type":"ImageObject","inLanguage":"fr-FR","@id":"https:\/\/craftygenesindonesia.com\/fr\/shop\/ensembles\/charlie-charlotte-les-clowns\/#primaryimage","url":"https:\/\/craftygenesindonesia.com\/wp-content\/uploads\/2022\/06\/Charlie-and-Charlotte-the-Clowns-1.jpg","contentUrl":"https:\/\/craftygenesindonesia.com\/wp-content\/uploads\/2022\/06\/Charlie-and-Charlotte-the-Clowns-1.jpg","width":1080,"height":1080,"caption":"crochet clowns"},{"@type":"BreadcrumbList","@id":"https:\/\/craftygenesindonesia.com\/fr\/shop\/ensembles\/charlie-charlotte-les-clowns\/#breadcrumb","itemListElement":[{"@type":"ListItem","position":1,"name":"Home","item":"https:\/\/craftygenesindonesia.com\/fr\/"},{"@type":"ListItem","position":2,"name":"Boutique de mod\u00e8les","item":"https:\/\/craftygenesindonesia.com\/fr\/boutique\/"},{"@type":"ListItem","position":3,"name":"Charlie &#038; Charlotte Les clowns"}]},{"@type":"WebSite","@id":"https:\/\/craftygenesindonesia.com\/fr\/#website","url":"https:\/\/craftygenesindonesia.com\/fr\/","name":"Craftygenesindonesia","description":"","publisher":{"@id":"https:\/\/craftygenesindonesia.com\/fr\/#organization"},"potentialAction":[{"@type":"SearchAction","target":{"@type":"EntryPoint","urlTemplate":"https:\/\/craftygenesindonesia.com\/fr\/?s={search_term_string}"},"query-input":{"@type":"PropertyValueSpecification","valueRequired":true,"valueName":"search_term_string"}}],"inLanguage":"fr-FR"},{"@type":"Organization","@id":"https:\/\/craftygenesindonesia.com\/fr\/#organization","name":"Craftygenesindonesia","url":"https:\/\/craftygenesindonesia.com\/fr\/","logo":{"@type":"ImageObject","inLanguage":"fr-FR","@id":"https:\/\/craftygenesindonesia.com\/fr\/#\/schema\/logo\/image\/","url":"https:\/\/craftygenesindonesia.com\/wp-content\/uploads\/2025\/11\/cropped-Copy-of-Craftygenesindonesia.jpg","contentUrl":"https:\/\/craftygenesindonesia.com\/wp-content\/uploads\/2025\/11\/cropped-Copy-of-Craftygenesindonesia.jpg","width":180,"height":60,"caption":"Craftygenesindonesia"},"image":{"@id":"https:\/\/craftygenesindonesia.com\/fr\/#\/schema\/logo\/image\/"}}]}},"_links":{"self":[{"href":"https:\/\/craftygenesindonesia.com\/fr\/wp-json\/wp\/v2\/product\/19089","targetHints":{"allow":["GET"]}}],"collection":[{"href":"https:\/\/craftygenesindonesia.com\/fr\/wp-json\/wp\/v2\/product"}],"about":[{"href":"https:\/\/craftygenesindonesia.com\/fr\/wp-json\/wp\/v2\/types\/product"}],"replies":[{"embeddable":true,"href":"https:\/\/craftygenesindonesia.com\/fr\/wp-json\/wp\/v2\/comments?post=19089"}],"wp:featuredmedia":[{"embeddable":true,"href":"https:\/\/craftygenesindonesia.com\/fr\/wp-json\/wp\/v2\/media\/987520276"}],"wp:attachment":[{"href":"https:\/\/craftygenesindonesia.com\/fr\/wp-json\/wp\/v2\/media?parent=19089"}],"wp:term":[{"taxonomy":"product_brand","embeddable":true,"href":"https:\/\/craftygenesindonesia.com\/fr\/wp-json\/wp\/v2\/product_brand?post=19089"},{"taxonomy":"product_cat","embeddable":true,"href":"https:\/\/craftygenesindonesia.com\/fr\/wp-json\/wp\/v2\/product_cat?post=19089"},{"taxonomy":"product_tag","embeddable":true,"href":"https:\/\/craftygenesindonesia.com\/fr\/wp-json\/wp\/v2\/product_tag?post=19089"}],"curies":[{"name":"wp","href":"https:\/\/api.w.org\/{rel}","templated":true}]}}