{"id":19069,"date":"2022-06-21T06:00:33","date_gmt":"2022-06-20T22:00:33","guid":{"rendered":"https:\/\/craftygenesindonesia.com\/?post_type=product&#038;p=19069"},"modified":"2025-11-12T09:04:08","modified_gmt":"2025-11-12T01:04:08","slug":"rosalie-3en1","status":"publish","type":"product","link":"https:\/\/craftygenesindonesia.com\/fr\/shop\/anges\/rosalie-3en1\/","title":{"rendered":"Rosalie 3en1"},"content":{"rendered":"<p>Voici l\u2019adorable Rosalie. Elle peut \u00eatre une fille de premi\u00e8re communion, une fille des fleurs et un ange.<\/p>\n<p>Taille : Elle mesure 17 cm de haut. Cela inclut la plateforme sur laquelle elle se tient.<\/p>\n<p>Fil : Elle est faite avec un fil de poids \u00ab FINGERING \u00bb et un crochet de taille 2mm.<\/p>\n<p>J\u2019ai aussi utilis\u00e9 des perles argent\u00e9es, du fil de fer, des pierres pr\u00e9cieuses, un cure-pipe argent\u00e9 et un peu de tulle.<br \/>\nElle tient dans ses mains un petit chapelet (fait de petites perles et d\u2019une croix)\/des clochettes\/une rose.<\/p>\n<p>Crochet : taille 2mm<\/p>\n<p>Ce mod\u00e8le est un mod\u00e8le \u00e9crit avec beaucoup de photos pour vous aider. Si vous avez des questions, envoyez-moi un message \u00e0 :\u00a0<a href=\"mailto:craftygenesindonesia@gmail.com\">craftygenesindonesia@gmail.com<\/a><\/p>\n<p><strong>-Ce mod\u00e8le est r\u00e9serv\u00e9 \u00e0 un usage personnel et est prot\u00e9g\u00e9 par un COPYRIGHT. Par cons\u00e9quent, le mod\u00e8le ne peut PAS \u00eatre copi\u00e9, vendu, revendu, traduit, revendiqu\u00e9 comme votre mod\u00e8le, distribu\u00e9, partag\u00e9, publi\u00e9, mis en ligne sous quelque forme que ce soit sans ma permission. M\u00eame pas en partie !!!<\/strong><\/p>\n<p><strong>-Vous pouvez vendre le produit fini en petites quantit\u00e9s, MAIS PAS LE MODELE EN LUI-M\u00caME ! Mentionnez que le mod\u00e8le provient de Craftygenesindonesia et indiquez o\u00f9 vous pouvez l\u2019acheter<\/strong><\/p>\n","protected":false},"excerpt":{"rendered":"<p>Il s&#8217;agit d&#8217;un mod\u00e8le de crochet 3 en 1 facile \u00e0 suivre pour une fille de premi\u00e8re communion, une demoiselle d&#8217;honneur et un ange.<\/p>\n","protected":false},"featured_media":987520585,"comment_status":"open","ping_status":"closed","template":"","meta":{"_acf_changed":false},"product_brand":[],"product_cat":[3641,3655,3653],"product_tag":[11149,12779,10935,10677,12703,10676,11434,12776],"class_list":{"0":"post-19069","1":"product","2":"type-product","3":"status-publish","4":"has-post-thumbnail","6":"product_cat-anges","7":"product_cat-mesdames-et-messieurs","8":"product_cat-noel","9":"product_tag-bouquetiere","10":"product_tag-christmas-angel-fr","11":"product_tag-demoiselle-dhonneur-fr","12":"product_tag-fille-de-la-premiere-communion","13":"product_tag-meisje","14":"product_tag-premiere-communion-fr","15":"product_tag-rose-fr","16":"product_tag-wings-fr","17":"pa_available_on-craftygenesindonesia","18":"pa_available_on-etsy","19":"pa_available_on-haked-nl","20":"pa_available_on-payhip","21":"pa_available_on-ravelry","22":"pa_languages-americain","23":"pa_languages-espagnol","24":"pa_languages-francais","25":"pa_languages-neerlandais","27":"first","28":"instock","29":"downloadable","30":"virtual","31":"purchasable","32":"product-type-simple"},"acf":[],"yoast_head":"<!-- This site is optimized with the Yoast SEO plugin v27.4 - https:\/\/yoast.com\/product\/yoast-seo-wordpress\/ -->\n<title>Rosalie 3en1 mod\u00e8le de crochet - Craftygenesindonesia<\/title>\n<meta name=\"description\" content=\"Commandez mon mod\u00e8le de crochet 3en1 &quot;Rosalie&quot; ici. Vous trouverez \u00e9galement des liens vers le mod\u00e8le sur Haked.nl, Etsy et Ravelry.\" \/>\n<meta name=\"robots\" content=\"index, follow, max-snippet:-1, max-image-preview:large, max-video-preview:-1\" \/>\n<link rel=\"canonical\" href=\"https:\/\/craftygenesindonesia.com\/fr\/shop\/anges\/rosalie-3en1\/\" \/>\n<meta property=\"og:locale\" content=\"fr_FR\" \/>\n<meta property=\"og:type\" content=\"article\" \/>\n<meta property=\"og:title\" content=\"Mod\u00e8le de crochet de Rosalie\" \/>\n<meta property=\"og:description\" content=\"Commandez mon mod\u00e8le de crochet 3en1 &quot;Rosalie&quot; ici. Vous trouverez \u00e9galement des liens vers le mod\u00e8le sur Haked.nl, Etsy et Ravelry.\" \/>\n<meta property=\"og:url\" content=\"https:\/\/craftygenesindonesia.com\/fr\/shop\/anges\/rosalie-3en1\/\" \/>\n<meta property=\"og:site_name\" content=\"Craftygenesindonesia\" \/>\n<meta property=\"article:modified_time\" content=\"2025-11-12T01:04:08+00:00\" \/>\n<meta property=\"og:image\" content=\"https:\/\/craftygenesindonesia.com\/wp-content\/uploads\/2022\/06\/Rosalie.jpg\" \/>\n\t<meta property=\"og:image:width\" content=\"1080\" \/>\n\t<meta property=\"og:image:height\" content=\"1080\" \/>\n\t<meta property=\"og:image:type\" content=\"image\/jpeg\" \/>\n<meta name=\"twitter:card\" content=\"summary_large_image\" \/>\n<meta name=\"twitter:label1\" content=\"Dur\u00e9e de lecture estim\u00e9e\" \/>\n\t<meta name=\"twitter:data1\" content=\"2 minutes\" \/>\n<script type=\"application\/ld+json\" class=\"yoast-schema-graph\">{\"@context\":\"https:\\\/\\\/schema.org\",\"@graph\":[{\"@type\":\"WebPage\",\"@id\":\"https:\\\/\\\/craftygenesindonesia.com\\\/fr\\\/shop\\\/anges\\\/rosalie-3en1\\\/\",\"url\":\"https:\\\/\\\/craftygenesindonesia.com\\\/fr\\\/shop\\\/anges\\\/rosalie-3en1\\\/\",\"name\":\"Rosalie 3en1 mod\u00e8le de crochet - Craftygenesindonesia\",\"isPartOf\":{\"@id\":\"https:\\\/\\\/craftygenesindonesia.com\\\/fr\\\/#website\"},\"primaryImageOfPage\":{\"@id\":\"https:\\\/\\\/craftygenesindonesia.com\\\/fr\\\/shop\\\/anges\\\/rosalie-3en1\\\/#primaryimage\"},\"image\":{\"@id\":\"https:\\\/\\\/craftygenesindonesia.com\\\/fr\\\/shop\\\/anges\\\/rosalie-3en1\\\/#primaryimage\"},\"thumbnailUrl\":\"https:\\\/\\\/craftygenesindonesia.com\\\/wp-content\\\/uploads\\\/2022\\\/06\\\/Rosalie.jpg\",\"datePublished\":\"2022-06-20T22:00:33+00:00\",\"dateModified\":\"2025-11-12T01:04:08+00:00\",\"description\":\"Commandez mon mod\u00e8le de crochet 3en1 \\\"Rosalie\\\" ici. Vous trouverez \u00e9galement des liens vers le mod\u00e8le sur Haked.nl, Etsy et Ravelry.\",\"breadcrumb\":{\"@id\":\"https:\\\/\\\/craftygenesindonesia.com\\\/fr\\\/shop\\\/anges\\\/rosalie-3en1\\\/#breadcrumb\"},\"inLanguage\":\"fr-FR\",\"potentialAction\":[{\"@type\":\"ReadAction\",\"target\":[\"https:\\\/\\\/craftygenesindonesia.com\\\/fr\\\/shop\\\/anges\\\/rosalie-3en1\\\/\"]}]},{\"@type\":\"ImageObject\",\"inLanguage\":\"fr-FR\",\"@id\":\"https:\\\/\\\/craftygenesindonesia.com\\\/fr\\\/shop\\\/anges\\\/rosalie-3en1\\\/#primaryimage\",\"url\":\"https:\\\/\\\/craftygenesindonesia.com\\\/wp-content\\\/uploads\\\/2022\\\/06\\\/Rosalie.jpg\",\"contentUrl\":\"https:\\\/\\\/craftygenesindonesia.com\\\/wp-content\\\/uploads\\\/2022\\\/06\\\/Rosalie.jpg\",\"width\":1080,\"height\":1080,\"caption\":\"crochet flower girl, angel, First Communion girl\"},{\"@type\":\"BreadcrumbList\",\"@id\":\"https:\\\/\\\/craftygenesindonesia.com\\\/fr\\\/shop\\\/anges\\\/rosalie-3en1\\\/#breadcrumb\",\"itemListElement\":[{\"@type\":\"ListItem\",\"position\":1,\"name\":\"Home\",\"item\":\"https:\\\/\\\/craftygenesindonesia.com\\\/fr\\\/\"},{\"@type\":\"ListItem\",\"position\":2,\"name\":\"Boutique de mod\u00e8les\",\"item\":\"https:\\\/\\\/craftygenesindonesia.com\\\/fr\\\/boutique\\\/\"},{\"@type\":\"ListItem\",\"position\":3,\"name\":\"Rosalie 3en1\"}]},{\"@type\":\"WebSite\",\"@id\":\"https:\\\/\\\/craftygenesindonesia.com\\\/fr\\\/#website\",\"url\":\"https:\\\/\\\/craftygenesindonesia.com\\\/fr\\\/\",\"name\":\"Craftygenesindonesia\",\"description\":\"\",\"publisher\":{\"@id\":\"https:\\\/\\\/craftygenesindonesia.com\\\/fr\\\/#organization\"},\"potentialAction\":[{\"@type\":\"SearchAction\",\"target\":{\"@type\":\"EntryPoint\",\"urlTemplate\":\"https:\\\/\\\/craftygenesindonesia.com\\\/fr\\\/?s={search_term_string}\"},\"query-input\":{\"@type\":\"PropertyValueSpecification\",\"valueRequired\":true,\"valueName\":\"search_term_string\"}}],\"inLanguage\":\"fr-FR\"},{\"@type\":\"Organization\",\"@id\":\"https:\\\/\\\/craftygenesindonesia.com\\\/fr\\\/#organization\",\"name\":\"Craftygenesindonesia\",\"url\":\"https:\\\/\\\/craftygenesindonesia.com\\\/fr\\\/\",\"logo\":{\"@type\":\"ImageObject\",\"inLanguage\":\"fr-FR\",\"@id\":\"https:\\\/\\\/craftygenesindonesia.com\\\/fr\\\/#\\\/schema\\\/logo\\\/image\\\/\",\"url\":\"https:\\\/\\\/craftygenesindonesia.com\\\/wp-content\\\/uploads\\\/2025\\\/11\\\/cropped-Copy-of-Craftygenesindonesia.jpg\",\"contentUrl\":\"https:\\\/\\\/craftygenesindonesia.com\\\/wp-content\\\/uploads\\\/2025\\\/11\\\/cropped-Copy-of-Craftygenesindonesia.jpg\",\"width\":180,\"height\":60,\"caption\":\"Craftygenesindonesia\"},\"image\":{\"@id\":\"https:\\\/\\\/craftygenesindonesia.com\\\/fr\\\/#\\\/schema\\\/logo\\\/image\\\/\"}}]}<\/script>\n<!-- \/ Yoast SEO plugin. -->","yoast_head_json":{"title":"Rosalie 3en1 mod\u00e8le de crochet - Craftygenesindonesia","description":"Commandez mon mod\u00e8le de crochet 3en1 \"Rosalie\" ici. Vous trouverez \u00e9galement des liens vers le mod\u00e8le sur Haked.nl, Etsy et Ravelry.","robots":{"index":"index","follow":"follow","max-snippet":"max-snippet:-1","max-image-preview":"max-image-preview:large","max-video-preview":"max-video-preview:-1"},"canonical":"https:\/\/craftygenesindonesia.com\/fr\/shop\/anges\/rosalie-3en1\/","og_locale":"fr_FR","og_type":"article","og_title":"Mod\u00e8le de crochet de Rosalie","og_description":"Commandez mon mod\u00e8le de crochet 3en1 \"Rosalie\" ici. Vous trouverez \u00e9galement des liens vers le mod\u00e8le sur Haked.nl, Etsy et Ravelry.","og_url":"https:\/\/craftygenesindonesia.com\/fr\/shop\/anges\/rosalie-3en1\/","og_site_name":"Craftygenesindonesia","article_modified_time":"2025-11-12T01:04:08+00:00","og_image":[{"width":1080,"height":1080,"url":"https:\/\/craftygenesindonesia.com\/wp-content\/uploads\/2022\/06\/Rosalie.jpg","type":"image\/jpeg"}],"twitter_card":"summary_large_image","twitter_misc":{"Dur\u00e9e de lecture estim\u00e9e":"2 minutes"},"schema":{"@context":"https:\/\/schema.org","@graph":[{"@type":"WebPage","@id":"https:\/\/craftygenesindonesia.com\/fr\/shop\/anges\/rosalie-3en1\/","url":"https:\/\/craftygenesindonesia.com\/fr\/shop\/anges\/rosalie-3en1\/","name":"Rosalie 3en1 mod\u00e8le de crochet - Craftygenesindonesia","isPartOf":{"@id":"https:\/\/craftygenesindonesia.com\/fr\/#website"},"primaryImageOfPage":{"@id":"https:\/\/craftygenesindonesia.com\/fr\/shop\/anges\/rosalie-3en1\/#primaryimage"},"image":{"@id":"https:\/\/craftygenesindonesia.com\/fr\/shop\/anges\/rosalie-3en1\/#primaryimage"},"thumbnailUrl":"https:\/\/craftygenesindonesia.com\/wp-content\/uploads\/2022\/06\/Rosalie.jpg","datePublished":"2022-06-20T22:00:33+00:00","dateModified":"2025-11-12T01:04:08+00:00","description":"Commandez mon mod\u00e8le de crochet 3en1 \"Rosalie\" ici. Vous trouverez \u00e9galement des liens vers le mod\u00e8le sur Haked.nl, Etsy et Ravelry.","breadcrumb":{"@id":"https:\/\/craftygenesindonesia.com\/fr\/shop\/anges\/rosalie-3en1\/#breadcrumb"},"inLanguage":"fr-FR","potentialAction":[{"@type":"ReadAction","target":["https:\/\/craftygenesindonesia.com\/fr\/shop\/anges\/rosalie-3en1\/"]}]},{"@type":"ImageObject","inLanguage":"fr-FR","@id":"https:\/\/craftygenesindonesia.com\/fr\/shop\/anges\/rosalie-3en1\/#primaryimage","url":"https:\/\/craftygenesindonesia.com\/wp-content\/uploads\/2022\/06\/Rosalie.jpg","contentUrl":"https:\/\/craftygenesindonesia.com\/wp-content\/uploads\/2022\/06\/Rosalie.jpg","width":1080,"height":1080,"caption":"crochet flower girl, angel, First Communion girl"},{"@type":"BreadcrumbList","@id":"https:\/\/craftygenesindonesia.com\/fr\/shop\/anges\/rosalie-3en1\/#breadcrumb","itemListElement":[{"@type":"ListItem","position":1,"name":"Home","item":"https:\/\/craftygenesindonesia.com\/fr\/"},{"@type":"ListItem","position":2,"name":"Boutique de mod\u00e8les","item":"https:\/\/craftygenesindonesia.com\/fr\/boutique\/"},{"@type":"ListItem","position":3,"name":"Rosalie 3en1"}]},{"@type":"WebSite","@id":"https:\/\/craftygenesindonesia.com\/fr\/#website","url":"https:\/\/craftygenesindonesia.com\/fr\/","name":"Craftygenesindonesia","description":"","publisher":{"@id":"https:\/\/craftygenesindonesia.com\/fr\/#organization"},"potentialAction":[{"@type":"SearchAction","target":{"@type":"EntryPoint","urlTemplate":"https:\/\/craftygenesindonesia.com\/fr\/?s={search_term_string}"},"query-input":{"@type":"PropertyValueSpecification","valueRequired":true,"valueName":"search_term_string"}}],"inLanguage":"fr-FR"},{"@type":"Organization","@id":"https:\/\/craftygenesindonesia.com\/fr\/#organization","name":"Craftygenesindonesia","url":"https:\/\/craftygenesindonesia.com\/fr\/","logo":{"@type":"ImageObject","inLanguage":"fr-FR","@id":"https:\/\/craftygenesindonesia.com\/fr\/#\/schema\/logo\/image\/","url":"https:\/\/craftygenesindonesia.com\/wp-content\/uploads\/2025\/11\/cropped-Copy-of-Craftygenesindonesia.jpg","contentUrl":"https:\/\/craftygenesindonesia.com\/wp-content\/uploads\/2025\/11\/cropped-Copy-of-Craftygenesindonesia.jpg","width":180,"height":60,"caption":"Craftygenesindonesia"},"image":{"@id":"https:\/\/craftygenesindonesia.com\/fr\/#\/schema\/logo\/image\/"}}]}},"_links":{"self":[{"href":"https:\/\/craftygenesindonesia.com\/fr\/wp-json\/wp\/v2\/product\/19069","targetHints":{"allow":["GET"]}}],"collection":[{"href":"https:\/\/craftygenesindonesia.com\/fr\/wp-json\/wp\/v2\/product"}],"about":[{"href":"https:\/\/craftygenesindonesia.com\/fr\/wp-json\/wp\/v2\/types\/product"}],"replies":[{"embeddable":true,"href":"https:\/\/craftygenesindonesia.com\/fr\/wp-json\/wp\/v2\/comments?post=19069"}],"wp:featuredmedia":[{"embeddable":true,"href":"https:\/\/craftygenesindonesia.com\/fr\/wp-json\/wp\/v2\/media\/987520585"}],"wp:attachment":[{"href":"https:\/\/craftygenesindonesia.com\/fr\/wp-json\/wp\/v2\/media?parent=19069"}],"wp:term":[{"taxonomy":"product_brand","embeddable":true,"href":"https:\/\/craftygenesindonesia.com\/fr\/wp-json\/wp\/v2\/product_brand?post=19069"},{"taxonomy":"product_cat","embeddable":true,"href":"https:\/\/craftygenesindonesia.com\/fr\/wp-json\/wp\/v2\/product_cat?post=19069"},{"taxonomy":"product_tag","embeddable":true,"href":"https:\/\/craftygenesindonesia.com\/fr\/wp-json\/wp\/v2\/product_tag?post=19069"}],"curies":[{"name":"wp","href":"https:\/\/api.w.org\/{rel}","templated":true}]}}