{"id":19038,"date":"2022-06-11T10:30:26","date_gmt":"2022-06-11T02:30:26","guid":{"rendered":"https:\/\/craftygenesindonesia.com\/?post_type=product&#038;p=19038"},"modified":"2025-11-12T10:39:49","modified_gmt":"2025-11-12T02:39:49","slug":"reine-elizabeth-ii-elizabeth-windsor","status":"publish","type":"product","link":"https:\/\/craftygenesindonesia.com\/fr\/shop\/mesdames-et-messieurs\/reine-elizabeth-ii-elizabeth-windsor\/","title":{"rendered":"Reine Elizabeth II (Elizabeth Windsor)"},"content":{"rendered":"<p>Taille : Elle mesure 17 cm (6,8&#8243;). Cela inclut la plateforme sur laquelle elle se tient et son chapeau.<\/p>\n<p>Elle a \u00e9t\u00e9 r\u00e9alis\u00e9e avec un fil de poids \u00ab FINGERING \u00bb et un crochet de taille 2mm.<\/p>\n<p>J&#8217;ai utilis\u00e9 des yeux de s\u00e9curit\u00e9 de 5 mm pour les yeux.<\/p>\n<p>Crochet : taille 2mm.<\/p>\n<p>Ce mod\u00e8le comprend un patron \u00e9crit et de nombreuses photos pour vous aider.<br \/>\nSi vous avez des probl\u00e8mes de compr\u00e9hension, n&#8217;h\u00e9sitez pas \u00e0 m&#8217;envoyer un message \u00e0 l&#8217;adresse suivante : craftygenesindonesia@gmail.com<\/p>\n<p><strong>-Ce mod\u00e8le est destin\u00e9 \u00e0 un usage personnel et il est prot\u00e9g\u00e9 par un COPYRIGHT. Il ne peut donc \u00eatre copi\u00e9, vendu, revendu, traduit, revendiqu\u00e9 comme votre mod\u00e8le, distribu\u00e9, partag\u00e9, publi\u00e9, mis en ligne&#8230; sous quelque forme que ce soit sans mon consentement. M\u00eame pas en partie !<\/strong><\/p>\n<p><strong>-Vous pouvez vendre l&#8217;article fini mais pas le mod\u00e8le lui-m\u00eame !<\/strong><\/p>\n","protected":false},"excerpt":{"rendered":"<p>Voici un mod\u00e8le facile \u00e0 suivre pour crocheter la Reine Elizabeth II.\u00a0 Parfait pour les fans de la monarchie !<\/p>\n","protected":false},"featured_media":987520026,"comment_status":"open","ping_status":"closed","template":"","meta":{"_acf_changed":false},"product_brand":[],"product_cat":[3655,3673],"product_tag":[10477,10475,11249,11362,11361,11500,11474,11475,11252,11499],"class_list":{"0":"post-19038","1":"product","2":"type-product","3":"status-publish","4":"has-post-thumbnail","6":"product_cat-mesdames-et-messieurs","7":"product_cat-monarques","8":"product_tag-britannique-fr-2","9":"product_tag-famille-royale-fr","10":"product_tag-historique-fr","11":"product_tag-monarchie-fr","12":"product_tag-monarque-fr","13":"product_tag-redevance","14":"product_tag-reine-fr","15":"product_tag-reine-elisabeth","16":"product_tag-reine-historique-fr","17":"product_tag-royal-fr","18":"pa_available_on-craftygenesindonesia","19":"pa_available_on-etsy","20":"pa_available_on-haked-nl","21":"pa_available_on-payhip","22":"pa_available_on-ravelry","23":"pa_languages-americain","24":"pa_languages-espagnol","25":"pa_languages-francais","26":"pa_languages-neerlandais","28":"first","29":"instock","30":"downloadable","31":"virtual","32":"purchasable","33":"product-type-simple"},"acf":[],"yoast_head":"<!-- This site is optimized with the Yoast SEO plugin v27.4 - https:\/\/yoast.com\/product\/yoast-seo-wordpress\/ -->\n<title>Mod\u00e8le de crochet pour la Reine Elizabeth II - Craftygenesindonesia<\/title>\n<meta name=\"description\" content=\"Commandez mon mod\u00e8le de crochet &quot; Reine Elizabeth II &quot; ici. Le mod\u00e8le de crochet facile \u00e0 suivre est \u00e9galement disponible sur Haked.nl, Etsy et Ravelry.\" \/>\n<meta name=\"robots\" content=\"index, follow, max-snippet:-1, max-image-preview:large, max-video-preview:-1\" \/>\n<link rel=\"canonical\" href=\"https:\/\/craftygenesindonesia.com\/fr\/shop\/mesdames-et-messieurs\/reine-elizabeth-ii-elizabeth-windsor\/\" \/>\n<meta property=\"og:locale\" content=\"fr_FR\" \/>\n<meta property=\"og:type\" content=\"article\" \/>\n<meta property=\"og:title\" content=\"Reine Elizabeth II - mod\u00e8le de crochet\" \/>\n<meta property=\"og:description\" content=\"Commandez mon mod\u00e8le de crochet &quot; Reine Elizabeth II &quot; ici. Le mod\u00e8le de crochet facile \u00e0 suivre est \u00e9galement disponible sur Haked.nl, Etsy et Ravelry.\" \/>\n<meta property=\"og:url\" content=\"https:\/\/craftygenesindonesia.com\/fr\/shop\/mesdames-et-messieurs\/reine-elizabeth-ii-elizabeth-windsor\/\" \/>\n<meta property=\"og:site_name\" content=\"Craftygenesindonesia\" \/>\n<meta property=\"article:modified_time\" content=\"2025-11-12T02:39:49+00:00\" \/>\n<meta property=\"og:image\" content=\"https:\/\/craftygenesindonesia.com\/wp-content\/uploads\/2022\/06\/Queen-Elizabeth-II.jpg\" \/>\n\t<meta property=\"og:image:width\" content=\"1080\" \/>\n\t<meta property=\"og:image:height\" content=\"1080\" \/>\n\t<meta property=\"og:image:type\" content=\"image\/jpeg\" \/>\n<meta name=\"twitter:card\" content=\"summary_large_image\" \/>\n<meta name=\"twitter:label1\" content=\"Dur\u00e9e de lecture estim\u00e9e\" \/>\n\t<meta name=\"twitter:data1\" content=\"1 minute\" \/>\n<script type=\"application\/ld+json\" class=\"yoast-schema-graph\">{\"@context\":\"https:\\\/\\\/schema.org\",\"@graph\":[{\"@type\":\"WebPage\",\"@id\":\"https:\\\/\\\/craftygenesindonesia.com\\\/fr\\\/shop\\\/mesdames-et-messieurs\\\/reine-elizabeth-ii-elizabeth-windsor\\\/\",\"url\":\"https:\\\/\\\/craftygenesindonesia.com\\\/fr\\\/shop\\\/mesdames-et-messieurs\\\/reine-elizabeth-ii-elizabeth-windsor\\\/\",\"name\":\"Mod\u00e8le de crochet pour la Reine Elizabeth II - Craftygenesindonesia\",\"isPartOf\":{\"@id\":\"https:\\\/\\\/craftygenesindonesia.com\\\/fr\\\/#website\"},\"primaryImageOfPage\":{\"@id\":\"https:\\\/\\\/craftygenesindonesia.com\\\/fr\\\/shop\\\/mesdames-et-messieurs\\\/reine-elizabeth-ii-elizabeth-windsor\\\/#primaryimage\"},\"image\":{\"@id\":\"https:\\\/\\\/craftygenesindonesia.com\\\/fr\\\/shop\\\/mesdames-et-messieurs\\\/reine-elizabeth-ii-elizabeth-windsor\\\/#primaryimage\"},\"thumbnailUrl\":\"https:\\\/\\\/craftygenesindonesia.com\\\/wp-content\\\/uploads\\\/2022\\\/06\\\/Queen-Elizabeth-II-1.jpg\",\"datePublished\":\"2022-06-11T02:30:26+00:00\",\"dateModified\":\"2025-11-12T02:39:49+00:00\",\"description\":\"Commandez mon mod\u00e8le de crochet \\\" Reine Elizabeth II \\\" ici. Le mod\u00e8le de crochet facile \u00e0 suivre est \u00e9galement disponible sur Haked.nl, Etsy et Ravelry.\",\"breadcrumb\":{\"@id\":\"https:\\\/\\\/craftygenesindonesia.com\\\/fr\\\/shop\\\/mesdames-et-messieurs\\\/reine-elizabeth-ii-elizabeth-windsor\\\/#breadcrumb\"},\"inLanguage\":\"fr-FR\",\"potentialAction\":[{\"@type\":\"ReadAction\",\"target\":[\"https:\\\/\\\/craftygenesindonesia.com\\\/fr\\\/shop\\\/mesdames-et-messieurs\\\/reine-elizabeth-ii-elizabeth-windsor\\\/\"]}]},{\"@type\":\"ImageObject\",\"inLanguage\":\"fr-FR\",\"@id\":\"https:\\\/\\\/craftygenesindonesia.com\\\/fr\\\/shop\\\/mesdames-et-messieurs\\\/reine-elizabeth-ii-elizabeth-windsor\\\/#primaryimage\",\"url\":\"https:\\\/\\\/craftygenesindonesia.com\\\/wp-content\\\/uploads\\\/2022\\\/06\\\/Queen-Elizabeth-II-1.jpg\",\"contentUrl\":\"https:\\\/\\\/craftygenesindonesia.com\\\/wp-content\\\/uploads\\\/2022\\\/06\\\/Queen-Elizabeth-II-1.jpg\",\"width\":1080,\"height\":1080,\"caption\":\"crochet queen Elizabeth II\"},{\"@type\":\"BreadcrumbList\",\"@id\":\"https:\\\/\\\/craftygenesindonesia.com\\\/fr\\\/shop\\\/mesdames-et-messieurs\\\/reine-elizabeth-ii-elizabeth-windsor\\\/#breadcrumb\",\"itemListElement\":[{\"@type\":\"ListItem\",\"position\":1,\"name\":\"Home\",\"item\":\"https:\\\/\\\/craftygenesindonesia.com\\\/fr\\\/\"},{\"@type\":\"ListItem\",\"position\":2,\"name\":\"Boutique de mod\u00e8les\",\"item\":\"https:\\\/\\\/craftygenesindonesia.com\\\/fr\\\/boutique\\\/\"},{\"@type\":\"ListItem\",\"position\":3,\"name\":\"Reine Elizabeth II (Elizabeth Windsor)\"}]},{\"@type\":\"WebSite\",\"@id\":\"https:\\\/\\\/craftygenesindonesia.com\\\/fr\\\/#website\",\"url\":\"https:\\\/\\\/craftygenesindonesia.com\\\/fr\\\/\",\"name\":\"Craftygenesindonesia\",\"description\":\"\",\"publisher\":{\"@id\":\"https:\\\/\\\/craftygenesindonesia.com\\\/fr\\\/#organization\"},\"potentialAction\":[{\"@type\":\"SearchAction\",\"target\":{\"@type\":\"EntryPoint\",\"urlTemplate\":\"https:\\\/\\\/craftygenesindonesia.com\\\/fr\\\/?s={search_term_string}\"},\"query-input\":{\"@type\":\"PropertyValueSpecification\",\"valueRequired\":true,\"valueName\":\"search_term_string\"}}],\"inLanguage\":\"fr-FR\"},{\"@type\":\"Organization\",\"@id\":\"https:\\\/\\\/craftygenesindonesia.com\\\/fr\\\/#organization\",\"name\":\"Craftygenesindonesia\",\"url\":\"https:\\\/\\\/craftygenesindonesia.com\\\/fr\\\/\",\"logo\":{\"@type\":\"ImageObject\",\"inLanguage\":\"fr-FR\",\"@id\":\"https:\\\/\\\/craftygenesindonesia.com\\\/fr\\\/#\\\/schema\\\/logo\\\/image\\\/\",\"url\":\"https:\\\/\\\/craftygenesindonesia.com\\\/wp-content\\\/uploads\\\/2025\\\/11\\\/cropped-Copy-of-Craftygenesindonesia.jpg\",\"contentUrl\":\"https:\\\/\\\/craftygenesindonesia.com\\\/wp-content\\\/uploads\\\/2025\\\/11\\\/cropped-Copy-of-Craftygenesindonesia.jpg\",\"width\":180,\"height\":60,\"caption\":\"Craftygenesindonesia\"},\"image\":{\"@id\":\"https:\\\/\\\/craftygenesindonesia.com\\\/fr\\\/#\\\/schema\\\/logo\\\/image\\\/\"}}]}<\/script>\n<!-- \/ Yoast SEO plugin. -->","yoast_head_json":{"title":"Mod\u00e8le de crochet pour la Reine Elizabeth II - Craftygenesindonesia","description":"Commandez mon mod\u00e8le de crochet \" Reine Elizabeth II \" ici. Le mod\u00e8le de crochet facile \u00e0 suivre est \u00e9galement disponible sur Haked.nl, Etsy et Ravelry.","robots":{"index":"index","follow":"follow","max-snippet":"max-snippet:-1","max-image-preview":"max-image-preview:large","max-video-preview":"max-video-preview:-1"},"canonical":"https:\/\/craftygenesindonesia.com\/fr\/shop\/mesdames-et-messieurs\/reine-elizabeth-ii-elizabeth-windsor\/","og_locale":"fr_FR","og_type":"article","og_title":"Reine Elizabeth II - mod\u00e8le de crochet","og_description":"Commandez mon mod\u00e8le de crochet \" Reine Elizabeth II \" ici. Le mod\u00e8le de crochet facile \u00e0 suivre est \u00e9galement disponible sur Haked.nl, Etsy et Ravelry.","og_url":"https:\/\/craftygenesindonesia.com\/fr\/shop\/mesdames-et-messieurs\/reine-elizabeth-ii-elizabeth-windsor\/","og_site_name":"Craftygenesindonesia","article_modified_time":"2025-11-12T02:39:49+00:00","og_image":[{"width":1080,"height":1080,"url":"https:\/\/craftygenesindonesia.com\/wp-content\/uploads\/2022\/06\/Queen-Elizabeth-II.jpg","type":"image\/jpeg"}],"twitter_card":"summary_large_image","twitter_misc":{"Dur\u00e9e de lecture estim\u00e9e":"1 minute"},"schema":{"@context":"https:\/\/schema.org","@graph":[{"@type":"WebPage","@id":"https:\/\/craftygenesindonesia.com\/fr\/shop\/mesdames-et-messieurs\/reine-elizabeth-ii-elizabeth-windsor\/","url":"https:\/\/craftygenesindonesia.com\/fr\/shop\/mesdames-et-messieurs\/reine-elizabeth-ii-elizabeth-windsor\/","name":"Mod\u00e8le de crochet pour la Reine Elizabeth II - Craftygenesindonesia","isPartOf":{"@id":"https:\/\/craftygenesindonesia.com\/fr\/#website"},"primaryImageOfPage":{"@id":"https:\/\/craftygenesindonesia.com\/fr\/shop\/mesdames-et-messieurs\/reine-elizabeth-ii-elizabeth-windsor\/#primaryimage"},"image":{"@id":"https:\/\/craftygenesindonesia.com\/fr\/shop\/mesdames-et-messieurs\/reine-elizabeth-ii-elizabeth-windsor\/#primaryimage"},"thumbnailUrl":"https:\/\/craftygenesindonesia.com\/wp-content\/uploads\/2022\/06\/Queen-Elizabeth-II-1.jpg","datePublished":"2022-06-11T02:30:26+00:00","dateModified":"2025-11-12T02:39:49+00:00","description":"Commandez mon mod\u00e8le de crochet \" Reine Elizabeth II \" ici. Le mod\u00e8le de crochet facile \u00e0 suivre est \u00e9galement disponible sur Haked.nl, Etsy et Ravelry.","breadcrumb":{"@id":"https:\/\/craftygenesindonesia.com\/fr\/shop\/mesdames-et-messieurs\/reine-elizabeth-ii-elizabeth-windsor\/#breadcrumb"},"inLanguage":"fr-FR","potentialAction":[{"@type":"ReadAction","target":["https:\/\/craftygenesindonesia.com\/fr\/shop\/mesdames-et-messieurs\/reine-elizabeth-ii-elizabeth-windsor\/"]}]},{"@type":"ImageObject","inLanguage":"fr-FR","@id":"https:\/\/craftygenesindonesia.com\/fr\/shop\/mesdames-et-messieurs\/reine-elizabeth-ii-elizabeth-windsor\/#primaryimage","url":"https:\/\/craftygenesindonesia.com\/wp-content\/uploads\/2022\/06\/Queen-Elizabeth-II-1.jpg","contentUrl":"https:\/\/craftygenesindonesia.com\/wp-content\/uploads\/2022\/06\/Queen-Elizabeth-II-1.jpg","width":1080,"height":1080,"caption":"crochet queen Elizabeth II"},{"@type":"BreadcrumbList","@id":"https:\/\/craftygenesindonesia.com\/fr\/shop\/mesdames-et-messieurs\/reine-elizabeth-ii-elizabeth-windsor\/#breadcrumb","itemListElement":[{"@type":"ListItem","position":1,"name":"Home","item":"https:\/\/craftygenesindonesia.com\/fr\/"},{"@type":"ListItem","position":2,"name":"Boutique de mod\u00e8les","item":"https:\/\/craftygenesindonesia.com\/fr\/boutique\/"},{"@type":"ListItem","position":3,"name":"Reine Elizabeth II (Elizabeth Windsor)"}]},{"@type":"WebSite","@id":"https:\/\/craftygenesindonesia.com\/fr\/#website","url":"https:\/\/craftygenesindonesia.com\/fr\/","name":"Craftygenesindonesia","description":"","publisher":{"@id":"https:\/\/craftygenesindonesia.com\/fr\/#organization"},"potentialAction":[{"@type":"SearchAction","target":{"@type":"EntryPoint","urlTemplate":"https:\/\/craftygenesindonesia.com\/fr\/?s={search_term_string}"},"query-input":{"@type":"PropertyValueSpecification","valueRequired":true,"valueName":"search_term_string"}}],"inLanguage":"fr-FR"},{"@type":"Organization","@id":"https:\/\/craftygenesindonesia.com\/fr\/#organization","name":"Craftygenesindonesia","url":"https:\/\/craftygenesindonesia.com\/fr\/","logo":{"@type":"ImageObject","inLanguage":"fr-FR","@id":"https:\/\/craftygenesindonesia.com\/fr\/#\/schema\/logo\/image\/","url":"https:\/\/craftygenesindonesia.com\/wp-content\/uploads\/2025\/11\/cropped-Copy-of-Craftygenesindonesia.jpg","contentUrl":"https:\/\/craftygenesindonesia.com\/wp-content\/uploads\/2025\/11\/cropped-Copy-of-Craftygenesindonesia.jpg","width":180,"height":60,"caption":"Craftygenesindonesia"},"image":{"@id":"https:\/\/craftygenesindonesia.com\/fr\/#\/schema\/logo\/image\/"}}]}},"_links":{"self":[{"href":"https:\/\/craftygenesindonesia.com\/fr\/wp-json\/wp\/v2\/product\/19038","targetHints":{"allow":["GET"]}}],"collection":[{"href":"https:\/\/craftygenesindonesia.com\/fr\/wp-json\/wp\/v2\/product"}],"about":[{"href":"https:\/\/craftygenesindonesia.com\/fr\/wp-json\/wp\/v2\/types\/product"}],"replies":[{"embeddable":true,"href":"https:\/\/craftygenesindonesia.com\/fr\/wp-json\/wp\/v2\/comments?post=19038"}],"wp:featuredmedia":[{"embeddable":true,"href":"https:\/\/craftygenesindonesia.com\/fr\/wp-json\/wp\/v2\/media\/987520026"}],"wp:attachment":[{"href":"https:\/\/craftygenesindonesia.com\/fr\/wp-json\/wp\/v2\/media?parent=19038"}],"wp:term":[{"taxonomy":"product_brand","embeddable":true,"href":"https:\/\/craftygenesindonesia.com\/fr\/wp-json\/wp\/v2\/product_brand?post=19038"},{"taxonomy":"product_cat","embeddable":true,"href":"https:\/\/craftygenesindonesia.com\/fr\/wp-json\/wp\/v2\/product_cat?post=19038"},{"taxonomy":"product_tag","embeddable":true,"href":"https:\/\/craftygenesindonesia.com\/fr\/wp-json\/wp\/v2\/product_tag?post=19038"}],"curies":[{"name":"wp","href":"https:\/\/api.w.org\/{rel}","templated":true}]}}