{"id":19001,"date":"2022-06-09T18:16:48","date_gmt":"2022-06-09T10:16:48","guid":{"rendered":"https:\/\/craftygenesindonesia.com\/?post_type=product&#038;p=19001"},"modified":"2026-03-26T07:39:53","modified_gmt":"2026-03-25T23:39:53","slug":"bougie-de-noel","status":"publish","type":"product","link":"https:\/\/craftygenesindonesia.com\/fr\/shop\/noel\/bougie-de-noel\/","title":{"rendered":"Bougie de No\u00ebl"},"content":{"rendered":"<p style=\"font-weight: 400;\"><strong>Bougie de No\u00ebl<\/strong><\/p>\n<p style=\"font-weight: 400;\">\n<p style=\"font-weight: 400;\"><strong>Type de fichier <\/strong>: mod\u00e8le de crochet &#8211; t\u00e9l\u00e9chargement num\u00e9rique, pas d&#8217;article physique<\/p>\n<p style=\"font-weight: 400;\"><strong>Langues disponibles <\/strong>: anglais, n\u00e9erlandais, fran\u00e7ais, espagnol, allemand<\/p>\n<p style=\"font-weight: 400;\">\n<p style=\"font-weight: 400;\">Dimensions de l&#8217;objet fini : 24 cm \/ 9,5 pouces<\/p>\n<p style=\"font-weight: 400;\"><strong> <\/strong><\/p>\n<p style=\"font-weight: 400;\"><strong>Type de fil :<\/strong> fil de type \u00ab fingering \u00bb (taille 3)<\/p>\n<p style=\"font-weight: 400;\"><strong>Marques recommand\u00e9es <\/strong>: Catona par Scheepjes, Durable Coral, .<\/p>\n<p style=\"font-weight: 400;\">Couleurs de fil n\u00e9cessaires : blanc, rouge, jaune<\/p>\n<p style=\"font-weight: 400;\">\n<p style=\"font-weight: 400;\"><strong>Crochet : <\/strong>2mm<\/p>\n<p style=\"font-weight: 400;\">\n<p style=\"font-weight: 400;\">Autres fournitures n\u00e9cessaires : rembourrage, carton, aiguille \u00e0 tapisserie, marqueurs de mailles, crayon, ciseaux et fil m\u00e9tallique or avec perles<\/p>\n<p style=\"font-weight: 400;\">\n<p style=\"font-weight: 400;\"><strong>Droits d&#8217;auteur et aide <\/strong>:<\/p>\n<p style=\"font-weight: 400;\">Ce mod\u00e8le est un mod\u00e8le \u00e9crit (num\u00e9rique) avec de nombreuses photos pour vous aider. Si vous avez des questions sur le mod\u00e8le, envoyez-moi un courriel \u00e0 l&#8217;adresse suivante : <a href=\"mailto:craftygenesindonesia@gmail.com\">craftygenesindonesia@gmail.com<\/a> <\/p>\n<p style=\"font-weight: 400;\">\n<p style=\"font-weight: 400;\"><strong>Ce mod\u00e8le de crochet num\u00e9rique est r\u00e9serv\u00e9 \u00e0 un usage personnel et est prot\u00e9g\u00e9 par des droits d&#8217;auteur. Par cons\u00e9quent, vous ne pouvez pas copier, vendre, revendre, traduire, revendiquer comme votre propre design, distribuer, partager, publier, poster uniquement, &#8230; de quelque mani\u00e8re ou forme que ce soit sans mon autorisation. Pas m\u00eame une partie !  <\/strong><\/p>\n<p style=\"font-weight: 400;\"><strong> <\/strong><\/p>\n<p style=\"font-weight: 400;\"><strong>Vous pouvez vendre le produit fini ou l&#8217;article, en petites quantit\u00e9s, mais vous n&#8217;avez pas le droit de vendre le mod\u00e8le de crochet lui-m\u00eame ! Mentionnez que le mod\u00e8le de crochet est de moi, Craftygenesindonesia, et o\u00f9 il peut \u00eatre achet\u00e9. <\/strong><\/p>\n","protected":false},"excerpt":{"rendered":"<p>Apportez une touche chaleureuse et festive \u00e0 votre int\u00e9rieur gr\u00e2ce \u00e0 ce mod\u00e8le de bougie de No\u00ebl au crochet. Ce mod\u00e8le reprend tout le charme d&#8217;une bougie de No\u00ebl classique, ce qui en fait un joli compl\u00e9ment \u00e0 votre d\u00e9coration de saison ou un cadeau fait main plein d&#8217;attention. <\/p>\n<p>Gr\u00e2ce \u00e0 des instructions claires et d\u00e9taill\u00e9es, vous pourrez donner vie \u00e0 cette cr\u00e9ation et apporter une touche chaleureuse et artisanale \u00e0 vos d\u00e9corations de No\u00ebl.<\/p>\n","protected":false},"featured_media":987525782,"comment_status":"open","ping_status":"closed","template":"","meta":{"_acf_changed":false},"product_brand":[],"product_cat":[3653],"product_tag":[10957,13706],"class_list":{"0":"post-19001","1":"product","2":"type-product","3":"status-publish","4":"has-post-thumbnail","6":"product_cat-noel","7":"product_tag-bougie-fr","8":"product_tag-noel","9":"pa_available_on-craftygenesindonesia","10":"pa_available_on-etsy","11":"pa_available_on-haked-nl","12":"pa_available_on-payhip","13":"pa_available_on-ravelry","14":"pa_languages-allemand","15":"pa_languages-americain","16":"pa_languages-espagnol","17":"pa_languages-francais","18":"pa_languages-neerlandais","20":"first","21":"instock","22":"downloadable","23":"virtual","24":"purchasable","25":"product-type-simple"},"acf":[],"yoast_head":"<!-- This site is optimized with the Yoast SEO plugin v27.4 - https:\/\/yoast.com\/product\/yoast-seo-wordpress\/ -->\n<title>Bougie de No\u00ebl mod\u00e8le de crochet - Craftygenesindonesia<\/title>\n<meta name=\"description\" content=\"Achetez ici mon patron de crochet \u00ab Bougie de No\u00ebl \u00bb. Ce patron facile \u00e0 suivre est \u00e9galement disponible sur Etsy, Haked.nl, Ravelry et Payhip.\" \/>\n<meta name=\"robots\" content=\"index, follow, max-snippet:-1, max-image-preview:large, max-video-preview:-1\" \/>\n<link rel=\"canonical\" href=\"https:\/\/craftygenesindonesia.com\/fr\/shop\/noel\/bougie-de-noel\/\" \/>\n<meta property=\"og:locale\" content=\"fr_FR\" \/>\n<meta property=\"og:type\" content=\"article\" \/>\n<meta property=\"og:title\" content=\"Bougie de No\u00ebl - patron au crochet\" \/>\n<meta property=\"og:description\" content=\"Achetez ici mon patron de crochet \u00ab Bougie de No\u00ebl \u00bb. Ce patron facile \u00e0 suivre est \u00e9galement disponible sur Etsy, Haked.nl, Ravelry et Payhip.\" \/>\n<meta property=\"og:url\" content=\"https:\/\/craftygenesindonesia.com\/fr\/shop\/noel\/bougie-de-noel\/\" \/>\n<meta property=\"og:site_name\" content=\"Craftygenesindonesia\" \/>\n<meta property=\"article:modified_time\" content=\"2026-03-25T23:39:53+00:00\" \/>\n<meta property=\"og:image\" content=\"https:\/\/craftygenesindonesia.com\/wp-content\/uploads\/2022\/06\/Christmas-Candle-3.jpg\" \/>\n\t<meta property=\"og:image:width\" content=\"1080\" \/>\n\t<meta property=\"og:image:height\" content=\"1080\" \/>\n\t<meta property=\"og:image:type\" content=\"image\/jpeg\" \/>\n<meta name=\"twitter:card\" content=\"summary_large_image\" \/>\n<meta name=\"twitter:label1\" content=\"Dur\u00e9e de lecture estim\u00e9e\" \/>\n\t<meta name=\"twitter:data1\" content=\"1 minute\" \/>\n<script type=\"application\/ld+json\" class=\"yoast-schema-graph\">{\"@context\":\"https:\\\/\\\/schema.org\",\"@graph\":[{\"@type\":\"WebPage\",\"@id\":\"https:\\\/\\\/craftygenesindonesia.com\\\/fr\\\/shop\\\/noel\\\/bougie-de-noel\\\/\",\"url\":\"https:\\\/\\\/craftygenesindonesia.com\\\/fr\\\/shop\\\/noel\\\/bougie-de-noel\\\/\",\"name\":\"Bougie de No\u00ebl mod\u00e8le de crochet - Craftygenesindonesia\",\"isPartOf\":{\"@id\":\"https:\\\/\\\/craftygenesindonesia.com\\\/fr\\\/#website\"},\"primaryImageOfPage\":{\"@id\":\"https:\\\/\\\/craftygenesindonesia.com\\\/fr\\\/shop\\\/noel\\\/bougie-de-noel\\\/#primaryimage\"},\"image\":{\"@id\":\"https:\\\/\\\/craftygenesindonesia.com\\\/fr\\\/shop\\\/noel\\\/bougie-de-noel\\\/#primaryimage\"},\"thumbnailUrl\":\"https:\\\/\\\/craftygenesindonesia.com\\\/wp-content\\\/uploads\\\/2022\\\/06\\\/Christmas-Candle-3.jpg\",\"datePublished\":\"2022-06-09T10:16:48+00:00\",\"dateModified\":\"2026-03-25T23:39:53+00:00\",\"description\":\"Achetez ici mon patron de crochet \u00ab Bougie de No\u00ebl \u00bb. Ce patron facile \u00e0 suivre est \u00e9galement disponible sur Etsy, Haked.nl, Ravelry et Payhip.\",\"breadcrumb\":{\"@id\":\"https:\\\/\\\/craftygenesindonesia.com\\\/fr\\\/shop\\\/noel\\\/bougie-de-noel\\\/#breadcrumb\"},\"inLanguage\":\"fr-FR\",\"potentialAction\":[{\"@type\":\"ReadAction\",\"target\":[\"https:\\\/\\\/craftygenesindonesia.com\\\/fr\\\/shop\\\/noel\\\/bougie-de-noel\\\/\"]}]},{\"@type\":\"ImageObject\",\"inLanguage\":\"fr-FR\",\"@id\":\"https:\\\/\\\/craftygenesindonesia.com\\\/fr\\\/shop\\\/noel\\\/bougie-de-noel\\\/#primaryimage\",\"url\":\"https:\\\/\\\/craftygenesindonesia.com\\\/wp-content\\\/uploads\\\/2022\\\/06\\\/Christmas-Candle-3.jpg\",\"contentUrl\":\"https:\\\/\\\/craftygenesindonesia.com\\\/wp-content\\\/uploads\\\/2022\\\/06\\\/Christmas-Candle-3.jpg\",\"width\":1080,\"height\":1080,\"caption\":\"bougie de No\u00ebl au crochet\"},{\"@type\":\"BreadcrumbList\",\"@id\":\"https:\\\/\\\/craftygenesindonesia.com\\\/fr\\\/shop\\\/noel\\\/bougie-de-noel\\\/#breadcrumb\",\"itemListElement\":[{\"@type\":\"ListItem\",\"position\":1,\"name\":\"Home\",\"item\":\"https:\\\/\\\/craftygenesindonesia.com\\\/fr\\\/\"},{\"@type\":\"ListItem\",\"position\":2,\"name\":\"Boutique de mod\u00e8les\",\"item\":\"https:\\\/\\\/craftygenesindonesia.com\\\/fr\\\/boutique\\\/\"},{\"@type\":\"ListItem\",\"position\":3,\"name\":\"Bougie de No\u00ebl\"}]},{\"@type\":\"WebSite\",\"@id\":\"https:\\\/\\\/craftygenesindonesia.com\\\/fr\\\/#website\",\"url\":\"https:\\\/\\\/craftygenesindonesia.com\\\/fr\\\/\",\"name\":\"Craftygenesindonesia\",\"description\":\"\",\"publisher\":{\"@id\":\"https:\\\/\\\/craftygenesindonesia.com\\\/fr\\\/#organization\"},\"potentialAction\":[{\"@type\":\"SearchAction\",\"target\":{\"@type\":\"EntryPoint\",\"urlTemplate\":\"https:\\\/\\\/craftygenesindonesia.com\\\/fr\\\/?s={search_term_string}\"},\"query-input\":{\"@type\":\"PropertyValueSpecification\",\"valueRequired\":true,\"valueName\":\"search_term_string\"}}],\"inLanguage\":\"fr-FR\"},{\"@type\":\"Organization\",\"@id\":\"https:\\\/\\\/craftygenesindonesia.com\\\/fr\\\/#organization\",\"name\":\"Craftygenesindonesia\",\"url\":\"https:\\\/\\\/craftygenesindonesia.com\\\/fr\\\/\",\"logo\":{\"@type\":\"ImageObject\",\"inLanguage\":\"fr-FR\",\"@id\":\"https:\\\/\\\/craftygenesindonesia.com\\\/fr\\\/#\\\/schema\\\/logo\\\/image\\\/\",\"url\":\"https:\\\/\\\/craftygenesindonesia.com\\\/wp-content\\\/uploads\\\/2025\\\/11\\\/cropped-Copy-of-Craftygenesindonesia.jpg\",\"contentUrl\":\"https:\\\/\\\/craftygenesindonesia.com\\\/wp-content\\\/uploads\\\/2025\\\/11\\\/cropped-Copy-of-Craftygenesindonesia.jpg\",\"width\":180,\"height\":60,\"caption\":\"Craftygenesindonesia\"},\"image\":{\"@id\":\"https:\\\/\\\/craftygenesindonesia.com\\\/fr\\\/#\\\/schema\\\/logo\\\/image\\\/\"}}]}<\/script>\n<!-- \/ Yoast SEO plugin. -->","yoast_head_json":{"title":"Bougie de No\u00ebl mod\u00e8le de crochet - Craftygenesindonesia","description":"Achetez ici mon patron de crochet \u00ab Bougie de No\u00ebl \u00bb. Ce patron facile \u00e0 suivre est \u00e9galement disponible sur Etsy, Haked.nl, Ravelry et Payhip.","robots":{"index":"index","follow":"follow","max-snippet":"max-snippet:-1","max-image-preview":"max-image-preview:large","max-video-preview":"max-video-preview:-1"},"canonical":"https:\/\/craftygenesindonesia.com\/fr\/shop\/noel\/bougie-de-noel\/","og_locale":"fr_FR","og_type":"article","og_title":"Bougie de No\u00ebl - patron au crochet","og_description":"Achetez ici mon patron de crochet \u00ab Bougie de No\u00ebl \u00bb. Ce patron facile \u00e0 suivre est \u00e9galement disponible sur Etsy, Haked.nl, Ravelry et Payhip.","og_url":"https:\/\/craftygenesindonesia.com\/fr\/shop\/noel\/bougie-de-noel\/","og_site_name":"Craftygenesindonesia","article_modified_time":"2026-03-25T23:39:53+00:00","og_image":[{"width":1080,"height":1080,"url":"https:\/\/craftygenesindonesia.com\/wp-content\/uploads\/2022\/06\/Christmas-Candle-3.jpg","type":"image\/jpeg"}],"twitter_card":"summary_large_image","twitter_misc":{"Dur\u00e9e de lecture estim\u00e9e":"1 minute"},"schema":{"@context":"https:\/\/schema.org","@graph":[{"@type":"WebPage","@id":"https:\/\/craftygenesindonesia.com\/fr\/shop\/noel\/bougie-de-noel\/","url":"https:\/\/craftygenesindonesia.com\/fr\/shop\/noel\/bougie-de-noel\/","name":"Bougie de No\u00ebl mod\u00e8le de crochet - Craftygenesindonesia","isPartOf":{"@id":"https:\/\/craftygenesindonesia.com\/fr\/#website"},"primaryImageOfPage":{"@id":"https:\/\/craftygenesindonesia.com\/fr\/shop\/noel\/bougie-de-noel\/#primaryimage"},"image":{"@id":"https:\/\/craftygenesindonesia.com\/fr\/shop\/noel\/bougie-de-noel\/#primaryimage"},"thumbnailUrl":"https:\/\/craftygenesindonesia.com\/wp-content\/uploads\/2022\/06\/Christmas-Candle-3.jpg","datePublished":"2022-06-09T10:16:48+00:00","dateModified":"2026-03-25T23:39:53+00:00","description":"Achetez ici mon patron de crochet \u00ab Bougie de No\u00ebl \u00bb. Ce patron facile \u00e0 suivre est \u00e9galement disponible sur Etsy, Haked.nl, Ravelry et Payhip.","breadcrumb":{"@id":"https:\/\/craftygenesindonesia.com\/fr\/shop\/noel\/bougie-de-noel\/#breadcrumb"},"inLanguage":"fr-FR","potentialAction":[{"@type":"ReadAction","target":["https:\/\/craftygenesindonesia.com\/fr\/shop\/noel\/bougie-de-noel\/"]}]},{"@type":"ImageObject","inLanguage":"fr-FR","@id":"https:\/\/craftygenesindonesia.com\/fr\/shop\/noel\/bougie-de-noel\/#primaryimage","url":"https:\/\/craftygenesindonesia.com\/wp-content\/uploads\/2022\/06\/Christmas-Candle-3.jpg","contentUrl":"https:\/\/craftygenesindonesia.com\/wp-content\/uploads\/2022\/06\/Christmas-Candle-3.jpg","width":1080,"height":1080,"caption":"bougie de No\u00ebl au crochet"},{"@type":"BreadcrumbList","@id":"https:\/\/craftygenesindonesia.com\/fr\/shop\/noel\/bougie-de-noel\/#breadcrumb","itemListElement":[{"@type":"ListItem","position":1,"name":"Home","item":"https:\/\/craftygenesindonesia.com\/fr\/"},{"@type":"ListItem","position":2,"name":"Boutique de mod\u00e8les","item":"https:\/\/craftygenesindonesia.com\/fr\/boutique\/"},{"@type":"ListItem","position":3,"name":"Bougie de No\u00ebl"}]},{"@type":"WebSite","@id":"https:\/\/craftygenesindonesia.com\/fr\/#website","url":"https:\/\/craftygenesindonesia.com\/fr\/","name":"Craftygenesindonesia","description":"","publisher":{"@id":"https:\/\/craftygenesindonesia.com\/fr\/#organization"},"potentialAction":[{"@type":"SearchAction","target":{"@type":"EntryPoint","urlTemplate":"https:\/\/craftygenesindonesia.com\/fr\/?s={search_term_string}"},"query-input":{"@type":"PropertyValueSpecification","valueRequired":true,"valueName":"search_term_string"}}],"inLanguage":"fr-FR"},{"@type":"Organization","@id":"https:\/\/craftygenesindonesia.com\/fr\/#organization","name":"Craftygenesindonesia","url":"https:\/\/craftygenesindonesia.com\/fr\/","logo":{"@type":"ImageObject","inLanguage":"fr-FR","@id":"https:\/\/craftygenesindonesia.com\/fr\/#\/schema\/logo\/image\/","url":"https:\/\/craftygenesindonesia.com\/wp-content\/uploads\/2025\/11\/cropped-Copy-of-Craftygenesindonesia.jpg","contentUrl":"https:\/\/craftygenesindonesia.com\/wp-content\/uploads\/2025\/11\/cropped-Copy-of-Craftygenesindonesia.jpg","width":180,"height":60,"caption":"Craftygenesindonesia"},"image":{"@id":"https:\/\/craftygenesindonesia.com\/fr\/#\/schema\/logo\/image\/"}}]}},"_links":{"self":[{"href":"https:\/\/craftygenesindonesia.com\/fr\/wp-json\/wp\/v2\/product\/19001","targetHints":{"allow":["GET"]}}],"collection":[{"href":"https:\/\/craftygenesindonesia.com\/fr\/wp-json\/wp\/v2\/product"}],"about":[{"href":"https:\/\/craftygenesindonesia.com\/fr\/wp-json\/wp\/v2\/types\/product"}],"replies":[{"embeddable":true,"href":"https:\/\/craftygenesindonesia.com\/fr\/wp-json\/wp\/v2\/comments?post=19001"}],"wp:featuredmedia":[{"embeddable":true,"href":"https:\/\/craftygenesindonesia.com\/fr\/wp-json\/wp\/v2\/media\/987525782"}],"wp:attachment":[{"href":"https:\/\/craftygenesindonesia.com\/fr\/wp-json\/wp\/v2\/media?parent=19001"}],"wp:term":[{"taxonomy":"product_brand","embeddable":true,"href":"https:\/\/craftygenesindonesia.com\/fr\/wp-json\/wp\/v2\/product_brand?post=19001"},{"taxonomy":"product_cat","embeddable":true,"href":"https:\/\/craftygenesindonesia.com\/fr\/wp-json\/wp\/v2\/product_cat?post=19001"},{"taxonomy":"product_tag","embeddable":true,"href":"https:\/\/craftygenesindonesia.com\/fr\/wp-json\/wp\/v2\/product_tag?post=19001"}],"curies":[{"name":"wp","href":"https:\/\/api.w.org\/{rel}","templated":true}]}}