{"id":18995,"date":"2022-06-09T15:55:37","date_gmt":"2022-06-09T07:55:37","guid":{"rendered":"https:\/\/craftygenesindonesia.com\/?post_type=product&#038;p=18995"},"modified":"2026-03-25T05:54:21","modified_gmt":"2026-03-24T21:54:21","slug":"my-fair-lady-christmas","status":"publish","type":"product","link":"https:\/\/craftygenesindonesia.com\/fr\/shop\/anges\/my-fair-lady-christmas\/","title":{"rendered":"My Fair Lady Christmas"},"content":{"rendered":"<p><strong>MY FAIR LADY CHRISTMAS<\/strong><\/p>\n<p>&nbsp;<\/p>\n<p><b>Type de fichier <\/b>: mod\u00e8le de crochet &#8211; t\u00e9l\u00e9chargement num\u00e9rique, pas d&#8217;article physique<\/p>\n<p><b>Langues disponibles :<\/b> anglais, n\u00e9erlandais, fran\u00e7ais, espagnol, allemand, portugais<\/p>\n<p><b>Dimensions de l&#8217;objet fini <\/b>: 23 cm de haut<\/p>\n<p>&nbsp;<\/p>\n<p><b>Type de fil :<\/b> fil de type \u00ab fingering \u00bb (taille 3)<\/p>\n<p><b>Marques recommand\u00e9es <\/b>: Catona par Scheepjes, Durable Coral, .<\/p>\n<p><b>Couleurs de fil n\u00e9cessaires <\/b>: blanc, couleur chair, argent m\u00e9tallis\u00e9, marron fonc\u00e9<\/p>\n<p>&nbsp;<\/p>\n<p><b>Crochet : <\/b>2mm<\/p>\n<p>&nbsp;<\/p>\n<p><b>Autres fournitures n\u00e9cessaires :<\/b> rembourrage, ciseaux, marqueurs de mailles, crayon, \u00e9pingles \u00e0 coudre, aiguille \u00e0 tapisserie, carton, colle, 2 clochettes argent\u00e9es (10 mm de diam\u00e8tre), coton-tige<\/p>\n<p>&nbsp;<\/p>\n<p><b>Droits d&#8217;auteur et aide <\/b>:<\/p>\n<p>Ce mod\u00e8le est un mod\u00e8le \u00e9crit (num\u00e9rique) avec de nombreuses photos pour vous aider. Si vous avez des questions sur le mod\u00e8le, envoyez-moi un courriel \u00e0 l&#8217;adresse suivante : <a href=\"mailto:craftygenesindonesia@gmail.com\">craftygenesindonesia@gmail.com<\/a> <\/p>\n<p><b>Ce mod\u00e8le de crochet num\u00e9rique est r\u00e9serv\u00e9 \u00e0 un usage personnel et est prot\u00e9g\u00e9 par des droits d&#8217;auteur. Par cons\u00e9quent, vous ne pouvez pas copier, vendre, revendre, traduire, revendiquer comme votre propre design, distribuer, partager, publier, poster uniquement, &#8230; de quelque mani\u00e8re ou forme que ce soit sans mon autorisation. Pas m\u00eame une partie !  <\/b><\/p>\n<p><b>Vous pouvez vendre le produit fini ou l&#8217;article, en petites quantit\u00e9s, mais vous n&#8217;avez pas le droit de vendre le mod\u00e8le de crochet lui-m\u00eame ! Mentionnez que le mod\u00e8le de crochet est de moi, Craftygenesindonesia, et o\u00f9 il peut \u00eatre achet\u00e9. <\/b><\/p>\n","protected":false},"excerpt":{"rendered":"<p>Ce patron de crochet \u00ab <em data-start=\"590\" data-end=\"614\">My Fair Lady Christmas<\/em> \u00bb vous permet de r\u00e9aliser un ange de No\u00ebl blanc de taille moyenne, qui peut servir \u00e0 la fois de figurine d\u00e9corative et de d\u00e9coration de sapin. Id\u00e9al pour une d\u00e9coration de No\u00ebl faite main. <\/p>\n","protected":false},"featured_media":987525212,"comment_status":"open","ping_status":"closed","template":"","meta":{"_acf_changed":false},"product_brand":[],"product_cat":[3641,3653,3655],"product_tag":[12777,12077,12779,10988,11811,12780,12776],"class_list":{"0":"post-18995","1":"product","2":"type-product","3":"status-publish","4":"has-post-thumbnail","6":"product_cat-anges","7":"product_cat-noel","8":"product_cat-mesdames-et-messieurs","9":"product_tag-angel-fr","10":"product_tag-christmas-fr","11":"product_tag-christmas-angel-fr","12":"product_tag-decoration-darbre-de-noel","13":"product_tag-kerst-versiering-fr","14":"product_tag-white-fr","15":"product_tag-wings-fr","16":"pa_available_on-craftygenesindonesia","17":"pa_available_on-etsy","18":"pa_available_on-haked-nl","19":"pa_available_on-payhip","20":"pa_available_on-ravelry","21":"pa_languages-allemand","22":"pa_languages-americain","23":"pa_languages-espagnol","24":"pa_languages-francais","25":"pa_languages-neerlandais","26":"pa_languages-portugais","28":"first","29":"instock","30":"downloadable","31":"virtual","32":"purchasable","33":"product-type-simple"},"acf":[],"yoast_head":"<!-- This site is optimized with the Yoast SEO plugin v27.5 - https:\/\/yoast.com\/product\/yoast-seo-wordpress\/ -->\n<title>My Fair Lady Christmas mod\u00e8le de crochet - Craftygenesindonesia<\/title>\n<meta name=\"description\" content=\"Achetez ici mon patron de crochet \u00ab My Fair Lady Christmas \u00bb. Ce patron est \u00e9galement disponible sur Haked.nl, Etsy, Ravelry et Payhip.\" \/>\n<meta name=\"robots\" content=\"index, follow, max-snippet:-1, max-image-preview:large, max-video-preview:-1\" \/>\n<link rel=\"canonical\" href=\"https:\/\/craftygenesindonesia.com\/fr\/shop\/anges\/my-fair-lady-christmas\/\" \/>\n<meta property=\"og:locale\" content=\"fr_FR\" \/>\n<meta property=\"og:type\" content=\"article\" \/>\n<meta property=\"og:title\" content=\"&quot;My Fair Lady Christmas&quot; ange - mod\u00e8le au crochet\" \/>\n<meta property=\"og:description\" content=\"Achetez ici mon patron de crochet \u00ab My Fair Lady Christmas \u00bb. Ce patron est \u00e9galement disponible sur Haked.nl, Etsy, Ravelry et Payhip.\" \/>\n<meta property=\"og:url\" content=\"https:\/\/craftygenesindonesia.com\/fr\/shop\/anges\/my-fair-lady-christmas\/\" \/>\n<meta property=\"og:site_name\" content=\"Craftygenesindonesia\" \/>\n<meta property=\"article:modified_time\" content=\"2026-03-24T21:54:21+00:00\" \/>\n<meta property=\"og:image\" content=\"https:\/\/craftygenesindonesia.com\/wp-content\/uploads\/2022\/06\/Fair-Lady.jpg\" \/>\n\t<meta property=\"og:image:width\" content=\"1215\" \/>\n\t<meta property=\"og:image:height\" content=\"1215\" \/>\n\t<meta property=\"og:image:type\" content=\"image\/jpeg\" \/>\n<meta name=\"twitter:card\" content=\"summary_large_image\" \/>\n<meta name=\"twitter:label1\" content=\"Dur\u00e9e de lecture estim\u00e9e\" \/>\n\t<meta name=\"twitter:data1\" content=\"1 minute\" \/>\n<script type=\"application\/ld+json\" class=\"yoast-schema-graph\">{\"@context\":\"https:\\\/\\\/schema.org\",\"@graph\":[{\"@type\":\"WebPage\",\"@id\":\"https:\\\/\\\/craftygenesindonesia.com\\\/fr\\\/shop\\\/anges\\\/my-fair-lady-christmas\\\/\",\"url\":\"https:\\\/\\\/craftygenesindonesia.com\\\/fr\\\/shop\\\/anges\\\/my-fair-lady-christmas\\\/\",\"name\":\"My Fair Lady Christmas mod\u00e8le de crochet - Craftygenesindonesia\",\"isPartOf\":{\"@id\":\"https:\\\/\\\/craftygenesindonesia.com\\\/fr\\\/#website\"},\"primaryImageOfPage\":{\"@id\":\"https:\\\/\\\/craftygenesindonesia.com\\\/fr\\\/shop\\\/anges\\\/my-fair-lady-christmas\\\/#primaryimage\"},\"image\":{\"@id\":\"https:\\\/\\\/craftygenesindonesia.com\\\/fr\\\/shop\\\/anges\\\/my-fair-lady-christmas\\\/#primaryimage\"},\"thumbnailUrl\":\"https:\\\/\\\/craftygenesindonesia.com\\\/wp-content\\\/uploads\\\/2022\\\/06\\\/Fair-Lady.jpg\",\"datePublished\":\"2022-06-09T07:55:37+00:00\",\"dateModified\":\"2026-03-24T21:54:21+00:00\",\"description\":\"Achetez ici mon patron de crochet \u00ab My Fair Lady Christmas \u00bb. Ce patron est \u00e9galement disponible sur Haked.nl, Etsy, Ravelry et Payhip.\",\"breadcrumb\":{\"@id\":\"https:\\\/\\\/craftygenesindonesia.com\\\/fr\\\/shop\\\/anges\\\/my-fair-lady-christmas\\\/#breadcrumb\"},\"inLanguage\":\"fr-FR\",\"potentialAction\":[{\"@type\":\"ReadAction\",\"target\":[\"https:\\\/\\\/craftygenesindonesia.com\\\/fr\\\/shop\\\/anges\\\/my-fair-lady-christmas\\\/\"]}]},{\"@type\":\"ImageObject\",\"inLanguage\":\"fr-FR\",\"@id\":\"https:\\\/\\\/craftygenesindonesia.com\\\/fr\\\/shop\\\/anges\\\/my-fair-lady-christmas\\\/#primaryimage\",\"url\":\"https:\\\/\\\/craftygenesindonesia.com\\\/wp-content\\\/uploads\\\/2022\\\/06\\\/Fair-Lady.jpg\",\"contentUrl\":\"https:\\\/\\\/craftygenesindonesia.com\\\/wp-content\\\/uploads\\\/2022\\\/06\\\/Fair-Lady.jpg\",\"width\":1215,\"height\":1215,\"caption\":\"ange de No\u00ebl blanc au crochet\"},{\"@type\":\"BreadcrumbList\",\"@id\":\"https:\\\/\\\/craftygenesindonesia.com\\\/fr\\\/shop\\\/anges\\\/my-fair-lady-christmas\\\/#breadcrumb\",\"itemListElement\":[{\"@type\":\"ListItem\",\"position\":1,\"name\":\"Home\",\"item\":\"https:\\\/\\\/craftygenesindonesia.com\\\/fr\\\/\"},{\"@type\":\"ListItem\",\"position\":2,\"name\":\"Boutique de mod\u00e8les\",\"item\":\"https:\\\/\\\/craftygenesindonesia.com\\\/fr\\\/boutique\\\/\"},{\"@type\":\"ListItem\",\"position\":3,\"name\":\"My Fair Lady Christmas\"}]},{\"@type\":\"WebSite\",\"@id\":\"https:\\\/\\\/craftygenesindonesia.com\\\/fr\\\/#website\",\"url\":\"https:\\\/\\\/craftygenesindonesia.com\\\/fr\\\/\",\"name\":\"Craftygenesindonesia\",\"description\":\"\",\"publisher\":{\"@id\":\"https:\\\/\\\/craftygenesindonesia.com\\\/fr\\\/#organization\"},\"potentialAction\":[{\"@type\":\"SearchAction\",\"target\":{\"@type\":\"EntryPoint\",\"urlTemplate\":\"https:\\\/\\\/craftygenesindonesia.com\\\/fr\\\/?s={search_term_string}\"},\"query-input\":{\"@type\":\"PropertyValueSpecification\",\"valueRequired\":true,\"valueName\":\"search_term_string\"}}],\"inLanguage\":\"fr-FR\"},{\"@type\":\"Organization\",\"@id\":\"https:\\\/\\\/craftygenesindonesia.com\\\/fr\\\/#organization\",\"name\":\"Craftygenesindonesia\",\"url\":\"https:\\\/\\\/craftygenesindonesia.com\\\/fr\\\/\",\"logo\":{\"@type\":\"ImageObject\",\"inLanguage\":\"fr-FR\",\"@id\":\"https:\\\/\\\/craftygenesindonesia.com\\\/fr\\\/#\\\/schema\\\/logo\\\/image\\\/\",\"url\":\"https:\\\/\\\/craftygenesindonesia.com\\\/wp-content\\\/uploads\\\/2025\\\/11\\\/cropped-Copy-of-Craftygenesindonesia.jpg\",\"contentUrl\":\"https:\\\/\\\/craftygenesindonesia.com\\\/wp-content\\\/uploads\\\/2025\\\/11\\\/cropped-Copy-of-Craftygenesindonesia.jpg\",\"width\":180,\"height\":60,\"caption\":\"Craftygenesindonesia\"},\"image\":{\"@id\":\"https:\\\/\\\/craftygenesindonesia.com\\\/fr\\\/#\\\/schema\\\/logo\\\/image\\\/\"}}]}<\/script>\n<!-- \/ Yoast SEO plugin. -->","yoast_head_json":{"title":"My Fair Lady Christmas mod\u00e8le de crochet - Craftygenesindonesia","description":"Achetez ici mon patron de crochet \u00ab My Fair Lady Christmas \u00bb. Ce patron est \u00e9galement disponible sur Haked.nl, Etsy, Ravelry et Payhip.","robots":{"index":"index","follow":"follow","max-snippet":"max-snippet:-1","max-image-preview":"max-image-preview:large","max-video-preview":"max-video-preview:-1"},"canonical":"https:\/\/craftygenesindonesia.com\/fr\/shop\/anges\/my-fair-lady-christmas\/","og_locale":"fr_FR","og_type":"article","og_title":"\"My Fair Lady Christmas\" ange - mod\u00e8le au crochet","og_description":"Achetez ici mon patron de crochet \u00ab My Fair Lady Christmas \u00bb. Ce patron est \u00e9galement disponible sur Haked.nl, Etsy, Ravelry et Payhip.","og_url":"https:\/\/craftygenesindonesia.com\/fr\/shop\/anges\/my-fair-lady-christmas\/","og_site_name":"Craftygenesindonesia","article_modified_time":"2026-03-24T21:54:21+00:00","og_image":[{"width":1215,"height":1215,"url":"https:\/\/craftygenesindonesia.com\/wp-content\/uploads\/2022\/06\/Fair-Lady.jpg","type":"image\/jpeg"}],"twitter_card":"summary_large_image","twitter_misc":{"Dur\u00e9e de lecture estim\u00e9e":"1 minute"},"schema":{"@context":"https:\/\/schema.org","@graph":[{"@type":"WebPage","@id":"https:\/\/craftygenesindonesia.com\/fr\/shop\/anges\/my-fair-lady-christmas\/","url":"https:\/\/craftygenesindonesia.com\/fr\/shop\/anges\/my-fair-lady-christmas\/","name":"My Fair Lady Christmas mod\u00e8le de crochet - Craftygenesindonesia","isPartOf":{"@id":"https:\/\/craftygenesindonesia.com\/fr\/#website"},"primaryImageOfPage":{"@id":"https:\/\/craftygenesindonesia.com\/fr\/shop\/anges\/my-fair-lady-christmas\/#primaryimage"},"image":{"@id":"https:\/\/craftygenesindonesia.com\/fr\/shop\/anges\/my-fair-lady-christmas\/#primaryimage"},"thumbnailUrl":"https:\/\/craftygenesindonesia.com\/wp-content\/uploads\/2022\/06\/Fair-Lady.jpg","datePublished":"2022-06-09T07:55:37+00:00","dateModified":"2026-03-24T21:54:21+00:00","description":"Achetez ici mon patron de crochet \u00ab My Fair Lady Christmas \u00bb. Ce patron est \u00e9galement disponible sur Haked.nl, Etsy, Ravelry et Payhip.","breadcrumb":{"@id":"https:\/\/craftygenesindonesia.com\/fr\/shop\/anges\/my-fair-lady-christmas\/#breadcrumb"},"inLanguage":"fr-FR","potentialAction":[{"@type":"ReadAction","target":["https:\/\/craftygenesindonesia.com\/fr\/shop\/anges\/my-fair-lady-christmas\/"]}]},{"@type":"ImageObject","inLanguage":"fr-FR","@id":"https:\/\/craftygenesindonesia.com\/fr\/shop\/anges\/my-fair-lady-christmas\/#primaryimage","url":"https:\/\/craftygenesindonesia.com\/wp-content\/uploads\/2022\/06\/Fair-Lady.jpg","contentUrl":"https:\/\/craftygenesindonesia.com\/wp-content\/uploads\/2022\/06\/Fair-Lady.jpg","width":1215,"height":1215,"caption":"ange de No\u00ebl blanc au crochet"},{"@type":"BreadcrumbList","@id":"https:\/\/craftygenesindonesia.com\/fr\/shop\/anges\/my-fair-lady-christmas\/#breadcrumb","itemListElement":[{"@type":"ListItem","position":1,"name":"Home","item":"https:\/\/craftygenesindonesia.com\/fr\/"},{"@type":"ListItem","position":2,"name":"Boutique de mod\u00e8les","item":"https:\/\/craftygenesindonesia.com\/fr\/boutique\/"},{"@type":"ListItem","position":3,"name":"My Fair Lady Christmas"}]},{"@type":"WebSite","@id":"https:\/\/craftygenesindonesia.com\/fr\/#website","url":"https:\/\/craftygenesindonesia.com\/fr\/","name":"Craftygenesindonesia","description":"","publisher":{"@id":"https:\/\/craftygenesindonesia.com\/fr\/#organization"},"potentialAction":[{"@type":"SearchAction","target":{"@type":"EntryPoint","urlTemplate":"https:\/\/craftygenesindonesia.com\/fr\/?s={search_term_string}"},"query-input":{"@type":"PropertyValueSpecification","valueRequired":true,"valueName":"search_term_string"}}],"inLanguage":"fr-FR"},{"@type":"Organization","@id":"https:\/\/craftygenesindonesia.com\/fr\/#organization","name":"Craftygenesindonesia","url":"https:\/\/craftygenesindonesia.com\/fr\/","logo":{"@type":"ImageObject","inLanguage":"fr-FR","@id":"https:\/\/craftygenesindonesia.com\/fr\/#\/schema\/logo\/image\/","url":"https:\/\/craftygenesindonesia.com\/wp-content\/uploads\/2025\/11\/cropped-Copy-of-Craftygenesindonesia.jpg","contentUrl":"https:\/\/craftygenesindonesia.com\/wp-content\/uploads\/2025\/11\/cropped-Copy-of-Craftygenesindonesia.jpg","width":180,"height":60,"caption":"Craftygenesindonesia"},"image":{"@id":"https:\/\/craftygenesindonesia.com\/fr\/#\/schema\/logo\/image\/"}}]}},"_links":{"self":[{"href":"https:\/\/craftygenesindonesia.com\/fr\/wp-json\/wp\/v2\/product\/18995","targetHints":{"allow":["GET"]}}],"collection":[{"href":"https:\/\/craftygenesindonesia.com\/fr\/wp-json\/wp\/v2\/product"}],"about":[{"href":"https:\/\/craftygenesindonesia.com\/fr\/wp-json\/wp\/v2\/types\/product"}],"replies":[{"embeddable":true,"href":"https:\/\/craftygenesindonesia.com\/fr\/wp-json\/wp\/v2\/comments?post=18995"}],"wp:featuredmedia":[{"embeddable":true,"href":"https:\/\/craftygenesindonesia.com\/fr\/wp-json\/wp\/v2\/media\/987525212"}],"wp:attachment":[{"href":"https:\/\/craftygenesindonesia.com\/fr\/wp-json\/wp\/v2\/media?parent=18995"}],"wp:term":[{"taxonomy":"product_brand","embeddable":true,"href":"https:\/\/craftygenesindonesia.com\/fr\/wp-json\/wp\/v2\/product_brand?post=18995"},{"taxonomy":"product_cat","embeddable":true,"href":"https:\/\/craftygenesindonesia.com\/fr\/wp-json\/wp\/v2\/product_cat?post=18995"},{"taxonomy":"product_tag","embeddable":true,"href":"https:\/\/craftygenesindonesia.com\/fr\/wp-json\/wp\/v2\/product_tag?post=18995"}],"curies":[{"name":"wp","href":"https:\/\/api.w.org\/{rel}","templated":true}]}}