{"id":340707,"date":"2023-12-09T08:26:57","date_gmt":"2023-12-09T00:26:57","guid":{"rendered":"https:\/\/craftygenesindonesia.com\/liste-de-souhaits\/"},"modified":"2026-03-16T12:10:42","modified_gmt":"2026-03-16T04:10:42","slug":"liste-de-souhaits","status":"publish","type":"page","link":"https:\/\/craftygenesindonesia.com\/fr\/liste-de-souhaits\/","title":{"rendered":"Liste de souhaits"},"content":{"rendered":"<div class=\"et_pb_section_0 et_pb_section et_section_regular et_flex_section\">\n<div class=\"et_pb_row_0 et_pb_row et_flex_row et_flex_column_24_24 et_flex_column_24_24_tablet et_flex_column_24_24_phone\">\n<div class=\"et_pb_column_0 et_pb_column et-last-child et_flex_column et_pb_css_mix_blend_mode_passthrough et_flex_column_24_24 et_flex_column_24_24_tablet et_flex_column_24_24_phone\">\n<div class=\"et_pb_post_title_0 et_pb_post_title et_pb_bg_layout_light et_pb_module et_flex_module\"><div class=\"et_pb_title_container\"><h1 class=\"entry-title\">Liste de souhaits<\/h1><\/div><\/div>\n<\/div>\n<\/div>\n\n<div class=\"et_pb_row_1 et_pb_row et_flex_row et_flex_column_24_24 et_flex_column_24_24_tablet et_flex_column_24_24_phone\">\n<div class=\"et_pb_column_1 et_pb_column et-last-child et_flex_column et_pb_css_mix_blend_mode_passthrough et_flex_column_24_24 et_flex_column_24_24_tablet et_flex_column_24_24_phone\">\n<div class=\"et_pb_code_0 et_pb_code et_pb_module\"><div class=\"et_pb_code_inner\">\n\n\n<form id=\"wlfmc-wishlist-form\" action=\"https:\/\/craftygenesindonesia.com\/?page_id=987538054\" method=\"post\" class=\"wlfmc-wishlist-form wlfmc-wishlist-1 wlfmc-wishlist-fragment woocommerce on-first-load\" data-fragment-options=\"{&quot;unique_id&quot;:&quot;1&quot;,&quot;is_elementor&quot;:false,&quot;has_access&quot;:true,&quot;wishlist_id&quot;:false,&quot;action_params&quot;:false,&quot;per_page&quot;:&quot;12&quot;,&quot;current_page&quot;:1,&quot;pagination&quot;:true,&quot;wishlist_url&quot;:&quot;https:\\\/\\\/craftygenesindonesia.com\\\/?page_id=987538054&amp;lang=fr&quot;,&quot;no_interactions&quot;:false,&quot;items_show&quot;:&quot;product-checkbox,product-name,product-thumbnail,product-price,product-quantity,product-date-added,product-add-to-cart,product-remove&quot;,&quot;total_price_mode&quot;:&quot;classic&quot;,&quot;total_position&quot;:&quot;below-action-bar&quot;,&quot;enable_layout_toggle&quot;:false,&quot;product_move&quot;:false,&quot;product_copy&quot;:false,&quot;move_all_to_list_label&quot;:&quot;Move all to list&quot;,&quot;copy_all_to_list_label&quot;:&quot;Copy all to list&quot;,&quot;show_total_price&quot;:false,&quot;enable_drag_n_drop&quot;:false,&quot;is_cache_enabled&quot;:&quot;1&quot;,&quot;wishlist_page_title&quot;:&quot;My Wishlist&quot;,&quot;view_mode&quot;:&quot;list&quot;,&quot;button_add_to_cart_style&quot;:&quot;1&quot;,&quot;qty_style&quot;:&quot;1&quot;,&quot;pagination_style&quot;:&quot;1&quot;,&quot;custom_template&quot;:&quot;&quot;,&quot;enable_actions&quot;:true,&quot;enable_all_add_to_cart&quot;:true,&quot;enable_share&quot;:&quot;1&quot;,&quot;share_position&quot;:&quot;after_table&quot;,&quot;share_items&quot;:&quot;facebook,messenger,twitter,whatsapp,telegram,email,copy,pdf&quot;,&quot;socials_title&quot;:&quot;My Wishlist on Craftygenesindonesia&quot;,&quot;login_notice&quot;:false,&quot;base_url&quot;:&quot;&quot;,&quot;wishlist&quot;:false,&quot;wishlist_token&quot;:&quot;&quot;,&quot;is_private&quot;:false,&quot;count&quot;:0,&quot;wishlist_items&quot;:&quot;&quot;,&quot;page_links&quot;:false,&quot;is_user_logged_in&quot;:false,&quot;is_user_owner&quot;:false,&quot;merge_lists&quot;:false,&quot;popup_vertical&quot;:&quot;center&quot;,&quot;popup_horizontal&quot;:&quot;center&quot;,&quot;empty_wishlist_title&quot;:&quot;YOUR WISHLIST IS EMPTY!&quot;,&quot;empty_wishlist_content&quot;:&quot;&lt;p&gt;You have not added any products to your wishlist.&lt;\\\/p&gt;&quot;,&quot;tooltip_class&quot;:&quot; wlfmc-tooltip wlfmc-tooltip-top&quot;,&quot;tooltip_type&quot;:&quot;custom&quot;,&quot;wishlist_class&quot;:&quot;wlfmc-default-table add-to-card-same-button qty-same-button&quot;,&quot;wishlist_header_class&quot;:&quot;wlfmc-default-table-header&quot;,&quot;wishlist_pagination_class&quot;:&quot;wishlist-pagination&quot;,&quot;share_enabled&quot;:false,&quot;template_part&quot;:&quot;view&quot;,&quot;additional_info&quot;:false,&quot;available_multi_list&quot;:false,&quot;gdpr_enable&quot;:false,&quot;unsubscribed&quot;:false,&quot;users_wishlists&quot;:&quot;&quot;,&quot;redirect_to_cart&quot;:&quot;&quot;,&quot;form_action&quot;:&quot;https:\\\/\\\/craftygenesindonesia.com\\\/?page_id=987538054&quot;,&quot;item&quot;:&quot;wishlist&quot;}\" data-fragment-ref=\"wishlist\">\n\t\n\t\n\t\n\t\n\t<div class=\"wlfmc-wishlist-table-wrapper\">\n\n\t\t\n\t\t<table\n\t\t\tclass=\"wlfmc-wishlist-table wlfmc-wishlist-items-wrapper wlfmc-list   view-mode-list  wlfmc-default-table add-to-card-same-button qty-same-button\"\n\t\t\tdata-pagination=\"1\"\n\t\t\tdata-per-page=\"12\"\n\t\t\tdata-page=\"1\"\n\t\t\tdata-id=\"\"\n\t\t\tdata-wishlist-type=\"\"\n\t\t\tdata-customer-id=\"\"\n\t\t\tdata-is-owner=\"\"\n\t\t\tdata-token=\"\"\n\t\t\tdata-nonce=\"049688362f\">\n\t\t\t<tbody class=\"wishlist-items-wrapper wishlist-empty\">\n\n\t\t\t\t\t\t\t<tr class=\"wishlist-empty-row\">\n\t\t\t\t\t<td colspan=\"3\" class=\"last-column\">\n\t\t\t\t\t\t<img decoding=\"async\" class=\"empty-image lazyload\" data-src=\"https:\/\/craftygenesindonesia.com\/wp-content\/plugins\/smart-wishlist-for-more-convert\/assets\/frontend\/images\/empty-wishlist.svg\" width=\"400\" height=\"216\" src=\"data:image\/svg+xml;base64,PHN2ZyB3aWR0aD0iMSIgaGVpZ2h0PSIxIiB4bWxucz0iaHR0cDovL3d3dy53My5vcmcvMjAwMC9zdmciPjwvc3ZnPg==\" style=\"--smush-placeholder-width: 400px; --smush-placeholder-aspect-ratio: 400\/216;\"><h3 class=\"empty-title\">YOUR WISHLIST IS EMPTY!<\/h3><div class=\"empty-content\"><p>You have not added any products to your wishlist.<\/p><\/div><a href=\"https:\/\/craftygenesindonesia.com\/fr\/boutique\/\" class=\"wc-forward button empty-button\">Aller \u00e0 la boutique<\/a>\t\t\t\t\t<\/td>\n\t\t\t\t<\/tr>\n\t\t\t\t\t\t<\/tbody>\n\t\t\t<tfoot class=\"wlfmc-wishlist-footer\">\n\t\t\t\t\t\t\n\t\t\t\n\t\t\t\n\t\t\t\n\t\t\t\n\t\t\t\n\t\t\t<\/tfoot>\n\t\t<\/table>\n\n\t\t\n\t\t\n\t\t\n\t<\/div>\n<\/form>\n\n<\/div><\/div>\n<\/div>\n<\/div>\n<\/div>","protected":false},"excerpt":{"rendered":"","protected":false},"author":1,"featured_media":0,"parent":0,"menu_order":0,"comment_status":"closed","ping_status":"closed","template":"","meta":{"_acf_changed":false,"footnotes":""},"class_list":["post-340707","page","type-page","status-publish","hentry"],"acf":[],"yoast_head":"<!-- This site is optimized with the Yoast SEO plugin v27.4 - https:\/\/yoast.com\/product\/yoast-seo-wordpress\/ -->\n<title>Liste de souhaits - Craftygenesindonesia<\/title>\n<meta name=\"description\" content=\"Sur cette page, vous pouvez voir tous les produits que vous avez ajout\u00e9s \u00e0 votre liste de souhaits De l\u00e0, vous pouvez aller \u00e0 la page du panier et les acheter\" \/>\n<meta name=\"robots\" content=\"index, follow, max-snippet:-1, max-image-preview:large, max-video-preview:-1\" \/>\n<link rel=\"canonical\" href=\"https:\/\/craftygenesindonesia.com\/fr\/liste-de-souhaits\/\" \/>\n<meta property=\"og:locale\" content=\"fr_FR\" \/>\n<meta property=\"og:type\" content=\"article\" \/>\n<meta property=\"og:title\" content=\"Liste de souhaits - Craftygenesindonesia\" \/>\n<meta property=\"og:description\" content=\"Sur cette page, vous pouvez voir tous les produits que vous avez ajout\u00e9s \u00e0 votre liste de souhaits De l\u00e0, vous pouvez aller \u00e0 la page du panier et les acheter\" \/>\n<meta property=\"og:url\" content=\"https:\/\/craftygenesindonesia.com\/fr\/liste-de-souhaits\/\" \/>\n<meta property=\"og:site_name\" content=\"Craftygenesindonesia\" \/>\n<meta property=\"article:modified_time\" content=\"2026-03-16T04:10:42+00:00\" \/>\n<meta name=\"twitter:card\" content=\"summary_large_image\" \/>\n<meta name=\"twitter:label1\" content=\"Dur\u00e9e de lecture estim\u00e9e\" \/>\n\t<meta name=\"twitter:data1\" content=\"1 minute\" \/>\n<script type=\"application\/ld+json\" class=\"yoast-schema-graph\">{\"@context\":\"https:\\\/\\\/schema.org\",\"@graph\":[{\"@type\":\"WebPage\",\"@id\":\"https:\\\/\\\/craftygenesindonesia.com\\\/fr\\\/liste-de-souhaits\\\/\",\"url\":\"https:\\\/\\\/craftygenesindonesia.com\\\/fr\\\/liste-de-souhaits\\\/\",\"name\":\"Liste de souhaits - Craftygenesindonesia\",\"isPartOf\":{\"@id\":\"https:\\\/\\\/craftygenesindonesia.com\\\/fr\\\/#website\"},\"datePublished\":\"2023-12-09T00:26:57+00:00\",\"dateModified\":\"2026-03-16T04:10:42+00:00\",\"description\":\"Sur cette page, vous pouvez voir tous les produits que vous avez ajout\u00e9s \u00e0 votre liste de souhaits De l\u00e0, vous pouvez aller \u00e0 la page du panier et les acheter\",\"breadcrumb\":{\"@id\":\"https:\\\/\\\/craftygenesindonesia.com\\\/fr\\\/liste-de-souhaits\\\/#breadcrumb\"},\"inLanguage\":\"fr-FR\",\"potentialAction\":[{\"@type\":\"ReadAction\",\"target\":[\"https:\\\/\\\/craftygenesindonesia.com\\\/fr\\\/liste-de-souhaits\\\/\"]}]},{\"@type\":\"BreadcrumbList\",\"@id\":\"https:\\\/\\\/craftygenesindonesia.com\\\/fr\\\/liste-de-souhaits\\\/#breadcrumb\",\"itemListElement\":[{\"@type\":\"ListItem\",\"position\":1,\"name\":\"Home\",\"item\":\"https:\\\/\\\/craftygenesindonesia.com\\\/fr\\\/\"},{\"@type\":\"ListItem\",\"position\":2,\"name\":\"Liste de souhaits\"}]},{\"@type\":\"WebSite\",\"@id\":\"https:\\\/\\\/craftygenesindonesia.com\\\/fr\\\/#website\",\"url\":\"https:\\\/\\\/craftygenesindonesia.com\\\/fr\\\/\",\"name\":\"Craftygenesindonesia\",\"description\":\"\",\"publisher\":{\"@id\":\"https:\\\/\\\/craftygenesindonesia.com\\\/fr\\\/#organization\"},\"potentialAction\":[{\"@type\":\"SearchAction\",\"target\":{\"@type\":\"EntryPoint\",\"urlTemplate\":\"https:\\\/\\\/craftygenesindonesia.com\\\/fr\\\/?s={search_term_string}\"},\"query-input\":{\"@type\":\"PropertyValueSpecification\",\"valueRequired\":true,\"valueName\":\"search_term_string\"}}],\"inLanguage\":\"fr-FR\"},{\"@type\":\"Organization\",\"@id\":\"https:\\\/\\\/craftygenesindonesia.com\\\/fr\\\/#organization\",\"name\":\"Craftygenesindonesia\",\"url\":\"https:\\\/\\\/craftygenesindonesia.com\\\/fr\\\/\",\"logo\":{\"@type\":\"ImageObject\",\"inLanguage\":\"fr-FR\",\"@id\":\"https:\\\/\\\/craftygenesindonesia.com\\\/fr\\\/#\\\/schema\\\/logo\\\/image\\\/\",\"url\":\"https:\\\/\\\/craftygenesindonesia.com\\\/wp-content\\\/uploads\\\/2025\\\/11\\\/cropped-Copy-of-Craftygenesindonesia.jpg\",\"contentUrl\":\"https:\\\/\\\/craftygenesindonesia.com\\\/wp-content\\\/uploads\\\/2025\\\/11\\\/cropped-Copy-of-Craftygenesindonesia.jpg\",\"width\":180,\"height\":60,\"caption\":\"Craftygenesindonesia\"},\"image\":{\"@id\":\"https:\\\/\\\/craftygenesindonesia.com\\\/fr\\\/#\\\/schema\\\/logo\\\/image\\\/\"}}]}<\/script>\n<!-- \/ Yoast SEO plugin. -->","yoast_head_json":{"title":"Liste de souhaits - Craftygenesindonesia","description":"Sur cette page, vous pouvez voir tous les produits que vous avez ajout\u00e9s \u00e0 votre liste de souhaits De l\u00e0, vous pouvez aller \u00e0 la page du panier et les acheter","robots":{"index":"index","follow":"follow","max-snippet":"max-snippet:-1","max-image-preview":"max-image-preview:large","max-video-preview":"max-video-preview:-1"},"canonical":"https:\/\/craftygenesindonesia.com\/fr\/liste-de-souhaits\/","og_locale":"fr_FR","og_type":"article","og_title":"Liste de souhaits - Craftygenesindonesia","og_description":"Sur cette page, vous pouvez voir tous les produits que vous avez ajout\u00e9s \u00e0 votre liste de souhaits De l\u00e0, vous pouvez aller \u00e0 la page du panier et les acheter","og_url":"https:\/\/craftygenesindonesia.com\/fr\/liste-de-souhaits\/","og_site_name":"Craftygenesindonesia","article_modified_time":"2026-03-16T04:10:42+00:00","twitter_card":"summary_large_image","twitter_misc":{"Dur\u00e9e de lecture estim\u00e9e":"1 minute"},"schema":{"@context":"https:\/\/schema.org","@graph":[{"@type":"WebPage","@id":"https:\/\/craftygenesindonesia.com\/fr\/liste-de-souhaits\/","url":"https:\/\/craftygenesindonesia.com\/fr\/liste-de-souhaits\/","name":"Liste de souhaits - Craftygenesindonesia","isPartOf":{"@id":"https:\/\/craftygenesindonesia.com\/fr\/#website"},"datePublished":"2023-12-09T00:26:57+00:00","dateModified":"2026-03-16T04:10:42+00:00","description":"Sur cette page, vous pouvez voir tous les produits que vous avez ajout\u00e9s \u00e0 votre liste de souhaits De l\u00e0, vous pouvez aller \u00e0 la page du panier et les acheter","breadcrumb":{"@id":"https:\/\/craftygenesindonesia.com\/fr\/liste-de-souhaits\/#breadcrumb"},"inLanguage":"fr-FR","potentialAction":[{"@type":"ReadAction","target":["https:\/\/craftygenesindonesia.com\/fr\/liste-de-souhaits\/"]}]},{"@type":"BreadcrumbList","@id":"https:\/\/craftygenesindonesia.com\/fr\/liste-de-souhaits\/#breadcrumb","itemListElement":[{"@type":"ListItem","position":1,"name":"Home","item":"https:\/\/craftygenesindonesia.com\/fr\/"},{"@type":"ListItem","position":2,"name":"Liste de souhaits"}]},{"@type":"WebSite","@id":"https:\/\/craftygenesindonesia.com\/fr\/#website","url":"https:\/\/craftygenesindonesia.com\/fr\/","name":"Craftygenesindonesia","description":"","publisher":{"@id":"https:\/\/craftygenesindonesia.com\/fr\/#organization"},"potentialAction":[{"@type":"SearchAction","target":{"@type":"EntryPoint","urlTemplate":"https:\/\/craftygenesindonesia.com\/fr\/?s={search_term_string}"},"query-input":{"@type":"PropertyValueSpecification","valueRequired":true,"valueName":"search_term_string"}}],"inLanguage":"fr-FR"},{"@type":"Organization","@id":"https:\/\/craftygenesindonesia.com\/fr\/#organization","name":"Craftygenesindonesia","url":"https:\/\/craftygenesindonesia.com\/fr\/","logo":{"@type":"ImageObject","inLanguage":"fr-FR","@id":"https:\/\/craftygenesindonesia.com\/fr\/#\/schema\/logo\/image\/","url":"https:\/\/craftygenesindonesia.com\/wp-content\/uploads\/2025\/11\/cropped-Copy-of-Craftygenesindonesia.jpg","contentUrl":"https:\/\/craftygenesindonesia.com\/wp-content\/uploads\/2025\/11\/cropped-Copy-of-Craftygenesindonesia.jpg","width":180,"height":60,"caption":"Craftygenesindonesia"},"image":{"@id":"https:\/\/craftygenesindonesia.com\/fr\/#\/schema\/logo\/image\/"}}]}},"_links":{"self":[{"href":"https:\/\/craftygenesindonesia.com\/fr\/wp-json\/wp\/v2\/pages\/340707","targetHints":{"allow":["GET"]}}],"collection":[{"href":"https:\/\/craftygenesindonesia.com\/fr\/wp-json\/wp\/v2\/pages"}],"about":[{"href":"https:\/\/craftygenesindonesia.com\/fr\/wp-json\/wp\/v2\/types\/page"}],"author":[{"embeddable":true,"href":"https:\/\/craftygenesindonesia.com\/fr\/wp-json\/wp\/v2\/users\/1"}],"replies":[{"embeddable":true,"href":"https:\/\/craftygenesindonesia.com\/fr\/wp-json\/wp\/v2\/comments?post=340707"}],"version-history":[{"count":0,"href":"https:\/\/craftygenesindonesia.com\/fr\/wp-json\/wp\/v2\/pages\/340707\/revisions"}],"wp:attachment":[{"href":"https:\/\/craftygenesindonesia.com\/fr\/wp-json\/wp\/v2\/media?parent=340707"}],"curies":[{"name":"wp","href":"https:\/\/api.w.org\/{rel}","templated":true}]}}