{"id":18883,"date":"2022-05-10T13:59:09","date_gmt":"2022-05-10T05:59:09","guid":{"rendered":"https:\/\/craftygenesindonesia.com\/?page_id=18883"},"modified":"2026-03-25T10:56:30","modified_gmt":"2026-03-25T02:56:30","slug":"clausede-non-responsabilite","status":"publish","type":"page","link":"https:\/\/craftygenesindonesia.com\/fr\/clausede-non-responsabilite\/","title":{"rendered":"Clause de non-responsabilit\u00e9"},"content":{"rendered":"<div class=\"et_pb_section_0 et_pb_section et_section_regular et_flex_section\">\n<div class=\"et_pb_row_0 et_pb_row et_flex_row et_flex_column_24_24 et_flex_column_24_24_tablet et_flex_column_24_24_phone\">\n<div class=\"et_pb_column_0 et_pb_column et-last-child et_flex_column et_pb_css_mix_blend_mode_passthrough et_flex_column_24_24 et_flex_column_24_24_tablet et_flex_column_24_24_phone\">\n<div class=\"et_pb_text_0 et_pb_text et_pb_bg_layout_light et_pb_module et_flex_module\"><div class=\"et_pb_text_inner\"><h2><strong>Clause de non-responsabilit\u00e9<\/strong><\/h2>\n<p><strong><\/strong><\/p>\n<p>Les informations fournies sur <strong>Craftygenesindonesia<\/strong> sont publi\u00e9es de bonne foi et \u00e0 des fins d'information g\u00e9n\u00e9rale et d'\u00e9ducation concernant le crochet, le tricot et les loisirs cr\u00e9atifs.<\/p>\n<p>Bien que tout soit mis en \u0153uvre pour garantir l'exactitude et l'actualit\u00e9 des informations figurant sur ce site web, Craftygenesindonesia ne donne aucune garantie quant \u00e0 l'exhaustivit\u00e9, la fiabilit\u00e9 ou l'exactitude des informations publi\u00e9es sur ce site.<\/p>\n<p>Toute action que vous entreprenez sur la base des informations figurant sur ce site web rel\u00e8ve strictement de votre propre responsabilit\u00e9. Craftygenesindonesia ne saurait \u00eatre tenu responsable des pertes, dommages ou pr\u00e9judices r\u00e9sultant de l'utilisation de ce site web ou des informations qui y sont fournies. <\/p>\n<hr>\n<h2><\/h2>\n<h2>Avertissement concernant les cr\u00e9ations artisanales et les patrons<\/h2>\n<p>Les mod\u00e8les de crochet et de tricot propos\u00e9s sur ce site web sont destin\u00e9s aux personnes disposant des comp\u00e9tences et de l'exp\u00e9rience n\u00e9cessaires pour r\u00e9aliser des cr\u00e9ations artisanales en toute s\u00e9curit\u00e9.<\/p>\n<p>Craftygenesindonesia ne peut garantir que chaque mod\u00e8le fonctionnera exactement de la m\u00eame mani\u00e8re pour tous les utilisateurs, car les r\u00e9sultats peuvent varier en fonction :<\/p>\n<ul>\n<li>Choix du fil<\/li>\n<li>Taille du crochet ou de l'aiguille<\/li>\n<li>Tension ou calibre<\/li>\n<li>Techniques artisanales individuelles<\/li>\n<li>Mat\u00e9riaux utilis\u00e9s<\/li>\n<\/ul>\n<p>Il incombe aux utilisateurs de s'assurer que les mat\u00e9riaux et les outils qu'ils utilisent sont adapt\u00e9s \u00e0 leurs projets.<\/p>\n<p>Craftygenesindonesia d\u00e9cline toute responsabilit\u00e9 en cas de dommages caus\u00e9s aux mat\u00e9riaux, aux outils ou aux objets finis r\u00e9sultant de l'utilisation des patrons ou des instructions disponibles sur ce site web.<\/p>\n<hr>\n<h2><\/h2>\n<h2>Avertissement relatif \u00e0 la s\u00e9curit\u00e9<\/h2>\n<p>Le crochet et le tricot n\u00e9cessitent l'utilisation d'outils tels que des crochets, des aiguilles, des ciseaux et d'autres accessoires de loisirs cr\u00e9atifs.<\/p>\n<p>Les utilisateurs doivent toujours faire preuve de prudence et respecter les consignes de s\u00e9curit\u00e9 lorsqu'ils utilisent des outils de bricolage.<\/p>\n<p>Craftygenesindonesia d\u00e9cline toute responsabilit\u00e9 concernant :<\/p>\n<ul>\n<li>Blessures r\u00e9sultant de l'utilisation d'outils de bricolage<\/li>\n<li>Dommages caus\u00e9s lors de la r\u00e9alisation de projets<\/li>\n<li>Utilisation inappropri\u00e9e du mat\u00e9riel ou des \u00e9quipements<\/li>\n<\/ul>\n<p>Toutes les activit\u00e9s de bricolage se font aux risques et p\u00e9rils de l'utilisateur.<\/p>\n<hr>\n<h2><\/h2>\n<h2>Avertissement concernant les articles finis<\/h2>\n<p>Les patrons disponibles sur ce site web sont destin\u00e9s \u00e0 la confection d'articles faits main. Craftygenesindonesia d\u00e9cline toute responsabilit\u00e9 quant \u00e0 la qualit\u00e9, la s\u00e9curit\u00e9 ou les performances des articles finis r\u00e9alis\u00e9s par des tiers \u00e0 partir de ces patrons. <\/p>\n<p>Si les objets finis sont vendus ou offerts \u00e0 des tiers, la personne qui les a cr\u00e9\u00e9s et distribu\u00e9s en assume l'enti\u00e8re responsabilit\u00e9 quant \u00e0 leur s\u00e9curit\u00e9 et leur ad\u00e9quation.<\/p>\n<hr>\n<h2><\/h2>\n<h2>Avertissement concernant les liens externes<\/h2>\n<p>Ce site web peut contenir des liens vers des sites web externes \u00e0 titre informatif ou pour des raisons pratiques.<\/p>\n<p>Craftygenesindonesia n'a aucun contr\u00f4le sur le contenu, les politiques ou les pratiques de ces sites Web externes et ne peut garantir leur exactitude, leur fiabilit\u00e9 ou leur s\u00e9curit\u00e9.<\/p>\n<p>La pr\u00e9sence de liens externes n'implique en aucun cas que nous approuvons le contenu de ces sites web.<\/p>\n<p>Les utilisateurs sont invit\u00e9s \u00e0 prendre connaissance des conditions d'utilisation et des politiques de confidentialit\u00e9 de tous les sites externes qu'ils consultent.<\/p>\n<hr>\n<h2><\/h2>\n<h2>Avertissement concernant les produits num\u00e9riques<\/h2>\n<p>Tous les produits num\u00e9riques vendus ou propos\u00e9s sur ce site web, y compris les patrons de crochet et de tricot, sont fournis sous forme de fichiers t\u00e9l\u00e9chargeables.<\/p>\n<p>Craftygenesindonesia d\u00e9cline toute responsabilit\u00e9 pour les probl\u00e8mes li\u00e9s \u00e0 :<\/p>\n<ul>\n<li>Compatibilit\u00e9 des appareils<\/li>\n<li>Logiciels permettant d'ouvrir les fichiers<\/li>\n<li>Probl\u00e8mes de connexion Internet<\/li>\n<li>Stockage ou perte de fichiers apr\u00e8s le t\u00e9l\u00e9chargement<\/li>\n<\/ul>\n<p>Il incombe \u00e0 l'acheteur de s'assurer que son appareil est capable de t\u00e9l\u00e9charger et d'ouvrir les formats de fichiers courants, tels que le PDF.<\/p>\n<hr>\n<h2><\/h2>\n<h2>Avertissement concernant les liens d'affiliation et les recommandations<\/h2>\n<p>De temps \u00e0 autre, Craftygenesindonesia peut recommander des outils, des fils, des livres ou d'autres produits li\u00e9s aux loisirs cr\u00e9atifs.<\/p>\n<p>Ces recommandations reposent sur une exp\u00e9rience ou une opinion personnelle et sont fournies \u00e0 titre purement informatif.<\/p>\n<p>Craftygenesindonesia ne garantit pas la qualit\u00e9, la s\u00e9curit\u00e9 ni les performances des produits achet\u00e9s aupr\u00e8s de vendeurs tiers.<\/p>\n<hr>\n<h2><\/h2>\n<h2>Modifications apport\u00e9es \u00e0 la pr\u00e9sente clause de non-responsabilit\u00e9<\/h2>\n<p>Craftygenesindonesia se r\u00e9serve le droit de mettre \u00e0 jour, de modifier ou de changer la pr\u00e9sente clause de non-responsabilit\u00e9 \u00e0 tout moment et sans pr\u00e9avis.<\/p>\n<p>En utilisant ce site web, vous acceptez la pr\u00e9sente clause de non-responsabilit\u00e9 ainsi que toute mise \u00e0 jour future.<\/p>\n<\/div><\/div>\n<\/div>\n<\/div>\n<\/div>","protected":false},"excerpt":{"rendered":"","protected":false},"author":1,"featured_media":0,"parent":0,"menu_order":0,"comment_status":"closed","ping_status":"closed","template":"","meta":{"_acf_changed":false,"footnotes":""},"class_list":["post-18883","page","type-page","status-publish","hentry"],"acf":[],"yoast_head":"<!-- This site is optimized with the Yoast SEO plugin v27.4 - https:\/\/yoast.com\/product\/yoast-seo-wordpress\/ -->\n<title>Clause de non-responsabilit\u00e9 - Craftygenesindonesia<\/title>\n<meta name=\"description\" content=\"Voici ma page de mentions l\u00e9gales.\" \/>\n<meta name=\"robots\" content=\"index, follow, max-snippet:-1, max-image-preview:large, max-video-preview:-1\" \/>\n<link rel=\"canonical\" href=\"https:\/\/craftygenesindonesia.com\/fr\/clausede-non-responsabilite\/\" \/>\n<meta property=\"og:locale\" content=\"fr_FR\" \/>\n<meta property=\"og:type\" content=\"article\" \/>\n<meta property=\"og:title\" content=\"Clause de non-responsabilit\u00e9 - Craftygenesindonesia\" \/>\n<meta property=\"og:description\" content=\"Voici ma page de mentions l\u00e9gales.\" \/>\n<meta property=\"og:url\" content=\"https:\/\/craftygenesindonesia.com\/fr\/clausede-non-responsabilite\/\" \/>\n<meta property=\"og:site_name\" content=\"Craftygenesindonesia\" \/>\n<meta property=\"article:modified_time\" content=\"2026-03-25T02:56:30+00:00\" \/>\n<meta name=\"twitter:card\" content=\"summary_large_image\" \/>\n<meta name=\"twitter:label1\" content=\"Dur\u00e9e de lecture estim\u00e9e\" \/>\n\t<meta name=\"twitter:data1\" content=\"2 minutes\" \/>\n<script type=\"application\/ld+json\" class=\"yoast-schema-graph\">{\"@context\":\"https:\\\/\\\/schema.org\",\"@graph\":[{\"@type\":\"WebPage\",\"@id\":\"https:\\\/\\\/craftygenesindonesia.com\\\/fr\\\/clausede-non-responsabilite\\\/\",\"url\":\"https:\\\/\\\/craftygenesindonesia.com\\\/fr\\\/clausede-non-responsabilite\\\/\",\"name\":\"Clause de non-responsabilit\u00e9 - Craftygenesindonesia\",\"isPartOf\":{\"@id\":\"https:\\\/\\\/craftygenesindonesia.com\\\/fr\\\/#website\"},\"datePublished\":\"2022-05-10T05:59:09+00:00\",\"dateModified\":\"2026-03-25T02:56:30+00:00\",\"description\":\"Voici ma page de mentions l\u00e9gales.\",\"breadcrumb\":{\"@id\":\"https:\\\/\\\/craftygenesindonesia.com\\\/fr\\\/clausede-non-responsabilite\\\/#breadcrumb\"},\"inLanguage\":\"fr-FR\",\"potentialAction\":[{\"@type\":\"ReadAction\",\"target\":[\"https:\\\/\\\/craftygenesindonesia.com\\\/fr\\\/clausede-non-responsabilite\\\/\"]}]},{\"@type\":\"BreadcrumbList\",\"@id\":\"https:\\\/\\\/craftygenesindonesia.com\\\/fr\\\/clausede-non-responsabilite\\\/#breadcrumb\",\"itemListElement\":[{\"@type\":\"ListItem\",\"position\":1,\"name\":\"Home\",\"item\":\"https:\\\/\\\/craftygenesindonesia.com\\\/fr\\\/\"},{\"@type\":\"ListItem\",\"position\":2,\"name\":\"Clause de non-responsabilit\u00e9\"}]},{\"@type\":\"WebSite\",\"@id\":\"https:\\\/\\\/craftygenesindonesia.com\\\/fr\\\/#website\",\"url\":\"https:\\\/\\\/craftygenesindonesia.com\\\/fr\\\/\",\"name\":\"Craftygenesindonesia\",\"description\":\"\",\"publisher\":{\"@id\":\"https:\\\/\\\/craftygenesindonesia.com\\\/fr\\\/#organization\"},\"potentialAction\":[{\"@type\":\"SearchAction\",\"target\":{\"@type\":\"EntryPoint\",\"urlTemplate\":\"https:\\\/\\\/craftygenesindonesia.com\\\/fr\\\/?s={search_term_string}\"},\"query-input\":{\"@type\":\"PropertyValueSpecification\",\"valueRequired\":true,\"valueName\":\"search_term_string\"}}],\"inLanguage\":\"fr-FR\"},{\"@type\":\"Organization\",\"@id\":\"https:\\\/\\\/craftygenesindonesia.com\\\/fr\\\/#organization\",\"name\":\"Craftygenesindonesia\",\"url\":\"https:\\\/\\\/craftygenesindonesia.com\\\/fr\\\/\",\"logo\":{\"@type\":\"ImageObject\",\"inLanguage\":\"fr-FR\",\"@id\":\"https:\\\/\\\/craftygenesindonesia.com\\\/fr\\\/#\\\/schema\\\/logo\\\/image\\\/\",\"url\":\"https:\\\/\\\/craftygenesindonesia.com\\\/wp-content\\\/uploads\\\/2025\\\/11\\\/cropped-Copy-of-Craftygenesindonesia.jpg\",\"contentUrl\":\"https:\\\/\\\/craftygenesindonesia.com\\\/wp-content\\\/uploads\\\/2025\\\/11\\\/cropped-Copy-of-Craftygenesindonesia.jpg\",\"width\":180,\"height\":60,\"caption\":\"Craftygenesindonesia\"},\"image\":{\"@id\":\"https:\\\/\\\/craftygenesindonesia.com\\\/fr\\\/#\\\/schema\\\/logo\\\/image\\\/\"}}]}<\/script>\n<!-- \/ Yoast SEO plugin. -->","yoast_head_json":{"title":"Clause de non-responsabilit\u00e9 - Craftygenesindonesia","description":"Voici ma page de mentions l\u00e9gales.","robots":{"index":"index","follow":"follow","max-snippet":"max-snippet:-1","max-image-preview":"max-image-preview:large","max-video-preview":"max-video-preview:-1"},"canonical":"https:\/\/craftygenesindonesia.com\/fr\/clausede-non-responsabilite\/","og_locale":"fr_FR","og_type":"article","og_title":"Clause de non-responsabilit\u00e9 - Craftygenesindonesia","og_description":"Voici ma page de mentions l\u00e9gales.","og_url":"https:\/\/craftygenesindonesia.com\/fr\/clausede-non-responsabilite\/","og_site_name":"Craftygenesindonesia","article_modified_time":"2026-03-25T02:56:30+00:00","twitter_card":"summary_large_image","twitter_misc":{"Dur\u00e9e de lecture estim\u00e9e":"2 minutes"},"schema":{"@context":"https:\/\/schema.org","@graph":[{"@type":"WebPage","@id":"https:\/\/craftygenesindonesia.com\/fr\/clausede-non-responsabilite\/","url":"https:\/\/craftygenesindonesia.com\/fr\/clausede-non-responsabilite\/","name":"Clause de non-responsabilit\u00e9 - Craftygenesindonesia","isPartOf":{"@id":"https:\/\/craftygenesindonesia.com\/fr\/#website"},"datePublished":"2022-05-10T05:59:09+00:00","dateModified":"2026-03-25T02:56:30+00:00","description":"Voici ma page de mentions l\u00e9gales.","breadcrumb":{"@id":"https:\/\/craftygenesindonesia.com\/fr\/clausede-non-responsabilite\/#breadcrumb"},"inLanguage":"fr-FR","potentialAction":[{"@type":"ReadAction","target":["https:\/\/craftygenesindonesia.com\/fr\/clausede-non-responsabilite\/"]}]},{"@type":"BreadcrumbList","@id":"https:\/\/craftygenesindonesia.com\/fr\/clausede-non-responsabilite\/#breadcrumb","itemListElement":[{"@type":"ListItem","position":1,"name":"Home","item":"https:\/\/craftygenesindonesia.com\/fr\/"},{"@type":"ListItem","position":2,"name":"Clause de non-responsabilit\u00e9"}]},{"@type":"WebSite","@id":"https:\/\/craftygenesindonesia.com\/fr\/#website","url":"https:\/\/craftygenesindonesia.com\/fr\/","name":"Craftygenesindonesia","description":"","publisher":{"@id":"https:\/\/craftygenesindonesia.com\/fr\/#organization"},"potentialAction":[{"@type":"SearchAction","target":{"@type":"EntryPoint","urlTemplate":"https:\/\/craftygenesindonesia.com\/fr\/?s={search_term_string}"},"query-input":{"@type":"PropertyValueSpecification","valueRequired":true,"valueName":"search_term_string"}}],"inLanguage":"fr-FR"},{"@type":"Organization","@id":"https:\/\/craftygenesindonesia.com\/fr\/#organization","name":"Craftygenesindonesia","url":"https:\/\/craftygenesindonesia.com\/fr\/","logo":{"@type":"ImageObject","inLanguage":"fr-FR","@id":"https:\/\/craftygenesindonesia.com\/fr\/#\/schema\/logo\/image\/","url":"https:\/\/craftygenesindonesia.com\/wp-content\/uploads\/2025\/11\/cropped-Copy-of-Craftygenesindonesia.jpg","contentUrl":"https:\/\/craftygenesindonesia.com\/wp-content\/uploads\/2025\/11\/cropped-Copy-of-Craftygenesindonesia.jpg","width":180,"height":60,"caption":"Craftygenesindonesia"},"image":{"@id":"https:\/\/craftygenesindonesia.com\/fr\/#\/schema\/logo\/image\/"}}]}},"_links":{"self":[{"href":"https:\/\/craftygenesindonesia.com\/fr\/wp-json\/wp\/v2\/pages\/18883","targetHints":{"allow":["GET"]}}],"collection":[{"href":"https:\/\/craftygenesindonesia.com\/fr\/wp-json\/wp\/v2\/pages"}],"about":[{"href":"https:\/\/craftygenesindonesia.com\/fr\/wp-json\/wp\/v2\/types\/page"}],"author":[{"embeddable":true,"href":"https:\/\/craftygenesindonesia.com\/fr\/wp-json\/wp\/v2\/users\/1"}],"replies":[{"embeddable":true,"href":"https:\/\/craftygenesindonesia.com\/fr\/wp-json\/wp\/v2\/comments?post=18883"}],"version-history":[{"count":3,"href":"https:\/\/craftygenesindonesia.com\/fr\/wp-json\/wp\/v2\/pages\/18883\/revisions"}],"predecessor-version":[{"id":987540158,"href":"https:\/\/craftygenesindonesia.com\/fr\/wp-json\/wp\/v2\/pages\/18883\/revisions\/987540158"}],"wp:attachment":[{"href":"https:\/\/craftygenesindonesia.com\/fr\/wp-json\/wp\/v2\/media?parent=18883"}],"curies":[{"name":"wp","href":"https:\/\/api.w.org\/{rel}","templated":true}]}}