{"id":987540290,"date":"2026-03-25T20:01:46","date_gmt":"2026-03-25T12:01:46","guid":{"rendered":"https:\/\/craftygenesindonesia.com\/shop\/sin categor\u00eda\/jesus-3en1\/"},"modified":"2026-03-25T20:01:46","modified_gmt":"2026-03-25T12:01:46","slug":"jesus-3en1","status":"publish","type":"product","link":"https:\/\/craftygenesindonesia.com\/es\/shop\/pascua\/jesus-3en1\/","title":{"rendered":"Jes\u00fas 3en1"},"content":{"rendered":"<p style=\"font-weight: 400;\"><strong>Jes\u00fas 3en1<\/strong><\/p>\n<p style=\"font-weight: 400;\"><strong>Tipo de archivo <\/strong>: patr\u00f3n de ganchillo &#8211; descarga digital, no es un art\u00edculo f\u00edsico<\/p>\n<p style=\"font-weight: 400;\"><strong>Idiomas disponibles<\/strong>: ingl\u00e9s, neerland\u00e9s, franc\u00e9s, espa\u00f1ol, alem\u00e1n<\/p>\n<p style=\"font-weight: 400;\"><strong>Dimensiones del art\u00edculo terminado:<\/strong> 31 x 73 x 43 cm \/ 12,2 x 28,7 x 16,9 pulgadas<\/p>\n<p style=\"font-weight: 400;\"><strong> <\/strong><\/p>\n<p style=\"font-weight: 400;\"><strong>Tipo de hilo: <\/strong>hilo de grosor \u00abfingering\u00bb (tama\u00f1o 3)<\/p>\n<p style=\"font-weight: 400;\"><strong>Marcas recomendadas <\/strong>: Catona de Scheepjes, Durable Coral, ..<\/p>\n<p style=\"font-weight: 400;\"><strong>Colores de hilo necesarios<\/strong>: color piel, blanco, marr\u00f3n, marr\u00f3n oscuro, negro, color arena, gris, marr\u00f3n dorado, gris claro, azul claro, magenta, salm\u00f3n oscuro, verde oliva oscuro, azul marino, naranja oscuro<\/p>\n<p style=\"font-weight: 400;\"><strong>Aguja de ganchillo: <\/strong>2 mm<\/p>\n<p style=\"font-weight: 400;\"><strong>Otros materiales necesarios:<\/strong> alambre para manualidades de 1 mm, alambre de aluminio de 2 mm, relleno, tijeras, marcadores de puntos, alfileres de costura, l\u00e1piz, reglas, cart\u00f3n de 1 mm, cart\u00f3n de 3 mm, madera contrachapada de 20 mm (+ herramientas para cortarla), tornillos + destornillador, aguja de tapiz, pegamento, pistola de pegamento, tela de pl\u00e1stico (se puede sustituir por cart\u00f3n de 1 mm), rotulador rojo, fieltro marr\u00f3n oscuro<\/p>\n<p style=\"font-weight: 400;\"><strong>Informaci\u00f3n sobre derechos de autor y ayuda :<\/strong><\/p>\n<p style=\"font-weight: 400;\">Este patr\u00f3n es un patr\u00f3n escrito (digital) con muchas fotos para ayudarte. <a href=\"mailto:craftygenesindonesia@gmail.com\">Si tienes preguntas sobre el patr\u00f3n, env\u00edame un correo electr\u00f3nico a craftygenesindonesia@gmail.com<\/a> <\/p>\n<p style=\"font-weight: 400;\"><strong>Este patr\u00f3n digital de ganchillo es s\u00f3lo para uso personal y tiene copyright. Por lo tanto, usted no puede copiar, vender, revender, traducir, reclamar como su propio dise\u00f1o, distribuir, compartir, publicar, publicar s\u00f3lo, &#8230; de cualquier manera o forma sin mi permiso. \u00a1Ni siquiera una parte!  <\/strong><\/p>\n<p style=\"font-weight: 400;\"><strong> <\/strong><\/p>\n<p><strong>Puedes vender el producto acabado o el art\u00edculo, en peque\u00f1as cantidades, pero no puedes vender el patr\u00f3n de ganchillo en s\u00ed. Menciona que el patr\u00f3n de ganchillo es m\u00edo, de Craftygenesindonesia, y d\u00f3nde se puede comprar. <\/strong><\/p>\n","protected":false},"excerpt":{"rendered":"<p>Crea una bonita composici\u00f3n artesanal con este conjunto de patrones de ganchillo 3 en 1 inspirado en la historia de la Pascua. Este patr\u00f3n incluye dise\u00f1os de la crucifixi\u00f3n, la resurrecci\u00f3n y la ascensi\u00f3n, adem\u00e1s de detalladas figuras de Mar\u00eda, Mar\u00eda Magdalena, San Juan Ap\u00f3stol y San Pedro Ap\u00f3stol. <\/p>\n<p>Con unas instrucciones claras y detalladas, podr\u00e1s dar vida a cada escena y crear un conjunto completo y simb\u00f3lico, ideal como elemento decorativo o como exposici\u00f3n de temporada con un toque personal y artesanal.<\/p>\n","protected":false},"featured_media":987540262,"comment_status":"open","ping_status":"closed","template":"","meta":{"_acf_changed":false},"product_brand":[],"product_cat":[3056,3077],"product_tag":[13703,12103,12090,12092,13720,10090,13699,13700,13701,13721,12108],"class_list":{"0":"post-987540290","1":"product","2":"type-product","3":"status-publish","4":"has-post-thumbnail","6":"product_cat-pascua","7":"product_cat-religioso","8":"product_tag-apostol","9":"product_tag-blessed-mary-es","10":"product_tag-catholic-es","11":"product_tag-christian-es","12":"product_tag-jesucristo","13":"product_tag-jesus-es","14":"product_tag-maria-magdalena","15":"product_tag-san-juan","16":"product_tag-san-pedro","17":"product_tag-simon","18":"product_tag-virgin-mary-es","19":"pa_available_on-craftygenesindonesia","20":"pa_available_on-etsy","21":"pa_available_on-haked-nl","22":"pa_available_on-payhip","23":"pa_available_on-ravelry","24":"pa_languages-aleman","25":"pa_languages-espanol","26":"pa_languages-estados-unidos-ingles","27":"pa_languages-frances","28":"pa_languages-holandes","30":"first","31":"instock","32":"downloadable","33":"virtual","34":"purchasable","35":"product-type-simple"},"acf":[],"yoast_head":"<!-- This site is optimized with the Yoast SEO plugin v27.4 - https:\/\/yoast.com\/product\/yoast-seo-wordpress\/ -->\n<title>Jes\u00fas 3en1 - Craftygenesindonesia<\/title>\n<meta name=\"robots\" content=\"index, follow, max-snippet:-1, max-image-preview:large, max-video-preview:-1\" \/>\n<link rel=\"canonical\" href=\"https:\/\/craftygenesindonesia.com\/es\/shop\/pascua\/jesus-3en1\/\" \/>\n<meta property=\"og:locale\" content=\"es_ES\" \/>\n<meta property=\"og:type\" content=\"article\" \/>\n<meta property=\"og:title\" content=\"Jes\u00fas 3en1 - Craftygenesindonesia\" \/>\n<meta property=\"og:description\" content=\"Crea una bonita composici\u00f3n artesanal con este conjunto de patrones de ganchillo 3 en 1 inspirado en la historia de la Pascua. Este patr\u00f3n incluye dise\u00f1os de la crucifixi\u00f3n, la resurrecci\u00f3n y la ascensi\u00f3n, adem\u00e1s de detalladas figuras de Mar\u00eda, Mar\u00eda Magdalena, San Juan Ap\u00f3stol y San Pedro Ap\u00f3stol.  Con unas instrucciones claras y detalladas, podr\u00e1s dar vida a cada escena y crear un conjunto completo y simb\u00f3lico, ideal como elemento decorativo o como exposici\u00f3n de temporada con un toque personal y artesanal.\" \/>\n<meta property=\"og:url\" content=\"https:\/\/craftygenesindonesia.com\/es\/shop\/pascua\/jesus-3en1\/\" \/>\n<meta property=\"og:site_name\" content=\"Craftygenesindonesia\" \/>\n<meta property=\"og:image\" content=\"https:\/\/craftygenesindonesia.com\/wp-content\/uploads\/2026\/03\/1.png\" \/>\n\t<meta property=\"og:image:width\" content=\"1080\" \/>\n\t<meta property=\"og:image:height\" content=\"1080\" \/>\n\t<meta property=\"og:image:type\" content=\"image\/png\" \/>\n<meta name=\"twitter:card\" content=\"summary_large_image\" \/>\n<meta name=\"twitter:label1\" content=\"Tiempo de lectura\" \/>\n\t<meta name=\"twitter:data1\" content=\"1 minuto\" \/>\n<script type=\"application\/ld+json\" class=\"yoast-schema-graph\">{\"@context\":\"https:\\\/\\\/schema.org\",\"@graph\":[{\"@type\":\"WebPage\",\"@id\":\"https:\\\/\\\/craftygenesindonesia.com\\\/es\\\/shop\\\/pascua\\\/jesus-3en1\\\/\",\"url\":\"https:\\\/\\\/craftygenesindonesia.com\\\/es\\\/shop\\\/pascua\\\/jesus-3en1\\\/\",\"name\":\"Jes\u00fas 3en1 - Craftygenesindonesia\",\"isPartOf\":{\"@id\":\"https:\\\/\\\/craftygenesindonesia.com\\\/es\\\/#website\"},\"primaryImageOfPage\":{\"@id\":\"https:\\\/\\\/craftygenesindonesia.com\\\/es\\\/shop\\\/pascua\\\/jesus-3en1\\\/#primaryimage\"},\"image\":{\"@id\":\"https:\\\/\\\/craftygenesindonesia.com\\\/es\\\/shop\\\/pascua\\\/jesus-3en1\\\/#primaryimage\"},\"thumbnailUrl\":\"https:\\\/\\\/craftygenesindonesia.com\\\/wp-content\\\/uploads\\\/2026\\\/03\\\/1.png\",\"datePublished\":\"2026-03-25T12:01:46+00:00\",\"breadcrumb\":{\"@id\":\"https:\\\/\\\/craftygenesindonesia.com\\\/es\\\/shop\\\/pascua\\\/jesus-3en1\\\/#breadcrumb\"},\"inLanguage\":\"es\",\"potentialAction\":[{\"@type\":\"ReadAction\",\"target\":[\"https:\\\/\\\/craftygenesindonesia.com\\\/es\\\/shop\\\/pascua\\\/jesus-3en1\\\/\"]}]},{\"@type\":\"ImageObject\",\"inLanguage\":\"es\",\"@id\":\"https:\\\/\\\/craftygenesindonesia.com\\\/es\\\/shop\\\/pascua\\\/jesus-3en1\\\/#primaryimage\",\"url\":\"https:\\\/\\\/craftygenesindonesia.com\\\/wp-content\\\/uploads\\\/2026\\\/03\\\/1.png\",\"contentUrl\":\"https:\\\/\\\/craftygenesindonesia.com\\\/wp-content\\\/uploads\\\/2026\\\/03\\\/1.png\",\"width\":1080,\"height\":1080,\"caption\":\"Conjunto de ganchillo 3 en 1 con el crucifijo de Jes\u00fas, la resurrecci\u00f3n y la ascensi\u00f3n. Incluye figuras de ganchillo de Jes\u00fas, Mar\u00eda, Mar\u00eda Magdalena, el ap\u00f3stol Juan y el ap\u00f3stol Pedro.\"},{\"@type\":\"BreadcrumbList\",\"@id\":\"https:\\\/\\\/craftygenesindonesia.com\\\/es\\\/shop\\\/pascua\\\/jesus-3en1\\\/#breadcrumb\",\"itemListElement\":[{\"@type\":\"ListItem\",\"position\":1,\"name\":\"Home\",\"item\":\"https:\\\/\\\/craftygenesindonesia.com\\\/es\\\/\"},{\"@type\":\"ListItem\",\"position\":2,\"name\":\"Tienda de patrones\",\"item\":\"https:\\\/\\\/craftygenesindonesia.com\\\/es\\\/tienda-de-patrones\\\/\"},{\"@type\":\"ListItem\",\"position\":3,\"name\":\"Jes\u00fas 3en1\"}]},{\"@type\":\"WebSite\",\"@id\":\"https:\\\/\\\/craftygenesindonesia.com\\\/es\\\/#website\",\"url\":\"https:\\\/\\\/craftygenesindonesia.com\\\/es\\\/\",\"name\":\"Craftygenesindonesia\",\"description\":\"\",\"publisher\":{\"@id\":\"https:\\\/\\\/craftygenesindonesia.com\\\/es\\\/#organization\"},\"potentialAction\":[{\"@type\":\"SearchAction\",\"target\":{\"@type\":\"EntryPoint\",\"urlTemplate\":\"https:\\\/\\\/craftygenesindonesia.com\\\/es\\\/?s={search_term_string}\"},\"query-input\":{\"@type\":\"PropertyValueSpecification\",\"valueRequired\":true,\"valueName\":\"search_term_string\"}}],\"inLanguage\":\"es\"},{\"@type\":\"Organization\",\"@id\":\"https:\\\/\\\/craftygenesindonesia.com\\\/es\\\/#organization\",\"name\":\"Craftygenesindonesia\",\"url\":\"https:\\\/\\\/craftygenesindonesia.com\\\/es\\\/\",\"logo\":{\"@type\":\"ImageObject\",\"inLanguage\":\"es\",\"@id\":\"https:\\\/\\\/craftygenesindonesia.com\\\/es\\\/#\\\/schema\\\/logo\\\/image\\\/\",\"url\":\"https:\\\/\\\/craftygenesindonesia.com\\\/wp-content\\\/uploads\\\/2025\\\/11\\\/cropped-Copy-of-Craftygenesindonesia.jpg\",\"contentUrl\":\"https:\\\/\\\/craftygenesindonesia.com\\\/wp-content\\\/uploads\\\/2025\\\/11\\\/cropped-Copy-of-Craftygenesindonesia.jpg\",\"width\":180,\"height\":60,\"caption\":\"Craftygenesindonesia\"},\"image\":{\"@id\":\"https:\\\/\\\/craftygenesindonesia.com\\\/es\\\/#\\\/schema\\\/logo\\\/image\\\/\"}}]}<\/script>\n<!-- \/ Yoast SEO plugin. -->","yoast_head_json":{"title":"Jes\u00fas 3en1 - Craftygenesindonesia","robots":{"index":"index","follow":"follow","max-snippet":"max-snippet:-1","max-image-preview":"max-image-preview:large","max-video-preview":"max-video-preview:-1"},"canonical":"https:\/\/craftygenesindonesia.com\/es\/shop\/pascua\/jesus-3en1\/","og_locale":"es_ES","og_type":"article","og_title":"Jes\u00fas 3en1 - Craftygenesindonesia","og_description":"Crea una bonita composici\u00f3n artesanal con este conjunto de patrones de ganchillo 3 en 1 inspirado en la historia de la Pascua. Este patr\u00f3n incluye dise\u00f1os de la crucifixi\u00f3n, la resurrecci\u00f3n y la ascensi\u00f3n, adem\u00e1s de detalladas figuras de Mar\u00eda, Mar\u00eda Magdalena, San Juan Ap\u00f3stol y San Pedro Ap\u00f3stol.  Con unas instrucciones claras y detalladas, podr\u00e1s dar vida a cada escena y crear un conjunto completo y simb\u00f3lico, ideal como elemento decorativo o como exposici\u00f3n de temporada con un toque personal y artesanal.","og_url":"https:\/\/craftygenesindonesia.com\/es\/shop\/pascua\/jesus-3en1\/","og_site_name":"Craftygenesindonesia","og_image":[{"width":1080,"height":1080,"url":"https:\/\/craftygenesindonesia.com\/wp-content\/uploads\/2026\/03\/1.png","type":"image\/png"}],"twitter_card":"summary_large_image","twitter_misc":{"Tiempo de lectura":"1 minuto"},"schema":{"@context":"https:\/\/schema.org","@graph":[{"@type":"WebPage","@id":"https:\/\/craftygenesindonesia.com\/es\/shop\/pascua\/jesus-3en1\/","url":"https:\/\/craftygenesindonesia.com\/es\/shop\/pascua\/jesus-3en1\/","name":"Jes\u00fas 3en1 - Craftygenesindonesia","isPartOf":{"@id":"https:\/\/craftygenesindonesia.com\/es\/#website"},"primaryImageOfPage":{"@id":"https:\/\/craftygenesindonesia.com\/es\/shop\/pascua\/jesus-3en1\/#primaryimage"},"image":{"@id":"https:\/\/craftygenesindonesia.com\/es\/shop\/pascua\/jesus-3en1\/#primaryimage"},"thumbnailUrl":"https:\/\/craftygenesindonesia.com\/wp-content\/uploads\/2026\/03\/1.png","datePublished":"2026-03-25T12:01:46+00:00","breadcrumb":{"@id":"https:\/\/craftygenesindonesia.com\/es\/shop\/pascua\/jesus-3en1\/#breadcrumb"},"inLanguage":"es","potentialAction":[{"@type":"ReadAction","target":["https:\/\/craftygenesindonesia.com\/es\/shop\/pascua\/jesus-3en1\/"]}]},{"@type":"ImageObject","inLanguage":"es","@id":"https:\/\/craftygenesindonesia.com\/es\/shop\/pascua\/jesus-3en1\/#primaryimage","url":"https:\/\/craftygenesindonesia.com\/wp-content\/uploads\/2026\/03\/1.png","contentUrl":"https:\/\/craftygenesindonesia.com\/wp-content\/uploads\/2026\/03\/1.png","width":1080,"height":1080,"caption":"Conjunto de ganchillo 3 en 1 con el crucifijo de Jes\u00fas, la resurrecci\u00f3n y la ascensi\u00f3n. Incluye figuras de ganchillo de Jes\u00fas, Mar\u00eda, Mar\u00eda Magdalena, el ap\u00f3stol Juan y el ap\u00f3stol Pedro."},{"@type":"BreadcrumbList","@id":"https:\/\/craftygenesindonesia.com\/es\/shop\/pascua\/jesus-3en1\/#breadcrumb","itemListElement":[{"@type":"ListItem","position":1,"name":"Home","item":"https:\/\/craftygenesindonesia.com\/es\/"},{"@type":"ListItem","position":2,"name":"Tienda de patrones","item":"https:\/\/craftygenesindonesia.com\/es\/tienda-de-patrones\/"},{"@type":"ListItem","position":3,"name":"Jes\u00fas 3en1"}]},{"@type":"WebSite","@id":"https:\/\/craftygenesindonesia.com\/es\/#website","url":"https:\/\/craftygenesindonesia.com\/es\/","name":"Craftygenesindonesia","description":"","publisher":{"@id":"https:\/\/craftygenesindonesia.com\/es\/#organization"},"potentialAction":[{"@type":"SearchAction","target":{"@type":"EntryPoint","urlTemplate":"https:\/\/craftygenesindonesia.com\/es\/?s={search_term_string}"},"query-input":{"@type":"PropertyValueSpecification","valueRequired":true,"valueName":"search_term_string"}}],"inLanguage":"es"},{"@type":"Organization","@id":"https:\/\/craftygenesindonesia.com\/es\/#organization","name":"Craftygenesindonesia","url":"https:\/\/craftygenesindonesia.com\/es\/","logo":{"@type":"ImageObject","inLanguage":"es","@id":"https:\/\/craftygenesindonesia.com\/es\/#\/schema\/logo\/image\/","url":"https:\/\/craftygenesindonesia.com\/wp-content\/uploads\/2025\/11\/cropped-Copy-of-Craftygenesindonesia.jpg","contentUrl":"https:\/\/craftygenesindonesia.com\/wp-content\/uploads\/2025\/11\/cropped-Copy-of-Craftygenesindonesia.jpg","width":180,"height":60,"caption":"Craftygenesindonesia"},"image":{"@id":"https:\/\/craftygenesindonesia.com\/es\/#\/schema\/logo\/image\/"}}]}},"_links":{"self":[{"href":"https:\/\/craftygenesindonesia.com\/es\/wp-json\/wp\/v2\/product\/987540290","targetHints":{"allow":["GET"]}}],"collection":[{"href":"https:\/\/craftygenesindonesia.com\/es\/wp-json\/wp\/v2\/product"}],"about":[{"href":"https:\/\/craftygenesindonesia.com\/es\/wp-json\/wp\/v2\/types\/product"}],"replies":[{"embeddable":true,"href":"https:\/\/craftygenesindonesia.com\/es\/wp-json\/wp\/v2\/comments?post=987540290"}],"wp:featuredmedia":[{"embeddable":true,"href":"https:\/\/craftygenesindonesia.com\/es\/wp-json\/wp\/v2\/media\/987540262"}],"wp:attachment":[{"href":"https:\/\/craftygenesindonesia.com\/es\/wp-json\/wp\/v2\/media?parent=987540290"}],"wp:term":[{"taxonomy":"product_brand","embeddable":true,"href":"https:\/\/craftygenesindonesia.com\/es\/wp-json\/wp\/v2\/product_brand?post=987540290"},{"taxonomy":"product_cat","embeddable":true,"href":"https:\/\/craftygenesindonesia.com\/es\/wp-json\/wp\/v2\/product_cat?post=987540290"},{"taxonomy":"product_tag","embeddable":true,"href":"https:\/\/craftygenesindonesia.com\/es\/wp-json\/wp\/v2\/product_tag?post=987540290"}],"curies":[{"name":"wp","href":"https:\/\/api.w.org\/{rel}","templated":true}]}}