{"id":987535984,"date":"2026-02-11T10:21:04","date_gmt":"2026-02-11T02:21:04","guid":{"rendered":"https:\/\/craftygenesindonesia.com\/?post_type=product&#038;p=987535984"},"modified":"2026-03-17T21:29:12","modified_gmt":"2026-03-17T13:29:12","slug":"felix-y-leontina-los-conejos-de-pascua","status":"publish","type":"product","link":"https:\/\/craftygenesindonesia.com\/es\/shop\/animales\/felix-y-leontina-los-conejos-de-pascua\/","title":{"rendered":"F\u00e9lix y Leontina los conejos de Pascua"},"content":{"rendered":"<p><b>F\u00e9lix y Leontina los conejos de Pascua<\/b><b><\/b><\/p>\n<p>&nbsp;<\/p>\n<p><b>Tipo de archivo <\/b>: patr\u00f3n de ganchillo &#8211; descarga digital, no es un art\u00edculo f\u00edsico<\/p>\n<p><strong>Idiomas disponibles: Ingl\u00e9s, Holand\u00e9s, Franc\u00e9s, Espa\u00f1ol, Alem\u00e1n<\/strong><\/p>\n<p>&nbsp;<\/p>\n<p><b>Tama\u00f1o del art\u00edculo acabado<\/b>: 38 x 22 x 22cm &#8211; 15 x 8.6 x 8.6&#8243;<\/p>\n<p>&nbsp;<\/p>\n<p><b>Tipo de hilo: <\/b>hilo de grosor \u00abfingering\u00bb (tama\u00f1o 3)<\/p>\n<p><b>Marcas recomendadas <\/b>: Catona de Scheepjes, Durable Coral, ..<\/p>\n<p><b>Colores de hilo necesarios<\/b>: beige, blanco roto, marr\u00f3n chocolate, verde claro, verde musgo, blanco, amarillo, rosa oscuro, marr\u00f3n dorado, melocot\u00f3n claro, rosa claro<\/p>\n<p>&nbsp;<\/p>\n<p><b>Aguja de ganchillo: <\/b>2 mm<\/p>\n<p>&nbsp;<\/p>\n<p><b>Otras cosas que necesitas:<\/b> relleno, tijeras, marcadores de puntos, l\u00e1piz, regla, alfileres de coser, aguja de tapiz, cart\u00f3n, pegamento, 1 hoja de fieltro (el color no importa), hoja de 40x40cm de hierba falsa, 2 palillos, dos narices de seguridad de 12mm de color crema, 2 juegos de ojos de seguridad negros de 10mm.<\/p>\n<p>&nbsp;<\/p>\n<p><b>Informaci\u00f3n sobre derechos de autor y ayuda :<\/b><\/p>\n<p>Este patr\u00f3n es un patr\u00f3n escrito (digital) con muchas fotos para ayudarte. <a href=\"mailto:craftygenesindonesia@gmail.com\">Si tienes preguntas sobre el patr\u00f3n, env\u00edame un correo electr\u00f3nico a craftygenesindonesia@gmail.com<\/a> <\/p>\n<p>&nbsp;<\/p>\n<p><b>Este patr\u00f3n digital de ganchillo es s\u00f3lo para uso personal y tiene copyright. Por lo tanto, usted no puede copiar, vender, revender, traducir, reclamar como su propio dise\u00f1o, distribuir, compartir, publicar, publicar s\u00f3lo, &#8230; de cualquier manera o forma sin mi permiso. \u00a1Ni siquiera una parte!  <\/b><\/p>\n<p>&nbsp;<\/p>\n<p><b>Puedes vender el producto acabado o el art\u00edculo, en peque\u00f1as cantidades, pero no puedes vender el patr\u00f3n de ganchillo en s\u00ed. Menciona que el patr\u00f3n de ganchillo es m\u00edo, de Craftygenesindonesia, y d\u00f3nde se puede comprar. <\/b><\/p>\n","protected":false},"excerpt":{"rendered":"<p data-start=\"120\" data-end=\"426\"><strong data-start=\"120\" data-end=\"159\">F\u00e9lix y Leontina los Conejitos de Pascua<\/strong> es un patr\u00f3n de conejito de ganchillo que presenta un encantador d\u00fao de conejitos hechos a mano, perfecto para la decoraci\u00f3n de Pascua y primavera. Este patr\u00f3n de conejito de Pascua amigurumi es ideal para crear un dulce regalo hecho a mano, una decoraci\u00f3n para el cuarto de los ni\u00f1os o un adorno de temporada para el hogar que se pueda disfrutar a\u00f1o tras a\u00f1o. <\/p>\n","protected":false},"featured_media":987536005,"comment_status":"open","ping_status":"closed","template":"","meta":{"_acf_changed":false},"product_brand":[],"product_cat":[3037,3056],"product_tag":[12921,12891,10945,11484,11945,12724,11081,10946,12716,11123,12809],"class_list":{"0":"post-987535984","1":"product","2":"type-product","3":"status-publish","4":"has-post-thumbnail","6":"product_cat-animales","7":"product_cat-pascua","8":"product_tag-chaleco","9":"product_tag-chico","10":"product_tag-conejito-es","11":"product_tag-conejo-es","12":"product_tag-hierba","13":"product_tag-hoed-es","14":"product_tag-margarita","15":"product_tag-mariposa-es","16":"product_tag-meisje-es","17":"product_tag-pascua-es","18":"product_tag-vestido","19":"pa_available_on-craftygenesindonesia","20":"pa_available_on-etsy","21":"pa_available_on-haked-nl","22":"pa_available_on-payhip","23":"pa_available_on-ravelry","24":"pa_languages-aleman","25":"pa_languages-espanol","26":"pa_languages-estados-unidos-ingles","27":"pa_languages-frances","28":"pa_languages-holandes","30":"first","31":"instock","32":"downloadable","33":"virtual","34":"purchasable","35":"product-type-simple"},"acf":[],"yoast_head":"<!-- This site is optimized with the Yoast SEO plugin v27.3 - https:\/\/yoast.com\/product\/yoast-seo-wordpress\/ -->\n<title>F\u00e9lix y Leontina los conejos de Pascua - Craftygenesindonesia<\/title>\n<meta name=\"description\" content=\"Compra aqu\u00ed mi patr\u00f3n de ganchillo de los conejitos de Pascua F\u00e9lix y Leontina. El patr\u00f3n de ganchillo tambi\u00e9n est\u00e1 disponible en Etsy, Haked.nl, Ravelry y Payhip\" \/>\n<meta name=\"robots\" content=\"index, follow, max-snippet:-1, max-image-preview:large, max-video-preview:-1\" \/>\n<link rel=\"canonical\" href=\"https:\/\/craftygenesindonesia.com\/es\/shop\/animales\/felix-y-leontina-los-conejos-de-pascua\/\" \/>\n<meta property=\"og:locale\" content=\"es_ES\" \/>\n<meta property=\"og:type\" content=\"article\" \/>\n<meta property=\"og:title\" content=\"F\u00e9lix y Leontina los conejos de Pascua\" \/>\n<meta property=\"og:description\" content=\"Compra aqu\u00ed mi patr\u00f3n de ganchillo de los conejitos de Pascua F\u00e9lix y Leontina. El patr\u00f3n de ganchillo tambi\u00e9n est\u00e1 disponible en Etsy, Haked.nl, Ravelry y Payhip\" \/>\n<meta property=\"og:url\" content=\"https:\/\/craftygenesindonesia.com\/es\/shop\/animales\/felix-y-leontina-los-conejos-de-pascua\/\" \/>\n<meta property=\"og:site_name\" content=\"Craftygenesindonesia\" \/>\n<meta property=\"article:modified_time\" content=\"2026-03-17T13:29:12+00:00\" \/>\n<meta property=\"og:image\" content=\"https:\/\/craftygenesindonesia.com\/wp-content\/uploads\/2026\/02\/1-300x300.jpg\" \/>\n<meta name=\"twitter:card\" content=\"summary_large_image\" \/>\n<meta name=\"twitter:label1\" content=\"Tiempo de lectura\" \/>\n\t<meta name=\"twitter:data1\" content=\"2 minutos\" \/>\n<script type=\"application\/ld+json\" class=\"yoast-schema-graph\">{\"@context\":\"https:\\\/\\\/schema.org\",\"@graph\":[{\"@type\":\"WebPage\",\"@id\":\"https:\\\/\\\/craftygenesindonesia.com\\\/es\\\/shop\\\/animales\\\/felix-y-leontina-los-conejos-de-pascua\\\/\",\"url\":\"https:\\\/\\\/craftygenesindonesia.com\\\/es\\\/shop\\\/animales\\\/felix-y-leontina-los-conejos-de-pascua\\\/\",\"name\":\"F\u00e9lix y Leontina los conejos de Pascua - Craftygenesindonesia\",\"isPartOf\":{\"@id\":\"https:\\\/\\\/craftygenesindonesia.com\\\/es\\\/#website\"},\"primaryImageOfPage\":{\"@id\":\"https:\\\/\\\/craftygenesindonesia.com\\\/es\\\/shop\\\/animales\\\/felix-y-leontina-los-conejos-de-pascua\\\/#primaryimage\"},\"image\":{\"@id\":\"https:\\\/\\\/craftygenesindonesia.com\\\/es\\\/shop\\\/animales\\\/felix-y-leontina-los-conejos-de-pascua\\\/#primaryimage\"},\"thumbnailUrl\":\"https:\\\/\\\/craftygenesindonesia.com\\\/wp-content\\\/uploads\\\/2026\\\/02\\\/Felix-Leontina-the-Easter-bunnies.png\",\"datePublished\":\"2026-02-11T02:21:04+00:00\",\"dateModified\":\"2026-03-17T13:29:12+00:00\",\"description\":\"Compra aqu\u00ed mi patr\u00f3n de ganchillo de los conejitos de Pascua F\u00e9lix y Leontina. El patr\u00f3n de ganchillo tambi\u00e9n est\u00e1 disponible en Etsy, Haked.nl, Ravelry y Payhip\",\"breadcrumb\":{\"@id\":\"https:\\\/\\\/craftygenesindonesia.com\\\/es\\\/shop\\\/animales\\\/felix-y-leontina-los-conejos-de-pascua\\\/#breadcrumb\"},\"inLanguage\":\"es\",\"potentialAction\":[{\"@type\":\"ReadAction\",\"target\":[\"https:\\\/\\\/craftygenesindonesia.com\\\/es\\\/shop\\\/animales\\\/felix-y-leontina-los-conejos-de-pascua\\\/\"]}]},{\"@type\":\"ImageObject\",\"inLanguage\":\"es\",\"@id\":\"https:\\\/\\\/craftygenesindonesia.com\\\/es\\\/shop\\\/animales\\\/felix-y-leontina-los-conejos-de-pascua\\\/#primaryimage\",\"url\":\"https:\\\/\\\/craftygenesindonesia.com\\\/wp-content\\\/uploads\\\/2026\\\/02\\\/Felix-Leontina-the-Easter-bunnies.png\",\"contentUrl\":\"https:\\\/\\\/craftygenesindonesia.com\\\/wp-content\\\/uploads\\\/2026\\\/02\\\/Felix-Leontina-the-Easter-bunnies.png\",\"width\":1080,\"height\":1080,\"caption\":\"Conejito de Pascua de ganchillo ni\u00f1o y ni\u00f1a con mariposas, de pie sobre una cesta con hierba dentro\"},{\"@type\":\"BreadcrumbList\",\"@id\":\"https:\\\/\\\/craftygenesindonesia.com\\\/es\\\/shop\\\/animales\\\/felix-y-leontina-los-conejos-de-pascua\\\/#breadcrumb\",\"itemListElement\":[{\"@type\":\"ListItem\",\"position\":1,\"name\":\"Home\",\"item\":\"https:\\\/\\\/craftygenesindonesia.com\\\/es\\\/\"},{\"@type\":\"ListItem\",\"position\":2,\"name\":\"Tienda de patrones\",\"item\":\"https:\\\/\\\/craftygenesindonesia.com\\\/es\\\/tienda-de-patrones\\\/\"},{\"@type\":\"ListItem\",\"position\":3,\"name\":\"F\u00e9lix y Leontina los conejos de Pascua\"}]},{\"@type\":\"WebSite\",\"@id\":\"https:\\\/\\\/craftygenesindonesia.com\\\/es\\\/#website\",\"url\":\"https:\\\/\\\/craftygenesindonesia.com\\\/es\\\/\",\"name\":\"Craftygenesindonesia\",\"description\":\"\",\"publisher\":{\"@id\":\"https:\\\/\\\/craftygenesindonesia.com\\\/es\\\/#organization\"},\"potentialAction\":[{\"@type\":\"SearchAction\",\"target\":{\"@type\":\"EntryPoint\",\"urlTemplate\":\"https:\\\/\\\/craftygenesindonesia.com\\\/es\\\/?s={search_term_string}\"},\"query-input\":{\"@type\":\"PropertyValueSpecification\",\"valueRequired\":true,\"valueName\":\"search_term_string\"}}],\"inLanguage\":\"es\"},{\"@type\":\"Organization\",\"@id\":\"https:\\\/\\\/craftygenesindonesia.com\\\/es\\\/#organization\",\"name\":\"Craftygenesindonesia\",\"url\":\"https:\\\/\\\/craftygenesindonesia.com\\\/es\\\/\",\"logo\":{\"@type\":\"ImageObject\",\"inLanguage\":\"es\",\"@id\":\"https:\\\/\\\/craftygenesindonesia.com\\\/es\\\/#\\\/schema\\\/logo\\\/image\\\/\",\"url\":\"https:\\\/\\\/craftygenesindonesia.com\\\/wp-content\\\/uploads\\\/2025\\\/11\\\/cropped-Copy-of-Craftygenesindonesia.jpg\",\"contentUrl\":\"https:\\\/\\\/craftygenesindonesia.com\\\/wp-content\\\/uploads\\\/2025\\\/11\\\/cropped-Copy-of-Craftygenesindonesia.jpg\",\"width\":180,\"height\":60,\"caption\":\"Craftygenesindonesia\"},\"image\":{\"@id\":\"https:\\\/\\\/craftygenesindonesia.com\\\/es\\\/#\\\/schema\\\/logo\\\/image\\\/\"}}]}<\/script>\n<!-- \/ Yoast SEO plugin. -->","yoast_head_json":{"title":"F\u00e9lix y Leontina los conejos de Pascua - Craftygenesindonesia","description":"Compra aqu\u00ed mi patr\u00f3n de ganchillo de los conejitos de Pascua F\u00e9lix y Leontina. El patr\u00f3n de ganchillo tambi\u00e9n est\u00e1 disponible en Etsy, Haked.nl, Ravelry y Payhip","robots":{"index":"index","follow":"follow","max-snippet":"max-snippet:-1","max-image-preview":"max-image-preview:large","max-video-preview":"max-video-preview:-1"},"canonical":"https:\/\/craftygenesindonesia.com\/es\/shop\/animales\/felix-y-leontina-los-conejos-de-pascua\/","og_locale":"es_ES","og_type":"article","og_title":"F\u00e9lix y Leontina los conejos de Pascua","og_description":"Compra aqu\u00ed mi patr\u00f3n de ganchillo de los conejitos de Pascua F\u00e9lix y Leontina. El patr\u00f3n de ganchillo tambi\u00e9n est\u00e1 disponible en Etsy, Haked.nl, Ravelry y Payhip","og_url":"https:\/\/craftygenesindonesia.com\/es\/shop\/animales\/felix-y-leontina-los-conejos-de-pascua\/","og_site_name":"Craftygenesindonesia","article_modified_time":"2026-03-17T13:29:12+00:00","og_image":[{"url":"https:\/\/craftygenesindonesia.com\/wp-content\/uploads\/2026\/02\/1-300x300.jpg","type":"","width":"","height":""}],"twitter_card":"summary_large_image","twitter_misc":{"Tiempo de lectura":"2 minutos"},"schema":{"@context":"https:\/\/schema.org","@graph":[{"@type":"WebPage","@id":"https:\/\/craftygenesindonesia.com\/es\/shop\/animales\/felix-y-leontina-los-conejos-de-pascua\/","url":"https:\/\/craftygenesindonesia.com\/es\/shop\/animales\/felix-y-leontina-los-conejos-de-pascua\/","name":"F\u00e9lix y Leontina los conejos de Pascua - Craftygenesindonesia","isPartOf":{"@id":"https:\/\/craftygenesindonesia.com\/es\/#website"},"primaryImageOfPage":{"@id":"https:\/\/craftygenesindonesia.com\/es\/shop\/animales\/felix-y-leontina-los-conejos-de-pascua\/#primaryimage"},"image":{"@id":"https:\/\/craftygenesindonesia.com\/es\/shop\/animales\/felix-y-leontina-los-conejos-de-pascua\/#primaryimage"},"thumbnailUrl":"https:\/\/craftygenesindonesia.com\/wp-content\/uploads\/2026\/02\/Felix-Leontina-the-Easter-bunnies.png","datePublished":"2026-02-11T02:21:04+00:00","dateModified":"2026-03-17T13:29:12+00:00","description":"Compra aqu\u00ed mi patr\u00f3n de ganchillo de los conejitos de Pascua F\u00e9lix y Leontina. El patr\u00f3n de ganchillo tambi\u00e9n est\u00e1 disponible en Etsy, Haked.nl, Ravelry y Payhip","breadcrumb":{"@id":"https:\/\/craftygenesindonesia.com\/es\/shop\/animales\/felix-y-leontina-los-conejos-de-pascua\/#breadcrumb"},"inLanguage":"es","potentialAction":[{"@type":"ReadAction","target":["https:\/\/craftygenesindonesia.com\/es\/shop\/animales\/felix-y-leontina-los-conejos-de-pascua\/"]}]},{"@type":"ImageObject","inLanguage":"es","@id":"https:\/\/craftygenesindonesia.com\/es\/shop\/animales\/felix-y-leontina-los-conejos-de-pascua\/#primaryimage","url":"https:\/\/craftygenesindonesia.com\/wp-content\/uploads\/2026\/02\/Felix-Leontina-the-Easter-bunnies.png","contentUrl":"https:\/\/craftygenesindonesia.com\/wp-content\/uploads\/2026\/02\/Felix-Leontina-the-Easter-bunnies.png","width":1080,"height":1080,"caption":"Conejito de Pascua de ganchillo ni\u00f1o y ni\u00f1a con mariposas, de pie sobre una cesta con hierba dentro"},{"@type":"BreadcrumbList","@id":"https:\/\/craftygenesindonesia.com\/es\/shop\/animales\/felix-y-leontina-los-conejos-de-pascua\/#breadcrumb","itemListElement":[{"@type":"ListItem","position":1,"name":"Home","item":"https:\/\/craftygenesindonesia.com\/es\/"},{"@type":"ListItem","position":2,"name":"Tienda de patrones","item":"https:\/\/craftygenesindonesia.com\/es\/tienda-de-patrones\/"},{"@type":"ListItem","position":3,"name":"F\u00e9lix y Leontina los conejos de Pascua"}]},{"@type":"WebSite","@id":"https:\/\/craftygenesindonesia.com\/es\/#website","url":"https:\/\/craftygenesindonesia.com\/es\/","name":"Craftygenesindonesia","description":"","publisher":{"@id":"https:\/\/craftygenesindonesia.com\/es\/#organization"},"potentialAction":[{"@type":"SearchAction","target":{"@type":"EntryPoint","urlTemplate":"https:\/\/craftygenesindonesia.com\/es\/?s={search_term_string}"},"query-input":{"@type":"PropertyValueSpecification","valueRequired":true,"valueName":"search_term_string"}}],"inLanguage":"es"},{"@type":"Organization","@id":"https:\/\/craftygenesindonesia.com\/es\/#organization","name":"Craftygenesindonesia","url":"https:\/\/craftygenesindonesia.com\/es\/","logo":{"@type":"ImageObject","inLanguage":"es","@id":"https:\/\/craftygenesindonesia.com\/es\/#\/schema\/logo\/image\/","url":"https:\/\/craftygenesindonesia.com\/wp-content\/uploads\/2025\/11\/cropped-Copy-of-Craftygenesindonesia.jpg","contentUrl":"https:\/\/craftygenesindonesia.com\/wp-content\/uploads\/2025\/11\/cropped-Copy-of-Craftygenesindonesia.jpg","width":180,"height":60,"caption":"Craftygenesindonesia"},"image":{"@id":"https:\/\/craftygenesindonesia.com\/es\/#\/schema\/logo\/image\/"}}]}},"_links":{"self":[{"href":"https:\/\/craftygenesindonesia.com\/es\/wp-json\/wp\/v2\/product\/987535984","targetHints":{"allow":["GET"]}}],"collection":[{"href":"https:\/\/craftygenesindonesia.com\/es\/wp-json\/wp\/v2\/product"}],"about":[{"href":"https:\/\/craftygenesindonesia.com\/es\/wp-json\/wp\/v2\/types\/product"}],"replies":[{"embeddable":true,"href":"https:\/\/craftygenesindonesia.com\/es\/wp-json\/wp\/v2\/comments?post=987535984"}],"wp:featuredmedia":[{"embeddable":true,"href":"https:\/\/craftygenesindonesia.com\/es\/wp-json\/wp\/v2\/media\/987536005"}],"wp:attachment":[{"href":"https:\/\/craftygenesindonesia.com\/es\/wp-json\/wp\/v2\/media?parent=987535984"}],"wp:term":[{"taxonomy":"product_brand","embeddable":true,"href":"https:\/\/craftygenesindonesia.com\/es\/wp-json\/wp\/v2\/product_brand?post=987535984"},{"taxonomy":"product_cat","embeddable":true,"href":"https:\/\/craftygenesindonesia.com\/es\/wp-json\/wp\/v2\/product_cat?post=987535984"},{"taxonomy":"product_tag","embeddable":true,"href":"https:\/\/craftygenesindonesia.com\/es\/wp-json\/wp\/v2\/product_tag?post=987535984"}],"curies":[{"name":"wp","href":"https:\/\/api.w.org\/{rel}","templated":true}]}}