{"id":987531304,"date":"2025-10-28T05:20:42","date_gmt":"2025-10-27T21:20:42","guid":{"rendered":"https:\/\/craftygenesindonesia.com\/shop\/sin%20categor\u00eda\/vestido-de-navidad-2\/"},"modified":"2026-03-18T11:49:29","modified_gmt":"2026-03-18T03:49:29","slug":"vestido-de-navidad-2","status":"publish","type":"product","link":"https:\/\/craftygenesindonesia.com\/es\/shop\/vestidos-para-munecas\/vestido-de-navidad-2\/","title":{"rendered":"Vestido de Navidad 2"},"content":{"rendered":"<p>Vestido de Navidad 2<\/p>\n<div class=\"et_pb_module et_pb_wc_description et_pb_wc_description_1_tb_body et_pb_bg_layout_light et_pb_text_align_left\">\n<div class=\"et_pb_module_inner\">\n<p>Tipo de archivo: patr\u00f3n de ganchillo \u2013 descarga digital, no es un art\u00edculo f\u00edsico.<br \/>\n<strong>Idiomas disponibles: ingl\u00e9s, neerland\u00e9s, franc\u00e9s, espa\u00f1ol.<\/strong><\/p>\n<p>Se adapta a: la mayor\u00eda de mu\u00f1ecas de moda, como Barbie.<\/p>\n<p>&nbsp;<\/p>\n<p>Tipo de hilo: hilo DK<br \/>\nMarcas recomendadas: Softfun de Scheepjes, Durable Cosy Fine, algod\u00f3n 4ply milk, ...<br \/>\n<strong>Colores de hilo necesarios: <\/strong>blanco<\/p>\n<p><strong>Hilo 2: <\/strong>dorado metalizado<\/p>\n<p><strong>Tama\u00f1o del ganchillo:<\/strong> 2 mm<\/p>\n<p><strong>Muestra: <\/strong>8 filas x 7 puntos por cada 2,5 cm\/1 pulgada.<\/p>\n<p><strong><em>Actualizaci\u00f3n de error tipogr\u00e1fico: el \u00faltimo cambio de color en la p\u00e1gina 11 debe ser hilo de chenilla blanco. Mis disculpas por el error tipogr\u00e1fico. <\/em><\/strong><\/p>\n<p>Otras cosas que necesitar\u00e1s: tijeras, alfileres de costura, velcro o botones a presi\u00f3n, aguja de tapiz y marcadores de puntos.<\/p>\n<p><strong>Informaci\u00f3n sobre derechos de autor y ayuda:<\/strong><br \/>\nEste patr\u00f3n es un patr\u00f3n escrito (digital) con muchas im\u00e1genes para ayudarte. <a href=\"mailto:craftygenesindonesia@gmail.com\">Si tienes preguntas sobre el patr\u00f3n, env\u00edame un correo electr\u00f3nico a craftygenesindonesia@gmail.com<\/a> <\/p>\n<p><strong>Este patr\u00f3n digital de ganchillo es s\u00f3lo para uso personal y tiene copyright. Por lo tanto, usted no puede copiar, vender, revender, traducir, reclamar como su propio dise\u00f1o, distribuir, compartir, publicar, publicar s\u00f3lo, ... de cualquier manera o forma sin mi permiso. \u00a1Ni siquiera una parte!  <\/strong><\/p>\n<p><strong>Puedes vender el producto acabado o el art\u00edculo, en peque\u00f1as cantidades, pero no puedes vender el patr\u00f3n de ganchillo en s\u00ed. Menciona que el patr\u00f3n de ganchillo es m\u00edo, de Craftygenesindonesia, y d\u00f3nde se puede comprar. <\/strong><\/p>\n<\/div>\n<\/div>\n","protected":false},"excerpt":{"rendered":"<div class=\"et_pb_module et_pb_wc_description et_pb_wc_description_0_tb_body et_pb_bg_layout_light et_pb_text_align_left\">\n<div class=\"et_pb_module_inner\">\n<p>Este es un vestido navide\u00f1o divertido y f\u00e1cil de hacer para mu\u00f1ecas de moda como Barbie.<\/p>\n<\/div>\n<\/div>\n<div class=\"et_pb_with_border et_pb_module et_pb_wc_add_to_cart et_pb_wc_add_to_cart_0_tb_body et_pb_hide_input_quantity et_pb_hide_stock et_pb_fields_label_position_default et_pb_bg_layout_ et_pb_text_align_left\">\n<div class=\"et_pb_module_inner\">\n<form class=\"cart\" action=\"https:\/\/craftygenesindonesia.com\/shop\/doll-dresses\/christmas-dress-1\/\" enctype=\"multipart\/form-data\" method=\"post\">\n<div id=\"yith-wapo-container\" class=\"yith-wapo-container yith-wapo-form-style-theme\" data-product-price=\"1.85\" data-default-product-price=\"1.85\" data-product-id=\"987531166\">\n<div id=\"yith-wapo-block-1\" class=\"yith-wapo-block\">\n<div id=\"yith-wapo-addon-3\" class=\"yith-wapo-addon yith-wapo-addon-type-html_separator default-closed toggle-closed \" data-min=\"\" data-max=\"\" data-exa=\"\" data-addon-type=\"html_separator\">\n<div class=\"addon-header\"><\/div>\n<\/div>\n<\/div>\n<\/div>\n<\/form>\n<\/div>\n<\/div>\n","protected":false},"featured_media":340348,"comment_status":"open","ping_status":"closed","template":"","meta":{"_acf_changed":false},"product_brand":[],"product_cat":[12016],"product_tag":[12009,12809,12010],"class_list":{"0":"post-987531304","1":"product","2":"type-product","3":"status-publish","4":"has-post-thumbnail","6":"product_cat-vestidos-para-munecas","7":"product_tag-barbie-es","8":"product_tag-vestido","9":"product_tag-vestido-de-muneca","10":"pa_available_on-craftygenesindonesia","11":"pa_available_on-ravelry","12":"pa_languages-espanol","13":"pa_languages-estados-unidos-ingles","14":"pa_languages-frances","15":"pa_languages-holandes","17":"first","18":"instock","19":"downloadable","20":"virtual","21":"purchasable","22":"product-type-simple"},"acf":[],"yoast_head":"<!-- This site is optimized with the Yoast SEO plugin v27.4 - https:\/\/yoast.com\/product\/yoast-seo-wordpress\/ -->\n<title>Vestido de Navidad 2 patr\u00f3n de ganchillo - Craftygenesindonesia<\/title>\n<meta name=\"description\" content=\"Compra aqu\u00ed mi patr\u00f3n de ganchillo \u00abVestido navide\u00f1o 2\u00bb. El sencillo patr\u00f3n de ganchillo est\u00e1 disponible en ingl\u00e9s, neerland\u00e9s, franc\u00e9s y espa\u00f1ol.\" \/>\n<meta name=\"robots\" content=\"index, follow, max-snippet:-1, max-image-preview:large, max-video-preview:-1\" \/>\n<link rel=\"canonical\" href=\"https:\/\/craftygenesindonesia.com\/es\/shop\/vestidos-para-munecas\/vestido-de-navidad-2\/\" \/>\n<meta property=\"og:locale\" content=\"es_ES\" \/>\n<meta property=\"og:type\" content=\"article\" \/>\n<meta property=\"og:title\" content=\"Vestido de Navidad 2 patr\u00f3n de ganchillo\" \/>\n<meta property=\"og:description\" content=\"Compra aqu\u00ed mi patr\u00f3n de ganchillo \u00abVestido navide\u00f1o 2\u00bb. El sencillo patr\u00f3n de ganchillo est\u00e1 disponible en ingl\u00e9s, neerland\u00e9s, franc\u00e9s y espa\u00f1ol.\" \/>\n<meta property=\"og:url\" content=\"https:\/\/craftygenesindonesia.com\/es\/shop\/vestidos-para-munecas\/vestido-de-navidad-2\/\" \/>\n<meta property=\"og:site_name\" content=\"Craftygenesindonesia\" \/>\n<meta property=\"article:modified_time\" content=\"2026-03-18T03:49:29+00:00\" \/>\n<meta property=\"og:image\" content=\"https:\/\/craftygenesindonesia.com\/wp-content\/uploads\/2023\/11\/Copy-of-Untitled-9-300x300.jpg\" \/>\n<meta name=\"twitter:card\" content=\"summary_large_image\" \/>\n<meta name=\"twitter:label1\" content=\"Tiempo de lectura\" \/>\n\t<meta name=\"twitter:data1\" content=\"2 minutos\" \/>\n<script type=\"application\/ld+json\" class=\"yoast-schema-graph\">{\"@context\":\"https:\\\/\\\/schema.org\",\"@graph\":[{\"@type\":\"WebPage\",\"@id\":\"https:\\\/\\\/craftygenesindonesia.com\\\/es\\\/shop\\\/vestidos-para-munecas\\\/vestido-de-navidad-2\\\/\",\"url\":\"https:\\\/\\\/craftygenesindonesia.com\\\/es\\\/shop\\\/vestidos-para-munecas\\\/vestido-de-navidad-2\\\/\",\"name\":\"Vestido de Navidad 2 patr\u00f3n de ganchillo - Craftygenesindonesia\",\"isPartOf\":{\"@id\":\"https:\\\/\\\/craftygenesindonesia.com\\\/es\\\/#website\"},\"primaryImageOfPage\":{\"@id\":\"https:\\\/\\\/craftygenesindonesia.com\\\/es\\\/shop\\\/vestidos-para-munecas\\\/vestido-de-navidad-2\\\/#primaryimage\"},\"image\":{\"@id\":\"https:\\\/\\\/craftygenesindonesia.com\\\/es\\\/shop\\\/vestidos-para-munecas\\\/vestido-de-navidad-2\\\/#primaryimage\"},\"thumbnailUrl\":\"https:\\\/\\\/craftygenesindonesia.com\\\/wp-content\\\/uploads\\\/2023\\\/11\\\/Copy-of-Untitled-9.jpg\",\"datePublished\":\"2025-10-27T21:20:42+00:00\",\"dateModified\":\"2026-03-18T03:49:29+00:00\",\"description\":\"Compra aqu\u00ed mi patr\u00f3n de ganchillo \u00abVestido navide\u00f1o 2\u00bb. El sencillo patr\u00f3n de ganchillo est\u00e1 disponible en ingl\u00e9s, neerland\u00e9s, franc\u00e9s y espa\u00f1ol.\",\"breadcrumb\":{\"@id\":\"https:\\\/\\\/craftygenesindonesia.com\\\/es\\\/shop\\\/vestidos-para-munecas\\\/vestido-de-navidad-2\\\/#breadcrumb\"},\"inLanguage\":\"es\",\"potentialAction\":[{\"@type\":\"ReadAction\",\"target\":[\"https:\\\/\\\/craftygenesindonesia.com\\\/es\\\/shop\\\/vestidos-para-munecas\\\/vestido-de-navidad-2\\\/\"]}]},{\"@type\":\"ImageObject\",\"inLanguage\":\"es\",\"@id\":\"https:\\\/\\\/craftygenesindonesia.com\\\/es\\\/shop\\\/vestidos-para-munecas\\\/vestido-de-navidad-2\\\/#primaryimage\",\"url\":\"https:\\\/\\\/craftygenesindonesia.com\\\/wp-content\\\/uploads\\\/2023\\\/11\\\/Copy-of-Untitled-9.jpg\",\"contentUrl\":\"https:\\\/\\\/craftygenesindonesia.com\\\/wp-content\\\/uploads\\\/2023\\\/11\\\/Copy-of-Untitled-9.jpg\",\"width\":1080,\"height\":1080,\"caption\":\"Vestido de Navidad 2\"},{\"@type\":\"BreadcrumbList\",\"@id\":\"https:\\\/\\\/craftygenesindonesia.com\\\/es\\\/shop\\\/vestidos-para-munecas\\\/vestido-de-navidad-2\\\/#breadcrumb\",\"itemListElement\":[{\"@type\":\"ListItem\",\"position\":1,\"name\":\"Home\",\"item\":\"https:\\\/\\\/craftygenesindonesia.com\\\/es\\\/\"},{\"@type\":\"ListItem\",\"position\":2,\"name\":\"Tienda de patrones\",\"item\":\"https:\\\/\\\/craftygenesindonesia.com\\\/es\\\/tienda-de-patrones\\\/\"},{\"@type\":\"ListItem\",\"position\":3,\"name\":\"Vestido de Navidad 2\"}]},{\"@type\":\"WebSite\",\"@id\":\"https:\\\/\\\/craftygenesindonesia.com\\\/es\\\/#website\",\"url\":\"https:\\\/\\\/craftygenesindonesia.com\\\/es\\\/\",\"name\":\"Craftygenesindonesia\",\"description\":\"\",\"publisher\":{\"@id\":\"https:\\\/\\\/craftygenesindonesia.com\\\/es\\\/#organization\"},\"potentialAction\":[{\"@type\":\"SearchAction\",\"target\":{\"@type\":\"EntryPoint\",\"urlTemplate\":\"https:\\\/\\\/craftygenesindonesia.com\\\/es\\\/?s={search_term_string}\"},\"query-input\":{\"@type\":\"PropertyValueSpecification\",\"valueRequired\":true,\"valueName\":\"search_term_string\"}}],\"inLanguage\":\"es\"},{\"@type\":\"Organization\",\"@id\":\"https:\\\/\\\/craftygenesindonesia.com\\\/es\\\/#organization\",\"name\":\"Craftygenesindonesia\",\"url\":\"https:\\\/\\\/craftygenesindonesia.com\\\/es\\\/\",\"logo\":{\"@type\":\"ImageObject\",\"inLanguage\":\"es\",\"@id\":\"https:\\\/\\\/craftygenesindonesia.com\\\/es\\\/#\\\/schema\\\/logo\\\/image\\\/\",\"url\":\"https:\\\/\\\/craftygenesindonesia.com\\\/wp-content\\\/uploads\\\/2025\\\/11\\\/cropped-Copy-of-Craftygenesindonesia.jpg\",\"contentUrl\":\"https:\\\/\\\/craftygenesindonesia.com\\\/wp-content\\\/uploads\\\/2025\\\/11\\\/cropped-Copy-of-Craftygenesindonesia.jpg\",\"width\":180,\"height\":60,\"caption\":\"Craftygenesindonesia\"},\"image\":{\"@id\":\"https:\\\/\\\/craftygenesindonesia.com\\\/es\\\/#\\\/schema\\\/logo\\\/image\\\/\"}}]}<\/script>\n<!-- \/ Yoast SEO plugin. -->","yoast_head_json":{"title":"Vestido de Navidad 2 patr\u00f3n de ganchillo - Craftygenesindonesia","description":"Compra aqu\u00ed mi patr\u00f3n de ganchillo \u00abVestido navide\u00f1o 2\u00bb. El sencillo patr\u00f3n de ganchillo est\u00e1 disponible en ingl\u00e9s, neerland\u00e9s, franc\u00e9s y espa\u00f1ol.","robots":{"index":"index","follow":"follow","max-snippet":"max-snippet:-1","max-image-preview":"max-image-preview:large","max-video-preview":"max-video-preview:-1"},"canonical":"https:\/\/craftygenesindonesia.com\/es\/shop\/vestidos-para-munecas\/vestido-de-navidad-2\/","og_locale":"es_ES","og_type":"article","og_title":"Vestido de Navidad 2 patr\u00f3n de ganchillo","og_description":"Compra aqu\u00ed mi patr\u00f3n de ganchillo \u00abVestido navide\u00f1o 2\u00bb. El sencillo patr\u00f3n de ganchillo est\u00e1 disponible en ingl\u00e9s, neerland\u00e9s, franc\u00e9s y espa\u00f1ol.","og_url":"https:\/\/craftygenesindonesia.com\/es\/shop\/vestidos-para-munecas\/vestido-de-navidad-2\/","og_site_name":"Craftygenesindonesia","article_modified_time":"2026-03-18T03:49:29+00:00","og_image":[{"url":"https:\/\/craftygenesindonesia.com\/wp-content\/uploads\/2023\/11\/Copy-of-Untitled-9-300x300.jpg","type":"","width":"","height":""}],"twitter_card":"summary_large_image","twitter_misc":{"Tiempo de lectura":"2 minutos"},"schema":{"@context":"https:\/\/schema.org","@graph":[{"@type":"WebPage","@id":"https:\/\/craftygenesindonesia.com\/es\/shop\/vestidos-para-munecas\/vestido-de-navidad-2\/","url":"https:\/\/craftygenesindonesia.com\/es\/shop\/vestidos-para-munecas\/vestido-de-navidad-2\/","name":"Vestido de Navidad 2 patr\u00f3n de ganchillo - Craftygenesindonesia","isPartOf":{"@id":"https:\/\/craftygenesindonesia.com\/es\/#website"},"primaryImageOfPage":{"@id":"https:\/\/craftygenesindonesia.com\/es\/shop\/vestidos-para-munecas\/vestido-de-navidad-2\/#primaryimage"},"image":{"@id":"https:\/\/craftygenesindonesia.com\/es\/shop\/vestidos-para-munecas\/vestido-de-navidad-2\/#primaryimage"},"thumbnailUrl":"https:\/\/craftygenesindonesia.com\/wp-content\/uploads\/2023\/11\/Copy-of-Untitled-9.jpg","datePublished":"2025-10-27T21:20:42+00:00","dateModified":"2026-03-18T03:49:29+00:00","description":"Compra aqu\u00ed mi patr\u00f3n de ganchillo \u00abVestido navide\u00f1o 2\u00bb. El sencillo patr\u00f3n de ganchillo est\u00e1 disponible en ingl\u00e9s, neerland\u00e9s, franc\u00e9s y espa\u00f1ol.","breadcrumb":{"@id":"https:\/\/craftygenesindonesia.com\/es\/shop\/vestidos-para-munecas\/vestido-de-navidad-2\/#breadcrumb"},"inLanguage":"es","potentialAction":[{"@type":"ReadAction","target":["https:\/\/craftygenesindonesia.com\/es\/shop\/vestidos-para-munecas\/vestido-de-navidad-2\/"]}]},{"@type":"ImageObject","inLanguage":"es","@id":"https:\/\/craftygenesindonesia.com\/es\/shop\/vestidos-para-munecas\/vestido-de-navidad-2\/#primaryimage","url":"https:\/\/craftygenesindonesia.com\/wp-content\/uploads\/2023\/11\/Copy-of-Untitled-9.jpg","contentUrl":"https:\/\/craftygenesindonesia.com\/wp-content\/uploads\/2023\/11\/Copy-of-Untitled-9.jpg","width":1080,"height":1080,"caption":"Vestido de Navidad 2"},{"@type":"BreadcrumbList","@id":"https:\/\/craftygenesindonesia.com\/es\/shop\/vestidos-para-munecas\/vestido-de-navidad-2\/#breadcrumb","itemListElement":[{"@type":"ListItem","position":1,"name":"Home","item":"https:\/\/craftygenesindonesia.com\/es\/"},{"@type":"ListItem","position":2,"name":"Tienda de patrones","item":"https:\/\/craftygenesindonesia.com\/es\/tienda-de-patrones\/"},{"@type":"ListItem","position":3,"name":"Vestido de Navidad 2"}]},{"@type":"WebSite","@id":"https:\/\/craftygenesindonesia.com\/es\/#website","url":"https:\/\/craftygenesindonesia.com\/es\/","name":"Craftygenesindonesia","description":"","publisher":{"@id":"https:\/\/craftygenesindonesia.com\/es\/#organization"},"potentialAction":[{"@type":"SearchAction","target":{"@type":"EntryPoint","urlTemplate":"https:\/\/craftygenesindonesia.com\/es\/?s={search_term_string}"},"query-input":{"@type":"PropertyValueSpecification","valueRequired":true,"valueName":"search_term_string"}}],"inLanguage":"es"},{"@type":"Organization","@id":"https:\/\/craftygenesindonesia.com\/es\/#organization","name":"Craftygenesindonesia","url":"https:\/\/craftygenesindonesia.com\/es\/","logo":{"@type":"ImageObject","inLanguage":"es","@id":"https:\/\/craftygenesindonesia.com\/es\/#\/schema\/logo\/image\/","url":"https:\/\/craftygenesindonesia.com\/wp-content\/uploads\/2025\/11\/cropped-Copy-of-Craftygenesindonesia.jpg","contentUrl":"https:\/\/craftygenesindonesia.com\/wp-content\/uploads\/2025\/11\/cropped-Copy-of-Craftygenesindonesia.jpg","width":180,"height":60,"caption":"Craftygenesindonesia"},"image":{"@id":"https:\/\/craftygenesindonesia.com\/es\/#\/schema\/logo\/image\/"}}]}},"_links":{"self":[{"href":"https:\/\/craftygenesindonesia.com\/es\/wp-json\/wp\/v2\/product\/987531304","targetHints":{"allow":["GET"]}}],"collection":[{"href":"https:\/\/craftygenesindonesia.com\/es\/wp-json\/wp\/v2\/product"}],"about":[{"href":"https:\/\/craftygenesindonesia.com\/es\/wp-json\/wp\/v2\/types\/product"}],"replies":[{"embeddable":true,"href":"https:\/\/craftygenesindonesia.com\/es\/wp-json\/wp\/v2\/comments?post=987531304"}],"wp:featuredmedia":[{"embeddable":true,"href":"https:\/\/craftygenesindonesia.com\/es\/wp-json\/wp\/v2\/media\/340348"}],"wp:attachment":[{"href":"https:\/\/craftygenesindonesia.com\/es\/wp-json\/wp\/v2\/media?parent=987531304"}],"wp:term":[{"taxonomy":"product_brand","embeddable":true,"href":"https:\/\/craftygenesindonesia.com\/es\/wp-json\/wp\/v2\/product_brand?post=987531304"},{"taxonomy":"product_cat","embeddable":true,"href":"https:\/\/craftygenesindonesia.com\/es\/wp-json\/wp\/v2\/product_cat?post=987531304"},{"taxonomy":"product_tag","embeddable":true,"href":"https:\/\/craftygenesindonesia.com\/es\/wp-json\/wp\/v2\/product_tag?post=987531304"}],"curies":[{"name":"wp","href":"https:\/\/api.w.org\/{rel}","templated":true}]}}