{"id":987531180,"date":"2025-10-23T09:58:01","date_gmt":"2025-10-23T01:58:01","guid":{"rendered":"https:\/\/craftygenesindonesia.com\/shop\/sin%20categor\u00eda\/vestido-de-navidad-1\/"},"modified":"2026-03-18T11:58:34","modified_gmt":"2026-03-18T03:58:34","slug":"vestido-de-navidad-1","status":"publish","type":"product","link":"https:\/\/craftygenesindonesia.com\/es\/shop\/vestidos-para-munecas\/vestido-de-navidad-1\/","title":{"rendered":"Vestido de Navidad 1"},"content":{"rendered":"<p><strong>Vestido de Navidad 1<\/strong><\/p>\n<p>Tipo de archivo : patr\u00f3n de ganchillo &#8211; descarga digital, no es un art\u00edculo f\u00edsico<br \/>\n<strong>Idiomas disponibles: ingl\u00e9s, neerland\u00e9s, franc\u00e9s, espa\u00f1ol.<\/strong><\/p>\n<p>Se adapta a: la mayor\u00eda de mu\u00f1ecas de moda, como Barbie.<\/p>\n<p>Tipo de hilo: hilo DK<br \/>\nMarcas recomendadas: Softfun de Scheepjes, Durable Cosy Fine, algod\u00f3n 4ply milk, &#8230;<br \/>\nColores de hilo necesarios: rojo<\/p>\n<p>Hilo 2: Hilo Teddy (hilo de felpa) en color blanco<\/p>\n<p>Tama\u00f1o del ganchillo: 2,5 mm<\/p>\n<p>Otras cosas que necesitar\u00e1s: tijeras, alfileres de costura, velcro o botones a presi\u00f3n, aguja de tapiz y marcadores de puntos.<\/p>\n<p><strong>Informaci\u00f3n sobre derechos de autor y ayuda:<\/strong><br \/>\nEste patr\u00f3n es un patr\u00f3n escrito (digital) con muchas im\u00e1genes para ayudarte. <a href=\"mailto:craftygenesindonesia@gmail.com\">Si tienes preguntas sobre el patr\u00f3n, env\u00edame un correo electr\u00f3nico a craftygenesindonesia@gmail.com<\/a> <\/p>\n<p><strong>Este patr\u00f3n digital de ganchillo es s\u00f3lo para uso personal y tiene copyright. Por lo tanto, usted no puede copiar, vender, revender, traducir, reclamar como su propio dise\u00f1o, distribuir, compartir, publicar, publicar s\u00f3lo, &#8230; de cualquier manera o forma sin mi permiso. \u00a1Ni siquiera una parte!  <\/strong><\/p>\n<p><strong>Puedes vender el producto acabado o el art\u00edculo, en peque\u00f1as cantidades, pero no puedes vender el patr\u00f3n de ganchillo en s\u00ed. Menciona que el patr\u00f3n de ganchillo es m\u00edo, de Craftygenesindonesia, y d\u00f3nde se puede comprar. <\/strong><\/p>\n","protected":false},"excerpt":{"rendered":"<p>Este es un vestido navide\u00f1o divertido y f\u00e1cil de hacer para mu\u00f1ecas de moda como Barbie.<\/p>\n","protected":false},"featured_media":340021,"comment_status":"open","ping_status":"closed","template":"","meta":{"_acf_changed":false},"product_brand":[],"product_cat":[12016],"product_tag":[12009,12809],"class_list":{"0":"post-987531180","1":"product","2":"type-product","3":"status-publish","4":"has-post-thumbnail","6":"product_cat-vestidos-para-munecas","7":"product_tag-barbie-es","8":"product_tag-vestido","9":"pa_available_on-craftygenesindonesia","10":"pa_available_on-ravelry","11":"pa_languages-espanol","12":"pa_languages-estados-unidos-ingles","13":"pa_languages-frances","14":"pa_languages-holandes","16":"first","17":"instock","18":"downloadable","19":"virtual","20":"purchasable","21":"product-type-simple"},"acf":[],"yoast_head":"<!-- This site is optimized with the Yoast SEO plugin v27.4 - https:\/\/yoast.com\/product\/yoast-seo-wordpress\/ -->\n<title>Vestido de Navidad 1 patr\u00f3n de ganchillo - Craftygenesindonesia<\/title>\n<meta name=\"description\" content=\"Compra aqu\u00ed mi patr\u00f3n de ganchillo \u00abVestido navide\u00f1o 1\u00bb. El patr\u00f3n de ganchillo f\u00e1cil est\u00e1 disponible en ingl\u00e9s, neerland\u00e9s, franc\u00e9s y espa\u00f1ol.\" \/>\n<meta name=\"robots\" content=\"index, follow, max-snippet:-1, max-image-preview:large, max-video-preview:-1\" \/>\n<link rel=\"canonical\" href=\"https:\/\/craftygenesindonesia.com\/es\/shop\/vestidos-para-munecas\/vestido-de-navidad-1\/\" \/>\n<meta property=\"og:locale\" content=\"es_ES\" \/>\n<meta property=\"og:type\" content=\"article\" \/>\n<meta property=\"og:title\" content=\"Patr\u00f3n de ganchillo para vestido navide\u00f1o 1\" \/>\n<meta property=\"og:description\" content=\"Compra aqu\u00ed mi patr\u00f3n de ganchillo \u00abVestido navide\u00f1o 1\u00bb. El patr\u00f3n de ganchillo f\u00e1cil est\u00e1 disponible en ingl\u00e9s, neerland\u00e9s, franc\u00e9s y espa\u00f1ol.\" \/>\n<meta property=\"og:url\" content=\"https:\/\/craftygenesindonesia.com\/es\/shop\/vestidos-para-munecas\/vestido-de-navidad-1\/\" \/>\n<meta property=\"og:site_name\" content=\"Craftygenesindonesia\" \/>\n<meta property=\"article:modified_time\" content=\"2026-03-18T03:58:34+00:00\" \/>\n<meta property=\"og:image\" content=\"https:\/\/craftygenesindonesia.com\/wp-content\/uploads\/2023\/10\/Untitled-design-2023-10-12T053716.047-300x300.jpg\" \/>\n<meta name=\"twitter:card\" content=\"summary_large_image\" \/>\n<meta name=\"twitter:label1\" content=\"Tiempo de lectura\" \/>\n\t<meta name=\"twitter:data1\" content=\"2 minutos\" \/>\n<script type=\"application\/ld+json\" class=\"yoast-schema-graph\">{\"@context\":\"https:\\\/\\\/schema.org\",\"@graph\":[{\"@type\":\"WebPage\",\"@id\":\"https:\\\/\\\/craftygenesindonesia.com\\\/es\\\/shop\\\/vestidos-para-munecas\\\/vestido-de-navidad-1\\\/\",\"url\":\"https:\\\/\\\/craftygenesindonesia.com\\\/es\\\/shop\\\/vestidos-para-munecas\\\/vestido-de-navidad-1\\\/\",\"name\":\"Vestido de Navidad 1 patr\u00f3n de ganchillo - Craftygenesindonesia\",\"isPartOf\":{\"@id\":\"https:\\\/\\\/craftygenesindonesia.com\\\/es\\\/#website\"},\"primaryImageOfPage\":{\"@id\":\"https:\\\/\\\/craftygenesindonesia.com\\\/es\\\/shop\\\/vestidos-para-munecas\\\/vestido-de-navidad-1\\\/#primaryimage\"},\"image\":{\"@id\":\"https:\\\/\\\/craftygenesindonesia.com\\\/es\\\/shop\\\/vestidos-para-munecas\\\/vestido-de-navidad-1\\\/#primaryimage\"},\"thumbnailUrl\":\"https:\\\/\\\/craftygenesindonesia.com\\\/wp-content\\\/uploads\\\/2023\\\/10\\\/Untitled-design-2023-10-12T053716.047.jpg\",\"datePublished\":\"2025-10-23T01:58:01+00:00\",\"dateModified\":\"2026-03-18T03:58:34+00:00\",\"description\":\"Compra aqu\u00ed mi patr\u00f3n de ganchillo \u00abVestido navide\u00f1o 1\u00bb. El patr\u00f3n de ganchillo f\u00e1cil est\u00e1 disponible en ingl\u00e9s, neerland\u00e9s, franc\u00e9s y espa\u00f1ol.\",\"breadcrumb\":{\"@id\":\"https:\\\/\\\/craftygenesindonesia.com\\\/es\\\/shop\\\/vestidos-para-munecas\\\/vestido-de-navidad-1\\\/#breadcrumb\"},\"inLanguage\":\"es\",\"potentialAction\":[{\"@type\":\"ReadAction\",\"target\":[\"https:\\\/\\\/craftygenesindonesia.com\\\/es\\\/shop\\\/vestidos-para-munecas\\\/vestido-de-navidad-1\\\/\"]}]},{\"@type\":\"ImageObject\",\"inLanguage\":\"es\",\"@id\":\"https:\\\/\\\/craftygenesindonesia.com\\\/es\\\/shop\\\/vestidos-para-munecas\\\/vestido-de-navidad-1\\\/#primaryimage\",\"url\":\"https:\\\/\\\/craftygenesindonesia.com\\\/wp-content\\\/uploads\\\/2023\\\/10\\\/Untitled-design-2023-10-12T053716.047.jpg\",\"contentUrl\":\"https:\\\/\\\/craftygenesindonesia.com\\\/wp-content\\\/uploads\\\/2023\\\/10\\\/Untitled-design-2023-10-12T053716.047.jpg\",\"width\":1080,\"height\":1080,\"caption\":\"Barbie con vestido rojo navide\u00f1o y chal de piel sint\u00e9tica.\"},{\"@type\":\"BreadcrumbList\",\"@id\":\"https:\\\/\\\/craftygenesindonesia.com\\\/es\\\/shop\\\/vestidos-para-munecas\\\/vestido-de-navidad-1\\\/#breadcrumb\",\"itemListElement\":[{\"@type\":\"ListItem\",\"position\":1,\"name\":\"Home\",\"item\":\"https:\\\/\\\/craftygenesindonesia.com\\\/es\\\/\"},{\"@type\":\"ListItem\",\"position\":2,\"name\":\"Tienda de patrones\",\"item\":\"https:\\\/\\\/craftygenesindonesia.com\\\/es\\\/tienda-de-patrones\\\/\"},{\"@type\":\"ListItem\",\"position\":3,\"name\":\"Vestido de Navidad 1\"}]},{\"@type\":\"WebSite\",\"@id\":\"https:\\\/\\\/craftygenesindonesia.com\\\/es\\\/#website\",\"url\":\"https:\\\/\\\/craftygenesindonesia.com\\\/es\\\/\",\"name\":\"Craftygenesindonesia\",\"description\":\"\",\"publisher\":{\"@id\":\"https:\\\/\\\/craftygenesindonesia.com\\\/es\\\/#organization\"},\"potentialAction\":[{\"@type\":\"SearchAction\",\"target\":{\"@type\":\"EntryPoint\",\"urlTemplate\":\"https:\\\/\\\/craftygenesindonesia.com\\\/es\\\/?s={search_term_string}\"},\"query-input\":{\"@type\":\"PropertyValueSpecification\",\"valueRequired\":true,\"valueName\":\"search_term_string\"}}],\"inLanguage\":\"es\"},{\"@type\":\"Organization\",\"@id\":\"https:\\\/\\\/craftygenesindonesia.com\\\/es\\\/#organization\",\"name\":\"Craftygenesindonesia\",\"url\":\"https:\\\/\\\/craftygenesindonesia.com\\\/es\\\/\",\"logo\":{\"@type\":\"ImageObject\",\"inLanguage\":\"es\",\"@id\":\"https:\\\/\\\/craftygenesindonesia.com\\\/es\\\/#\\\/schema\\\/logo\\\/image\\\/\",\"url\":\"https:\\\/\\\/craftygenesindonesia.com\\\/wp-content\\\/uploads\\\/2025\\\/11\\\/cropped-Copy-of-Craftygenesindonesia.jpg\",\"contentUrl\":\"https:\\\/\\\/craftygenesindonesia.com\\\/wp-content\\\/uploads\\\/2025\\\/11\\\/cropped-Copy-of-Craftygenesindonesia.jpg\",\"width\":180,\"height\":60,\"caption\":\"Craftygenesindonesia\"},\"image\":{\"@id\":\"https:\\\/\\\/craftygenesindonesia.com\\\/es\\\/#\\\/schema\\\/logo\\\/image\\\/\"}}]}<\/script>\n<!-- \/ Yoast SEO plugin. -->","yoast_head_json":{"title":"Vestido de Navidad 1 patr\u00f3n de ganchillo - Craftygenesindonesia","description":"Compra aqu\u00ed mi patr\u00f3n de ganchillo \u00abVestido navide\u00f1o 1\u00bb. El patr\u00f3n de ganchillo f\u00e1cil est\u00e1 disponible en ingl\u00e9s, neerland\u00e9s, franc\u00e9s y espa\u00f1ol.","robots":{"index":"index","follow":"follow","max-snippet":"max-snippet:-1","max-image-preview":"max-image-preview:large","max-video-preview":"max-video-preview:-1"},"canonical":"https:\/\/craftygenesindonesia.com\/es\/shop\/vestidos-para-munecas\/vestido-de-navidad-1\/","og_locale":"es_ES","og_type":"article","og_title":"Patr\u00f3n de ganchillo para vestido navide\u00f1o 1","og_description":"Compra aqu\u00ed mi patr\u00f3n de ganchillo \u00abVestido navide\u00f1o 1\u00bb. El patr\u00f3n de ganchillo f\u00e1cil est\u00e1 disponible en ingl\u00e9s, neerland\u00e9s, franc\u00e9s y espa\u00f1ol.","og_url":"https:\/\/craftygenesindonesia.com\/es\/shop\/vestidos-para-munecas\/vestido-de-navidad-1\/","og_site_name":"Craftygenesindonesia","article_modified_time":"2026-03-18T03:58:34+00:00","og_image":[{"url":"https:\/\/craftygenesindonesia.com\/wp-content\/uploads\/2023\/10\/Untitled-design-2023-10-12T053716.047-300x300.jpg","type":"","width":"","height":""}],"twitter_card":"summary_large_image","twitter_misc":{"Tiempo de lectura":"2 minutos"},"schema":{"@context":"https:\/\/schema.org","@graph":[{"@type":"WebPage","@id":"https:\/\/craftygenesindonesia.com\/es\/shop\/vestidos-para-munecas\/vestido-de-navidad-1\/","url":"https:\/\/craftygenesindonesia.com\/es\/shop\/vestidos-para-munecas\/vestido-de-navidad-1\/","name":"Vestido de Navidad 1 patr\u00f3n de ganchillo - Craftygenesindonesia","isPartOf":{"@id":"https:\/\/craftygenesindonesia.com\/es\/#website"},"primaryImageOfPage":{"@id":"https:\/\/craftygenesindonesia.com\/es\/shop\/vestidos-para-munecas\/vestido-de-navidad-1\/#primaryimage"},"image":{"@id":"https:\/\/craftygenesindonesia.com\/es\/shop\/vestidos-para-munecas\/vestido-de-navidad-1\/#primaryimage"},"thumbnailUrl":"https:\/\/craftygenesindonesia.com\/wp-content\/uploads\/2023\/10\/Untitled-design-2023-10-12T053716.047.jpg","datePublished":"2025-10-23T01:58:01+00:00","dateModified":"2026-03-18T03:58:34+00:00","description":"Compra aqu\u00ed mi patr\u00f3n de ganchillo \u00abVestido navide\u00f1o 1\u00bb. El patr\u00f3n de ganchillo f\u00e1cil est\u00e1 disponible en ingl\u00e9s, neerland\u00e9s, franc\u00e9s y espa\u00f1ol.","breadcrumb":{"@id":"https:\/\/craftygenesindonesia.com\/es\/shop\/vestidos-para-munecas\/vestido-de-navidad-1\/#breadcrumb"},"inLanguage":"es","potentialAction":[{"@type":"ReadAction","target":["https:\/\/craftygenesindonesia.com\/es\/shop\/vestidos-para-munecas\/vestido-de-navidad-1\/"]}]},{"@type":"ImageObject","inLanguage":"es","@id":"https:\/\/craftygenesindonesia.com\/es\/shop\/vestidos-para-munecas\/vestido-de-navidad-1\/#primaryimage","url":"https:\/\/craftygenesindonesia.com\/wp-content\/uploads\/2023\/10\/Untitled-design-2023-10-12T053716.047.jpg","contentUrl":"https:\/\/craftygenesindonesia.com\/wp-content\/uploads\/2023\/10\/Untitled-design-2023-10-12T053716.047.jpg","width":1080,"height":1080,"caption":"Barbie con vestido rojo navide\u00f1o y chal de piel sint\u00e9tica."},{"@type":"BreadcrumbList","@id":"https:\/\/craftygenesindonesia.com\/es\/shop\/vestidos-para-munecas\/vestido-de-navidad-1\/#breadcrumb","itemListElement":[{"@type":"ListItem","position":1,"name":"Home","item":"https:\/\/craftygenesindonesia.com\/es\/"},{"@type":"ListItem","position":2,"name":"Tienda de patrones","item":"https:\/\/craftygenesindonesia.com\/es\/tienda-de-patrones\/"},{"@type":"ListItem","position":3,"name":"Vestido de Navidad 1"}]},{"@type":"WebSite","@id":"https:\/\/craftygenesindonesia.com\/es\/#website","url":"https:\/\/craftygenesindonesia.com\/es\/","name":"Craftygenesindonesia","description":"","publisher":{"@id":"https:\/\/craftygenesindonesia.com\/es\/#organization"},"potentialAction":[{"@type":"SearchAction","target":{"@type":"EntryPoint","urlTemplate":"https:\/\/craftygenesindonesia.com\/es\/?s={search_term_string}"},"query-input":{"@type":"PropertyValueSpecification","valueRequired":true,"valueName":"search_term_string"}}],"inLanguage":"es"},{"@type":"Organization","@id":"https:\/\/craftygenesindonesia.com\/es\/#organization","name":"Craftygenesindonesia","url":"https:\/\/craftygenesindonesia.com\/es\/","logo":{"@type":"ImageObject","inLanguage":"es","@id":"https:\/\/craftygenesindonesia.com\/es\/#\/schema\/logo\/image\/","url":"https:\/\/craftygenesindonesia.com\/wp-content\/uploads\/2025\/11\/cropped-Copy-of-Craftygenesindonesia.jpg","contentUrl":"https:\/\/craftygenesindonesia.com\/wp-content\/uploads\/2025\/11\/cropped-Copy-of-Craftygenesindonesia.jpg","width":180,"height":60,"caption":"Craftygenesindonesia"},"image":{"@id":"https:\/\/craftygenesindonesia.com\/es\/#\/schema\/logo\/image\/"}}]}},"_links":{"self":[{"href":"https:\/\/craftygenesindonesia.com\/es\/wp-json\/wp\/v2\/product\/987531180","targetHints":{"allow":["GET"]}}],"collection":[{"href":"https:\/\/craftygenesindonesia.com\/es\/wp-json\/wp\/v2\/product"}],"about":[{"href":"https:\/\/craftygenesindonesia.com\/es\/wp-json\/wp\/v2\/types\/product"}],"replies":[{"embeddable":true,"href":"https:\/\/craftygenesindonesia.com\/es\/wp-json\/wp\/v2\/comments?post=987531180"}],"wp:featuredmedia":[{"embeddable":true,"href":"https:\/\/craftygenesindonesia.com\/es\/wp-json\/wp\/v2\/media\/340021"}],"wp:attachment":[{"href":"https:\/\/craftygenesindonesia.com\/es\/wp-json\/wp\/v2\/media?parent=987531180"}],"wp:term":[{"taxonomy":"product_brand","embeddable":true,"href":"https:\/\/craftygenesindonesia.com\/es\/wp-json\/wp\/v2\/product_brand?post=987531180"},{"taxonomy":"product_cat","embeddable":true,"href":"https:\/\/craftygenesindonesia.com\/es\/wp-json\/wp\/v2\/product_cat?post=987531180"},{"taxonomy":"product_tag","embeddable":true,"href":"https:\/\/craftygenesindonesia.com\/es\/wp-json\/wp\/v2\/product_tag?post=987531180"}],"curies":[{"name":"wp","href":"https:\/\/api.w.org\/{rel}","templated":true}]}}