{"id":987530304,"date":"2025-08-15T16:50:03","date_gmt":"2025-08-15T08:50:03","guid":{"rendered":"https:\/\/craftygenesindonesia.com\/?post_type=product&#038;p=987530304"},"modified":"2026-03-18T14:37:28","modified_gmt":"2026-03-18T06:37:28","slug":"memorial-del-enfermero-patron-de-tejido","status":"publish","type":"product","link":"https:\/\/craftygenesindonesia.com\/es\/shop\/patrones-de-tricotado\/memorial-del-enfermero-patron-de-tejido\/","title":{"rendered":"Memorial del enfermero patr\u00f3n de tejido"},"content":{"rendered":"<p><b>Memorial del enfermero<\/b><\/p>\n<p><b>Tipo de archivo<\/b>: patr\u00f3n de tejido &#8211; descarga digital, no es un art\u00edculo f\u00edsico.<\/p>\n<p><b>Idiomas disponibles<\/b>: ingl\u00e9s, neerland\u00e9s, franc\u00e9s, espa\u00f1ol, alem\u00e1n<\/p>\n<p><b>Tama\u00f1o del art\u00edculo terminado<\/b>: 26 cm\/10,25 pulgadas<\/p>\n<p><b>Tipo de hilo<\/b>: hilo de grosor \u00abDK\u00bb = tama\u00f1o 4<\/p>\n<p><b>Marcas recomendadas<\/b>: algod\u00f3n de leche de 4 cabos o Softfun de Scheepjes.<\/p>\n<p><b>Colores de hilo necesarios<\/b>: azul claro, color piel, blanco, marr\u00f3n oscuro, rojo.<\/p>\n<p><b>Agujas de tricotar<\/b>: agujas rectas de 2,5 mm<\/p>\n<p><b>Otras cosas que necesitas<\/b>: relleno, tijeras, alfileres de costura, aguja de tapiz, bastoncillo de algod\u00f3n, cart\u00f3n de 6 mm, pegamento, fieltro (a ser posible azul claro), aguja de coser** (**<i>solo la necesitas si tu aguja de tapiz no atraviesa f\u00e1cilmente el fieltro<\/i>)<\/p>\n<p><b>Informaci\u00f3n sobre derechos de autor y ayuda :<\/b><\/p>\n<p>Este patr\u00f3n es un patr\u00f3n escrito (digital) con muchas fotos para ayudarte. Si tienes preguntas sobre el patr\u00f3n, env\u00edame un correo electr\u00f3nico a craftygenesindonesia@gmail.com <\/p>\n<p><b>Este patr\u00f3n de punto digital es solo para uso personal y est\u00e1 protegido por derechos de autor.<span class=\"Apple-converted-space\">  <\/span>Por lo tanto, usted no puede copiar, vender, revender, traducir, reclamar como su propio dise\u00f1o, distribuir, compartir, publicar, publicar s\u00f3lo, &#8230; de cualquier manera o forma sin mi permiso. \u00a1Ni siquiera una parte! <\/b><\/p>\n<p><b>Se permite vender el producto o art\u00edculo terminado, en peque\u00f1as cantidades, pero no se permite vender el patr\u00f3n de punto en s\u00ed. Por favor, mencione que el patr\u00f3n de punto es m\u00edo, Craftygenesindonesia, y d\u00f3nde se puede comprar. <\/b><\/p>\n","protected":false},"excerpt":{"rendered":"<p>Este es un patr\u00f3n de punto r\u00e1pido y f\u00e1cil para tejer una enfermera de la Cruz Roja de la Segunda Guerra Mundial. Hay una versi\u00f3n en ganchillo de este patr\u00f3n que puedes encontrar <a href=\"https:\/\/craftygenesindonesia.com\/es\/shop\/angeles\/para-las-enfermeras\/\" target=\"_blank\" rel=\"noopener\"><strong>aqu\u00ed<\/strong><\/a>. <\/p>\n","protected":false},"featured_media":987530275,"comment_status":"open","ping_status":"closed","template":"","meta":{"_acf_changed":false},"product_brand":[],"product_cat":[3042],"product_tag":[11486,11396,11676,11961,9778,11675],"class_list":{"0":"post-987530304","1":"product","2":"type-product","3":"status-publish","4":"has-post-thumbnail","6":"product_cat-patrones-de-tricotado","7":"product_tag-cruz-roja-es","8":"product_tag-enfermera-es","9":"product_tag-enfermera-de-guerra","10":"product_tag-guerra-mundial","11":"product_tag-memorial-es","12":"product_tag-monumento-de-guerra","13":"pa_available_on-craftygenesindonesia","14":"pa_available_on-etsy","15":"pa_available_on-haked-nl","16":"pa_available_on-payhip","17":"pa_available_on-ravelry","18":"pa_languages-aleman","19":"pa_languages-espanol","20":"pa_languages-estados-unidos-ingles","21":"pa_languages-frances","22":"pa_languages-holandes","24":"first","25":"instock","26":"downloadable","27":"virtual","28":"purchasable","29":"product-type-simple"},"acf":[],"yoast_head":"<!-- This site is optimized with the Yoast SEO plugin v27.3 - https:\/\/yoast.com\/product\/yoast-seo-wordpress\/ -->\n<title>Memorial del enfermero patr\u00f3n de tejido patr\u00f3n de tejido - Craftygenesindonesia<\/title>\n<meta name=\"description\" content=\"Compra aqu\u00ed mi patr\u00f3n de punto memorial de enfermero. El patr\u00f3n de punto f\u00e1cil tambi\u00e9n est\u00e1 disponible en Etsy, Haked.nl, Ravelry y Payhip.\" \/>\n<meta name=\"robots\" content=\"index, follow, max-snippet:-1, max-image-preview:large, max-video-preview:-1\" \/>\n<link rel=\"canonical\" href=\"https:\/\/craftygenesindonesia.com\/es\/shop\/patrones-de-tricotado\/memorial-del-enfermero-patron-de-tejido\/\" \/>\n<meta property=\"og:locale\" content=\"es_ES\" \/>\n<meta property=\"og:type\" content=\"article\" \/>\n<meta property=\"og:title\" content=\"Memorial de enfermero patr\u00f3n de tejido\" \/>\n<meta property=\"og:description\" content=\"Compra aqu\u00ed mi patr\u00f3n de punto memorial de enfermero. El patr\u00f3n de punto f\u00e1cil tambi\u00e9n est\u00e1 disponible en Etsy, Haked.nl, Ravelry y Payhip.\" \/>\n<meta property=\"og:url\" content=\"https:\/\/craftygenesindonesia.com\/es\/shop\/patrones-de-tricotado\/memorial-del-enfermero-patron-de-tejido\/\" \/>\n<meta property=\"og:site_name\" content=\"Craftygenesindonesia\" \/>\n<meta property=\"article:modified_time\" content=\"2026-03-18T06:37:28+00:00\" \/>\n<meta property=\"og:image\" content=\"https:\/\/craftygenesindonesia.com\/wp-content\/uploads\/2025\/08\/1-1-300x300.jpg\" \/>\n<meta name=\"twitter:card\" content=\"summary_large_image\" \/>\n<meta name=\"twitter:label1\" content=\"Tiempo de lectura\" \/>\n\t<meta name=\"twitter:data1\" content=\"2 minutos\" \/>\n<script type=\"application\/ld+json\" class=\"yoast-schema-graph\">{\"@context\":\"https:\\\/\\\/schema.org\",\"@graph\":[{\"@type\":\"WebPage\",\"@id\":\"https:\\\/\\\/craftygenesindonesia.com\\\/es\\\/shop\\\/patrones-de-tricotado\\\/memorial-del-enfermero-patron-de-tejido\\\/\",\"url\":\"https:\\\/\\\/craftygenesindonesia.com\\\/es\\\/shop\\\/patrones-de-tricotado\\\/memorial-del-enfermero-patron-de-tejido\\\/\",\"name\":\"Memorial del enfermero patr\u00f3n de tejido patr\u00f3n de tejido - Craftygenesindonesia\",\"isPartOf\":{\"@id\":\"https:\\\/\\\/craftygenesindonesia.com\\\/es\\\/#website\"},\"primaryImageOfPage\":{\"@id\":\"https:\\\/\\\/craftygenesindonesia.com\\\/es\\\/shop\\\/patrones-de-tricotado\\\/memorial-del-enfermero-patron-de-tejido\\\/#primaryimage\"},\"image\":{\"@id\":\"https:\\\/\\\/craftygenesindonesia.com\\\/es\\\/shop\\\/patrones-de-tricotado\\\/memorial-del-enfermero-patron-de-tejido\\\/#primaryimage\"},\"thumbnailUrl\":\"https:\\\/\\\/craftygenesindonesia.com\\\/wp-content\\\/uploads\\\/2025\\\/08\\\/1-1.jpg\",\"datePublished\":\"2025-08-15T08:50:03+00:00\",\"dateModified\":\"2026-03-18T06:37:28+00:00\",\"description\":\"Compra aqu\u00ed mi patr\u00f3n de punto memorial de enfermero. El patr\u00f3n de punto f\u00e1cil tambi\u00e9n est\u00e1 disponible en Etsy, Haked.nl, Ravelry y Payhip.\",\"breadcrumb\":{\"@id\":\"https:\\\/\\\/craftygenesindonesia.com\\\/es\\\/shop\\\/patrones-de-tricotado\\\/memorial-del-enfermero-patron-de-tejido\\\/#breadcrumb\"},\"inLanguage\":\"es\",\"potentialAction\":[{\"@type\":\"ReadAction\",\"target\":[\"https:\\\/\\\/craftygenesindonesia.com\\\/es\\\/shop\\\/patrones-de-tricotado\\\/memorial-del-enfermero-patron-de-tejido\\\/\"]}]},{\"@type\":\"ImageObject\",\"inLanguage\":\"es\",\"@id\":\"https:\\\/\\\/craftygenesindonesia.com\\\/es\\\/shop\\\/patrones-de-tricotado\\\/memorial-del-enfermero-patron-de-tejido\\\/#primaryimage\",\"url\":\"https:\\\/\\\/craftygenesindonesia.com\\\/wp-content\\\/uploads\\\/2025\\\/08\\\/1-1.jpg\",\"contentUrl\":\"https:\\\/\\\/craftygenesindonesia.com\\\/wp-content\\\/uploads\\\/2025\\\/08\\\/1-1.jpg\",\"width\":1080,\"height\":1080,\"caption\":\"Enjugar la guerra mundial: enfermera de la Cruz Roja\"},{\"@type\":\"BreadcrumbList\",\"@id\":\"https:\\\/\\\/craftygenesindonesia.com\\\/es\\\/shop\\\/patrones-de-tricotado\\\/memorial-del-enfermero-patron-de-tejido\\\/#breadcrumb\",\"itemListElement\":[{\"@type\":\"ListItem\",\"position\":1,\"name\":\"Home\",\"item\":\"https:\\\/\\\/craftygenesindonesia.com\\\/es\\\/\"},{\"@type\":\"ListItem\",\"position\":2,\"name\":\"Tienda de patrones\",\"item\":\"https:\\\/\\\/craftygenesindonesia.com\\\/es\\\/tienda-de-patrones\\\/\"},{\"@type\":\"ListItem\",\"position\":3,\"name\":\"Memorial del enfermero patr\u00f3n de tejido\"}]},{\"@type\":\"WebSite\",\"@id\":\"https:\\\/\\\/craftygenesindonesia.com\\\/es\\\/#website\",\"url\":\"https:\\\/\\\/craftygenesindonesia.com\\\/es\\\/\",\"name\":\"Craftygenesindonesia\",\"description\":\"\",\"publisher\":{\"@id\":\"https:\\\/\\\/craftygenesindonesia.com\\\/es\\\/#organization\"},\"potentialAction\":[{\"@type\":\"SearchAction\",\"target\":{\"@type\":\"EntryPoint\",\"urlTemplate\":\"https:\\\/\\\/craftygenesindonesia.com\\\/es\\\/?s={search_term_string}\"},\"query-input\":{\"@type\":\"PropertyValueSpecification\",\"valueRequired\":true,\"valueName\":\"search_term_string\"}}],\"inLanguage\":\"es\"},{\"@type\":\"Organization\",\"@id\":\"https:\\\/\\\/craftygenesindonesia.com\\\/es\\\/#organization\",\"name\":\"Craftygenesindonesia\",\"url\":\"https:\\\/\\\/craftygenesindonesia.com\\\/es\\\/\",\"logo\":{\"@type\":\"ImageObject\",\"inLanguage\":\"es\",\"@id\":\"https:\\\/\\\/craftygenesindonesia.com\\\/es\\\/#\\\/schema\\\/logo\\\/image\\\/\",\"url\":\"https:\\\/\\\/craftygenesindonesia.com\\\/wp-content\\\/uploads\\\/2025\\\/11\\\/cropped-Copy-of-Craftygenesindonesia.jpg\",\"contentUrl\":\"https:\\\/\\\/craftygenesindonesia.com\\\/wp-content\\\/uploads\\\/2025\\\/11\\\/cropped-Copy-of-Craftygenesindonesia.jpg\",\"width\":180,\"height\":60,\"caption\":\"Craftygenesindonesia\"},\"image\":{\"@id\":\"https:\\\/\\\/craftygenesindonesia.com\\\/es\\\/#\\\/schema\\\/logo\\\/image\\\/\"}}]}<\/script>\n<!-- \/ Yoast SEO plugin. -->","yoast_head_json":{"title":"Memorial del enfermero patr\u00f3n de tejido patr\u00f3n de tejido - Craftygenesindonesia","description":"Compra aqu\u00ed mi patr\u00f3n de punto memorial de enfermero. El patr\u00f3n de punto f\u00e1cil tambi\u00e9n est\u00e1 disponible en Etsy, Haked.nl, Ravelry y Payhip.","robots":{"index":"index","follow":"follow","max-snippet":"max-snippet:-1","max-image-preview":"max-image-preview:large","max-video-preview":"max-video-preview:-1"},"canonical":"https:\/\/craftygenesindonesia.com\/es\/shop\/patrones-de-tricotado\/memorial-del-enfermero-patron-de-tejido\/","og_locale":"es_ES","og_type":"article","og_title":"Memorial de enfermero patr\u00f3n de tejido","og_description":"Compra aqu\u00ed mi patr\u00f3n de punto memorial de enfermero. El patr\u00f3n de punto f\u00e1cil tambi\u00e9n est\u00e1 disponible en Etsy, Haked.nl, Ravelry y Payhip.","og_url":"https:\/\/craftygenesindonesia.com\/es\/shop\/patrones-de-tricotado\/memorial-del-enfermero-patron-de-tejido\/","og_site_name":"Craftygenesindonesia","article_modified_time":"2026-03-18T06:37:28+00:00","og_image":[{"url":"https:\/\/craftygenesindonesia.com\/wp-content\/uploads\/2025\/08\/1-1-300x300.jpg","type":"","width":"","height":""}],"twitter_card":"summary_large_image","twitter_misc":{"Tiempo de lectura":"2 minutos"},"schema":{"@context":"https:\/\/schema.org","@graph":[{"@type":"WebPage","@id":"https:\/\/craftygenesindonesia.com\/es\/shop\/patrones-de-tricotado\/memorial-del-enfermero-patron-de-tejido\/","url":"https:\/\/craftygenesindonesia.com\/es\/shop\/patrones-de-tricotado\/memorial-del-enfermero-patron-de-tejido\/","name":"Memorial del enfermero patr\u00f3n de tejido patr\u00f3n de tejido - Craftygenesindonesia","isPartOf":{"@id":"https:\/\/craftygenesindonesia.com\/es\/#website"},"primaryImageOfPage":{"@id":"https:\/\/craftygenesindonesia.com\/es\/shop\/patrones-de-tricotado\/memorial-del-enfermero-patron-de-tejido\/#primaryimage"},"image":{"@id":"https:\/\/craftygenesindonesia.com\/es\/shop\/patrones-de-tricotado\/memorial-del-enfermero-patron-de-tejido\/#primaryimage"},"thumbnailUrl":"https:\/\/craftygenesindonesia.com\/wp-content\/uploads\/2025\/08\/1-1.jpg","datePublished":"2025-08-15T08:50:03+00:00","dateModified":"2026-03-18T06:37:28+00:00","description":"Compra aqu\u00ed mi patr\u00f3n de punto memorial de enfermero. El patr\u00f3n de punto f\u00e1cil tambi\u00e9n est\u00e1 disponible en Etsy, Haked.nl, Ravelry y Payhip.","breadcrumb":{"@id":"https:\/\/craftygenesindonesia.com\/es\/shop\/patrones-de-tricotado\/memorial-del-enfermero-patron-de-tejido\/#breadcrumb"},"inLanguage":"es","potentialAction":[{"@type":"ReadAction","target":["https:\/\/craftygenesindonesia.com\/es\/shop\/patrones-de-tricotado\/memorial-del-enfermero-patron-de-tejido\/"]}]},{"@type":"ImageObject","inLanguage":"es","@id":"https:\/\/craftygenesindonesia.com\/es\/shop\/patrones-de-tricotado\/memorial-del-enfermero-patron-de-tejido\/#primaryimage","url":"https:\/\/craftygenesindonesia.com\/wp-content\/uploads\/2025\/08\/1-1.jpg","contentUrl":"https:\/\/craftygenesindonesia.com\/wp-content\/uploads\/2025\/08\/1-1.jpg","width":1080,"height":1080,"caption":"Enjugar la guerra mundial: enfermera de la Cruz Roja"},{"@type":"BreadcrumbList","@id":"https:\/\/craftygenesindonesia.com\/es\/shop\/patrones-de-tricotado\/memorial-del-enfermero-patron-de-tejido\/#breadcrumb","itemListElement":[{"@type":"ListItem","position":1,"name":"Home","item":"https:\/\/craftygenesindonesia.com\/es\/"},{"@type":"ListItem","position":2,"name":"Tienda de patrones","item":"https:\/\/craftygenesindonesia.com\/es\/tienda-de-patrones\/"},{"@type":"ListItem","position":3,"name":"Memorial del enfermero patr\u00f3n de tejido"}]},{"@type":"WebSite","@id":"https:\/\/craftygenesindonesia.com\/es\/#website","url":"https:\/\/craftygenesindonesia.com\/es\/","name":"Craftygenesindonesia","description":"","publisher":{"@id":"https:\/\/craftygenesindonesia.com\/es\/#organization"},"potentialAction":[{"@type":"SearchAction","target":{"@type":"EntryPoint","urlTemplate":"https:\/\/craftygenesindonesia.com\/es\/?s={search_term_string}"},"query-input":{"@type":"PropertyValueSpecification","valueRequired":true,"valueName":"search_term_string"}}],"inLanguage":"es"},{"@type":"Organization","@id":"https:\/\/craftygenesindonesia.com\/es\/#organization","name":"Craftygenesindonesia","url":"https:\/\/craftygenesindonesia.com\/es\/","logo":{"@type":"ImageObject","inLanguage":"es","@id":"https:\/\/craftygenesindonesia.com\/es\/#\/schema\/logo\/image\/","url":"https:\/\/craftygenesindonesia.com\/wp-content\/uploads\/2025\/11\/cropped-Copy-of-Craftygenesindonesia.jpg","contentUrl":"https:\/\/craftygenesindonesia.com\/wp-content\/uploads\/2025\/11\/cropped-Copy-of-Craftygenesindonesia.jpg","width":180,"height":60,"caption":"Craftygenesindonesia"},"image":{"@id":"https:\/\/craftygenesindonesia.com\/es\/#\/schema\/logo\/image\/"}}]}},"_links":{"self":[{"href":"https:\/\/craftygenesindonesia.com\/es\/wp-json\/wp\/v2\/product\/987530304","targetHints":{"allow":["GET"]}}],"collection":[{"href":"https:\/\/craftygenesindonesia.com\/es\/wp-json\/wp\/v2\/product"}],"about":[{"href":"https:\/\/craftygenesindonesia.com\/es\/wp-json\/wp\/v2\/types\/product"}],"replies":[{"embeddable":true,"href":"https:\/\/craftygenesindonesia.com\/es\/wp-json\/wp\/v2\/comments?post=987530304"}],"wp:featuredmedia":[{"embeddable":true,"href":"https:\/\/craftygenesindonesia.com\/es\/wp-json\/wp\/v2\/media\/987530275"}],"wp:attachment":[{"href":"https:\/\/craftygenesindonesia.com\/es\/wp-json\/wp\/v2\/media?parent=987530304"}],"wp:term":[{"taxonomy":"product_brand","embeddable":true,"href":"https:\/\/craftygenesindonesia.com\/es\/wp-json\/wp\/v2\/product_brand?post=987530304"},{"taxonomy":"product_cat","embeddable":true,"href":"https:\/\/craftygenesindonesia.com\/es\/wp-json\/wp\/v2\/product_cat?post=987530304"},{"taxonomy":"product_tag","embeddable":true,"href":"https:\/\/craftygenesindonesia.com\/es\/wp-json\/wp\/v2\/product_tag?post=987530304"}],"curies":[{"name":"wp","href":"https:\/\/api.w.org\/{rel}","templated":true}]}}