{"id":987528055,"date":"2025-07-15T07:16:22","date_gmt":"2025-07-14T23:16:22","guid":{"rendered":"https:\/\/craftygenesindonesia.com\/shop\/sin%20categor\u00eda\/belen-de-noche-santa\/"},"modified":"2026-03-18T19:05:54","modified_gmt":"2026-03-18T11:05:54","slug":"belen-de-noche-santa","status":"publish","type":"product","link":"https:\/\/craftygenesindonesia.com\/es\/shop\/navidad\/belen-de-noche-santa\/","title":{"rendered":"Bel\u00e9n de Noche Santa"},"content":{"rendered":"<p><b>Tipo de archivo <\/b>: patr\u00f3n de ganchillo &#8211; descarga digital, no es un art\u00edculo f\u00edsico<\/p>\n<p>Idiomas disponibles: ingl\u00e9s (terminolog\u00eda de EE. UU. y del Reino Unido), neerland\u00e9s, franc\u00e9s, espa\u00f1ol, alem\u00e1n e italiano<\/p>\n<p>Dimensiones del art\u00edculo terminado: 51 x 40 x 30 cm \/ 20 x 15,7 x 11,8 pulgadas<\/p>\n<p><b>Tipo de hilo <\/b>: peso &#8220;fingering&#8221; = talla 3<\/p>\n<p><b>Marcas recomendadas <\/b>: Catona de Scheepjes, Durable Coral, ..<\/p>\n<p>Colores de lana necesarios: color piel, azul, blanco roto, marr\u00f3n oscuro, verde oliva, marr\u00f3n mostaza, naranja teja, amarillo, negro, beige oscuro, gris, amarillo brillante, azul oscuro, verde, verde oscuro, morado, turquesa oscuro, gris claro<\/p>\n<p>*Compra aqu\u00ed el hilo Catona en Haked.nl (solo en Europa): <a href=\"https:\/\/haked.nl\/product\/benodigdheden-noche-santa-kerststal-scheepjes-catona\/\">https:\/\/haked.nl\/product\/benodigdheden-noche-santa-kerststal-scheepjes-catona\/<\/a><\/p>\n<p>*Compra aqu\u00ed el hilo de coral Durable en Haked.nl (solo en Europa) (un poco m\u00e1s barato que Catona): <a href=\"https:\/\/haked.nl\/product\/benodigdheden-noche-santa-kerststal-durable-coral\/\">https:\/\/haked.nl\/product\/benodigdheden-noche-santa-kerststal-durable-coral\/ <\/a> <\/p>\n<p>Carta de colores: disponible en la p\u00e1gina de descargas<\/p>\n<p><b>Tama\u00f1o del ganchillo <\/b>: 2 mm<\/p>\n<p>Otras cosas que necesitar\u00e1s: relleno, marcadores de puntos, tijeras, l\u00e1piz, regla, pegamento, pistola de pegamento, alfileres de costura, cart\u00f3n r\u00edgido de 2 mm, cart\u00f3n de 6 mm (**), alambre de aluminio de 2 mm, alicates de corte, 5 bastoncillos de algod\u00f3n, fieltro (el color no importa, ya que no se ver\u00e1 una vez terminado), 1 palillo de madera, estrellas adhesivas, diamantes de pl\u00e1stico de imitaci\u00f3n<\/p>\n<p><b>Informaci\u00f3n sobre derechos de autor y ayuda :<\/b><\/p>\n<p>Este patr\u00f3n es un patr\u00f3n escrito (digital) con muchas fotos para ayudarte.<span class=\"Apple-converted-space\">  <\/span><a href=\"mailto:craftygenesindonesia@gmail.com\">Si tienes preguntas sobre el patr\u00f3n, env\u00edame un correo electr\u00f3nico a craftygenesindonesia@gmail.com<\/a><\/p>\n<p>Este patr\u00f3n digital de ganchillo es s\u00f3lo para uso personal y tiene copyright.<span class=\"Apple-converted-space\">  <\/span>Por lo tanto, usted no puede copiar, vender, revender, traducir, reclamar como su propio dise\u00f1o, distribuir, compartir, publicar, publicar s\u00f3lo, &#8230; de cualquier manera o forma sin mi permiso.<span class=\"Apple-converted-space\">  <\/span>\u00a1Ni siquiera una parte!<\/p>\n<p>Puedes vender el producto acabado o el art\u00edculo, en peque\u00f1as cantidades, pero no puedes vender el patr\u00f3n de ganchillo en s\u00ed.<span class=\"Apple-converted-space\">  <\/span>Menciona que el patr\u00f3n de ganchillo es m\u00edo, de Craftygenesindonesia, y d\u00f3nde se puede comprar.<\/p>\n","protected":false},"excerpt":{"rendered":"<p>\u00a1Este es mi bel\u00e9n de 2025! Est\u00e1 pensado para quienes no disponen de mucho espacio en casa, pero quieren un bel\u00e9n bastante completo. \u00a1Todo lo que se ve en las fotos est\u00e1 incluido!  <\/p>\n<p>&nbsp;<\/p>\n","protected":false},"featured_media":987530564,"comment_status":"open","ping_status":"closed","template":"","meta":{"_acf_changed":false},"product_brand":[],"product_cat":[12038,3047,3061,3077],"product_tag":[12087,12103,12090,12092,12089,12101,12102,12104,10090,12096,10091,12088,12100,12099,12105,12091,12093,12094,12095,12106,12107,12108,12098],"class_list":{"0":"post-987528055","1":"product","2":"type-product","3":"status-publish","4":"has-post-thumbnail","6":"product_cat-pedidos-anticipados","7":"product_cat-navidad","8":"product_cat-belenes","9":"product_cat-religioso","10":"product_tag-bethlehem-es","11":"product_tag-blessed-mary-es","12":"product_tag-catholic-es","13":"product_tag-christian-es","14":"product_tag-christmas-nativity-es","15":"product_tag-holy-family-es","16":"product_tag-holy-mary-es","17":"product_tag-holy-saint-mary-es","18":"product_tag-jesus-es","19":"product_tag-joseph-es","20":"product_tag-mary-es","21":"product_tag-nativity-es","22":"product_tag-nativity-set-es","23":"product_tag-palm-tree-es","24":"product_tag-saint-mary-es","25":"product_tag-sky-es","26":"product_tag-stable-es","27":"product_tag-star-es","28":"product_tag-stars-es","29":"product_tag-three-kings-es","30":"product_tag-three-wise-men-es","31":"product_tag-virgin-mary-es","32":"product_tag-xmas-es","33":"pa_available_on-craftygenesindonesia","34":"pa_available_on-etsy","35":"pa_available_on-haked-nl","36":"pa_available_on-payhip","37":"pa_available_on-ravelry","38":"pa_languages-aleman","39":"pa_languages-espanol","40":"pa_languages-estados-unidos-ingles","41":"pa_languages-frances","42":"pa_languages-holandes","43":"pa_languages-ingles-britanico","44":"pa_languages-italiano","46":"first","47":"instock","48":"downloadable","49":"virtual","50":"purchasable","51":"product-type-simple"},"acf":[],"yoast_head":"<!-- This site is optimized with the Yoast SEO plugin v27.4 - https:\/\/yoast.com\/product\/yoast-seo-wordpress\/ -->\n<title>Bel\u00e9n de Noche Santa patr\u00f3n de ganchillo - Craftygenesindonesia<\/title>\n<meta name=\"description\" content=\"Compra aqu\u00ed mi patr\u00f3n de ganchillo \u00abBel\u00e9n de Noche Santa\u00bb. El patr\u00f3n de ganchillo f\u00e1cil tambi\u00e9n est\u00e1 disponible en Etsy, Haked.nl, Ravelry, Payhip\" \/>\n<meta name=\"robots\" content=\"index, follow, max-snippet:-1, max-image-preview:large, max-video-preview:-1\" \/>\n<link rel=\"canonical\" href=\"https:\/\/craftygenesindonesia.com\/es\/shop\/navidad\/belen-de-noche-santa\/\" \/>\n<meta property=\"og:locale\" content=\"es_ES\" \/>\n<meta property=\"og:type\" content=\"article\" \/>\n<meta property=\"og:title\" content=\"Bel\u00e9n de Noche Santa\" \/>\n<meta property=\"og:description\" content=\"Compra aqu\u00ed mi patr\u00f3n de ganchillo \u00abBel\u00e9n de Noche Santa\u00bb. El patr\u00f3n de ganchillo f\u00e1cil tambi\u00e9n est\u00e1 disponible en Etsy, Haked.nl, Ravelry, Payhip\" \/>\n<meta property=\"og:url\" content=\"https:\/\/craftygenesindonesia.com\/es\/shop\/navidad\/belen-de-noche-santa\/\" \/>\n<meta property=\"og:site_name\" content=\"Craftygenesindonesia\" \/>\n<meta property=\"article:modified_time\" content=\"2026-03-18T11:05:54+00:00\" \/>\n<meta property=\"og:image\" content=\"https:\/\/craftygenesindonesia.com\/wp-content\/uploads\/2025\/07\/Noche-Santa-Nativity-Set.jpg\" \/>\n\t<meta property=\"og:image:width\" content=\"1080\" \/>\n\t<meta property=\"og:image:height\" content=\"1080\" \/>\n\t<meta property=\"og:image:type\" content=\"image\/jpeg\" \/>\n<meta name=\"twitter:card\" content=\"summary_large_image\" \/>\n<meta name=\"twitter:label1\" content=\"Tiempo de lectura\" \/>\n\t<meta name=\"twitter:data1\" content=\"2 minutos\" \/>\n<script type=\"application\/ld+json\" class=\"yoast-schema-graph\">{\"@context\":\"https:\\\/\\\/schema.org\",\"@graph\":[{\"@type\":\"WebPage\",\"@id\":\"https:\\\/\\\/craftygenesindonesia.com\\\/es\\\/shop\\\/navidad\\\/belen-de-noche-santa\\\/\",\"url\":\"https:\\\/\\\/craftygenesindonesia.com\\\/es\\\/shop\\\/navidad\\\/belen-de-noche-santa\\\/\",\"name\":\"Bel\u00e9n de Noche Santa patr\u00f3n de ganchillo - Craftygenesindonesia\",\"isPartOf\":{\"@id\":\"https:\\\/\\\/craftygenesindonesia.com\\\/es\\\/#website\"},\"primaryImageOfPage\":{\"@id\":\"https:\\\/\\\/craftygenesindonesia.com\\\/es\\\/shop\\\/navidad\\\/belen-de-noche-santa\\\/#primaryimage\"},\"image\":{\"@id\":\"https:\\\/\\\/craftygenesindonesia.com\\\/es\\\/shop\\\/navidad\\\/belen-de-noche-santa\\\/#primaryimage\"},\"thumbnailUrl\":\"https:\\\/\\\/craftygenesindonesia.com\\\/wp-content\\\/uploads\\\/2025\\\/07\\\/Noche-Santa-Nativity-Set.jpg\",\"datePublished\":\"2025-07-14T23:16:22+00:00\",\"dateModified\":\"2026-03-18T11:05:54+00:00\",\"description\":\"Compra aqu\u00ed mi patr\u00f3n de ganchillo \u00abBel\u00e9n de Noche Santa\u00bb. El patr\u00f3n de ganchillo f\u00e1cil tambi\u00e9n est\u00e1 disponible en Etsy, Haked.nl, Ravelry, Payhip\",\"breadcrumb\":{\"@id\":\"https:\\\/\\\/craftygenesindonesia.com\\\/es\\\/shop\\\/navidad\\\/belen-de-noche-santa\\\/#breadcrumb\"},\"inLanguage\":\"es\",\"potentialAction\":[{\"@type\":\"ReadAction\",\"target\":[\"https:\\\/\\\/craftygenesindonesia.com\\\/es\\\/shop\\\/navidad\\\/belen-de-noche-santa\\\/\"]}]},{\"@type\":\"ImageObject\",\"inLanguage\":\"es\",\"@id\":\"https:\\\/\\\/craftygenesindonesia.com\\\/es\\\/shop\\\/navidad\\\/belen-de-noche-santa\\\/#primaryimage\",\"url\":\"https:\\\/\\\/craftygenesindonesia.com\\\/wp-content\\\/uploads\\\/2025\\\/07\\\/Noche-Santa-Nativity-Set.jpg\",\"contentUrl\":\"https:\\\/\\\/craftygenesindonesia.com\\\/wp-content\\\/uploads\\\/2025\\\/07\\\/Noche-Santa-Nativity-Set.jpg\",\"width\":1080,\"height\":1080,\"caption\":\"bel\u00e9n de ganchillo\"},{\"@type\":\"BreadcrumbList\",\"@id\":\"https:\\\/\\\/craftygenesindonesia.com\\\/es\\\/shop\\\/navidad\\\/belen-de-noche-santa\\\/#breadcrumb\",\"itemListElement\":[{\"@type\":\"ListItem\",\"position\":1,\"name\":\"Home\",\"item\":\"https:\\\/\\\/craftygenesindonesia.com\\\/es\\\/\"},{\"@type\":\"ListItem\",\"position\":2,\"name\":\"Tienda de patrones\",\"item\":\"https:\\\/\\\/craftygenesindonesia.com\\\/es\\\/tienda-de-patrones\\\/\"},{\"@type\":\"ListItem\",\"position\":3,\"name\":\"Bel\u00e9n de Noche Santa\"}]},{\"@type\":\"WebSite\",\"@id\":\"https:\\\/\\\/craftygenesindonesia.com\\\/es\\\/#website\",\"url\":\"https:\\\/\\\/craftygenesindonesia.com\\\/es\\\/\",\"name\":\"Craftygenesindonesia\",\"description\":\"\",\"publisher\":{\"@id\":\"https:\\\/\\\/craftygenesindonesia.com\\\/es\\\/#organization\"},\"potentialAction\":[{\"@type\":\"SearchAction\",\"target\":{\"@type\":\"EntryPoint\",\"urlTemplate\":\"https:\\\/\\\/craftygenesindonesia.com\\\/es\\\/?s={search_term_string}\"},\"query-input\":{\"@type\":\"PropertyValueSpecification\",\"valueRequired\":true,\"valueName\":\"search_term_string\"}}],\"inLanguage\":\"es\"},{\"@type\":\"Organization\",\"@id\":\"https:\\\/\\\/craftygenesindonesia.com\\\/es\\\/#organization\",\"name\":\"Craftygenesindonesia\",\"url\":\"https:\\\/\\\/craftygenesindonesia.com\\\/es\\\/\",\"logo\":{\"@type\":\"ImageObject\",\"inLanguage\":\"es\",\"@id\":\"https:\\\/\\\/craftygenesindonesia.com\\\/es\\\/#\\\/schema\\\/logo\\\/image\\\/\",\"url\":\"https:\\\/\\\/craftygenesindonesia.com\\\/wp-content\\\/uploads\\\/2025\\\/11\\\/cropped-Copy-of-Craftygenesindonesia.jpg\",\"contentUrl\":\"https:\\\/\\\/craftygenesindonesia.com\\\/wp-content\\\/uploads\\\/2025\\\/11\\\/cropped-Copy-of-Craftygenesindonesia.jpg\",\"width\":180,\"height\":60,\"caption\":\"Craftygenesindonesia\"},\"image\":{\"@id\":\"https:\\\/\\\/craftygenesindonesia.com\\\/es\\\/#\\\/schema\\\/logo\\\/image\\\/\"}}]}<\/script>\n<!-- \/ Yoast SEO plugin. -->","yoast_head_json":{"title":"Bel\u00e9n de Noche Santa patr\u00f3n de ganchillo - Craftygenesindonesia","description":"Compra aqu\u00ed mi patr\u00f3n de ganchillo \u00abBel\u00e9n de Noche Santa\u00bb. El patr\u00f3n de ganchillo f\u00e1cil tambi\u00e9n est\u00e1 disponible en Etsy, Haked.nl, Ravelry, Payhip","robots":{"index":"index","follow":"follow","max-snippet":"max-snippet:-1","max-image-preview":"max-image-preview:large","max-video-preview":"max-video-preview:-1"},"canonical":"https:\/\/craftygenesindonesia.com\/es\/shop\/navidad\/belen-de-noche-santa\/","og_locale":"es_ES","og_type":"article","og_title":"Bel\u00e9n de Noche Santa","og_description":"Compra aqu\u00ed mi patr\u00f3n de ganchillo \u00abBel\u00e9n de Noche Santa\u00bb. El patr\u00f3n de ganchillo f\u00e1cil tambi\u00e9n est\u00e1 disponible en Etsy, Haked.nl, Ravelry, Payhip","og_url":"https:\/\/craftygenesindonesia.com\/es\/shop\/navidad\/belen-de-noche-santa\/","og_site_name":"Craftygenesindonesia","article_modified_time":"2026-03-18T11:05:54+00:00","og_image":[{"width":1080,"height":1080,"url":"https:\/\/craftygenesindonesia.com\/wp-content\/uploads\/2025\/07\/Noche-Santa-Nativity-Set.jpg","type":"image\/jpeg"}],"twitter_card":"summary_large_image","twitter_misc":{"Tiempo de lectura":"2 minutos"},"schema":{"@context":"https:\/\/schema.org","@graph":[{"@type":"WebPage","@id":"https:\/\/craftygenesindonesia.com\/es\/shop\/navidad\/belen-de-noche-santa\/","url":"https:\/\/craftygenesindonesia.com\/es\/shop\/navidad\/belen-de-noche-santa\/","name":"Bel\u00e9n de Noche Santa patr\u00f3n de ganchillo - Craftygenesindonesia","isPartOf":{"@id":"https:\/\/craftygenesindonesia.com\/es\/#website"},"primaryImageOfPage":{"@id":"https:\/\/craftygenesindonesia.com\/es\/shop\/navidad\/belen-de-noche-santa\/#primaryimage"},"image":{"@id":"https:\/\/craftygenesindonesia.com\/es\/shop\/navidad\/belen-de-noche-santa\/#primaryimage"},"thumbnailUrl":"https:\/\/craftygenesindonesia.com\/wp-content\/uploads\/2025\/07\/Noche-Santa-Nativity-Set.jpg","datePublished":"2025-07-14T23:16:22+00:00","dateModified":"2026-03-18T11:05:54+00:00","description":"Compra aqu\u00ed mi patr\u00f3n de ganchillo \u00abBel\u00e9n de Noche Santa\u00bb. El patr\u00f3n de ganchillo f\u00e1cil tambi\u00e9n est\u00e1 disponible en Etsy, Haked.nl, Ravelry, Payhip","breadcrumb":{"@id":"https:\/\/craftygenesindonesia.com\/es\/shop\/navidad\/belen-de-noche-santa\/#breadcrumb"},"inLanguage":"es","potentialAction":[{"@type":"ReadAction","target":["https:\/\/craftygenesindonesia.com\/es\/shop\/navidad\/belen-de-noche-santa\/"]}]},{"@type":"ImageObject","inLanguage":"es","@id":"https:\/\/craftygenesindonesia.com\/es\/shop\/navidad\/belen-de-noche-santa\/#primaryimage","url":"https:\/\/craftygenesindonesia.com\/wp-content\/uploads\/2025\/07\/Noche-Santa-Nativity-Set.jpg","contentUrl":"https:\/\/craftygenesindonesia.com\/wp-content\/uploads\/2025\/07\/Noche-Santa-Nativity-Set.jpg","width":1080,"height":1080,"caption":"bel\u00e9n de ganchillo"},{"@type":"BreadcrumbList","@id":"https:\/\/craftygenesindonesia.com\/es\/shop\/navidad\/belen-de-noche-santa\/#breadcrumb","itemListElement":[{"@type":"ListItem","position":1,"name":"Home","item":"https:\/\/craftygenesindonesia.com\/es\/"},{"@type":"ListItem","position":2,"name":"Tienda de patrones","item":"https:\/\/craftygenesindonesia.com\/es\/tienda-de-patrones\/"},{"@type":"ListItem","position":3,"name":"Bel\u00e9n de Noche Santa"}]},{"@type":"WebSite","@id":"https:\/\/craftygenesindonesia.com\/es\/#website","url":"https:\/\/craftygenesindonesia.com\/es\/","name":"Craftygenesindonesia","description":"","publisher":{"@id":"https:\/\/craftygenesindonesia.com\/es\/#organization"},"potentialAction":[{"@type":"SearchAction","target":{"@type":"EntryPoint","urlTemplate":"https:\/\/craftygenesindonesia.com\/es\/?s={search_term_string}"},"query-input":{"@type":"PropertyValueSpecification","valueRequired":true,"valueName":"search_term_string"}}],"inLanguage":"es"},{"@type":"Organization","@id":"https:\/\/craftygenesindonesia.com\/es\/#organization","name":"Craftygenesindonesia","url":"https:\/\/craftygenesindonesia.com\/es\/","logo":{"@type":"ImageObject","inLanguage":"es","@id":"https:\/\/craftygenesindonesia.com\/es\/#\/schema\/logo\/image\/","url":"https:\/\/craftygenesindonesia.com\/wp-content\/uploads\/2025\/11\/cropped-Copy-of-Craftygenesindonesia.jpg","contentUrl":"https:\/\/craftygenesindonesia.com\/wp-content\/uploads\/2025\/11\/cropped-Copy-of-Craftygenesindonesia.jpg","width":180,"height":60,"caption":"Craftygenesindonesia"},"image":{"@id":"https:\/\/craftygenesindonesia.com\/es\/#\/schema\/logo\/image\/"}}]}},"_links":{"self":[{"href":"https:\/\/craftygenesindonesia.com\/es\/wp-json\/wp\/v2\/product\/987528055","targetHints":{"allow":["GET"]}}],"collection":[{"href":"https:\/\/craftygenesindonesia.com\/es\/wp-json\/wp\/v2\/product"}],"about":[{"href":"https:\/\/craftygenesindonesia.com\/es\/wp-json\/wp\/v2\/types\/product"}],"replies":[{"embeddable":true,"href":"https:\/\/craftygenesindonesia.com\/es\/wp-json\/wp\/v2\/comments?post=987528055"}],"wp:featuredmedia":[{"embeddable":true,"href":"https:\/\/craftygenesindonesia.com\/es\/wp-json\/wp\/v2\/media\/987530564"}],"wp:attachment":[{"href":"https:\/\/craftygenesindonesia.com\/es\/wp-json\/wp\/v2\/media?parent=987528055"}],"wp:term":[{"taxonomy":"product_brand","embeddable":true,"href":"https:\/\/craftygenesindonesia.com\/es\/wp-json\/wp\/v2\/product_brand?post=987528055"},{"taxonomy":"product_cat","embeddable":true,"href":"https:\/\/craftygenesindonesia.com\/es\/wp-json\/wp\/v2\/product_cat?post=987528055"},{"taxonomy":"product_tag","embeddable":true,"href":"https:\/\/craftygenesindonesia.com\/es\/wp-json\/wp\/v2\/product_tag?post=987528055"}],"curies":[{"name":"wp","href":"https:\/\/api.w.org\/{rel}","templated":true}]}}