{"id":987527838,"date":"2025-06-15T10:08:19","date_gmt":"2025-06-15T02:08:19","guid":{"rendered":"https:\/\/craftygenesindonesia.com\/shop\/sin%20categor\u00eda\/cola-de-sirena\/"},"modified":"2026-03-18T19:22:07","modified_gmt":"2026-03-18T11:22:07","slug":"cola-de-sirena","status":"publish","type":"product","link":"https:\/\/craftygenesindonesia.com\/es\/shop\/vestidos-para-munecas\/cola-de-sirena\/","title":{"rendered":"Cola de sirena"},"content":{"rendered":"<p>Esta cola est\u00e1 hecha con hilo de grosor \u00abFINGERING\u00bb y una aguja de ganchillo de 2 mm.<\/p>\n<p>Necesitar\u00e1s un color de tu elecci\u00f3n (75-85 metros\/85-95 yardas) (marcas como Catona, Catania, Rainbow, etc., son todas muy buenas)<\/p>\n<p>Tambi\u00e9n necesitar\u00e1s: marcadores de puntos, tijeras y una aguja de bordar<\/p>\n<p>Aguja de ganchillo: 2mm<\/p>\n<p>Este patr\u00f3n est\u00e1 escrito y contiene muchas im\u00e1genes que te servir\u00e1n de ayuda. Si a\u00fan tienes alguna duda, env\u00edame un mensaje a: <a href=\"mailto:craftygenesindonesia@gmail.com\">craftygenesindonesia@gmail.com<\/a> <\/p>\n<p><strong>Este patr\u00f3n es solo para uso personal y est\u00e1 protegido por derechos de autor. Por lo tanto, NO se puede copiar, vender, revender, traducir, hacer pasar por un dise\u00f1o propio, distribuir, compartir, publicar ni subir a Internet&#8230; en ninguna forma sin mi consentimiento.  Ni siquiera una parte!<\/strong><\/p>\n<p><strong>Puedes vender el art\u00edculo terminado en peque\u00f1as cantidades, \u00a1PERO NO EL PATR\u00d3N EN S\u00cd! Por favor, indica que el patr\u00f3n es de Craftygenesindonesia y d\u00f3nde se puede comprar. <\/strong><\/p>\n","protected":false},"excerpt":{"rendered":"<p>Este es un patr\u00f3n de ganchillo r\u00e1pido y f\u00e1cil para una hermosa cola de sirena + top de sujetador que se ajustar\u00e1 a la mayor\u00eda de las mu\u00f1ecas de moda.<\/p>\n","protected":false},"featured_media":987518038,"comment_status":"open","ping_status":"closed","template":"","meta":{"_acf_changed":false},"product_brand":[],"product_cat":[12016],"product_tag":[12009,12028,12027],"class_list":{"0":"post-987527838","1":"product","2":"type-product","3":"status-publish","4":"has-post-thumbnail","6":"product_cat-vestidos-para-munecas","7":"product_tag-barbie-es","8":"product_tag-cola","9":"product_tag-sirena","10":"pa_available_on-craftygenesindonesia","11":"pa_available_on-ravelry","12":"pa_languages-aleman","13":"pa_languages-espanol","14":"pa_languages-estados-unidos-ingles","15":"pa_languages-frances","16":"pa_languages-holandes","18":"first","19":"instock","20":"downloadable","21":"virtual","22":"purchasable","23":"product-type-simple"},"acf":[],"yoast_head":"<!-- This site is optimized with the Yoast SEO plugin v27.4 - https:\/\/yoast.com\/product\/yoast-seo-wordpress\/ -->\n<title>Cola de sirena patr\u00f3n de ganchillo - Craftygenesindonesia<\/title>\n<meta name=\"description\" content=\"Compra aqu\u00ed mi patr\u00f3n de ganchillo \u00abCola de sirena\u00bb. Este sencillo patr\u00f3n de ganchillo para hacer una cola de sirena tambi\u00e9n est\u00e1 disponible en Ravelry en varios idiomas.\" \/>\n<meta name=\"robots\" content=\"index, follow, max-snippet:-1, max-image-preview:large, max-video-preview:-1\" \/>\n<link rel=\"canonical\" href=\"https:\/\/craftygenesindonesia.com\/es\/shop\/vestidos-para-munecas\/cola-de-sirena\/\" \/>\n<meta property=\"og:locale\" content=\"es_ES\" \/>\n<meta property=\"og:type\" content=\"article\" \/>\n<meta property=\"og:title\" content=\"Cola de sirena de ganchillo\" \/>\n<meta property=\"og:description\" content=\"Compra aqu\u00ed mi patr\u00f3n de ganchillo \u00abCola de sirena\u00bb. Este sencillo patr\u00f3n de ganchillo para hacer una cola de sirena tambi\u00e9n est\u00e1 disponible en Ravelry en varios idiomas.\" \/>\n<meta property=\"og:url\" content=\"https:\/\/craftygenesindonesia.com\/es\/shop\/vestidos-para-munecas\/cola-de-sirena\/\" \/>\n<meta property=\"og:site_name\" content=\"Craftygenesindonesia\" \/>\n<meta property=\"article:modified_time\" content=\"2026-03-18T11:22:07+00:00\" \/>\n<meta property=\"og:image\" content=\"https:\/\/craftygenesindonesia.com\/wp-content\/uploads\/2023\/05\/Barbie-Mermaid-Tail-300x300.jpg\" \/>\n<meta name=\"twitter:card\" content=\"summary_large_image\" \/>\n<meta name=\"twitter:label1\" content=\"Tiempo de lectura\" \/>\n\t<meta name=\"twitter:data1\" content=\"1 minuto\" \/>\n<script type=\"application\/ld+json\" class=\"yoast-schema-graph\">{\"@context\":\"https:\\\/\\\/schema.org\",\"@graph\":[{\"@type\":\"WebPage\",\"@id\":\"https:\\\/\\\/craftygenesindonesia.com\\\/es\\\/shop\\\/vestidos-para-munecas\\\/cola-de-sirena\\\/\",\"url\":\"https:\\\/\\\/craftygenesindonesia.com\\\/es\\\/shop\\\/vestidos-para-munecas\\\/cola-de-sirena\\\/\",\"name\":\"Cola de sirena patr\u00f3n de ganchillo - Craftygenesindonesia\",\"isPartOf\":{\"@id\":\"https:\\\/\\\/craftygenesindonesia.com\\\/es\\\/#website\"},\"primaryImageOfPage\":{\"@id\":\"https:\\\/\\\/craftygenesindonesia.com\\\/es\\\/shop\\\/vestidos-para-munecas\\\/cola-de-sirena\\\/#primaryimage\"},\"image\":{\"@id\":\"https:\\\/\\\/craftygenesindonesia.com\\\/es\\\/shop\\\/vestidos-para-munecas\\\/cola-de-sirena\\\/#primaryimage\"},\"thumbnailUrl\":\"https:\\\/\\\/craftygenesindonesia.com\\\/wp-content\\\/uploads\\\/2023\\\/05\\\/Barbie-Mermaid-Tail.jpg\",\"datePublished\":\"2025-06-15T02:08:19+00:00\",\"dateModified\":\"2026-03-18T11:22:07+00:00\",\"description\":\"Compra aqu\u00ed mi patr\u00f3n de ganchillo \u00abCola de sirena\u00bb. Este sencillo patr\u00f3n de ganchillo para hacer una cola de sirena tambi\u00e9n est\u00e1 disponible en Ravelry en varios idiomas.\",\"breadcrumb\":{\"@id\":\"https:\\\/\\\/craftygenesindonesia.com\\\/es\\\/shop\\\/vestidos-para-munecas\\\/cola-de-sirena\\\/#breadcrumb\"},\"inLanguage\":\"es\",\"potentialAction\":[{\"@type\":\"ReadAction\",\"target\":[\"https:\\\/\\\/craftygenesindonesia.com\\\/es\\\/shop\\\/vestidos-para-munecas\\\/cola-de-sirena\\\/\"]}]},{\"@type\":\"ImageObject\",\"inLanguage\":\"es\",\"@id\":\"https:\\\/\\\/craftygenesindonesia.com\\\/es\\\/shop\\\/vestidos-para-munecas\\\/cola-de-sirena\\\/#primaryimage\",\"url\":\"https:\\\/\\\/craftygenesindonesia.com\\\/wp-content\\\/uploads\\\/2023\\\/05\\\/Barbie-Mermaid-Tail.jpg\",\"contentUrl\":\"https:\\\/\\\/craftygenesindonesia.com\\\/wp-content\\\/uploads\\\/2023\\\/05\\\/Barbie-Mermaid-Tail.jpg\",\"width\":1080,\"height\":1080,\"caption\":\"Cola de sirena de Barbie a ganchillo\"},{\"@type\":\"BreadcrumbList\",\"@id\":\"https:\\\/\\\/craftygenesindonesia.com\\\/es\\\/shop\\\/vestidos-para-munecas\\\/cola-de-sirena\\\/#breadcrumb\",\"itemListElement\":[{\"@type\":\"ListItem\",\"position\":1,\"name\":\"Home\",\"item\":\"https:\\\/\\\/craftygenesindonesia.com\\\/es\\\/\"},{\"@type\":\"ListItem\",\"position\":2,\"name\":\"Tienda de patrones\",\"item\":\"https:\\\/\\\/craftygenesindonesia.com\\\/es\\\/tienda-de-patrones\\\/\"},{\"@type\":\"ListItem\",\"position\":3,\"name\":\"Cola de sirena\"}]},{\"@type\":\"WebSite\",\"@id\":\"https:\\\/\\\/craftygenesindonesia.com\\\/es\\\/#website\",\"url\":\"https:\\\/\\\/craftygenesindonesia.com\\\/es\\\/\",\"name\":\"Craftygenesindonesia\",\"description\":\"\",\"publisher\":{\"@id\":\"https:\\\/\\\/craftygenesindonesia.com\\\/es\\\/#organization\"},\"potentialAction\":[{\"@type\":\"SearchAction\",\"target\":{\"@type\":\"EntryPoint\",\"urlTemplate\":\"https:\\\/\\\/craftygenesindonesia.com\\\/es\\\/?s={search_term_string}\"},\"query-input\":{\"@type\":\"PropertyValueSpecification\",\"valueRequired\":true,\"valueName\":\"search_term_string\"}}],\"inLanguage\":\"es\"},{\"@type\":\"Organization\",\"@id\":\"https:\\\/\\\/craftygenesindonesia.com\\\/es\\\/#organization\",\"name\":\"Craftygenesindonesia\",\"url\":\"https:\\\/\\\/craftygenesindonesia.com\\\/es\\\/\",\"logo\":{\"@type\":\"ImageObject\",\"inLanguage\":\"es\",\"@id\":\"https:\\\/\\\/craftygenesindonesia.com\\\/es\\\/#\\\/schema\\\/logo\\\/image\\\/\",\"url\":\"https:\\\/\\\/craftygenesindonesia.com\\\/wp-content\\\/uploads\\\/2025\\\/11\\\/cropped-Copy-of-Craftygenesindonesia.jpg\",\"contentUrl\":\"https:\\\/\\\/craftygenesindonesia.com\\\/wp-content\\\/uploads\\\/2025\\\/11\\\/cropped-Copy-of-Craftygenesindonesia.jpg\",\"width\":180,\"height\":60,\"caption\":\"Craftygenesindonesia\"},\"image\":{\"@id\":\"https:\\\/\\\/craftygenesindonesia.com\\\/es\\\/#\\\/schema\\\/logo\\\/image\\\/\"}}]}<\/script>\n<!-- \/ Yoast SEO plugin. -->","yoast_head_json":{"title":"Cola de sirena patr\u00f3n de ganchillo - Craftygenesindonesia","description":"Compra aqu\u00ed mi patr\u00f3n de ganchillo \u00abCola de sirena\u00bb. Este sencillo patr\u00f3n de ganchillo para hacer una cola de sirena tambi\u00e9n est\u00e1 disponible en Ravelry en varios idiomas.","robots":{"index":"index","follow":"follow","max-snippet":"max-snippet:-1","max-image-preview":"max-image-preview:large","max-video-preview":"max-video-preview:-1"},"canonical":"https:\/\/craftygenesindonesia.com\/es\/shop\/vestidos-para-munecas\/cola-de-sirena\/","og_locale":"es_ES","og_type":"article","og_title":"Cola de sirena de ganchillo","og_description":"Compra aqu\u00ed mi patr\u00f3n de ganchillo \u00abCola de sirena\u00bb. Este sencillo patr\u00f3n de ganchillo para hacer una cola de sirena tambi\u00e9n est\u00e1 disponible en Ravelry en varios idiomas.","og_url":"https:\/\/craftygenesindonesia.com\/es\/shop\/vestidos-para-munecas\/cola-de-sirena\/","og_site_name":"Craftygenesindonesia","article_modified_time":"2026-03-18T11:22:07+00:00","og_image":[{"url":"https:\/\/craftygenesindonesia.com\/wp-content\/uploads\/2023\/05\/Barbie-Mermaid-Tail-300x300.jpg","type":"","width":"","height":""}],"twitter_card":"summary_large_image","twitter_misc":{"Tiempo de lectura":"1 minuto"},"schema":{"@context":"https:\/\/schema.org","@graph":[{"@type":"WebPage","@id":"https:\/\/craftygenesindonesia.com\/es\/shop\/vestidos-para-munecas\/cola-de-sirena\/","url":"https:\/\/craftygenesindonesia.com\/es\/shop\/vestidos-para-munecas\/cola-de-sirena\/","name":"Cola de sirena patr\u00f3n de ganchillo - Craftygenesindonesia","isPartOf":{"@id":"https:\/\/craftygenesindonesia.com\/es\/#website"},"primaryImageOfPage":{"@id":"https:\/\/craftygenesindonesia.com\/es\/shop\/vestidos-para-munecas\/cola-de-sirena\/#primaryimage"},"image":{"@id":"https:\/\/craftygenesindonesia.com\/es\/shop\/vestidos-para-munecas\/cola-de-sirena\/#primaryimage"},"thumbnailUrl":"https:\/\/craftygenesindonesia.com\/wp-content\/uploads\/2023\/05\/Barbie-Mermaid-Tail.jpg","datePublished":"2025-06-15T02:08:19+00:00","dateModified":"2026-03-18T11:22:07+00:00","description":"Compra aqu\u00ed mi patr\u00f3n de ganchillo \u00abCola de sirena\u00bb. Este sencillo patr\u00f3n de ganchillo para hacer una cola de sirena tambi\u00e9n est\u00e1 disponible en Ravelry en varios idiomas.","breadcrumb":{"@id":"https:\/\/craftygenesindonesia.com\/es\/shop\/vestidos-para-munecas\/cola-de-sirena\/#breadcrumb"},"inLanguage":"es","potentialAction":[{"@type":"ReadAction","target":["https:\/\/craftygenesindonesia.com\/es\/shop\/vestidos-para-munecas\/cola-de-sirena\/"]}]},{"@type":"ImageObject","inLanguage":"es","@id":"https:\/\/craftygenesindonesia.com\/es\/shop\/vestidos-para-munecas\/cola-de-sirena\/#primaryimage","url":"https:\/\/craftygenesindonesia.com\/wp-content\/uploads\/2023\/05\/Barbie-Mermaid-Tail.jpg","contentUrl":"https:\/\/craftygenesindonesia.com\/wp-content\/uploads\/2023\/05\/Barbie-Mermaid-Tail.jpg","width":1080,"height":1080,"caption":"Cola de sirena de Barbie a ganchillo"},{"@type":"BreadcrumbList","@id":"https:\/\/craftygenesindonesia.com\/es\/shop\/vestidos-para-munecas\/cola-de-sirena\/#breadcrumb","itemListElement":[{"@type":"ListItem","position":1,"name":"Home","item":"https:\/\/craftygenesindonesia.com\/es\/"},{"@type":"ListItem","position":2,"name":"Tienda de patrones","item":"https:\/\/craftygenesindonesia.com\/es\/tienda-de-patrones\/"},{"@type":"ListItem","position":3,"name":"Cola de sirena"}]},{"@type":"WebSite","@id":"https:\/\/craftygenesindonesia.com\/es\/#website","url":"https:\/\/craftygenesindonesia.com\/es\/","name":"Craftygenesindonesia","description":"","publisher":{"@id":"https:\/\/craftygenesindonesia.com\/es\/#organization"},"potentialAction":[{"@type":"SearchAction","target":{"@type":"EntryPoint","urlTemplate":"https:\/\/craftygenesindonesia.com\/es\/?s={search_term_string}"},"query-input":{"@type":"PropertyValueSpecification","valueRequired":true,"valueName":"search_term_string"}}],"inLanguage":"es"},{"@type":"Organization","@id":"https:\/\/craftygenesindonesia.com\/es\/#organization","name":"Craftygenesindonesia","url":"https:\/\/craftygenesindonesia.com\/es\/","logo":{"@type":"ImageObject","inLanguage":"es","@id":"https:\/\/craftygenesindonesia.com\/es\/#\/schema\/logo\/image\/","url":"https:\/\/craftygenesindonesia.com\/wp-content\/uploads\/2025\/11\/cropped-Copy-of-Craftygenesindonesia.jpg","contentUrl":"https:\/\/craftygenesindonesia.com\/wp-content\/uploads\/2025\/11\/cropped-Copy-of-Craftygenesindonesia.jpg","width":180,"height":60,"caption":"Craftygenesindonesia"},"image":{"@id":"https:\/\/craftygenesindonesia.com\/es\/#\/schema\/logo\/image\/"}}]}},"_links":{"self":[{"href":"https:\/\/craftygenesindonesia.com\/es\/wp-json\/wp\/v2\/product\/987527838","targetHints":{"allow":["GET"]}}],"collection":[{"href":"https:\/\/craftygenesindonesia.com\/es\/wp-json\/wp\/v2\/product"}],"about":[{"href":"https:\/\/craftygenesindonesia.com\/es\/wp-json\/wp\/v2\/types\/product"}],"replies":[{"embeddable":true,"href":"https:\/\/craftygenesindonesia.com\/es\/wp-json\/wp\/v2\/comments?post=987527838"}],"wp:featuredmedia":[{"embeddable":true,"href":"https:\/\/craftygenesindonesia.com\/es\/wp-json\/wp\/v2\/media\/987518038"}],"wp:attachment":[{"href":"https:\/\/craftygenesindonesia.com\/es\/wp-json\/wp\/v2\/media?parent=987527838"}],"wp:term":[{"taxonomy":"product_brand","embeddable":true,"href":"https:\/\/craftygenesindonesia.com\/es\/wp-json\/wp\/v2\/product_brand?post=987527838"},{"taxonomy":"product_cat","embeddable":true,"href":"https:\/\/craftygenesindonesia.com\/es\/wp-json\/wp\/v2\/product_cat?post=987527838"},{"taxonomy":"product_tag","embeddable":true,"href":"https:\/\/craftygenesindonesia.com\/es\/wp-json\/wp\/v2\/product_tag?post=987527838"}],"curies":[{"name":"wp","href":"https:\/\/api.w.org\/{rel}","templated":true}]}}