{"id":987526730,"date":"2025-04-08T20:28:10","date_gmt":"2025-04-08T12:28:10","guid":{"rendered":"https:\/\/craftygenesindonesia.com\/?post_type=product&#038;p=987526730"},"modified":"2026-03-18T20:35:32","modified_gmt":"2026-03-18T12:35:32","slug":"for-the-fallen-monument-gran-soldado","status":"publish","type":"product","link":"https:\/\/craftygenesindonesia.com\/es\/shop\/senoras-y-senores\/for-the-fallen-monument-gran-soldado\/","title":{"rendered":"For the Fallen Monument (gran soldado)"},"content":{"rendered":"<p><strong>Talla<\/strong>: 38cm\/15inch (esto es incl la plataforma)<\/p>\n<p>&nbsp;<\/p>\n<p><strong>Hilo<\/strong>: Hilos de peso \u00abFINGERING\u00bb como Catona, Catania,&#8230; en estos colores: turquesa, turquesa oscuro, gris-marr\u00f3n, negro, rojo<\/p>\n<p>Compra lana en Haked.nl: <a href=\"https:\/\/haked.nl\/product\/benodigdheden-for-the-fallen-monument\/\">Benodigdheden For the fallen monument &#8211; Haked<\/a><\/p>\n<p><strong>Otras cosas que tambi\u00e9n necesitas<\/strong>: Alambre de aluminio de 2 mm, alicates de corte, bloques de letras para formar la palabra \u00abLest we forget\u00bb, cart\u00f3n de 5 mm de grosor, pegamento, pistola de pegamento, relleno, marcadores de puntos, tijeras, l\u00e1piz<\/p>\n<p>&nbsp;<\/p>\n<p>Aguja de ganchillo: 2mm<\/p>\n<p>&nbsp;<\/p>\n<p>Este patr\u00f3n es un patr\u00f3n escrito con un mont\u00f3n de fotos para ayudarle. Si tiene alguna pregunta, env\u00edeme un mensaje a: craftygenesindonesia@gmail.com <\/p>\n<p>&nbsp;<\/p>\n<p><strong>-Este patr\u00f3n es s\u00f3lo para uso personal y tiene un COPYRIGHT en \u00e9l. Por lo tanto, el patr\u00f3n no puede ser copiado, vendido, revendido, traducido, reclamado como su dise\u00f1o, distribuido, compartido, publicado, publicado en l\u00ednea en cualquier forma sin mi permiso.  Ni siquiera una parte!<\/strong><\/p>\n<p>&nbsp;<\/p>\n<p><strong>-Puede vender el producto acabado en peque\u00f1as cantidades, PERO NO EL PROPIO PATR\u00d3N. Menciona que el patr\u00f3n es de Craftygenesindonesia y d\u00f3nde se puede comprar <\/strong><\/p>\n","protected":false},"excerpt":{"rendered":"<p>Este Monumento al Soldado es un sencillo patr\u00f3n de ganchillo que he creado para honrar a los muchos hombres y mujeres valientes que han servido o sirven actualmente a su pa\u00eds. El patr\u00f3n incluye una amapola como homenaje a sus sacrificios. <\/p>\n","protected":false},"featured_media":987526691,"comment_status":"open","ping_status":"closed","template":"","meta":{"_acf_changed":false},"product_brand":[],"product_cat":[3049,10143],"product_tag":[10520,11963,10514,10256,10158,11597,11961,10160,11960,10684,10515,11962],"class_list":{"0":"post-987526730","1":"product","2":"type-product","3":"status-publish","4":"has-post-thumbnail","6":"product_cat-senoras-y-senores","7":"product_cat-militar","8":"product_tag-amapola-es","9":"product_tag-arma","10":"product_tag-dia-de-la-memoria","11":"product_tag-dia-del-armisticio","12":"product_tag-ejercito","13":"product_tag-estatua","14":"product_tag-guerra-mundial","15":"product_tag-militar-es","16":"product_tag-monumento","17":"product_tag-para-los-caidos","18":"product_tag-soldado-es","19":"product_tag-v-dia","20":"pa_available_on-craftygenesindonesia","21":"pa_available_on-etsy","22":"pa_available_on-haked-nl","23":"pa_available_on-payhip","24":"pa_available_on-ravelry","25":"pa_languages-aleman","26":"pa_languages-espanol","27":"pa_languages-estados-unidos-ingles","28":"pa_languages-frances","29":"pa_languages-holandes","30":"pa_languages-ingles-britanico","32":"first","33":"instock","34":"downloadable","35":"virtual","36":"purchasable","37":"product-type-simple"},"acf":[],"yoast_head":"<!-- This site is optimized with the Yoast SEO plugin v27.4 - https:\/\/yoast.com\/product\/yoast-seo-wordpress\/ -->\n<title>For the Fallen Monument (gran soldado) patr\u00f3n de ganchillo - Craftygenesindonesia<\/title>\n<meta name=\"description\" content=\"Compra aqu\u00ed mi patr\u00f3n de ganchillo para soldado \u00abFor The Fallen Monument\u00bb. El patr\u00f3n f\u00e1cil tambi\u00e9n est\u00e1 disponible en Etsy, Haked.nl y Ravelry.\" \/>\n<meta name=\"robots\" content=\"index, follow, max-snippet:-1, max-image-preview:large, max-video-preview:-1\" \/>\n<link rel=\"canonical\" href=\"https:\/\/craftygenesindonesia.com\/es\/shop\/senoras-y-senores\/for-the-fallen-monument-gran-soldado\/\" \/>\n<meta property=\"og:locale\" content=\"es_ES\" \/>\n<meta property=\"og:type\" content=\"article\" \/>\n<meta property=\"og:title\" content=\"&quot;For The Fallen Monument&quot; patr\u00f3n de ganchillo soldado\" \/>\n<meta property=\"og:description\" content=\"Compra aqu\u00ed mi patr\u00f3n de ganchillo para soldado \u00abFor The Fallen Monument\u00bb. El patr\u00f3n f\u00e1cil tambi\u00e9n est\u00e1 disponible en Etsy, Haked.nl y Ravelry.\" \/>\n<meta property=\"og:url\" content=\"https:\/\/craftygenesindonesia.com\/es\/shop\/senoras-y-senores\/for-the-fallen-monument-gran-soldado\/\" \/>\n<meta property=\"og:site_name\" content=\"Craftygenesindonesia\" \/>\n<meta property=\"article:modified_time\" content=\"2026-03-18T12:35:32+00:00\" \/>\n<meta property=\"og:image\" content=\"https:\/\/craftygenesindonesia.com\/wp-content\/uploads\/2025\/04\/1-300x300.jpg\" \/>\n<meta name=\"twitter:card\" content=\"summary_large_image\" \/>\n<meta name=\"twitter:label1\" content=\"Tiempo de lectura\" \/>\n\t<meta name=\"twitter:data1\" content=\"1 minuto\" \/>\n<script type=\"application\/ld+json\" class=\"yoast-schema-graph\">{\"@context\":\"https:\\\/\\\/schema.org\",\"@graph\":[{\"@type\":\"WebPage\",\"@id\":\"https:\\\/\\\/craftygenesindonesia.com\\\/es\\\/shop\\\/senoras-y-senores\\\/for-the-fallen-monument-gran-soldado\\\/\",\"url\":\"https:\\\/\\\/craftygenesindonesia.com\\\/es\\\/shop\\\/senoras-y-senores\\\/for-the-fallen-monument-gran-soldado\\\/\",\"name\":\"For the Fallen Monument (gran soldado) patr\u00f3n de ganchillo - Craftygenesindonesia\",\"isPartOf\":{\"@id\":\"https:\\\/\\\/craftygenesindonesia.com\\\/es\\\/#website\"},\"primaryImageOfPage\":{\"@id\":\"https:\\\/\\\/craftygenesindonesia.com\\\/es\\\/shop\\\/senoras-y-senores\\\/for-the-fallen-monument-gran-soldado\\\/#primaryimage\"},\"image\":{\"@id\":\"https:\\\/\\\/craftygenesindonesia.com\\\/es\\\/shop\\\/senoras-y-senores\\\/for-the-fallen-monument-gran-soldado\\\/#primaryimage\"},\"thumbnailUrl\":\"https:\\\/\\\/craftygenesindonesia.com\\\/wp-content\\\/uploads\\\/2025\\\/04\\\/1.jpg\",\"datePublished\":\"2025-04-08T12:28:10+00:00\",\"dateModified\":\"2026-03-18T12:35:32+00:00\",\"description\":\"Compra aqu\u00ed mi patr\u00f3n de ganchillo para soldado \u00abFor The Fallen Monument\u00bb. El patr\u00f3n f\u00e1cil tambi\u00e9n est\u00e1 disponible en Etsy, Haked.nl y Ravelry.\",\"breadcrumb\":{\"@id\":\"https:\\\/\\\/craftygenesindonesia.com\\\/es\\\/shop\\\/senoras-y-senores\\\/for-the-fallen-monument-gran-soldado\\\/#breadcrumb\"},\"inLanguage\":\"es\",\"potentialAction\":[{\"@type\":\"ReadAction\",\"target\":[\"https:\\\/\\\/craftygenesindonesia.com\\\/es\\\/shop\\\/senoras-y-senores\\\/for-the-fallen-monument-gran-soldado\\\/\"]}]},{\"@type\":\"ImageObject\",\"inLanguage\":\"es\",\"@id\":\"https:\\\/\\\/craftygenesindonesia.com\\\/es\\\/shop\\\/senoras-y-senores\\\/for-the-fallen-monument-gran-soldado\\\/#primaryimage\",\"url\":\"https:\\\/\\\/craftygenesindonesia.com\\\/wp-content\\\/uploads\\\/2025\\\/04\\\/1.jpg\",\"contentUrl\":\"https:\\\/\\\/craftygenesindonesia.com\\\/wp-content\\\/uploads\\\/2025\\\/04\\\/1.jpg\",\"width\":1080,\"height\":1080,\"caption\":\"Monumento a un soldado hecho a ganchillo con amapolas\"},{\"@type\":\"BreadcrumbList\",\"@id\":\"https:\\\/\\\/craftygenesindonesia.com\\\/es\\\/shop\\\/senoras-y-senores\\\/for-the-fallen-monument-gran-soldado\\\/#breadcrumb\",\"itemListElement\":[{\"@type\":\"ListItem\",\"position\":1,\"name\":\"Home\",\"item\":\"https:\\\/\\\/craftygenesindonesia.com\\\/es\\\/\"},{\"@type\":\"ListItem\",\"position\":2,\"name\":\"Tienda de patrones\",\"item\":\"https:\\\/\\\/craftygenesindonesia.com\\\/es\\\/tienda-de-patrones\\\/\"},{\"@type\":\"ListItem\",\"position\":3,\"name\":\"For the Fallen Monument (gran soldado)\"}]},{\"@type\":\"WebSite\",\"@id\":\"https:\\\/\\\/craftygenesindonesia.com\\\/es\\\/#website\",\"url\":\"https:\\\/\\\/craftygenesindonesia.com\\\/es\\\/\",\"name\":\"Craftygenesindonesia\",\"description\":\"\",\"publisher\":{\"@id\":\"https:\\\/\\\/craftygenesindonesia.com\\\/es\\\/#organization\"},\"potentialAction\":[{\"@type\":\"SearchAction\",\"target\":{\"@type\":\"EntryPoint\",\"urlTemplate\":\"https:\\\/\\\/craftygenesindonesia.com\\\/es\\\/?s={search_term_string}\"},\"query-input\":{\"@type\":\"PropertyValueSpecification\",\"valueRequired\":true,\"valueName\":\"search_term_string\"}}],\"inLanguage\":\"es\"},{\"@type\":\"Organization\",\"@id\":\"https:\\\/\\\/craftygenesindonesia.com\\\/es\\\/#organization\",\"name\":\"Craftygenesindonesia\",\"url\":\"https:\\\/\\\/craftygenesindonesia.com\\\/es\\\/\",\"logo\":{\"@type\":\"ImageObject\",\"inLanguage\":\"es\",\"@id\":\"https:\\\/\\\/craftygenesindonesia.com\\\/es\\\/#\\\/schema\\\/logo\\\/image\\\/\",\"url\":\"https:\\\/\\\/craftygenesindonesia.com\\\/wp-content\\\/uploads\\\/2025\\\/11\\\/cropped-Copy-of-Craftygenesindonesia.jpg\",\"contentUrl\":\"https:\\\/\\\/craftygenesindonesia.com\\\/wp-content\\\/uploads\\\/2025\\\/11\\\/cropped-Copy-of-Craftygenesindonesia.jpg\",\"width\":180,\"height\":60,\"caption\":\"Craftygenesindonesia\"},\"image\":{\"@id\":\"https:\\\/\\\/craftygenesindonesia.com\\\/es\\\/#\\\/schema\\\/logo\\\/image\\\/\"}}]}<\/script>\n<!-- \/ Yoast SEO plugin. -->","yoast_head_json":{"title":"For the Fallen Monument (gran soldado) patr\u00f3n de ganchillo - Craftygenesindonesia","description":"Compra aqu\u00ed mi patr\u00f3n de ganchillo para soldado \u00abFor The Fallen Monument\u00bb. El patr\u00f3n f\u00e1cil tambi\u00e9n est\u00e1 disponible en Etsy, Haked.nl y Ravelry.","robots":{"index":"index","follow":"follow","max-snippet":"max-snippet:-1","max-image-preview":"max-image-preview:large","max-video-preview":"max-video-preview:-1"},"canonical":"https:\/\/craftygenesindonesia.com\/es\/shop\/senoras-y-senores\/for-the-fallen-monument-gran-soldado\/","og_locale":"es_ES","og_type":"article","og_title":"\"For The Fallen Monument\" patr\u00f3n de ganchillo soldado","og_description":"Compra aqu\u00ed mi patr\u00f3n de ganchillo para soldado \u00abFor The Fallen Monument\u00bb. El patr\u00f3n f\u00e1cil tambi\u00e9n est\u00e1 disponible en Etsy, Haked.nl y Ravelry.","og_url":"https:\/\/craftygenesindonesia.com\/es\/shop\/senoras-y-senores\/for-the-fallen-monument-gran-soldado\/","og_site_name":"Craftygenesindonesia","article_modified_time":"2026-03-18T12:35:32+00:00","og_image":[{"url":"https:\/\/craftygenesindonesia.com\/wp-content\/uploads\/2025\/04\/1-300x300.jpg","type":"","width":"","height":""}],"twitter_card":"summary_large_image","twitter_misc":{"Tiempo de lectura":"1 minuto"},"schema":{"@context":"https:\/\/schema.org","@graph":[{"@type":"WebPage","@id":"https:\/\/craftygenesindonesia.com\/es\/shop\/senoras-y-senores\/for-the-fallen-monument-gran-soldado\/","url":"https:\/\/craftygenesindonesia.com\/es\/shop\/senoras-y-senores\/for-the-fallen-monument-gran-soldado\/","name":"For the Fallen Monument (gran soldado) patr\u00f3n de ganchillo - Craftygenesindonesia","isPartOf":{"@id":"https:\/\/craftygenesindonesia.com\/es\/#website"},"primaryImageOfPage":{"@id":"https:\/\/craftygenesindonesia.com\/es\/shop\/senoras-y-senores\/for-the-fallen-monument-gran-soldado\/#primaryimage"},"image":{"@id":"https:\/\/craftygenesindonesia.com\/es\/shop\/senoras-y-senores\/for-the-fallen-monument-gran-soldado\/#primaryimage"},"thumbnailUrl":"https:\/\/craftygenesindonesia.com\/wp-content\/uploads\/2025\/04\/1.jpg","datePublished":"2025-04-08T12:28:10+00:00","dateModified":"2026-03-18T12:35:32+00:00","description":"Compra aqu\u00ed mi patr\u00f3n de ganchillo para soldado \u00abFor The Fallen Monument\u00bb. El patr\u00f3n f\u00e1cil tambi\u00e9n est\u00e1 disponible en Etsy, Haked.nl y Ravelry.","breadcrumb":{"@id":"https:\/\/craftygenesindonesia.com\/es\/shop\/senoras-y-senores\/for-the-fallen-monument-gran-soldado\/#breadcrumb"},"inLanguage":"es","potentialAction":[{"@type":"ReadAction","target":["https:\/\/craftygenesindonesia.com\/es\/shop\/senoras-y-senores\/for-the-fallen-monument-gran-soldado\/"]}]},{"@type":"ImageObject","inLanguage":"es","@id":"https:\/\/craftygenesindonesia.com\/es\/shop\/senoras-y-senores\/for-the-fallen-monument-gran-soldado\/#primaryimage","url":"https:\/\/craftygenesindonesia.com\/wp-content\/uploads\/2025\/04\/1.jpg","contentUrl":"https:\/\/craftygenesindonesia.com\/wp-content\/uploads\/2025\/04\/1.jpg","width":1080,"height":1080,"caption":"Monumento a un soldado hecho a ganchillo con amapolas"},{"@type":"BreadcrumbList","@id":"https:\/\/craftygenesindonesia.com\/es\/shop\/senoras-y-senores\/for-the-fallen-monument-gran-soldado\/#breadcrumb","itemListElement":[{"@type":"ListItem","position":1,"name":"Home","item":"https:\/\/craftygenesindonesia.com\/es\/"},{"@type":"ListItem","position":2,"name":"Tienda de patrones","item":"https:\/\/craftygenesindonesia.com\/es\/tienda-de-patrones\/"},{"@type":"ListItem","position":3,"name":"For the Fallen Monument (gran soldado)"}]},{"@type":"WebSite","@id":"https:\/\/craftygenesindonesia.com\/es\/#website","url":"https:\/\/craftygenesindonesia.com\/es\/","name":"Craftygenesindonesia","description":"","publisher":{"@id":"https:\/\/craftygenesindonesia.com\/es\/#organization"},"potentialAction":[{"@type":"SearchAction","target":{"@type":"EntryPoint","urlTemplate":"https:\/\/craftygenesindonesia.com\/es\/?s={search_term_string}"},"query-input":{"@type":"PropertyValueSpecification","valueRequired":true,"valueName":"search_term_string"}}],"inLanguage":"es"},{"@type":"Organization","@id":"https:\/\/craftygenesindonesia.com\/es\/#organization","name":"Craftygenesindonesia","url":"https:\/\/craftygenesindonesia.com\/es\/","logo":{"@type":"ImageObject","inLanguage":"es","@id":"https:\/\/craftygenesindonesia.com\/es\/#\/schema\/logo\/image\/","url":"https:\/\/craftygenesindonesia.com\/wp-content\/uploads\/2025\/11\/cropped-Copy-of-Craftygenesindonesia.jpg","contentUrl":"https:\/\/craftygenesindonesia.com\/wp-content\/uploads\/2025\/11\/cropped-Copy-of-Craftygenesindonesia.jpg","width":180,"height":60,"caption":"Craftygenesindonesia"},"image":{"@id":"https:\/\/craftygenesindonesia.com\/es\/#\/schema\/logo\/image\/"}}]}},"_links":{"self":[{"href":"https:\/\/craftygenesindonesia.com\/es\/wp-json\/wp\/v2\/product\/987526730","targetHints":{"allow":["GET"]}}],"collection":[{"href":"https:\/\/craftygenesindonesia.com\/es\/wp-json\/wp\/v2\/product"}],"about":[{"href":"https:\/\/craftygenesindonesia.com\/es\/wp-json\/wp\/v2\/types\/product"}],"replies":[{"embeddable":true,"href":"https:\/\/craftygenesindonesia.com\/es\/wp-json\/wp\/v2\/comments?post=987526730"}],"wp:featuredmedia":[{"embeddable":true,"href":"https:\/\/craftygenesindonesia.com\/es\/wp-json\/wp\/v2\/media\/987526691"}],"wp:attachment":[{"href":"https:\/\/craftygenesindonesia.com\/es\/wp-json\/wp\/v2\/media?parent=987526730"}],"wp:term":[{"taxonomy":"product_brand","embeddable":true,"href":"https:\/\/craftygenesindonesia.com\/es\/wp-json\/wp\/v2\/product_brand?post=987526730"},{"taxonomy":"product_cat","embeddable":true,"href":"https:\/\/craftygenesindonesia.com\/es\/wp-json\/wp\/v2\/product_cat?post=987526730"},{"taxonomy":"product_tag","embeddable":true,"href":"https:\/\/craftygenesindonesia.com\/es\/wp-json\/wp\/v2\/product_tag?post=987526730"}],"curies":[{"name":"wp","href":"https:\/\/api.w.org\/{rel}","templated":true}]}}