{"id":987526098,"date":"2025-02-14T16:30:17","date_gmt":"2025-02-14T08:30:17","guid":{"rendered":"https:\/\/craftygenesindonesia.com\/?post_type=product&#038;p=987526098"},"modified":"2026-03-19T05:34:39","modified_gmt":"2026-03-18T21:34:39","slug":"lola-edicion-audifonos","status":"publish","type":"product","link":"https:\/\/craftygenesindonesia.com\/es\/shop\/munecas-infantiles\/lola-edicion-audifonos\/","title":{"rendered":"Lola, Edici\u00f3n Aud\u00edfonos"},"content":{"rendered":"<p><strong>Tama\u00f1o<\/strong>: 48 cm (piernas incluidas)<\/p>\n<p><strong>Hilo<\/strong>: Hilo de peso DK, como Catona Softfun o hilo de algod\u00f3n con leche de 4 cabos, en estos colores: <a href=\"https:\/\/haked.nl\/product\/garen-katoen-acryl-mix-scheepjes-softfun-2466-peach\/\" target=\"_blank\" rel=\"noopener\">color piel<\/a>, <a href=\"https:\/\/haked.nl\/product\/garen-katoen-acryl-mix-scheepjes-softfun-2412-snow\/\" target=\"_blank\" rel=\"noopener\">blanco<\/a>, <a href=\"https:\/\/haked.nl\/product\/garen-katoen-acryl-mix-scheepjes-softfun-2495-hot-pink\/\" target=\"_blank\" rel=\"noopener\">rosa<\/a>, <a href=\"https:\/\/haked.nl\/product\/garen-katoen-acryl-mix-scheepjes-softfun-2636-soft-coral\/\" target=\"_blank\" rel=\"noopener\">salm\u00f3n<\/a>, <a href=\"https:\/\/haked.nl\/product\/garen-katoen-acryl-mix-scheepjes-softfun-2518-canary\/\" target=\"_blank\" rel=\"noopener\">amarillo<\/a>, <a href=\"https:\/\/haked.nl\/product\/garen-katoen-acryl-mix-scheepjes-softfun-2654-magenta\/\" target=\"_blank\" rel=\"noopener\">magenta<\/a>, <a href=\"https:\/\/haked.nl\/product\/garen-katoen-acryl-mix-scheepjes-softfun-2410-candy-apple\/\" target=\"_blank\" rel=\"noopener\">rojo<\/a>, <a href=\"https:\/\/haked.nl\/product\/garen-katoen-acryl-mix-scheepjes-softfun-2408-black\/\" target=\"_blank\" rel=\"noopener\">negro<\/a>, <a href=\"https:\/\/haked.nl\/product\/garen-katoen-acryl-mix-scheepjes-softfun-2621-mustard\/\" target=\"_blank\" rel=\"noopener\">marr\u00f3n<\/a>, <a href=\"https:\/\/haked.nl\/product\/garen-katoen-acryl-mix-scheepjes-softfun-2629-azure\/\" target=\"_blank\" rel=\"noopener\">azul<\/a><\/p>\n<p>&nbsp;<\/p>\n<p><strong>**Esta mu\u00f1eca ser\u00e1 entre un 10 y un 15% m\u00e1s peque\u00f1a si se hace con hilo de peso &#8220;FINGERING&#8221; como Catona, Catania, &#8230;<\/strong><\/p>\n<p>&nbsp;<\/p>\n<p><strong>Otras cosas que necesitar\u00e1s<\/strong>: relleno, tijeras, aguja de tapiz, alfileres de coser, dos ojos de seguridad negros de 14 mm, 1 espiga\/palillo grueso para evitar que se caiga la cabeza<\/p>\n<p>&nbsp;<\/p>\n<p><strong>Aguja de ganchillo:<\/strong> 2,5 mm<\/p>\n<p>&nbsp;<\/p>\n<p>Este patr\u00f3n es un patr\u00f3n escrito con un mont\u00f3n de fotos para ayudarle. Si tiene alguna pregunta, env\u00edeme un mensaje a: craftygenesindonesia@gmail.com <\/p>\n<p>&nbsp;<\/p>\n<p><strong>-Este patr\u00f3n es s\u00f3lo para uso personal y tiene un COPYRIGHT en \u00e9l. Por lo tanto, el patr\u00f3n no puede ser copiado, vendido, revendido, traducido, reclamado como su dise\u00f1o, distribuido, compartido, publicado, publicado en l\u00ednea en cualquier forma sin mi permiso.  Ni siquiera una parte!<\/strong><\/p>\n<p>&nbsp;<\/p>\n<p><strong>-Puede vender el producto acabado en peque\u00f1as cantidades, PERO NO EL PROPIO PATR\u00d3N. Menciona que el patr\u00f3n es de Craftygenesindonesia y d\u00f3nde se puede comprar <\/strong><\/p>\n","protected":false},"excerpt":{"rendered":"<p>Este sencillo patr\u00f3n de ganchillo se hizo en honor de mi sobrina. Pens\u00e9 que ser\u00eda maravilloso para ella tener una mu\u00f1eca con aud\u00edfonos, igual que ella. <\/p>\n","protected":false},"featured_media":987526063,"comment_status":"open","ping_status":"closed","template":"","meta":{"_acf_changed":false},"product_brand":[],"product_cat":[3063,3065],"product_tag":[11893,11097,10858,11051,11284,11441],"class_list":{"0":"post-987526098","1":"product","2":"type-product","3":"status-publish","4":"has-post-thumbnail","6":"product_cat-munecas-infantiles","7":"product_cat-munecas-lola","8":"product_tag-audifono","9":"product_tag-muneca-es-2","10":"product_tag-muneca-es","11":"product_tag-muneca-de-ganchillo","12":"product_tag-munecas-infantiles","13":"product_tag-rosa-es","14":"pa_available_on-craftygenesindonesia","15":"pa_available_on-etsy","16":"pa_available_on-haked-nl","17":"pa_available_on-payhip","18":"pa_available_on-ravelry","19":"pa_languages-aleman","20":"pa_languages-espanol","21":"pa_languages-estados-unidos-ingles","22":"pa_languages-frances","23":"pa_languages-holandes","25":"first","26":"instock","27":"downloadable","28":"virtual","29":"purchasable","30":"product-type-simple"},"acf":[],"yoast_head":"<!-- This site is optimized with the Yoast SEO plugin v27.4 - https:\/\/yoast.com\/product\/yoast-seo-wordpress\/ -->\n<title>Lola, Edici\u00f3n Aud\u00edfonos patrones de ganchillo - Craftygenesindonesia<\/title>\n<meta name=\"description\" content=\"Compra aqu\u00ed mi patr\u00f3n de ganchillo &quot;Lola, edici\u00f3n aud\u00edfonos&quot;. El patr\u00f3n de ganchillo f\u00e1cil tambi\u00e9n est\u00e1 disponible en Etsy, Haked.nl, Ravelry, Payhip\" \/>\n<meta name=\"robots\" content=\"index, follow, max-snippet:-1, max-image-preview:large, max-video-preview:-1\" \/>\n<link rel=\"canonical\" href=\"https:\/\/craftygenesindonesia.com\/es\/shop\/munecas-infantiles\/lola-edicion-audifonos\/\" \/>\n<meta property=\"og:locale\" content=\"es_ES\" \/>\n<meta property=\"og:type\" content=\"article\" \/>\n<meta property=\"og:title\" content=\"&quot;Patr\u00f3n de ganchillo &quot;Lola, edici\u00f3n aud\u00edfonos\" \/>\n<meta property=\"og:description\" content=\"Compra aqu\u00ed mi patr\u00f3n de ganchillo &quot;Lola, edici\u00f3n aud\u00edfonos&quot;. El patr\u00f3n de ganchillo f\u00e1cil tambi\u00e9n est\u00e1 disponible en Etsy, Haked.nl, Ravelry, Payhip\" \/>\n<meta property=\"og:url\" content=\"https:\/\/craftygenesindonesia.com\/es\/shop\/munecas-infantiles\/lola-edicion-audifonos\/\" \/>\n<meta property=\"og:site_name\" content=\"Craftygenesindonesia\" \/>\n<meta property=\"article:modified_time\" content=\"2026-03-18T21:34:39+00:00\" \/>\n<meta property=\"og:image\" content=\"https:\/\/craftygenesindonesia.com\/wp-content\/uploads\/2025\/02\/1-300x300.jpg\" \/>\n<meta name=\"twitter:card\" content=\"summary_large_image\" \/>\n<meta name=\"twitter:label1\" content=\"Tiempo de lectura\" \/>\n\t<meta name=\"twitter:data1\" content=\"2 minutos\" \/>\n<script type=\"application\/ld+json\" class=\"yoast-schema-graph\">{\"@context\":\"https:\\\/\\\/schema.org\",\"@graph\":[{\"@type\":\"WebPage\",\"@id\":\"https:\\\/\\\/craftygenesindonesia.com\\\/es\\\/shop\\\/munecas-infantiles\\\/lola-edicion-audifonos\\\/\",\"url\":\"https:\\\/\\\/craftygenesindonesia.com\\\/es\\\/shop\\\/munecas-infantiles\\\/lola-edicion-audifonos\\\/\",\"name\":\"Lola, Edici\u00f3n Aud\u00edfonos patrones de ganchillo - Craftygenesindonesia\",\"isPartOf\":{\"@id\":\"https:\\\/\\\/craftygenesindonesia.com\\\/es\\\/#website\"},\"primaryImageOfPage\":{\"@id\":\"https:\\\/\\\/craftygenesindonesia.com\\\/es\\\/shop\\\/munecas-infantiles\\\/lola-edicion-audifonos\\\/#primaryimage\"},\"image\":{\"@id\":\"https:\\\/\\\/craftygenesindonesia.com\\\/es\\\/shop\\\/munecas-infantiles\\\/lola-edicion-audifonos\\\/#primaryimage\"},\"thumbnailUrl\":\"https:\\\/\\\/craftygenesindonesia.com\\\/wp-content\\\/uploads\\\/2025\\\/02\\\/1.jpg\",\"datePublished\":\"2025-02-14T08:30:17+00:00\",\"dateModified\":\"2026-03-18T21:34:39+00:00\",\"description\":\"Compra aqu\u00ed mi patr\u00f3n de ganchillo \\\"Lola, edici\u00f3n aud\u00edfonos\\\". El patr\u00f3n de ganchillo f\u00e1cil tambi\u00e9n est\u00e1 disponible en Etsy, Haked.nl, Ravelry, Payhip\",\"breadcrumb\":{\"@id\":\"https:\\\/\\\/craftygenesindonesia.com\\\/es\\\/shop\\\/munecas-infantiles\\\/lola-edicion-audifonos\\\/#breadcrumb\"},\"inLanguage\":\"es\",\"potentialAction\":[{\"@type\":\"ReadAction\",\"target\":[\"https:\\\/\\\/craftygenesindonesia.com\\\/es\\\/shop\\\/munecas-infantiles\\\/lola-edicion-audifonos\\\/\"]}]},{\"@type\":\"ImageObject\",\"inLanguage\":\"es\",\"@id\":\"https:\\\/\\\/craftygenesindonesia.com\\\/es\\\/shop\\\/munecas-infantiles\\\/lola-edicion-audifonos\\\/#primaryimage\",\"url\":\"https:\\\/\\\/craftygenesindonesia.com\\\/wp-content\\\/uploads\\\/2025\\\/02\\\/1.jpg\",\"contentUrl\":\"https:\\\/\\\/craftygenesindonesia.com\\\/wp-content\\\/uploads\\\/2025\\\/02\\\/1.jpg\",\"width\":1080,\"height\":1080,\"caption\":\"\"},{\"@type\":\"BreadcrumbList\",\"@id\":\"https:\\\/\\\/craftygenesindonesia.com\\\/es\\\/shop\\\/munecas-infantiles\\\/lola-edicion-audifonos\\\/#breadcrumb\",\"itemListElement\":[{\"@type\":\"ListItem\",\"position\":1,\"name\":\"Home\",\"item\":\"https:\\\/\\\/craftygenesindonesia.com\\\/es\\\/\"},{\"@type\":\"ListItem\",\"position\":2,\"name\":\"Tienda de patrones\",\"item\":\"https:\\\/\\\/craftygenesindonesia.com\\\/es\\\/tienda-de-patrones\\\/\"},{\"@type\":\"ListItem\",\"position\":3,\"name\":\"Lola, Edici\u00f3n Aud\u00edfonos\"}]},{\"@type\":\"WebSite\",\"@id\":\"https:\\\/\\\/craftygenesindonesia.com\\\/es\\\/#website\",\"url\":\"https:\\\/\\\/craftygenesindonesia.com\\\/es\\\/\",\"name\":\"Craftygenesindonesia\",\"description\":\"\",\"publisher\":{\"@id\":\"https:\\\/\\\/craftygenesindonesia.com\\\/es\\\/#organization\"},\"potentialAction\":[{\"@type\":\"SearchAction\",\"target\":{\"@type\":\"EntryPoint\",\"urlTemplate\":\"https:\\\/\\\/craftygenesindonesia.com\\\/es\\\/?s={search_term_string}\"},\"query-input\":{\"@type\":\"PropertyValueSpecification\",\"valueRequired\":true,\"valueName\":\"search_term_string\"}}],\"inLanguage\":\"es\"},{\"@type\":\"Organization\",\"@id\":\"https:\\\/\\\/craftygenesindonesia.com\\\/es\\\/#organization\",\"name\":\"Craftygenesindonesia\",\"url\":\"https:\\\/\\\/craftygenesindonesia.com\\\/es\\\/\",\"logo\":{\"@type\":\"ImageObject\",\"inLanguage\":\"es\",\"@id\":\"https:\\\/\\\/craftygenesindonesia.com\\\/es\\\/#\\\/schema\\\/logo\\\/image\\\/\",\"url\":\"https:\\\/\\\/craftygenesindonesia.com\\\/wp-content\\\/uploads\\\/2025\\\/11\\\/cropped-Copy-of-Craftygenesindonesia.jpg\",\"contentUrl\":\"https:\\\/\\\/craftygenesindonesia.com\\\/wp-content\\\/uploads\\\/2025\\\/11\\\/cropped-Copy-of-Craftygenesindonesia.jpg\",\"width\":180,\"height\":60,\"caption\":\"Craftygenesindonesia\"},\"image\":{\"@id\":\"https:\\\/\\\/craftygenesindonesia.com\\\/es\\\/#\\\/schema\\\/logo\\\/image\\\/\"}}]}<\/script>\n<!-- \/ Yoast SEO plugin. -->","yoast_head_json":{"title":"Lola, Edici\u00f3n Aud\u00edfonos patrones de ganchillo - Craftygenesindonesia","description":"Compra aqu\u00ed mi patr\u00f3n de ganchillo \"Lola, edici\u00f3n aud\u00edfonos\". El patr\u00f3n de ganchillo f\u00e1cil tambi\u00e9n est\u00e1 disponible en Etsy, Haked.nl, Ravelry, Payhip","robots":{"index":"index","follow":"follow","max-snippet":"max-snippet:-1","max-image-preview":"max-image-preview:large","max-video-preview":"max-video-preview:-1"},"canonical":"https:\/\/craftygenesindonesia.com\/es\/shop\/munecas-infantiles\/lola-edicion-audifonos\/","og_locale":"es_ES","og_type":"article","og_title":"\"Patr\u00f3n de ganchillo \"Lola, edici\u00f3n aud\u00edfonos","og_description":"Compra aqu\u00ed mi patr\u00f3n de ganchillo \"Lola, edici\u00f3n aud\u00edfonos\". El patr\u00f3n de ganchillo f\u00e1cil tambi\u00e9n est\u00e1 disponible en Etsy, Haked.nl, Ravelry, Payhip","og_url":"https:\/\/craftygenesindonesia.com\/es\/shop\/munecas-infantiles\/lola-edicion-audifonos\/","og_site_name":"Craftygenesindonesia","article_modified_time":"2026-03-18T21:34:39+00:00","og_image":[{"url":"https:\/\/craftygenesindonesia.com\/wp-content\/uploads\/2025\/02\/1-300x300.jpg","type":"","width":"","height":""}],"twitter_card":"summary_large_image","twitter_misc":{"Tiempo de lectura":"2 minutos"},"schema":{"@context":"https:\/\/schema.org","@graph":[{"@type":"WebPage","@id":"https:\/\/craftygenesindonesia.com\/es\/shop\/munecas-infantiles\/lola-edicion-audifonos\/","url":"https:\/\/craftygenesindonesia.com\/es\/shop\/munecas-infantiles\/lola-edicion-audifonos\/","name":"Lola, Edici\u00f3n Aud\u00edfonos patrones de ganchillo - Craftygenesindonesia","isPartOf":{"@id":"https:\/\/craftygenesindonesia.com\/es\/#website"},"primaryImageOfPage":{"@id":"https:\/\/craftygenesindonesia.com\/es\/shop\/munecas-infantiles\/lola-edicion-audifonos\/#primaryimage"},"image":{"@id":"https:\/\/craftygenesindonesia.com\/es\/shop\/munecas-infantiles\/lola-edicion-audifonos\/#primaryimage"},"thumbnailUrl":"https:\/\/craftygenesindonesia.com\/wp-content\/uploads\/2025\/02\/1.jpg","datePublished":"2025-02-14T08:30:17+00:00","dateModified":"2026-03-18T21:34:39+00:00","description":"Compra aqu\u00ed mi patr\u00f3n de ganchillo \"Lola, edici\u00f3n aud\u00edfonos\". El patr\u00f3n de ganchillo f\u00e1cil tambi\u00e9n est\u00e1 disponible en Etsy, Haked.nl, Ravelry, Payhip","breadcrumb":{"@id":"https:\/\/craftygenesindonesia.com\/es\/shop\/munecas-infantiles\/lola-edicion-audifonos\/#breadcrumb"},"inLanguage":"es","potentialAction":[{"@type":"ReadAction","target":["https:\/\/craftygenesindonesia.com\/es\/shop\/munecas-infantiles\/lola-edicion-audifonos\/"]}]},{"@type":"ImageObject","inLanguage":"es","@id":"https:\/\/craftygenesindonesia.com\/es\/shop\/munecas-infantiles\/lola-edicion-audifonos\/#primaryimage","url":"https:\/\/craftygenesindonesia.com\/wp-content\/uploads\/2025\/02\/1.jpg","contentUrl":"https:\/\/craftygenesindonesia.com\/wp-content\/uploads\/2025\/02\/1.jpg","width":1080,"height":1080,"caption":""},{"@type":"BreadcrumbList","@id":"https:\/\/craftygenesindonesia.com\/es\/shop\/munecas-infantiles\/lola-edicion-audifonos\/#breadcrumb","itemListElement":[{"@type":"ListItem","position":1,"name":"Home","item":"https:\/\/craftygenesindonesia.com\/es\/"},{"@type":"ListItem","position":2,"name":"Tienda de patrones","item":"https:\/\/craftygenesindonesia.com\/es\/tienda-de-patrones\/"},{"@type":"ListItem","position":3,"name":"Lola, Edici\u00f3n Aud\u00edfonos"}]},{"@type":"WebSite","@id":"https:\/\/craftygenesindonesia.com\/es\/#website","url":"https:\/\/craftygenesindonesia.com\/es\/","name":"Craftygenesindonesia","description":"","publisher":{"@id":"https:\/\/craftygenesindonesia.com\/es\/#organization"},"potentialAction":[{"@type":"SearchAction","target":{"@type":"EntryPoint","urlTemplate":"https:\/\/craftygenesindonesia.com\/es\/?s={search_term_string}"},"query-input":{"@type":"PropertyValueSpecification","valueRequired":true,"valueName":"search_term_string"}}],"inLanguage":"es"},{"@type":"Organization","@id":"https:\/\/craftygenesindonesia.com\/es\/#organization","name":"Craftygenesindonesia","url":"https:\/\/craftygenesindonesia.com\/es\/","logo":{"@type":"ImageObject","inLanguage":"es","@id":"https:\/\/craftygenesindonesia.com\/es\/#\/schema\/logo\/image\/","url":"https:\/\/craftygenesindonesia.com\/wp-content\/uploads\/2025\/11\/cropped-Copy-of-Craftygenesindonesia.jpg","contentUrl":"https:\/\/craftygenesindonesia.com\/wp-content\/uploads\/2025\/11\/cropped-Copy-of-Craftygenesindonesia.jpg","width":180,"height":60,"caption":"Craftygenesindonesia"},"image":{"@id":"https:\/\/craftygenesindonesia.com\/es\/#\/schema\/logo\/image\/"}}]}},"_links":{"self":[{"href":"https:\/\/craftygenesindonesia.com\/es\/wp-json\/wp\/v2\/product\/987526098","targetHints":{"allow":["GET"]}}],"collection":[{"href":"https:\/\/craftygenesindonesia.com\/es\/wp-json\/wp\/v2\/product"}],"about":[{"href":"https:\/\/craftygenesindonesia.com\/es\/wp-json\/wp\/v2\/types\/product"}],"replies":[{"embeddable":true,"href":"https:\/\/craftygenesindonesia.com\/es\/wp-json\/wp\/v2\/comments?post=987526098"}],"wp:featuredmedia":[{"embeddable":true,"href":"https:\/\/craftygenesindonesia.com\/es\/wp-json\/wp\/v2\/media\/987526063"}],"wp:attachment":[{"href":"https:\/\/craftygenesindonesia.com\/es\/wp-json\/wp\/v2\/media?parent=987526098"}],"wp:term":[{"taxonomy":"product_brand","embeddable":true,"href":"https:\/\/craftygenesindonesia.com\/es\/wp-json\/wp\/v2\/product_brand?post=987526098"},{"taxonomy":"product_cat","embeddable":true,"href":"https:\/\/craftygenesindonesia.com\/es\/wp-json\/wp\/v2\/product_cat?post=987526098"},{"taxonomy":"product_tag","embeddable":true,"href":"https:\/\/craftygenesindonesia.com\/es\/wp-json\/wp\/v2\/product_tag?post=987526098"}],"curies":[{"name":"wp","href":"https:\/\/api.w.org\/{rel}","templated":true}]}}