{"id":987525312,"date":"2024-12-20T18:42:42","date_gmt":"2024-12-20T10:42:42","guid":{"rendered":"https:\/\/craftygenesindonesia.com\/?post_type=product&#038;p=987525312"},"modified":"2026-03-23T06:53:31","modified_gmt":"2026-03-22T22:53:31","slug":"livina-edicion-de-invierno","status":"publish","type":"product","link":"https:\/\/craftygenesindonesia.com\/es\/shop\/senoras-y-senores\/livina-es\/livina-edicion-de-invierno\/","title":{"rendered":"Livina, edici\u00f3n de invierno"},"content":{"rendered":"<p><strong>Tama\u00f1o:<\/strong> 14x29x29cm <strong>Hilo:<\/strong> hilo de peso &#8220;fingering&#8221; (tama\u00f1o 3) como Catona, Catania, &#8230;<\/p>\n<p>&nbsp;<\/p>\n<p><strong>Colores del hilo:<\/strong> azul claro, gris azulado, blanco, blanco roto, gris claro, blanco nieve, color piel, beige o marr\u00f3n claro<\/p>\n<p>&nbsp;<\/p>\n<p><strong>Tambi\u00e9n necesitas: <\/strong>hilo de chenilla blanco<\/p>\n<p>&nbsp;<\/p>\n<p><strong>Materiales: <\/strong>relleno, tijeras, aguja de tapiz, pegamento, pistola de pegamento, l\u00e1piz, regla, almohadillas cuadradas de algod\u00f3n desechables (para usarlas como nieve), cart\u00f3n de 5 mm de grosor, cart\u00f3n de 1 mm de grosor, adornos de strass plateados, papel de aluminio\/papel de purpurina plateado (adhesivo), alicates de corte, alambre de aluminio de 2 mm, 1 bastoncillo de algod\u00f3n, 4 bolas de Navidad plateadas de 20 mm, 1 hoja de fieltro (el color no importa), un trocito de lona de pl\u00e1stico<\/p>\n<p>&nbsp;<\/p>\n<p><strong>Aguja de ganchillo: <\/strong>2 mm<\/p>\n<p>&nbsp;<\/p>\n<p>Este patr\u00f3n es un patr\u00f3n escrito con un mont\u00f3n de fotos para ayudarle. Si tiene alguna pregunta, env\u00edeme un mensaje a: craftygenesindonesia@gmail.com<\/p>\n<p>&nbsp;<\/p>\n<p><strong>-Este patr\u00f3n es s\u00f3lo para uso personal y tiene un COPYRIGHT en \u00e9l. Por lo tanto, el patr\u00f3n no puede ser copiado, vendido, revendido, traducido, reclamado como su dise\u00f1o, distribuido, compartido, publicado, publicado en l\u00ednea en cualquier forma sin mi permiso. Ni siquiera una parte!<\/strong><\/p>\n<p>&nbsp;<\/p>\n<p><strong>-Puede vender el producto acabado en peque\u00f1as cantidades, PERO NO EL PROPIO PATR\u00d3N. Menciona que el patr\u00f3n es de Craftygenesindonesia y d\u00f3nde se puede comprar<\/strong><\/p>\n","protected":false},"excerpt":{"rendered":"<p>Esta es la 3\u00aa edici\u00f3n de mi popular serie Livina. Aqu\u00ed est\u00e1 sentada en un para\u00edso invernal con su perro. Un patr\u00f3n de ganchillo que debes a\u00f1adir a tu propia colecci\u00f3n de Livina.<\/p>\n","protected":false},"featured_media":987525281,"comment_status":"open","ping_status":"closed","template":"","meta":{"_acf_changed":false},"product_brand":[],"product_cat":[11881,3049],"product_tag":[10781,11845,10810,12121,11844,11561,11559,11846,10285,11099],"class_list":{"0":"post-987525312","1":"product","2":"type-product","3":"status-publish","4":"has-post-thumbnail","6":"product_cat-livina-es","7":"product_cat-senoras-y-senores","8":"product_tag-doncella-de-nieve","9":"product_tag-esqui","10":"product_tag-invierno-es","11":"product_tag-lady-es","12":"product_tag-lampara","13":"product_tag-muneco-de-nieve-es","14":"product_tag-nieve","15":"product_tag-pais-de-las-maravillas","16":"product_tag-perro","17":"product_tag-puerta","18":"pa_available_on-craftygenesindonesia","19":"pa_available_on-etsy","20":"pa_available_on-haked-nl","21":"pa_available_on-payhip","22":"pa_available_on-ravelry","23":"pa_languages-aleman","24":"pa_languages-espanol","25":"pa_languages-estados-unidos-ingles","26":"pa_languages-frances","27":"pa_languages-holandes","29":"first","30":"instock","31":"downloadable","32":"virtual","33":"purchasable","34":"product-type-simple"},"acf":[],"yoast_head":"<!-- This site is optimized with the Yoast SEO plugin v27.4 - https:\/\/yoast.com\/product\/yoast-seo-wordpress\/ -->\n<title>Livina, edici\u00f3n de invierno patr\u00f3n de ganchillo - Craftygenesindonesia<\/title>\n<meta name=\"description\" content=\"Compra aqu\u00ed mi patr\u00f3n de ganchillo &quot;Livina, edici\u00f3n de invierno&quot;. El patr\u00f3n de ganchillo f\u00e1cil tambi\u00e9n est\u00e1 disponible en Etsy, Haked.nl, Ravelry, Payhip\" \/>\n<meta name=\"robots\" content=\"index, follow, max-snippet:-1, max-image-preview:large, max-video-preview:-1\" \/>\n<link rel=\"canonical\" href=\"https:\/\/craftygenesindonesia.com\/es\/shop\/senoras-y-senores\/livina-es\/livina-edicion-de-invierno\/\" \/>\n<meta property=\"og:locale\" content=\"es_ES\" \/>\n<meta property=\"og:type\" content=\"article\" \/>\n<meta property=\"og:title\" content=\"&quot;Patr\u00f3n de ganchillo &quot;Livina, edici\u00f3n de invierno\" \/>\n<meta property=\"og:description\" content=\"Compra aqu\u00ed mi patr\u00f3n de ganchillo &quot;Livina, edici\u00f3n de invierno&quot;. El patr\u00f3n de ganchillo f\u00e1cil tambi\u00e9n est\u00e1 disponible en Etsy, Haked.nl, Ravelry, Payhip\" \/>\n<meta property=\"og:url\" content=\"https:\/\/craftygenesindonesia.com\/es\/shop\/senoras-y-senores\/livina-es\/livina-edicion-de-invierno\/\" \/>\n<meta property=\"og:site_name\" content=\"Craftygenesindonesia\" \/>\n<meta property=\"article:modified_time\" content=\"2026-03-22T22:53:31+00:00\" \/>\n<meta property=\"og:image\" content=\"https:\/\/craftygenesindonesia.com\/wp-content\/uploads\/2024\/12\/1-300x300.jpg\" \/>\n<meta name=\"twitter:card\" content=\"summary_large_image\" \/>\n<meta name=\"twitter:label1\" content=\"Tiempo de lectura\" \/>\n\t<meta name=\"twitter:data1\" content=\"2 minutos\" \/>\n<script type=\"application\/ld+json\" class=\"yoast-schema-graph\">{\"@context\":\"https:\\\/\\\/schema.org\",\"@graph\":[{\"@type\":\"WebPage\",\"@id\":\"https:\\\/\\\/craftygenesindonesia.com\\\/es\\\/shop\\\/senoras-y-senores\\\/livina-es\\\/livina-edicion-de-invierno\\\/\",\"url\":\"https:\\\/\\\/craftygenesindonesia.com\\\/es\\\/shop\\\/senoras-y-senores\\\/livina-es\\\/livina-edicion-de-invierno\\\/\",\"name\":\"Livina, edici\u00f3n de invierno patr\u00f3n de ganchillo - Craftygenesindonesia\",\"isPartOf\":{\"@id\":\"https:\\\/\\\/craftygenesindonesia.com\\\/es\\\/#website\"},\"primaryImageOfPage\":{\"@id\":\"https:\\\/\\\/craftygenesindonesia.com\\\/es\\\/shop\\\/senoras-y-senores\\\/livina-es\\\/livina-edicion-de-invierno\\\/#primaryimage\"},\"image\":{\"@id\":\"https:\\\/\\\/craftygenesindonesia.com\\\/es\\\/shop\\\/senoras-y-senores\\\/livina-es\\\/livina-edicion-de-invierno\\\/#primaryimage\"},\"thumbnailUrl\":\"https:\\\/\\\/craftygenesindonesia.com\\\/wp-content\\\/uploads\\\/2024\\\/12\\\/1.jpg\",\"datePublished\":\"2024-12-20T10:42:42+00:00\",\"dateModified\":\"2026-03-22T22:53:31+00:00\",\"description\":\"Compra aqu\u00ed mi patr\u00f3n de ganchillo \\\"Livina, edici\u00f3n de invierno\\\". El patr\u00f3n de ganchillo f\u00e1cil tambi\u00e9n est\u00e1 disponible en Etsy, Haked.nl, Ravelry, Payhip\",\"breadcrumb\":{\"@id\":\"https:\\\/\\\/craftygenesindonesia.com\\\/es\\\/shop\\\/senoras-y-senores\\\/livina-es\\\/livina-edicion-de-invierno\\\/#breadcrumb\"},\"inLanguage\":\"es\",\"potentialAction\":[{\"@type\":\"ReadAction\",\"target\":[\"https:\\\/\\\/craftygenesindonesia.com\\\/es\\\/shop\\\/senoras-y-senores\\\/livina-es\\\/livina-edicion-de-invierno\\\/\"]}]},{\"@type\":\"ImageObject\",\"inLanguage\":\"es\",\"@id\":\"https:\\\/\\\/craftygenesindonesia.com\\\/es\\\/shop\\\/senoras-y-senores\\\/livina-es\\\/livina-edicion-de-invierno\\\/#primaryimage\",\"url\":\"https:\\\/\\\/craftygenesindonesia.com\\\/wp-content\\\/uploads\\\/2024\\\/12\\\/1.jpg\",\"contentUrl\":\"https:\\\/\\\/craftygenesindonesia.com\\\/wp-content\\\/uploads\\\/2024\\\/12\\\/1.jpg\",\"width\":1080,\"height\":1080,\"caption\":\"crochet lady in crochet winter wonderland\"},{\"@type\":\"BreadcrumbList\",\"@id\":\"https:\\\/\\\/craftygenesindonesia.com\\\/es\\\/shop\\\/senoras-y-senores\\\/livina-es\\\/livina-edicion-de-invierno\\\/#breadcrumb\",\"itemListElement\":[{\"@type\":\"ListItem\",\"position\":1,\"name\":\"Home\",\"item\":\"https:\\\/\\\/craftygenesindonesia.com\\\/es\\\/\"},{\"@type\":\"ListItem\",\"position\":2,\"name\":\"Tienda de patrones\",\"item\":\"https:\\\/\\\/craftygenesindonesia.com\\\/es\\\/tienda-de-patrones\\\/\"},{\"@type\":\"ListItem\",\"position\":3,\"name\":\"Livina, edici\u00f3n de invierno\"}]},{\"@type\":\"WebSite\",\"@id\":\"https:\\\/\\\/craftygenesindonesia.com\\\/es\\\/#website\",\"url\":\"https:\\\/\\\/craftygenesindonesia.com\\\/es\\\/\",\"name\":\"Craftygenesindonesia\",\"description\":\"\",\"publisher\":{\"@id\":\"https:\\\/\\\/craftygenesindonesia.com\\\/es\\\/#organization\"},\"potentialAction\":[{\"@type\":\"SearchAction\",\"target\":{\"@type\":\"EntryPoint\",\"urlTemplate\":\"https:\\\/\\\/craftygenesindonesia.com\\\/es\\\/?s={search_term_string}\"},\"query-input\":{\"@type\":\"PropertyValueSpecification\",\"valueRequired\":true,\"valueName\":\"search_term_string\"}}],\"inLanguage\":\"es\"},{\"@type\":\"Organization\",\"@id\":\"https:\\\/\\\/craftygenesindonesia.com\\\/es\\\/#organization\",\"name\":\"Craftygenesindonesia\",\"url\":\"https:\\\/\\\/craftygenesindonesia.com\\\/es\\\/\",\"logo\":{\"@type\":\"ImageObject\",\"inLanguage\":\"es\",\"@id\":\"https:\\\/\\\/craftygenesindonesia.com\\\/es\\\/#\\\/schema\\\/logo\\\/image\\\/\",\"url\":\"https:\\\/\\\/craftygenesindonesia.com\\\/wp-content\\\/uploads\\\/2025\\\/11\\\/cropped-Copy-of-Craftygenesindonesia.jpg\",\"contentUrl\":\"https:\\\/\\\/craftygenesindonesia.com\\\/wp-content\\\/uploads\\\/2025\\\/11\\\/cropped-Copy-of-Craftygenesindonesia.jpg\",\"width\":180,\"height\":60,\"caption\":\"Craftygenesindonesia\"},\"image\":{\"@id\":\"https:\\\/\\\/craftygenesindonesia.com\\\/es\\\/#\\\/schema\\\/logo\\\/image\\\/\"}}]}<\/script>\n<!-- \/ Yoast SEO plugin. -->","yoast_head_json":{"title":"Livina, edici\u00f3n de invierno patr\u00f3n de ganchillo - Craftygenesindonesia","description":"Compra aqu\u00ed mi patr\u00f3n de ganchillo \"Livina, edici\u00f3n de invierno\". El patr\u00f3n de ganchillo f\u00e1cil tambi\u00e9n est\u00e1 disponible en Etsy, Haked.nl, Ravelry, Payhip","robots":{"index":"index","follow":"follow","max-snippet":"max-snippet:-1","max-image-preview":"max-image-preview:large","max-video-preview":"max-video-preview:-1"},"canonical":"https:\/\/craftygenesindonesia.com\/es\/shop\/senoras-y-senores\/livina-es\/livina-edicion-de-invierno\/","og_locale":"es_ES","og_type":"article","og_title":"\"Patr\u00f3n de ganchillo \"Livina, edici\u00f3n de invierno","og_description":"Compra aqu\u00ed mi patr\u00f3n de ganchillo \"Livina, edici\u00f3n de invierno\". El patr\u00f3n de ganchillo f\u00e1cil tambi\u00e9n est\u00e1 disponible en Etsy, Haked.nl, Ravelry, Payhip","og_url":"https:\/\/craftygenesindonesia.com\/es\/shop\/senoras-y-senores\/livina-es\/livina-edicion-de-invierno\/","og_site_name":"Craftygenesindonesia","article_modified_time":"2026-03-22T22:53:31+00:00","og_image":[{"url":"https:\/\/craftygenesindonesia.com\/wp-content\/uploads\/2024\/12\/1-300x300.jpg","type":"","width":"","height":""}],"twitter_card":"summary_large_image","twitter_misc":{"Tiempo de lectura":"2 minutos"},"schema":{"@context":"https:\/\/schema.org","@graph":[{"@type":"WebPage","@id":"https:\/\/craftygenesindonesia.com\/es\/shop\/senoras-y-senores\/livina-es\/livina-edicion-de-invierno\/","url":"https:\/\/craftygenesindonesia.com\/es\/shop\/senoras-y-senores\/livina-es\/livina-edicion-de-invierno\/","name":"Livina, edici\u00f3n de invierno patr\u00f3n de ganchillo - Craftygenesindonesia","isPartOf":{"@id":"https:\/\/craftygenesindonesia.com\/es\/#website"},"primaryImageOfPage":{"@id":"https:\/\/craftygenesindonesia.com\/es\/shop\/senoras-y-senores\/livina-es\/livina-edicion-de-invierno\/#primaryimage"},"image":{"@id":"https:\/\/craftygenesindonesia.com\/es\/shop\/senoras-y-senores\/livina-es\/livina-edicion-de-invierno\/#primaryimage"},"thumbnailUrl":"https:\/\/craftygenesindonesia.com\/wp-content\/uploads\/2024\/12\/1.jpg","datePublished":"2024-12-20T10:42:42+00:00","dateModified":"2026-03-22T22:53:31+00:00","description":"Compra aqu\u00ed mi patr\u00f3n de ganchillo \"Livina, edici\u00f3n de invierno\". El patr\u00f3n de ganchillo f\u00e1cil tambi\u00e9n est\u00e1 disponible en Etsy, Haked.nl, Ravelry, Payhip","breadcrumb":{"@id":"https:\/\/craftygenesindonesia.com\/es\/shop\/senoras-y-senores\/livina-es\/livina-edicion-de-invierno\/#breadcrumb"},"inLanguage":"es","potentialAction":[{"@type":"ReadAction","target":["https:\/\/craftygenesindonesia.com\/es\/shop\/senoras-y-senores\/livina-es\/livina-edicion-de-invierno\/"]}]},{"@type":"ImageObject","inLanguage":"es","@id":"https:\/\/craftygenesindonesia.com\/es\/shop\/senoras-y-senores\/livina-es\/livina-edicion-de-invierno\/#primaryimage","url":"https:\/\/craftygenesindonesia.com\/wp-content\/uploads\/2024\/12\/1.jpg","contentUrl":"https:\/\/craftygenesindonesia.com\/wp-content\/uploads\/2024\/12\/1.jpg","width":1080,"height":1080,"caption":"crochet lady in crochet winter wonderland"},{"@type":"BreadcrumbList","@id":"https:\/\/craftygenesindonesia.com\/es\/shop\/senoras-y-senores\/livina-es\/livina-edicion-de-invierno\/#breadcrumb","itemListElement":[{"@type":"ListItem","position":1,"name":"Home","item":"https:\/\/craftygenesindonesia.com\/es\/"},{"@type":"ListItem","position":2,"name":"Tienda de patrones","item":"https:\/\/craftygenesindonesia.com\/es\/tienda-de-patrones\/"},{"@type":"ListItem","position":3,"name":"Livina, edici\u00f3n de invierno"}]},{"@type":"WebSite","@id":"https:\/\/craftygenesindonesia.com\/es\/#website","url":"https:\/\/craftygenesindonesia.com\/es\/","name":"Craftygenesindonesia","description":"","publisher":{"@id":"https:\/\/craftygenesindonesia.com\/es\/#organization"},"potentialAction":[{"@type":"SearchAction","target":{"@type":"EntryPoint","urlTemplate":"https:\/\/craftygenesindonesia.com\/es\/?s={search_term_string}"},"query-input":{"@type":"PropertyValueSpecification","valueRequired":true,"valueName":"search_term_string"}}],"inLanguage":"es"},{"@type":"Organization","@id":"https:\/\/craftygenesindonesia.com\/es\/#organization","name":"Craftygenesindonesia","url":"https:\/\/craftygenesindonesia.com\/es\/","logo":{"@type":"ImageObject","inLanguage":"es","@id":"https:\/\/craftygenesindonesia.com\/es\/#\/schema\/logo\/image\/","url":"https:\/\/craftygenesindonesia.com\/wp-content\/uploads\/2025\/11\/cropped-Copy-of-Craftygenesindonesia.jpg","contentUrl":"https:\/\/craftygenesindonesia.com\/wp-content\/uploads\/2025\/11\/cropped-Copy-of-Craftygenesindonesia.jpg","width":180,"height":60,"caption":"Craftygenesindonesia"},"image":{"@id":"https:\/\/craftygenesindonesia.com\/es\/#\/schema\/logo\/image\/"}}]}},"_links":{"self":[{"href":"https:\/\/craftygenesindonesia.com\/es\/wp-json\/wp\/v2\/product\/987525312","targetHints":{"allow":["GET"]}}],"collection":[{"href":"https:\/\/craftygenesindonesia.com\/es\/wp-json\/wp\/v2\/product"}],"about":[{"href":"https:\/\/craftygenesindonesia.com\/es\/wp-json\/wp\/v2\/types\/product"}],"replies":[{"embeddable":true,"href":"https:\/\/craftygenesindonesia.com\/es\/wp-json\/wp\/v2\/comments?post=987525312"}],"wp:featuredmedia":[{"embeddable":true,"href":"https:\/\/craftygenesindonesia.com\/es\/wp-json\/wp\/v2\/media\/987525281"}],"wp:attachment":[{"href":"https:\/\/craftygenesindonesia.com\/es\/wp-json\/wp\/v2\/media?parent=987525312"}],"wp:term":[{"taxonomy":"product_brand","embeddable":true,"href":"https:\/\/craftygenesindonesia.com\/es\/wp-json\/wp\/v2\/product_brand?post=987525312"},{"taxonomy":"product_cat","embeddable":true,"href":"https:\/\/craftygenesindonesia.com\/es\/wp-json\/wp\/v2\/product_cat?post=987525312"},{"taxonomy":"product_tag","embeddable":true,"href":"https:\/\/craftygenesindonesia.com\/es\/wp-json\/wp\/v2\/product_tag?post=987525312"}],"curies":[{"name":"wp","href":"https:\/\/api.w.org\/{rel}","templated":true}]}}