{"id":987521294,"date":"2024-10-26T12:31:32","date_gmt":"2024-10-26T04:31:32","guid":{"rendered":"https:\/\/craftygenesindonesia.com\/?post_type=product&#038;p=987521294"},"modified":"2026-03-23T07:01:16","modified_gmt":"2026-03-22T23:01:16","slug":"pesebre-3","status":"publish","type":"product","link":"https:\/\/craftygenesindonesia.com\/es\/shop\/3d\/pesebre-3\/","title":{"rendered":"Pesebre 3"},"content":{"rendered":"<p><strong>Pesebre 3<\/strong><\/p>\n<p>&nbsp;<\/p>\n<p><strong>Tipo de archivo:<\/strong> patr\u00f3n de ganchillo &#8211; descarga digital, no es un art\u00edculo f\u00edsico.<br \/>\n<strong>Idiomas disponibles: ingl\u00e9s, neerland\u00e9s, franc\u00e9s, espa\u00f1ol, alem\u00e1n, italiano y portugu\u00e9s.<\/strong><\/p>\n<p>&nbsp;<\/p>\n<p><strong>Tama\u00f1o del art\u00edculo terminado:<\/strong> 45 x 30 x 33 cm \/ 18 x 12 x 13 pulgadas.<\/p>\n<p><strong>Lo que obtienes:<\/strong> un patr\u00f3n de ganchillo 3 en 1 para un sencillo establo de bel\u00e9n, un complejo establo completo y la sagrada familia.<\/p>\n<p>&nbsp;<\/p>\n<p><strong>Tipo de hilo:<\/strong> hilo de grosor \u00abfingering\u00bb (tama\u00f1o 3).<br \/>\n<strong>Marcas recomendadas:<\/strong> Catona de Scheepjes, Durable Coral, etc.<br \/>\n<strong>Colores de hilo necesarios:<\/strong> azul, blanco roto, marr\u00f3n, marr\u00f3n oscuro, verde oscuro, magenta oscuro, naranja oscuro, amarillo huevo, marr\u00f3n dorado, marr\u00f3n gris\u00e1ceo, marr\u00f3n claro, dorado claro, verde oliva, naranja, melocot\u00f3n p\u00e1lido.<\/p>\n<p>&nbsp;<\/p>\n<p><strong>Ganchillo<\/strong>: 2 mm.<\/p>\n<p>&nbsp;<\/p>\n<p><strong>Otros materiales necesarios:<\/strong> 2 bastoncillos de algod\u00f3n, relleno, tijeras, marcadores de puntos, alfileres de costura, l\u00e1piz, regla, pegamento, pistola de pegamento, cart\u00f3n de 5 mm de grosor, alambre de aluminio de 1,5 mm de grosor, aguja de tapiz, lienzo pl\u00e1stico, guijarros de acuario (color natural), alicates de corte, l\u00e1mina de fieltro.<\/p>\n<p>&nbsp;<\/p>\n<p><strong>Informaci\u00f3n sobre derechos de autor y ayuda:<\/strong><br \/>\nEste patr\u00f3n es un patr\u00f3n escrito (digital) con muchas im\u00e1genes para ayudarte. Si tienes alguna pregunta sobre el patr\u00f3n, env\u00edame un correo electr\u00f3nico a craftygenesindonesia@gmail.com.<\/p>\n<p>&nbsp;<\/p>\n<p><strong>Este patr\u00f3n digital de ganchillo es solo para uso personal y tiene derechos de autor. Por lo tanto, no puede copiarlo, venderlo, revenderlo, traducirlo, reclamarlo como su propio dise\u00f1o, distribuirlo, compartirlo, publicarlo, solo publicarlo&#8230; de ninguna manera ni forma sin mi permiso. \u00a1Ni siquiera una parte!<\/strong><\/p>\n<p>&nbsp;<\/p>\n<p><strong>Se le permite vender el producto o art\u00edculo terminado, en peque\u00f1as cantidades, pero no se le permite vender el patr\u00f3n de ganchillo en s\u00ed. Mencione que el patr\u00f3n de ganchillo es m\u00edo, Craftygenesindonesia, y d\u00f3nde se puede comprar.<\/strong><\/p>\n","protected":false},"excerpt":{"rendered":"<p>En este precioso patr\u00f3n de ganchillo 3en1 obtendr\u00e1s 1. un pesebre sencillo + 2. un pesebre completo con jard\u00edn + 3. la sagrada familia.<\/p>\n<p>Este pesebre es de tama\u00f1o medio. Ni demasiado peque\u00f1o, ni demasiado grande. Puedes ver en la foto c\u00f3mo sostengo el establo para ver el tama\u00f1o del establo en comparaci\u00f3n conmigo.<\/p>\n","protected":false},"featured_media":987535886,"comment_status":"open","ping_status":"closed","template":"","meta":{"_acf_changed":false},"product_brand":[],"product_cat":[3031,3047,3061],"product_tag":[12087,12103,12090,12092,12089,12101,12102,12104,10090,12096,10091,12088,12100,10371,10354,10352,10370,12105,8813,10281,12093,12108],"class_list":{"0":"post-987521294","1":"product","2":"type-product","3":"status-publish","4":"has-post-thumbnail","6":"product_cat-3d","7":"product_cat-navidad","8":"product_cat-belenes","9":"product_tag-bethlehem-es","10":"product_tag-blessed-mary-es","11":"product_tag-catholic-es","12":"product_tag-christian-es","13":"product_tag-christmas-nativity-es","14":"product_tag-holy-family-es","15":"product_tag-holy-mary-es","16":"product_tag-holy-saint-mary-es","17":"product_tag-jesus-es","18":"product_tag-joseph-es","19":"product_tag-mary-es","20":"product_tag-nativity-es","21":"product_tag-nativity-set-es","22":"product_tag-olla","23":"product_tag-plantas","24":"product_tag-pozo-de-agua","25":"product_tag-pozo-de-agua-es","26":"product_tag-saint-mary-es","27":"product_tag-santo-es","28":"product_tag-santo-catolico","29":"product_tag-stable-es","30":"product_tag-virgin-mary-es","31":"pa_available_on-craftygenesindonesia","32":"pa_available_on-etsy","33":"pa_available_on-haked-nl","34":"pa_available_on-payhip","35":"pa_available_on-ravelry","36":"pa_languages-aleman","37":"pa_languages-espanol","38":"pa_languages-estados-unidos-ingles","39":"pa_languages-frances","40":"pa_languages-holandes","41":"pa_languages-italiano","42":"pa_languages-portugues","44":"first","45":"instock","46":"downloadable","47":"virtual","48":"purchasable","49":"product-type-simple"},"acf":[],"yoast_head":"<!-- This site is optimized with the Yoast SEO plugin v27.4 - https:\/\/yoast.com\/product\/yoast-seo-wordpress\/ -->\n<title>Pesebre 3 patr\u00f3n de ganchillo - Craftygenesindonesia<\/title>\n<meta name=\"description\" content=\"Compra aqu\u00ed mi patr\u00f3n de ganchillo para belenes &quot;Pesebre 3&quot;. El patr\u00f3n de ganchillo tambi\u00e9n est\u00e1 disponible en Etsy, Haked.nl, Ravelry, Payhip\" \/>\n<meta name=\"robots\" content=\"index, follow, max-snippet:-1, max-image-preview:large, max-video-preview:-1\" \/>\n<link rel=\"canonical\" href=\"https:\/\/craftygenesindonesia.com\/es\/shop\/3d\/pesebre-3\/\" \/>\n<meta property=\"og:locale\" content=\"es_ES\" \/>\n<meta property=\"og:type\" content=\"article\" \/>\n<meta property=\"og:title\" content=\"&quot;Patr\u00f3n de ganchillo para bel\u00e9n &quot;Pesebre 3\" \/>\n<meta property=\"og:description\" content=\"Compra aqu\u00ed mi patr\u00f3n de ganchillo para belenes &quot;Pesebre 3&quot;. El patr\u00f3n de ganchillo tambi\u00e9n est\u00e1 disponible en Etsy, Haked.nl, Ravelry, Payhip\" \/>\n<meta property=\"og:url\" content=\"https:\/\/craftygenesindonesia.com\/es\/shop\/3d\/pesebre-3\/\" \/>\n<meta property=\"og:site_name\" content=\"Craftygenesindonesia\" \/>\n<meta property=\"article:modified_time\" content=\"2026-03-22T23:01:16+00:00\" \/>\n<meta property=\"og:image\" content=\"https:\/\/craftygenesindonesia.com\/wp-content\/uploads\/2024\/10\/Nativity-Stable-3-2.jpg\" \/>\n\t<meta property=\"og:image:width\" content=\"1080\" \/>\n\t<meta property=\"og:image:height\" content=\"1080\" \/>\n\t<meta property=\"og:image:type\" content=\"image\/jpeg\" \/>\n<meta name=\"twitter:card\" content=\"summary_large_image\" \/>\n<meta name=\"twitter:label1\" content=\"Tiempo de lectura\" \/>\n\t<meta name=\"twitter:data1\" content=\"2 minutos\" \/>\n<script type=\"application\/ld+json\" class=\"yoast-schema-graph\">{\"@context\":\"https:\\\/\\\/schema.org\",\"@graph\":[{\"@type\":\"WebPage\",\"@id\":\"https:\\\/\\\/craftygenesindonesia.com\\\/es\\\/shop\\\/3d\\\/pesebre-3\\\/\",\"url\":\"https:\\\/\\\/craftygenesindonesia.com\\\/es\\\/shop\\\/3d\\\/pesebre-3\\\/\",\"name\":\"Pesebre 3 patr\u00f3n de ganchillo - Craftygenesindonesia\",\"isPartOf\":{\"@id\":\"https:\\\/\\\/craftygenesindonesia.com\\\/es\\\/#website\"},\"primaryImageOfPage\":{\"@id\":\"https:\\\/\\\/craftygenesindonesia.com\\\/es\\\/shop\\\/3d\\\/pesebre-3\\\/#primaryimage\"},\"image\":{\"@id\":\"https:\\\/\\\/craftygenesindonesia.com\\\/es\\\/shop\\\/3d\\\/pesebre-3\\\/#primaryimage\"},\"thumbnailUrl\":\"https:\\\/\\\/craftygenesindonesia.com\\\/wp-content\\\/uploads\\\/2024\\\/10\\\/Nativity-Stable-3-2.jpg\",\"datePublished\":\"2024-10-26T04:31:32+00:00\",\"dateModified\":\"2026-03-22T23:01:16+00:00\",\"description\":\"Compra aqu\u00ed mi patr\u00f3n de ganchillo para belenes \\\"Pesebre 3\\\". El patr\u00f3n de ganchillo tambi\u00e9n est\u00e1 disponible en Etsy, Haked.nl, Ravelry, Payhip\",\"breadcrumb\":{\"@id\":\"https:\\\/\\\/craftygenesindonesia.com\\\/es\\\/shop\\\/3d\\\/pesebre-3\\\/#breadcrumb\"},\"inLanguage\":\"es\",\"potentialAction\":[{\"@type\":\"ReadAction\",\"target\":[\"https:\\\/\\\/craftygenesindonesia.com\\\/es\\\/shop\\\/3d\\\/pesebre-3\\\/\"]}]},{\"@type\":\"ImageObject\",\"inLanguage\":\"es\",\"@id\":\"https:\\\/\\\/craftygenesindonesia.com\\\/es\\\/shop\\\/3d\\\/pesebre-3\\\/#primaryimage\",\"url\":\"https:\\\/\\\/craftygenesindonesia.com\\\/wp-content\\\/uploads\\\/2024\\\/10\\\/Nativity-Stable-3-2.jpg\",\"contentUrl\":\"https:\\\/\\\/craftygenesindonesia.com\\\/wp-content\\\/uploads\\\/2024\\\/10\\\/Nativity-Stable-3-2.jpg\",\"width\":1080,\"height\":1080,\"caption\":\"crochet nativity set with Mary, Joseph, Jesus, a water wall, pots, manger, crib, garden\"},{\"@type\":\"BreadcrumbList\",\"@id\":\"https:\\\/\\\/craftygenesindonesia.com\\\/es\\\/shop\\\/3d\\\/pesebre-3\\\/#breadcrumb\",\"itemListElement\":[{\"@type\":\"ListItem\",\"position\":1,\"name\":\"Home\",\"item\":\"https:\\\/\\\/craftygenesindonesia.com\\\/es\\\/\"},{\"@type\":\"ListItem\",\"position\":2,\"name\":\"Tienda de patrones\",\"item\":\"https:\\\/\\\/craftygenesindonesia.com\\\/es\\\/tienda-de-patrones\\\/\"},{\"@type\":\"ListItem\",\"position\":3,\"name\":\"Pesebre 3\"}]},{\"@type\":\"WebSite\",\"@id\":\"https:\\\/\\\/craftygenesindonesia.com\\\/es\\\/#website\",\"url\":\"https:\\\/\\\/craftygenesindonesia.com\\\/es\\\/\",\"name\":\"Craftygenesindonesia\",\"description\":\"\",\"publisher\":{\"@id\":\"https:\\\/\\\/craftygenesindonesia.com\\\/es\\\/#organization\"},\"potentialAction\":[{\"@type\":\"SearchAction\",\"target\":{\"@type\":\"EntryPoint\",\"urlTemplate\":\"https:\\\/\\\/craftygenesindonesia.com\\\/es\\\/?s={search_term_string}\"},\"query-input\":{\"@type\":\"PropertyValueSpecification\",\"valueRequired\":true,\"valueName\":\"search_term_string\"}}],\"inLanguage\":\"es\"},{\"@type\":\"Organization\",\"@id\":\"https:\\\/\\\/craftygenesindonesia.com\\\/es\\\/#organization\",\"name\":\"Craftygenesindonesia\",\"url\":\"https:\\\/\\\/craftygenesindonesia.com\\\/es\\\/\",\"logo\":{\"@type\":\"ImageObject\",\"inLanguage\":\"es\",\"@id\":\"https:\\\/\\\/craftygenesindonesia.com\\\/es\\\/#\\\/schema\\\/logo\\\/image\\\/\",\"url\":\"https:\\\/\\\/craftygenesindonesia.com\\\/wp-content\\\/uploads\\\/2025\\\/11\\\/cropped-Copy-of-Craftygenesindonesia.jpg\",\"contentUrl\":\"https:\\\/\\\/craftygenesindonesia.com\\\/wp-content\\\/uploads\\\/2025\\\/11\\\/cropped-Copy-of-Craftygenesindonesia.jpg\",\"width\":180,\"height\":60,\"caption\":\"Craftygenesindonesia\"},\"image\":{\"@id\":\"https:\\\/\\\/craftygenesindonesia.com\\\/es\\\/#\\\/schema\\\/logo\\\/image\\\/\"}}]}<\/script>\n<!-- \/ Yoast SEO plugin. -->","yoast_head_json":{"title":"Pesebre 3 patr\u00f3n de ganchillo - Craftygenesindonesia","description":"Compra aqu\u00ed mi patr\u00f3n de ganchillo para belenes \"Pesebre 3\". El patr\u00f3n de ganchillo tambi\u00e9n est\u00e1 disponible en Etsy, Haked.nl, Ravelry, Payhip","robots":{"index":"index","follow":"follow","max-snippet":"max-snippet:-1","max-image-preview":"max-image-preview:large","max-video-preview":"max-video-preview:-1"},"canonical":"https:\/\/craftygenesindonesia.com\/es\/shop\/3d\/pesebre-3\/","og_locale":"es_ES","og_type":"article","og_title":"\"Patr\u00f3n de ganchillo para bel\u00e9n \"Pesebre 3","og_description":"Compra aqu\u00ed mi patr\u00f3n de ganchillo para belenes \"Pesebre 3\". El patr\u00f3n de ganchillo tambi\u00e9n est\u00e1 disponible en Etsy, Haked.nl, Ravelry, Payhip","og_url":"https:\/\/craftygenesindonesia.com\/es\/shop\/3d\/pesebre-3\/","og_site_name":"Craftygenesindonesia","article_modified_time":"2026-03-22T23:01:16+00:00","og_image":[{"width":1080,"height":1080,"url":"https:\/\/craftygenesindonesia.com\/wp-content\/uploads\/2024\/10\/Nativity-Stable-3-2.jpg","type":"image\/jpeg"}],"twitter_card":"summary_large_image","twitter_misc":{"Tiempo de lectura":"2 minutos"},"schema":{"@context":"https:\/\/schema.org","@graph":[{"@type":"WebPage","@id":"https:\/\/craftygenesindonesia.com\/es\/shop\/3d\/pesebre-3\/","url":"https:\/\/craftygenesindonesia.com\/es\/shop\/3d\/pesebre-3\/","name":"Pesebre 3 patr\u00f3n de ganchillo - Craftygenesindonesia","isPartOf":{"@id":"https:\/\/craftygenesindonesia.com\/es\/#website"},"primaryImageOfPage":{"@id":"https:\/\/craftygenesindonesia.com\/es\/shop\/3d\/pesebre-3\/#primaryimage"},"image":{"@id":"https:\/\/craftygenesindonesia.com\/es\/shop\/3d\/pesebre-3\/#primaryimage"},"thumbnailUrl":"https:\/\/craftygenesindonesia.com\/wp-content\/uploads\/2024\/10\/Nativity-Stable-3-2.jpg","datePublished":"2024-10-26T04:31:32+00:00","dateModified":"2026-03-22T23:01:16+00:00","description":"Compra aqu\u00ed mi patr\u00f3n de ganchillo para belenes \"Pesebre 3\". El patr\u00f3n de ganchillo tambi\u00e9n est\u00e1 disponible en Etsy, Haked.nl, Ravelry, Payhip","breadcrumb":{"@id":"https:\/\/craftygenesindonesia.com\/es\/shop\/3d\/pesebre-3\/#breadcrumb"},"inLanguage":"es","potentialAction":[{"@type":"ReadAction","target":["https:\/\/craftygenesindonesia.com\/es\/shop\/3d\/pesebre-3\/"]}]},{"@type":"ImageObject","inLanguage":"es","@id":"https:\/\/craftygenesindonesia.com\/es\/shop\/3d\/pesebre-3\/#primaryimage","url":"https:\/\/craftygenesindonesia.com\/wp-content\/uploads\/2024\/10\/Nativity-Stable-3-2.jpg","contentUrl":"https:\/\/craftygenesindonesia.com\/wp-content\/uploads\/2024\/10\/Nativity-Stable-3-2.jpg","width":1080,"height":1080,"caption":"crochet nativity set with Mary, Joseph, Jesus, a water wall, pots, manger, crib, garden"},{"@type":"BreadcrumbList","@id":"https:\/\/craftygenesindonesia.com\/es\/shop\/3d\/pesebre-3\/#breadcrumb","itemListElement":[{"@type":"ListItem","position":1,"name":"Home","item":"https:\/\/craftygenesindonesia.com\/es\/"},{"@type":"ListItem","position":2,"name":"Tienda de patrones","item":"https:\/\/craftygenesindonesia.com\/es\/tienda-de-patrones\/"},{"@type":"ListItem","position":3,"name":"Pesebre 3"}]},{"@type":"WebSite","@id":"https:\/\/craftygenesindonesia.com\/es\/#website","url":"https:\/\/craftygenesindonesia.com\/es\/","name":"Craftygenesindonesia","description":"","publisher":{"@id":"https:\/\/craftygenesindonesia.com\/es\/#organization"},"potentialAction":[{"@type":"SearchAction","target":{"@type":"EntryPoint","urlTemplate":"https:\/\/craftygenesindonesia.com\/es\/?s={search_term_string}"},"query-input":{"@type":"PropertyValueSpecification","valueRequired":true,"valueName":"search_term_string"}}],"inLanguage":"es"},{"@type":"Organization","@id":"https:\/\/craftygenesindonesia.com\/es\/#organization","name":"Craftygenesindonesia","url":"https:\/\/craftygenesindonesia.com\/es\/","logo":{"@type":"ImageObject","inLanguage":"es","@id":"https:\/\/craftygenesindonesia.com\/es\/#\/schema\/logo\/image\/","url":"https:\/\/craftygenesindonesia.com\/wp-content\/uploads\/2025\/11\/cropped-Copy-of-Craftygenesindonesia.jpg","contentUrl":"https:\/\/craftygenesindonesia.com\/wp-content\/uploads\/2025\/11\/cropped-Copy-of-Craftygenesindonesia.jpg","width":180,"height":60,"caption":"Craftygenesindonesia"},"image":{"@id":"https:\/\/craftygenesindonesia.com\/es\/#\/schema\/logo\/image\/"}}]}},"_links":{"self":[{"href":"https:\/\/craftygenesindonesia.com\/es\/wp-json\/wp\/v2\/product\/987521294","targetHints":{"allow":["GET"]}}],"collection":[{"href":"https:\/\/craftygenesindonesia.com\/es\/wp-json\/wp\/v2\/product"}],"about":[{"href":"https:\/\/craftygenesindonesia.com\/es\/wp-json\/wp\/v2\/types\/product"}],"replies":[{"embeddable":true,"href":"https:\/\/craftygenesindonesia.com\/es\/wp-json\/wp\/v2\/comments?post=987521294"}],"wp:featuredmedia":[{"embeddable":true,"href":"https:\/\/craftygenesindonesia.com\/es\/wp-json\/wp\/v2\/media\/987535886"}],"wp:attachment":[{"href":"https:\/\/craftygenesindonesia.com\/es\/wp-json\/wp\/v2\/media?parent=987521294"}],"wp:term":[{"taxonomy":"product_brand","embeddable":true,"href":"https:\/\/craftygenesindonesia.com\/es\/wp-json\/wp\/v2\/product_brand?post=987521294"},{"taxonomy":"product_cat","embeddable":true,"href":"https:\/\/craftygenesindonesia.com\/es\/wp-json\/wp\/v2\/product_cat?post=987521294"},{"taxonomy":"product_tag","embeddable":true,"href":"https:\/\/craftygenesindonesia.com\/es\/wp-json\/wp\/v2\/product_tag?post=987521294"}],"curies":[{"name":"wp","href":"https:\/\/api.w.org\/{rel}","templated":true}]}}