{"id":987521020,"date":"2024-10-05T12:35:37","date_gmt":"2024-10-05T04:35:37","guid":{"rendered":"https:\/\/craftygenesindonesia.com\/?post_type=product&#038;p=987521020"},"modified":"2026-03-23T08:10:50","modified_gmt":"2026-03-23T00:10:50","slug":"livina-edicion-de-navidad","status":"publish","type":"product","link":"https:\/\/craftygenesindonesia.com\/es\/shop\/senoras-y-senores\/livina-es\/livina-edicion-de-navidad\/","title":{"rendered":"Livina Edici\u00f3n de Navidad"},"content":{"rendered":"<p>Tama\u00f1o: 14x29x29cm\/ 5.5&#215;11.5&#215;11.5&#8243;.<\/p>\n<p>Hilo: este patr\u00f3n est\u00e1 hecho con hilo de peso &#8220;FINGERING&#8221; adecuado para amigurumi y una aguja de ganchillo de tama\u00f1o 2 mm<\/p>\n<p>Necesitar\u00e1s estos colores: marr\u00f3n oscuro, granate, marr\u00f3n chocolate, color piel, rojo, verde, marr\u00f3n dorado, negro, marr\u00f3n gris\u00e1ceo, naranja, amarillo, blanco, gris, gris claro.<\/p>\n<p>Tambi\u00e9n necesitar\u00e1s un poco de hilo de chenilla\/terciopelo blanco.<\/p>\n<p>Tambi\u00e9n necesitar\u00e1s: relleno, tijeras, l\u00e1piz, regla, pegamento, aguja para pegar, cart\u00f3n de 5 mm de grosor, alfileres de costura, 1 bastoncillo de algod\u00f3n, l\u00e1mina de fieltro (el color no importa), campanillas doradas de 10 mm, llavero de 30 x 40 mm, cuentas doradas de 7 y 5 mm, dos estrellas doradas de 30 mm, anilla dorada de 25 mm, brocheta de barbacoa, 4 ojales o cuentas con parte trasera plana de 15 mm de di\u00e1metro.<\/p>\n<p>**El cart\u00f3n se utiliza en algunos objetos peque\u00f1os, como el \u00e1rbol de Navidad, la chimenea, etc. El cart\u00f3n del fondo y de la plataforma se puede sustituir por madera contrachapada.<\/p>\n<p>Aguja de ganchillo: 2mm<\/p>\n<p>&nbsp;<\/p>\n<p>Este patr\u00f3n es un patr\u00f3n escrito con un mont\u00f3n de fotos para ayudarle. Si tiene alguna pregunta, env\u00edeme un mensaje a: craftygenesindonesia@gmail.com<\/p>\n<p><strong>-Este patr\u00f3n es s\u00f3lo para uso personal y tiene un COPYRIGHT en \u00e9l. Por lo tanto, el patr\u00f3n no puede ser copiado, vendido, revendido, traducido, reclamado como su dise\u00f1o, distribuido, compartido, publicado, publicado en l\u00ednea en cualquier forma sin mi permiso. Ni siquiera una parte!<\/strong><\/p>\n<p><strong>-Puede vender el producto acabado en peque\u00f1as cantidades, PERO NO EL PROPIO PATR\u00d3N. Menciona que el patr\u00f3n es de Craftygenesindonesia y d\u00f3nde se puede comprar <\/strong><\/p>\n","protected":false},"excerpt":{"rendered":"<p>Esta es la segunda edici\u00f3n de mi serie Livina (con muchas m\u00e1s por venir, por supuesto). Esta vez Livina est\u00e1 sentada en su sal\u00f3n con un libro mientras su gato juega delante del \u00e1rbol de Navidad. Tambi\u00e9n hay un angelito, una chimenea e incluso un reloj de cuco.<\/p>\n","protected":false},"featured_media":987525189,"comment_status":"open","ping_status":"closed","template":"","meta":{"_acf_changed":false},"product_brand":[],"product_cat":[3047,3049,11881],"product_tag":[10647,10969,10621,10649,12711,10901,10900,10997,11754,12122,10661,10642,8822,11753,10831,10662,11020,11755,12094,10965,10966,10641],"class_list":{"0":"post-987521020","1":"product","2":"type-product","3":"status-publish","4":"has-post-thumbnail","6":"product_cat-navidad","7":"product_cat-senoras-y-senores","8":"product_cat-livina-es","9":"product_tag-adornos-navidenos","10":"product_tag-alfombra","11":"product_tag-angel-de-navidad","12":"product_tag-arbol-de-navidad-es","13":"product_tag-bank-es","14":"product_tag-biblia-es","15":"product_tag-campanas-es","16":"product_tag-casa-de-navidad","17":"product_tag-chimenea","18":"product_tag-christmas-lady-es","19":"product_tag-corona-navidena-es","20":"product_tag-decoracion-navidena","21":"product_tag-libro","22":"product_tag-livina-es","23":"product_tag-reloj-antiguo","24":"product_tag-reloj-de-cuco-es","25":"product_tag-reloji","26":"product_tag-sala-de-estar","27":"product_tag-star-es","28":"product_tag-vela-es","29":"product_tag-velas","30":"product_tag-velas-de-navidad","31":"pa_available_on-craftygenesindonesia","32":"pa_available_on-etsy","33":"pa_available_on-haked-nl","34":"pa_available_on-payhip","35":"pa_available_on-ravelry","36":"pa_languages-aleman","37":"pa_languages-espanol","38":"pa_languages-estados-unidos-ingles","39":"pa_languages-frances","40":"pa_languages-holandes","41":"pa_languages-portugues","43":"first","44":"instock","45":"downloadable","46":"virtual","47":"purchasable","48":"product-type-simple"},"acf":[],"yoast_head":"<!-- This site is optimized with the Yoast SEO plugin v27.3 - https:\/\/yoast.com\/product\/yoast-seo-wordpress\/ -->\n<title>Livina Edici\u00f3n de Navidad patr\u00f3n de ganchillo - Craftygenesindonesia<\/title>\n<meta name=\"description\" content=\"Compra aqu\u00ed mi patr\u00f3n de ganchillo \u00abLivina Christmas Edition\u00bb. El patr\u00f3n de ganchillo, f\u00e1cil de seguir, tambi\u00e9n est\u00e1 disponible en Etsy, Haked.nl, Ravelry y Payhip.\" \/>\n<meta name=\"robots\" content=\"index, follow, max-snippet:-1, max-image-preview:large, max-video-preview:-1\" \/>\n<link rel=\"canonical\" href=\"https:\/\/craftygenesindonesia.com\/es\/shop\/senoras-y-senores\/livina-es\/livina-edicion-de-navidad\/\" \/>\n<meta property=\"og:locale\" content=\"es_ES\" \/>\n<meta property=\"og:type\" content=\"article\" \/>\n<meta property=\"og:title\" content=\"Patr\u00f3n de ganchillo &quot;Livina Edici\u00f3n de Navidad&quot;\" \/>\n<meta property=\"og:description\" content=\"Compra aqu\u00ed mi patr\u00f3n de ganchillo \u00abLivina Christmas Edition\u00bb. El patr\u00f3n de ganchillo, f\u00e1cil de seguir, tambi\u00e9n est\u00e1 disponible en Etsy, Haked.nl, Ravelry y Payhip.\" \/>\n<meta property=\"og:url\" content=\"https:\/\/craftygenesindonesia.com\/es\/shop\/senoras-y-senores\/livina-es\/livina-edicion-de-navidad\/\" \/>\n<meta property=\"og:site_name\" content=\"Craftygenesindonesia\" \/>\n<meta property=\"article:modified_time\" content=\"2026-03-23T00:10:50+00:00\" \/>\n<meta property=\"og:image\" content=\"https:\/\/craftygenesindonesia.com\/wp-content\/uploads\/2024\/10\/Livina-Christmas.jpg\" \/>\n\t<meta property=\"og:image:width\" content=\"945\" \/>\n\t<meta property=\"og:image:height\" content=\"945\" \/>\n\t<meta property=\"og:image:type\" content=\"image\/jpeg\" \/>\n<meta name=\"twitter:card\" content=\"summary_large_image\" \/>\n<meta name=\"twitter:label1\" content=\"Tiempo de lectura\" \/>\n\t<meta name=\"twitter:data1\" content=\"2 minutos\" \/>\n<script type=\"application\/ld+json\" class=\"yoast-schema-graph\">{\"@context\":\"https:\\\/\\\/schema.org\",\"@graph\":[{\"@type\":\"WebPage\",\"@id\":\"https:\\\/\\\/craftygenesindonesia.com\\\/es\\\/shop\\\/senoras-y-senores\\\/livina-es\\\/livina-edicion-de-navidad\\\/\",\"url\":\"https:\\\/\\\/craftygenesindonesia.com\\\/es\\\/shop\\\/senoras-y-senores\\\/livina-es\\\/livina-edicion-de-navidad\\\/\",\"name\":\"Livina Edici\u00f3n de Navidad patr\u00f3n de ganchillo - Craftygenesindonesia\",\"isPartOf\":{\"@id\":\"https:\\\/\\\/craftygenesindonesia.com\\\/es\\\/#website\"},\"primaryImageOfPage\":{\"@id\":\"https:\\\/\\\/craftygenesindonesia.com\\\/es\\\/shop\\\/senoras-y-senores\\\/livina-es\\\/livina-edicion-de-navidad\\\/#primaryimage\"},\"image\":{\"@id\":\"https:\\\/\\\/craftygenesindonesia.com\\\/es\\\/shop\\\/senoras-y-senores\\\/livina-es\\\/livina-edicion-de-navidad\\\/#primaryimage\"},\"thumbnailUrl\":\"https:\\\/\\\/craftygenesindonesia.com\\\/wp-content\\\/uploads\\\/2024\\\/10\\\/Livina-Christmas.jpg\",\"datePublished\":\"2024-10-05T04:35:37+00:00\",\"dateModified\":\"2026-03-23T00:10:50+00:00\",\"description\":\"Compra aqu\u00ed mi patr\u00f3n de ganchillo \u00abLivina Christmas Edition\u00bb. El patr\u00f3n de ganchillo, f\u00e1cil de seguir, tambi\u00e9n est\u00e1 disponible en Etsy, Haked.nl, Ravelry y Payhip.\",\"breadcrumb\":{\"@id\":\"https:\\\/\\\/craftygenesindonesia.com\\\/es\\\/shop\\\/senoras-y-senores\\\/livina-es\\\/livina-edicion-de-navidad\\\/#breadcrumb\"},\"inLanguage\":\"es\",\"potentialAction\":[{\"@type\":\"ReadAction\",\"target\":[\"https:\\\/\\\/craftygenesindonesia.com\\\/es\\\/shop\\\/senoras-y-senores\\\/livina-es\\\/livina-edicion-de-navidad\\\/\"]}]},{\"@type\":\"ImageObject\",\"inLanguage\":\"es\",\"@id\":\"https:\\\/\\\/craftygenesindonesia.com\\\/es\\\/shop\\\/senoras-y-senores\\\/livina-es\\\/livina-edicion-de-navidad\\\/#primaryimage\",\"url\":\"https:\\\/\\\/craftygenesindonesia.com\\\/wp-content\\\/uploads\\\/2024\\\/10\\\/Livina-Christmas.jpg\",\"contentUrl\":\"https:\\\/\\\/craftygenesindonesia.com\\\/wp-content\\\/uploads\\\/2024\\\/10\\\/Livina-Christmas.jpg\",\"width\":945,\"height\":945,\"caption\":\"Se\u00f1ora navide\u00f1a de ganchillo en una sala de estar navide\u00f1a de ganchillo con un \u00e1rbol de Navidad, un \u00e1ngel, velas, un reloj de cuco, una corona navide\u00f1a, un gato, un fald\u00f3n para el \u00e1rbol de Navidad y una chimenea.\"},{\"@type\":\"BreadcrumbList\",\"@id\":\"https:\\\/\\\/craftygenesindonesia.com\\\/es\\\/shop\\\/senoras-y-senores\\\/livina-es\\\/livina-edicion-de-navidad\\\/#breadcrumb\",\"itemListElement\":[{\"@type\":\"ListItem\",\"position\":1,\"name\":\"Home\",\"item\":\"https:\\\/\\\/craftygenesindonesia.com\\\/es\\\/\"},{\"@type\":\"ListItem\",\"position\":2,\"name\":\"Tienda de patrones\",\"item\":\"https:\\\/\\\/craftygenesindonesia.com\\\/es\\\/tienda-de-patrones\\\/\"},{\"@type\":\"ListItem\",\"position\":3,\"name\":\"Livina Edici\u00f3n de Navidad\"}]},{\"@type\":\"WebSite\",\"@id\":\"https:\\\/\\\/craftygenesindonesia.com\\\/es\\\/#website\",\"url\":\"https:\\\/\\\/craftygenesindonesia.com\\\/es\\\/\",\"name\":\"Craftygenesindonesia\",\"description\":\"\",\"publisher\":{\"@id\":\"https:\\\/\\\/craftygenesindonesia.com\\\/es\\\/#organization\"},\"potentialAction\":[{\"@type\":\"SearchAction\",\"target\":{\"@type\":\"EntryPoint\",\"urlTemplate\":\"https:\\\/\\\/craftygenesindonesia.com\\\/es\\\/?s={search_term_string}\"},\"query-input\":{\"@type\":\"PropertyValueSpecification\",\"valueRequired\":true,\"valueName\":\"search_term_string\"}}],\"inLanguage\":\"es\"},{\"@type\":\"Organization\",\"@id\":\"https:\\\/\\\/craftygenesindonesia.com\\\/es\\\/#organization\",\"name\":\"Craftygenesindonesia\",\"url\":\"https:\\\/\\\/craftygenesindonesia.com\\\/es\\\/\",\"logo\":{\"@type\":\"ImageObject\",\"inLanguage\":\"es\",\"@id\":\"https:\\\/\\\/craftygenesindonesia.com\\\/es\\\/#\\\/schema\\\/logo\\\/image\\\/\",\"url\":\"https:\\\/\\\/craftygenesindonesia.com\\\/wp-content\\\/uploads\\\/2025\\\/11\\\/cropped-Copy-of-Craftygenesindonesia.jpg\",\"contentUrl\":\"https:\\\/\\\/craftygenesindonesia.com\\\/wp-content\\\/uploads\\\/2025\\\/11\\\/cropped-Copy-of-Craftygenesindonesia.jpg\",\"width\":180,\"height\":60,\"caption\":\"Craftygenesindonesia\"},\"image\":{\"@id\":\"https:\\\/\\\/craftygenesindonesia.com\\\/es\\\/#\\\/schema\\\/logo\\\/image\\\/\"}}]}<\/script>\n<!-- \/ Yoast SEO plugin. -->","yoast_head_json":{"title":"Livina Edici\u00f3n de Navidad patr\u00f3n de ganchillo - Craftygenesindonesia","description":"Compra aqu\u00ed mi patr\u00f3n de ganchillo \u00abLivina Christmas Edition\u00bb. El patr\u00f3n de ganchillo, f\u00e1cil de seguir, tambi\u00e9n est\u00e1 disponible en Etsy, Haked.nl, Ravelry y Payhip.","robots":{"index":"index","follow":"follow","max-snippet":"max-snippet:-1","max-image-preview":"max-image-preview:large","max-video-preview":"max-video-preview:-1"},"canonical":"https:\/\/craftygenesindonesia.com\/es\/shop\/senoras-y-senores\/livina-es\/livina-edicion-de-navidad\/","og_locale":"es_ES","og_type":"article","og_title":"Patr\u00f3n de ganchillo \"Livina Edici\u00f3n de Navidad\"","og_description":"Compra aqu\u00ed mi patr\u00f3n de ganchillo \u00abLivina Christmas Edition\u00bb. El patr\u00f3n de ganchillo, f\u00e1cil de seguir, tambi\u00e9n est\u00e1 disponible en Etsy, Haked.nl, Ravelry y Payhip.","og_url":"https:\/\/craftygenesindonesia.com\/es\/shop\/senoras-y-senores\/livina-es\/livina-edicion-de-navidad\/","og_site_name":"Craftygenesindonesia","article_modified_time":"2026-03-23T00:10:50+00:00","og_image":[{"width":945,"height":945,"url":"https:\/\/craftygenesindonesia.com\/wp-content\/uploads\/2024\/10\/Livina-Christmas.jpg","type":"image\/jpeg"}],"twitter_card":"summary_large_image","twitter_misc":{"Tiempo de lectura":"2 minutos"},"schema":{"@context":"https:\/\/schema.org","@graph":[{"@type":"WebPage","@id":"https:\/\/craftygenesindonesia.com\/es\/shop\/senoras-y-senores\/livina-es\/livina-edicion-de-navidad\/","url":"https:\/\/craftygenesindonesia.com\/es\/shop\/senoras-y-senores\/livina-es\/livina-edicion-de-navidad\/","name":"Livina Edici\u00f3n de Navidad patr\u00f3n de ganchillo - Craftygenesindonesia","isPartOf":{"@id":"https:\/\/craftygenesindonesia.com\/es\/#website"},"primaryImageOfPage":{"@id":"https:\/\/craftygenesindonesia.com\/es\/shop\/senoras-y-senores\/livina-es\/livina-edicion-de-navidad\/#primaryimage"},"image":{"@id":"https:\/\/craftygenesindonesia.com\/es\/shop\/senoras-y-senores\/livina-es\/livina-edicion-de-navidad\/#primaryimage"},"thumbnailUrl":"https:\/\/craftygenesindonesia.com\/wp-content\/uploads\/2024\/10\/Livina-Christmas.jpg","datePublished":"2024-10-05T04:35:37+00:00","dateModified":"2026-03-23T00:10:50+00:00","description":"Compra aqu\u00ed mi patr\u00f3n de ganchillo \u00abLivina Christmas Edition\u00bb. El patr\u00f3n de ganchillo, f\u00e1cil de seguir, tambi\u00e9n est\u00e1 disponible en Etsy, Haked.nl, Ravelry y Payhip.","breadcrumb":{"@id":"https:\/\/craftygenesindonesia.com\/es\/shop\/senoras-y-senores\/livina-es\/livina-edicion-de-navidad\/#breadcrumb"},"inLanguage":"es","potentialAction":[{"@type":"ReadAction","target":["https:\/\/craftygenesindonesia.com\/es\/shop\/senoras-y-senores\/livina-es\/livina-edicion-de-navidad\/"]}]},{"@type":"ImageObject","inLanguage":"es","@id":"https:\/\/craftygenesindonesia.com\/es\/shop\/senoras-y-senores\/livina-es\/livina-edicion-de-navidad\/#primaryimage","url":"https:\/\/craftygenesindonesia.com\/wp-content\/uploads\/2024\/10\/Livina-Christmas.jpg","contentUrl":"https:\/\/craftygenesindonesia.com\/wp-content\/uploads\/2024\/10\/Livina-Christmas.jpg","width":945,"height":945,"caption":"Se\u00f1ora navide\u00f1a de ganchillo en una sala de estar navide\u00f1a de ganchillo con un \u00e1rbol de Navidad, un \u00e1ngel, velas, un reloj de cuco, una corona navide\u00f1a, un gato, un fald\u00f3n para el \u00e1rbol de Navidad y una chimenea."},{"@type":"BreadcrumbList","@id":"https:\/\/craftygenesindonesia.com\/es\/shop\/senoras-y-senores\/livina-es\/livina-edicion-de-navidad\/#breadcrumb","itemListElement":[{"@type":"ListItem","position":1,"name":"Home","item":"https:\/\/craftygenesindonesia.com\/es\/"},{"@type":"ListItem","position":2,"name":"Tienda de patrones","item":"https:\/\/craftygenesindonesia.com\/es\/tienda-de-patrones\/"},{"@type":"ListItem","position":3,"name":"Livina Edici\u00f3n de Navidad"}]},{"@type":"WebSite","@id":"https:\/\/craftygenesindonesia.com\/es\/#website","url":"https:\/\/craftygenesindonesia.com\/es\/","name":"Craftygenesindonesia","description":"","publisher":{"@id":"https:\/\/craftygenesindonesia.com\/es\/#organization"},"potentialAction":[{"@type":"SearchAction","target":{"@type":"EntryPoint","urlTemplate":"https:\/\/craftygenesindonesia.com\/es\/?s={search_term_string}"},"query-input":{"@type":"PropertyValueSpecification","valueRequired":true,"valueName":"search_term_string"}}],"inLanguage":"es"},{"@type":"Organization","@id":"https:\/\/craftygenesindonesia.com\/es\/#organization","name":"Craftygenesindonesia","url":"https:\/\/craftygenesindonesia.com\/es\/","logo":{"@type":"ImageObject","inLanguage":"es","@id":"https:\/\/craftygenesindonesia.com\/es\/#\/schema\/logo\/image\/","url":"https:\/\/craftygenesindonesia.com\/wp-content\/uploads\/2025\/11\/cropped-Copy-of-Craftygenesindonesia.jpg","contentUrl":"https:\/\/craftygenesindonesia.com\/wp-content\/uploads\/2025\/11\/cropped-Copy-of-Craftygenesindonesia.jpg","width":180,"height":60,"caption":"Craftygenesindonesia"},"image":{"@id":"https:\/\/craftygenesindonesia.com\/es\/#\/schema\/logo\/image\/"}}]}},"_links":{"self":[{"href":"https:\/\/craftygenesindonesia.com\/es\/wp-json\/wp\/v2\/product\/987521020","targetHints":{"allow":["GET"]}}],"collection":[{"href":"https:\/\/craftygenesindonesia.com\/es\/wp-json\/wp\/v2\/product"}],"about":[{"href":"https:\/\/craftygenesindonesia.com\/es\/wp-json\/wp\/v2\/types\/product"}],"replies":[{"embeddable":true,"href":"https:\/\/craftygenesindonesia.com\/es\/wp-json\/wp\/v2\/comments?post=987521020"}],"wp:featuredmedia":[{"embeddable":true,"href":"https:\/\/craftygenesindonesia.com\/es\/wp-json\/wp\/v2\/media\/987525189"}],"wp:attachment":[{"href":"https:\/\/craftygenesindonesia.com\/es\/wp-json\/wp\/v2\/media?parent=987521020"}],"wp:term":[{"taxonomy":"product_brand","embeddable":true,"href":"https:\/\/craftygenesindonesia.com\/es\/wp-json\/wp\/v2\/product_brand?post=987521020"},{"taxonomy":"product_cat","embeddable":true,"href":"https:\/\/craftygenesindonesia.com\/es\/wp-json\/wp\/v2\/product_cat?post=987521020"},{"taxonomy":"product_tag","embeddable":true,"href":"https:\/\/craftygenesindonesia.com\/es\/wp-json\/wp\/v2\/product_tag?post=987521020"}],"curies":[{"name":"wp","href":"https:\/\/api.w.org\/{rel}","templated":true}]}}