{"id":987520805,"date":"2024-09-20T16:51:46","date_gmt":"2024-09-20T08:51:46","guid":{"rendered":"https:\/\/craftygenesindonesia.com\/?post_type=product&#038;p=987520805"},"modified":"2026-03-23T08:26:31","modified_gmt":"2026-03-23T00:26:31","slug":"belen-de-la-sagrada-familia-punto","status":"publish","type":"product","link":"https:\/\/craftygenesindonesia.com\/es\/shop\/patrones-de-tricotado\/belen-de-la-sagrada-familia-punto\/","title":{"rendered":"Bel\u00e9n de la Sagrada Familia (punto)"},"content":{"rendered":"<p><strong>Medidas: <\/strong><\/p>\n<ul>\n<li>Estable: 33x30x20cm\/ 13&#215;11.8&#215;7.8inch<\/li>\n<li>Mar\u00eda: 14cm\/ 5,5 pulgadas<\/li>\n<li>Joseph: 23cm\/ 9 pulgadas<\/li>\n<\/ul>\n<p>&nbsp;<\/p>\n<p><strong>Hilo:<\/strong> hilo de peso &#8220;FINGERING&#8221; como Catona, Catania, &#8230; en estos colores: color piel, azul, blanco roto, marr\u00f3n claro, marr\u00f3n oscuro, verde oscuro, verde salvia, marr\u00f3n chocolate, beige oscuro, terracota<\/p>\n<p><strong>Agujas de tricotar:<\/strong> 2 mm &#8211; agujas de tricotar rectas<\/p>\n<p><strong>Otras cosas que necesitas:<\/strong> relleno, tijeras, l\u00e1piz, regla, pegamento, alfileres de coser, aguja de zurcir, 2 brochetas o palillos, cart\u00f3n resistente y fuerte de 3 mm de grosor, fieltro de 3 mm (el color no importa), piedrecitas de acuario<\/p>\n<p>Este patr\u00f3n es un patr\u00f3n escrito con muchas fotos para ayudarte. Si tiene alguna pregunta, env\u00edeme un mensaje a: craftygenesindonesia@gmail.com<\/p>\n<p><strong>-Este patr\u00f3n es s\u00f3lo para uso personal y tiene un COPYRIGHT en \u00e9l. Por lo tanto, el patr\u00f3n no puede ser copiado, vendido, revendido, traducido, reclamado como su dise\u00f1o, distribuido, compartido, publicado, publicado en l\u00ednea en cualquier forma sin mi permiso. Ni siquiera una parte!<\/strong><\/p>\n<p>&nbsp;<\/p>\n<p><strong>-Puede vender el producto acabado en peque\u00f1as cantidades, PERO NO EL PROPIO PATR\u00d3N. Menciona que el patr\u00f3n es de Craftygenesindonesia y d\u00f3nde se puede comprar<\/strong><\/p>\n","protected":false},"excerpt":{"rendered":"<p>IMPORTANTE: \u00e9ste es un patr\u00f3n de punto, NO de ganchillo.<\/p>\n<p>Es un patr\u00f3n maravilloso para quienes aman tejer y buscan un bel\u00e9n bonito pero f\u00e1cil de hacer.\u00a0 Jes\u00fas, Mar\u00eda, Jos\u00e9, el establo y la olla est\u00e1n tejidos.\u00a0 La escoba la hice yo misma y las instrucciones est\u00e1n en el patr\u00f3n.\u00a0 Los guijarros son guijarros de acuario que pegu\u00e9 en su sitio.<\/p>\n","protected":false},"featured_media":987520786,"comment_status":"open","ping_status":"closed","template":"","meta":{"_acf_changed":false},"product_brand":[],"product_cat":[11735,3042,11742],"product_tag":[12103,12090,12092,12089,12102,12104,10090,12096,10091,12088,12100,12105,10281,12093,12108],"class_list":{"0":"post-987520805","1":"product","2":"type-product","3":"status-publish","4":"has-post-thumbnail","6":"product_cat-patrones-de-tejido-navideno","7":"product_cat-patrones-de-tricotado","8":"product_cat-patrones-tejer-belenes","9":"product_tag-blessed-mary-es","10":"product_tag-catholic-es","11":"product_tag-christian-es","12":"product_tag-christmas-nativity-es","13":"product_tag-holy-mary-es","14":"product_tag-holy-saint-mary-es","15":"product_tag-jesus-es","16":"product_tag-joseph-es","17":"product_tag-mary-es","18":"product_tag-nativity-es","19":"product_tag-nativity-set-es","20":"product_tag-saint-mary-es","21":"product_tag-santo-catolico","22":"product_tag-stable-es","23":"product_tag-virgin-mary-es","24":"pa_available_on-craftygenesindonesia","25":"pa_available_on-etsy","26":"pa_available_on-haked-nl","27":"pa_available_on-payhip","28":"pa_available_on-ravelry","29":"pa_languages-espanol","30":"pa_languages-estados-unidos-ingles","31":"pa_languages-frances","32":"pa_languages-holandes","33":"pa_languages-portugues","35":"first","36":"instock","37":"downloadable","38":"virtual","39":"purchasable","40":"product-type-simple"},"acf":[],"yoast_head":"<!-- This site is optimized with the Yoast SEO plugin v27.4 - https:\/\/yoast.com\/product\/yoast-seo-wordpress\/ -->\n<title>Bel\u00e9n de la Sagrada Familia (punto) - Craftygenesindonesia<\/title>\n<meta name=\"description\" content=\"Compra aqu\u00ed mi patr\u00f3n de punto &quot;Bel\u00e9n de la Sagrada Familia&quot;. El patr\u00f3n de punto f\u00e1cil de seguir tambi\u00e9n est\u00e1 disponible en Etsy, Haked.nl, Ravelry\" \/>\n<meta name=\"robots\" content=\"index, follow, max-snippet:-1, max-image-preview:large, max-video-preview:-1\" \/>\n<link rel=\"canonical\" href=\"https:\/\/craftygenesindonesia.com\/es\/shop\/patrones-de-tricotado\/belen-de-la-sagrada-familia-punto\/\" \/>\n<meta property=\"og:locale\" content=\"es_ES\" \/>\n<meta property=\"og:type\" content=\"article\" \/>\n<meta property=\"og:title\" content=\"Patr\u00f3n de tejido &quot;Bel\u00e9n Sagrada Familia&quot;\" \/>\n<meta property=\"og:description\" content=\"Compra aqu\u00ed mi patr\u00f3n de punto &quot;Bel\u00e9n de la Sagrada Familia&quot;. El patr\u00f3n de punto f\u00e1cil de seguir tambi\u00e9n est\u00e1 disponible en Etsy, Haked.nl, Ravelry\" \/>\n<meta property=\"og:url\" content=\"https:\/\/craftygenesindonesia.com\/es\/shop\/patrones-de-tricotado\/belen-de-la-sagrada-familia-punto\/\" \/>\n<meta property=\"og:site_name\" content=\"Craftygenesindonesia\" \/>\n<meta property=\"article:modified_time\" content=\"2026-03-23T00:26:31+00:00\" \/>\n<meta property=\"og:image\" content=\"https:\/\/craftygenesindonesia.com\/wp-content\/uploads\/2024\/09\/1-1-300x300.jpg\" \/>\n<meta name=\"twitter:card\" content=\"summary_large_image\" \/>\n<meta name=\"twitter:label1\" content=\"Tiempo de lectura\" \/>\n\t<meta name=\"twitter:data1\" content=\"1 minuto\" \/>\n<script type=\"application\/ld+json\" class=\"yoast-schema-graph\">{\"@context\":\"https:\\\/\\\/schema.org\",\"@graph\":[{\"@type\":\"WebPage\",\"@id\":\"https:\\\/\\\/craftygenesindonesia.com\\\/es\\\/shop\\\/patrones-de-tricotado\\\/belen-de-la-sagrada-familia-punto\\\/\",\"url\":\"https:\\\/\\\/craftygenesindonesia.com\\\/es\\\/shop\\\/patrones-de-tricotado\\\/belen-de-la-sagrada-familia-punto\\\/\",\"name\":\"Bel\u00e9n de la Sagrada Familia (punto) - Craftygenesindonesia\",\"isPartOf\":{\"@id\":\"https:\\\/\\\/craftygenesindonesia.com\\\/es\\\/#website\"},\"primaryImageOfPage\":{\"@id\":\"https:\\\/\\\/craftygenesindonesia.com\\\/es\\\/shop\\\/patrones-de-tricotado\\\/belen-de-la-sagrada-familia-punto\\\/#primaryimage\"},\"image\":{\"@id\":\"https:\\\/\\\/craftygenesindonesia.com\\\/es\\\/shop\\\/patrones-de-tricotado\\\/belen-de-la-sagrada-familia-punto\\\/#primaryimage\"},\"thumbnailUrl\":\"https:\\\/\\\/craftygenesindonesia.com\\\/wp-content\\\/uploads\\\/2024\\\/09\\\/1-1.jpg\",\"datePublished\":\"2024-09-20T08:51:46+00:00\",\"dateModified\":\"2026-03-23T00:26:31+00:00\",\"description\":\"Compra aqu\u00ed mi patr\u00f3n de punto \\\"Bel\u00e9n de la Sagrada Familia\\\". El patr\u00f3n de punto f\u00e1cil de seguir tambi\u00e9n est\u00e1 disponible en Etsy, Haked.nl, Ravelry\",\"breadcrumb\":{\"@id\":\"https:\\\/\\\/craftygenesindonesia.com\\\/es\\\/shop\\\/patrones-de-tricotado\\\/belen-de-la-sagrada-familia-punto\\\/#breadcrumb\"},\"inLanguage\":\"es\",\"potentialAction\":[{\"@type\":\"ReadAction\",\"target\":[\"https:\\\/\\\/craftygenesindonesia.com\\\/es\\\/shop\\\/patrones-de-tricotado\\\/belen-de-la-sagrada-familia-punto\\\/\"]}]},{\"@type\":\"ImageObject\",\"inLanguage\":\"es\",\"@id\":\"https:\\\/\\\/craftygenesindonesia.com\\\/es\\\/shop\\\/patrones-de-tricotado\\\/belen-de-la-sagrada-familia-punto\\\/#primaryimage\",\"url\":\"https:\\\/\\\/craftygenesindonesia.com\\\/wp-content\\\/uploads\\\/2024\\\/09\\\/1-1.jpg\",\"contentUrl\":\"https:\\\/\\\/craftygenesindonesia.com\\\/wp-content\\\/uploads\\\/2024\\\/09\\\/1-1.jpg\",\"width\":1080,\"height\":1080,\"caption\":\"knitted nativity set, knitted holy family\"},{\"@type\":\"BreadcrumbList\",\"@id\":\"https:\\\/\\\/craftygenesindonesia.com\\\/es\\\/shop\\\/patrones-de-tricotado\\\/belen-de-la-sagrada-familia-punto\\\/#breadcrumb\",\"itemListElement\":[{\"@type\":\"ListItem\",\"position\":1,\"name\":\"Home\",\"item\":\"https:\\\/\\\/craftygenesindonesia.com\\\/es\\\/\"},{\"@type\":\"ListItem\",\"position\":2,\"name\":\"Tienda de patrones\",\"item\":\"https:\\\/\\\/craftygenesindonesia.com\\\/es\\\/tienda-de-patrones\\\/\"},{\"@type\":\"ListItem\",\"position\":3,\"name\":\"Bel\u00e9n de la Sagrada Familia (punto)\"}]},{\"@type\":\"WebSite\",\"@id\":\"https:\\\/\\\/craftygenesindonesia.com\\\/es\\\/#website\",\"url\":\"https:\\\/\\\/craftygenesindonesia.com\\\/es\\\/\",\"name\":\"Craftygenesindonesia\",\"description\":\"\",\"publisher\":{\"@id\":\"https:\\\/\\\/craftygenesindonesia.com\\\/es\\\/#organization\"},\"potentialAction\":[{\"@type\":\"SearchAction\",\"target\":{\"@type\":\"EntryPoint\",\"urlTemplate\":\"https:\\\/\\\/craftygenesindonesia.com\\\/es\\\/?s={search_term_string}\"},\"query-input\":{\"@type\":\"PropertyValueSpecification\",\"valueRequired\":true,\"valueName\":\"search_term_string\"}}],\"inLanguage\":\"es\"},{\"@type\":\"Organization\",\"@id\":\"https:\\\/\\\/craftygenesindonesia.com\\\/es\\\/#organization\",\"name\":\"Craftygenesindonesia\",\"url\":\"https:\\\/\\\/craftygenesindonesia.com\\\/es\\\/\",\"logo\":{\"@type\":\"ImageObject\",\"inLanguage\":\"es\",\"@id\":\"https:\\\/\\\/craftygenesindonesia.com\\\/es\\\/#\\\/schema\\\/logo\\\/image\\\/\",\"url\":\"https:\\\/\\\/craftygenesindonesia.com\\\/wp-content\\\/uploads\\\/2025\\\/11\\\/cropped-Copy-of-Craftygenesindonesia.jpg\",\"contentUrl\":\"https:\\\/\\\/craftygenesindonesia.com\\\/wp-content\\\/uploads\\\/2025\\\/11\\\/cropped-Copy-of-Craftygenesindonesia.jpg\",\"width\":180,\"height\":60,\"caption\":\"Craftygenesindonesia\"},\"image\":{\"@id\":\"https:\\\/\\\/craftygenesindonesia.com\\\/es\\\/#\\\/schema\\\/logo\\\/image\\\/\"}}]}<\/script>\n<!-- \/ Yoast SEO plugin. -->","yoast_head_json":{"title":"Bel\u00e9n de la Sagrada Familia (punto) - Craftygenesindonesia","description":"Compra aqu\u00ed mi patr\u00f3n de punto \"Bel\u00e9n de la Sagrada Familia\". El patr\u00f3n de punto f\u00e1cil de seguir tambi\u00e9n est\u00e1 disponible en Etsy, Haked.nl, Ravelry","robots":{"index":"index","follow":"follow","max-snippet":"max-snippet:-1","max-image-preview":"max-image-preview:large","max-video-preview":"max-video-preview:-1"},"canonical":"https:\/\/craftygenesindonesia.com\/es\/shop\/patrones-de-tricotado\/belen-de-la-sagrada-familia-punto\/","og_locale":"es_ES","og_type":"article","og_title":"Patr\u00f3n de tejido \"Bel\u00e9n Sagrada Familia\"","og_description":"Compra aqu\u00ed mi patr\u00f3n de punto \"Bel\u00e9n de la Sagrada Familia\". El patr\u00f3n de punto f\u00e1cil de seguir tambi\u00e9n est\u00e1 disponible en Etsy, Haked.nl, Ravelry","og_url":"https:\/\/craftygenesindonesia.com\/es\/shop\/patrones-de-tricotado\/belen-de-la-sagrada-familia-punto\/","og_site_name":"Craftygenesindonesia","article_modified_time":"2026-03-23T00:26:31+00:00","og_image":[{"url":"https:\/\/craftygenesindonesia.com\/wp-content\/uploads\/2024\/09\/1-1-300x300.jpg","type":"","width":"","height":""}],"twitter_card":"summary_large_image","twitter_misc":{"Tiempo de lectura":"1 minuto"},"schema":{"@context":"https:\/\/schema.org","@graph":[{"@type":"WebPage","@id":"https:\/\/craftygenesindonesia.com\/es\/shop\/patrones-de-tricotado\/belen-de-la-sagrada-familia-punto\/","url":"https:\/\/craftygenesindonesia.com\/es\/shop\/patrones-de-tricotado\/belen-de-la-sagrada-familia-punto\/","name":"Bel\u00e9n de la Sagrada Familia (punto) - Craftygenesindonesia","isPartOf":{"@id":"https:\/\/craftygenesindonesia.com\/es\/#website"},"primaryImageOfPage":{"@id":"https:\/\/craftygenesindonesia.com\/es\/shop\/patrones-de-tricotado\/belen-de-la-sagrada-familia-punto\/#primaryimage"},"image":{"@id":"https:\/\/craftygenesindonesia.com\/es\/shop\/patrones-de-tricotado\/belen-de-la-sagrada-familia-punto\/#primaryimage"},"thumbnailUrl":"https:\/\/craftygenesindonesia.com\/wp-content\/uploads\/2024\/09\/1-1.jpg","datePublished":"2024-09-20T08:51:46+00:00","dateModified":"2026-03-23T00:26:31+00:00","description":"Compra aqu\u00ed mi patr\u00f3n de punto \"Bel\u00e9n de la Sagrada Familia\". El patr\u00f3n de punto f\u00e1cil de seguir tambi\u00e9n est\u00e1 disponible en Etsy, Haked.nl, Ravelry","breadcrumb":{"@id":"https:\/\/craftygenesindonesia.com\/es\/shop\/patrones-de-tricotado\/belen-de-la-sagrada-familia-punto\/#breadcrumb"},"inLanguage":"es","potentialAction":[{"@type":"ReadAction","target":["https:\/\/craftygenesindonesia.com\/es\/shop\/patrones-de-tricotado\/belen-de-la-sagrada-familia-punto\/"]}]},{"@type":"ImageObject","inLanguage":"es","@id":"https:\/\/craftygenesindonesia.com\/es\/shop\/patrones-de-tricotado\/belen-de-la-sagrada-familia-punto\/#primaryimage","url":"https:\/\/craftygenesindonesia.com\/wp-content\/uploads\/2024\/09\/1-1.jpg","contentUrl":"https:\/\/craftygenesindonesia.com\/wp-content\/uploads\/2024\/09\/1-1.jpg","width":1080,"height":1080,"caption":"knitted nativity set, knitted holy family"},{"@type":"BreadcrumbList","@id":"https:\/\/craftygenesindonesia.com\/es\/shop\/patrones-de-tricotado\/belen-de-la-sagrada-familia-punto\/#breadcrumb","itemListElement":[{"@type":"ListItem","position":1,"name":"Home","item":"https:\/\/craftygenesindonesia.com\/es\/"},{"@type":"ListItem","position":2,"name":"Tienda de patrones","item":"https:\/\/craftygenesindonesia.com\/es\/tienda-de-patrones\/"},{"@type":"ListItem","position":3,"name":"Bel\u00e9n de la Sagrada Familia (punto)"}]},{"@type":"WebSite","@id":"https:\/\/craftygenesindonesia.com\/es\/#website","url":"https:\/\/craftygenesindonesia.com\/es\/","name":"Craftygenesindonesia","description":"","publisher":{"@id":"https:\/\/craftygenesindonesia.com\/es\/#organization"},"potentialAction":[{"@type":"SearchAction","target":{"@type":"EntryPoint","urlTemplate":"https:\/\/craftygenesindonesia.com\/es\/?s={search_term_string}"},"query-input":{"@type":"PropertyValueSpecification","valueRequired":true,"valueName":"search_term_string"}}],"inLanguage":"es"},{"@type":"Organization","@id":"https:\/\/craftygenesindonesia.com\/es\/#organization","name":"Craftygenesindonesia","url":"https:\/\/craftygenesindonesia.com\/es\/","logo":{"@type":"ImageObject","inLanguage":"es","@id":"https:\/\/craftygenesindonesia.com\/es\/#\/schema\/logo\/image\/","url":"https:\/\/craftygenesindonesia.com\/wp-content\/uploads\/2025\/11\/cropped-Copy-of-Craftygenesindonesia.jpg","contentUrl":"https:\/\/craftygenesindonesia.com\/wp-content\/uploads\/2025\/11\/cropped-Copy-of-Craftygenesindonesia.jpg","width":180,"height":60,"caption":"Craftygenesindonesia"},"image":{"@id":"https:\/\/craftygenesindonesia.com\/es\/#\/schema\/logo\/image\/"}}]}},"_links":{"self":[{"href":"https:\/\/craftygenesindonesia.com\/es\/wp-json\/wp\/v2\/product\/987520805","targetHints":{"allow":["GET"]}}],"collection":[{"href":"https:\/\/craftygenesindonesia.com\/es\/wp-json\/wp\/v2\/product"}],"about":[{"href":"https:\/\/craftygenesindonesia.com\/es\/wp-json\/wp\/v2\/types\/product"}],"replies":[{"embeddable":true,"href":"https:\/\/craftygenesindonesia.com\/es\/wp-json\/wp\/v2\/comments?post=987520805"}],"wp:featuredmedia":[{"embeddable":true,"href":"https:\/\/craftygenesindonesia.com\/es\/wp-json\/wp\/v2\/media\/987520786"}],"wp:attachment":[{"href":"https:\/\/craftygenesindonesia.com\/es\/wp-json\/wp\/v2\/media?parent=987520805"}],"wp:term":[{"taxonomy":"product_brand","embeddable":true,"href":"https:\/\/craftygenesindonesia.com\/es\/wp-json\/wp\/v2\/product_brand?post=987520805"},{"taxonomy":"product_cat","embeddable":true,"href":"https:\/\/craftygenesindonesia.com\/es\/wp-json\/wp\/v2\/product_cat?post=987520805"},{"taxonomy":"product_tag","embeddable":true,"href":"https:\/\/craftygenesindonesia.com\/es\/wp-json\/wp\/v2\/product_tag?post=987520805"}],"curies":[{"name":"wp","href":"https:\/\/api.w.org\/{rel}","templated":true}]}}