{"id":987520686,"date":"2024-09-14T12:31:14","date_gmt":"2024-09-14T04:31:14","guid":{"rendered":"https:\/\/craftygenesindonesia.com\/?post_type=product&#038;p=987520686"},"modified":"2026-03-23T11:06:37","modified_gmt":"2026-03-23T03:06:37","slug":"livina-edicion-de-otono","status":"publish","type":"product","link":"https:\/\/craftygenesindonesia.com\/es\/shop\/senoras-y-senores\/livina-es\/livina-edicion-de-otono\/","title":{"rendered":"Livina, edici\u00f3n de oto\u00f1o"},"content":{"rendered":"<p>Tama\u00f1o: 14x29x29cm\/ 5.5&#215;11.5&#215;11.5&#8243;.<\/p>\n<p>&nbsp;<\/p>\n<p>Hilo: este patr\u00f3n est\u00e1 hecho con hilo de peso &#8220;FINGERING&#8221; adecuado para amigurumi y una aguja de ganchillo de tama\u00f1o 2 mm<\/p>\n<p>&nbsp;<\/p>\n<p>Necesitar\u00e1s estos colores: color piel, crema, naranja claro, marr\u00f3n oscuro, granate, verde musgo, marr\u00f3n dorado, negro, blanco roto, beige claro, verde, amarillo, blanco, rojo, marr\u00f3n chocolate y terracota.<\/p>\n<p>&nbsp;<\/p>\n<p>Tambi\u00e9n necesitas: relleno, marcadores de puntos, tijeras, l\u00e1piz, regla, pegamento, alfileres de coser, cart\u00f3n de 5 mm de grosor**, ojos saltones de 5 mm de di\u00e1metro (2 unidades), 1 bastoncillo de algod\u00f3n, alambre de aluminio de 2 mm de grosor (o alambre floral)<\/p>\n<p><em>**El cart\u00f3n se utiliza en algunos de los elementos peque\u00f1os, como la seta y el barril. El cart\u00f3n del fondo y de la plataforma puede sustituirse por madera contrachapada. <\/em><\/p>\n<p>&nbsp;<\/p>\n<p>Aguja de ganchillo: 2mm<\/p>\n<p>&nbsp;<\/p>\n<p>Este patr\u00f3n es un patr\u00f3n escrito con un mont\u00f3n de fotos para ayudarle. Si tiene alguna pregunta, env\u00edeme un mensaje a: craftygenesindonesia@gmail.com<\/p>\n<p>&nbsp;<\/p>\n<p><strong>-Este patr\u00f3n es s\u00f3lo para uso personal y tiene un COPYRIGHT en \u00e9l. Por lo tanto, el patr\u00f3n no puede ser copiado, vendido, revendido, traducido, reclamado como su dise\u00f1o, distribuido, compartido, publicado, publicado en l\u00ednea en cualquier forma sin mi permiso. Ni siquiera una parte!<\/strong><\/p>\n<p>&nbsp;<\/p>\n<p><strong>-Puede vender el producto acabado en peque\u00f1as cantidades, PERO NO EL PROPIO PATR\u00d3N. Menciona que el patr\u00f3n es de Craftygenesindonesia y d\u00f3nde se puede comprar <\/strong><\/p>\n","protected":false},"excerpt":{"rendered":"<p>Este es el primero de mi nueva serie Livina. Aqu\u00ed est\u00e1 sentada en un banco, bebiendo su caf\u00e9 mientras est\u00e1 rodeada de calabazas, hojas, una simp\u00e1tica ara\u00f1a, &#8230; . Es un patr\u00f3n f\u00e1cil que simplemente debe tener si le gusta el oto\u00f1o.<\/p>\n","protected":false},"featured_media":987529942,"comment_status":"open","ping_status":"closed","template":"","meta":{"_acf_changed":false},"product_brand":[],"product_cat":[11881,3049],"product_tag":[12711,12718,12710,10573,11575,10572,12720,12724,12713,12726,12121,12716,12722,12721,12723,12709,11531,12712,12717],"class_list":{"0":"post-987520686","1":"product","2":"type-product","3":"status-publish","4":"has-post-thumbnail","6":"product_cat-livina-es","7":"product_cat-senoras-y-senores","8":"product_tag-bank-es","9":"product_tag-blad-es","10":"product_tag-boom-es","11":"product_tag-calabaza-es","12":"product_tag-calabaza","13":"product_tag-halloween-es","14":"product_tag-herfst-es","15":"product_tag-hoed-es","16":"product_tag-koffie-es","17":"product_tag-kop-es","18":"product_tag-lady-es","19":"product_tag-meisje-es","20":"product_tag-muur-es","21":"product_tag-najaar-es","22":"product_tag-paddenstoel-es","23":"product_tag-spin-es","24":"product_tag-taza-es","25":"product_tag-vat-es","26":"product_tag-zonnebloem-es","27":"pa_available_on-craftygenesindonesia","28":"pa_available_on-etsy","29":"pa_available_on-haked-nl","30":"pa_available_on-payhip","31":"pa_available_on-ravelry","32":"pa_languages-aleman","33":"pa_languages-espanol","34":"pa_languages-estados-unidos-ingles","35":"pa_languages-frances","36":"pa_languages-holandes","38":"first","39":"instock","40":"downloadable","41":"virtual","42":"purchasable","43":"product-type-simple"},"acf":[],"yoast_head":"<!-- This site is optimized with the Yoast SEO plugin v27.4 - https:\/\/yoast.com\/product\/yoast-seo-wordpress\/ -->\n<title>Livina, edici\u00f3n de oto\u00f1o patr\u00f3n de ganchillo - Craftygenesindonesia<\/title>\n<meta name=\"description\" content=\"Compra aqu\u00ed mi patr\u00f3n de ganchillo Livina, Edici\u00f3n Oto\u00f1o. El patr\u00f3n de ganchillo tambi\u00e9n est\u00e1 disponible en Etsy, Haked.nl, Ravelry, Payhip\" \/>\n<meta name=\"robots\" content=\"index, follow, max-snippet:-1, max-image-preview:large, max-video-preview:-1\" \/>\n<link rel=\"canonical\" href=\"https:\/\/craftygenesindonesia.com\/es\/shop\/senoras-y-senores\/livina-es\/livina-edicion-de-otono\/\" \/>\n<meta property=\"og:locale\" content=\"es_ES\" \/>\n<meta property=\"og:type\" content=\"article\" \/>\n<meta property=\"og:title\" content=\"Patr\u00f3n de ganchillo &quot;Livina, Edici\u00f3n Oto\u00f1o&quot;\" \/>\n<meta property=\"og:description\" content=\"Compra aqu\u00ed mi patr\u00f3n de ganchillo Livina, Edici\u00f3n Oto\u00f1o. El patr\u00f3n de ganchillo tambi\u00e9n est\u00e1 disponible en Etsy, Haked.nl, Ravelry, Payhip\" \/>\n<meta property=\"og:url\" content=\"https:\/\/craftygenesindonesia.com\/es\/shop\/senoras-y-senores\/livina-es\/livina-edicion-de-otono\/\" \/>\n<meta property=\"og:site_name\" content=\"Craftygenesindonesia\" \/>\n<meta property=\"article:modified_time\" content=\"2026-03-23T03:06:37+00:00\" \/>\n<meta property=\"og:image\" content=\"https:\/\/craftygenesindonesia.com\/wp-content\/uploads\/2024\/09\/Livina-Autumn-1.jpg\" \/>\n\t<meta property=\"og:image:width\" content=\"1080\" \/>\n\t<meta property=\"og:image:height\" content=\"1080\" \/>\n\t<meta property=\"og:image:type\" content=\"image\/jpeg\" \/>\n<meta name=\"twitter:card\" content=\"summary_large_image\" \/>\n<meta name=\"twitter:label1\" content=\"Tiempo de lectura\" \/>\n\t<meta name=\"twitter:data1\" content=\"2 minutos\" \/>\n<script type=\"application\/ld+json\" class=\"yoast-schema-graph\">{\"@context\":\"https:\\\/\\\/schema.org\",\"@graph\":[{\"@type\":\"WebPage\",\"@id\":\"https:\\\/\\\/craftygenesindonesia.com\\\/es\\\/shop\\\/senoras-y-senores\\\/livina-es\\\/livina-edicion-de-otono\\\/\",\"url\":\"https:\\\/\\\/craftygenesindonesia.com\\\/es\\\/shop\\\/senoras-y-senores\\\/livina-es\\\/livina-edicion-de-otono\\\/\",\"name\":\"Livina, edici\u00f3n de oto\u00f1o patr\u00f3n de ganchillo - Craftygenesindonesia\",\"isPartOf\":{\"@id\":\"https:\\\/\\\/craftygenesindonesia.com\\\/es\\\/#website\"},\"primaryImageOfPage\":{\"@id\":\"https:\\\/\\\/craftygenesindonesia.com\\\/es\\\/shop\\\/senoras-y-senores\\\/livina-es\\\/livina-edicion-de-otono\\\/#primaryimage\"},\"image\":{\"@id\":\"https:\\\/\\\/craftygenesindonesia.com\\\/es\\\/shop\\\/senoras-y-senores\\\/livina-es\\\/livina-edicion-de-otono\\\/#primaryimage\"},\"thumbnailUrl\":\"https:\\\/\\\/craftygenesindonesia.com\\\/wp-content\\\/uploads\\\/2024\\\/09\\\/Livina-Autumn-1.jpg\",\"datePublished\":\"2024-09-14T04:31:14+00:00\",\"dateModified\":\"2026-03-23T03:06:37+00:00\",\"description\":\"Compra aqu\u00ed mi patr\u00f3n de ganchillo Livina, Edici\u00f3n Oto\u00f1o. El patr\u00f3n de ganchillo tambi\u00e9n est\u00e1 disponible en Etsy, Haked.nl, Ravelry, Payhip\",\"breadcrumb\":{\"@id\":\"https:\\\/\\\/craftygenesindonesia.com\\\/es\\\/shop\\\/senoras-y-senores\\\/livina-es\\\/livina-edicion-de-otono\\\/#breadcrumb\"},\"inLanguage\":\"es\",\"potentialAction\":[{\"@type\":\"ReadAction\",\"target\":[\"https:\\\/\\\/craftygenesindonesia.com\\\/es\\\/shop\\\/senoras-y-senores\\\/livina-es\\\/livina-edicion-de-otono\\\/\"]}]},{\"@type\":\"ImageObject\",\"inLanguage\":\"es\",\"@id\":\"https:\\\/\\\/craftygenesindonesia.com\\\/es\\\/shop\\\/senoras-y-senores\\\/livina-es\\\/livina-edicion-de-otono\\\/#primaryimage\",\"url\":\"https:\\\/\\\/craftygenesindonesia.com\\\/wp-content\\\/uploads\\\/2024\\\/09\\\/Livina-Autumn-1.jpg\",\"contentUrl\":\"https:\\\/\\\/craftygenesindonesia.com\\\/wp-content\\\/uploads\\\/2024\\\/09\\\/Livina-Autumn-1.jpg\",\"width\":1080,\"height\":1080,\"caption\":\"crochet lady sitting on bench with coffee, surrounded by sunflowers, pumpkins, a barrel, leafs, mushrooms\"},{\"@type\":\"BreadcrumbList\",\"@id\":\"https:\\\/\\\/craftygenesindonesia.com\\\/es\\\/shop\\\/senoras-y-senores\\\/livina-es\\\/livina-edicion-de-otono\\\/#breadcrumb\",\"itemListElement\":[{\"@type\":\"ListItem\",\"position\":1,\"name\":\"Home\",\"item\":\"https:\\\/\\\/craftygenesindonesia.com\\\/es\\\/\"},{\"@type\":\"ListItem\",\"position\":2,\"name\":\"Tienda de patrones\",\"item\":\"https:\\\/\\\/craftygenesindonesia.com\\\/es\\\/tienda-de-patrones\\\/\"},{\"@type\":\"ListItem\",\"position\":3,\"name\":\"Livina, edici\u00f3n de oto\u00f1o\"}]},{\"@type\":\"WebSite\",\"@id\":\"https:\\\/\\\/craftygenesindonesia.com\\\/es\\\/#website\",\"url\":\"https:\\\/\\\/craftygenesindonesia.com\\\/es\\\/\",\"name\":\"Craftygenesindonesia\",\"description\":\"\",\"publisher\":{\"@id\":\"https:\\\/\\\/craftygenesindonesia.com\\\/es\\\/#organization\"},\"potentialAction\":[{\"@type\":\"SearchAction\",\"target\":{\"@type\":\"EntryPoint\",\"urlTemplate\":\"https:\\\/\\\/craftygenesindonesia.com\\\/es\\\/?s={search_term_string}\"},\"query-input\":{\"@type\":\"PropertyValueSpecification\",\"valueRequired\":true,\"valueName\":\"search_term_string\"}}],\"inLanguage\":\"es\"},{\"@type\":\"Organization\",\"@id\":\"https:\\\/\\\/craftygenesindonesia.com\\\/es\\\/#organization\",\"name\":\"Craftygenesindonesia\",\"url\":\"https:\\\/\\\/craftygenesindonesia.com\\\/es\\\/\",\"logo\":{\"@type\":\"ImageObject\",\"inLanguage\":\"es\",\"@id\":\"https:\\\/\\\/craftygenesindonesia.com\\\/es\\\/#\\\/schema\\\/logo\\\/image\\\/\",\"url\":\"https:\\\/\\\/craftygenesindonesia.com\\\/wp-content\\\/uploads\\\/2025\\\/11\\\/cropped-Copy-of-Craftygenesindonesia.jpg\",\"contentUrl\":\"https:\\\/\\\/craftygenesindonesia.com\\\/wp-content\\\/uploads\\\/2025\\\/11\\\/cropped-Copy-of-Craftygenesindonesia.jpg\",\"width\":180,\"height\":60,\"caption\":\"Craftygenesindonesia\"},\"image\":{\"@id\":\"https:\\\/\\\/craftygenesindonesia.com\\\/es\\\/#\\\/schema\\\/logo\\\/image\\\/\"}}]}<\/script>\n<!-- \/ Yoast SEO plugin. -->","yoast_head_json":{"title":"Livina, edici\u00f3n de oto\u00f1o patr\u00f3n de ganchillo - Craftygenesindonesia","description":"Compra aqu\u00ed mi patr\u00f3n de ganchillo Livina, Edici\u00f3n Oto\u00f1o. El patr\u00f3n de ganchillo tambi\u00e9n est\u00e1 disponible en Etsy, Haked.nl, Ravelry, Payhip","robots":{"index":"index","follow":"follow","max-snippet":"max-snippet:-1","max-image-preview":"max-image-preview:large","max-video-preview":"max-video-preview:-1"},"canonical":"https:\/\/craftygenesindonesia.com\/es\/shop\/senoras-y-senores\/livina-es\/livina-edicion-de-otono\/","og_locale":"es_ES","og_type":"article","og_title":"Patr\u00f3n de ganchillo \"Livina, Edici\u00f3n Oto\u00f1o\"","og_description":"Compra aqu\u00ed mi patr\u00f3n de ganchillo Livina, Edici\u00f3n Oto\u00f1o. El patr\u00f3n de ganchillo tambi\u00e9n est\u00e1 disponible en Etsy, Haked.nl, Ravelry, Payhip","og_url":"https:\/\/craftygenesindonesia.com\/es\/shop\/senoras-y-senores\/livina-es\/livina-edicion-de-otono\/","og_site_name":"Craftygenesindonesia","article_modified_time":"2026-03-23T03:06:37+00:00","og_image":[{"width":1080,"height":1080,"url":"https:\/\/craftygenesindonesia.com\/wp-content\/uploads\/2024\/09\/Livina-Autumn-1.jpg","type":"image\/jpeg"}],"twitter_card":"summary_large_image","twitter_misc":{"Tiempo de lectura":"2 minutos"},"schema":{"@context":"https:\/\/schema.org","@graph":[{"@type":"WebPage","@id":"https:\/\/craftygenesindonesia.com\/es\/shop\/senoras-y-senores\/livina-es\/livina-edicion-de-otono\/","url":"https:\/\/craftygenesindonesia.com\/es\/shop\/senoras-y-senores\/livina-es\/livina-edicion-de-otono\/","name":"Livina, edici\u00f3n de oto\u00f1o patr\u00f3n de ganchillo - Craftygenesindonesia","isPartOf":{"@id":"https:\/\/craftygenesindonesia.com\/es\/#website"},"primaryImageOfPage":{"@id":"https:\/\/craftygenesindonesia.com\/es\/shop\/senoras-y-senores\/livina-es\/livina-edicion-de-otono\/#primaryimage"},"image":{"@id":"https:\/\/craftygenesindonesia.com\/es\/shop\/senoras-y-senores\/livina-es\/livina-edicion-de-otono\/#primaryimage"},"thumbnailUrl":"https:\/\/craftygenesindonesia.com\/wp-content\/uploads\/2024\/09\/Livina-Autumn-1.jpg","datePublished":"2024-09-14T04:31:14+00:00","dateModified":"2026-03-23T03:06:37+00:00","description":"Compra aqu\u00ed mi patr\u00f3n de ganchillo Livina, Edici\u00f3n Oto\u00f1o. El patr\u00f3n de ganchillo tambi\u00e9n est\u00e1 disponible en Etsy, Haked.nl, Ravelry, Payhip","breadcrumb":{"@id":"https:\/\/craftygenesindonesia.com\/es\/shop\/senoras-y-senores\/livina-es\/livina-edicion-de-otono\/#breadcrumb"},"inLanguage":"es","potentialAction":[{"@type":"ReadAction","target":["https:\/\/craftygenesindonesia.com\/es\/shop\/senoras-y-senores\/livina-es\/livina-edicion-de-otono\/"]}]},{"@type":"ImageObject","inLanguage":"es","@id":"https:\/\/craftygenesindonesia.com\/es\/shop\/senoras-y-senores\/livina-es\/livina-edicion-de-otono\/#primaryimage","url":"https:\/\/craftygenesindonesia.com\/wp-content\/uploads\/2024\/09\/Livina-Autumn-1.jpg","contentUrl":"https:\/\/craftygenesindonesia.com\/wp-content\/uploads\/2024\/09\/Livina-Autumn-1.jpg","width":1080,"height":1080,"caption":"crochet lady sitting on bench with coffee, surrounded by sunflowers, pumpkins, a barrel, leafs, mushrooms"},{"@type":"BreadcrumbList","@id":"https:\/\/craftygenesindonesia.com\/es\/shop\/senoras-y-senores\/livina-es\/livina-edicion-de-otono\/#breadcrumb","itemListElement":[{"@type":"ListItem","position":1,"name":"Home","item":"https:\/\/craftygenesindonesia.com\/es\/"},{"@type":"ListItem","position":2,"name":"Tienda de patrones","item":"https:\/\/craftygenesindonesia.com\/es\/tienda-de-patrones\/"},{"@type":"ListItem","position":3,"name":"Livina, edici\u00f3n de oto\u00f1o"}]},{"@type":"WebSite","@id":"https:\/\/craftygenesindonesia.com\/es\/#website","url":"https:\/\/craftygenesindonesia.com\/es\/","name":"Craftygenesindonesia","description":"","publisher":{"@id":"https:\/\/craftygenesindonesia.com\/es\/#organization"},"potentialAction":[{"@type":"SearchAction","target":{"@type":"EntryPoint","urlTemplate":"https:\/\/craftygenesindonesia.com\/es\/?s={search_term_string}"},"query-input":{"@type":"PropertyValueSpecification","valueRequired":true,"valueName":"search_term_string"}}],"inLanguage":"es"},{"@type":"Organization","@id":"https:\/\/craftygenesindonesia.com\/es\/#organization","name":"Craftygenesindonesia","url":"https:\/\/craftygenesindonesia.com\/es\/","logo":{"@type":"ImageObject","inLanguage":"es","@id":"https:\/\/craftygenesindonesia.com\/es\/#\/schema\/logo\/image\/","url":"https:\/\/craftygenesindonesia.com\/wp-content\/uploads\/2025\/11\/cropped-Copy-of-Craftygenesindonesia.jpg","contentUrl":"https:\/\/craftygenesindonesia.com\/wp-content\/uploads\/2025\/11\/cropped-Copy-of-Craftygenesindonesia.jpg","width":180,"height":60,"caption":"Craftygenesindonesia"},"image":{"@id":"https:\/\/craftygenesindonesia.com\/es\/#\/schema\/logo\/image\/"}}]}},"_links":{"self":[{"href":"https:\/\/craftygenesindonesia.com\/es\/wp-json\/wp\/v2\/product\/987520686","targetHints":{"allow":["GET"]}}],"collection":[{"href":"https:\/\/craftygenesindonesia.com\/es\/wp-json\/wp\/v2\/product"}],"about":[{"href":"https:\/\/craftygenesindonesia.com\/es\/wp-json\/wp\/v2\/types\/product"}],"replies":[{"embeddable":true,"href":"https:\/\/craftygenesindonesia.com\/es\/wp-json\/wp\/v2\/comments?post=987520686"}],"wp:featuredmedia":[{"embeddable":true,"href":"https:\/\/craftygenesindonesia.com\/es\/wp-json\/wp\/v2\/media\/987529942"}],"wp:attachment":[{"href":"https:\/\/craftygenesindonesia.com\/es\/wp-json\/wp\/v2\/media?parent=987520686"}],"wp:term":[{"taxonomy":"product_brand","embeddable":true,"href":"https:\/\/craftygenesindonesia.com\/es\/wp-json\/wp\/v2\/product_brand?post=987520686"},{"taxonomy":"product_cat","embeddable":true,"href":"https:\/\/craftygenesindonesia.com\/es\/wp-json\/wp\/v2\/product_cat?post=987520686"},{"taxonomy":"product_tag","embeddable":true,"href":"https:\/\/craftygenesindonesia.com\/es\/wp-json\/wp\/v2\/product_tag?post=987520686"}],"curies":[{"name":"wp","href":"https:\/\/api.w.org\/{rel}","templated":true}]}}