{"id":987520430,"date":"2024-08-30T12:30:43","date_gmt":"2024-08-30T04:30:43","guid":{"rendered":"https:\/\/craftygenesindonesia.com\/?post_type=product&#038;p=987520430"},"modified":"2026-03-23T11:09:22","modified_gmt":"2026-03-23T03:09:22","slug":"for-all-our-guardian-ladies-tejido","status":"publish","type":"product","link":"https:\/\/craftygenesindonesia.com\/es\/shop\/patrones-de-tricotado\/for-all-our-guardian-ladies-tejido\/","title":{"rendered":"For All Our Guardian Ladies (tejido)"},"content":{"rendered":"<p>Tama\u00f1o: cada dama mide 27,5 cm de alto (ser\u00e1n un 15% m\u00e1s peque\u00f1as si usas hilo de peso \u00abdigitaci\u00f3n\u00bb como Catona)<\/p>\n<p>Hilo: Hilo de peso DK (como Scheepjes Softfun) en estos colores: color piel, blanco, marr\u00f3n, negro, beige, marr\u00f3n oscuro, azul, azul claro, gris, rojo<\/p>\n<p>Agujas de tricotar: agujas rectas de 2,5 mm<\/p>\n<p>Tambi\u00e9n necesitar\u00e1s: relleno, aguja de zurcir, tijeras, l\u00e1piz, regla, pegamento, alambre de aluminio de 1,5 mm de grosor (de florister\u00eda), cutters, cart\u00f3n de 5 mm de grosor, dos botones negros de 12 mm u ojos de mu\u00f1eca con la parte trasera plana, 3 bastoncillos de algod\u00f3n (para asegurarte de que las cabezas no se caen), un trozo de fieltro (el color no es importante porque es para la parte inferior de la plataforma que nadie ve), alfileres para la cabeza<\/p>\n<p>&nbsp;<\/p>\n<p>Este patr\u00f3n es un patr\u00f3n escrito con un mont\u00f3n de fotos para ayudarle. Si tiene alguna pregunta, env\u00edeme un mensaje a: craftygenesindonesia@gmail.com<\/p>\n<p><strong>-Este patr\u00f3n es s\u00f3lo para uso personal y tiene un COPYRIGHT en \u00e9l. Por lo tanto, el patr\u00f3n no puede ser copiado, vendido, revendido, traducido, reclamado como su dise\u00f1o, distribuido, compartido, publicado, publicado en l\u00ednea en cualquier forma sin mi permiso. Ni siquiera una parte!<\/strong><\/p>\n<p><strong>-Puede vender el producto acabado en peque\u00f1as cantidades, PERO NO EL PROPIO PATR\u00d3N. Menciona que el patr\u00f3n es de Craftygenesindonesia y d\u00f3nde se puede comprar<\/strong><\/p>\n","protected":false},"excerpt":{"rendered":"<p>Este patr\u00f3n de tejer es ideal para aquellos que quieren honrar a las muchas mujeres que sirven o han servido. Es un patr\u00f3n f\u00e1cil de tejer hecho con agujas de tejer rectas solamente.<\/p>\n","protected":false},"featured_media":987520423,"comment_status":"open","ping_status":"closed","template":"","meta":{"_acf_changed":false},"product_brand":[],"product_cat":[10143,3042],"product_tag":[10520,10518,10514,10516,10256,10158,10159,10517,10521,9778,10160,10519,10515],"class_list":{"0":"post-987520430","1":"product","2":"type-product","3":"status-publish","4":"has-post-thumbnail","6":"product_cat-militar","7":"product_cat-patrones-de-tricotado","8":"product_tag-amapola-es","9":"product_tag-armada","10":"product_tag-dia-de-la-memoria","11":"product_tag-dia-de-los-caidos","12":"product_tag-dia-del-armisticio","13":"product_tag-ejercito","14":"product_tag-ejercito-del-aire","15":"product_tag-marina-es","16":"product_tag-marinero-es","17":"product_tag-memorial-es","18":"product_tag-militar-es","19":"product_tag-piloto-es","20":"product_tag-soldado-es","21":"pa_available_on-craftygenesindonesia","22":"pa_available_on-etsy","23":"pa_available_on-haked-nl","24":"pa_available_on-payhip","25":"pa_available_on-ravelry","26":"pa_languages-espanol","27":"pa_languages-estados-unidos-ingles","28":"pa_languages-frances","29":"pa_languages-holandes","31":"first","32":"instock","33":"downloadable","34":"virtual","35":"purchasable","36":"product-type-simple"},"acf":[],"yoast_head":"<!-- This site is optimized with the Yoast SEO plugin v27.4 - https:\/\/yoast.com\/product\/yoast-seo-wordpress\/ -->\n<title>For All Our Guardian Ladies (tejido) - Craftygenesindonesia<\/title>\n<meta name=\"description\" content=\"Compra aqu\u00ed mi patr\u00f3n de punto militar \u00abFor All Our Guardian Ladies\u00bb. El patr\u00f3n de punto tambi\u00e9n est\u00e1 disponible en Etsy, Haked,nl, Ravelry\" \/>\n<meta name=\"robots\" content=\"index, follow, max-snippet:-1, max-image-preview:large, max-video-preview:-1\" \/>\n<link rel=\"canonical\" href=\"https:\/\/craftygenesindonesia.com\/es\/shop\/patrones-de-tricotado\/for-all-our-guardian-ladies-tejido\/\" \/>\n<meta property=\"og:locale\" content=\"es_ES\" \/>\n<meta property=\"og:type\" content=\"article\" \/>\n<meta property=\"og:title\" content=\"&quot;For All Our Guardian Ladies&quot; patr\u00f3n de tejido militar\" \/>\n<meta property=\"og:description\" content=\"Compra aqu\u00ed mi patr\u00f3n de punto militar \u00abFor All Our Guardian Ladies\u00bb. El patr\u00f3n de punto tambi\u00e9n est\u00e1 disponible en Etsy, Haked,nl, Ravelry\" \/>\n<meta property=\"og:url\" content=\"https:\/\/craftygenesindonesia.com\/es\/shop\/patrones-de-tricotado\/for-all-our-guardian-ladies-tejido\/\" \/>\n<meta property=\"og:site_name\" content=\"Craftygenesindonesia\" \/>\n<meta property=\"article:modified_time\" content=\"2026-03-23T03:09:22+00:00\" \/>\n<meta property=\"og:image\" content=\"https:\/\/craftygenesindonesia.com\/wp-content\/uploads\/2024\/08\/For-All-Our-Guardian-Ladies-300x300.jpg\" \/>\n<meta name=\"twitter:card\" content=\"summary_large_image\" \/>\n<meta name=\"twitter:label1\" content=\"Tiempo de lectura\" \/>\n\t<meta name=\"twitter:data1\" content=\"2 minutos\" \/>\n<script type=\"application\/ld+json\" class=\"yoast-schema-graph\">{\"@context\":\"https:\\\/\\\/schema.org\",\"@graph\":[{\"@type\":\"WebPage\",\"@id\":\"https:\\\/\\\/craftygenesindonesia.com\\\/es\\\/shop\\\/patrones-de-tricotado\\\/for-all-our-guardian-ladies-tejido\\\/\",\"url\":\"https:\\\/\\\/craftygenesindonesia.com\\\/es\\\/shop\\\/patrones-de-tricotado\\\/for-all-our-guardian-ladies-tejido\\\/\",\"name\":\"For All Our Guardian Ladies (tejido) - Craftygenesindonesia\",\"isPartOf\":{\"@id\":\"https:\\\/\\\/craftygenesindonesia.com\\\/es\\\/#website\"},\"primaryImageOfPage\":{\"@id\":\"https:\\\/\\\/craftygenesindonesia.com\\\/es\\\/shop\\\/patrones-de-tricotado\\\/for-all-our-guardian-ladies-tejido\\\/#primaryimage\"},\"image\":{\"@id\":\"https:\\\/\\\/craftygenesindonesia.com\\\/es\\\/shop\\\/patrones-de-tricotado\\\/for-all-our-guardian-ladies-tejido\\\/#primaryimage\"},\"thumbnailUrl\":\"https:\\\/\\\/craftygenesindonesia.com\\\/wp-content\\\/uploads\\\/2024\\\/08\\\/For-All-Our-Guardian-Ladies.jpg\",\"datePublished\":\"2024-08-30T04:30:43+00:00\",\"dateModified\":\"2026-03-23T03:09:22+00:00\",\"description\":\"Compra aqu\u00ed mi patr\u00f3n de punto militar \u00abFor All Our Guardian Ladies\u00bb. El patr\u00f3n de punto tambi\u00e9n est\u00e1 disponible en Etsy, Haked,nl, Ravelry\",\"breadcrumb\":{\"@id\":\"https:\\\/\\\/craftygenesindonesia.com\\\/es\\\/shop\\\/patrones-de-tricotado\\\/for-all-our-guardian-ladies-tejido\\\/#breadcrumb\"},\"inLanguage\":\"es\",\"potentialAction\":[{\"@type\":\"ReadAction\",\"target\":[\"https:\\\/\\\/craftygenesindonesia.com\\\/es\\\/shop\\\/patrones-de-tricotado\\\/for-all-our-guardian-ladies-tejido\\\/\"]}]},{\"@type\":\"ImageObject\",\"inLanguage\":\"es\",\"@id\":\"https:\\\/\\\/craftygenesindonesia.com\\\/es\\\/shop\\\/patrones-de-tricotado\\\/for-all-our-guardian-ladies-tejido\\\/#primaryimage\",\"url\":\"https:\\\/\\\/craftygenesindonesia.com\\\/wp-content\\\/uploads\\\/2024\\\/08\\\/For-All-Our-Guardian-Ladies.jpg\",\"contentUrl\":\"https:\\\/\\\/craftygenesindonesia.com\\\/wp-content\\\/uploads\\\/2024\\\/08\\\/For-All-Our-Guardian-Ladies.jpg\",\"width\":1080,\"height\":1080,\"caption\":\"knitted soldier, knitted pilot, knitted sailor, knitted poppy\"},{\"@type\":\"BreadcrumbList\",\"@id\":\"https:\\\/\\\/craftygenesindonesia.com\\\/es\\\/shop\\\/patrones-de-tricotado\\\/for-all-our-guardian-ladies-tejido\\\/#breadcrumb\",\"itemListElement\":[{\"@type\":\"ListItem\",\"position\":1,\"name\":\"Home\",\"item\":\"https:\\\/\\\/craftygenesindonesia.com\\\/es\\\/\"},{\"@type\":\"ListItem\",\"position\":2,\"name\":\"Tienda de patrones\",\"item\":\"https:\\\/\\\/craftygenesindonesia.com\\\/es\\\/tienda-de-patrones\\\/\"},{\"@type\":\"ListItem\",\"position\":3,\"name\":\"For All Our Guardian Ladies (tejido)\"}]},{\"@type\":\"WebSite\",\"@id\":\"https:\\\/\\\/craftygenesindonesia.com\\\/es\\\/#website\",\"url\":\"https:\\\/\\\/craftygenesindonesia.com\\\/es\\\/\",\"name\":\"Craftygenesindonesia\",\"description\":\"\",\"publisher\":{\"@id\":\"https:\\\/\\\/craftygenesindonesia.com\\\/es\\\/#organization\"},\"potentialAction\":[{\"@type\":\"SearchAction\",\"target\":{\"@type\":\"EntryPoint\",\"urlTemplate\":\"https:\\\/\\\/craftygenesindonesia.com\\\/es\\\/?s={search_term_string}\"},\"query-input\":{\"@type\":\"PropertyValueSpecification\",\"valueRequired\":true,\"valueName\":\"search_term_string\"}}],\"inLanguage\":\"es\"},{\"@type\":\"Organization\",\"@id\":\"https:\\\/\\\/craftygenesindonesia.com\\\/es\\\/#organization\",\"name\":\"Craftygenesindonesia\",\"url\":\"https:\\\/\\\/craftygenesindonesia.com\\\/es\\\/\",\"logo\":{\"@type\":\"ImageObject\",\"inLanguage\":\"es\",\"@id\":\"https:\\\/\\\/craftygenesindonesia.com\\\/es\\\/#\\\/schema\\\/logo\\\/image\\\/\",\"url\":\"https:\\\/\\\/craftygenesindonesia.com\\\/wp-content\\\/uploads\\\/2025\\\/11\\\/cropped-Copy-of-Craftygenesindonesia.jpg\",\"contentUrl\":\"https:\\\/\\\/craftygenesindonesia.com\\\/wp-content\\\/uploads\\\/2025\\\/11\\\/cropped-Copy-of-Craftygenesindonesia.jpg\",\"width\":180,\"height\":60,\"caption\":\"Craftygenesindonesia\"},\"image\":{\"@id\":\"https:\\\/\\\/craftygenesindonesia.com\\\/es\\\/#\\\/schema\\\/logo\\\/image\\\/\"}}]}<\/script>\n<!-- \/ Yoast SEO plugin. -->","yoast_head_json":{"title":"For All Our Guardian Ladies (tejido) - Craftygenesindonesia","description":"Compra aqu\u00ed mi patr\u00f3n de punto militar \u00abFor All Our Guardian Ladies\u00bb. El patr\u00f3n de punto tambi\u00e9n est\u00e1 disponible en Etsy, Haked,nl, Ravelry","robots":{"index":"index","follow":"follow","max-snippet":"max-snippet:-1","max-image-preview":"max-image-preview:large","max-video-preview":"max-video-preview:-1"},"canonical":"https:\/\/craftygenesindonesia.com\/es\/shop\/patrones-de-tricotado\/for-all-our-guardian-ladies-tejido\/","og_locale":"es_ES","og_type":"article","og_title":"\"For All Our Guardian Ladies\" patr\u00f3n de tejido militar","og_description":"Compra aqu\u00ed mi patr\u00f3n de punto militar \u00abFor All Our Guardian Ladies\u00bb. El patr\u00f3n de punto tambi\u00e9n est\u00e1 disponible en Etsy, Haked,nl, Ravelry","og_url":"https:\/\/craftygenesindonesia.com\/es\/shop\/patrones-de-tricotado\/for-all-our-guardian-ladies-tejido\/","og_site_name":"Craftygenesindonesia","article_modified_time":"2026-03-23T03:09:22+00:00","og_image":[{"url":"https:\/\/craftygenesindonesia.com\/wp-content\/uploads\/2024\/08\/For-All-Our-Guardian-Ladies-300x300.jpg","type":"","width":"","height":""}],"twitter_card":"summary_large_image","twitter_misc":{"Tiempo de lectura":"2 minutos"},"schema":{"@context":"https:\/\/schema.org","@graph":[{"@type":"WebPage","@id":"https:\/\/craftygenesindonesia.com\/es\/shop\/patrones-de-tricotado\/for-all-our-guardian-ladies-tejido\/","url":"https:\/\/craftygenesindonesia.com\/es\/shop\/patrones-de-tricotado\/for-all-our-guardian-ladies-tejido\/","name":"For All Our Guardian Ladies (tejido) - Craftygenesindonesia","isPartOf":{"@id":"https:\/\/craftygenesindonesia.com\/es\/#website"},"primaryImageOfPage":{"@id":"https:\/\/craftygenesindonesia.com\/es\/shop\/patrones-de-tricotado\/for-all-our-guardian-ladies-tejido\/#primaryimage"},"image":{"@id":"https:\/\/craftygenesindonesia.com\/es\/shop\/patrones-de-tricotado\/for-all-our-guardian-ladies-tejido\/#primaryimage"},"thumbnailUrl":"https:\/\/craftygenesindonesia.com\/wp-content\/uploads\/2024\/08\/For-All-Our-Guardian-Ladies.jpg","datePublished":"2024-08-30T04:30:43+00:00","dateModified":"2026-03-23T03:09:22+00:00","description":"Compra aqu\u00ed mi patr\u00f3n de punto militar \u00abFor All Our Guardian Ladies\u00bb. El patr\u00f3n de punto tambi\u00e9n est\u00e1 disponible en Etsy, Haked,nl, Ravelry","breadcrumb":{"@id":"https:\/\/craftygenesindonesia.com\/es\/shop\/patrones-de-tricotado\/for-all-our-guardian-ladies-tejido\/#breadcrumb"},"inLanguage":"es","potentialAction":[{"@type":"ReadAction","target":["https:\/\/craftygenesindonesia.com\/es\/shop\/patrones-de-tricotado\/for-all-our-guardian-ladies-tejido\/"]}]},{"@type":"ImageObject","inLanguage":"es","@id":"https:\/\/craftygenesindonesia.com\/es\/shop\/patrones-de-tricotado\/for-all-our-guardian-ladies-tejido\/#primaryimage","url":"https:\/\/craftygenesindonesia.com\/wp-content\/uploads\/2024\/08\/For-All-Our-Guardian-Ladies.jpg","contentUrl":"https:\/\/craftygenesindonesia.com\/wp-content\/uploads\/2024\/08\/For-All-Our-Guardian-Ladies.jpg","width":1080,"height":1080,"caption":"knitted soldier, knitted pilot, knitted sailor, knitted poppy"},{"@type":"BreadcrumbList","@id":"https:\/\/craftygenesindonesia.com\/es\/shop\/patrones-de-tricotado\/for-all-our-guardian-ladies-tejido\/#breadcrumb","itemListElement":[{"@type":"ListItem","position":1,"name":"Home","item":"https:\/\/craftygenesindonesia.com\/es\/"},{"@type":"ListItem","position":2,"name":"Tienda de patrones","item":"https:\/\/craftygenesindonesia.com\/es\/tienda-de-patrones\/"},{"@type":"ListItem","position":3,"name":"For All Our Guardian Ladies (tejido)"}]},{"@type":"WebSite","@id":"https:\/\/craftygenesindonesia.com\/es\/#website","url":"https:\/\/craftygenesindonesia.com\/es\/","name":"Craftygenesindonesia","description":"","publisher":{"@id":"https:\/\/craftygenesindonesia.com\/es\/#organization"},"potentialAction":[{"@type":"SearchAction","target":{"@type":"EntryPoint","urlTemplate":"https:\/\/craftygenesindonesia.com\/es\/?s={search_term_string}"},"query-input":{"@type":"PropertyValueSpecification","valueRequired":true,"valueName":"search_term_string"}}],"inLanguage":"es"},{"@type":"Organization","@id":"https:\/\/craftygenesindonesia.com\/es\/#organization","name":"Craftygenesindonesia","url":"https:\/\/craftygenesindonesia.com\/es\/","logo":{"@type":"ImageObject","inLanguage":"es","@id":"https:\/\/craftygenesindonesia.com\/es\/#\/schema\/logo\/image\/","url":"https:\/\/craftygenesindonesia.com\/wp-content\/uploads\/2025\/11\/cropped-Copy-of-Craftygenesindonesia.jpg","contentUrl":"https:\/\/craftygenesindonesia.com\/wp-content\/uploads\/2025\/11\/cropped-Copy-of-Craftygenesindonesia.jpg","width":180,"height":60,"caption":"Craftygenesindonesia"},"image":{"@id":"https:\/\/craftygenesindonesia.com\/es\/#\/schema\/logo\/image\/"}}]}},"_links":{"self":[{"href":"https:\/\/craftygenesindonesia.com\/es\/wp-json\/wp\/v2\/product\/987520430","targetHints":{"allow":["GET"]}}],"collection":[{"href":"https:\/\/craftygenesindonesia.com\/es\/wp-json\/wp\/v2\/product"}],"about":[{"href":"https:\/\/craftygenesindonesia.com\/es\/wp-json\/wp\/v2\/types\/product"}],"replies":[{"embeddable":true,"href":"https:\/\/craftygenesindonesia.com\/es\/wp-json\/wp\/v2\/comments?post=987520430"}],"wp:featuredmedia":[{"embeddable":true,"href":"https:\/\/craftygenesindonesia.com\/es\/wp-json\/wp\/v2\/media\/987520423"}],"wp:attachment":[{"href":"https:\/\/craftygenesindonesia.com\/es\/wp-json\/wp\/v2\/media?parent=987520430"}],"wp:term":[{"taxonomy":"product_brand","embeddable":true,"href":"https:\/\/craftygenesindonesia.com\/es\/wp-json\/wp\/v2\/product_brand?post=987520430"},{"taxonomy":"product_cat","embeddable":true,"href":"https:\/\/craftygenesindonesia.com\/es\/wp-json\/wp\/v2\/product_cat?post=987520430"},{"taxonomy":"product_tag","embeddable":true,"href":"https:\/\/craftygenesindonesia.com\/es\/wp-json\/wp\/v2\/product_tag?post=987520430"}],"curies":[{"name":"wp","href":"https:\/\/api.w.org\/{rel}","templated":true}]}}