{"id":987519423,"date":"2024-07-27T14:07:15","date_gmt":"2024-07-27T06:07:15","guid":{"rendered":"https:\/\/craftygenesindonesia.com\/?post_type=product&#038;p=987519423"},"modified":"2026-03-23T11:12:47","modified_gmt":"2026-03-23T03:12:47","slug":"tarta-de-cumpleanos","status":"publish","type":"product","link":"https:\/\/craftygenesindonesia.com\/es\/shop\/3d\/tarta-de-cumpleanos\/","title":{"rendered":"Tarta de cumplea\u00f1os"},"content":{"rendered":"<p>Tarta de cumplea\u00f1os<\/p>\n<p>Tipo de archivo : patr\u00f3n de ganchillo &#8211; descarga digital, no es un art\u00edculo f\u00edsico<br \/>\n<strong>Idiomas disponibles: ingl\u00e9s, neerland\u00e9s, franc\u00e9s, espa\u00f1ol, italiano, alem\u00e1n.<\/strong><\/p>\n<p>Tama\u00f1o del art\u00edculo terminado: 28 x 28 x 28 cm \/ 11 x 11 x 11 pulgadas<br \/>\nTipo de hilo: hilo de grosor \u00abfingering\u00bb = tama\u00f1o 3<\/p>\n<p>Marcas recomendadas: Catona de Scheepjes, Durable Coral, &#8230;<br \/>\nColores de hilo necesarios: rosa claro, turquesa claro, rosa, hilo multicolor**, marr\u00f3n, blanco roto, beige, morado claro, rosa oscuro.<br \/>\n**Mi hilo multicolor es una mezcla de: blanco, amarillo, naranja claro, rosa claro y turquesa claro.<\/p>\n<p>Tama\u00f1o de la aguja de ganchillo: 2 mm<\/p>\n<p>Otras cosas que necesitas: relleno, tijeras, l\u00e1piz, regla, pegamento, palillo de madera fino, cart\u00f3n de 5 mm de grosor, alfileres de costura, marcadores de puntos, l\u00e1mina de fieltro, vela LED (3,5 mm de di\u00e1metro), cartel de pl\u00e1stico con la inscripci\u00f3n \u00abFeliz cumplea\u00f1os\u00bb, molde de poliestireno para tartas (teje la tarta antes de comprar el molde para asegurarte de que encaja).<\/p>\n<p><strong>Informaci\u00f3n sobre derechos de autor y ayuda:<\/strong><br \/>\nEste patr\u00f3n es un patr\u00f3n escrito (digital) con muchas im\u00e1genes para ayudarte. Si tienes preguntas sobre el patr\u00f3n, env\u00edame un correo electr\u00f3nico a craftygenesindonesia@gmail.com<\/p>\n<p><strong>Este patr\u00f3n digital de ganchillo es s\u00f3lo para uso personal y tiene copyright. Por lo tanto, usted no puede copiar, vender, revender, traducir, reclamar como su propio dise\u00f1o, distribuir, compartir, publicar, publicar s\u00f3lo, &#8230; de cualquier manera o forma sin mi permiso. \u00a1Ni siquiera una parte!<\/strong><\/p>\n<p><strong>Puedes vender el producto acabado o el art\u00edculo, en peque\u00f1as cantidades, pero no puedes vender el patr\u00f3n de ganchillo en s\u00ed. Menciona que el patr\u00f3n de ganchillo es m\u00edo, de Craftygenesindonesia, y d\u00f3nde se puede comprar.<\/strong><\/p>\n","protected":false},"excerpt":{"rendered":"<p>Este es un patr\u00f3n de ganchillo divertido y f\u00e1cil de seguir para una preciosa tarta de cumplea\u00f1os con donuts, magdalenas, bombones, macarrones, helados, &#8230; . \u00a1Una forma estupenda de celebrarlo sin tener que vigilar el peso!<\/p>\n","protected":false},"featured_media":987530316,"comment_status":"open","ping_status":"closed","template":"","meta":{"_acf_changed":false},"product_brand":[],"product_cat":[3031],"product_tag":[10453,10452,10444,10448,10445,11098,10451,12120,10450,10447,10454,11077,10446],"class_list":{"0":"post-987519423","1":"product","2":"type-product","3":"status-publish","4":"has-post-thumbnail","6":"product_cat-3d","7":"product_tag-bizcocho","8":"product_tag-bombon","9":"product_tag-caramelo","10":"product_tag-cono-de-helado","11":"product_tag-cumpleanos","12":"product_tag-donut-es","13":"product_tag-esmalte","14":"product_tag-gift-es","15":"product_tag-glaseado","16":"product_tag-helado","17":"product_tag-macarrones","18":"product_tag-magdalena-es-2","19":"product_tag-tarta","20":"pa_available_on-craftygenesindonesia","21":"pa_available_on-etsy","22":"pa_available_on-haked-nl","23":"pa_available_on-payhip","24":"pa_available_on-ravelry","25":"pa_languages-aleman","26":"pa_languages-espanol","27":"pa_languages-estados-unidos-ingles","28":"pa_languages-frances","29":"pa_languages-holandes","30":"pa_languages-italiano","32":"first","33":"instock","34":"downloadable","35":"virtual","36":"purchasable","37":"product-type-simple"},"acf":[],"yoast_head":"<!-- This site is optimized with the Yoast SEO plugin v27.4 - https:\/\/yoast.com\/product\/yoast-seo-wordpress\/ -->\n<title>Tarta de cumplea\u00f1os patr\u00f3n de ganchillo - Craftygenesindonesia<\/title>\n<meta name=\"description\" content=\"Compra aqu\u00ed mi patr\u00f3n de ganchillo &quot;Tarta de cumplea\u00f1os&quot;. El patr\u00f3n de ganchillo f\u00e1cil tambi\u00e9n est\u00e1 disponible en Haked.nl, Etsy, Ravelry y Payhip.\" \/>\n<meta name=\"robots\" content=\"index, follow, max-snippet:-1, max-image-preview:large, max-video-preview:-1\" \/>\n<link rel=\"canonical\" href=\"https:\/\/craftygenesindonesia.com\/es\/shop\/3d\/tarta-de-cumpleanos\/\" \/>\n<meta property=\"og:locale\" content=\"es_ES\" \/>\n<meta property=\"og:type\" content=\"article\" \/>\n<meta property=\"og:title\" content=\"&quot;Crafty Tarta de cumplea\u00f1os&quot; patr\u00f3n de ganchillo\" \/>\n<meta property=\"og:description\" content=\"Compra aqu\u00ed mi patr\u00f3n de ganchillo &quot;Tarta de cumplea\u00f1os&quot;. El patr\u00f3n de ganchillo f\u00e1cil tambi\u00e9n est\u00e1 disponible en Haked.nl, Etsy, Ravelry y Payhip.\" \/>\n<meta property=\"og:url\" content=\"https:\/\/craftygenesindonesia.com\/es\/shop\/3d\/tarta-de-cumpleanos\/\" \/>\n<meta property=\"og:site_name\" content=\"Craftygenesindonesia\" \/>\n<meta property=\"article:modified_time\" content=\"2026-03-23T03:12:47+00:00\" \/>\n<meta property=\"og:image\" content=\"https:\/\/craftygenesindonesia.com\/wp-content\/uploads\/2024\/07\/1.jpg\" \/>\n\t<meta property=\"og:image:width\" content=\"1080\" \/>\n\t<meta property=\"og:image:height\" content=\"1080\" \/>\n\t<meta property=\"og:image:type\" content=\"image\/jpeg\" \/>\n<meta name=\"twitter:card\" content=\"summary_large_image\" \/>\n<meta name=\"twitter:label1\" content=\"Tiempo de lectura\" \/>\n\t<meta name=\"twitter:data1\" content=\"2 minutos\" \/>\n<script type=\"application\/ld+json\" class=\"yoast-schema-graph\">{\"@context\":\"https:\\\/\\\/schema.org\",\"@graph\":[{\"@type\":\"WebPage\",\"@id\":\"https:\\\/\\\/craftygenesindonesia.com\\\/es\\\/shop\\\/3d\\\/tarta-de-cumpleanos\\\/\",\"url\":\"https:\\\/\\\/craftygenesindonesia.com\\\/es\\\/shop\\\/3d\\\/tarta-de-cumpleanos\\\/\",\"name\":\"Tarta de cumplea\u00f1os patr\u00f3n de ganchillo - Craftygenesindonesia\",\"isPartOf\":{\"@id\":\"https:\\\/\\\/craftygenesindonesia.com\\\/es\\\/#website\"},\"primaryImageOfPage\":{\"@id\":\"https:\\\/\\\/craftygenesindonesia.com\\\/es\\\/shop\\\/3d\\\/tarta-de-cumpleanos\\\/#primaryimage\"},\"image\":{\"@id\":\"https:\\\/\\\/craftygenesindonesia.com\\\/es\\\/shop\\\/3d\\\/tarta-de-cumpleanos\\\/#primaryimage\"},\"thumbnailUrl\":\"https:\\\/\\\/craftygenesindonesia.com\\\/wp-content\\\/uploads\\\/2024\\\/07\\\/1.jpg\",\"datePublished\":\"2024-07-27T06:07:15+00:00\",\"dateModified\":\"2026-03-23T03:12:47+00:00\",\"description\":\"Compra aqu\u00ed mi patr\u00f3n de ganchillo \\\"Tarta de cumplea\u00f1os\\\". El patr\u00f3n de ganchillo f\u00e1cil tambi\u00e9n est\u00e1 disponible en Haked.nl, Etsy, Ravelry y Payhip.\",\"breadcrumb\":{\"@id\":\"https:\\\/\\\/craftygenesindonesia.com\\\/es\\\/shop\\\/3d\\\/tarta-de-cumpleanos\\\/#breadcrumb\"},\"inLanguage\":\"es\",\"potentialAction\":[{\"@type\":\"ReadAction\",\"target\":[\"https:\\\/\\\/craftygenesindonesia.com\\\/es\\\/shop\\\/3d\\\/tarta-de-cumpleanos\\\/\"]}]},{\"@type\":\"ImageObject\",\"inLanguage\":\"es\",\"@id\":\"https:\\\/\\\/craftygenesindonesia.com\\\/es\\\/shop\\\/3d\\\/tarta-de-cumpleanos\\\/#primaryimage\",\"url\":\"https:\\\/\\\/craftygenesindonesia.com\\\/wp-content\\\/uploads\\\/2024\\\/07\\\/1.jpg\",\"contentUrl\":\"https:\\\/\\\/craftygenesindonesia.com\\\/wp-content\\\/uploads\\\/2024\\\/07\\\/1.jpg\",\"width\":1080,\"height\":1080,\"caption\":\"crochet birthday cake with crochet ice cream, donut, macaron, cupcake, bonbon, cake roll, candle\"},{\"@type\":\"BreadcrumbList\",\"@id\":\"https:\\\/\\\/craftygenesindonesia.com\\\/es\\\/shop\\\/3d\\\/tarta-de-cumpleanos\\\/#breadcrumb\",\"itemListElement\":[{\"@type\":\"ListItem\",\"position\":1,\"name\":\"Home\",\"item\":\"https:\\\/\\\/craftygenesindonesia.com\\\/es\\\/\"},{\"@type\":\"ListItem\",\"position\":2,\"name\":\"Tienda de patrones\",\"item\":\"https:\\\/\\\/craftygenesindonesia.com\\\/es\\\/tienda-de-patrones\\\/\"},{\"@type\":\"ListItem\",\"position\":3,\"name\":\"Tarta de cumplea\u00f1os\"}]},{\"@type\":\"WebSite\",\"@id\":\"https:\\\/\\\/craftygenesindonesia.com\\\/es\\\/#website\",\"url\":\"https:\\\/\\\/craftygenesindonesia.com\\\/es\\\/\",\"name\":\"Craftygenesindonesia\",\"description\":\"\",\"publisher\":{\"@id\":\"https:\\\/\\\/craftygenesindonesia.com\\\/es\\\/#organization\"},\"potentialAction\":[{\"@type\":\"SearchAction\",\"target\":{\"@type\":\"EntryPoint\",\"urlTemplate\":\"https:\\\/\\\/craftygenesindonesia.com\\\/es\\\/?s={search_term_string}\"},\"query-input\":{\"@type\":\"PropertyValueSpecification\",\"valueRequired\":true,\"valueName\":\"search_term_string\"}}],\"inLanguage\":\"es\"},{\"@type\":\"Organization\",\"@id\":\"https:\\\/\\\/craftygenesindonesia.com\\\/es\\\/#organization\",\"name\":\"Craftygenesindonesia\",\"url\":\"https:\\\/\\\/craftygenesindonesia.com\\\/es\\\/\",\"logo\":{\"@type\":\"ImageObject\",\"inLanguage\":\"es\",\"@id\":\"https:\\\/\\\/craftygenesindonesia.com\\\/es\\\/#\\\/schema\\\/logo\\\/image\\\/\",\"url\":\"https:\\\/\\\/craftygenesindonesia.com\\\/wp-content\\\/uploads\\\/2025\\\/11\\\/cropped-Copy-of-Craftygenesindonesia.jpg\",\"contentUrl\":\"https:\\\/\\\/craftygenesindonesia.com\\\/wp-content\\\/uploads\\\/2025\\\/11\\\/cropped-Copy-of-Craftygenesindonesia.jpg\",\"width\":180,\"height\":60,\"caption\":\"Craftygenesindonesia\"},\"image\":{\"@id\":\"https:\\\/\\\/craftygenesindonesia.com\\\/es\\\/#\\\/schema\\\/logo\\\/image\\\/\"}}]}<\/script>\n<!-- \/ Yoast SEO plugin. -->","yoast_head_json":{"title":"Tarta de cumplea\u00f1os patr\u00f3n de ganchillo - Craftygenesindonesia","description":"Compra aqu\u00ed mi patr\u00f3n de ganchillo \"Tarta de cumplea\u00f1os\". El patr\u00f3n de ganchillo f\u00e1cil tambi\u00e9n est\u00e1 disponible en Haked.nl, Etsy, Ravelry y Payhip.","robots":{"index":"index","follow":"follow","max-snippet":"max-snippet:-1","max-image-preview":"max-image-preview:large","max-video-preview":"max-video-preview:-1"},"canonical":"https:\/\/craftygenesindonesia.com\/es\/shop\/3d\/tarta-de-cumpleanos\/","og_locale":"es_ES","og_type":"article","og_title":"\"Crafty Tarta de cumplea\u00f1os\" patr\u00f3n de ganchillo","og_description":"Compra aqu\u00ed mi patr\u00f3n de ganchillo \"Tarta de cumplea\u00f1os\". El patr\u00f3n de ganchillo f\u00e1cil tambi\u00e9n est\u00e1 disponible en Haked.nl, Etsy, Ravelry y Payhip.","og_url":"https:\/\/craftygenesindonesia.com\/es\/shop\/3d\/tarta-de-cumpleanos\/","og_site_name":"Craftygenesindonesia","article_modified_time":"2026-03-23T03:12:47+00:00","og_image":[{"width":1080,"height":1080,"url":"https:\/\/craftygenesindonesia.com\/wp-content\/uploads\/2024\/07\/1.jpg","type":"image\/jpeg"}],"twitter_card":"summary_large_image","twitter_misc":{"Tiempo de lectura":"2 minutos"},"schema":{"@context":"https:\/\/schema.org","@graph":[{"@type":"WebPage","@id":"https:\/\/craftygenesindonesia.com\/es\/shop\/3d\/tarta-de-cumpleanos\/","url":"https:\/\/craftygenesindonesia.com\/es\/shop\/3d\/tarta-de-cumpleanos\/","name":"Tarta de cumplea\u00f1os patr\u00f3n de ganchillo - Craftygenesindonesia","isPartOf":{"@id":"https:\/\/craftygenesindonesia.com\/es\/#website"},"primaryImageOfPage":{"@id":"https:\/\/craftygenesindonesia.com\/es\/shop\/3d\/tarta-de-cumpleanos\/#primaryimage"},"image":{"@id":"https:\/\/craftygenesindonesia.com\/es\/shop\/3d\/tarta-de-cumpleanos\/#primaryimage"},"thumbnailUrl":"https:\/\/craftygenesindonesia.com\/wp-content\/uploads\/2024\/07\/1.jpg","datePublished":"2024-07-27T06:07:15+00:00","dateModified":"2026-03-23T03:12:47+00:00","description":"Compra aqu\u00ed mi patr\u00f3n de ganchillo \"Tarta de cumplea\u00f1os\". El patr\u00f3n de ganchillo f\u00e1cil tambi\u00e9n est\u00e1 disponible en Haked.nl, Etsy, Ravelry y Payhip.","breadcrumb":{"@id":"https:\/\/craftygenesindonesia.com\/es\/shop\/3d\/tarta-de-cumpleanos\/#breadcrumb"},"inLanguage":"es","potentialAction":[{"@type":"ReadAction","target":["https:\/\/craftygenesindonesia.com\/es\/shop\/3d\/tarta-de-cumpleanos\/"]}]},{"@type":"ImageObject","inLanguage":"es","@id":"https:\/\/craftygenesindonesia.com\/es\/shop\/3d\/tarta-de-cumpleanos\/#primaryimage","url":"https:\/\/craftygenesindonesia.com\/wp-content\/uploads\/2024\/07\/1.jpg","contentUrl":"https:\/\/craftygenesindonesia.com\/wp-content\/uploads\/2024\/07\/1.jpg","width":1080,"height":1080,"caption":"crochet birthday cake with crochet ice cream, donut, macaron, cupcake, bonbon, cake roll, candle"},{"@type":"BreadcrumbList","@id":"https:\/\/craftygenesindonesia.com\/es\/shop\/3d\/tarta-de-cumpleanos\/#breadcrumb","itemListElement":[{"@type":"ListItem","position":1,"name":"Home","item":"https:\/\/craftygenesindonesia.com\/es\/"},{"@type":"ListItem","position":2,"name":"Tienda de patrones","item":"https:\/\/craftygenesindonesia.com\/es\/tienda-de-patrones\/"},{"@type":"ListItem","position":3,"name":"Tarta de cumplea\u00f1os"}]},{"@type":"WebSite","@id":"https:\/\/craftygenesindonesia.com\/es\/#website","url":"https:\/\/craftygenesindonesia.com\/es\/","name":"Craftygenesindonesia","description":"","publisher":{"@id":"https:\/\/craftygenesindonesia.com\/es\/#organization"},"potentialAction":[{"@type":"SearchAction","target":{"@type":"EntryPoint","urlTemplate":"https:\/\/craftygenesindonesia.com\/es\/?s={search_term_string}"},"query-input":{"@type":"PropertyValueSpecification","valueRequired":true,"valueName":"search_term_string"}}],"inLanguage":"es"},{"@type":"Organization","@id":"https:\/\/craftygenesindonesia.com\/es\/#organization","name":"Craftygenesindonesia","url":"https:\/\/craftygenesindonesia.com\/es\/","logo":{"@type":"ImageObject","inLanguage":"es","@id":"https:\/\/craftygenesindonesia.com\/es\/#\/schema\/logo\/image\/","url":"https:\/\/craftygenesindonesia.com\/wp-content\/uploads\/2025\/11\/cropped-Copy-of-Craftygenesindonesia.jpg","contentUrl":"https:\/\/craftygenesindonesia.com\/wp-content\/uploads\/2025\/11\/cropped-Copy-of-Craftygenesindonesia.jpg","width":180,"height":60,"caption":"Craftygenesindonesia"},"image":{"@id":"https:\/\/craftygenesindonesia.com\/es\/#\/schema\/logo\/image\/"}}]}},"_links":{"self":[{"href":"https:\/\/craftygenesindonesia.com\/es\/wp-json\/wp\/v2\/product\/987519423","targetHints":{"allow":["GET"]}}],"collection":[{"href":"https:\/\/craftygenesindonesia.com\/es\/wp-json\/wp\/v2\/product"}],"about":[{"href":"https:\/\/craftygenesindonesia.com\/es\/wp-json\/wp\/v2\/types\/product"}],"replies":[{"embeddable":true,"href":"https:\/\/craftygenesindonesia.com\/es\/wp-json\/wp\/v2\/comments?post=987519423"}],"wp:featuredmedia":[{"embeddable":true,"href":"https:\/\/craftygenesindonesia.com\/es\/wp-json\/wp\/v2\/media\/987530316"}],"wp:attachment":[{"href":"https:\/\/craftygenesindonesia.com\/es\/wp-json\/wp\/v2\/media?parent=987519423"}],"wp:term":[{"taxonomy":"product_brand","embeddable":true,"href":"https:\/\/craftygenesindonesia.com\/es\/wp-json\/wp\/v2\/product_brand?post=987519423"},{"taxonomy":"product_cat","embeddable":true,"href":"https:\/\/craftygenesindonesia.com\/es\/wp-json\/wp\/v2\/product_cat?post=987519423"},{"taxonomy":"product_tag","embeddable":true,"href":"https:\/\/craftygenesindonesia.com\/es\/wp-json\/wp\/v2\/product_tag?post=987519423"}],"curies":[{"name":"wp","href":"https:\/\/api.w.org\/{rel}","templated":true}]}}