{"id":987519121,"date":"2024-07-06T07:02:38","date_gmt":"2024-07-05T23:02:38","guid":{"rendered":"https:\/\/craftygenesindonesia.com\/?post_type=product&#038;p=987519121"},"modified":"2026-03-23T11:16:44","modified_gmt":"2026-03-23T03:16:44","slug":"establo-de-navidad","status":"publish","type":"product","link":"https:\/\/craftygenesindonesia.com\/es\/shop\/3d\/establo-de-navidad\/","title":{"rendered":"Establo de Navidad"},"content":{"rendered":"<p>Tama\u00f1o: Todo el complejo: 80x54x36cm\/31.5x21x14inch<\/p>\n<p>Todo este patr\u00f3n est\u00e1 hecho con hilo de peso &#8220;FINGERING&#8221; y una aguja de ganchillo de 2 mm.<\/p>\n<p>Necesitar\u00e1 estos colores (consulte la carta de colores en pdf en descargas): marr\u00f3n claro, marr\u00f3n, dorado claro, dorado, marr\u00f3n oscuro, beige oscuro, marr\u00f3n madera oscuro, terracota, azul claro, verde oliva, verde oscuro, gris claro<\/p>\n<p>Tambi\u00e9n necesitar\u00e1s: relleno, marcadores de puntos, tijeras, aguja de zurcir, alfileres de coser, l\u00e1piz, regla, pegamento, c\u00fater, alicates, 1 anilla de llavero, alambre de aluminio de 1,5 mm, alambre de aluminio de 3 mm, cart\u00f3n de 5 mm, fieltro, lona de pl\u00e1stico, cartulina, madera contrachapada, luces de Navidad<\/p>\n<p>Aguja de ganchillo: tama\u00f1o 2mm<\/p>\n<p>Este patr\u00f3n es un patr\u00f3n escrito con muchas im\u00e1genes para ayudarte. Si tiene alguna pregunta, env\u00edeme un mensaje a: craftygenesindonesia@gmail.com<\/p>\n<p>-Este patr\u00f3n es s\u00f3lo para uso personal y tiene un COPYRIGHT en \u00e9l. Por lo tanto, el patr\u00f3n no puede ser copiado, vendido, revendido, traducido, reclamado como su dise\u00f1o, distribuido, compartido, publicado, publicado en l\u00ednea en cualquier forma sin mi permiso. Ni siquiera una parte!<\/p>\n<p>-Puede vender el producto acabado en peque\u00f1as cantidades, PERO NO EL PROPIO PATR\u00d3N. Menciona que el patr\u00f3n es de Craftygenesindonesia y d\u00f3nde se puede comprar<\/p>\n","protected":false},"excerpt":{"rendered":"<p>En este patr\u00f3n de ganchillo tienes todo lo que ves en la imagen = el edificio, el pozo de agua, las rocas y las plantas, la palmera.<\/p>\n<p>&nbsp;<\/p>\n<p>Mis otros mu\u00f1ecos y animales de belenes anteriores tambi\u00e9n caben en este establo.<\/p>\n","protected":false},"featured_media":987520374,"comment_status":"open","ping_status":"closed","template":"","meta":{"_acf_changed":false},"product_brand":[],"product_cat":[3031,3047,3061],"product_tag":[10369,12088,10371,12099,10354,10370,10353,12093],"class_list":{"0":"post-987519121","1":"product","2":"type-product","3":"status-publish","4":"has-post-thumbnail","6":"product_cat-3d","7":"product_cat-navidad","8":"product_cat-belenes","9":"product_tag-establo-es","10":"product_tag-nativity-es","11":"product_tag-olla","12":"product_tag-palm-tree-es","13":"product_tag-plantas","14":"product_tag-pozo-de-agua-es","15":"product_tag-rocas","16":"product_tag-stable-es","17":"pa_available_on-craftygenesindonesia","18":"pa_available_on-etsy","19":"pa_available_on-haked-nl","20":"pa_available_on-payhip","21":"pa_available_on-ravelry","22":"pa_languages-aleman","23":"pa_languages-espanol","24":"pa_languages-estados-unidos-ingles","25":"pa_languages-frances","26":"pa_languages-holandes","27":"pa_languages-italiano","28":"pa_languages-portugues","30":"first","31":"instock","32":"downloadable","33":"virtual","34":"purchasable","35":"product-type-simple"},"acf":[],"yoast_head":"<!-- This site is optimized with the Yoast SEO plugin v27.3 - https:\/\/yoast.com\/product\/yoast-seo-wordpress\/ -->\n<title>Establo de Navidad patr\u00f3n de ganchillo - Craftygenesindonesia<\/title>\n<meta name=\"description\" content=\"Compra aqu\u00ed mi patr\u00f3n de ganchillo &quot;Establo de Navidad&quot;. El patr\u00f3n de ganchillo f\u00e1cil de seguir tambi\u00e9n est\u00e1 disponible en Etsy, Haked, Ravelry\" \/>\n<meta name=\"robots\" content=\"index, follow, max-snippet:-1, max-image-preview:large, max-video-preview:-1\" \/>\n<link rel=\"canonical\" href=\"https:\/\/craftygenesindonesia.com\/es\/shop\/3d\/establo-de-navidad\/\" \/>\n<meta property=\"og:locale\" content=\"es_ES\" \/>\n<meta property=\"og:type\" content=\"article\" \/>\n<meta property=\"og:title\" content=\"&quot;Establo de Navidad&quot; patr\u00f3n de ganchillo\" \/>\n<meta property=\"og:description\" content=\"Compra aqu\u00ed mi patr\u00f3n de ganchillo &quot;Establo de Navidad&quot;. El patr\u00f3n de ganchillo f\u00e1cil de seguir tambi\u00e9n est\u00e1 disponible en Etsy, Haked, Ravelry\" \/>\n<meta property=\"og:url\" content=\"https:\/\/craftygenesindonesia.com\/es\/shop\/3d\/establo-de-navidad\/\" \/>\n<meta property=\"og:site_name\" content=\"Craftygenesindonesia\" \/>\n<meta property=\"article:modified_time\" content=\"2026-03-23T03:16:44+00:00\" \/>\n<meta property=\"og:image\" content=\"https:\/\/craftygenesindonesia.com\/wp-content\/uploads\/2024\/07\/Nativity-Stable-300x300.jpg\" \/>\n<meta name=\"twitter:card\" content=\"summary_large_image\" \/>\n<meta name=\"twitter:label1\" content=\"Tiempo de lectura\" \/>\n\t<meta name=\"twitter:data1\" content=\"2 minutos\" \/>\n<script type=\"application\/ld+json\" class=\"yoast-schema-graph\">{\"@context\":\"https:\\\/\\\/schema.org\",\"@graph\":[{\"@type\":\"WebPage\",\"@id\":\"https:\\\/\\\/craftygenesindonesia.com\\\/es\\\/shop\\\/3d\\\/establo-de-navidad\\\/\",\"url\":\"https:\\\/\\\/craftygenesindonesia.com\\\/es\\\/shop\\\/3d\\\/establo-de-navidad\\\/\",\"name\":\"Establo de Navidad patr\u00f3n de ganchillo - Craftygenesindonesia\",\"isPartOf\":{\"@id\":\"https:\\\/\\\/craftygenesindonesia.com\\\/es\\\/#website\"},\"primaryImageOfPage\":{\"@id\":\"https:\\\/\\\/craftygenesindonesia.com\\\/es\\\/shop\\\/3d\\\/establo-de-navidad\\\/#primaryimage\"},\"image\":{\"@id\":\"https:\\\/\\\/craftygenesindonesia.com\\\/es\\\/shop\\\/3d\\\/establo-de-navidad\\\/#primaryimage\"},\"thumbnailUrl\":\"https:\\\/\\\/craftygenesindonesia.com\\\/wp-content\\\/uploads\\\/2024\\\/07\\\/Nativity-Stable-1.jpg\",\"datePublished\":\"2024-07-05T23:02:38+00:00\",\"dateModified\":\"2026-03-23T03:16:44+00:00\",\"description\":\"Compra aqu\u00ed mi patr\u00f3n de ganchillo \\\"Establo de Navidad\\\". El patr\u00f3n de ganchillo f\u00e1cil de seguir tambi\u00e9n est\u00e1 disponible en Etsy, Haked, Ravelry\",\"breadcrumb\":{\"@id\":\"https:\\\/\\\/craftygenesindonesia.com\\\/es\\\/shop\\\/3d\\\/establo-de-navidad\\\/#breadcrumb\"},\"inLanguage\":\"es\",\"potentialAction\":[{\"@type\":\"ReadAction\",\"target\":[\"https:\\\/\\\/craftygenesindonesia.com\\\/es\\\/shop\\\/3d\\\/establo-de-navidad\\\/\"]}]},{\"@type\":\"ImageObject\",\"inLanguage\":\"es\",\"@id\":\"https:\\\/\\\/craftygenesindonesia.com\\\/es\\\/shop\\\/3d\\\/establo-de-navidad\\\/#primaryimage\",\"url\":\"https:\\\/\\\/craftygenesindonesia.com\\\/wp-content\\\/uploads\\\/2024\\\/07\\\/Nativity-Stable-1.jpg\",\"contentUrl\":\"https:\\\/\\\/craftygenesindonesia.com\\\/wp-content\\\/uploads\\\/2024\\\/07\\\/Nativity-Stable-1.jpg\",\"width\":1080,\"height\":1080,\"caption\":\"crochet nativity stable complex\"},{\"@type\":\"BreadcrumbList\",\"@id\":\"https:\\\/\\\/craftygenesindonesia.com\\\/es\\\/shop\\\/3d\\\/establo-de-navidad\\\/#breadcrumb\",\"itemListElement\":[{\"@type\":\"ListItem\",\"position\":1,\"name\":\"Home\",\"item\":\"https:\\\/\\\/craftygenesindonesia.com\\\/es\\\/\"},{\"@type\":\"ListItem\",\"position\":2,\"name\":\"Tienda de patrones\",\"item\":\"https:\\\/\\\/craftygenesindonesia.com\\\/es\\\/tienda-de-patrones\\\/\"},{\"@type\":\"ListItem\",\"position\":3,\"name\":\"Establo de Navidad\"}]},{\"@type\":\"WebSite\",\"@id\":\"https:\\\/\\\/craftygenesindonesia.com\\\/es\\\/#website\",\"url\":\"https:\\\/\\\/craftygenesindonesia.com\\\/es\\\/\",\"name\":\"Craftygenesindonesia\",\"description\":\"\",\"publisher\":{\"@id\":\"https:\\\/\\\/craftygenesindonesia.com\\\/es\\\/#organization\"},\"potentialAction\":[{\"@type\":\"SearchAction\",\"target\":{\"@type\":\"EntryPoint\",\"urlTemplate\":\"https:\\\/\\\/craftygenesindonesia.com\\\/es\\\/?s={search_term_string}\"},\"query-input\":{\"@type\":\"PropertyValueSpecification\",\"valueRequired\":true,\"valueName\":\"search_term_string\"}}],\"inLanguage\":\"es\"},{\"@type\":\"Organization\",\"@id\":\"https:\\\/\\\/craftygenesindonesia.com\\\/es\\\/#organization\",\"name\":\"Craftygenesindonesia\",\"url\":\"https:\\\/\\\/craftygenesindonesia.com\\\/es\\\/\",\"logo\":{\"@type\":\"ImageObject\",\"inLanguage\":\"es\",\"@id\":\"https:\\\/\\\/craftygenesindonesia.com\\\/es\\\/#\\\/schema\\\/logo\\\/image\\\/\",\"url\":\"https:\\\/\\\/craftygenesindonesia.com\\\/wp-content\\\/uploads\\\/2025\\\/11\\\/cropped-Copy-of-Craftygenesindonesia.jpg\",\"contentUrl\":\"https:\\\/\\\/craftygenesindonesia.com\\\/wp-content\\\/uploads\\\/2025\\\/11\\\/cropped-Copy-of-Craftygenesindonesia.jpg\",\"width\":180,\"height\":60,\"caption\":\"Craftygenesindonesia\"},\"image\":{\"@id\":\"https:\\\/\\\/craftygenesindonesia.com\\\/es\\\/#\\\/schema\\\/logo\\\/image\\\/\"}}]}<\/script>\n<!-- \/ Yoast SEO plugin. -->","yoast_head_json":{"title":"Establo de Navidad patr\u00f3n de ganchillo - Craftygenesindonesia","description":"Compra aqu\u00ed mi patr\u00f3n de ganchillo \"Establo de Navidad\". El patr\u00f3n de ganchillo f\u00e1cil de seguir tambi\u00e9n est\u00e1 disponible en Etsy, Haked, Ravelry","robots":{"index":"index","follow":"follow","max-snippet":"max-snippet:-1","max-image-preview":"max-image-preview:large","max-video-preview":"max-video-preview:-1"},"canonical":"https:\/\/craftygenesindonesia.com\/es\/shop\/3d\/establo-de-navidad\/","og_locale":"es_ES","og_type":"article","og_title":"\"Establo de Navidad\" patr\u00f3n de ganchillo","og_description":"Compra aqu\u00ed mi patr\u00f3n de ganchillo \"Establo de Navidad\". El patr\u00f3n de ganchillo f\u00e1cil de seguir tambi\u00e9n est\u00e1 disponible en Etsy, Haked, Ravelry","og_url":"https:\/\/craftygenesindonesia.com\/es\/shop\/3d\/establo-de-navidad\/","og_site_name":"Craftygenesindonesia","article_modified_time":"2026-03-23T03:16:44+00:00","og_image":[{"url":"https:\/\/craftygenesindonesia.com\/wp-content\/uploads\/2024\/07\/Nativity-Stable-300x300.jpg","type":"","width":"","height":""}],"twitter_card":"summary_large_image","twitter_misc":{"Tiempo de lectura":"2 minutos"},"schema":{"@context":"https:\/\/schema.org","@graph":[{"@type":"WebPage","@id":"https:\/\/craftygenesindonesia.com\/es\/shop\/3d\/establo-de-navidad\/","url":"https:\/\/craftygenesindonesia.com\/es\/shop\/3d\/establo-de-navidad\/","name":"Establo de Navidad patr\u00f3n de ganchillo - Craftygenesindonesia","isPartOf":{"@id":"https:\/\/craftygenesindonesia.com\/es\/#website"},"primaryImageOfPage":{"@id":"https:\/\/craftygenesindonesia.com\/es\/shop\/3d\/establo-de-navidad\/#primaryimage"},"image":{"@id":"https:\/\/craftygenesindonesia.com\/es\/shop\/3d\/establo-de-navidad\/#primaryimage"},"thumbnailUrl":"https:\/\/craftygenesindonesia.com\/wp-content\/uploads\/2024\/07\/Nativity-Stable-1.jpg","datePublished":"2024-07-05T23:02:38+00:00","dateModified":"2026-03-23T03:16:44+00:00","description":"Compra aqu\u00ed mi patr\u00f3n de ganchillo \"Establo de Navidad\". El patr\u00f3n de ganchillo f\u00e1cil de seguir tambi\u00e9n est\u00e1 disponible en Etsy, Haked, Ravelry","breadcrumb":{"@id":"https:\/\/craftygenesindonesia.com\/es\/shop\/3d\/establo-de-navidad\/#breadcrumb"},"inLanguage":"es","potentialAction":[{"@type":"ReadAction","target":["https:\/\/craftygenesindonesia.com\/es\/shop\/3d\/establo-de-navidad\/"]}]},{"@type":"ImageObject","inLanguage":"es","@id":"https:\/\/craftygenesindonesia.com\/es\/shop\/3d\/establo-de-navidad\/#primaryimage","url":"https:\/\/craftygenesindonesia.com\/wp-content\/uploads\/2024\/07\/Nativity-Stable-1.jpg","contentUrl":"https:\/\/craftygenesindonesia.com\/wp-content\/uploads\/2024\/07\/Nativity-Stable-1.jpg","width":1080,"height":1080,"caption":"crochet nativity stable complex"},{"@type":"BreadcrumbList","@id":"https:\/\/craftygenesindonesia.com\/es\/shop\/3d\/establo-de-navidad\/#breadcrumb","itemListElement":[{"@type":"ListItem","position":1,"name":"Home","item":"https:\/\/craftygenesindonesia.com\/es\/"},{"@type":"ListItem","position":2,"name":"Tienda de patrones","item":"https:\/\/craftygenesindonesia.com\/es\/tienda-de-patrones\/"},{"@type":"ListItem","position":3,"name":"Establo de Navidad"}]},{"@type":"WebSite","@id":"https:\/\/craftygenesindonesia.com\/es\/#website","url":"https:\/\/craftygenesindonesia.com\/es\/","name":"Craftygenesindonesia","description":"","publisher":{"@id":"https:\/\/craftygenesindonesia.com\/es\/#organization"},"potentialAction":[{"@type":"SearchAction","target":{"@type":"EntryPoint","urlTemplate":"https:\/\/craftygenesindonesia.com\/es\/?s={search_term_string}"},"query-input":{"@type":"PropertyValueSpecification","valueRequired":true,"valueName":"search_term_string"}}],"inLanguage":"es"},{"@type":"Organization","@id":"https:\/\/craftygenesindonesia.com\/es\/#organization","name":"Craftygenesindonesia","url":"https:\/\/craftygenesindonesia.com\/es\/","logo":{"@type":"ImageObject","inLanguage":"es","@id":"https:\/\/craftygenesindonesia.com\/es\/#\/schema\/logo\/image\/","url":"https:\/\/craftygenesindonesia.com\/wp-content\/uploads\/2025\/11\/cropped-Copy-of-Craftygenesindonesia.jpg","contentUrl":"https:\/\/craftygenesindonesia.com\/wp-content\/uploads\/2025\/11\/cropped-Copy-of-Craftygenesindonesia.jpg","width":180,"height":60,"caption":"Craftygenesindonesia"},"image":{"@id":"https:\/\/craftygenesindonesia.com\/es\/#\/schema\/logo\/image\/"}}]}},"_links":{"self":[{"href":"https:\/\/craftygenesindonesia.com\/es\/wp-json\/wp\/v2\/product\/987519121","targetHints":{"allow":["GET"]}}],"collection":[{"href":"https:\/\/craftygenesindonesia.com\/es\/wp-json\/wp\/v2\/product"}],"about":[{"href":"https:\/\/craftygenesindonesia.com\/es\/wp-json\/wp\/v2\/types\/product"}],"replies":[{"embeddable":true,"href":"https:\/\/craftygenesindonesia.com\/es\/wp-json\/wp\/v2\/comments?post=987519121"}],"wp:featuredmedia":[{"embeddable":true,"href":"https:\/\/craftygenesindonesia.com\/es\/wp-json\/wp\/v2\/media\/987520374"}],"wp:attachment":[{"href":"https:\/\/craftygenesindonesia.com\/es\/wp-json\/wp\/v2\/media?parent=987519121"}],"wp:term":[{"taxonomy":"product_brand","embeddable":true,"href":"https:\/\/craftygenesindonesia.com\/es\/wp-json\/wp\/v2\/product_brand?post=987519121"},{"taxonomy":"product_cat","embeddable":true,"href":"https:\/\/craftygenesindonesia.com\/es\/wp-json\/wp\/v2\/product_cat?post=987519121"},{"taxonomy":"product_tag","embeddable":true,"href":"https:\/\/craftygenesindonesia.com\/es\/wp-json\/wp\/v2\/product_tag?post=987519121"}],"curies":[{"name":"wp","href":"https:\/\/api.w.org\/{rel}","templated":true}]}}