{"id":987519045,"date":"2024-07-06T07:06:27","date_gmt":"2024-07-05T23:06:27","guid":{"rendered":"https:\/\/craftygenesindonesia.com\/?post_type=product&#038;p=987519045"},"modified":"2026-03-23T11:14:45","modified_gmt":"2026-03-23T03:14:45","slug":"pesebre-de-bethlehem","status":"publish","type":"product","link":"https:\/\/craftygenesindonesia.com\/es\/shop\/paquetes\/pesebre-de-bethlehem\/","title":{"rendered":"Pesebre de Bethlehem"},"content":{"rendered":"<p>Tama\u00f1o:<\/p>\n<ul>\n<li>Todo el conjunto: 80x54x36cm\/31,5x21x14inch<\/li>\n<li>Cuna: 12x7x7cm\/4.7&#215;2.7&#215;2.7inch<\/li>\n<li>Mar\u00eda: 14 cm<\/li>\n<li>Jos\u00e9: 20cm\/ 7.8inch<\/li>\n<li>Reyes de pie: 20cm\/ 7.8inch<\/li>\n<li>Rey de rodillas: 15cm\/ 5.9inch<\/li>\n<li>Pastor: 20cm\/ 7.8inch<\/li>\n<li>Oveja grande: 7x10x7cm\/ 2.7x4x2.7inch<\/li>\n<li>Ovejita: 8x6x4cm\/ 3.1&#215;2.4&#215;1.5inch<\/li>\n<li>Burro y buey: 8x16x7cm\/ 3.1x\/6.2&#215;2.7inch<\/li>\n<li>Dromedario: 13x20x9cm\/ 5.1&#215;7.8&#215;3.5inch<\/li>\n<\/ul>\n<p>&nbsp;<\/p>\n<p>Todo este patr\u00f3n est\u00e1 hecho con hilo de peso &#8220;FINGERING&#8221; y una aguja de ganchillo de 2 mm.<\/p>\n<p>&nbsp;<\/p>\n<p>Necesitar\u00e1s estos colores (consulta la carta de colores en pdf en descargas): color piel, magenta oscuro, blanco roto, azul claro, marr\u00f3n, oro met\u00e1lico, oro claro, verde oliva, marr\u00f3n oscuro, amarillo huevo, naranja, negro, magenta, azul marino, amarillo oliva, gris claro, morado, marr\u00f3n claro, blanco, beige oscuro, dorado, marr\u00f3n madera oscuro, terracota, verde oscuro&#8230;<\/p>\n<p>&nbsp;<\/p>\n<p>Tambi\u00e9n necesitar\u00e1s: relleno, marcadores de puntos, tijeras, aguja de zurcir, alfileres de coser, l\u00e1piz, regla, pegamento, c\u00fater, alicates, 1 anilla para llavero, 6 bastoncillos de algod\u00f3n, alambre de aluminio de 1,5 mm, alambre de aluminio de 3 mm, cart\u00f3n de 5 mm, fieltro, lona de pl\u00e1stico, cartulina, madera contrachapada, luces de Navidad<\/p>\n<p>&nbsp;<\/p>\n<p>Aguja de ganchillo: tama\u00f1o 2mm<\/p>\n<p>&nbsp;<\/p>\n<p>Este patr\u00f3n es un patr\u00f3n escrito con muchas im\u00e1genes para ayudarte. Si tiene alguna pregunta, env\u00edeme un mensaje a: craftygenesindonesia@gmail.com<\/p>\n<p>&nbsp;<\/p>\n<p>-Este patr\u00f3n es s\u00f3lo para uso personal y tiene un COPYRIGHT en \u00e9l. Por lo tanto, el patr\u00f3n no puede ser copiado, vendido, revendido, traducido, reclamado como su dise\u00f1o, distribuido, compartido, publicado, publicado en l\u00ednea en cualquier forma sin mi permiso. Ni siquiera una parte!<\/p>\n<p>&nbsp;<\/p>\n<p>-Puede vender el producto acabado en peque\u00f1as cantidades, PERO NO EL PROPIO PATR\u00d3N. Menciona que el patr\u00f3n es de Craftygenesindonesia y d\u00f3nde se puede comprar<\/p>\n","protected":false},"excerpt":{"rendered":"<p>Este es un incre\u00edble patr\u00f3n de ganchillo todo en uno para un bel\u00e9n que incluye: la sagrada familia, los tres reyes magos, un pastor con sus ovejas, buey, burro, dromedario, establo y sus alrededores, un pozo de agua e incluso una palmera = todo lo que ves en las fotos est\u00e1 incluido en el patr\u00f3n.<\/p>\n<p>Si has comprado alguno de mis belenes anteriores sin construir, \u00a1est\u00e1s de suerte porque los mu\u00f1ecos de esos belenes anteriores caben en este establo! El patr\u00f3n complejo estable est\u00e1 disponible por separado. Los mu\u00f1ecos + animales tambi\u00e9n est\u00e1n disponibles en un patr\u00f3n aparte.<\/p>\n<p>Cuando descargue el patr\u00f3n aqu\u00ed, tambi\u00e9n podr\u00e1 descargar una carta de colores en pdf.<\/p>\n","protected":false},"featured_media":987520370,"comment_status":"open","ping_status":"closed","template":"","meta":{"_acf_changed":false},"product_brand":[],"product_cat":[3045,3047,3061,3077],"product_tag":[12087,12101,10090,12096,10091,12088,12099,12093,12107,12098],"class_list":{"0":"post-987519045","1":"product","2":"type-product","3":"status-publish","4":"has-post-thumbnail","6":"product_cat-paquetes","7":"product_cat-navidad","8":"product_cat-belenes","9":"product_cat-religioso","10":"product_tag-bethlehem-es","11":"product_tag-holy-family-es","12":"product_tag-jesus-es","13":"product_tag-joseph-es","14":"product_tag-mary-es","15":"product_tag-nativity-es","16":"product_tag-palm-tree-es","17":"product_tag-stable-es","18":"product_tag-three-wise-men-es","19":"product_tag-xmas-es","20":"pa_available_on-craftygenesindonesia","21":"pa_available_on-etsy","22":"pa_available_on-haked-nl","23":"pa_available_on-payhip","24":"pa_available_on-ravelry","25":"pa_languages-aleman","26":"pa_languages-espanol","27":"pa_languages-estados-unidos-ingles","28":"pa_languages-frances","29":"pa_languages-holandes","30":"pa_languages-italiano","31":"pa_languages-portugues","33":"first","34":"instock","35":"downloadable","36":"virtual","37":"purchasable","38":"product-type-simple"},"acf":[],"yoast_head":"<!-- This site is optimized with the Yoast SEO plugin v27.3 - https:\/\/yoast.com\/product\/yoast-seo-wordpress\/ -->\n<title>Pesebre de Bethlehem patr\u00f3n de ganchillo - Craftygenesindonesia<\/title>\n<meta name=\"description\" content=\"Compra aqu\u00ed mi patr\u00f3n de ganchillo &quot; Pesebre de Bethlehem&quot;. El patr\u00f3n de ganchillo &quot;todo en uno&quot; tambi\u00e9n est\u00e1 disponible en Haked, Etsy y Ravelry\" \/>\n<meta name=\"robots\" content=\"index, follow, max-snippet:-1, max-image-preview:large, max-video-preview:-1\" \/>\n<link rel=\"canonical\" href=\"https:\/\/craftygenesindonesia.com\/es\/shop\/paquetes\/pesebre-de-bethlehem\/\" \/>\n<meta property=\"og:locale\" content=\"es_ES\" \/>\n<meta property=\"og:type\" content=\"article\" \/>\n<meta property=\"og:title\" content=\"Patr\u00f3n de ganchillo de &quot; Pesebre de Bethelehem&quot;\" \/>\n<meta property=\"og:description\" content=\"Compra aqu\u00ed mi patr\u00f3n de ganchillo &quot; Pesebre de Bethlehem&quot;. El patr\u00f3n de ganchillo &quot;todo en uno&quot; tambi\u00e9n est\u00e1 disponible en Haked, Etsy y Ravelry\" \/>\n<meta property=\"og:url\" content=\"https:\/\/craftygenesindonesia.com\/es\/shop\/paquetes\/pesebre-de-bethlehem\/\" \/>\n<meta property=\"og:site_name\" content=\"Craftygenesindonesia\" \/>\n<meta property=\"article:modified_time\" content=\"2026-03-23T03:14:45+00:00\" \/>\n<meta property=\"og:image\" content=\"https:\/\/craftygenesindonesia.com\/wp-content\/uploads\/2024\/07\/Copy-of-Bethlehem-Nativity-Set-300x300.jpg\" \/>\n<meta name=\"twitter:card\" content=\"summary_large_image\" \/>\n<meta name=\"twitter:label1\" content=\"Tiempo de lectura\" \/>\n\t<meta name=\"twitter:data1\" content=\"2 minutos\" \/>\n<script type=\"application\/ld+json\" class=\"yoast-schema-graph\">{\"@context\":\"https:\\\/\\\/schema.org\",\"@graph\":[{\"@type\":\"WebPage\",\"@id\":\"https:\\\/\\\/craftygenesindonesia.com\\\/es\\\/shop\\\/paquetes\\\/pesebre-de-bethlehem\\\/\",\"url\":\"https:\\\/\\\/craftygenesindonesia.com\\\/es\\\/shop\\\/paquetes\\\/pesebre-de-bethlehem\\\/\",\"name\":\"Pesebre de Bethlehem patr\u00f3n de ganchillo - Craftygenesindonesia\",\"isPartOf\":{\"@id\":\"https:\\\/\\\/craftygenesindonesia.com\\\/es\\\/#website\"},\"primaryImageOfPage\":{\"@id\":\"https:\\\/\\\/craftygenesindonesia.com\\\/es\\\/shop\\\/paquetes\\\/pesebre-de-bethlehem\\\/#primaryimage\"},\"image\":{\"@id\":\"https:\\\/\\\/craftygenesindonesia.com\\\/es\\\/shop\\\/paquetes\\\/pesebre-de-bethlehem\\\/#primaryimage\"},\"thumbnailUrl\":\"https:\\\/\\\/craftygenesindonesia.com\\\/wp-content\\\/uploads\\\/2024\\\/07\\\/Bethlehem-Nativity-Set.jpg\",\"datePublished\":\"2024-07-05T23:06:27+00:00\",\"dateModified\":\"2026-03-23T03:14:45+00:00\",\"description\":\"Compra aqu\u00ed mi patr\u00f3n de ganchillo \\\" Pesebre de Bethlehem\\\". El patr\u00f3n de ganchillo \\\"todo en uno\\\" tambi\u00e9n est\u00e1 disponible en Haked, Etsy y Ravelry\",\"breadcrumb\":{\"@id\":\"https:\\\/\\\/craftygenesindonesia.com\\\/es\\\/shop\\\/paquetes\\\/pesebre-de-bethlehem\\\/#breadcrumb\"},\"inLanguage\":\"es\",\"potentialAction\":[{\"@type\":\"ReadAction\",\"target\":[\"https:\\\/\\\/craftygenesindonesia.com\\\/es\\\/shop\\\/paquetes\\\/pesebre-de-bethlehem\\\/\"]}]},{\"@type\":\"ImageObject\",\"inLanguage\":\"es\",\"@id\":\"https:\\\/\\\/craftygenesindonesia.com\\\/es\\\/shop\\\/paquetes\\\/pesebre-de-bethlehem\\\/#primaryimage\",\"url\":\"https:\\\/\\\/craftygenesindonesia.com\\\/wp-content\\\/uploads\\\/2024\\\/07\\\/Bethlehem-Nativity-Set.jpg\",\"contentUrl\":\"https:\\\/\\\/craftygenesindonesia.com\\\/wp-content\\\/uploads\\\/2024\\\/07\\\/Bethlehem-Nativity-Set.jpg\",\"width\":1080,\"height\":1080,\"caption\":\"crochet nativity set with holy family, dromedary, ox, donkey, shepherd, sheep, wise men, well, pots, broom, stable, palm tree\"},{\"@type\":\"BreadcrumbList\",\"@id\":\"https:\\\/\\\/craftygenesindonesia.com\\\/es\\\/shop\\\/paquetes\\\/pesebre-de-bethlehem\\\/#breadcrumb\",\"itemListElement\":[{\"@type\":\"ListItem\",\"position\":1,\"name\":\"Home\",\"item\":\"https:\\\/\\\/craftygenesindonesia.com\\\/es\\\/\"},{\"@type\":\"ListItem\",\"position\":2,\"name\":\"Tienda de patrones\",\"item\":\"https:\\\/\\\/craftygenesindonesia.com\\\/es\\\/tienda-de-patrones\\\/\"},{\"@type\":\"ListItem\",\"position\":3,\"name\":\"Pesebre de Bethlehem\"}]},{\"@type\":\"WebSite\",\"@id\":\"https:\\\/\\\/craftygenesindonesia.com\\\/es\\\/#website\",\"url\":\"https:\\\/\\\/craftygenesindonesia.com\\\/es\\\/\",\"name\":\"Craftygenesindonesia\",\"description\":\"\",\"publisher\":{\"@id\":\"https:\\\/\\\/craftygenesindonesia.com\\\/es\\\/#organization\"},\"potentialAction\":[{\"@type\":\"SearchAction\",\"target\":{\"@type\":\"EntryPoint\",\"urlTemplate\":\"https:\\\/\\\/craftygenesindonesia.com\\\/es\\\/?s={search_term_string}\"},\"query-input\":{\"@type\":\"PropertyValueSpecification\",\"valueRequired\":true,\"valueName\":\"search_term_string\"}}],\"inLanguage\":\"es\"},{\"@type\":\"Organization\",\"@id\":\"https:\\\/\\\/craftygenesindonesia.com\\\/es\\\/#organization\",\"name\":\"Craftygenesindonesia\",\"url\":\"https:\\\/\\\/craftygenesindonesia.com\\\/es\\\/\",\"logo\":{\"@type\":\"ImageObject\",\"inLanguage\":\"es\",\"@id\":\"https:\\\/\\\/craftygenesindonesia.com\\\/es\\\/#\\\/schema\\\/logo\\\/image\\\/\",\"url\":\"https:\\\/\\\/craftygenesindonesia.com\\\/wp-content\\\/uploads\\\/2025\\\/11\\\/cropped-Copy-of-Craftygenesindonesia.jpg\",\"contentUrl\":\"https:\\\/\\\/craftygenesindonesia.com\\\/wp-content\\\/uploads\\\/2025\\\/11\\\/cropped-Copy-of-Craftygenesindonesia.jpg\",\"width\":180,\"height\":60,\"caption\":\"Craftygenesindonesia\"},\"image\":{\"@id\":\"https:\\\/\\\/craftygenesindonesia.com\\\/es\\\/#\\\/schema\\\/logo\\\/image\\\/\"}}]}<\/script>\n<!-- \/ Yoast SEO plugin. -->","yoast_head_json":{"title":"Pesebre de Bethlehem patr\u00f3n de ganchillo - Craftygenesindonesia","description":"Compra aqu\u00ed mi patr\u00f3n de ganchillo \" Pesebre de Bethlehem\". El patr\u00f3n de ganchillo \"todo en uno\" tambi\u00e9n est\u00e1 disponible en Haked, Etsy y Ravelry","robots":{"index":"index","follow":"follow","max-snippet":"max-snippet:-1","max-image-preview":"max-image-preview:large","max-video-preview":"max-video-preview:-1"},"canonical":"https:\/\/craftygenesindonesia.com\/es\/shop\/paquetes\/pesebre-de-bethlehem\/","og_locale":"es_ES","og_type":"article","og_title":"Patr\u00f3n de ganchillo de \" Pesebre de Bethelehem\"","og_description":"Compra aqu\u00ed mi patr\u00f3n de ganchillo \" Pesebre de Bethlehem\". El patr\u00f3n de ganchillo \"todo en uno\" tambi\u00e9n est\u00e1 disponible en Haked, Etsy y Ravelry","og_url":"https:\/\/craftygenesindonesia.com\/es\/shop\/paquetes\/pesebre-de-bethlehem\/","og_site_name":"Craftygenesindonesia","article_modified_time":"2026-03-23T03:14:45+00:00","og_image":[{"url":"https:\/\/craftygenesindonesia.com\/wp-content\/uploads\/2024\/07\/Copy-of-Bethlehem-Nativity-Set-300x300.jpg","type":"","width":"","height":""}],"twitter_card":"summary_large_image","twitter_misc":{"Tiempo de lectura":"2 minutos"},"schema":{"@context":"https:\/\/schema.org","@graph":[{"@type":"WebPage","@id":"https:\/\/craftygenesindonesia.com\/es\/shop\/paquetes\/pesebre-de-bethlehem\/","url":"https:\/\/craftygenesindonesia.com\/es\/shop\/paquetes\/pesebre-de-bethlehem\/","name":"Pesebre de Bethlehem patr\u00f3n de ganchillo - Craftygenesindonesia","isPartOf":{"@id":"https:\/\/craftygenesindonesia.com\/es\/#website"},"primaryImageOfPage":{"@id":"https:\/\/craftygenesindonesia.com\/es\/shop\/paquetes\/pesebre-de-bethlehem\/#primaryimage"},"image":{"@id":"https:\/\/craftygenesindonesia.com\/es\/shop\/paquetes\/pesebre-de-bethlehem\/#primaryimage"},"thumbnailUrl":"https:\/\/craftygenesindonesia.com\/wp-content\/uploads\/2024\/07\/Bethlehem-Nativity-Set.jpg","datePublished":"2024-07-05T23:06:27+00:00","dateModified":"2026-03-23T03:14:45+00:00","description":"Compra aqu\u00ed mi patr\u00f3n de ganchillo \" Pesebre de Bethlehem\". El patr\u00f3n de ganchillo \"todo en uno\" tambi\u00e9n est\u00e1 disponible en Haked, Etsy y Ravelry","breadcrumb":{"@id":"https:\/\/craftygenesindonesia.com\/es\/shop\/paquetes\/pesebre-de-bethlehem\/#breadcrumb"},"inLanguage":"es","potentialAction":[{"@type":"ReadAction","target":["https:\/\/craftygenesindonesia.com\/es\/shop\/paquetes\/pesebre-de-bethlehem\/"]}]},{"@type":"ImageObject","inLanguage":"es","@id":"https:\/\/craftygenesindonesia.com\/es\/shop\/paquetes\/pesebre-de-bethlehem\/#primaryimage","url":"https:\/\/craftygenesindonesia.com\/wp-content\/uploads\/2024\/07\/Bethlehem-Nativity-Set.jpg","contentUrl":"https:\/\/craftygenesindonesia.com\/wp-content\/uploads\/2024\/07\/Bethlehem-Nativity-Set.jpg","width":1080,"height":1080,"caption":"crochet nativity set with holy family, dromedary, ox, donkey, shepherd, sheep, wise men, well, pots, broom, stable, palm tree"},{"@type":"BreadcrumbList","@id":"https:\/\/craftygenesindonesia.com\/es\/shop\/paquetes\/pesebre-de-bethlehem\/#breadcrumb","itemListElement":[{"@type":"ListItem","position":1,"name":"Home","item":"https:\/\/craftygenesindonesia.com\/es\/"},{"@type":"ListItem","position":2,"name":"Tienda de patrones","item":"https:\/\/craftygenesindonesia.com\/es\/tienda-de-patrones\/"},{"@type":"ListItem","position":3,"name":"Pesebre de Bethlehem"}]},{"@type":"WebSite","@id":"https:\/\/craftygenesindonesia.com\/es\/#website","url":"https:\/\/craftygenesindonesia.com\/es\/","name":"Craftygenesindonesia","description":"","publisher":{"@id":"https:\/\/craftygenesindonesia.com\/es\/#organization"},"potentialAction":[{"@type":"SearchAction","target":{"@type":"EntryPoint","urlTemplate":"https:\/\/craftygenesindonesia.com\/es\/?s={search_term_string}"},"query-input":{"@type":"PropertyValueSpecification","valueRequired":true,"valueName":"search_term_string"}}],"inLanguage":"es"},{"@type":"Organization","@id":"https:\/\/craftygenesindonesia.com\/es\/#organization","name":"Craftygenesindonesia","url":"https:\/\/craftygenesindonesia.com\/es\/","logo":{"@type":"ImageObject","inLanguage":"es","@id":"https:\/\/craftygenesindonesia.com\/es\/#\/schema\/logo\/image\/","url":"https:\/\/craftygenesindonesia.com\/wp-content\/uploads\/2025\/11\/cropped-Copy-of-Craftygenesindonesia.jpg","contentUrl":"https:\/\/craftygenesindonesia.com\/wp-content\/uploads\/2025\/11\/cropped-Copy-of-Craftygenesindonesia.jpg","width":180,"height":60,"caption":"Craftygenesindonesia"},"image":{"@id":"https:\/\/craftygenesindonesia.com\/es\/#\/schema\/logo\/image\/"}}]}},"_links":{"self":[{"href":"https:\/\/craftygenesindonesia.com\/es\/wp-json\/wp\/v2\/product\/987519045","targetHints":{"allow":["GET"]}}],"collection":[{"href":"https:\/\/craftygenesindonesia.com\/es\/wp-json\/wp\/v2\/product"}],"about":[{"href":"https:\/\/craftygenesindonesia.com\/es\/wp-json\/wp\/v2\/types\/product"}],"replies":[{"embeddable":true,"href":"https:\/\/craftygenesindonesia.com\/es\/wp-json\/wp\/v2\/comments?post=987519045"}],"wp:featuredmedia":[{"embeddable":true,"href":"https:\/\/craftygenesindonesia.com\/es\/wp-json\/wp\/v2\/media\/987520370"}],"wp:attachment":[{"href":"https:\/\/craftygenesindonesia.com\/es\/wp-json\/wp\/v2\/media?parent=987519045"}],"wp:term":[{"taxonomy":"product_brand","embeddable":true,"href":"https:\/\/craftygenesindonesia.com\/es\/wp-json\/wp\/v2\/product_brand?post=987519045"},{"taxonomy":"product_cat","embeddable":true,"href":"https:\/\/craftygenesindonesia.com\/es\/wp-json\/wp\/v2\/product_cat?post=987519045"},{"taxonomy":"product_tag","embeddable":true,"href":"https:\/\/craftygenesindonesia.com\/es\/wp-json\/wp\/v2\/product_tag?post=987519045"}],"curies":[{"name":"wp","href":"https:\/\/api.w.org\/{rel}","templated":true}]}}