{"id":987518346,"date":"2024-05-14T07:47:40","date_gmt":"2024-05-13T23:47:40","guid":{"rendered":"https:\/\/craftygenesindonesia.com\/product\/el-embrague-rosita\/"},"modified":"2026-03-23T11:27:06","modified_gmt":"2026-03-23T03:27:06","slug":"el-embrague-rosita","status":"publish","type":"product","link":"https:\/\/craftygenesindonesia.com\/es\/shop\/patrones-de-bolsas\/el-embrague-rosita\/","title":{"rendered":"Bolsa Rosita"},"content":{"rendered":"<p>Mide 23cmx13cm (9\u00ab x 5.1\u00bb). Est\u00e1 hecho con hilo de peso \u00abFINGERING\u00bb y una aguja de ganchillo de tama\u00f1o 3mm.<\/p>\n<p>Necesitar\u00e1s: 135-150m de hilo negro y 135m de hilo rosa.<\/p>\n<p>La galga para este patr\u00f3n es de 11c x 11 filas por 5cm (2\u201d).<\/p>\n<p>Yo utilic\u00e9 un trozo de tela peque\u00f1o de un tama\u00f1o dos veces superior al del bolso. La tela no tiene que ser de ning\u00fan tipo espec\u00edfico. Puedes usar sat\u00e9n, algod\u00f3n, \u2026 .<\/p>\n<p>Tambi\u00e9n he utilizado un bot\u00f3n de 15 mm y una anilla de 10 mm.<\/p>\n<p>Aguja de ganchillo: tama\u00f1o 3mm.<\/p>\n<p>Este patr\u00f3n incluye un patr\u00f3n escrito y muchas fotos para ayudarte.<br \/>\nEn caso de que tengas problemas para entenderlo, no dudes en enviarme un mensaje a:\u00a0<a href=\"mailto:craftygenesindonesia@gmail.com\">craftygenesindonesia@gmail.com<\/a><\/p>\n<p><strong>-Este patr\u00f3n es s\u00f3lo para uso personal y tiene COPYRIGHT. Por lo tanto, el patr\u00f3n es s\u00f3lo para uso personal y no puede ser copiado, vendido, revendido, traducido, reclamado como su dise\u00f1o, distribuido, compartido, publicado, publicado en l\u00ednea \u2026 en cualquier forma sin mi consentimiento. Ni siquiera una parte<\/strong><\/p>\n<p><strong>-Puedes vender el art\u00edculo terminado, pero no el patr\u00f3n en s\u00ed<\/strong><\/p>\n","protected":false},"excerpt":{"rendered":"<p>Este patr\u00f3n de ganchillo f\u00e1cil de seguir es perfecto para alguien que busca un bolso de mano sencillo pero bonito.<\/p>\n","protected":false},"featured_media":987520219,"comment_status":"open","ping_status":"closed","template":"","meta":{"_acf_changed":false},"product_brand":[],"product_cat":[3040],"product_tag":[11234,10738,11481],"class_list":{"0":"post-987518346","1":"product","2":"type-product","3":"status-publish","4":"has-post-thumbnail","6":"product_cat-patrones-de-bolsas","7":"product_tag-bolsa-es-2","8":"product_tag-embrague","9":"product_tag-monedero","10":"pa_available_on-craftygenesindonesia","11":"pa_available_on-etsy","12":"pa_available_on-haked-nl","13":"pa_available_on-payhip","14":"pa_available_on-ravelry","15":"pa_languages-espanol","16":"pa_languages-estados-unidos-ingles","17":"pa_languages-frances","18":"pa_languages-holandes","20":"first","21":"instock","22":"downloadable","23":"virtual","24":"purchasable","25":"product-type-simple"},"acf":[],"yoast_head":"<!-- This site is optimized with the Yoast SEO plugin v27.4 - https:\/\/yoast.com\/product\/yoast-seo-wordpress\/ -->\n<title>Bolsa Rosita patr\u00f3n de ganchillo - Craftygenesindonesia<\/title>\n<meta name=\"description\" content=\"Compra aqu\u00ed mi patr\u00f3n de ganchillo para bolso &quot;Embrague Rosita&quot;. El patr\u00f3n de ganchillo f\u00e1cil de seguir tambi\u00e9n est\u00e1 disponible en Etsy, Haked.nl &amp; Ravelry\" \/>\n<meta name=\"robots\" content=\"index, follow, max-snippet:-1, max-image-preview:large, max-video-preview:-1\" \/>\n<link rel=\"canonical\" href=\"https:\/\/craftygenesindonesia.com\/es\/shop\/patrones-de-bolsas\/el-embrague-rosita\/\" \/>\n<meta property=\"og:locale\" content=\"es_ES\" \/>\n<meta property=\"og:type\" content=\"article\" \/>\n<meta property=\"og:title\" content=\"Patr\u00f3n de ganchillo para bolso &quot;Bolsa Rosita&quot;\" \/>\n<meta property=\"og:description\" content=\"Compra aqu\u00ed mi patr\u00f3n de ganchillo para bolsa &quot;Bolsa Rosita&quot;. El patr\u00f3n de ganchillo f\u00e1cil de seguir tambi\u00e9n est\u00e1 disponible en Etsy, Haked.nl &amp; Ravelry\" \/>\n<meta property=\"og:url\" content=\"https:\/\/craftygenesindonesia.com\/es\/shop\/patrones-de-bolsas\/el-embrague-rosita\/\" \/>\n<meta property=\"og:site_name\" content=\"Craftygenesindonesia\" \/>\n<meta property=\"article:modified_time\" content=\"2026-03-23T03:27:06+00:00\" \/>\n<meta property=\"og:image\" content=\"https:\/\/craftygenesindonesia.com\/wp-content\/uploads\/2024\/05\/Rosita-Clutch-1.jpg\" \/>\n\t<meta property=\"og:image:width\" content=\"1080\" \/>\n\t<meta property=\"og:image:height\" content=\"1080\" \/>\n\t<meta property=\"og:image:type\" content=\"image\/jpeg\" \/>\n<meta name=\"twitter:card\" content=\"summary_large_image\" \/>\n<meta name=\"twitter:label1\" content=\"Tiempo de lectura\" \/>\n\t<meta name=\"twitter:data1\" content=\"1 minuto\" \/>\n<script type=\"application\/ld+json\" class=\"yoast-schema-graph\">{\"@context\":\"https:\\\/\\\/schema.org\",\"@graph\":[{\"@type\":\"WebPage\",\"@id\":\"https:\\\/\\\/craftygenesindonesia.com\\\/es\\\/shop\\\/patrones-de-bolsas\\\/el-embrague-rosita\\\/\",\"url\":\"https:\\\/\\\/craftygenesindonesia.com\\\/es\\\/shop\\\/patrones-de-bolsas\\\/el-embrague-rosita\\\/\",\"name\":\"Bolsa Rosita patr\u00f3n de ganchillo - Craftygenesindonesia\",\"isPartOf\":{\"@id\":\"https:\\\/\\\/craftygenesindonesia.com\\\/es\\\/#website\"},\"primaryImageOfPage\":{\"@id\":\"https:\\\/\\\/craftygenesindonesia.com\\\/es\\\/shop\\\/patrones-de-bolsas\\\/el-embrague-rosita\\\/#primaryimage\"},\"image\":{\"@id\":\"https:\\\/\\\/craftygenesindonesia.com\\\/es\\\/shop\\\/patrones-de-bolsas\\\/el-embrague-rosita\\\/#primaryimage\"},\"thumbnailUrl\":\"https:\\\/\\\/craftygenesindonesia.com\\\/wp-content\\\/uploads\\\/2024\\\/05\\\/Rosita-Clutch-1.jpg\",\"datePublished\":\"2024-05-13T23:47:40+00:00\",\"dateModified\":\"2026-03-23T03:27:06+00:00\",\"description\":\"Compra aqu\u00ed mi patr\u00f3n de ganchillo para bolso \\\"Embrague Rosita\\\". El patr\u00f3n de ganchillo f\u00e1cil de seguir tambi\u00e9n est\u00e1 disponible en Etsy, Haked.nl & Ravelry\",\"breadcrumb\":{\"@id\":\"https:\\\/\\\/craftygenesindonesia.com\\\/es\\\/shop\\\/patrones-de-bolsas\\\/el-embrague-rosita\\\/#breadcrumb\"},\"inLanguage\":\"es\",\"potentialAction\":[{\"@type\":\"ReadAction\",\"target\":[\"https:\\\/\\\/craftygenesindonesia.com\\\/es\\\/shop\\\/patrones-de-bolsas\\\/el-embrague-rosita\\\/\"]}]},{\"@type\":\"ImageObject\",\"inLanguage\":\"es\",\"@id\":\"https:\\\/\\\/craftygenesindonesia.com\\\/es\\\/shop\\\/patrones-de-bolsas\\\/el-embrague-rosita\\\/#primaryimage\",\"url\":\"https:\\\/\\\/craftygenesindonesia.com\\\/wp-content\\\/uploads\\\/2024\\\/05\\\/Rosita-Clutch-1.jpg\",\"contentUrl\":\"https:\\\/\\\/craftygenesindonesia.com\\\/wp-content\\\/uploads\\\/2024\\\/05\\\/Rosita-Clutch-1.jpg\",\"width\":1080,\"height\":1080,\"caption\":\"crochet clutch purse bag\"},{\"@type\":\"BreadcrumbList\",\"@id\":\"https:\\\/\\\/craftygenesindonesia.com\\\/es\\\/shop\\\/patrones-de-bolsas\\\/el-embrague-rosita\\\/#breadcrumb\",\"itemListElement\":[{\"@type\":\"ListItem\",\"position\":1,\"name\":\"Home\",\"item\":\"https:\\\/\\\/craftygenesindonesia.com\\\/es\\\/\"},{\"@type\":\"ListItem\",\"position\":2,\"name\":\"Tienda de patrones\",\"item\":\"https:\\\/\\\/craftygenesindonesia.com\\\/es\\\/tienda-de-patrones\\\/\"},{\"@type\":\"ListItem\",\"position\":3,\"name\":\"Bolsa Rosita\"}]},{\"@type\":\"WebSite\",\"@id\":\"https:\\\/\\\/craftygenesindonesia.com\\\/es\\\/#website\",\"url\":\"https:\\\/\\\/craftygenesindonesia.com\\\/es\\\/\",\"name\":\"Craftygenesindonesia\",\"description\":\"\",\"publisher\":{\"@id\":\"https:\\\/\\\/craftygenesindonesia.com\\\/es\\\/#organization\"},\"potentialAction\":[{\"@type\":\"SearchAction\",\"target\":{\"@type\":\"EntryPoint\",\"urlTemplate\":\"https:\\\/\\\/craftygenesindonesia.com\\\/es\\\/?s={search_term_string}\"},\"query-input\":{\"@type\":\"PropertyValueSpecification\",\"valueRequired\":true,\"valueName\":\"search_term_string\"}}],\"inLanguage\":\"es\"},{\"@type\":\"Organization\",\"@id\":\"https:\\\/\\\/craftygenesindonesia.com\\\/es\\\/#organization\",\"name\":\"Craftygenesindonesia\",\"url\":\"https:\\\/\\\/craftygenesindonesia.com\\\/es\\\/\",\"logo\":{\"@type\":\"ImageObject\",\"inLanguage\":\"es\",\"@id\":\"https:\\\/\\\/craftygenesindonesia.com\\\/es\\\/#\\\/schema\\\/logo\\\/image\\\/\",\"url\":\"https:\\\/\\\/craftygenesindonesia.com\\\/wp-content\\\/uploads\\\/2025\\\/11\\\/cropped-Copy-of-Craftygenesindonesia.jpg\",\"contentUrl\":\"https:\\\/\\\/craftygenesindonesia.com\\\/wp-content\\\/uploads\\\/2025\\\/11\\\/cropped-Copy-of-Craftygenesindonesia.jpg\",\"width\":180,\"height\":60,\"caption\":\"Craftygenesindonesia\"},\"image\":{\"@id\":\"https:\\\/\\\/craftygenesindonesia.com\\\/es\\\/#\\\/schema\\\/logo\\\/image\\\/\"}}]}<\/script>\n<!-- \/ Yoast SEO plugin. -->","yoast_head_json":{"title":"Bolsa Rosita patr\u00f3n de ganchillo - Craftygenesindonesia","description":"Compra aqu\u00ed mi patr\u00f3n de ganchillo para bolso \"Embrague Rosita\". El patr\u00f3n de ganchillo f\u00e1cil de seguir tambi\u00e9n est\u00e1 disponible en Etsy, Haked.nl & Ravelry","robots":{"index":"index","follow":"follow","max-snippet":"max-snippet:-1","max-image-preview":"max-image-preview:large","max-video-preview":"max-video-preview:-1"},"canonical":"https:\/\/craftygenesindonesia.com\/es\/shop\/patrones-de-bolsas\/el-embrague-rosita\/","og_locale":"es_ES","og_type":"article","og_title":"Patr\u00f3n de ganchillo para bolso \"Bolsa Rosita\"","og_description":"Compra aqu\u00ed mi patr\u00f3n de ganchillo para bolsa \"Bolsa Rosita\". El patr\u00f3n de ganchillo f\u00e1cil de seguir tambi\u00e9n est\u00e1 disponible en Etsy, Haked.nl & Ravelry","og_url":"https:\/\/craftygenesindonesia.com\/es\/shop\/patrones-de-bolsas\/el-embrague-rosita\/","og_site_name":"Craftygenesindonesia","article_modified_time":"2026-03-23T03:27:06+00:00","og_image":[{"width":1080,"height":1080,"url":"https:\/\/craftygenesindonesia.com\/wp-content\/uploads\/2024\/05\/Rosita-Clutch-1.jpg","type":"image\/jpeg"}],"twitter_card":"summary_large_image","twitter_misc":{"Tiempo de lectura":"1 minuto"},"schema":{"@context":"https:\/\/schema.org","@graph":[{"@type":"WebPage","@id":"https:\/\/craftygenesindonesia.com\/es\/shop\/patrones-de-bolsas\/el-embrague-rosita\/","url":"https:\/\/craftygenesindonesia.com\/es\/shop\/patrones-de-bolsas\/el-embrague-rosita\/","name":"Bolsa Rosita patr\u00f3n de ganchillo - Craftygenesindonesia","isPartOf":{"@id":"https:\/\/craftygenesindonesia.com\/es\/#website"},"primaryImageOfPage":{"@id":"https:\/\/craftygenesindonesia.com\/es\/shop\/patrones-de-bolsas\/el-embrague-rosita\/#primaryimage"},"image":{"@id":"https:\/\/craftygenesindonesia.com\/es\/shop\/patrones-de-bolsas\/el-embrague-rosita\/#primaryimage"},"thumbnailUrl":"https:\/\/craftygenesindonesia.com\/wp-content\/uploads\/2024\/05\/Rosita-Clutch-1.jpg","datePublished":"2024-05-13T23:47:40+00:00","dateModified":"2026-03-23T03:27:06+00:00","description":"Compra aqu\u00ed mi patr\u00f3n de ganchillo para bolso \"Embrague Rosita\". El patr\u00f3n de ganchillo f\u00e1cil de seguir tambi\u00e9n est\u00e1 disponible en Etsy, Haked.nl & Ravelry","breadcrumb":{"@id":"https:\/\/craftygenesindonesia.com\/es\/shop\/patrones-de-bolsas\/el-embrague-rosita\/#breadcrumb"},"inLanguage":"es","potentialAction":[{"@type":"ReadAction","target":["https:\/\/craftygenesindonesia.com\/es\/shop\/patrones-de-bolsas\/el-embrague-rosita\/"]}]},{"@type":"ImageObject","inLanguage":"es","@id":"https:\/\/craftygenesindonesia.com\/es\/shop\/patrones-de-bolsas\/el-embrague-rosita\/#primaryimage","url":"https:\/\/craftygenesindonesia.com\/wp-content\/uploads\/2024\/05\/Rosita-Clutch-1.jpg","contentUrl":"https:\/\/craftygenesindonesia.com\/wp-content\/uploads\/2024\/05\/Rosita-Clutch-1.jpg","width":1080,"height":1080,"caption":"crochet clutch purse bag"},{"@type":"BreadcrumbList","@id":"https:\/\/craftygenesindonesia.com\/es\/shop\/patrones-de-bolsas\/el-embrague-rosita\/#breadcrumb","itemListElement":[{"@type":"ListItem","position":1,"name":"Home","item":"https:\/\/craftygenesindonesia.com\/es\/"},{"@type":"ListItem","position":2,"name":"Tienda de patrones","item":"https:\/\/craftygenesindonesia.com\/es\/tienda-de-patrones\/"},{"@type":"ListItem","position":3,"name":"Bolsa Rosita"}]},{"@type":"WebSite","@id":"https:\/\/craftygenesindonesia.com\/es\/#website","url":"https:\/\/craftygenesindonesia.com\/es\/","name":"Craftygenesindonesia","description":"","publisher":{"@id":"https:\/\/craftygenesindonesia.com\/es\/#organization"},"potentialAction":[{"@type":"SearchAction","target":{"@type":"EntryPoint","urlTemplate":"https:\/\/craftygenesindonesia.com\/es\/?s={search_term_string}"},"query-input":{"@type":"PropertyValueSpecification","valueRequired":true,"valueName":"search_term_string"}}],"inLanguage":"es"},{"@type":"Organization","@id":"https:\/\/craftygenesindonesia.com\/es\/#organization","name":"Craftygenesindonesia","url":"https:\/\/craftygenesindonesia.com\/es\/","logo":{"@type":"ImageObject","inLanguage":"es","@id":"https:\/\/craftygenesindonesia.com\/es\/#\/schema\/logo\/image\/","url":"https:\/\/craftygenesindonesia.com\/wp-content\/uploads\/2025\/11\/cropped-Copy-of-Craftygenesindonesia.jpg","contentUrl":"https:\/\/craftygenesindonesia.com\/wp-content\/uploads\/2025\/11\/cropped-Copy-of-Craftygenesindonesia.jpg","width":180,"height":60,"caption":"Craftygenesindonesia"},"image":{"@id":"https:\/\/craftygenesindonesia.com\/es\/#\/schema\/logo\/image\/"}}]}},"_links":{"self":[{"href":"https:\/\/craftygenesindonesia.com\/es\/wp-json\/wp\/v2\/product\/987518346","targetHints":{"allow":["GET"]}}],"collection":[{"href":"https:\/\/craftygenesindonesia.com\/es\/wp-json\/wp\/v2\/product"}],"about":[{"href":"https:\/\/craftygenesindonesia.com\/es\/wp-json\/wp\/v2\/types\/product"}],"replies":[{"embeddable":true,"href":"https:\/\/craftygenesindonesia.com\/es\/wp-json\/wp\/v2\/comments?post=987518346"}],"wp:featuredmedia":[{"embeddable":true,"href":"https:\/\/craftygenesindonesia.com\/es\/wp-json\/wp\/v2\/media\/987520219"}],"wp:attachment":[{"href":"https:\/\/craftygenesindonesia.com\/es\/wp-json\/wp\/v2\/media?parent=987518346"}],"wp:term":[{"taxonomy":"product_brand","embeddable":true,"href":"https:\/\/craftygenesindonesia.com\/es\/wp-json\/wp\/v2\/product_brand?post=987518346"},{"taxonomy":"product_cat","embeddable":true,"href":"https:\/\/craftygenesindonesia.com\/es\/wp-json\/wp\/v2\/product_cat?post=987518346"},{"taxonomy":"product_tag","embeddable":true,"href":"https:\/\/craftygenesindonesia.com\/es\/wp-json\/wp\/v2\/product_tag?post=987518346"}],"curies":[{"name":"wp","href":"https:\/\/api.w.org\/{rel}","templated":true}]}}