{"id":987517739,"date":"2024-04-13T05:18:58","date_gmt":"2024-04-12T21:18:58","guid":{"rendered":"https:\/\/craftygenesindonesia.com\/?post_type=product&#038;p=987517739"},"modified":"2026-03-23T11:35:23","modified_gmt":"2026-03-23T03:35:23","slug":"juego-de-6-bolsas-idalia","status":"publish","type":"product","link":"https:\/\/craftygenesindonesia.com\/es\/shop\/patrones-de-bolsas\/juego-de-6-bolsas-idalia\/","title":{"rendered":"Juego de 6 Bolsas Idalia"},"content":{"rendered":"<p>En este patr\u00f3n 6en1 obtendr\u00e1 los patrones para 6 bolsos diferentes en estos tama\u00f1os:<\/p>\n<ul>\n<li>Bolsa grande: 34x27x11cm \/ 13.4&#215;10.6&#215;4.3pulg.<\/li>\n<li>Bolsa mediana: 25x17x6cm\/ 9.8&#215;6.7&#215;2.4pulg.<\/li>\n<li>Billetera: 13x21x3cm\/ 5.1&#215;8.3&#215;1.2pulg.<\/li>\n<li>Funda para llaves: 12x6x1cm\/ 4.7&#215;2.4&#215;0.4pulg.<\/li>\n<li>Funda del tel\u00e9fono: 17x11x1cm \/ 6.7x.4.3&#215;0.4pulg.<\/li>\n<li>Monedero con broche: 8x10x5cm \/ 3.1x4x2pulg<\/li>\n<\/ul>\n<p>&nbsp;<\/p>\n<p>He utilizado hilo de nailon dorado metalizado, pero puedes utilizar el hilo que quieras. No es necesario que sea de nailon.<\/p>\n<p>He utilizado 1500m o aproximadamente 1,3kg de hilo de ganchillo de nylon D27 (hilo de peso &#8220;SPORT&#8221;)<\/p>\n<p>&nbsp;<\/p>\n<p>Aguja de ganchillo: 3mm<\/p>\n<p>&nbsp;<\/p>\n<p>Yo tambi\u00e9n he usado estas cosas: Espuma Eva*, botones a presi\u00f3n, anillos en D, imanes para bolsas, Interfaz fusible, barras de pegamento, pistola de pegamento, aguja lanera, aguja de coser e hilo a juego, hoja de pl\u00e1stico transparente y flexible de 1 mm, m\u00e1quina de coser (opcional), Bonito bot\u00f3n de 15 mm, cremallera + cabeza de cremallera, gancho, broche de monedero, cerradura, tijeras, l\u00e1piz, regla, marcadores de puntos, alfileres de costura, plancha<\/p>\n<p>&nbsp;<\/p>\n<p>* La espuma Eva se puede reemplazar por una entretela de bolsa razonablemente r\u00edgida, esterilla de yoga, lona de pl\u00e1stico, \u2026<\/p>\n<p>**En el patr\u00f3n, en la p\u00e1gina 2, hay fotos claras de los suministros para asegurarse de que todo est\u00e1 claro.<\/p>\n<p>&nbsp;<\/p>\n<p>Tela necesaria: tela resistente para el forro, unos 1-2m\/yd<\/p>\n<p>&nbsp;<\/p>\n<p><strong>TENSI\u00d3N<\/strong>: 10 puntos x 10 hileras por 5 cm\/2 pulgada (se trata de puntos bajos de ganchillo hacia adelante y hacia atr\u00e1s)<\/p>\n<p>&nbsp;<\/p>\n<p>Este patr\u00f3n es un patr\u00f3n escrito con un mont\u00f3n de fotos para ayudarle. Si todav\u00eda tiene preguntas, por favor env\u00edeme un mensaje a: <a href=\"mailto:craftygenesindonesia@gmail.com\">craftygenesindonesia@gmail.com<\/a><\/p>\n<p>&nbsp;<\/p>\n<p>**Este patr\u00f3n es s\u00f3lo para uso personal y hay un COPYRIGHT en \u00e9l. El patr\u00f3n por lo tanto NO puede ser copiado, vendido, revendido, traducido, reclamado como su dise\u00f1o, distribuido, compartido, publicado, publicado en l\u00ednea &#8230; en cualquier forma sin mi consentimiento. Ni siquiera una parte!<\/p>\n<p>&nbsp;<\/p>\n<p>**Puede vender el art\u00edculo acabado en peque\u00f1as cantidades, PERO NO EL PATR\u00d3N!! Por favor, mencione que el patr\u00f3n es por Craftygenesindonesia y donde se puede comprar<\/p>\n","protected":false},"excerpt":{"rendered":"<p>Este es un juego de bolso de ganchillo 6en1. En este patr\u00f3n obtendr\u00e1 los patrones para un bolso grande, un bolso mediano, una cartera, un bolsillo para las llaves, una funda para el tel\u00e9fono y un monedero con cierre. Todos est\u00e1n incluidos en este patr\u00f3n. El patr\u00f3n es muy sencillo y s\u00f3lo utiliza los puntos b\u00e1sicos.<\/p>\n","protected":false},"featured_media":987525800,"comment_status":"open","ping_status":"closed","template":"","meta":{"_acf_changed":false},"product_brand":[],"product_cat":[3040],"product_tag":[10862,11234,9646,11674,11461,11423,11481],"class_list":{"0":"post-987517739","1":"product","2":"type-product","3":"status-publish","4":"has-post-thumbnail","6":"product_cat-patrones-de-bolsas","7":"product_tag-bolsa","8":"product_tag-bolsa-es-2","9":"product_tag-cartera-es","10":"product_tag-cartera-es-2","11":"product_tag-funda","12":"product_tag-funda-de-telefono","13":"product_tag-monedero","14":"pa_available_on-craftygenesindonesia","15":"pa_available_on-etsy","16":"pa_available_on-haked-nl","17":"pa_available_on-payhip","18":"pa_available_on-ravelry","19":"pa_languages-aleman","20":"pa_languages-espanol","21":"pa_languages-estados-unidos-ingles","22":"pa_languages-frances","23":"pa_languages-holandes","25":"first","26":"instock","27":"downloadable","28":"virtual","29":"purchasable","30":"product-type-simple"},"acf":[],"yoast_head":"<!-- This site is optimized with the Yoast SEO plugin v27.4 - https:\/\/yoast.com\/product\/yoast-seo-wordpress\/ -->\n<title>Juego de 6 Bolsas Idalia patr\u00f3n de ganchillo - Craftygenesindonesia<\/title>\n<meta name=\"description\" content=\"Compra aqu\u00ed mi patr\u00f3n de ganchillo &quot;Juego de 6 Bolsas Idalia&quot;. El patr\u00f3n de ganchillo, tambi\u00e9n est\u00e1 disponible en Haked, Etsy, Ravelry, Payhip\" \/>\n<meta name=\"robots\" content=\"index, follow, max-snippet:-1, max-image-preview:large, max-video-preview:-1\" \/>\n<link rel=\"canonical\" href=\"https:\/\/craftygenesindonesia.com\/es\/shop\/patrones-de-bolsas\/juego-de-6-bolsas-idalia\/\" \/>\n<meta property=\"og:locale\" content=\"es_ES\" \/>\n<meta property=\"og:type\" content=\"article\" \/>\n<meta property=\"og:title\" content=\"&quot;Juego de 6 Bolsas Idalia&quot; patr\u00f3n de ganchillo\" \/>\n<meta property=\"og:description\" content=\"Compra aqu\u00ed mi patr\u00f3n de ganchillo &quot;Juego de 6 Bolsas Idalia&quot;. El patr\u00f3n de ganchillo, tambi\u00e9n est\u00e1 disponible en Haked, Etsy, Ravelry, Payhip\" \/>\n<meta property=\"og:url\" content=\"https:\/\/craftygenesindonesia.com\/es\/shop\/patrones-de-bolsas\/juego-de-6-bolsas-idalia\/\" \/>\n<meta property=\"og:site_name\" content=\"Craftygenesindonesia\" \/>\n<meta property=\"article:modified_time\" content=\"2026-03-23T03:35:23+00:00\" \/>\n<meta property=\"og:image\" content=\"https:\/\/craftygenesindonesia.com\/wp-content\/uploads\/2024\/04\/Idalia-Handbag-2.jpg\" \/>\n\t<meta property=\"og:image:width\" content=\"1080\" \/>\n\t<meta property=\"og:image:height\" content=\"1080\" \/>\n\t<meta property=\"og:image:type\" content=\"image\/jpeg\" \/>\n<meta name=\"twitter:card\" content=\"summary_large_image\" \/>\n<meta name=\"twitter:label1\" content=\"Tiempo de lectura\" \/>\n\t<meta name=\"twitter:data1\" content=\"2 minutos\" \/>\n<script type=\"application\/ld+json\" class=\"yoast-schema-graph\">{\"@context\":\"https:\\\/\\\/schema.org\",\"@graph\":[{\"@type\":\"WebPage\",\"@id\":\"https:\\\/\\\/craftygenesindonesia.com\\\/es\\\/shop\\\/patrones-de-bolsas\\\/juego-de-6-bolsas-idalia\\\/\",\"url\":\"https:\\\/\\\/craftygenesindonesia.com\\\/es\\\/shop\\\/patrones-de-bolsas\\\/juego-de-6-bolsas-idalia\\\/\",\"name\":\"Juego de 6 Bolsas Idalia patr\u00f3n de ganchillo - Craftygenesindonesia\",\"isPartOf\":{\"@id\":\"https:\\\/\\\/craftygenesindonesia.com\\\/es\\\/#website\"},\"primaryImageOfPage\":{\"@id\":\"https:\\\/\\\/craftygenesindonesia.com\\\/es\\\/shop\\\/patrones-de-bolsas\\\/juego-de-6-bolsas-idalia\\\/#primaryimage\"},\"image\":{\"@id\":\"https:\\\/\\\/craftygenesindonesia.com\\\/es\\\/shop\\\/patrones-de-bolsas\\\/juego-de-6-bolsas-idalia\\\/#primaryimage\"},\"thumbnailUrl\":\"https:\\\/\\\/craftygenesindonesia.com\\\/wp-content\\\/uploads\\\/2024\\\/04\\\/Idalia-Handbag-2.jpg\",\"datePublished\":\"2024-04-12T21:18:58+00:00\",\"dateModified\":\"2026-03-23T03:35:23+00:00\",\"description\":\"Compra aqu\u00ed mi patr\u00f3n de ganchillo \\\"Juego de 6 Bolsas Idalia\\\". El patr\u00f3n de ganchillo, tambi\u00e9n est\u00e1 disponible en Haked, Etsy, Ravelry, Payhip\",\"breadcrumb\":{\"@id\":\"https:\\\/\\\/craftygenesindonesia.com\\\/es\\\/shop\\\/patrones-de-bolsas\\\/juego-de-6-bolsas-idalia\\\/#breadcrumb\"},\"inLanguage\":\"es\",\"potentialAction\":[{\"@type\":\"ReadAction\",\"target\":[\"https:\\\/\\\/craftygenesindonesia.com\\\/es\\\/shop\\\/patrones-de-bolsas\\\/juego-de-6-bolsas-idalia\\\/\"]}]},{\"@type\":\"ImageObject\",\"inLanguage\":\"es\",\"@id\":\"https:\\\/\\\/craftygenesindonesia.com\\\/es\\\/shop\\\/patrones-de-bolsas\\\/juego-de-6-bolsas-idalia\\\/#primaryimage\",\"url\":\"https:\\\/\\\/craftygenesindonesia.com\\\/wp-content\\\/uploads\\\/2024\\\/04\\\/Idalia-Handbag-2.jpg\",\"contentUrl\":\"https:\\\/\\\/craftygenesindonesia.com\\\/wp-content\\\/uploads\\\/2024\\\/04\\\/Idalia-Handbag-2.jpg\",\"width\":1080,\"height\":1080,\"caption\":\"crochet handbag set\"},{\"@type\":\"BreadcrumbList\",\"@id\":\"https:\\\/\\\/craftygenesindonesia.com\\\/es\\\/shop\\\/patrones-de-bolsas\\\/juego-de-6-bolsas-idalia\\\/#breadcrumb\",\"itemListElement\":[{\"@type\":\"ListItem\",\"position\":1,\"name\":\"Home\",\"item\":\"https:\\\/\\\/craftygenesindonesia.com\\\/es\\\/\"},{\"@type\":\"ListItem\",\"position\":2,\"name\":\"Tienda de patrones\",\"item\":\"https:\\\/\\\/craftygenesindonesia.com\\\/es\\\/tienda-de-patrones\\\/\"},{\"@type\":\"ListItem\",\"position\":3,\"name\":\"Juego de 6 Bolsas Idalia\"}]},{\"@type\":\"WebSite\",\"@id\":\"https:\\\/\\\/craftygenesindonesia.com\\\/es\\\/#website\",\"url\":\"https:\\\/\\\/craftygenesindonesia.com\\\/es\\\/\",\"name\":\"Craftygenesindonesia\",\"description\":\"\",\"publisher\":{\"@id\":\"https:\\\/\\\/craftygenesindonesia.com\\\/es\\\/#organization\"},\"potentialAction\":[{\"@type\":\"SearchAction\",\"target\":{\"@type\":\"EntryPoint\",\"urlTemplate\":\"https:\\\/\\\/craftygenesindonesia.com\\\/es\\\/?s={search_term_string}\"},\"query-input\":{\"@type\":\"PropertyValueSpecification\",\"valueRequired\":true,\"valueName\":\"search_term_string\"}}],\"inLanguage\":\"es\"},{\"@type\":\"Organization\",\"@id\":\"https:\\\/\\\/craftygenesindonesia.com\\\/es\\\/#organization\",\"name\":\"Craftygenesindonesia\",\"url\":\"https:\\\/\\\/craftygenesindonesia.com\\\/es\\\/\",\"logo\":{\"@type\":\"ImageObject\",\"inLanguage\":\"es\",\"@id\":\"https:\\\/\\\/craftygenesindonesia.com\\\/es\\\/#\\\/schema\\\/logo\\\/image\\\/\",\"url\":\"https:\\\/\\\/craftygenesindonesia.com\\\/wp-content\\\/uploads\\\/2025\\\/11\\\/cropped-Copy-of-Craftygenesindonesia.jpg\",\"contentUrl\":\"https:\\\/\\\/craftygenesindonesia.com\\\/wp-content\\\/uploads\\\/2025\\\/11\\\/cropped-Copy-of-Craftygenesindonesia.jpg\",\"width\":180,\"height\":60,\"caption\":\"Craftygenesindonesia\"},\"image\":{\"@id\":\"https:\\\/\\\/craftygenesindonesia.com\\\/es\\\/#\\\/schema\\\/logo\\\/image\\\/\"}}]}<\/script>\n<!-- \/ Yoast SEO plugin. -->","yoast_head_json":{"title":"Juego de 6 Bolsas Idalia patr\u00f3n de ganchillo - Craftygenesindonesia","description":"Compra aqu\u00ed mi patr\u00f3n de ganchillo \"Juego de 6 Bolsas Idalia\". El patr\u00f3n de ganchillo, tambi\u00e9n est\u00e1 disponible en Haked, Etsy, Ravelry, Payhip","robots":{"index":"index","follow":"follow","max-snippet":"max-snippet:-1","max-image-preview":"max-image-preview:large","max-video-preview":"max-video-preview:-1"},"canonical":"https:\/\/craftygenesindonesia.com\/es\/shop\/patrones-de-bolsas\/juego-de-6-bolsas-idalia\/","og_locale":"es_ES","og_type":"article","og_title":"\"Juego de 6 Bolsas Idalia\" patr\u00f3n de ganchillo","og_description":"Compra aqu\u00ed mi patr\u00f3n de ganchillo \"Juego de 6 Bolsas Idalia\". El patr\u00f3n de ganchillo, tambi\u00e9n est\u00e1 disponible en Haked, Etsy, Ravelry, Payhip","og_url":"https:\/\/craftygenesindonesia.com\/es\/shop\/patrones-de-bolsas\/juego-de-6-bolsas-idalia\/","og_site_name":"Craftygenesindonesia","article_modified_time":"2026-03-23T03:35:23+00:00","og_image":[{"width":1080,"height":1080,"url":"https:\/\/craftygenesindonesia.com\/wp-content\/uploads\/2024\/04\/Idalia-Handbag-2.jpg","type":"image\/jpeg"}],"twitter_card":"summary_large_image","twitter_misc":{"Tiempo de lectura":"2 minutos"},"schema":{"@context":"https:\/\/schema.org","@graph":[{"@type":"WebPage","@id":"https:\/\/craftygenesindonesia.com\/es\/shop\/patrones-de-bolsas\/juego-de-6-bolsas-idalia\/","url":"https:\/\/craftygenesindonesia.com\/es\/shop\/patrones-de-bolsas\/juego-de-6-bolsas-idalia\/","name":"Juego de 6 Bolsas Idalia patr\u00f3n de ganchillo - Craftygenesindonesia","isPartOf":{"@id":"https:\/\/craftygenesindonesia.com\/es\/#website"},"primaryImageOfPage":{"@id":"https:\/\/craftygenesindonesia.com\/es\/shop\/patrones-de-bolsas\/juego-de-6-bolsas-idalia\/#primaryimage"},"image":{"@id":"https:\/\/craftygenesindonesia.com\/es\/shop\/patrones-de-bolsas\/juego-de-6-bolsas-idalia\/#primaryimage"},"thumbnailUrl":"https:\/\/craftygenesindonesia.com\/wp-content\/uploads\/2024\/04\/Idalia-Handbag-2.jpg","datePublished":"2024-04-12T21:18:58+00:00","dateModified":"2026-03-23T03:35:23+00:00","description":"Compra aqu\u00ed mi patr\u00f3n de ganchillo \"Juego de 6 Bolsas Idalia\". El patr\u00f3n de ganchillo, tambi\u00e9n est\u00e1 disponible en Haked, Etsy, Ravelry, Payhip","breadcrumb":{"@id":"https:\/\/craftygenesindonesia.com\/es\/shop\/patrones-de-bolsas\/juego-de-6-bolsas-idalia\/#breadcrumb"},"inLanguage":"es","potentialAction":[{"@type":"ReadAction","target":["https:\/\/craftygenesindonesia.com\/es\/shop\/patrones-de-bolsas\/juego-de-6-bolsas-idalia\/"]}]},{"@type":"ImageObject","inLanguage":"es","@id":"https:\/\/craftygenesindonesia.com\/es\/shop\/patrones-de-bolsas\/juego-de-6-bolsas-idalia\/#primaryimage","url":"https:\/\/craftygenesindonesia.com\/wp-content\/uploads\/2024\/04\/Idalia-Handbag-2.jpg","contentUrl":"https:\/\/craftygenesindonesia.com\/wp-content\/uploads\/2024\/04\/Idalia-Handbag-2.jpg","width":1080,"height":1080,"caption":"crochet handbag set"},{"@type":"BreadcrumbList","@id":"https:\/\/craftygenesindonesia.com\/es\/shop\/patrones-de-bolsas\/juego-de-6-bolsas-idalia\/#breadcrumb","itemListElement":[{"@type":"ListItem","position":1,"name":"Home","item":"https:\/\/craftygenesindonesia.com\/es\/"},{"@type":"ListItem","position":2,"name":"Tienda de patrones","item":"https:\/\/craftygenesindonesia.com\/es\/tienda-de-patrones\/"},{"@type":"ListItem","position":3,"name":"Juego de 6 Bolsas Idalia"}]},{"@type":"WebSite","@id":"https:\/\/craftygenesindonesia.com\/es\/#website","url":"https:\/\/craftygenesindonesia.com\/es\/","name":"Craftygenesindonesia","description":"","publisher":{"@id":"https:\/\/craftygenesindonesia.com\/es\/#organization"},"potentialAction":[{"@type":"SearchAction","target":{"@type":"EntryPoint","urlTemplate":"https:\/\/craftygenesindonesia.com\/es\/?s={search_term_string}"},"query-input":{"@type":"PropertyValueSpecification","valueRequired":true,"valueName":"search_term_string"}}],"inLanguage":"es"},{"@type":"Organization","@id":"https:\/\/craftygenesindonesia.com\/es\/#organization","name":"Craftygenesindonesia","url":"https:\/\/craftygenesindonesia.com\/es\/","logo":{"@type":"ImageObject","inLanguage":"es","@id":"https:\/\/craftygenesindonesia.com\/es\/#\/schema\/logo\/image\/","url":"https:\/\/craftygenesindonesia.com\/wp-content\/uploads\/2025\/11\/cropped-Copy-of-Craftygenesindonesia.jpg","contentUrl":"https:\/\/craftygenesindonesia.com\/wp-content\/uploads\/2025\/11\/cropped-Copy-of-Craftygenesindonesia.jpg","width":180,"height":60,"caption":"Craftygenesindonesia"},"image":{"@id":"https:\/\/craftygenesindonesia.com\/es\/#\/schema\/logo\/image\/"}}]}},"_links":{"self":[{"href":"https:\/\/craftygenesindonesia.com\/es\/wp-json\/wp\/v2\/product\/987517739","targetHints":{"allow":["GET"]}}],"collection":[{"href":"https:\/\/craftygenesindonesia.com\/es\/wp-json\/wp\/v2\/product"}],"about":[{"href":"https:\/\/craftygenesindonesia.com\/es\/wp-json\/wp\/v2\/types\/product"}],"replies":[{"embeddable":true,"href":"https:\/\/craftygenesindonesia.com\/es\/wp-json\/wp\/v2\/comments?post=987517739"}],"wp:featuredmedia":[{"embeddable":true,"href":"https:\/\/craftygenesindonesia.com\/es\/wp-json\/wp\/v2\/media\/987525800"}],"wp:attachment":[{"href":"https:\/\/craftygenesindonesia.com\/es\/wp-json\/wp\/v2\/media?parent=987517739"}],"wp:term":[{"taxonomy":"product_brand","embeddable":true,"href":"https:\/\/craftygenesindonesia.com\/es\/wp-json\/wp\/v2\/product_brand?post=987517739"},{"taxonomy":"product_cat","embeddable":true,"href":"https:\/\/craftygenesindonesia.com\/es\/wp-json\/wp\/v2\/product_cat?post=987517739"},{"taxonomy":"product_tag","embeddable":true,"href":"https:\/\/craftygenesindonesia.com\/es\/wp-json\/wp\/v2\/product_tag?post=987517739"}],"curies":[{"name":"wp","href":"https:\/\/api.w.org\/{rel}","templated":true}]}}