{"id":987515781,"date":"2023-12-27T06:05:28","date_gmt":"2023-12-26T22:05:28","guid":{"rendered":"https:\/\/craftygenesindonesia.com\/?post_type=product&#038;p=987515781"},"modified":"2026-03-23T18:19:36","modified_gmt":"2026-03-23T10:19:36","slug":"santa-clara-santa-teresa-de-avila","status":"publish","type":"product","link":"https:\/\/craftygenesindonesia.com\/es\/shop\/religioso\/santa-clara-santa-teresa-de-avila\/","title":{"rendered":"Santa Clara &#038; Santa Teresa de \u00c1vila"},"content":{"rendered":"<p><strong>Santa Clara y Santa Teresa de \u00c1vila<\/strong><\/p>\n<p>Tipo de archivo: patr\u00f3n de ganchillo &#8211; descarga digital, no es un art\u00edculo f\u00edsico.<br \/>\n<strong>Idiomas disponibles: ingl\u00e9s, neerland\u00e9s, franc\u00e9s, espa\u00f1ol, alem\u00e1n, italiano<\/strong><\/p>\n<p>Tama\u00f1o del art\u00edculo terminado: 20 cm de alto (incluida la plataforma sobre la que se encuentran).<\/p>\n<p>Tipo de hilo: hilo de grosor \u00abfingering\u00bb = tama\u00f1o 3.<br \/>\nMarcas recomendadas: Catona de Scheepjes, Durable Coral.<br \/>\nColores de hilo necesarios: color piel, marr\u00f3n, marr\u00f3n oscuro, negro, blanco, beige, dorado metalizado, blanco roto y naranja.<\/p>\n<p>Ganchillo: 2 mm.<\/p>\n<p>Otros materiales necesarios: 2 bastoncillos de algod\u00f3n, una barra dorada metalizada de 5 cm de largo (2-3 mm de ancho), alambre de aluminio de 1,5 mm, alicates de corte, relleno, tijeras, aguja de tapiz, marcadores de puntos, l\u00e1piz, cart\u00f3n de 5 mm de grosor.<\/p>\n<p><strong>Informaci\u00f3n sobre derechos de autor y ayuda:<\/strong><br \/>\nEste patr\u00f3n es un patr\u00f3n escrito (digital) con muchas im\u00e1genes para ayudarte. Si tienes alguna pregunta sobre el patr\u00f3n, env\u00edame un correo electr\u00f3nico a craftygenesindonesia@gmail.com.<\/p>\n<p><strong>Este patr\u00f3n digital de ganchillo es solo para uso personal y tiene derechos de autor. Por lo tanto, no puedes copiarlo, venderlo, revenderlo, traducirlo, reclamarlo como tu propio dise\u00f1o, distribuirlo, compartirlo, publicarlo, solo publicarlo&#8230; de ninguna manera ni forma sin mi permiso. \u00a1Ni siquiera una parte!<\/strong><\/p>\n<p><strong>Se permite vender el producto o art\u00edculo terminado, en peque\u00f1as cantidades, pero no se permite vender el patr\u00f3n de ganchillo en s\u00ed. Mencione que el patr\u00f3n de ganchillo es m\u00edo, Craftygenesindonesia, y d\u00f3nde se puede comprar.<\/strong><\/p>\n","protected":false},"excerpt":{"rendered":"<p>Este patr\u00f3n de ganchillo 2en1 de Santa Clara de As\u00eds y Santa Teresa de \u00c1vila es perfecto para ti si te gusta hacer ganchillo y coleccionar figuras de santos.<\/p>\n<p>M\u00e1s informaci\u00f3n sobre Santa Clara y su vida: <a href=\"https:\/\/www.biography.com\/religious-figures\/saint-clare-of-assisi\">https:\/\/www.biography.com\/religious-figures\/saint-clare-of-assisi<\/a><\/p>\n<p>M\u00e1s informaci\u00f3n sobre Santa Teresa de \u00c1vila y su vida: <a href=\"https:\/\/www.britannica.com\/biography\/Saint-Teresa-of-Avila\">Saint Teresa of Avila | Biography, Facts, Prayer, Feast Day, &amp; Works | Britannica<\/a><\/p>\n","protected":false},"featured_media":987535817,"comment_status":"open","ping_status":"closed","template":"","meta":{"_acf_changed":false},"product_brand":[],"product_cat":[3077],"product_tag":[10901,12090,12092,8822,11395,10754,11422,8809,8649,8813],"class_list":{"0":"post-987515781","1":"product","2":"type-product","3":"status-publish","4":"has-post-thumbnail","6":"product_cat-religioso","7":"product_tag-biblia-es","8":"product_tag-catholic-es","9":"product_tag-christian-es","10":"product_tag-libro","11":"product_tag-monja-es","12":"product_tag-paloma","13":"product_tag-patron-es","14":"product_tag-san","15":"product_tag-santa-es","16":"product_tag-santo-es","17":"pa_available_on-craftygenesindonesia","18":"pa_available_on-etsy","19":"pa_available_on-haked-nl","20":"pa_available_on-payhip","21":"pa_available_on-ravelry","22":"pa_languages-aleman","23":"pa_languages-espanol","24":"pa_languages-estados-unidos-ingles","25":"pa_languages-frances","26":"pa_languages-holandes","27":"pa_languages-italiano","29":"first","30":"instock","31":"downloadable","32":"virtual","33":"purchasable","34":"product-type-simple"},"acf":[],"yoast_head":"<!-- This site is optimized with the Yoast SEO plugin v27.3 - https:\/\/yoast.com\/product\/yoast-seo-wordpress\/ -->\n<title>Santa Clara &amp; Santa Teresa de \u00c1vila patr\u00f3n de ganchillo - Craftygenesindonesia<\/title>\n<meta name=\"description\" content=\"Compra aqu\u00ed mi patr\u00f3n de ganchillo 2 en 1 de Santa Clara y Santa Teresa de \u00c1vila. El patr\u00f3n tambi\u00e9n est\u00e1 disponible en Etsy, Haked.nl, Ravelry y Payhip.\" \/>\n<meta name=\"robots\" content=\"index, follow, max-snippet:-1, max-image-preview:large, max-video-preview:-1\" \/>\n<link rel=\"canonical\" href=\"https:\/\/craftygenesindonesia.com\/es\/shop\/religioso\/santa-clara-santa-teresa-de-avila\/\" \/>\n<meta property=\"og:locale\" content=\"es_ES\" \/>\n<meta property=\"og:type\" content=\"article\" \/>\n<meta property=\"og:title\" content=\"Patr\u00f3n de ganchillo 2 en 1 de Santa Clara y Santa Teresa de \u00c1vila\" \/>\n<meta property=\"og:description\" content=\"Compra aqu\u00ed mi patr\u00f3n de ganchillo 2 en 1 de Santa Clara y Santa Teresa de \u00c1vila. El patr\u00f3n tambi\u00e9n est\u00e1 disponible en Etsy, Haked.nl, Ravelry y Payhip.\" \/>\n<meta property=\"og:url\" content=\"https:\/\/craftygenesindonesia.com\/es\/shop\/religioso\/santa-clara-santa-teresa-de-avila\/\" \/>\n<meta property=\"og:site_name\" content=\"Craftygenesindonesia\" \/>\n<meta property=\"article:modified_time\" content=\"2026-03-23T10:19:36+00:00\" \/>\n<meta property=\"og:image\" content=\"https:\/\/craftygenesindonesia.com\/wp-content\/uploads\/2023\/12\/St-Clara-St-Teresa.jpg\" \/>\n\t<meta property=\"og:image:width\" content=\"1080\" \/>\n\t<meta property=\"og:image:height\" content=\"1080\" \/>\n\t<meta property=\"og:image:type\" content=\"image\/jpeg\" \/>\n<meta name=\"twitter:card\" content=\"summary_large_image\" \/>\n<meta name=\"twitter:label1\" content=\"Tiempo de lectura\" \/>\n\t<meta name=\"twitter:data1\" content=\"2 minutos\" \/>\n<script type=\"application\/ld+json\" class=\"yoast-schema-graph\">{\"@context\":\"https:\\\/\\\/schema.org\",\"@graph\":[{\"@type\":\"WebPage\",\"@id\":\"https:\\\/\\\/craftygenesindonesia.com\\\/es\\\/shop\\\/religioso\\\/santa-clara-santa-teresa-de-avila\\\/\",\"url\":\"https:\\\/\\\/craftygenesindonesia.com\\\/es\\\/shop\\\/religioso\\\/santa-clara-santa-teresa-de-avila\\\/\",\"name\":\"Santa Clara & Santa Teresa de \u00c1vila patr\u00f3n de ganchillo - Craftygenesindonesia\",\"isPartOf\":{\"@id\":\"https:\\\/\\\/craftygenesindonesia.com\\\/es\\\/#website\"},\"primaryImageOfPage\":{\"@id\":\"https:\\\/\\\/craftygenesindonesia.com\\\/es\\\/shop\\\/religioso\\\/santa-clara-santa-teresa-de-avila\\\/#primaryimage\"},\"image\":{\"@id\":\"https:\\\/\\\/craftygenesindonesia.com\\\/es\\\/shop\\\/religioso\\\/santa-clara-santa-teresa-de-avila\\\/#primaryimage\"},\"thumbnailUrl\":\"https:\\\/\\\/craftygenesindonesia.com\\\/wp-content\\\/uploads\\\/2023\\\/12\\\/St-Clara-St-Teresa.jpg\",\"datePublished\":\"2023-12-26T22:05:28+00:00\",\"dateModified\":\"2026-03-23T10:19:36+00:00\",\"description\":\"Compra aqu\u00ed mi patr\u00f3n de ganchillo 2 en 1 de Santa Clara y Santa Teresa de \u00c1vila. El patr\u00f3n tambi\u00e9n est\u00e1 disponible en Etsy, Haked.nl, Ravelry y Payhip.\",\"breadcrumb\":{\"@id\":\"https:\\\/\\\/craftygenesindonesia.com\\\/es\\\/shop\\\/religioso\\\/santa-clara-santa-teresa-de-avila\\\/#breadcrumb\"},\"inLanguage\":\"es\",\"potentialAction\":[{\"@type\":\"ReadAction\",\"target\":[\"https:\\\/\\\/craftygenesindonesia.com\\\/es\\\/shop\\\/religioso\\\/santa-clara-santa-teresa-de-avila\\\/\"]}]},{\"@type\":\"ImageObject\",\"inLanguage\":\"es\",\"@id\":\"https:\\\/\\\/craftygenesindonesia.com\\\/es\\\/shop\\\/religioso\\\/santa-clara-santa-teresa-de-avila\\\/#primaryimage\",\"url\":\"https:\\\/\\\/craftygenesindonesia.com\\\/wp-content\\\/uploads\\\/2023\\\/12\\\/St-Clara-St-Teresa.jpg\",\"contentUrl\":\"https:\\\/\\\/craftygenesindonesia.com\\\/wp-content\\\/uploads\\\/2023\\\/12\\\/St-Clara-St-Teresa.jpg\",\"width\":1080,\"height\":1080,\"caption\":\"crocheted versions of St Clara and St Teresa\"},{\"@type\":\"BreadcrumbList\",\"@id\":\"https:\\\/\\\/craftygenesindonesia.com\\\/es\\\/shop\\\/religioso\\\/santa-clara-santa-teresa-de-avila\\\/#breadcrumb\",\"itemListElement\":[{\"@type\":\"ListItem\",\"position\":1,\"name\":\"Home\",\"item\":\"https:\\\/\\\/craftygenesindonesia.com\\\/es\\\/\"},{\"@type\":\"ListItem\",\"position\":2,\"name\":\"Tienda de patrones\",\"item\":\"https:\\\/\\\/craftygenesindonesia.com\\\/es\\\/tienda-de-patrones\\\/\"},{\"@type\":\"ListItem\",\"position\":3,\"name\":\"Santa Clara &#038; Santa Teresa de \u00c1vila\"}]},{\"@type\":\"WebSite\",\"@id\":\"https:\\\/\\\/craftygenesindonesia.com\\\/es\\\/#website\",\"url\":\"https:\\\/\\\/craftygenesindonesia.com\\\/es\\\/\",\"name\":\"Craftygenesindonesia\",\"description\":\"\",\"publisher\":{\"@id\":\"https:\\\/\\\/craftygenesindonesia.com\\\/es\\\/#organization\"},\"potentialAction\":[{\"@type\":\"SearchAction\",\"target\":{\"@type\":\"EntryPoint\",\"urlTemplate\":\"https:\\\/\\\/craftygenesindonesia.com\\\/es\\\/?s={search_term_string}\"},\"query-input\":{\"@type\":\"PropertyValueSpecification\",\"valueRequired\":true,\"valueName\":\"search_term_string\"}}],\"inLanguage\":\"es\"},{\"@type\":\"Organization\",\"@id\":\"https:\\\/\\\/craftygenesindonesia.com\\\/es\\\/#organization\",\"name\":\"Craftygenesindonesia\",\"url\":\"https:\\\/\\\/craftygenesindonesia.com\\\/es\\\/\",\"logo\":{\"@type\":\"ImageObject\",\"inLanguage\":\"es\",\"@id\":\"https:\\\/\\\/craftygenesindonesia.com\\\/es\\\/#\\\/schema\\\/logo\\\/image\\\/\",\"url\":\"https:\\\/\\\/craftygenesindonesia.com\\\/wp-content\\\/uploads\\\/2025\\\/11\\\/cropped-Copy-of-Craftygenesindonesia.jpg\",\"contentUrl\":\"https:\\\/\\\/craftygenesindonesia.com\\\/wp-content\\\/uploads\\\/2025\\\/11\\\/cropped-Copy-of-Craftygenesindonesia.jpg\",\"width\":180,\"height\":60,\"caption\":\"Craftygenesindonesia\"},\"image\":{\"@id\":\"https:\\\/\\\/craftygenesindonesia.com\\\/es\\\/#\\\/schema\\\/logo\\\/image\\\/\"}}]}<\/script>\n<!-- \/ Yoast SEO plugin. -->","yoast_head_json":{"title":"Santa Clara & Santa Teresa de \u00c1vila patr\u00f3n de ganchillo - Craftygenesindonesia","description":"Compra aqu\u00ed mi patr\u00f3n de ganchillo 2 en 1 de Santa Clara y Santa Teresa de \u00c1vila. El patr\u00f3n tambi\u00e9n est\u00e1 disponible en Etsy, Haked.nl, Ravelry y Payhip.","robots":{"index":"index","follow":"follow","max-snippet":"max-snippet:-1","max-image-preview":"max-image-preview:large","max-video-preview":"max-video-preview:-1"},"canonical":"https:\/\/craftygenesindonesia.com\/es\/shop\/religioso\/santa-clara-santa-teresa-de-avila\/","og_locale":"es_ES","og_type":"article","og_title":"Patr\u00f3n de ganchillo 2 en 1 de Santa Clara y Santa Teresa de \u00c1vila","og_description":"Compra aqu\u00ed mi patr\u00f3n de ganchillo 2 en 1 de Santa Clara y Santa Teresa de \u00c1vila. El patr\u00f3n tambi\u00e9n est\u00e1 disponible en Etsy, Haked.nl, Ravelry y Payhip.","og_url":"https:\/\/craftygenesindonesia.com\/es\/shop\/religioso\/santa-clara-santa-teresa-de-avila\/","og_site_name":"Craftygenesindonesia","article_modified_time":"2026-03-23T10:19:36+00:00","og_image":[{"width":1080,"height":1080,"url":"https:\/\/craftygenesindonesia.com\/wp-content\/uploads\/2023\/12\/St-Clara-St-Teresa.jpg","type":"image\/jpeg"}],"twitter_card":"summary_large_image","twitter_misc":{"Tiempo de lectura":"2 minutos"},"schema":{"@context":"https:\/\/schema.org","@graph":[{"@type":"WebPage","@id":"https:\/\/craftygenesindonesia.com\/es\/shop\/religioso\/santa-clara-santa-teresa-de-avila\/","url":"https:\/\/craftygenesindonesia.com\/es\/shop\/religioso\/santa-clara-santa-teresa-de-avila\/","name":"Santa Clara & Santa Teresa de \u00c1vila patr\u00f3n de ganchillo - Craftygenesindonesia","isPartOf":{"@id":"https:\/\/craftygenesindonesia.com\/es\/#website"},"primaryImageOfPage":{"@id":"https:\/\/craftygenesindonesia.com\/es\/shop\/religioso\/santa-clara-santa-teresa-de-avila\/#primaryimage"},"image":{"@id":"https:\/\/craftygenesindonesia.com\/es\/shop\/religioso\/santa-clara-santa-teresa-de-avila\/#primaryimage"},"thumbnailUrl":"https:\/\/craftygenesindonesia.com\/wp-content\/uploads\/2023\/12\/St-Clara-St-Teresa.jpg","datePublished":"2023-12-26T22:05:28+00:00","dateModified":"2026-03-23T10:19:36+00:00","description":"Compra aqu\u00ed mi patr\u00f3n de ganchillo 2 en 1 de Santa Clara y Santa Teresa de \u00c1vila. El patr\u00f3n tambi\u00e9n est\u00e1 disponible en Etsy, Haked.nl, Ravelry y Payhip.","breadcrumb":{"@id":"https:\/\/craftygenesindonesia.com\/es\/shop\/religioso\/santa-clara-santa-teresa-de-avila\/#breadcrumb"},"inLanguage":"es","potentialAction":[{"@type":"ReadAction","target":["https:\/\/craftygenesindonesia.com\/es\/shop\/religioso\/santa-clara-santa-teresa-de-avila\/"]}]},{"@type":"ImageObject","inLanguage":"es","@id":"https:\/\/craftygenesindonesia.com\/es\/shop\/religioso\/santa-clara-santa-teresa-de-avila\/#primaryimage","url":"https:\/\/craftygenesindonesia.com\/wp-content\/uploads\/2023\/12\/St-Clara-St-Teresa.jpg","contentUrl":"https:\/\/craftygenesindonesia.com\/wp-content\/uploads\/2023\/12\/St-Clara-St-Teresa.jpg","width":1080,"height":1080,"caption":"crocheted versions of St Clara and St Teresa"},{"@type":"BreadcrumbList","@id":"https:\/\/craftygenesindonesia.com\/es\/shop\/religioso\/santa-clara-santa-teresa-de-avila\/#breadcrumb","itemListElement":[{"@type":"ListItem","position":1,"name":"Home","item":"https:\/\/craftygenesindonesia.com\/es\/"},{"@type":"ListItem","position":2,"name":"Tienda de patrones","item":"https:\/\/craftygenesindonesia.com\/es\/tienda-de-patrones\/"},{"@type":"ListItem","position":3,"name":"Santa Clara &#038; Santa Teresa de \u00c1vila"}]},{"@type":"WebSite","@id":"https:\/\/craftygenesindonesia.com\/es\/#website","url":"https:\/\/craftygenesindonesia.com\/es\/","name":"Craftygenesindonesia","description":"","publisher":{"@id":"https:\/\/craftygenesindonesia.com\/es\/#organization"},"potentialAction":[{"@type":"SearchAction","target":{"@type":"EntryPoint","urlTemplate":"https:\/\/craftygenesindonesia.com\/es\/?s={search_term_string}"},"query-input":{"@type":"PropertyValueSpecification","valueRequired":true,"valueName":"search_term_string"}}],"inLanguage":"es"},{"@type":"Organization","@id":"https:\/\/craftygenesindonesia.com\/es\/#organization","name":"Craftygenesindonesia","url":"https:\/\/craftygenesindonesia.com\/es\/","logo":{"@type":"ImageObject","inLanguage":"es","@id":"https:\/\/craftygenesindonesia.com\/es\/#\/schema\/logo\/image\/","url":"https:\/\/craftygenesindonesia.com\/wp-content\/uploads\/2025\/11\/cropped-Copy-of-Craftygenesindonesia.jpg","contentUrl":"https:\/\/craftygenesindonesia.com\/wp-content\/uploads\/2025\/11\/cropped-Copy-of-Craftygenesindonesia.jpg","width":180,"height":60,"caption":"Craftygenesindonesia"},"image":{"@id":"https:\/\/craftygenesindonesia.com\/es\/#\/schema\/logo\/image\/"}}]}},"_links":{"self":[{"href":"https:\/\/craftygenesindonesia.com\/es\/wp-json\/wp\/v2\/product\/987515781","targetHints":{"allow":["GET"]}}],"collection":[{"href":"https:\/\/craftygenesindonesia.com\/es\/wp-json\/wp\/v2\/product"}],"about":[{"href":"https:\/\/craftygenesindonesia.com\/es\/wp-json\/wp\/v2\/types\/product"}],"replies":[{"embeddable":true,"href":"https:\/\/craftygenesindonesia.com\/es\/wp-json\/wp\/v2\/comments?post=987515781"}],"wp:featuredmedia":[{"embeddable":true,"href":"https:\/\/craftygenesindonesia.com\/es\/wp-json\/wp\/v2\/media\/987535817"}],"wp:attachment":[{"href":"https:\/\/craftygenesindonesia.com\/es\/wp-json\/wp\/v2\/media?parent=987515781"}],"wp:term":[{"taxonomy":"product_brand","embeddable":true,"href":"https:\/\/craftygenesindonesia.com\/es\/wp-json\/wp\/v2\/product_brand?post=987515781"},{"taxonomy":"product_cat","embeddable":true,"href":"https:\/\/craftygenesindonesia.com\/es\/wp-json\/wp\/v2\/product_cat?post=987515781"},{"taxonomy":"product_tag","embeddable":true,"href":"https:\/\/craftygenesindonesia.com\/es\/wp-json\/wp\/v2\/product_tag?post=987515781"}],"curies":[{"name":"wp","href":"https:\/\/api.w.org\/{rel}","templated":true}]}}