{"id":25310,"date":"2023-12-02T13:51:23","date_gmt":"2023-12-02T05:51:23","guid":{"rendered":"https:\/\/craftygenesindonesia.com\/?post_type=product&#038;p=25310"},"modified":"2026-03-23T18:34:03","modified_gmt":"2026-03-23T10:34:03","slug":"por-todos-nuestros-guardianes","status":"publish","type":"product","link":"https:\/\/craftygenesindonesia.com\/es\/shop\/patrones-de-tricotado\/por-todos-nuestros-guardianes\/","title":{"rendered":"Por todos nuestros guardianes"},"content":{"rendered":"<p>\u00a1Este es un patr\u00f3n de <span style=\"color: #ff0000;\"><strong>tejido<\/strong><\/span>, no un patr\u00f3n de ganchillo!<\/p>\n<p>Todo el conjunto est\u00e1 hecho con hilo de algod\u00f3n de leche de 4 cabos o hilo Scheepjes Softfun y agujas de punto de 2,5 mm rectas + tambi\u00e9n de doble punta y aguja de punto de 3 mm para montar y desmontar.<\/p>\n<p>Necesitar\u00e1s estos colores: (los n\u00fameros entre par\u00e9ntesis son los colores del hilo Scheepjes Softfun)<\/p>\n<p>&#8211; Color piel (2466) 50-70m\/ 55-75yd<\/p>\n<p>&#8211; Blanco (2412) 30-50m\/ 35-55yd<\/p>\n<p>&#8211; Gris (2530) 200-220m\/ 220-240yd<\/p>\n<p>&#8211; Azul marino (2401) 85-105m\/ 95-115yd<\/p>\n<p>&#8211; Azul (2626) 90-110m\/ 100-120yd<\/p>\n<p>&#8211; Azul claro: (2603) 15-25m\/ 15-25yd<\/p>\n<p>&#8211; Negro (2408) 15-25m\/ 15-25yd<\/p>\n<p>&#8211; Rojo (2410) 25-45m\/ 25-50yd<\/p>\n<p>&#8211; Musgo o verde claro (2606) 15-25m\/ 15-25yd<\/p>\n<p>&#8211; Marr\u00f3n (2633 o 2635) 60-80 m<\/p>\n<p>&#8211; Marr\u00f3n m\u00e1s oscuro (2491) 20-40 m<\/p>\n<p>&#8211; Marr\u00f3n oscuro (2623) 120-140m\/ 130-155yd<\/p>\n<p>&#8211; Beige (2470) 15-25m\/ 15-25yd<\/p>\n<p>&nbsp;<\/p>\n<p>Tambi\u00e9n necesitar\u00e1: un soporte para puntos, relleno, marcadores de puntos, l\u00e1piz, tijeras, pegamento, regla, cart\u00f3n grueso de 5 mm, alambre de aluminio r\u00edgido de 1,5 mm, aguja de tapicer\u00eda, un ojo de seguridad negro plano de 10 mm, vela LED de 30&#215;35 mm.<\/p>\n<p>&nbsp;<\/p>\n<p>Este patr\u00f3n es un patr\u00f3n escrito con muchas fotos para ayudarte.\u00a0 Si usted todav\u00eda tiene preguntas, por favor env\u00edeme un mensaje a: craftygenesindonesia@gmail.com<\/p>\n<p>&nbsp;<\/p>\n<p>**Este patr\u00f3n es s\u00f3lo para uso personal y hay un COPYRIGHT en \u00e9l. El patr\u00f3n por lo tanto NO puede ser copiado, vendido, revendido, traducido, reclamado como su dise\u00f1o, distribuido, compartido, publicado, publicado en l\u00ednea &#8230; en cualquier forma sin mi consentimiento. Ni siquiera una parte.<\/p>\n<p>&nbsp;<\/p>\n<p>**Puedes vender el conjunto de soldados en peque\u00f1as cantidades, PERO NO EL PATR\u00d3N EN S\u00cd. Por favor, menciona que el patr\u00f3n es de Craftygenesindonesia y d\u00f3nde se puede comprar<\/p>\n","protected":false},"excerpt":{"rendered":"<p>&nbsp;<\/p>\n<p>Este es un patr\u00f3n de tejido\u00a0para soldados de punto con una cruz.\u00a0 \u00a1El monumento militar perfecto!<\/p>\n<p>* Altura de la cruz + plataforma: 37cm\/14.5inch<br \/>\n* Altura de cada soldado: 26cm\/10.2inch<\/p>\n<p>Si buscas la versi\u00f3n de ganchillo, puedes encontrarla aqu\u00ed: <a href=\"https:\/\/craftygenesindonesia.com\/es\/producto\/por-las-fuerzas-armadas-caidas\/\" target=\"_blank\" rel=\"noopener\">Por las Fuerzas Armadas ca\u00eddas patr\u00f3n de ganchillo &#8211; Craftygenesindonesia<\/a><\/p>\n","protected":false},"featured_media":987520079,"comment_status":"open","ping_status":"closed","template":"","meta":{"_acf_changed":false},"product_brand":[],"product_cat":[3042,10143],"product_tag":[10520,10518,11057,10514,10516,10256,10158,10159,10517,10521,9778,10160,11675,10519,10515,11306,11307],"class_list":{"0":"post-25310","1":"product","2":"type-product","3":"status-publish","4":"has-post-thumbnail","6":"product_cat-patrones-de-tricotado","7":"product_cat-militar","8":"product_tag-amapola-es","9":"product_tag-armada","10":"product_tag-cruz-es-2","11":"product_tag-dia-de-la-memoria","12":"product_tag-dia-de-los-caidos","13":"product_tag-dia-del-armisticio","14":"product_tag-ejercito","15":"product_tag-ejercito-del-aire","16":"product_tag-marina-es","17":"product_tag-marinero-es","18":"product_tag-memorial-es","19":"product_tag-militar-es","20":"product_tag-monumento-de-guerra","21":"product_tag-piloto-es","22":"product_tag-soldado-es","23":"product_tag-soldado-de-punto","24":"product_tag-tejer-es","25":"pa_available_on-craftygenesindonesia","26":"pa_available_on-etsy","27":"pa_available_on-haked-nl","28":"pa_available_on-payhip","29":"pa_available_on-ravelry","30":"pa_languages-espanol","31":"pa_languages-estados-unidos-ingles","32":"pa_languages-frances","33":"pa_languages-holandes","35":"first","36":"instock","37":"downloadable","38":"virtual","39":"purchasable","40":"product-type-simple"},"acf":[],"yoast_head":"<!-- This site is optimized with the Yoast SEO plugin v27.5 - https:\/\/yoast.com\/product\/yoast-seo-wordpress\/ -->\n<title>Por todos nuestros guardianes patr\u00f3n de tejido - Craftygenesindonesia<\/title>\n<meta name=\"description\" content=\"Compra mi patr\u00f3n de punto &quot;Por todos nuestros guardianes aqu\u00ed&quot;. Aqu\u00ed tambi\u00e9n encontrar\u00e1s enlaces al patr\u00f3n en Etsy, Haked.nl y Ravelry.\" \/>\n<meta name=\"robots\" content=\"index, follow, max-snippet:-1, max-image-preview:large, max-video-preview:-1\" \/>\n<link rel=\"canonical\" href=\"https:\/\/craftygenesindonesia.com\/es\/shop\/patrones-de-tricotado\/por-todos-nuestros-guardianes\/\" \/>\n<meta property=\"og:locale\" content=\"es_ES\" \/>\n<meta property=\"og:type\" content=\"article\" \/>\n<meta property=\"og:title\" content=\"Por todos nuestros guardianes patr\u00f3n de tejido - Craftygenesindonesia\" \/>\n<meta property=\"og:description\" content=\"Compra mi patr\u00f3n de punto &quot;Por todos nuestros guardianes aqu\u00ed&quot;. Aqu\u00ed tambi\u00e9n encontrar\u00e1s enlaces al patr\u00f3n en Etsy, Haked.nl y Ravelry.\" \/>\n<meta property=\"og:url\" content=\"https:\/\/craftygenesindonesia.com\/es\/shop\/patrones-de-tricotado\/por-todos-nuestros-guardianes\/\" \/>\n<meta property=\"og:site_name\" content=\"Craftygenesindonesia\" \/>\n<meta property=\"article:modified_time\" content=\"2026-03-23T10:34:03+00:00\" \/>\n<meta property=\"og:image\" content=\"https:\/\/craftygenesindonesia.com\/wp-content\/uploads\/2023\/12\/For-all-our-guardians.jpg\" \/>\n\t<meta property=\"og:image:width\" content=\"1080\" \/>\n\t<meta property=\"og:image:height\" content=\"1080\" \/>\n\t<meta property=\"og:image:type\" content=\"image\/jpeg\" \/>\n<meta name=\"twitter:card\" content=\"summary_large_image\" \/>\n<meta name=\"twitter:label1\" content=\"Tiempo de lectura\" \/>\n\t<meta name=\"twitter:data1\" content=\"2 minutos\" \/>\n<script type=\"application\/ld+json\" class=\"yoast-schema-graph\">{\"@context\":\"https:\\\/\\\/schema.org\",\"@graph\":[{\"@type\":\"WebPage\",\"@id\":\"https:\\\/\\\/craftygenesindonesia.com\\\/es\\\/shop\\\/patrones-de-tricotado\\\/por-todos-nuestros-guardianes\\\/\",\"url\":\"https:\\\/\\\/craftygenesindonesia.com\\\/es\\\/shop\\\/patrones-de-tricotado\\\/por-todos-nuestros-guardianes\\\/\",\"name\":\"Por todos nuestros guardianes patr\u00f3n de tejido - Craftygenesindonesia\",\"isPartOf\":{\"@id\":\"https:\\\/\\\/craftygenesindonesia.com\\\/es\\\/#website\"},\"primaryImageOfPage\":{\"@id\":\"https:\\\/\\\/craftygenesindonesia.com\\\/es\\\/shop\\\/patrones-de-tricotado\\\/por-todos-nuestros-guardianes\\\/#primaryimage\"},\"image\":{\"@id\":\"https:\\\/\\\/craftygenesindonesia.com\\\/es\\\/shop\\\/patrones-de-tricotado\\\/por-todos-nuestros-guardianes\\\/#primaryimage\"},\"thumbnailUrl\":\"https:\\\/\\\/craftygenesindonesia.com\\\/wp-content\\\/uploads\\\/2023\\\/12\\\/For-all-our-guardians.jpg\",\"datePublished\":\"2023-12-02T05:51:23+00:00\",\"dateModified\":\"2026-03-23T10:34:03+00:00\",\"description\":\"Compra mi patr\u00f3n de punto \\\"Por todos nuestros guardianes aqu\u00ed\\\". Aqu\u00ed tambi\u00e9n encontrar\u00e1s enlaces al patr\u00f3n en Etsy, Haked.nl y Ravelry.\",\"breadcrumb\":{\"@id\":\"https:\\\/\\\/craftygenesindonesia.com\\\/es\\\/shop\\\/patrones-de-tricotado\\\/por-todos-nuestros-guardianes\\\/#breadcrumb\"},\"inLanguage\":\"es\",\"potentialAction\":[{\"@type\":\"ReadAction\",\"target\":[\"https:\\\/\\\/craftygenesindonesia.com\\\/es\\\/shop\\\/patrones-de-tricotado\\\/por-todos-nuestros-guardianes\\\/\"]}]},{\"@type\":\"ImageObject\",\"inLanguage\":\"es\",\"@id\":\"https:\\\/\\\/craftygenesindonesia.com\\\/es\\\/shop\\\/patrones-de-tricotado\\\/por-todos-nuestros-guardianes\\\/#primaryimage\",\"url\":\"https:\\\/\\\/craftygenesindonesia.com\\\/wp-content\\\/uploads\\\/2023\\\/12\\\/For-all-our-guardians.jpg\",\"contentUrl\":\"https:\\\/\\\/craftygenesindonesia.com\\\/wp-content\\\/uploads\\\/2023\\\/12\\\/For-all-our-guardians.jpg\",\"width\":1080,\"height\":1080,\"caption\":\"knitted soldiers in front of knitted cross with knitted poppy\"},{\"@type\":\"BreadcrumbList\",\"@id\":\"https:\\\/\\\/craftygenesindonesia.com\\\/es\\\/shop\\\/patrones-de-tricotado\\\/por-todos-nuestros-guardianes\\\/#breadcrumb\",\"itemListElement\":[{\"@type\":\"ListItem\",\"position\":1,\"name\":\"Home\",\"item\":\"https:\\\/\\\/craftygenesindonesia.com\\\/es\\\/\"},{\"@type\":\"ListItem\",\"position\":2,\"name\":\"Tienda de patrones\",\"item\":\"https:\\\/\\\/craftygenesindonesia.com\\\/es\\\/tienda-de-patrones\\\/\"},{\"@type\":\"ListItem\",\"position\":3,\"name\":\"Por todos nuestros guardianes\"}]},{\"@type\":\"WebSite\",\"@id\":\"https:\\\/\\\/craftygenesindonesia.com\\\/es\\\/#website\",\"url\":\"https:\\\/\\\/craftygenesindonesia.com\\\/es\\\/\",\"name\":\"Craftygenesindonesia\",\"description\":\"\",\"publisher\":{\"@id\":\"https:\\\/\\\/craftygenesindonesia.com\\\/es\\\/#organization\"},\"potentialAction\":[{\"@type\":\"SearchAction\",\"target\":{\"@type\":\"EntryPoint\",\"urlTemplate\":\"https:\\\/\\\/craftygenesindonesia.com\\\/es\\\/?s={search_term_string}\"},\"query-input\":{\"@type\":\"PropertyValueSpecification\",\"valueRequired\":true,\"valueName\":\"search_term_string\"}}],\"inLanguage\":\"es\"},{\"@type\":\"Organization\",\"@id\":\"https:\\\/\\\/craftygenesindonesia.com\\\/es\\\/#organization\",\"name\":\"Craftygenesindonesia\",\"url\":\"https:\\\/\\\/craftygenesindonesia.com\\\/es\\\/\",\"logo\":{\"@type\":\"ImageObject\",\"inLanguage\":\"es\",\"@id\":\"https:\\\/\\\/craftygenesindonesia.com\\\/es\\\/#\\\/schema\\\/logo\\\/image\\\/\",\"url\":\"https:\\\/\\\/craftygenesindonesia.com\\\/wp-content\\\/uploads\\\/2025\\\/11\\\/cropped-Copy-of-Craftygenesindonesia.jpg\",\"contentUrl\":\"https:\\\/\\\/craftygenesindonesia.com\\\/wp-content\\\/uploads\\\/2025\\\/11\\\/cropped-Copy-of-Craftygenesindonesia.jpg\",\"width\":180,\"height\":60,\"caption\":\"Craftygenesindonesia\"},\"image\":{\"@id\":\"https:\\\/\\\/craftygenesindonesia.com\\\/es\\\/#\\\/schema\\\/logo\\\/image\\\/\"}}]}<\/script>\n<!-- \/ Yoast SEO plugin. -->","yoast_head_json":{"title":"Por todos nuestros guardianes patr\u00f3n de tejido - Craftygenesindonesia","description":"Compra mi patr\u00f3n de punto \"Por todos nuestros guardianes aqu\u00ed\". Aqu\u00ed tambi\u00e9n encontrar\u00e1s enlaces al patr\u00f3n en Etsy, Haked.nl y Ravelry.","robots":{"index":"index","follow":"follow","max-snippet":"max-snippet:-1","max-image-preview":"max-image-preview:large","max-video-preview":"max-video-preview:-1"},"canonical":"https:\/\/craftygenesindonesia.com\/es\/shop\/patrones-de-tricotado\/por-todos-nuestros-guardianes\/","og_locale":"es_ES","og_type":"article","og_title":"Por todos nuestros guardianes patr\u00f3n de tejido - Craftygenesindonesia","og_description":"Compra mi patr\u00f3n de punto \"Por todos nuestros guardianes aqu\u00ed\". Aqu\u00ed tambi\u00e9n encontrar\u00e1s enlaces al patr\u00f3n en Etsy, Haked.nl y Ravelry.","og_url":"https:\/\/craftygenesindonesia.com\/es\/shop\/patrones-de-tricotado\/por-todos-nuestros-guardianes\/","og_site_name":"Craftygenesindonesia","article_modified_time":"2026-03-23T10:34:03+00:00","og_image":[{"width":1080,"height":1080,"url":"https:\/\/craftygenesindonesia.com\/wp-content\/uploads\/2023\/12\/For-all-our-guardians.jpg","type":"image\/jpeg"}],"twitter_card":"summary_large_image","twitter_misc":{"Tiempo de lectura":"2 minutos"},"schema":{"@context":"https:\/\/schema.org","@graph":[{"@type":"WebPage","@id":"https:\/\/craftygenesindonesia.com\/es\/shop\/patrones-de-tricotado\/por-todos-nuestros-guardianes\/","url":"https:\/\/craftygenesindonesia.com\/es\/shop\/patrones-de-tricotado\/por-todos-nuestros-guardianes\/","name":"Por todos nuestros guardianes patr\u00f3n de tejido - Craftygenesindonesia","isPartOf":{"@id":"https:\/\/craftygenesindonesia.com\/es\/#website"},"primaryImageOfPage":{"@id":"https:\/\/craftygenesindonesia.com\/es\/shop\/patrones-de-tricotado\/por-todos-nuestros-guardianes\/#primaryimage"},"image":{"@id":"https:\/\/craftygenesindonesia.com\/es\/shop\/patrones-de-tricotado\/por-todos-nuestros-guardianes\/#primaryimage"},"thumbnailUrl":"https:\/\/craftygenesindonesia.com\/wp-content\/uploads\/2023\/12\/For-all-our-guardians.jpg","datePublished":"2023-12-02T05:51:23+00:00","dateModified":"2026-03-23T10:34:03+00:00","description":"Compra mi patr\u00f3n de punto \"Por todos nuestros guardianes aqu\u00ed\". Aqu\u00ed tambi\u00e9n encontrar\u00e1s enlaces al patr\u00f3n en Etsy, Haked.nl y Ravelry.","breadcrumb":{"@id":"https:\/\/craftygenesindonesia.com\/es\/shop\/patrones-de-tricotado\/por-todos-nuestros-guardianes\/#breadcrumb"},"inLanguage":"es","potentialAction":[{"@type":"ReadAction","target":["https:\/\/craftygenesindonesia.com\/es\/shop\/patrones-de-tricotado\/por-todos-nuestros-guardianes\/"]}]},{"@type":"ImageObject","inLanguage":"es","@id":"https:\/\/craftygenesindonesia.com\/es\/shop\/patrones-de-tricotado\/por-todos-nuestros-guardianes\/#primaryimage","url":"https:\/\/craftygenesindonesia.com\/wp-content\/uploads\/2023\/12\/For-all-our-guardians.jpg","contentUrl":"https:\/\/craftygenesindonesia.com\/wp-content\/uploads\/2023\/12\/For-all-our-guardians.jpg","width":1080,"height":1080,"caption":"knitted soldiers in front of knitted cross with knitted poppy"},{"@type":"BreadcrumbList","@id":"https:\/\/craftygenesindonesia.com\/es\/shop\/patrones-de-tricotado\/por-todos-nuestros-guardianes\/#breadcrumb","itemListElement":[{"@type":"ListItem","position":1,"name":"Home","item":"https:\/\/craftygenesindonesia.com\/es\/"},{"@type":"ListItem","position":2,"name":"Tienda de patrones","item":"https:\/\/craftygenesindonesia.com\/es\/tienda-de-patrones\/"},{"@type":"ListItem","position":3,"name":"Por todos nuestros guardianes"}]},{"@type":"WebSite","@id":"https:\/\/craftygenesindonesia.com\/es\/#website","url":"https:\/\/craftygenesindonesia.com\/es\/","name":"Craftygenesindonesia","description":"","publisher":{"@id":"https:\/\/craftygenesindonesia.com\/es\/#organization"},"potentialAction":[{"@type":"SearchAction","target":{"@type":"EntryPoint","urlTemplate":"https:\/\/craftygenesindonesia.com\/es\/?s={search_term_string}"},"query-input":{"@type":"PropertyValueSpecification","valueRequired":true,"valueName":"search_term_string"}}],"inLanguage":"es"},{"@type":"Organization","@id":"https:\/\/craftygenesindonesia.com\/es\/#organization","name":"Craftygenesindonesia","url":"https:\/\/craftygenesindonesia.com\/es\/","logo":{"@type":"ImageObject","inLanguage":"es","@id":"https:\/\/craftygenesindonesia.com\/es\/#\/schema\/logo\/image\/","url":"https:\/\/craftygenesindonesia.com\/wp-content\/uploads\/2025\/11\/cropped-Copy-of-Craftygenesindonesia.jpg","contentUrl":"https:\/\/craftygenesindonesia.com\/wp-content\/uploads\/2025\/11\/cropped-Copy-of-Craftygenesindonesia.jpg","width":180,"height":60,"caption":"Craftygenesindonesia"},"image":{"@id":"https:\/\/craftygenesindonesia.com\/es\/#\/schema\/logo\/image\/"}}]}},"_links":{"self":[{"href":"https:\/\/craftygenesindonesia.com\/es\/wp-json\/wp\/v2\/product\/25310","targetHints":{"allow":["GET"]}}],"collection":[{"href":"https:\/\/craftygenesindonesia.com\/es\/wp-json\/wp\/v2\/product"}],"about":[{"href":"https:\/\/craftygenesindonesia.com\/es\/wp-json\/wp\/v2\/types\/product"}],"replies":[{"embeddable":true,"href":"https:\/\/craftygenesindonesia.com\/es\/wp-json\/wp\/v2\/comments?post=25310"}],"wp:featuredmedia":[{"embeddable":true,"href":"https:\/\/craftygenesindonesia.com\/es\/wp-json\/wp\/v2\/media\/987520079"}],"wp:attachment":[{"href":"https:\/\/craftygenesindonesia.com\/es\/wp-json\/wp\/v2\/media?parent=25310"}],"wp:term":[{"taxonomy":"product_brand","embeddable":true,"href":"https:\/\/craftygenesindonesia.com\/es\/wp-json\/wp\/v2\/product_brand?post=25310"},{"taxonomy":"product_cat","embeddable":true,"href":"https:\/\/craftygenesindonesia.com\/es\/wp-json\/wp\/v2\/product_cat?post=25310"},{"taxonomy":"product_tag","embeddable":true,"href":"https:\/\/craftygenesindonesia.com\/es\/wp-json\/wp\/v2\/product_tag?post=25310"}],"curies":[{"name":"wp","href":"https:\/\/api.w.org\/{rel}","templated":true}]}}