{"id":24649,"date":"2023-11-03T20:24:20","date_gmt":"2023-11-03T12:24:20","guid":{"rendered":"https:\/\/craftygenesindonesia.com\/?post_type=product&#038;p=24649"},"modified":"2026-03-23T18:39:27","modified_gmt":"2026-03-23T10:39:27","slug":"bola-de-navidad-paquete-1","status":"publish","type":"product","link":"https:\/\/craftygenesindonesia.com\/es\/shop\/navidad\/bola-de-navidad-paquete-1\/","title":{"rendered":"Bola de Navidad paquete 1"},"content":{"rendered":"<p>En este paquete, obtendr\u00e1s 3 patrones de ganchillo para adornos navide\u00f1os:<\/p>\n<p>&nbsp;<\/p>\n<ol>\n<li><a href=\"https:\/\/craftygenesindonesia.com\/es\/producto\/bola-de-navidad-1\/\" target=\"_blank\" rel=\"noopener\">Bola de Navidad 1<\/a><\/li>\n<li><a href=\"https:\/\/craftygenesindonesia.com\/es\/producto\/bola-de-navidad-2\/\" target=\"_blank\" rel=\"noopener\">Bola de Navidad 2<\/a><\/li>\n<li><a href=\"https:\/\/craftygenesindonesia.com\/es\/producto\/bola-de-navidad-3\/\" target=\"_blank\" rel=\"noopener\">Bola de Navidad 3<\/a><\/li>\n<\/ol>\n<p>Todos est\u00e1n hechos con hilo de la talla 3 y aguja de ganchillo de 2 mm. Haz clic en los nombres para ver informaci\u00f3n sobre cada patr\u00f3n.<\/p>\n<p>&nbsp;<\/p>\n<p>Los patrones de estos adornos navide\u00f1os est\u00e1n en archivos zip por idioma. Haga clic en el icono de chat en la esquina derecha de la pantalla aqu\u00ed en mi sitio web para enviarme un mensaje si usted no sabe c\u00f3mo obtener los archivos desde el archivo zip.<\/p>\n","protected":false},"excerpt":{"rendered":"<p>En este lote tienes 3 preciosos patrones de ganchillo para adornos navide\u00f1os f\u00e1ciles de hacer y que quedar\u00e1n genial en tu \u00e1rbol de Navidad. Cada patr\u00f3n tambi\u00e9n est\u00e1 disponible por separado. Consulta los enlaces en la descripci\u00f3n del producto.<\/p>\n","protected":false},"featured_media":987520694,"comment_status":"open","ping_status":"closed","template":"","meta":{"_acf_changed":false},"product_brand":[],"product_cat":[3047,7639],"product_tag":[11399,10647,10649,10884],"class_list":{"0":"post-24649","1":"product","2":"type-product","3":"status-publish","4":"has-post-thumbnail","6":"product_cat-navidad","7":"product_cat-adornos-navidenos","8":"product_tag-adornos","9":"product_tag-adornos-navidenos","10":"product_tag-arbol-de-navidad-es","11":"product_tag-chucherias","12":"pa_available_on-craftygenesindonesia","13":"pa_available_on-creative-fabrica","14":"pa_available_on-etsy","15":"pa_languages-espanol","16":"pa_languages-estados-unidos-ingles","17":"pa_languages-frances","18":"pa_languages-holandes","20":"first","21":"instock","22":"downloadable","23":"virtual","24":"purchasable","25":"product-type-simple"},"acf":[],"yoast_head":"<!-- This site is optimized with the Yoast SEO plugin v27.4 - https:\/\/yoast.com\/product\/yoast-seo-wordpress\/ -->\n<title>Bola de Navidad paquete 1 patrones de ganchillo - Craftygenesindonesia<\/title>\n<meta name=\"description\" content=\"Consigue aqu\u00ed los patrones de ganchillo para 3 preciosos adornos navide\u00f1os = Bola de Navidad 1, 2 y 3. Todos los patrones son f\u00e1ciles de seguir y son imprescindibles.\" \/>\n<meta name=\"robots\" content=\"index, follow, max-snippet:-1, max-image-preview:large, max-video-preview:-1\" \/>\n<link rel=\"canonical\" href=\"https:\/\/craftygenesindonesia.com\/es\/shop\/navidad\/bola-de-navidad-paquete-1\/\" \/>\n<meta property=\"og:locale\" content=\"es_ES\" \/>\n<meta property=\"og:type\" content=\"article\" \/>\n<meta property=\"og:title\" content=\"Bola de Navidad paquete 1 patrones de ganchillo - Craftygenesindonesia\" \/>\n<meta property=\"og:description\" content=\"Consigue aqu\u00ed los patrones de ganchillo para 3 preciosos adornos navide\u00f1os = Bola de Navidad 1, 2 y 3. Todos los patrones son f\u00e1ciles de seguir y son imprescindibles.\" \/>\n<meta property=\"og:url\" content=\"https:\/\/craftygenesindonesia.com\/es\/shop\/navidad\/bola-de-navidad-paquete-1\/\" \/>\n<meta property=\"og:site_name\" content=\"Craftygenesindonesia\" \/>\n<meta property=\"article:modified_time\" content=\"2026-03-23T10:39:27+00:00\" \/>\n<meta property=\"og:image\" content=\"https:\/\/craftygenesindonesia.com\/wp-content\/uploads\/2023\/11\/Ornaments-1.jpg\" \/>\n\t<meta property=\"og:image:width\" content=\"1215\" \/>\n\t<meta property=\"og:image:height\" content=\"1215\" \/>\n\t<meta property=\"og:image:type\" content=\"image\/jpeg\" \/>\n<meta name=\"twitter:card\" content=\"summary_large_image\" \/>\n<meta name=\"twitter:label1\" content=\"Tiempo de lectura\" \/>\n\t<meta name=\"twitter:data1\" content=\"1 minuto\" \/>\n<script type=\"application\/ld+json\" class=\"yoast-schema-graph\">{\"@context\":\"https:\\\/\\\/schema.org\",\"@graph\":[{\"@type\":\"WebPage\",\"@id\":\"https:\\\/\\\/craftygenesindonesia.com\\\/es\\\/shop\\\/navidad\\\/bola-de-navidad-paquete-1\\\/\",\"url\":\"https:\\\/\\\/craftygenesindonesia.com\\\/es\\\/shop\\\/navidad\\\/bola-de-navidad-paquete-1\\\/\",\"name\":\"Bola de Navidad paquete 1 patrones de ganchillo - Craftygenesindonesia\",\"isPartOf\":{\"@id\":\"https:\\\/\\\/craftygenesindonesia.com\\\/es\\\/#website\"},\"primaryImageOfPage\":{\"@id\":\"https:\\\/\\\/craftygenesindonesia.com\\\/es\\\/shop\\\/navidad\\\/bola-de-navidad-paquete-1\\\/#primaryimage\"},\"image\":{\"@id\":\"https:\\\/\\\/craftygenesindonesia.com\\\/es\\\/shop\\\/navidad\\\/bola-de-navidad-paquete-1\\\/#primaryimage\"},\"thumbnailUrl\":\"https:\\\/\\\/craftygenesindonesia.com\\\/wp-content\\\/uploads\\\/2023\\\/11\\\/Ornaments-1.jpg\",\"datePublished\":\"2023-11-03T12:24:20+00:00\",\"dateModified\":\"2026-03-23T10:39:27+00:00\",\"description\":\"Consigue aqu\u00ed los patrones de ganchillo para 3 preciosos adornos navide\u00f1os = Bola de Navidad 1, 2 y 3. Todos los patrones son f\u00e1ciles de seguir y son imprescindibles.\",\"breadcrumb\":{\"@id\":\"https:\\\/\\\/craftygenesindonesia.com\\\/es\\\/shop\\\/navidad\\\/bola-de-navidad-paquete-1\\\/#breadcrumb\"},\"inLanguage\":\"es\",\"potentialAction\":[{\"@type\":\"ReadAction\",\"target\":[\"https:\\\/\\\/craftygenesindonesia.com\\\/es\\\/shop\\\/navidad\\\/bola-de-navidad-paquete-1\\\/\"]}]},{\"@type\":\"ImageObject\",\"inLanguage\":\"es\",\"@id\":\"https:\\\/\\\/craftygenesindonesia.com\\\/es\\\/shop\\\/navidad\\\/bola-de-navidad-paquete-1\\\/#primaryimage\",\"url\":\"https:\\\/\\\/craftygenesindonesia.com\\\/wp-content\\\/uploads\\\/2023\\\/11\\\/Ornaments-1.jpg\",\"contentUrl\":\"https:\\\/\\\/craftygenesindonesia.com\\\/wp-content\\\/uploads\\\/2023\\\/11\\\/Ornaments-1.jpg\",\"width\":1215,\"height\":1215,\"caption\":\"crochet Christmas ornaments\"},{\"@type\":\"BreadcrumbList\",\"@id\":\"https:\\\/\\\/craftygenesindonesia.com\\\/es\\\/shop\\\/navidad\\\/bola-de-navidad-paquete-1\\\/#breadcrumb\",\"itemListElement\":[{\"@type\":\"ListItem\",\"position\":1,\"name\":\"Home\",\"item\":\"https:\\\/\\\/craftygenesindonesia.com\\\/es\\\/\"},{\"@type\":\"ListItem\",\"position\":2,\"name\":\"Tienda de patrones\",\"item\":\"https:\\\/\\\/craftygenesindonesia.com\\\/es\\\/tienda-de-patrones\\\/\"},{\"@type\":\"ListItem\",\"position\":3,\"name\":\"Bola de Navidad paquete 1\"}]},{\"@type\":\"WebSite\",\"@id\":\"https:\\\/\\\/craftygenesindonesia.com\\\/es\\\/#website\",\"url\":\"https:\\\/\\\/craftygenesindonesia.com\\\/es\\\/\",\"name\":\"Craftygenesindonesia\",\"description\":\"\",\"publisher\":{\"@id\":\"https:\\\/\\\/craftygenesindonesia.com\\\/es\\\/#organization\"},\"potentialAction\":[{\"@type\":\"SearchAction\",\"target\":{\"@type\":\"EntryPoint\",\"urlTemplate\":\"https:\\\/\\\/craftygenesindonesia.com\\\/es\\\/?s={search_term_string}\"},\"query-input\":{\"@type\":\"PropertyValueSpecification\",\"valueRequired\":true,\"valueName\":\"search_term_string\"}}],\"inLanguage\":\"es\"},{\"@type\":\"Organization\",\"@id\":\"https:\\\/\\\/craftygenesindonesia.com\\\/es\\\/#organization\",\"name\":\"Craftygenesindonesia\",\"url\":\"https:\\\/\\\/craftygenesindonesia.com\\\/es\\\/\",\"logo\":{\"@type\":\"ImageObject\",\"inLanguage\":\"es\",\"@id\":\"https:\\\/\\\/craftygenesindonesia.com\\\/es\\\/#\\\/schema\\\/logo\\\/image\\\/\",\"url\":\"https:\\\/\\\/craftygenesindonesia.com\\\/wp-content\\\/uploads\\\/2025\\\/11\\\/cropped-Copy-of-Craftygenesindonesia.jpg\",\"contentUrl\":\"https:\\\/\\\/craftygenesindonesia.com\\\/wp-content\\\/uploads\\\/2025\\\/11\\\/cropped-Copy-of-Craftygenesindonesia.jpg\",\"width\":180,\"height\":60,\"caption\":\"Craftygenesindonesia\"},\"image\":{\"@id\":\"https:\\\/\\\/craftygenesindonesia.com\\\/es\\\/#\\\/schema\\\/logo\\\/image\\\/\"}}]}<\/script>\n<!-- \/ Yoast SEO plugin. -->","yoast_head_json":{"title":"Bola de Navidad paquete 1 patrones de ganchillo - Craftygenesindonesia","description":"Consigue aqu\u00ed los patrones de ganchillo para 3 preciosos adornos navide\u00f1os = Bola de Navidad 1, 2 y 3. Todos los patrones son f\u00e1ciles de seguir y son imprescindibles.","robots":{"index":"index","follow":"follow","max-snippet":"max-snippet:-1","max-image-preview":"max-image-preview:large","max-video-preview":"max-video-preview:-1"},"canonical":"https:\/\/craftygenesindonesia.com\/es\/shop\/navidad\/bola-de-navidad-paquete-1\/","og_locale":"es_ES","og_type":"article","og_title":"Bola de Navidad paquete 1 patrones de ganchillo - Craftygenesindonesia","og_description":"Consigue aqu\u00ed los patrones de ganchillo para 3 preciosos adornos navide\u00f1os = Bola de Navidad 1, 2 y 3. Todos los patrones son f\u00e1ciles de seguir y son imprescindibles.","og_url":"https:\/\/craftygenesindonesia.com\/es\/shop\/navidad\/bola-de-navidad-paquete-1\/","og_site_name":"Craftygenesindonesia","article_modified_time":"2026-03-23T10:39:27+00:00","og_image":[{"width":1215,"height":1215,"url":"https:\/\/craftygenesindonesia.com\/wp-content\/uploads\/2023\/11\/Ornaments-1.jpg","type":"image\/jpeg"}],"twitter_card":"summary_large_image","twitter_misc":{"Tiempo de lectura":"1 minuto"},"schema":{"@context":"https:\/\/schema.org","@graph":[{"@type":"WebPage","@id":"https:\/\/craftygenesindonesia.com\/es\/shop\/navidad\/bola-de-navidad-paquete-1\/","url":"https:\/\/craftygenesindonesia.com\/es\/shop\/navidad\/bola-de-navidad-paquete-1\/","name":"Bola de Navidad paquete 1 patrones de ganchillo - Craftygenesindonesia","isPartOf":{"@id":"https:\/\/craftygenesindonesia.com\/es\/#website"},"primaryImageOfPage":{"@id":"https:\/\/craftygenesindonesia.com\/es\/shop\/navidad\/bola-de-navidad-paquete-1\/#primaryimage"},"image":{"@id":"https:\/\/craftygenesindonesia.com\/es\/shop\/navidad\/bola-de-navidad-paquete-1\/#primaryimage"},"thumbnailUrl":"https:\/\/craftygenesindonesia.com\/wp-content\/uploads\/2023\/11\/Ornaments-1.jpg","datePublished":"2023-11-03T12:24:20+00:00","dateModified":"2026-03-23T10:39:27+00:00","description":"Consigue aqu\u00ed los patrones de ganchillo para 3 preciosos adornos navide\u00f1os = Bola de Navidad 1, 2 y 3. Todos los patrones son f\u00e1ciles de seguir y son imprescindibles.","breadcrumb":{"@id":"https:\/\/craftygenesindonesia.com\/es\/shop\/navidad\/bola-de-navidad-paquete-1\/#breadcrumb"},"inLanguage":"es","potentialAction":[{"@type":"ReadAction","target":["https:\/\/craftygenesindonesia.com\/es\/shop\/navidad\/bola-de-navidad-paquete-1\/"]}]},{"@type":"ImageObject","inLanguage":"es","@id":"https:\/\/craftygenesindonesia.com\/es\/shop\/navidad\/bola-de-navidad-paquete-1\/#primaryimage","url":"https:\/\/craftygenesindonesia.com\/wp-content\/uploads\/2023\/11\/Ornaments-1.jpg","contentUrl":"https:\/\/craftygenesindonesia.com\/wp-content\/uploads\/2023\/11\/Ornaments-1.jpg","width":1215,"height":1215,"caption":"crochet Christmas ornaments"},{"@type":"BreadcrumbList","@id":"https:\/\/craftygenesindonesia.com\/es\/shop\/navidad\/bola-de-navidad-paquete-1\/#breadcrumb","itemListElement":[{"@type":"ListItem","position":1,"name":"Home","item":"https:\/\/craftygenesindonesia.com\/es\/"},{"@type":"ListItem","position":2,"name":"Tienda de patrones","item":"https:\/\/craftygenesindonesia.com\/es\/tienda-de-patrones\/"},{"@type":"ListItem","position":3,"name":"Bola de Navidad paquete 1"}]},{"@type":"WebSite","@id":"https:\/\/craftygenesindonesia.com\/es\/#website","url":"https:\/\/craftygenesindonesia.com\/es\/","name":"Craftygenesindonesia","description":"","publisher":{"@id":"https:\/\/craftygenesindonesia.com\/es\/#organization"},"potentialAction":[{"@type":"SearchAction","target":{"@type":"EntryPoint","urlTemplate":"https:\/\/craftygenesindonesia.com\/es\/?s={search_term_string}"},"query-input":{"@type":"PropertyValueSpecification","valueRequired":true,"valueName":"search_term_string"}}],"inLanguage":"es"},{"@type":"Organization","@id":"https:\/\/craftygenesindonesia.com\/es\/#organization","name":"Craftygenesindonesia","url":"https:\/\/craftygenesindonesia.com\/es\/","logo":{"@type":"ImageObject","inLanguage":"es","@id":"https:\/\/craftygenesindonesia.com\/es\/#\/schema\/logo\/image\/","url":"https:\/\/craftygenesindonesia.com\/wp-content\/uploads\/2025\/11\/cropped-Copy-of-Craftygenesindonesia.jpg","contentUrl":"https:\/\/craftygenesindonesia.com\/wp-content\/uploads\/2025\/11\/cropped-Copy-of-Craftygenesindonesia.jpg","width":180,"height":60,"caption":"Craftygenesindonesia"},"image":{"@id":"https:\/\/craftygenesindonesia.com\/es\/#\/schema\/logo\/image\/"}}]}},"_links":{"self":[{"href":"https:\/\/craftygenesindonesia.com\/es\/wp-json\/wp\/v2\/product\/24649","targetHints":{"allow":["GET"]}}],"collection":[{"href":"https:\/\/craftygenesindonesia.com\/es\/wp-json\/wp\/v2\/product"}],"about":[{"href":"https:\/\/craftygenesindonesia.com\/es\/wp-json\/wp\/v2\/types\/product"}],"replies":[{"embeddable":true,"href":"https:\/\/craftygenesindonesia.com\/es\/wp-json\/wp\/v2\/comments?post=24649"}],"wp:featuredmedia":[{"embeddable":true,"href":"https:\/\/craftygenesindonesia.com\/es\/wp-json\/wp\/v2\/media\/987520694"}],"wp:attachment":[{"href":"https:\/\/craftygenesindonesia.com\/es\/wp-json\/wp\/v2\/media?parent=24649"}],"wp:term":[{"taxonomy":"product_brand","embeddable":true,"href":"https:\/\/craftygenesindonesia.com\/es\/wp-json\/wp\/v2\/product_brand?post=24649"},{"taxonomy":"product_cat","embeddable":true,"href":"https:\/\/craftygenesindonesia.com\/es\/wp-json\/wp\/v2\/product_cat?post=24649"},{"taxonomy":"product_tag","embeddable":true,"href":"https:\/\/craftygenesindonesia.com\/es\/wp-json\/wp\/v2\/product_tag?post=24649"}],"curies":[{"name":"wp","href":"https:\/\/api.w.org\/{rel}","templated":true}]}}