{"id":24171,"date":"2023-10-20T04:29:48","date_gmt":"2023-10-19T20:29:48","guid":{"rendered":"https:\/\/craftygenesindonesia.com\/?post_type=product&#038;p=24171"},"modified":"2026-03-23T18:45:37","modified_gmt":"2026-03-23T10:45:37","slug":"el-arbol-de-navidad-de-crafty","status":"publish","type":"product","link":"https:\/\/craftygenesindonesia.com\/es\/shop\/3d\/el-arbol-de-navidad-de-crafty\/","title":{"rendered":"El \u00e1rbol de Navidad de Crafty"},"content":{"rendered":"<p>Este \u00e1rbol de Navidad mide 48cm\/19inch de alto y est\u00e1 hecho con hilo de peluche adecuado para un ganchillo de 4-5mm.<\/p>\n<p>&nbsp;<\/p>\n<p>Necesitar\u00e1s 400-500 metros o 440-550 yardas de lana de peluche de color verde.<\/p>\n<p>Tambi\u00e9n necesitar\u00e1s: un cono de espuma de poliestireno de 40 cm o un cono de cart\u00f3n enrollado, alfileres de cabeza plana, peque\u00f1os adornos para el \u00e1rbol de Navidad, una estrella, tijeras, aguja de coser, pegamento&#8230;<\/p>\n<p>**La lana de Durable tiene el mismo grosor que la m\u00eda.\u00a0 Si el tuyo es m\u00e1s fino, necesitar\u00e1s m\u00e1s hilo del que pone aqu\u00ed arriba.<\/p>\n<p>Aguja de ganchillo: 4.5mm<\/p>\n<p>&nbsp;<\/p>\n<p>Este patr\u00f3n es un patr\u00f3n escrito con muchas fotos para ayudarte.\u00a0 Si todav\u00eda tienes preguntas, por favor env\u00edame un mensaje a: craftygenesindonesia@gmail.com<\/p>\n<p>&nbsp;<\/p>\n<p><strong>**Este patr\u00f3n est\u00e1 protegido por derechos de autor. Por lo tanto, el patr\u00f3n es s\u00f3lo para uso personal y no puede ser copiado, vendido, revendido, traducido, reclamado como su patr\u00f3n, distribuido, compartido, publicado, subido&#8230; de ninguna forma sin mi consentimiento. \u00a1Ni siquiera en parte!<\/strong><\/p>\n<p>&nbsp;<\/p>\n<p><strong>**Puedes vender el \u00e1rbol de Navidad en peque\u00f1as cantidades, PERO NO EL PATR\u00d3N EN S\u00cd. Por favor, menciona que el patr\u00f3n es de Craftygenesindonesia y d\u00f3nde se puede comprar<\/strong><\/p>\n","protected":false},"excerpt":{"rendered":"<p>\u00bfEst\u00e1s buscando un bonito \u00e1rbol de Navidad para tejer a ganchillo? Entonces esto es definitivamente para ti. Es tan f\u00e1cil de hacer que pude hacerlo en 1 d\u00eda e incluso un principiante puede hacer este \u00e1rbol.<\/p>\n","protected":false},"featured_media":987521230,"comment_status":"open","ping_status":"closed","template":"","meta":{"_acf_changed":false},"product_brand":[],"product_cat":[3031,3047],"product_tag":[10640,10649,10884,12094,12098],"class_list":{"0":"post-24171","1":"product","2":"type-product","3":"status-publish","4":"has-post-thumbnail","6":"product_cat-3d","7":"product_cat-navidad","8":"product_tag-adorno-navideno-es","9":"product_tag-arbol-de-navidad-es","10":"product_tag-chucherias","11":"product_tag-star-es","12":"product_tag-xmas-es","13":"pa_available_on-craftygenesindonesia","14":"pa_available_on-creative-fabrica","15":"pa_available_on-etsy","16":"pa_available_on-haked-nl","17":"pa_available_on-payhip","18":"pa_available_on-ravelry","19":"pa_languages-espanol","20":"pa_languages-estados-unidos-ingles","21":"pa_languages-frances","22":"pa_languages-holandes","23":"pa_languages-portugues","25":"first","26":"instock","27":"downloadable","28":"virtual","29":"purchasable","30":"product-type-simple"},"acf":[],"yoast_head":"<!-- This site is optimized with the Yoast SEO plugin v27.5 - https:\/\/yoast.com\/product\/yoast-seo-wordpress\/ -->\n<title>El \u00e1rbol de Navidad de Crafty patr\u00f3n de ganchillo - Craftygenesindonesia<\/title>\n<meta name=\"description\" content=\"El \u00e1rbol de Navidad de ganchillo es perfecto para todo el mundo. Incluso un principiante puede hacerlo porque es muy f\u00e1cil y r\u00e1pido (solo 1 d\u00eda).\" \/>\n<meta name=\"robots\" content=\"index, follow, max-snippet:-1, max-image-preview:large, max-video-preview:-1\" \/>\n<link rel=\"canonical\" href=\"https:\/\/craftygenesindonesia.com\/es\/shop\/3d\/el-arbol-de-navidad-de-crafty\/\" \/>\n<meta property=\"og:locale\" content=\"es_ES\" \/>\n<meta property=\"og:type\" content=\"article\" \/>\n<meta property=\"og:title\" content=\"Patr\u00f3n de ganchillo de \u00e1rbol de Navidad\" \/>\n<meta property=\"og:description\" content=\"El \u00e1rbol de Navidad de ganchillo es perfecto para todo el mundo. Incluso un principiante puede hacerlo porque es muy f\u00e1cil y r\u00e1pido (solo 1 d\u00eda).\" \/>\n<meta property=\"og:url\" content=\"https:\/\/craftygenesindonesia.com\/es\/shop\/3d\/el-arbol-de-navidad-de-crafty\/\" \/>\n<meta property=\"og:site_name\" content=\"Craftygenesindonesia\" \/>\n<meta property=\"article:modified_time\" content=\"2026-03-23T10:45:37+00:00\" \/>\n<meta property=\"og:image\" content=\"https:\/\/craftygenesindonesia.com\/wp-content\/uploads\/2023\/10\/Christmas-Tree-2.jpg\" \/>\n\t<meta property=\"og:image:width\" content=\"1080\" \/>\n\t<meta property=\"og:image:height\" content=\"1080\" \/>\n\t<meta property=\"og:image:type\" content=\"image\/jpeg\" \/>\n<meta name=\"twitter:card\" content=\"summary_large_image\" \/>\n<meta name=\"twitter:label1\" content=\"Tiempo de lectura\" \/>\n\t<meta name=\"twitter:data1\" content=\"2 minutos\" \/>\n<script type=\"application\/ld+json\" class=\"yoast-schema-graph\">{\"@context\":\"https:\\\/\\\/schema.org\",\"@graph\":[{\"@type\":\"WebPage\",\"@id\":\"https:\\\/\\\/craftygenesindonesia.com\\\/es\\\/shop\\\/3d\\\/el-arbol-de-navidad-de-crafty\\\/\",\"url\":\"https:\\\/\\\/craftygenesindonesia.com\\\/es\\\/shop\\\/3d\\\/el-arbol-de-navidad-de-crafty\\\/\",\"name\":\"El \u00e1rbol de Navidad de Crafty patr\u00f3n de ganchillo - Craftygenesindonesia\",\"isPartOf\":{\"@id\":\"https:\\\/\\\/craftygenesindonesia.com\\\/es\\\/#website\"},\"primaryImageOfPage\":{\"@id\":\"https:\\\/\\\/craftygenesindonesia.com\\\/es\\\/shop\\\/3d\\\/el-arbol-de-navidad-de-crafty\\\/#primaryimage\"},\"image\":{\"@id\":\"https:\\\/\\\/craftygenesindonesia.com\\\/es\\\/shop\\\/3d\\\/el-arbol-de-navidad-de-crafty\\\/#primaryimage\"},\"thumbnailUrl\":\"https:\\\/\\\/craftygenesindonesia.com\\\/wp-content\\\/uploads\\\/2023\\\/10\\\/Christmas-Tree-2.jpg\",\"datePublished\":\"2023-10-19T20:29:48+00:00\",\"dateModified\":\"2026-03-23T10:45:37+00:00\",\"description\":\"El \u00e1rbol de Navidad de ganchillo es perfecto para todo el mundo. Incluso un principiante puede hacerlo porque es muy f\u00e1cil y r\u00e1pido (solo 1 d\u00eda).\",\"breadcrumb\":{\"@id\":\"https:\\\/\\\/craftygenesindonesia.com\\\/es\\\/shop\\\/3d\\\/el-arbol-de-navidad-de-crafty\\\/#breadcrumb\"},\"inLanguage\":\"es\",\"potentialAction\":[{\"@type\":\"ReadAction\",\"target\":[\"https:\\\/\\\/craftygenesindonesia.com\\\/es\\\/shop\\\/3d\\\/el-arbol-de-navidad-de-crafty\\\/\"]}]},{\"@type\":\"ImageObject\",\"inLanguage\":\"es\",\"@id\":\"https:\\\/\\\/craftygenesindonesia.com\\\/es\\\/shop\\\/3d\\\/el-arbol-de-navidad-de-crafty\\\/#primaryimage\",\"url\":\"https:\\\/\\\/craftygenesindonesia.com\\\/wp-content\\\/uploads\\\/2023\\\/10\\\/Christmas-Tree-2.jpg\",\"contentUrl\":\"https:\\\/\\\/craftygenesindonesia.com\\\/wp-content\\\/uploads\\\/2023\\\/10\\\/Christmas-Tree-2.jpg\",\"width\":1080,\"height\":1080,\"caption\":\"crochet Christmas tree\"},{\"@type\":\"BreadcrumbList\",\"@id\":\"https:\\\/\\\/craftygenesindonesia.com\\\/es\\\/shop\\\/3d\\\/el-arbol-de-navidad-de-crafty\\\/#breadcrumb\",\"itemListElement\":[{\"@type\":\"ListItem\",\"position\":1,\"name\":\"Home\",\"item\":\"https:\\\/\\\/craftygenesindonesia.com\\\/es\\\/\"},{\"@type\":\"ListItem\",\"position\":2,\"name\":\"Tienda de patrones\",\"item\":\"https:\\\/\\\/craftygenesindonesia.com\\\/es\\\/tienda-de-patrones\\\/\"},{\"@type\":\"ListItem\",\"position\":3,\"name\":\"El \u00e1rbol de Navidad de Crafty\"}]},{\"@type\":\"WebSite\",\"@id\":\"https:\\\/\\\/craftygenesindonesia.com\\\/es\\\/#website\",\"url\":\"https:\\\/\\\/craftygenesindonesia.com\\\/es\\\/\",\"name\":\"Craftygenesindonesia\",\"description\":\"\",\"publisher\":{\"@id\":\"https:\\\/\\\/craftygenesindonesia.com\\\/es\\\/#organization\"},\"potentialAction\":[{\"@type\":\"SearchAction\",\"target\":{\"@type\":\"EntryPoint\",\"urlTemplate\":\"https:\\\/\\\/craftygenesindonesia.com\\\/es\\\/?s={search_term_string}\"},\"query-input\":{\"@type\":\"PropertyValueSpecification\",\"valueRequired\":true,\"valueName\":\"search_term_string\"}}],\"inLanguage\":\"es\"},{\"@type\":\"Organization\",\"@id\":\"https:\\\/\\\/craftygenesindonesia.com\\\/es\\\/#organization\",\"name\":\"Craftygenesindonesia\",\"url\":\"https:\\\/\\\/craftygenesindonesia.com\\\/es\\\/\",\"logo\":{\"@type\":\"ImageObject\",\"inLanguage\":\"es\",\"@id\":\"https:\\\/\\\/craftygenesindonesia.com\\\/es\\\/#\\\/schema\\\/logo\\\/image\\\/\",\"url\":\"https:\\\/\\\/craftygenesindonesia.com\\\/wp-content\\\/uploads\\\/2025\\\/11\\\/cropped-Copy-of-Craftygenesindonesia.jpg\",\"contentUrl\":\"https:\\\/\\\/craftygenesindonesia.com\\\/wp-content\\\/uploads\\\/2025\\\/11\\\/cropped-Copy-of-Craftygenesindonesia.jpg\",\"width\":180,\"height\":60,\"caption\":\"Craftygenesindonesia\"},\"image\":{\"@id\":\"https:\\\/\\\/craftygenesindonesia.com\\\/es\\\/#\\\/schema\\\/logo\\\/image\\\/\"}}]}<\/script>\n<!-- \/ Yoast SEO plugin. -->","yoast_head_json":{"title":"El \u00e1rbol de Navidad de Crafty patr\u00f3n de ganchillo - Craftygenesindonesia","description":"El \u00e1rbol de Navidad de ganchillo es perfecto para todo el mundo. Incluso un principiante puede hacerlo porque es muy f\u00e1cil y r\u00e1pido (solo 1 d\u00eda).","robots":{"index":"index","follow":"follow","max-snippet":"max-snippet:-1","max-image-preview":"max-image-preview:large","max-video-preview":"max-video-preview:-1"},"canonical":"https:\/\/craftygenesindonesia.com\/es\/shop\/3d\/el-arbol-de-navidad-de-crafty\/","og_locale":"es_ES","og_type":"article","og_title":"Patr\u00f3n de ganchillo de \u00e1rbol de Navidad","og_description":"El \u00e1rbol de Navidad de ganchillo es perfecto para todo el mundo. Incluso un principiante puede hacerlo porque es muy f\u00e1cil y r\u00e1pido (solo 1 d\u00eda).","og_url":"https:\/\/craftygenesindonesia.com\/es\/shop\/3d\/el-arbol-de-navidad-de-crafty\/","og_site_name":"Craftygenesindonesia","article_modified_time":"2026-03-23T10:45:37+00:00","og_image":[{"width":1080,"height":1080,"url":"https:\/\/craftygenesindonesia.com\/wp-content\/uploads\/2023\/10\/Christmas-Tree-2.jpg","type":"image\/jpeg"}],"twitter_card":"summary_large_image","twitter_misc":{"Tiempo de lectura":"2 minutos"},"schema":{"@context":"https:\/\/schema.org","@graph":[{"@type":"WebPage","@id":"https:\/\/craftygenesindonesia.com\/es\/shop\/3d\/el-arbol-de-navidad-de-crafty\/","url":"https:\/\/craftygenesindonesia.com\/es\/shop\/3d\/el-arbol-de-navidad-de-crafty\/","name":"El \u00e1rbol de Navidad de Crafty patr\u00f3n de ganchillo - Craftygenesindonesia","isPartOf":{"@id":"https:\/\/craftygenesindonesia.com\/es\/#website"},"primaryImageOfPage":{"@id":"https:\/\/craftygenesindonesia.com\/es\/shop\/3d\/el-arbol-de-navidad-de-crafty\/#primaryimage"},"image":{"@id":"https:\/\/craftygenesindonesia.com\/es\/shop\/3d\/el-arbol-de-navidad-de-crafty\/#primaryimage"},"thumbnailUrl":"https:\/\/craftygenesindonesia.com\/wp-content\/uploads\/2023\/10\/Christmas-Tree-2.jpg","datePublished":"2023-10-19T20:29:48+00:00","dateModified":"2026-03-23T10:45:37+00:00","description":"El \u00e1rbol de Navidad de ganchillo es perfecto para todo el mundo. Incluso un principiante puede hacerlo porque es muy f\u00e1cil y r\u00e1pido (solo 1 d\u00eda).","breadcrumb":{"@id":"https:\/\/craftygenesindonesia.com\/es\/shop\/3d\/el-arbol-de-navidad-de-crafty\/#breadcrumb"},"inLanguage":"es","potentialAction":[{"@type":"ReadAction","target":["https:\/\/craftygenesindonesia.com\/es\/shop\/3d\/el-arbol-de-navidad-de-crafty\/"]}]},{"@type":"ImageObject","inLanguage":"es","@id":"https:\/\/craftygenesindonesia.com\/es\/shop\/3d\/el-arbol-de-navidad-de-crafty\/#primaryimage","url":"https:\/\/craftygenesindonesia.com\/wp-content\/uploads\/2023\/10\/Christmas-Tree-2.jpg","contentUrl":"https:\/\/craftygenesindonesia.com\/wp-content\/uploads\/2023\/10\/Christmas-Tree-2.jpg","width":1080,"height":1080,"caption":"crochet Christmas tree"},{"@type":"BreadcrumbList","@id":"https:\/\/craftygenesindonesia.com\/es\/shop\/3d\/el-arbol-de-navidad-de-crafty\/#breadcrumb","itemListElement":[{"@type":"ListItem","position":1,"name":"Home","item":"https:\/\/craftygenesindonesia.com\/es\/"},{"@type":"ListItem","position":2,"name":"Tienda de patrones","item":"https:\/\/craftygenesindonesia.com\/es\/tienda-de-patrones\/"},{"@type":"ListItem","position":3,"name":"El \u00e1rbol de Navidad de Crafty"}]},{"@type":"WebSite","@id":"https:\/\/craftygenesindonesia.com\/es\/#website","url":"https:\/\/craftygenesindonesia.com\/es\/","name":"Craftygenesindonesia","description":"","publisher":{"@id":"https:\/\/craftygenesindonesia.com\/es\/#organization"},"potentialAction":[{"@type":"SearchAction","target":{"@type":"EntryPoint","urlTemplate":"https:\/\/craftygenesindonesia.com\/es\/?s={search_term_string}"},"query-input":{"@type":"PropertyValueSpecification","valueRequired":true,"valueName":"search_term_string"}}],"inLanguage":"es"},{"@type":"Organization","@id":"https:\/\/craftygenesindonesia.com\/es\/#organization","name":"Craftygenesindonesia","url":"https:\/\/craftygenesindonesia.com\/es\/","logo":{"@type":"ImageObject","inLanguage":"es","@id":"https:\/\/craftygenesindonesia.com\/es\/#\/schema\/logo\/image\/","url":"https:\/\/craftygenesindonesia.com\/wp-content\/uploads\/2025\/11\/cropped-Copy-of-Craftygenesindonesia.jpg","contentUrl":"https:\/\/craftygenesindonesia.com\/wp-content\/uploads\/2025\/11\/cropped-Copy-of-Craftygenesindonesia.jpg","width":180,"height":60,"caption":"Craftygenesindonesia"},"image":{"@id":"https:\/\/craftygenesindonesia.com\/es\/#\/schema\/logo\/image\/"}}]}},"_links":{"self":[{"href":"https:\/\/craftygenesindonesia.com\/es\/wp-json\/wp\/v2\/product\/24171","targetHints":{"allow":["GET"]}}],"collection":[{"href":"https:\/\/craftygenesindonesia.com\/es\/wp-json\/wp\/v2\/product"}],"about":[{"href":"https:\/\/craftygenesindonesia.com\/es\/wp-json\/wp\/v2\/types\/product"}],"replies":[{"embeddable":true,"href":"https:\/\/craftygenesindonesia.com\/es\/wp-json\/wp\/v2\/comments?post=24171"}],"wp:featuredmedia":[{"embeddable":true,"href":"https:\/\/craftygenesindonesia.com\/es\/wp-json\/wp\/v2\/media\/987521230"}],"wp:attachment":[{"href":"https:\/\/craftygenesindonesia.com\/es\/wp-json\/wp\/v2\/media?parent=24171"}],"wp:term":[{"taxonomy":"product_brand","embeddable":true,"href":"https:\/\/craftygenesindonesia.com\/es\/wp-json\/wp\/v2\/product_brand?post=24171"},{"taxonomy":"product_cat","embeddable":true,"href":"https:\/\/craftygenesindonesia.com\/es\/wp-json\/wp\/v2\/product_cat?post=24171"},{"taxonomy":"product_tag","embeddable":true,"href":"https:\/\/craftygenesindonesia.com\/es\/wp-json\/wp\/v2\/product_tag?post=24171"}],"curies":[{"name":"wp","href":"https:\/\/api.w.org\/{rel}","templated":true}]}}