{"id":23394,"date":"2023-09-29T04:39:18","date_gmt":"2023-09-28T20:39:18","guid":{"rendered":"https:\/\/craftygenesindonesia.com\/?post_type=product&#038;p=23394"},"modified":"2026-03-23T18:57:54","modified_gmt":"2026-03-23T10:57:54","slug":"la-virgen-2en1-paquete","status":"publish","type":"product","link":"https:\/\/craftygenesindonesia.com\/es\/shop\/paquetes\/la-virgen-2en1-paquete\/","title":{"rendered":"La Virgen 2en1 Paquete"},"content":{"rendered":"<p>En este paquete tienes los patrones de ganchillo de:<\/p>\n<p>La Virgen del Rosario de Torrej\u00f3n de Ardoz<br \/>\nLa Virgen del Rosario del Rocio<\/p>\n<p>&nbsp;<\/p>\n<p>Para ver la informaci\u00f3n sobre La Virgen del Rosario de Torrej\u00f3n de Ardoz, haz clic aqu\u00ed: <a href=\"https:\/\/craftygenesindonesia.com\/es\/producto\/la-virgen-del-rosario\/\">La Virgen del Rosario patr\u00f3n de ganchillo &#8211; Craftygenesindonesia<\/a><\/p>\n<p>Para ver la informaci\u00f3n sobre la Virgen del Rosario del Roc\u00edo, pulse aqu\u00ed: <a href=\"https:\/\/craftygenesindonesia.com\/es\/producto\/la-virgen-del-rocio\/\">La Virgen del Roc\u00edo patr\u00f3n de ganchillo &#8211; Craftygenesindonesia<\/a><\/p>\n<p>&nbsp;<\/p>\n<p>Ambos est\u00e1n realizados con hilo de la talla 3 apto para amigurumi y un ganchillo de la talla 2mm.<\/p>\n<p>Env\u00edame un mensaje si tienes alguna duda sobre el lote a: craftygenesindonesia@gmail.com<\/p>\n","protected":false},"excerpt":{"rendered":"<p>La Virgen 2en1 Bundle<\/p>\n<p>&nbsp;<\/p>\n<p>En este paquete obtienes los patrones de:<\/p>\n<p>La Virgen del Rosario de Torrej\u00f3n de Ardoz<br \/>\nLa Virgen del Roc\u00edo<\/p>\n","protected":false},"featured_media":987519905,"comment_status":"open","ping_status":"closed","template":"","meta":{"_acf_changed":false},"product_brand":[],"product_cat":[3045,3077],"product_tag":[12103,12090,12092,11058,11057,12102,10090,11422,10282,12105,8809,10281,12108],"class_list":{"0":"post-23394","1":"product","2":"type-product","3":"status-publish","4":"has-post-thumbnail","6":"product_cat-paquetes","7":"product_cat-religioso","8":"product_tag-blessed-mary-es","9":"product_tag-catholic-es","10":"product_tag-christian-es","11":"product_tag-corona-es-2","12":"product_tag-cruz-es-2","13":"product_tag-holy-mary-es","14":"product_tag-jesus-es","15":"product_tag-patron-es","16":"product_tag-rosario-es","17":"product_tag-saint-mary-es","18":"product_tag-san","19":"product_tag-santo-catolico","20":"product_tag-virgin-mary-es","21":"pa_available_on-craftygenesindonesia","22":"pa_available_on-haked-nl","23":"pa_languages-espanol","24":"pa_languages-estados-unidos-ingles","25":"pa_languages-frances","26":"pa_languages-holandes","28":"first","29":"instock","30":"downloadable","31":"virtual","32":"purchasable","33":"product-type-simple"},"acf":[],"yoast_head":"<!-- This site is optimized with the Yoast SEO plugin v27.3 - https:\/\/yoast.com\/product\/yoast-seo-wordpress\/ -->\n<title>La Virgen 2en1 Paquete patrones de ganchillo - Craftygenesindonesia<\/title>\n<meta name=\"description\" content=\"Compra aqu\u00ed mis patrones de ganchillo del Paquete de la Virgen 2en1. Obtienes: 1. La Virgen del Rosario de Torrej\u00f3n de Ardoz y la Virgen del Roc\u00edo.\" \/>\n<meta name=\"robots\" content=\"index, follow, max-snippet:-1, max-image-preview:large, max-video-preview:-1\" \/>\n<link rel=\"canonical\" href=\"https:\/\/craftygenesindonesia.com\/es\/shop\/paquetes\/la-virgen-2en1-paquete\/\" \/>\n<meta property=\"og:locale\" content=\"es_ES\" \/>\n<meta property=\"og:type\" content=\"article\" \/>\n<meta property=\"og:title\" content=\"La Virgen 2en1 Paquete patrones de ganchillo - Craftygenesindonesia\" \/>\n<meta property=\"og:description\" content=\"Compra aqu\u00ed mis patrones de ganchillo del Paquete de la Virgen 2en1. Obtienes: 1. La Virgen del Rosario de Torrej\u00f3n de Ardoz y la Virgen del Roc\u00edo.\" \/>\n<meta property=\"og:url\" content=\"https:\/\/craftygenesindonesia.com\/es\/shop\/paquetes\/la-virgen-2en1-paquete\/\" \/>\n<meta property=\"og:site_name\" content=\"Craftygenesindonesia\" \/>\n<meta property=\"article:modified_time\" content=\"2026-03-23T10:57:54+00:00\" \/>\n<meta property=\"og:image\" content=\"https:\/\/craftygenesindonesia.com\/wp-content\/uploads\/2023\/09\/Our-Lady-bundle.jpg\" \/>\n\t<meta property=\"og:image:width\" content=\"1080\" \/>\n\t<meta property=\"og:image:height\" content=\"1080\" \/>\n\t<meta property=\"og:image:type\" content=\"image\/jpeg\" \/>\n<meta name=\"twitter:card\" content=\"summary_large_image\" \/>\n<meta name=\"twitter:label1\" content=\"Tiempo de lectura\" \/>\n\t<meta name=\"twitter:data1\" content=\"1 minuto\" \/>\n<script type=\"application\/ld+json\" class=\"yoast-schema-graph\">{\"@context\":\"https:\\\/\\\/schema.org\",\"@graph\":[{\"@type\":\"WebPage\",\"@id\":\"https:\\\/\\\/craftygenesindonesia.com\\\/es\\\/shop\\\/paquetes\\\/la-virgen-2en1-paquete\\\/\",\"url\":\"https:\\\/\\\/craftygenesindonesia.com\\\/es\\\/shop\\\/paquetes\\\/la-virgen-2en1-paquete\\\/\",\"name\":\"La Virgen 2en1 Paquete patrones de ganchillo - Craftygenesindonesia\",\"isPartOf\":{\"@id\":\"https:\\\/\\\/craftygenesindonesia.com\\\/es\\\/#website\"},\"primaryImageOfPage\":{\"@id\":\"https:\\\/\\\/craftygenesindonesia.com\\\/es\\\/shop\\\/paquetes\\\/la-virgen-2en1-paquete\\\/#primaryimage\"},\"image\":{\"@id\":\"https:\\\/\\\/craftygenesindonesia.com\\\/es\\\/shop\\\/paquetes\\\/la-virgen-2en1-paquete\\\/#primaryimage\"},\"thumbnailUrl\":\"https:\\\/\\\/craftygenesindonesia.com\\\/wp-content\\\/uploads\\\/2023\\\/09\\\/Our-Lady-bundle.jpg\",\"datePublished\":\"2023-09-28T20:39:18+00:00\",\"dateModified\":\"2026-03-23T10:57:54+00:00\",\"description\":\"Compra aqu\u00ed mis patrones de ganchillo del Paquete de la Virgen 2en1. Obtienes: 1. La Virgen del Rosario de Torrej\u00f3n de Ardoz y la Virgen del Roc\u00edo.\",\"breadcrumb\":{\"@id\":\"https:\\\/\\\/craftygenesindonesia.com\\\/es\\\/shop\\\/paquetes\\\/la-virgen-2en1-paquete\\\/#breadcrumb\"},\"inLanguage\":\"es\",\"potentialAction\":[{\"@type\":\"ReadAction\",\"target\":[\"https:\\\/\\\/craftygenesindonesia.com\\\/es\\\/shop\\\/paquetes\\\/la-virgen-2en1-paquete\\\/\"]}]},{\"@type\":\"ImageObject\",\"inLanguage\":\"es\",\"@id\":\"https:\\\/\\\/craftygenesindonesia.com\\\/es\\\/shop\\\/paquetes\\\/la-virgen-2en1-paquete\\\/#primaryimage\",\"url\":\"https:\\\/\\\/craftygenesindonesia.com\\\/wp-content\\\/uploads\\\/2023\\\/09\\\/Our-Lady-bundle.jpg\",\"contentUrl\":\"https:\\\/\\\/craftygenesindonesia.com\\\/wp-content\\\/uploads\\\/2023\\\/09\\\/Our-Lady-bundle.jpg\",\"width\":1080,\"height\":1080,\"caption\":\"crochet Virgin Mary of the rosary with Jesus\"},{\"@type\":\"BreadcrumbList\",\"@id\":\"https:\\\/\\\/craftygenesindonesia.com\\\/es\\\/shop\\\/paquetes\\\/la-virgen-2en1-paquete\\\/#breadcrumb\",\"itemListElement\":[{\"@type\":\"ListItem\",\"position\":1,\"name\":\"Home\",\"item\":\"https:\\\/\\\/craftygenesindonesia.com\\\/es\\\/\"},{\"@type\":\"ListItem\",\"position\":2,\"name\":\"Tienda de patrones\",\"item\":\"https:\\\/\\\/craftygenesindonesia.com\\\/es\\\/tienda-de-patrones\\\/\"},{\"@type\":\"ListItem\",\"position\":3,\"name\":\"La Virgen 2en1 Paquete\"}]},{\"@type\":\"WebSite\",\"@id\":\"https:\\\/\\\/craftygenesindonesia.com\\\/es\\\/#website\",\"url\":\"https:\\\/\\\/craftygenesindonesia.com\\\/es\\\/\",\"name\":\"Craftygenesindonesia\",\"description\":\"\",\"publisher\":{\"@id\":\"https:\\\/\\\/craftygenesindonesia.com\\\/es\\\/#organization\"},\"potentialAction\":[{\"@type\":\"SearchAction\",\"target\":{\"@type\":\"EntryPoint\",\"urlTemplate\":\"https:\\\/\\\/craftygenesindonesia.com\\\/es\\\/?s={search_term_string}\"},\"query-input\":{\"@type\":\"PropertyValueSpecification\",\"valueRequired\":true,\"valueName\":\"search_term_string\"}}],\"inLanguage\":\"es\"},{\"@type\":\"Organization\",\"@id\":\"https:\\\/\\\/craftygenesindonesia.com\\\/es\\\/#organization\",\"name\":\"Craftygenesindonesia\",\"url\":\"https:\\\/\\\/craftygenesindonesia.com\\\/es\\\/\",\"logo\":{\"@type\":\"ImageObject\",\"inLanguage\":\"es\",\"@id\":\"https:\\\/\\\/craftygenesindonesia.com\\\/es\\\/#\\\/schema\\\/logo\\\/image\\\/\",\"url\":\"https:\\\/\\\/craftygenesindonesia.com\\\/wp-content\\\/uploads\\\/2025\\\/11\\\/cropped-Copy-of-Craftygenesindonesia.jpg\",\"contentUrl\":\"https:\\\/\\\/craftygenesindonesia.com\\\/wp-content\\\/uploads\\\/2025\\\/11\\\/cropped-Copy-of-Craftygenesindonesia.jpg\",\"width\":180,\"height\":60,\"caption\":\"Craftygenesindonesia\"},\"image\":{\"@id\":\"https:\\\/\\\/craftygenesindonesia.com\\\/es\\\/#\\\/schema\\\/logo\\\/image\\\/\"}}]}<\/script>\n<!-- \/ Yoast SEO plugin. -->","yoast_head_json":{"title":"La Virgen 2en1 Paquete patrones de ganchillo - Craftygenesindonesia","description":"Compra aqu\u00ed mis patrones de ganchillo del Paquete de la Virgen 2en1. Obtienes: 1. La Virgen del Rosario de Torrej\u00f3n de Ardoz y la Virgen del Roc\u00edo.","robots":{"index":"index","follow":"follow","max-snippet":"max-snippet:-1","max-image-preview":"max-image-preview:large","max-video-preview":"max-video-preview:-1"},"canonical":"https:\/\/craftygenesindonesia.com\/es\/shop\/paquetes\/la-virgen-2en1-paquete\/","og_locale":"es_ES","og_type":"article","og_title":"La Virgen 2en1 Paquete patrones de ganchillo - Craftygenesindonesia","og_description":"Compra aqu\u00ed mis patrones de ganchillo del Paquete de la Virgen 2en1. Obtienes: 1. La Virgen del Rosario de Torrej\u00f3n de Ardoz y la Virgen del Roc\u00edo.","og_url":"https:\/\/craftygenesindonesia.com\/es\/shop\/paquetes\/la-virgen-2en1-paquete\/","og_site_name":"Craftygenesindonesia","article_modified_time":"2026-03-23T10:57:54+00:00","og_image":[{"width":1080,"height":1080,"url":"https:\/\/craftygenesindonesia.com\/wp-content\/uploads\/2023\/09\/Our-Lady-bundle.jpg","type":"image\/jpeg"}],"twitter_card":"summary_large_image","twitter_misc":{"Tiempo de lectura":"1 minuto"},"schema":{"@context":"https:\/\/schema.org","@graph":[{"@type":"WebPage","@id":"https:\/\/craftygenesindonesia.com\/es\/shop\/paquetes\/la-virgen-2en1-paquete\/","url":"https:\/\/craftygenesindonesia.com\/es\/shop\/paquetes\/la-virgen-2en1-paquete\/","name":"La Virgen 2en1 Paquete patrones de ganchillo - Craftygenesindonesia","isPartOf":{"@id":"https:\/\/craftygenesindonesia.com\/es\/#website"},"primaryImageOfPage":{"@id":"https:\/\/craftygenesindonesia.com\/es\/shop\/paquetes\/la-virgen-2en1-paquete\/#primaryimage"},"image":{"@id":"https:\/\/craftygenesindonesia.com\/es\/shop\/paquetes\/la-virgen-2en1-paquete\/#primaryimage"},"thumbnailUrl":"https:\/\/craftygenesindonesia.com\/wp-content\/uploads\/2023\/09\/Our-Lady-bundle.jpg","datePublished":"2023-09-28T20:39:18+00:00","dateModified":"2026-03-23T10:57:54+00:00","description":"Compra aqu\u00ed mis patrones de ganchillo del Paquete de la Virgen 2en1. Obtienes: 1. La Virgen del Rosario de Torrej\u00f3n de Ardoz y la Virgen del Roc\u00edo.","breadcrumb":{"@id":"https:\/\/craftygenesindonesia.com\/es\/shop\/paquetes\/la-virgen-2en1-paquete\/#breadcrumb"},"inLanguage":"es","potentialAction":[{"@type":"ReadAction","target":["https:\/\/craftygenesindonesia.com\/es\/shop\/paquetes\/la-virgen-2en1-paquete\/"]}]},{"@type":"ImageObject","inLanguage":"es","@id":"https:\/\/craftygenesindonesia.com\/es\/shop\/paquetes\/la-virgen-2en1-paquete\/#primaryimage","url":"https:\/\/craftygenesindonesia.com\/wp-content\/uploads\/2023\/09\/Our-Lady-bundle.jpg","contentUrl":"https:\/\/craftygenesindonesia.com\/wp-content\/uploads\/2023\/09\/Our-Lady-bundle.jpg","width":1080,"height":1080,"caption":"crochet Virgin Mary of the rosary with Jesus"},{"@type":"BreadcrumbList","@id":"https:\/\/craftygenesindonesia.com\/es\/shop\/paquetes\/la-virgen-2en1-paquete\/#breadcrumb","itemListElement":[{"@type":"ListItem","position":1,"name":"Home","item":"https:\/\/craftygenesindonesia.com\/es\/"},{"@type":"ListItem","position":2,"name":"Tienda de patrones","item":"https:\/\/craftygenesindonesia.com\/es\/tienda-de-patrones\/"},{"@type":"ListItem","position":3,"name":"La Virgen 2en1 Paquete"}]},{"@type":"WebSite","@id":"https:\/\/craftygenesindonesia.com\/es\/#website","url":"https:\/\/craftygenesindonesia.com\/es\/","name":"Craftygenesindonesia","description":"","publisher":{"@id":"https:\/\/craftygenesindonesia.com\/es\/#organization"},"potentialAction":[{"@type":"SearchAction","target":{"@type":"EntryPoint","urlTemplate":"https:\/\/craftygenesindonesia.com\/es\/?s={search_term_string}"},"query-input":{"@type":"PropertyValueSpecification","valueRequired":true,"valueName":"search_term_string"}}],"inLanguage":"es"},{"@type":"Organization","@id":"https:\/\/craftygenesindonesia.com\/es\/#organization","name":"Craftygenesindonesia","url":"https:\/\/craftygenesindonesia.com\/es\/","logo":{"@type":"ImageObject","inLanguage":"es","@id":"https:\/\/craftygenesindonesia.com\/es\/#\/schema\/logo\/image\/","url":"https:\/\/craftygenesindonesia.com\/wp-content\/uploads\/2025\/11\/cropped-Copy-of-Craftygenesindonesia.jpg","contentUrl":"https:\/\/craftygenesindonesia.com\/wp-content\/uploads\/2025\/11\/cropped-Copy-of-Craftygenesindonesia.jpg","width":180,"height":60,"caption":"Craftygenesindonesia"},"image":{"@id":"https:\/\/craftygenesindonesia.com\/es\/#\/schema\/logo\/image\/"}}]}},"_links":{"self":[{"href":"https:\/\/craftygenesindonesia.com\/es\/wp-json\/wp\/v2\/product\/23394","targetHints":{"allow":["GET"]}}],"collection":[{"href":"https:\/\/craftygenesindonesia.com\/es\/wp-json\/wp\/v2\/product"}],"about":[{"href":"https:\/\/craftygenesindonesia.com\/es\/wp-json\/wp\/v2\/types\/product"}],"replies":[{"embeddable":true,"href":"https:\/\/craftygenesindonesia.com\/es\/wp-json\/wp\/v2\/comments?post=23394"}],"wp:featuredmedia":[{"embeddable":true,"href":"https:\/\/craftygenesindonesia.com\/es\/wp-json\/wp\/v2\/media\/987519905"}],"wp:attachment":[{"href":"https:\/\/craftygenesindonesia.com\/es\/wp-json\/wp\/v2\/media?parent=23394"}],"wp:term":[{"taxonomy":"product_brand","embeddable":true,"href":"https:\/\/craftygenesindonesia.com\/es\/wp-json\/wp\/v2\/product_brand?post=23394"},{"taxonomy":"product_cat","embeddable":true,"href":"https:\/\/craftygenesindonesia.com\/es\/wp-json\/wp\/v2\/product_cat?post=23394"},{"taxonomy":"product_tag","embeddable":true,"href":"https:\/\/craftygenesindonesia.com\/es\/wp-json\/wp\/v2\/product_tag?post=23394"}],"curies":[{"name":"wp","href":"https:\/\/api.w.org\/{rel}","templated":true}]}}