{"id":20206,"date":"2023-08-16T04:20:09","date_gmt":"2023-08-15T20:20:09","guid":{"rendered":"https:\/\/craftygenesindonesia.com\/?post_type=product&#038;p=20206"},"modified":"2026-03-24T05:57:03","modified_gmt":"2026-03-23T21:57:03","slug":"la-cama-de-lucy","status":"publish","type":"product","link":"https:\/\/craftygenesindonesia.com\/es\/shop\/3d\/la-cama-de-lucy\/","title":{"rendered":"La cama de Lucy"},"content":{"rendered":"<p>Este patr\u00f3n est\u00e1 hecho con hilo de la talla 3 apto para amigurumi y un ganchillo de 2mm.<\/p>\n<p>Tama\u00f1o final de la cama: 28x19x19cm\/ 11&#215;7.5&#215;7.5inch<\/p>\n<p>&nbsp;<\/p>\n<p>Colores del hilo:<\/p>\n<p>&#8211; Blanco hueso: 430-460m\/ 470-505yd<\/p>\n<p>&#8211; Blanco: 260-280m\/ 285-305yd<\/p>\n<p>&#8211; Color mixto: 120-140m\/ 130-160yd<\/p>\n<p>Tambi\u00e9n necesitar\u00e1: Relleno &#8211; tijeras &#8211; marcadores de puntos &#8211; l\u00e1piz &#8211; regla &#8211; cart\u00f3n de 5mm** &#8211; pegamento &#8211; pistola de pegamento &#8211; aguja de tapicer\u00eda &#8211; alambre de aluminio de 1.5mm<\/p>\n<p>**Sustituye el cart\u00f3n de 5 mm por madera contrachapada de 5 mm si un ni\u00f1o va a jugar con esta cama y luego atornilla la cama con tornillos en lugar de usar alambre y pegamento.<\/p>\n<p>Aguja de ganchillo: tama\u00f1o 2 mm<\/p>\n<p>&nbsp;<\/p>\n<p>Este patr\u00f3n de ganchillo incluye muchas fotos para ayudarte. Si usted todav\u00eda tiene preguntas, no dude en ponerse en contacto conmigo en: craftygenesindonesia@gmail.com<\/p>\n<p>&nbsp;<\/p>\n<p>Este patr\u00f3n es un patr\u00f3n PAGADO y hay un COPYRIGHT en \u00e9l. Por lo tanto, el patr\u00f3n es s\u00f3lo para uso personal y NO puede ser copiado, vendido, revendido, traducido, reclamado como su dise\u00f1o, distribuido, compartido, publicado, publicado en l\u00ednea &#8230; en cualquier forma sin mi consentimiento. \u00a1\u00a1\u00a1Ni siquiera una parte!!!<\/p>\n<p>Puedes vender la cama terminada en peque\u00f1as cantidades, \u00a1PERO NO EL PATR\u00d3N MISMO! Por favor, mencione que el patr\u00f3n es por Craftygenesindonesia y donde se puede comprar<\/p>\n","protected":false},"excerpt":{"rendered":"<p>Esta es la cama de Lucy.\u00a0 Se puede comprar por separado de la mu\u00f1eca aqu\u00ed.\u00a0 Es ideal para los que quieren s\u00f3lo la cama o para los que ya tienen el patr\u00f3n Lucy takes a nap (haz clic <a href=\"https:\/\/craftygenesindonesia.com\/es\/producto\/lucy-duerme-la-siesta\/\" target=\"_blank\" rel=\"noopener\"><strong>aqu\u00ed<\/strong><\/a> para verlo).\u00a0 Si quieres comprar el patr\u00f3n para la cama con la ni\u00f1a, haz clic en este enlace: <a href=\"https:\/\/craftygenesindonesia.com\/es\/producto\/lucy-esta-durmiendo\/\" target=\"_blank\" rel=\"noopener\">Lucy esta durmiendo patr\u00f3n de ganchillo &#8211; Craftygenesindonesia<\/a><\/p>\n","protected":false},"featured_media":987526146,"comment_status":"open","ping_status":"closed","template":"","meta":{"_acf_changed":false},"product_brand":[],"product_cat":[3031,3069],"product_tag":[11438,10899,10903,11714,11097,10858,11051,11284],"class_list":{"0":"post-20206","1":"product","2":"type-product","3":"status-publish","4":"has-post-thumbnail","6":"product_cat-3d","7":"product_cat-munecas-lucy","8":"product_tag-almohada","9":"product_tag-cama","10":"product_tag-manta","11":"product_tag-muebles","12":"product_tag-muneca-es-2","13":"product_tag-muneca-es","14":"product_tag-muneca-de-ganchillo","15":"product_tag-munecas-infantiles","16":"pa_available_on-craftygenesindonesia","17":"pa_available_on-etsy","18":"pa_available_on-haked-nl","19":"pa_available_on-payhip","20":"pa_available_on-ravelry","21":"pa_languages-espanol","22":"pa_languages-estados-unidos-ingles","23":"pa_languages-frances","24":"pa_languages-holandes","26":"first","27":"instock","28":"downloadable","29":"virtual","30":"purchasable","31":"product-type-simple"},"acf":[],"yoast_head":"<!-- This site is optimized with the Yoast SEO plugin v27.4 - https:\/\/yoast.com\/product\/yoast-seo-wordpress\/ -->\n<title>La cama de Lucy patr\u00f3n de ganchillo - Craftygenesindonesia<\/title>\n<meta name=\"description\" content=\"Consigue la cama para mi mu\u00f1equita Lucy aqu\u00ed. Tambi\u00e9n puedes conseguir el patr\u00f3n con la mu\u00f1eca en otra p\u00e1gina aqu\u00ed.\" \/>\n<meta name=\"robots\" content=\"index, follow, max-snippet:-1, max-image-preview:large, max-video-preview:-1\" \/>\n<link rel=\"canonical\" href=\"https:\/\/craftygenesindonesia.com\/es\/shop\/3d\/la-cama-de-lucy\/\" \/>\n<meta property=\"og:locale\" content=\"es_ES\" \/>\n<meta property=\"og:type\" content=\"article\" \/>\n<meta property=\"og:title\" content=\"La cama de Lucy patr\u00f3n de ganchillo - Craftygenesindonesia\" \/>\n<meta property=\"og:description\" content=\"Consigue la cama para mi mu\u00f1equita Lucy aqu\u00ed. Tambi\u00e9n puedes conseguir el patr\u00f3n con la mu\u00f1eca en otra p\u00e1gina aqu\u00ed.\" \/>\n<meta property=\"og:url\" content=\"https:\/\/craftygenesindonesia.com\/es\/shop\/3d\/la-cama-de-lucy\/\" \/>\n<meta property=\"og:site_name\" content=\"Craftygenesindonesia\" \/>\n<meta property=\"article:modified_time\" content=\"2026-03-23T21:57:03+00:00\" \/>\n<meta property=\"og:image\" content=\"https:\/\/craftygenesindonesia.com\/wp-content\/uploads\/2023\/08\/Lucys-Bed-1.jpg\" \/>\n\t<meta property=\"og:image:width\" content=\"1080\" \/>\n\t<meta property=\"og:image:height\" content=\"1080\" \/>\n\t<meta property=\"og:image:type\" content=\"image\/jpeg\" \/>\n<meta name=\"twitter:card\" content=\"summary_large_image\" \/>\n<meta name=\"twitter:label1\" content=\"Tiempo de lectura\" \/>\n\t<meta name=\"twitter:data1\" content=\"2 minutos\" \/>\n<script type=\"application\/ld+json\" class=\"yoast-schema-graph\">{\"@context\":\"https:\\\/\\\/schema.org\",\"@graph\":[{\"@type\":\"WebPage\",\"@id\":\"https:\\\/\\\/craftygenesindonesia.com\\\/es\\\/shop\\\/3d\\\/la-cama-de-lucy\\\/\",\"url\":\"https:\\\/\\\/craftygenesindonesia.com\\\/es\\\/shop\\\/3d\\\/la-cama-de-lucy\\\/\",\"name\":\"La cama de Lucy patr\u00f3n de ganchillo - Craftygenesindonesia\",\"isPartOf\":{\"@id\":\"https:\\\/\\\/craftygenesindonesia.com\\\/es\\\/#website\"},\"primaryImageOfPage\":{\"@id\":\"https:\\\/\\\/craftygenesindonesia.com\\\/es\\\/shop\\\/3d\\\/la-cama-de-lucy\\\/#primaryimage\"},\"image\":{\"@id\":\"https:\\\/\\\/craftygenesindonesia.com\\\/es\\\/shop\\\/3d\\\/la-cama-de-lucy\\\/#primaryimage\"},\"thumbnailUrl\":\"https:\\\/\\\/craftygenesindonesia.com\\\/wp-content\\\/uploads\\\/2023\\\/08\\\/Lucys-Bed-1.jpg\",\"datePublished\":\"2023-08-15T20:20:09+00:00\",\"dateModified\":\"2026-03-23T21:57:03+00:00\",\"description\":\"Consigue la cama para mi mu\u00f1equita Lucy aqu\u00ed. Tambi\u00e9n puedes conseguir el patr\u00f3n con la mu\u00f1eca en otra p\u00e1gina aqu\u00ed.\",\"breadcrumb\":{\"@id\":\"https:\\\/\\\/craftygenesindonesia.com\\\/es\\\/shop\\\/3d\\\/la-cama-de-lucy\\\/#breadcrumb\"},\"inLanguage\":\"es\",\"potentialAction\":[{\"@type\":\"ReadAction\",\"target\":[\"https:\\\/\\\/craftygenesindonesia.com\\\/es\\\/shop\\\/3d\\\/la-cama-de-lucy\\\/\"]}]},{\"@type\":\"ImageObject\",\"inLanguage\":\"es\",\"@id\":\"https:\\\/\\\/craftygenesindonesia.com\\\/es\\\/shop\\\/3d\\\/la-cama-de-lucy\\\/#primaryimage\",\"url\":\"https:\\\/\\\/craftygenesindonesia.com\\\/wp-content\\\/uploads\\\/2023\\\/08\\\/Lucys-Bed-1.jpg\",\"contentUrl\":\"https:\\\/\\\/craftygenesindonesia.com\\\/wp-content\\\/uploads\\\/2023\\\/08\\\/Lucys-Bed-1.jpg\",\"width\":1080,\"height\":1080,\"caption\":\"crochet doll bed\"},{\"@type\":\"BreadcrumbList\",\"@id\":\"https:\\\/\\\/craftygenesindonesia.com\\\/es\\\/shop\\\/3d\\\/la-cama-de-lucy\\\/#breadcrumb\",\"itemListElement\":[{\"@type\":\"ListItem\",\"position\":1,\"name\":\"Home\",\"item\":\"https:\\\/\\\/craftygenesindonesia.com\\\/es\\\/\"},{\"@type\":\"ListItem\",\"position\":2,\"name\":\"Tienda de patrones\",\"item\":\"https:\\\/\\\/craftygenesindonesia.com\\\/es\\\/tienda-de-patrones\\\/\"},{\"@type\":\"ListItem\",\"position\":3,\"name\":\"La cama de Lucy\"}]},{\"@type\":\"WebSite\",\"@id\":\"https:\\\/\\\/craftygenesindonesia.com\\\/es\\\/#website\",\"url\":\"https:\\\/\\\/craftygenesindonesia.com\\\/es\\\/\",\"name\":\"Craftygenesindonesia\",\"description\":\"\",\"publisher\":{\"@id\":\"https:\\\/\\\/craftygenesindonesia.com\\\/es\\\/#organization\"},\"potentialAction\":[{\"@type\":\"SearchAction\",\"target\":{\"@type\":\"EntryPoint\",\"urlTemplate\":\"https:\\\/\\\/craftygenesindonesia.com\\\/es\\\/?s={search_term_string}\"},\"query-input\":{\"@type\":\"PropertyValueSpecification\",\"valueRequired\":true,\"valueName\":\"search_term_string\"}}],\"inLanguage\":\"es\"},{\"@type\":\"Organization\",\"@id\":\"https:\\\/\\\/craftygenesindonesia.com\\\/es\\\/#organization\",\"name\":\"Craftygenesindonesia\",\"url\":\"https:\\\/\\\/craftygenesindonesia.com\\\/es\\\/\",\"logo\":{\"@type\":\"ImageObject\",\"inLanguage\":\"es\",\"@id\":\"https:\\\/\\\/craftygenesindonesia.com\\\/es\\\/#\\\/schema\\\/logo\\\/image\\\/\",\"url\":\"https:\\\/\\\/craftygenesindonesia.com\\\/wp-content\\\/uploads\\\/2025\\\/11\\\/cropped-Copy-of-Craftygenesindonesia.jpg\",\"contentUrl\":\"https:\\\/\\\/craftygenesindonesia.com\\\/wp-content\\\/uploads\\\/2025\\\/11\\\/cropped-Copy-of-Craftygenesindonesia.jpg\",\"width\":180,\"height\":60,\"caption\":\"Craftygenesindonesia\"},\"image\":{\"@id\":\"https:\\\/\\\/craftygenesindonesia.com\\\/es\\\/#\\\/schema\\\/logo\\\/image\\\/\"}}]}<\/script>\n<!-- \/ Yoast SEO plugin. -->","yoast_head_json":{"title":"La cama de Lucy patr\u00f3n de ganchillo - Craftygenesindonesia","description":"Consigue la cama para mi mu\u00f1equita Lucy aqu\u00ed. Tambi\u00e9n puedes conseguir el patr\u00f3n con la mu\u00f1eca en otra p\u00e1gina aqu\u00ed.","robots":{"index":"index","follow":"follow","max-snippet":"max-snippet:-1","max-image-preview":"max-image-preview:large","max-video-preview":"max-video-preview:-1"},"canonical":"https:\/\/craftygenesindonesia.com\/es\/shop\/3d\/la-cama-de-lucy\/","og_locale":"es_ES","og_type":"article","og_title":"La cama de Lucy patr\u00f3n de ganchillo - Craftygenesindonesia","og_description":"Consigue la cama para mi mu\u00f1equita Lucy aqu\u00ed. Tambi\u00e9n puedes conseguir el patr\u00f3n con la mu\u00f1eca en otra p\u00e1gina aqu\u00ed.","og_url":"https:\/\/craftygenesindonesia.com\/es\/shop\/3d\/la-cama-de-lucy\/","og_site_name":"Craftygenesindonesia","article_modified_time":"2026-03-23T21:57:03+00:00","og_image":[{"width":1080,"height":1080,"url":"https:\/\/craftygenesindonesia.com\/wp-content\/uploads\/2023\/08\/Lucys-Bed-1.jpg","type":"image\/jpeg"}],"twitter_card":"summary_large_image","twitter_misc":{"Tiempo de lectura":"2 minutos"},"schema":{"@context":"https:\/\/schema.org","@graph":[{"@type":"WebPage","@id":"https:\/\/craftygenesindonesia.com\/es\/shop\/3d\/la-cama-de-lucy\/","url":"https:\/\/craftygenesindonesia.com\/es\/shop\/3d\/la-cama-de-lucy\/","name":"La cama de Lucy patr\u00f3n de ganchillo - Craftygenesindonesia","isPartOf":{"@id":"https:\/\/craftygenesindonesia.com\/es\/#website"},"primaryImageOfPage":{"@id":"https:\/\/craftygenesindonesia.com\/es\/shop\/3d\/la-cama-de-lucy\/#primaryimage"},"image":{"@id":"https:\/\/craftygenesindonesia.com\/es\/shop\/3d\/la-cama-de-lucy\/#primaryimage"},"thumbnailUrl":"https:\/\/craftygenesindonesia.com\/wp-content\/uploads\/2023\/08\/Lucys-Bed-1.jpg","datePublished":"2023-08-15T20:20:09+00:00","dateModified":"2026-03-23T21:57:03+00:00","description":"Consigue la cama para mi mu\u00f1equita Lucy aqu\u00ed. Tambi\u00e9n puedes conseguir el patr\u00f3n con la mu\u00f1eca en otra p\u00e1gina aqu\u00ed.","breadcrumb":{"@id":"https:\/\/craftygenesindonesia.com\/es\/shop\/3d\/la-cama-de-lucy\/#breadcrumb"},"inLanguage":"es","potentialAction":[{"@type":"ReadAction","target":["https:\/\/craftygenesindonesia.com\/es\/shop\/3d\/la-cama-de-lucy\/"]}]},{"@type":"ImageObject","inLanguage":"es","@id":"https:\/\/craftygenesindonesia.com\/es\/shop\/3d\/la-cama-de-lucy\/#primaryimage","url":"https:\/\/craftygenesindonesia.com\/wp-content\/uploads\/2023\/08\/Lucys-Bed-1.jpg","contentUrl":"https:\/\/craftygenesindonesia.com\/wp-content\/uploads\/2023\/08\/Lucys-Bed-1.jpg","width":1080,"height":1080,"caption":"crochet doll bed"},{"@type":"BreadcrumbList","@id":"https:\/\/craftygenesindonesia.com\/es\/shop\/3d\/la-cama-de-lucy\/#breadcrumb","itemListElement":[{"@type":"ListItem","position":1,"name":"Home","item":"https:\/\/craftygenesindonesia.com\/es\/"},{"@type":"ListItem","position":2,"name":"Tienda de patrones","item":"https:\/\/craftygenesindonesia.com\/es\/tienda-de-patrones\/"},{"@type":"ListItem","position":3,"name":"La cama de Lucy"}]},{"@type":"WebSite","@id":"https:\/\/craftygenesindonesia.com\/es\/#website","url":"https:\/\/craftygenesindonesia.com\/es\/","name":"Craftygenesindonesia","description":"","publisher":{"@id":"https:\/\/craftygenesindonesia.com\/es\/#organization"},"potentialAction":[{"@type":"SearchAction","target":{"@type":"EntryPoint","urlTemplate":"https:\/\/craftygenesindonesia.com\/es\/?s={search_term_string}"},"query-input":{"@type":"PropertyValueSpecification","valueRequired":true,"valueName":"search_term_string"}}],"inLanguage":"es"},{"@type":"Organization","@id":"https:\/\/craftygenesindonesia.com\/es\/#organization","name":"Craftygenesindonesia","url":"https:\/\/craftygenesindonesia.com\/es\/","logo":{"@type":"ImageObject","inLanguage":"es","@id":"https:\/\/craftygenesindonesia.com\/es\/#\/schema\/logo\/image\/","url":"https:\/\/craftygenesindonesia.com\/wp-content\/uploads\/2025\/11\/cropped-Copy-of-Craftygenesindonesia.jpg","contentUrl":"https:\/\/craftygenesindonesia.com\/wp-content\/uploads\/2025\/11\/cropped-Copy-of-Craftygenesindonesia.jpg","width":180,"height":60,"caption":"Craftygenesindonesia"},"image":{"@id":"https:\/\/craftygenesindonesia.com\/es\/#\/schema\/logo\/image\/"}}]}},"_links":{"self":[{"href":"https:\/\/craftygenesindonesia.com\/es\/wp-json\/wp\/v2\/product\/20206","targetHints":{"allow":["GET"]}}],"collection":[{"href":"https:\/\/craftygenesindonesia.com\/es\/wp-json\/wp\/v2\/product"}],"about":[{"href":"https:\/\/craftygenesindonesia.com\/es\/wp-json\/wp\/v2\/types\/product"}],"replies":[{"embeddable":true,"href":"https:\/\/craftygenesindonesia.com\/es\/wp-json\/wp\/v2\/comments?post=20206"}],"wp:featuredmedia":[{"embeddable":true,"href":"https:\/\/craftygenesindonesia.com\/es\/wp-json\/wp\/v2\/media\/987526146"}],"wp:attachment":[{"href":"https:\/\/craftygenesindonesia.com\/es\/wp-json\/wp\/v2\/media?parent=20206"}],"wp:term":[{"taxonomy":"product_brand","embeddable":true,"href":"https:\/\/craftygenesindonesia.com\/es\/wp-json\/wp\/v2\/product_brand?post=20206"},{"taxonomy":"product_cat","embeddable":true,"href":"https:\/\/craftygenesindonesia.com\/es\/wp-json\/wp\/v2\/product_cat?post=20206"},{"taxonomy":"product_tag","embeddable":true,"href":"https:\/\/craftygenesindonesia.com\/es\/wp-json\/wp\/v2\/product_tag?post=20206"}],"curies":[{"name":"wp","href":"https:\/\/api.w.org\/{rel}","templated":true}]}}