{"id":20190,"date":"2023-08-16T04:17:54","date_gmt":"2023-08-15T20:17:54","guid":{"rendered":"https:\/\/craftygenesindonesia.com\/?post_type=product&#038;p=20190"},"modified":"2026-03-24T06:01:27","modified_gmt":"2026-03-23T22:01:27","slug":"lucy-esta-durmiendo","status":"publish","type":"product","link":"https:\/\/craftygenesindonesia.com\/es\/shop\/munecas-infantiles\/lucy-esta-durmiendo\/","title":{"rendered":"Lucy esta durmiendo"},"content":{"rendered":"<p>Este patr\u00f3n est\u00e1 hecho con hilo de la talla 3 apto para amigurumi y una aguja de ganchillo de 2 mm.<\/p>\n<p>Medidas de la cama: 28x19x19cm\/ 11&#215;7.5&#215;7.5inch<\/p>\n<p>Tama\u00f1o final de la ni\u00f1a: 20cm\/7.8inch<\/p>\n<p>**SI S\u00d3LO QUIERES EL PATR\u00d3N DE LA CAMA, PUEDES COMPRARLO POR SEPARADO.<\/p>\n<p>&nbsp;<\/p>\n<p>Colores de hilo:<\/p>\n<p>&#8211; Blanco: 430-460m\/ 470-505yd<\/p>\n<p>&#8211; Blanco: 260-280m\/ 285-305yd<\/p>\n<p>&#8211; Color mixto: 120-140m\/ 130-160yd<\/p>\n<p>&#8211; Color piel: 25-35m\/ 28-40yd<\/p>\n<p>&#8211; Amarillo 30-40m\/ 33-44yd<\/p>\n<p>&#8211; Rosa claro 40-50m\/ 45-65yd<\/p>\n<p>&#8211; Rosa: 20-30m\/ 22-35yd<\/p>\n<p>&#8211; Un poco de marr\u00f3n oscuro para los ojos<\/p>\n<p>Tambi\u00e9n necesitar\u00e1s Relleno &#8211; tijeras &#8211; marcadores de puntos &#8211; l\u00e1piz &#8211; regla &#8211; cart\u00f3n de 5 mm** &#8211; pegamento &#8211; pistola de pegamento &#8211; aguja de tapicer\u00eda &#8211; alambre de aluminio de 1,5 mm<\/p>\n<p>**Sustituye el cart\u00f3n de 5 mm por madera contrachapada de 5 mm si un ni\u00f1o va a jugar con esta cama y luego atornilla la cama con tornillos en lugar de utilizar alambre y pegamento.<\/p>\n<p>Aguja de ganchillo: tama\u00f1o 2 mm<\/p>\n<p>&nbsp;<\/p>\n<p>Este patr\u00f3n de ganchillo incluye muchas fotos para ayudarte. Si usted todav\u00eda tiene preguntas, no dude en ponerse en contacto conmigo en: craftygenesindonesia@gmail.com<\/p>\n<p>&nbsp;<\/p>\n<p>Este patr\u00f3n es un patr\u00f3n PAGADO y hay un COPYRIGHT en \u00e9l. Por lo tanto, el patr\u00f3n es s\u00f3lo para uso personal y NO puede ser copiado, vendido, revendido, traducido, reclamado como su dise\u00f1o, distribuido, compartido, publicado, publicado en l\u00ednea &#8230; en cualquier forma sin mi consentimiento. \u00a1\u00a1\u00a1Ni siquiera una parte!!!<\/p>\n<p>Puedes vender la cama\/la mu\u00f1eca Lucy terminada en peque\u00f1as cantidades, PERO NO EL PATR\u00d3N EN S\u00cd. Por favor, menciona que el patr\u00f3n es de Craftygenesindonesia y d\u00f3nde se puede comprar<\/p>\n","protected":false},"excerpt":{"rendered":"<p>\u00a1\u00a1\u00a1Ya est\u00e1 aqu\u00ed la esperada nueva edici\u00f3n de la serie Lucy!!!\u00a0 Ella ahora tiene una cama y he hecho el patr\u00f3n para la cama disponible por separado para aquellos que ya tienen el patr\u00f3n &#8220;Lucy toma una siesta&#8221;.\u00a0 Haz clic aqu\u00ed para verlo: <a href=\"https:\/\/craftygenesindonesia.com\/es\/producto\/la-cama-de-lucy\/\" target=\"_blank\" rel=\"noopener\">La cama de Lucy patr\u00f3n de ganchillo &#8211; Craftygenesindonesia<\/a><\/p>\n","protected":false},"featured_media":987527765,"comment_status":"open","ping_status":"closed","template":"","meta":{"_acf_changed":false},"product_brand":[],"product_cat":[3063,3069],"product_tag":[11438,10899,10903,11714,11097,10858,11051,11284,11331,11555,10904],"class_list":{"0":"post-20190","1":"product","2":"type-product","3":"status-publish","4":"has-post-thumbnail","6":"product_cat-munecas-infantiles","7":"product_cat-munecas-lucy","8":"product_tag-almohada","9":"product_tag-cama","10":"product_tag-manta","11":"product_tag-muebles","12":"product_tag-muneca-es-2","13":"product_tag-muneca-es","14":"product_tag-muneca-de-ganchillo","15":"product_tag-munecas-infantiles","16":"product_tag-nina-pequena","17":"product_tag-para-dormir","18":"product_tag-rubio","19":"pa_available_on-craftygenesindonesia","20":"pa_available_on-etsy","21":"pa_available_on-haked-nl","22":"pa_available_on-payhip","23":"pa_available_on-ravelry","24":"pa_languages-aleman","25":"pa_languages-espanol","26":"pa_languages-estados-unidos-ingles","27":"pa_languages-frances","28":"pa_languages-holandes","29":"pa_languages-portugues","31":"first","32":"instock","33":"downloadable","34":"virtual","35":"purchasable","36":"product-type-simple"},"acf":[],"yoast_head":"<!-- This site is optimized with the Yoast SEO plugin v27.4 - https:\/\/yoast.com\/product\/yoast-seo-wordpress\/ -->\n<title>Lucy esta durmiendo patr\u00f3n de ganchillo - Craftygenesindonesia<\/title>\n<meta name=\"description\" content=\"Compra aqu\u00ed mi patr\u00f3n de ganchillo \u00abLucy esta durmiendo\u00bb. El patr\u00f3n de ganchillo tambi\u00e9n est\u00e1 disponible en Etsy, Haked.nl, Ravelry\" \/>\n<meta name=\"robots\" content=\"index, follow, max-snippet:-1, max-image-preview:large, max-video-preview:-1\" \/>\n<link rel=\"canonical\" href=\"https:\/\/craftygenesindonesia.com\/es\/shop\/munecas-infantiles\/lucy-esta-durmiendo\/\" \/>\n<meta property=\"og:locale\" content=\"es_ES\" \/>\n<meta property=\"og:type\" content=\"article\" \/>\n<meta property=\"og:title\" content=\"Patr\u00f3n de ganchillo \u00abLucy esta durmiendo\u00bb\" \/>\n<meta property=\"og:description\" content=\"Compra aqu\u00ed mi patr\u00f3n de ganchillo \u00abLucy esta durmiendo\u00bb. El patr\u00f3n de ganchillo tambi\u00e9n est\u00e1 disponible en Etsy, Haked.nl, Ravelry\" \/>\n<meta property=\"og:url\" content=\"https:\/\/craftygenesindonesia.com\/es\/shop\/munecas-infantiles\/lucy-esta-durmiendo\/\" \/>\n<meta property=\"og:site_name\" content=\"Craftygenesindonesia\" \/>\n<meta property=\"article:modified_time\" content=\"2026-03-23T22:01:27+00:00\" \/>\n<meta property=\"og:image\" content=\"https:\/\/craftygenesindonesia.com\/wp-content\/uploads\/2023\/08\/Lucy-Bed.jpg\" \/>\n\t<meta property=\"og:image:width\" content=\"1080\" \/>\n\t<meta property=\"og:image:height\" content=\"1080\" \/>\n\t<meta property=\"og:image:type\" content=\"image\/jpeg\" \/>\n<meta name=\"twitter:card\" content=\"summary_large_image\" \/>\n<meta name=\"twitter:label1\" content=\"Tiempo de lectura\" \/>\n\t<meta name=\"twitter:data1\" content=\"2 minutos\" \/>\n<script type=\"application\/ld+json\" class=\"yoast-schema-graph\">{\"@context\":\"https:\\\/\\\/schema.org\",\"@graph\":[{\"@type\":\"WebPage\",\"@id\":\"https:\\\/\\\/craftygenesindonesia.com\\\/es\\\/shop\\\/munecas-infantiles\\\/lucy-esta-durmiendo\\\/\",\"url\":\"https:\\\/\\\/craftygenesindonesia.com\\\/es\\\/shop\\\/munecas-infantiles\\\/lucy-esta-durmiendo\\\/\",\"name\":\"Lucy esta durmiendo patr\u00f3n de ganchillo - Craftygenesindonesia\",\"isPartOf\":{\"@id\":\"https:\\\/\\\/craftygenesindonesia.com\\\/es\\\/#website\"},\"primaryImageOfPage\":{\"@id\":\"https:\\\/\\\/craftygenesindonesia.com\\\/es\\\/shop\\\/munecas-infantiles\\\/lucy-esta-durmiendo\\\/#primaryimage\"},\"image\":{\"@id\":\"https:\\\/\\\/craftygenesindonesia.com\\\/es\\\/shop\\\/munecas-infantiles\\\/lucy-esta-durmiendo\\\/#primaryimage\"},\"thumbnailUrl\":\"https:\\\/\\\/craftygenesindonesia.com\\\/wp-content\\\/uploads\\\/2023\\\/08\\\/Lucy-Bed.jpg\",\"datePublished\":\"2023-08-15T20:17:54+00:00\",\"dateModified\":\"2026-03-23T22:01:27+00:00\",\"description\":\"Compra aqu\u00ed mi patr\u00f3n de ganchillo \u00abLucy esta durmiendo\u00bb. El patr\u00f3n de ganchillo tambi\u00e9n est\u00e1 disponible en Etsy, Haked.nl, Ravelry\",\"breadcrumb\":{\"@id\":\"https:\\\/\\\/craftygenesindonesia.com\\\/es\\\/shop\\\/munecas-infantiles\\\/lucy-esta-durmiendo\\\/#breadcrumb\"},\"inLanguage\":\"es\",\"potentialAction\":[{\"@type\":\"ReadAction\",\"target\":[\"https:\\\/\\\/craftygenesindonesia.com\\\/es\\\/shop\\\/munecas-infantiles\\\/lucy-esta-durmiendo\\\/\"]}]},{\"@type\":\"ImageObject\",\"inLanguage\":\"es\",\"@id\":\"https:\\\/\\\/craftygenesindonesia.com\\\/es\\\/shop\\\/munecas-infantiles\\\/lucy-esta-durmiendo\\\/#primaryimage\",\"url\":\"https:\\\/\\\/craftygenesindonesia.com\\\/wp-content\\\/uploads\\\/2023\\\/08\\\/Lucy-Bed.jpg\",\"contentUrl\":\"https:\\\/\\\/craftygenesindonesia.com\\\/wp-content\\\/uploads\\\/2023\\\/08\\\/Lucy-Bed.jpg\",\"width\":1080,\"height\":1080,\"caption\":\"crochet doll in a crochet bed with blanket\"},{\"@type\":\"BreadcrumbList\",\"@id\":\"https:\\\/\\\/craftygenesindonesia.com\\\/es\\\/shop\\\/munecas-infantiles\\\/lucy-esta-durmiendo\\\/#breadcrumb\",\"itemListElement\":[{\"@type\":\"ListItem\",\"position\":1,\"name\":\"Home\",\"item\":\"https:\\\/\\\/craftygenesindonesia.com\\\/es\\\/\"},{\"@type\":\"ListItem\",\"position\":2,\"name\":\"Tienda de patrones\",\"item\":\"https:\\\/\\\/craftygenesindonesia.com\\\/es\\\/tienda-de-patrones\\\/\"},{\"@type\":\"ListItem\",\"position\":3,\"name\":\"Lucy esta durmiendo\"}]},{\"@type\":\"WebSite\",\"@id\":\"https:\\\/\\\/craftygenesindonesia.com\\\/es\\\/#website\",\"url\":\"https:\\\/\\\/craftygenesindonesia.com\\\/es\\\/\",\"name\":\"Craftygenesindonesia\",\"description\":\"\",\"publisher\":{\"@id\":\"https:\\\/\\\/craftygenesindonesia.com\\\/es\\\/#organization\"},\"potentialAction\":[{\"@type\":\"SearchAction\",\"target\":{\"@type\":\"EntryPoint\",\"urlTemplate\":\"https:\\\/\\\/craftygenesindonesia.com\\\/es\\\/?s={search_term_string}\"},\"query-input\":{\"@type\":\"PropertyValueSpecification\",\"valueRequired\":true,\"valueName\":\"search_term_string\"}}],\"inLanguage\":\"es\"},{\"@type\":\"Organization\",\"@id\":\"https:\\\/\\\/craftygenesindonesia.com\\\/es\\\/#organization\",\"name\":\"Craftygenesindonesia\",\"url\":\"https:\\\/\\\/craftygenesindonesia.com\\\/es\\\/\",\"logo\":{\"@type\":\"ImageObject\",\"inLanguage\":\"es\",\"@id\":\"https:\\\/\\\/craftygenesindonesia.com\\\/es\\\/#\\\/schema\\\/logo\\\/image\\\/\",\"url\":\"https:\\\/\\\/craftygenesindonesia.com\\\/wp-content\\\/uploads\\\/2025\\\/11\\\/cropped-Copy-of-Craftygenesindonesia.jpg\",\"contentUrl\":\"https:\\\/\\\/craftygenesindonesia.com\\\/wp-content\\\/uploads\\\/2025\\\/11\\\/cropped-Copy-of-Craftygenesindonesia.jpg\",\"width\":180,\"height\":60,\"caption\":\"Craftygenesindonesia\"},\"image\":{\"@id\":\"https:\\\/\\\/craftygenesindonesia.com\\\/es\\\/#\\\/schema\\\/logo\\\/image\\\/\"}}]}<\/script>\n<!-- \/ Yoast SEO plugin. -->","yoast_head_json":{"title":"Lucy esta durmiendo patr\u00f3n de ganchillo - Craftygenesindonesia","description":"Compra aqu\u00ed mi patr\u00f3n de ganchillo \u00abLucy esta durmiendo\u00bb. El patr\u00f3n de ganchillo tambi\u00e9n est\u00e1 disponible en Etsy, Haked.nl, Ravelry","robots":{"index":"index","follow":"follow","max-snippet":"max-snippet:-1","max-image-preview":"max-image-preview:large","max-video-preview":"max-video-preview:-1"},"canonical":"https:\/\/craftygenesindonesia.com\/es\/shop\/munecas-infantiles\/lucy-esta-durmiendo\/","og_locale":"es_ES","og_type":"article","og_title":"Patr\u00f3n de ganchillo \u00abLucy esta durmiendo\u00bb","og_description":"Compra aqu\u00ed mi patr\u00f3n de ganchillo \u00abLucy esta durmiendo\u00bb. El patr\u00f3n de ganchillo tambi\u00e9n est\u00e1 disponible en Etsy, Haked.nl, Ravelry","og_url":"https:\/\/craftygenesindonesia.com\/es\/shop\/munecas-infantiles\/lucy-esta-durmiendo\/","og_site_name":"Craftygenesindonesia","article_modified_time":"2026-03-23T22:01:27+00:00","og_image":[{"width":1080,"height":1080,"url":"https:\/\/craftygenesindonesia.com\/wp-content\/uploads\/2023\/08\/Lucy-Bed.jpg","type":"image\/jpeg"}],"twitter_card":"summary_large_image","twitter_misc":{"Tiempo de lectura":"2 minutos"},"schema":{"@context":"https:\/\/schema.org","@graph":[{"@type":"WebPage","@id":"https:\/\/craftygenesindonesia.com\/es\/shop\/munecas-infantiles\/lucy-esta-durmiendo\/","url":"https:\/\/craftygenesindonesia.com\/es\/shop\/munecas-infantiles\/lucy-esta-durmiendo\/","name":"Lucy esta durmiendo patr\u00f3n de ganchillo - Craftygenesindonesia","isPartOf":{"@id":"https:\/\/craftygenesindonesia.com\/es\/#website"},"primaryImageOfPage":{"@id":"https:\/\/craftygenesindonesia.com\/es\/shop\/munecas-infantiles\/lucy-esta-durmiendo\/#primaryimage"},"image":{"@id":"https:\/\/craftygenesindonesia.com\/es\/shop\/munecas-infantiles\/lucy-esta-durmiendo\/#primaryimage"},"thumbnailUrl":"https:\/\/craftygenesindonesia.com\/wp-content\/uploads\/2023\/08\/Lucy-Bed.jpg","datePublished":"2023-08-15T20:17:54+00:00","dateModified":"2026-03-23T22:01:27+00:00","description":"Compra aqu\u00ed mi patr\u00f3n de ganchillo \u00abLucy esta durmiendo\u00bb. El patr\u00f3n de ganchillo tambi\u00e9n est\u00e1 disponible en Etsy, Haked.nl, Ravelry","breadcrumb":{"@id":"https:\/\/craftygenesindonesia.com\/es\/shop\/munecas-infantiles\/lucy-esta-durmiendo\/#breadcrumb"},"inLanguage":"es","potentialAction":[{"@type":"ReadAction","target":["https:\/\/craftygenesindonesia.com\/es\/shop\/munecas-infantiles\/lucy-esta-durmiendo\/"]}]},{"@type":"ImageObject","inLanguage":"es","@id":"https:\/\/craftygenesindonesia.com\/es\/shop\/munecas-infantiles\/lucy-esta-durmiendo\/#primaryimage","url":"https:\/\/craftygenesindonesia.com\/wp-content\/uploads\/2023\/08\/Lucy-Bed.jpg","contentUrl":"https:\/\/craftygenesindonesia.com\/wp-content\/uploads\/2023\/08\/Lucy-Bed.jpg","width":1080,"height":1080,"caption":"crochet doll in a crochet bed with blanket"},{"@type":"BreadcrumbList","@id":"https:\/\/craftygenesindonesia.com\/es\/shop\/munecas-infantiles\/lucy-esta-durmiendo\/#breadcrumb","itemListElement":[{"@type":"ListItem","position":1,"name":"Home","item":"https:\/\/craftygenesindonesia.com\/es\/"},{"@type":"ListItem","position":2,"name":"Tienda de patrones","item":"https:\/\/craftygenesindonesia.com\/es\/tienda-de-patrones\/"},{"@type":"ListItem","position":3,"name":"Lucy esta durmiendo"}]},{"@type":"WebSite","@id":"https:\/\/craftygenesindonesia.com\/es\/#website","url":"https:\/\/craftygenesindonesia.com\/es\/","name":"Craftygenesindonesia","description":"","publisher":{"@id":"https:\/\/craftygenesindonesia.com\/es\/#organization"},"potentialAction":[{"@type":"SearchAction","target":{"@type":"EntryPoint","urlTemplate":"https:\/\/craftygenesindonesia.com\/es\/?s={search_term_string}"},"query-input":{"@type":"PropertyValueSpecification","valueRequired":true,"valueName":"search_term_string"}}],"inLanguage":"es"},{"@type":"Organization","@id":"https:\/\/craftygenesindonesia.com\/es\/#organization","name":"Craftygenesindonesia","url":"https:\/\/craftygenesindonesia.com\/es\/","logo":{"@type":"ImageObject","inLanguage":"es","@id":"https:\/\/craftygenesindonesia.com\/es\/#\/schema\/logo\/image\/","url":"https:\/\/craftygenesindonesia.com\/wp-content\/uploads\/2025\/11\/cropped-Copy-of-Craftygenesindonesia.jpg","contentUrl":"https:\/\/craftygenesindonesia.com\/wp-content\/uploads\/2025\/11\/cropped-Copy-of-Craftygenesindonesia.jpg","width":180,"height":60,"caption":"Craftygenesindonesia"},"image":{"@id":"https:\/\/craftygenesindonesia.com\/es\/#\/schema\/logo\/image\/"}}]}},"_links":{"self":[{"href":"https:\/\/craftygenesindonesia.com\/es\/wp-json\/wp\/v2\/product\/20190","targetHints":{"allow":["GET"]}}],"collection":[{"href":"https:\/\/craftygenesindonesia.com\/es\/wp-json\/wp\/v2\/product"}],"about":[{"href":"https:\/\/craftygenesindonesia.com\/es\/wp-json\/wp\/v2\/types\/product"}],"replies":[{"embeddable":true,"href":"https:\/\/craftygenesindonesia.com\/es\/wp-json\/wp\/v2\/comments?post=20190"}],"wp:featuredmedia":[{"embeddable":true,"href":"https:\/\/craftygenesindonesia.com\/es\/wp-json\/wp\/v2\/media\/987527765"}],"wp:attachment":[{"href":"https:\/\/craftygenesindonesia.com\/es\/wp-json\/wp\/v2\/media?parent=20190"}],"wp:term":[{"taxonomy":"product_brand","embeddable":true,"href":"https:\/\/craftygenesindonesia.com\/es\/wp-json\/wp\/v2\/product_brand?post=20190"},{"taxonomy":"product_cat","embeddable":true,"href":"https:\/\/craftygenesindonesia.com\/es\/wp-json\/wp\/v2\/product_cat?post=20190"},{"taxonomy":"product_tag","embeddable":true,"href":"https:\/\/craftygenesindonesia.com\/es\/wp-json\/wp\/v2\/product_tag?post=20190"}],"curies":[{"name":"wp","href":"https:\/\/api.w.org\/{rel}","templated":true}]}}