{"id":19266,"date":"2023-08-03T11:25:36","date_gmt":"2023-08-03T03:25:36","guid":{"rendered":"https:\/\/craftygenesindonesia.com\/?post_type=product&#038;p=19266"},"modified":"2026-03-24T06:04:51","modified_gmt":"2026-03-23T22:04:51","slug":"el-belen-de-la-nochebuena","status":"publish","type":"product","link":"https:\/\/craftygenesindonesia.com\/es\/shop\/3d\/el-belen-de-la-nochebuena\/","title":{"rendered":"El bel\u00e9n de la Nochebuena"},"content":{"rendered":"<p>Dimensiones:<\/p>\n<p>Establo: 27x24x22cm<br \/>\nJos\u00e9: 18cm<br \/>\nMar\u00eda: 15cm<br \/>\nCuna: 10x4x6cm<\/p>\n<p>Hilo: hilo tama\u00f1o 3 apto para amigurumi y aguja de ganchillo tama\u00f1o 2mm en: beige, negro, marr\u00f3n, crema oscuro, terracota oscuro, marr\u00f3n oscuro, azul claro, oro met\u00e1lico, verde menta, color piel, blanco y amarillo.<\/p>\n<p>Tambi\u00e9n necesitar\u00e1s: Relleno &#8211; tijeras &#8211; l\u00e1piz &#8211; marcadores de puntos &#8211; aguja de zurcir &#8211; alfileres de cabeza &#8211; pegamento &#8211; pistola de pegamento &#8211; 2 bastoncillos de algod\u00f3n &#8211; alambre de aluminio de 1,5 mm &#8211; regla &#8211; cutter &#8211; cart\u00f3n de 3 mm &#8211; alambre floral de 4 mm &#8211; espuma eva (o una esterilla de yoga de 6 mm o una tabla de espuma)<\/p>\n<p>Aguja de ganchillo: tama\u00f1o 2 mm<\/p>\n<p>&nbsp;<\/p>\n<p>Este patr\u00f3n de ganchillo contiene muchas im\u00e1genes para ayudarte. Si todav\u00eda tienes alguna pregunta, no dudes en ponerte en contacto conmigo: craftygenesindonesia@gmail.com Este patr\u00f3n es un patr\u00f3n de compra y tiene COPYRIGHT. Por lo tanto, el patr\u00f3n es s\u00f3lo para uso personal y no puede ser copiado, vendido, revendido, traducido, reclamado como su dise\u00f1o, distribuido, compartido, publicado, publicado en l\u00ednea en cualquier forma sin mi permiso. Ni siquiera una parte.<\/p>\n<p>Puedes vender el bel\u00e9n terminado en peque\u00f1as cantidades, \u00a1PERO NO EL PATR\u00d3N MISMO! Por favor, menciona que el patr\u00f3n es de Craftygenesindonesia y d\u00f3nde se puede comprar.<\/p>\n","protected":false},"excerpt":{"rendered":"<p>Este es mi bel\u00e9n de la Sagrada Familia 2023 con establo y estrella = todo est\u00e1 incluido en el patr\u00f3n.<\/p>\n","protected":false},"featured_media":987521453,"comment_status":"open","ping_status":"closed","template":"","meta":{"_acf_changed":false},"product_brand":[],"product_cat":[3031,3047,3061,3077],"product_tag":[11672,12087,12103,12090,12092,12089,10619,11027,11235,12101,12102,10090,12096,12088,12100,11400,11422,11349,12105,12093,12094,12108,12098],"class_list":{"0":"post-19266","1":"product","2":"type-product","3":"status-publish","4":"has-post-thumbnail","6":"product_cat-3d","7":"product_cat-navidad","8":"product_cat-belenes","9":"product_cat-religioso","10":"product_tag-baston","11":"product_tag-bethlehem-es","12":"product_tag-blessed-mary-es","13":"product_tag-catholic-es","14":"product_tag-christian-es","15":"product_tag-christmas-nativity-es","16":"product_tag-cristo-es","17":"product_tag-cuna","18":"product_tag-heno-es","19":"product_tag-holy-family-es","20":"product_tag-holy-mary-es","21":"product_tag-jesus-es","22":"product_tag-joseph-es","23":"product_tag-nativity-es","24":"product_tag-nativity-set-es","25":"product_tag-nuestra-senora-es","26":"product_tag-patron-es","27":"product_tag-pesebre-es","28":"product_tag-saint-mary-es","29":"product_tag-stable-es","30":"product_tag-star-es","31":"product_tag-virgin-mary-es","32":"product_tag-xmas-es","33":"pa_available_on-craftygenesindonesia","34":"pa_available_on-etsy","35":"pa_available_on-haked-nl","36":"pa_available_on-payhip","37":"pa_available_on-ravelry","38":"pa_languages-aleman","39":"pa_languages-espanol","40":"pa_languages-estados-unidos-ingles","41":"pa_languages-frances","42":"pa_languages-holandes","43":"pa_languages-portugues","45":"first","46":"instock","47":"downloadable","48":"virtual","49":"purchasable","50":"product-type-simple"},"acf":[],"yoast_head":"<!-- This site is optimized with the Yoast SEO plugin v27.4 - https:\/\/yoast.com\/product\/yoast-seo-wordpress\/ -->\n<title>El bel\u00e9n de la Nochebuena patr\u00f3n de ganchillo - Craftygenesindonesia<\/title>\n<meta name=\"description\" content=\"Compra aqu\u00ed mi patr\u00f3n de ganchillo &quot;Bel\u00e9n de Nochebuena&quot;. El patr\u00f3n de ganchillo f\u00e1cil de seguir tambi\u00e9n est\u00e1 disponible en Etsy, Haked,nl, Ravelry, Payhip\" \/>\n<meta name=\"robots\" content=\"index, follow, max-snippet:-1, max-image-preview:large, max-video-preview:-1\" \/>\n<link rel=\"canonical\" href=\"https:\/\/craftygenesindonesia.com\/es\/shop\/3d\/el-belen-de-la-nochebuena\/\" \/>\n<meta property=\"og:locale\" content=\"es_ES\" \/>\n<meta property=\"og:type\" content=\"article\" \/>\n<meta property=\"og:title\" content=\"Patr\u00f3n de ganchillo &quot;Bel\u00e9n de Nochebuena&quot;\" \/>\n<meta property=\"og:description\" content=\"Compra aqu\u00ed mi patr\u00f3n de ganchillo &quot;Bel\u00e9n de Nochebuena&quot;. El patr\u00f3n de ganchillo f\u00e1cil de seguir tambi\u00e9n est\u00e1 disponible en Etsy, Haked,nl, Ravelry, Payhip\" \/>\n<meta property=\"og:url\" content=\"https:\/\/craftygenesindonesia.com\/es\/shop\/3d\/el-belen-de-la-nochebuena\/\" \/>\n<meta property=\"og:site_name\" content=\"Craftygenesindonesia\" \/>\n<meta property=\"article:modified_time\" content=\"2026-03-23T22:04:51+00:00\" \/>\n<meta property=\"og:image\" content=\"https:\/\/craftygenesindonesia.com\/wp-content\/uploads\/2023\/08\/Holy-Night-Nativity-1.jpg\" \/>\n\t<meta property=\"og:image:width\" content=\"1080\" \/>\n\t<meta property=\"og:image:height\" content=\"1080\" \/>\n\t<meta property=\"og:image:type\" content=\"image\/jpeg\" \/>\n<meta name=\"twitter:card\" content=\"summary_large_image\" \/>\n<meta name=\"twitter:label1\" content=\"Tiempo de lectura\" \/>\n\t<meta name=\"twitter:data1\" content=\"2 minutos\" \/>\n<script type=\"application\/ld+json\" class=\"yoast-schema-graph\">{\"@context\":\"https:\\\/\\\/schema.org\",\"@graph\":[{\"@type\":\"WebPage\",\"@id\":\"https:\\\/\\\/craftygenesindonesia.com\\\/es\\\/shop\\\/3d\\\/el-belen-de-la-nochebuena\\\/\",\"url\":\"https:\\\/\\\/craftygenesindonesia.com\\\/es\\\/shop\\\/3d\\\/el-belen-de-la-nochebuena\\\/\",\"name\":\"El bel\u00e9n de la Nochebuena patr\u00f3n de ganchillo - Craftygenesindonesia\",\"isPartOf\":{\"@id\":\"https:\\\/\\\/craftygenesindonesia.com\\\/es\\\/#website\"},\"primaryImageOfPage\":{\"@id\":\"https:\\\/\\\/craftygenesindonesia.com\\\/es\\\/shop\\\/3d\\\/el-belen-de-la-nochebuena\\\/#primaryimage\"},\"image\":{\"@id\":\"https:\\\/\\\/craftygenesindonesia.com\\\/es\\\/shop\\\/3d\\\/el-belen-de-la-nochebuena\\\/#primaryimage\"},\"thumbnailUrl\":\"https:\\\/\\\/craftygenesindonesia.com\\\/wp-content\\\/uploads\\\/2023\\\/08\\\/Holy-Night-Nativity-1.jpg\",\"datePublished\":\"2023-08-03T03:25:36+00:00\",\"dateModified\":\"2026-03-23T22:04:51+00:00\",\"description\":\"Compra aqu\u00ed mi patr\u00f3n de ganchillo \\\"Bel\u00e9n de Nochebuena\\\". El patr\u00f3n de ganchillo f\u00e1cil de seguir tambi\u00e9n est\u00e1 disponible en Etsy, Haked,nl, Ravelry, Payhip\",\"breadcrumb\":{\"@id\":\"https:\\\/\\\/craftygenesindonesia.com\\\/es\\\/shop\\\/3d\\\/el-belen-de-la-nochebuena\\\/#breadcrumb\"},\"inLanguage\":\"es\",\"potentialAction\":[{\"@type\":\"ReadAction\",\"target\":[\"https:\\\/\\\/craftygenesindonesia.com\\\/es\\\/shop\\\/3d\\\/el-belen-de-la-nochebuena\\\/\"]}]},{\"@type\":\"ImageObject\",\"inLanguage\":\"es\",\"@id\":\"https:\\\/\\\/craftygenesindonesia.com\\\/es\\\/shop\\\/3d\\\/el-belen-de-la-nochebuena\\\/#primaryimage\",\"url\":\"https:\\\/\\\/craftygenesindonesia.com\\\/wp-content\\\/uploads\\\/2023\\\/08\\\/Holy-Night-Nativity-1.jpg\",\"contentUrl\":\"https:\\\/\\\/craftygenesindonesia.com\\\/wp-content\\\/uploads\\\/2023\\\/08\\\/Holy-Night-Nativity-1.jpg\",\"width\":1080,\"height\":1080,\"caption\":\"crochet nativity set\"},{\"@type\":\"BreadcrumbList\",\"@id\":\"https:\\\/\\\/craftygenesindonesia.com\\\/es\\\/shop\\\/3d\\\/el-belen-de-la-nochebuena\\\/#breadcrumb\",\"itemListElement\":[{\"@type\":\"ListItem\",\"position\":1,\"name\":\"Home\",\"item\":\"https:\\\/\\\/craftygenesindonesia.com\\\/es\\\/\"},{\"@type\":\"ListItem\",\"position\":2,\"name\":\"Tienda de patrones\",\"item\":\"https:\\\/\\\/craftygenesindonesia.com\\\/es\\\/tienda-de-patrones\\\/\"},{\"@type\":\"ListItem\",\"position\":3,\"name\":\"El bel\u00e9n de la Nochebuena\"}]},{\"@type\":\"WebSite\",\"@id\":\"https:\\\/\\\/craftygenesindonesia.com\\\/es\\\/#website\",\"url\":\"https:\\\/\\\/craftygenesindonesia.com\\\/es\\\/\",\"name\":\"Craftygenesindonesia\",\"description\":\"\",\"publisher\":{\"@id\":\"https:\\\/\\\/craftygenesindonesia.com\\\/es\\\/#organization\"},\"potentialAction\":[{\"@type\":\"SearchAction\",\"target\":{\"@type\":\"EntryPoint\",\"urlTemplate\":\"https:\\\/\\\/craftygenesindonesia.com\\\/es\\\/?s={search_term_string}\"},\"query-input\":{\"@type\":\"PropertyValueSpecification\",\"valueRequired\":true,\"valueName\":\"search_term_string\"}}],\"inLanguage\":\"es\"},{\"@type\":\"Organization\",\"@id\":\"https:\\\/\\\/craftygenesindonesia.com\\\/es\\\/#organization\",\"name\":\"Craftygenesindonesia\",\"url\":\"https:\\\/\\\/craftygenesindonesia.com\\\/es\\\/\",\"logo\":{\"@type\":\"ImageObject\",\"inLanguage\":\"es\",\"@id\":\"https:\\\/\\\/craftygenesindonesia.com\\\/es\\\/#\\\/schema\\\/logo\\\/image\\\/\",\"url\":\"https:\\\/\\\/craftygenesindonesia.com\\\/wp-content\\\/uploads\\\/2025\\\/11\\\/cropped-Copy-of-Craftygenesindonesia.jpg\",\"contentUrl\":\"https:\\\/\\\/craftygenesindonesia.com\\\/wp-content\\\/uploads\\\/2025\\\/11\\\/cropped-Copy-of-Craftygenesindonesia.jpg\",\"width\":180,\"height\":60,\"caption\":\"Craftygenesindonesia\"},\"image\":{\"@id\":\"https:\\\/\\\/craftygenesindonesia.com\\\/es\\\/#\\\/schema\\\/logo\\\/image\\\/\"}}]}<\/script>\n<!-- \/ Yoast SEO plugin. -->","yoast_head_json":{"title":"El bel\u00e9n de la Nochebuena patr\u00f3n de ganchillo - Craftygenesindonesia","description":"Compra aqu\u00ed mi patr\u00f3n de ganchillo \"Bel\u00e9n de Nochebuena\". El patr\u00f3n de ganchillo f\u00e1cil de seguir tambi\u00e9n est\u00e1 disponible en Etsy, Haked,nl, Ravelry, Payhip","robots":{"index":"index","follow":"follow","max-snippet":"max-snippet:-1","max-image-preview":"max-image-preview:large","max-video-preview":"max-video-preview:-1"},"canonical":"https:\/\/craftygenesindonesia.com\/es\/shop\/3d\/el-belen-de-la-nochebuena\/","og_locale":"es_ES","og_type":"article","og_title":"Patr\u00f3n de ganchillo \"Bel\u00e9n de Nochebuena\"","og_description":"Compra aqu\u00ed mi patr\u00f3n de ganchillo \"Bel\u00e9n de Nochebuena\". El patr\u00f3n de ganchillo f\u00e1cil de seguir tambi\u00e9n est\u00e1 disponible en Etsy, Haked,nl, Ravelry, Payhip","og_url":"https:\/\/craftygenesindonesia.com\/es\/shop\/3d\/el-belen-de-la-nochebuena\/","og_site_name":"Craftygenesindonesia","article_modified_time":"2026-03-23T22:04:51+00:00","og_image":[{"width":1080,"height":1080,"url":"https:\/\/craftygenesindonesia.com\/wp-content\/uploads\/2023\/08\/Holy-Night-Nativity-1.jpg","type":"image\/jpeg"}],"twitter_card":"summary_large_image","twitter_misc":{"Tiempo de lectura":"2 minutos"},"schema":{"@context":"https:\/\/schema.org","@graph":[{"@type":"WebPage","@id":"https:\/\/craftygenesindonesia.com\/es\/shop\/3d\/el-belen-de-la-nochebuena\/","url":"https:\/\/craftygenesindonesia.com\/es\/shop\/3d\/el-belen-de-la-nochebuena\/","name":"El bel\u00e9n de la Nochebuena patr\u00f3n de ganchillo - Craftygenesindonesia","isPartOf":{"@id":"https:\/\/craftygenesindonesia.com\/es\/#website"},"primaryImageOfPage":{"@id":"https:\/\/craftygenesindonesia.com\/es\/shop\/3d\/el-belen-de-la-nochebuena\/#primaryimage"},"image":{"@id":"https:\/\/craftygenesindonesia.com\/es\/shop\/3d\/el-belen-de-la-nochebuena\/#primaryimage"},"thumbnailUrl":"https:\/\/craftygenesindonesia.com\/wp-content\/uploads\/2023\/08\/Holy-Night-Nativity-1.jpg","datePublished":"2023-08-03T03:25:36+00:00","dateModified":"2026-03-23T22:04:51+00:00","description":"Compra aqu\u00ed mi patr\u00f3n de ganchillo \"Bel\u00e9n de Nochebuena\". El patr\u00f3n de ganchillo f\u00e1cil de seguir tambi\u00e9n est\u00e1 disponible en Etsy, Haked,nl, Ravelry, Payhip","breadcrumb":{"@id":"https:\/\/craftygenesindonesia.com\/es\/shop\/3d\/el-belen-de-la-nochebuena\/#breadcrumb"},"inLanguage":"es","potentialAction":[{"@type":"ReadAction","target":["https:\/\/craftygenesindonesia.com\/es\/shop\/3d\/el-belen-de-la-nochebuena\/"]}]},{"@type":"ImageObject","inLanguage":"es","@id":"https:\/\/craftygenesindonesia.com\/es\/shop\/3d\/el-belen-de-la-nochebuena\/#primaryimage","url":"https:\/\/craftygenesindonesia.com\/wp-content\/uploads\/2023\/08\/Holy-Night-Nativity-1.jpg","contentUrl":"https:\/\/craftygenesindonesia.com\/wp-content\/uploads\/2023\/08\/Holy-Night-Nativity-1.jpg","width":1080,"height":1080,"caption":"crochet nativity set"},{"@type":"BreadcrumbList","@id":"https:\/\/craftygenesindonesia.com\/es\/shop\/3d\/el-belen-de-la-nochebuena\/#breadcrumb","itemListElement":[{"@type":"ListItem","position":1,"name":"Home","item":"https:\/\/craftygenesindonesia.com\/es\/"},{"@type":"ListItem","position":2,"name":"Tienda de patrones","item":"https:\/\/craftygenesindonesia.com\/es\/tienda-de-patrones\/"},{"@type":"ListItem","position":3,"name":"El bel\u00e9n de la Nochebuena"}]},{"@type":"WebSite","@id":"https:\/\/craftygenesindonesia.com\/es\/#website","url":"https:\/\/craftygenesindonesia.com\/es\/","name":"Craftygenesindonesia","description":"","publisher":{"@id":"https:\/\/craftygenesindonesia.com\/es\/#organization"},"potentialAction":[{"@type":"SearchAction","target":{"@type":"EntryPoint","urlTemplate":"https:\/\/craftygenesindonesia.com\/es\/?s={search_term_string}"},"query-input":{"@type":"PropertyValueSpecification","valueRequired":true,"valueName":"search_term_string"}}],"inLanguage":"es"},{"@type":"Organization","@id":"https:\/\/craftygenesindonesia.com\/es\/#organization","name":"Craftygenesindonesia","url":"https:\/\/craftygenesindonesia.com\/es\/","logo":{"@type":"ImageObject","inLanguage":"es","@id":"https:\/\/craftygenesindonesia.com\/es\/#\/schema\/logo\/image\/","url":"https:\/\/craftygenesindonesia.com\/wp-content\/uploads\/2025\/11\/cropped-Copy-of-Craftygenesindonesia.jpg","contentUrl":"https:\/\/craftygenesindonesia.com\/wp-content\/uploads\/2025\/11\/cropped-Copy-of-Craftygenesindonesia.jpg","width":180,"height":60,"caption":"Craftygenesindonesia"},"image":{"@id":"https:\/\/craftygenesindonesia.com\/es\/#\/schema\/logo\/image\/"}}]}},"_links":{"self":[{"href":"https:\/\/craftygenesindonesia.com\/es\/wp-json\/wp\/v2\/product\/19266","targetHints":{"allow":["GET"]}}],"collection":[{"href":"https:\/\/craftygenesindonesia.com\/es\/wp-json\/wp\/v2\/product"}],"about":[{"href":"https:\/\/craftygenesindonesia.com\/es\/wp-json\/wp\/v2\/types\/product"}],"replies":[{"embeddable":true,"href":"https:\/\/craftygenesindonesia.com\/es\/wp-json\/wp\/v2\/comments?post=19266"}],"wp:featuredmedia":[{"embeddable":true,"href":"https:\/\/craftygenesindonesia.com\/es\/wp-json\/wp\/v2\/media\/987521453"}],"wp:attachment":[{"href":"https:\/\/craftygenesindonesia.com\/es\/wp-json\/wp\/v2\/media?parent=19266"}],"wp:term":[{"taxonomy":"product_brand","embeddable":true,"href":"https:\/\/craftygenesindonesia.com\/es\/wp-json\/wp\/v2\/product_brand?post=19266"},{"taxonomy":"product_cat","embeddable":true,"href":"https:\/\/craftygenesindonesia.com\/es\/wp-json\/wp\/v2\/product_cat?post=19266"},{"taxonomy":"product_tag","embeddable":true,"href":"https:\/\/craftygenesindonesia.com\/es\/wp-json\/wp\/v2\/product_tag?post=19266"}],"curies":[{"name":"wp","href":"https:\/\/api.w.org\/{rel}","templated":true}]}}