{"id":18176,"date":"2022-06-09T15:11:45","date_gmt":"2022-06-09T07:11:45","guid":{"rendered":"https:\/\/craftygenesindonesia.com\/?post_type=product&#038;p=18176"},"modified":"2026-03-24T18:36:45","modified_gmt":"2026-03-24T10:36:45","slug":"angel-de-navidad","status":"publish","type":"product","link":"https:\/\/craftygenesindonesia.com\/es\/shop\/angeles\/angel-de-navidad\/","title":{"rendered":"\u00c1ngel de Navidad"},"content":{"rendered":"<p><strong>\u00c1ngel de Navidad<\/strong><\/p>\n<p>Tipo de archivo : patr\u00f3n de ganchillo &#8211; descarga digital, no es un art\u00edculo f\u00edsico<br \/>\n<strong>Idiomas disponibles: ingl\u00e9s, neerland\u00e9s, franc\u00e9s, espa\u00f1ol, italiano, portugu\u00e9s y alem\u00e1n<\/strong><\/p>\n<p>&#8212;&#8211;<\/p>\n<p><span style=\"color: #993366;\"><strong>Este patr\u00f3n de ganchillo se actualiz\u00f3 por completo el 29 de noviembre de 2025. Escr\u00edbeme si compraste este patr\u00f3n de ganchillo antes de esa fecha y te gustar\u00eda recibir la versi\u00f3n actualizada. Si ya lo has comprado, por supuesto que puedes obtener la versi\u00f3n actualizada de forma gratuita.  <\/strong><\/span><br \/>\n&#8212;-<\/p>\n<p>Tama\u00f1o del art\u00edculo terminado: 12 cm \/ 4,7 pulgadas<\/p>\n<p>Tipo de hilo: hilo de grosor \u00abfingering\u00bb (n.\u00ba 3)<br \/>\nMarcas recomendadas: Catona de Scheepjes, Durable Coral<br \/>\nColores de hilo necesarios: color piel, rojo, blanco, marr\u00f3n oscuro, amarillo, amarillo claro<\/p>\n<p><strong>Aguja de ganchillo:<\/strong> 2 mm<\/p>\n<p><strong>Informaci\u00f3n sobre derechos de autor y ayuda:<\/strong><br \/>\nEste patr\u00f3n es un patr\u00f3n escrito (digital) con muchas im\u00e1genes para ayudarte. Si tienes preguntas sobre el patr\u00f3n, env\u00edame un correo electr\u00f3nico a craftygenesindonesia@gmail.com<\/p>\n<p><strong>Este patr\u00f3n digital de ganchillo es s\u00f3lo para uso personal y tiene copyright. Por lo tanto, usted no puede copiar, vender, revender, traducir, reclamar como su propio dise\u00f1o, distribuir, compartir, publicar, publicar s\u00f3lo, &#8230; de cualquier manera o forma sin mi permiso. \u00a1Ni siquiera una parte!  <\/strong><\/p>\n<p><strong>Puedes vender el producto acabado o el art\u00edculo, en peque\u00f1as cantidades, pero no puedes vender el patr\u00f3n de ganchillo en s\u00ed. Menciona que el patr\u00f3n de ganchillo es m\u00edo, de Craftygenesindonesia, y d\u00f3nde se puede comprar. <\/strong><\/p>\n","protected":false},"excerpt":{"rendered":"<p>Crea un precioso \u00e1ngel navide\u00f1o con este patr\u00f3n de ganchillo. Esta peque\u00f1a mu\u00f1equita festiva tambi\u00e9n puede utilizarse como un delicado adorno para el \u00e1rbol de Navidad, ideal para la decoraci\u00f3n navide\u00f1a o como regalo hecho a mano. <\/p>\n","protected":false},"featured_media":987535565,"comment_status":"open","ping_status":"closed","template":"","meta":{"_acf_changed":false},"product_brand":[],"product_cat":[3035,3047,7639,3049],"product_tag":[11398,11654,11727,8707,10621,10829,12097,11206,10965,10641],"class_list":{"0":"post-18176","1":"product","2":"type-product","3":"status-publish","4":"has-post-thumbnail","6":"product_cat-angeles","7":"product_cat-navidad","8":"product_cat-adornos-navidenos","9":"product_cat-senoras-y-senores","10":"product_tag-adorno","11":"product_tag-adorno-de-arbol","12":"product_tag-alas","13":"product_tag-angel-es","14":"product_tag-angel-de-navidad","15":"product_tag-angeles","16":"product_tag-christmas-es","17":"product_tag-oro-es","18":"product_tag-vela-es","19":"product_tag-velas-de-navidad","20":"pa_available_on-craftygenesindonesia","21":"pa_available_on-etsy","22":"pa_available_on-haked-nl","23":"pa_available_on-payhip","24":"pa_available_on-ravelry","25":"pa_languages-aleman","26":"pa_languages-espanol","27":"pa_languages-estados-unidos-ingles","28":"pa_languages-frances","29":"pa_languages-holandes","30":"pa_languages-italiano","31":"pa_languages-portugues","33":"first","34":"instock","35":"downloadable","36":"virtual","37":"purchasable","38":"product-type-simple"},"acf":[],"yoast_head":"<!-- This site is optimized with the Yoast SEO plugin v27.3 - https:\/\/yoast.com\/product\/yoast-seo-wordpress\/ -->\n<title>\u00c1ngel de Navidad patr\u00f3n de ganchillo - Craftygenesindonesia<\/title>\n<meta name=\"description\" content=\"Compra aqu\u00ed mi patr\u00f3n de ganchillo \u00ab\u00c1ngel de Navidad\u00bb. Este sencillo patr\u00f3n de ganchillo tambi\u00e9n est\u00e1 disponible en Haked.nl, Etsy, Ravelry y Payhip.\" \/>\n<meta name=\"robots\" content=\"index, follow, max-snippet:-1, max-image-preview:large, max-video-preview:-1\" \/>\n<link rel=\"canonical\" href=\"https:\/\/craftygenesindonesia.com\/es\/shop\/angeles\/angel-de-navidad\/\" \/>\n<meta property=\"og:locale\" content=\"es_ES\" \/>\n<meta property=\"og:type\" content=\"article\" \/>\n<meta property=\"og:title\" content=\"Patr\u00f3n de ganchillo \u00ab\u00c1ngel de Navidad\u00bb aqu\u00ed\" \/>\n<meta property=\"og:description\" content=\"Purchase my &quot;Christmas Angel&quot; crochet pattern here. El patr\u00f3n de ganchillo f\u00e1cil tambi\u00e9n est\u00e1 disponible en Haked.nl, Etsy, Ravelry y Payhip.\" \/>\n<meta property=\"og:url\" content=\"https:\/\/craftygenesindonesia.com\/es\/shop\/angeles\/angel-de-navidad\/\" \/>\n<meta property=\"og:site_name\" content=\"Craftygenesindonesia\" \/>\n<meta property=\"article:modified_time\" content=\"2026-03-24T10:36:45+00:00\" \/>\n<meta property=\"og:image\" content=\"https:\/\/craftygenesindonesia.com\/wp-content\/uploads\/2022\/06\/1-3.jpg\" \/>\n\t<meta property=\"og:image:width\" content=\"1080\" \/>\n\t<meta property=\"og:image:height\" content=\"1080\" \/>\n\t<meta property=\"og:image:type\" content=\"image\/jpeg\" \/>\n<meta name=\"twitter:card\" content=\"summary_large_image\" \/>\n<meta name=\"twitter:label1\" content=\"Tiempo de lectura\" \/>\n\t<meta name=\"twitter:data1\" content=\"2 minutos\" \/>\n<script type=\"application\/ld+json\" class=\"yoast-schema-graph\">{\"@context\":\"https:\\\/\\\/schema.org\",\"@graph\":[{\"@type\":\"WebPage\",\"@id\":\"https:\\\/\\\/craftygenesindonesia.com\\\/es\\\/shop\\\/angeles\\\/angel-de-navidad\\\/\",\"url\":\"https:\\\/\\\/craftygenesindonesia.com\\\/es\\\/shop\\\/angeles\\\/angel-de-navidad\\\/\",\"name\":\"\u00c1ngel de Navidad patr\u00f3n de ganchillo - Craftygenesindonesia\",\"isPartOf\":{\"@id\":\"https:\\\/\\\/craftygenesindonesia.com\\\/es\\\/#website\"},\"primaryImageOfPage\":{\"@id\":\"https:\\\/\\\/craftygenesindonesia.com\\\/es\\\/shop\\\/angeles\\\/angel-de-navidad\\\/#primaryimage\"},\"image\":{\"@id\":\"https:\\\/\\\/craftygenesindonesia.com\\\/es\\\/shop\\\/angeles\\\/angel-de-navidad\\\/#primaryimage\"},\"thumbnailUrl\":\"https:\\\/\\\/craftygenesindonesia.com\\\/wp-content\\\/uploads\\\/2022\\\/06\\\/1-3.jpg\",\"datePublished\":\"2022-06-09T07:11:45+00:00\",\"dateModified\":\"2026-03-24T10:36:45+00:00\",\"description\":\"Compra aqu\u00ed mi patr\u00f3n de ganchillo \u00ab\u00c1ngel de Navidad\u00bb. Este sencillo patr\u00f3n de ganchillo tambi\u00e9n est\u00e1 disponible en Haked.nl, Etsy, Ravelry y Payhip.\",\"breadcrumb\":{\"@id\":\"https:\\\/\\\/craftygenesindonesia.com\\\/es\\\/shop\\\/angeles\\\/angel-de-navidad\\\/#breadcrumb\"},\"inLanguage\":\"es\",\"potentialAction\":[{\"@type\":\"ReadAction\",\"target\":[\"https:\\\/\\\/craftygenesindonesia.com\\\/es\\\/shop\\\/angeles\\\/angel-de-navidad\\\/\"]}]},{\"@type\":\"ImageObject\",\"inLanguage\":\"es\",\"@id\":\"https:\\\/\\\/craftygenesindonesia.com\\\/es\\\/shop\\\/angeles\\\/angel-de-navidad\\\/#primaryimage\",\"url\":\"https:\\\/\\\/craftygenesindonesia.com\\\/wp-content\\\/uploads\\\/2022\\\/06\\\/1-3.jpg\",\"contentUrl\":\"https:\\\/\\\/craftygenesindonesia.com\\\/wp-content\\\/uploads\\\/2022\\\/06\\\/1-3.jpg\",\"width\":1080,\"height\":1080,\"caption\":\"crochet Christmas angel doll\"},{\"@type\":\"BreadcrumbList\",\"@id\":\"https:\\\/\\\/craftygenesindonesia.com\\\/es\\\/shop\\\/angeles\\\/angel-de-navidad\\\/#breadcrumb\",\"itemListElement\":[{\"@type\":\"ListItem\",\"position\":1,\"name\":\"Home\",\"item\":\"https:\\\/\\\/craftygenesindonesia.com\\\/es\\\/\"},{\"@type\":\"ListItem\",\"position\":2,\"name\":\"Tienda de patrones\",\"item\":\"https:\\\/\\\/craftygenesindonesia.com\\\/es\\\/tienda-de-patrones\\\/\"},{\"@type\":\"ListItem\",\"position\":3,\"name\":\"\u00c1ngel de Navidad\"}]},{\"@type\":\"WebSite\",\"@id\":\"https:\\\/\\\/craftygenesindonesia.com\\\/es\\\/#website\",\"url\":\"https:\\\/\\\/craftygenesindonesia.com\\\/es\\\/\",\"name\":\"Craftygenesindonesia\",\"description\":\"\",\"publisher\":{\"@id\":\"https:\\\/\\\/craftygenesindonesia.com\\\/es\\\/#organization\"},\"potentialAction\":[{\"@type\":\"SearchAction\",\"target\":{\"@type\":\"EntryPoint\",\"urlTemplate\":\"https:\\\/\\\/craftygenesindonesia.com\\\/es\\\/?s={search_term_string}\"},\"query-input\":{\"@type\":\"PropertyValueSpecification\",\"valueRequired\":true,\"valueName\":\"search_term_string\"}}],\"inLanguage\":\"es\"},{\"@type\":\"Organization\",\"@id\":\"https:\\\/\\\/craftygenesindonesia.com\\\/es\\\/#organization\",\"name\":\"Craftygenesindonesia\",\"url\":\"https:\\\/\\\/craftygenesindonesia.com\\\/es\\\/\",\"logo\":{\"@type\":\"ImageObject\",\"inLanguage\":\"es\",\"@id\":\"https:\\\/\\\/craftygenesindonesia.com\\\/es\\\/#\\\/schema\\\/logo\\\/image\\\/\",\"url\":\"https:\\\/\\\/craftygenesindonesia.com\\\/wp-content\\\/uploads\\\/2025\\\/11\\\/cropped-Copy-of-Craftygenesindonesia.jpg\",\"contentUrl\":\"https:\\\/\\\/craftygenesindonesia.com\\\/wp-content\\\/uploads\\\/2025\\\/11\\\/cropped-Copy-of-Craftygenesindonesia.jpg\",\"width\":180,\"height\":60,\"caption\":\"Craftygenesindonesia\"},\"image\":{\"@id\":\"https:\\\/\\\/craftygenesindonesia.com\\\/es\\\/#\\\/schema\\\/logo\\\/image\\\/\"}}]}<\/script>\n<!-- \/ Yoast SEO plugin. -->","yoast_head_json":{"title":"\u00c1ngel de Navidad patr\u00f3n de ganchillo - Craftygenesindonesia","description":"Compra aqu\u00ed mi patr\u00f3n de ganchillo \u00ab\u00c1ngel de Navidad\u00bb. Este sencillo patr\u00f3n de ganchillo tambi\u00e9n est\u00e1 disponible en Haked.nl, Etsy, Ravelry y Payhip.","robots":{"index":"index","follow":"follow","max-snippet":"max-snippet:-1","max-image-preview":"max-image-preview:large","max-video-preview":"max-video-preview:-1"},"canonical":"https:\/\/craftygenesindonesia.com\/es\/shop\/angeles\/angel-de-navidad\/","og_locale":"es_ES","og_type":"article","og_title":"Patr\u00f3n de ganchillo \u00ab\u00c1ngel de Navidad\u00bb aqu\u00ed","og_description":"Purchase my \"Christmas Angel\" crochet pattern here. El patr\u00f3n de ganchillo f\u00e1cil tambi\u00e9n est\u00e1 disponible en Haked.nl, Etsy, Ravelry y Payhip.","og_url":"https:\/\/craftygenesindonesia.com\/es\/shop\/angeles\/angel-de-navidad\/","og_site_name":"Craftygenesindonesia","article_modified_time":"2026-03-24T10:36:45+00:00","og_image":[{"width":1080,"height":1080,"url":"https:\/\/craftygenesindonesia.com\/wp-content\/uploads\/2022\/06\/1-3.jpg","type":"image\/jpeg"}],"twitter_card":"summary_large_image","twitter_misc":{"Tiempo de lectura":"2 minutos"},"schema":{"@context":"https:\/\/schema.org","@graph":[{"@type":"WebPage","@id":"https:\/\/craftygenesindonesia.com\/es\/shop\/angeles\/angel-de-navidad\/","url":"https:\/\/craftygenesindonesia.com\/es\/shop\/angeles\/angel-de-navidad\/","name":"\u00c1ngel de Navidad patr\u00f3n de ganchillo - Craftygenesindonesia","isPartOf":{"@id":"https:\/\/craftygenesindonesia.com\/es\/#website"},"primaryImageOfPage":{"@id":"https:\/\/craftygenesindonesia.com\/es\/shop\/angeles\/angel-de-navidad\/#primaryimage"},"image":{"@id":"https:\/\/craftygenesindonesia.com\/es\/shop\/angeles\/angel-de-navidad\/#primaryimage"},"thumbnailUrl":"https:\/\/craftygenesindonesia.com\/wp-content\/uploads\/2022\/06\/1-3.jpg","datePublished":"2022-06-09T07:11:45+00:00","dateModified":"2026-03-24T10:36:45+00:00","description":"Compra aqu\u00ed mi patr\u00f3n de ganchillo \u00ab\u00c1ngel de Navidad\u00bb. Este sencillo patr\u00f3n de ganchillo tambi\u00e9n est\u00e1 disponible en Haked.nl, Etsy, Ravelry y Payhip.","breadcrumb":{"@id":"https:\/\/craftygenesindonesia.com\/es\/shop\/angeles\/angel-de-navidad\/#breadcrumb"},"inLanguage":"es","potentialAction":[{"@type":"ReadAction","target":["https:\/\/craftygenesindonesia.com\/es\/shop\/angeles\/angel-de-navidad\/"]}]},{"@type":"ImageObject","inLanguage":"es","@id":"https:\/\/craftygenesindonesia.com\/es\/shop\/angeles\/angel-de-navidad\/#primaryimage","url":"https:\/\/craftygenesindonesia.com\/wp-content\/uploads\/2022\/06\/1-3.jpg","contentUrl":"https:\/\/craftygenesindonesia.com\/wp-content\/uploads\/2022\/06\/1-3.jpg","width":1080,"height":1080,"caption":"crochet Christmas angel doll"},{"@type":"BreadcrumbList","@id":"https:\/\/craftygenesindonesia.com\/es\/shop\/angeles\/angel-de-navidad\/#breadcrumb","itemListElement":[{"@type":"ListItem","position":1,"name":"Home","item":"https:\/\/craftygenesindonesia.com\/es\/"},{"@type":"ListItem","position":2,"name":"Tienda de patrones","item":"https:\/\/craftygenesindonesia.com\/es\/tienda-de-patrones\/"},{"@type":"ListItem","position":3,"name":"\u00c1ngel de Navidad"}]},{"@type":"WebSite","@id":"https:\/\/craftygenesindonesia.com\/es\/#website","url":"https:\/\/craftygenesindonesia.com\/es\/","name":"Craftygenesindonesia","description":"","publisher":{"@id":"https:\/\/craftygenesindonesia.com\/es\/#organization"},"potentialAction":[{"@type":"SearchAction","target":{"@type":"EntryPoint","urlTemplate":"https:\/\/craftygenesindonesia.com\/es\/?s={search_term_string}"},"query-input":{"@type":"PropertyValueSpecification","valueRequired":true,"valueName":"search_term_string"}}],"inLanguage":"es"},{"@type":"Organization","@id":"https:\/\/craftygenesindonesia.com\/es\/#organization","name":"Craftygenesindonesia","url":"https:\/\/craftygenesindonesia.com\/es\/","logo":{"@type":"ImageObject","inLanguage":"es","@id":"https:\/\/craftygenesindonesia.com\/es\/#\/schema\/logo\/image\/","url":"https:\/\/craftygenesindonesia.com\/wp-content\/uploads\/2025\/11\/cropped-Copy-of-Craftygenesindonesia.jpg","contentUrl":"https:\/\/craftygenesindonesia.com\/wp-content\/uploads\/2025\/11\/cropped-Copy-of-Craftygenesindonesia.jpg","width":180,"height":60,"caption":"Craftygenesindonesia"},"image":{"@id":"https:\/\/craftygenesindonesia.com\/es\/#\/schema\/logo\/image\/"}}]}},"_links":{"self":[{"href":"https:\/\/craftygenesindonesia.com\/es\/wp-json\/wp\/v2\/product\/18176","targetHints":{"allow":["GET"]}}],"collection":[{"href":"https:\/\/craftygenesindonesia.com\/es\/wp-json\/wp\/v2\/product"}],"about":[{"href":"https:\/\/craftygenesindonesia.com\/es\/wp-json\/wp\/v2\/types\/product"}],"replies":[{"embeddable":true,"href":"https:\/\/craftygenesindonesia.com\/es\/wp-json\/wp\/v2\/comments?post=18176"}],"wp:featuredmedia":[{"embeddable":true,"href":"https:\/\/craftygenesindonesia.com\/es\/wp-json\/wp\/v2\/media\/987535565"}],"wp:attachment":[{"href":"https:\/\/craftygenesindonesia.com\/es\/wp-json\/wp\/v2\/media?parent=18176"}],"wp:term":[{"taxonomy":"product_brand","embeddable":true,"href":"https:\/\/craftygenesindonesia.com\/es\/wp-json\/wp\/v2\/product_brand?post=18176"},{"taxonomy":"product_cat","embeddable":true,"href":"https:\/\/craftygenesindonesia.com\/es\/wp-json\/wp\/v2\/product_cat?post=18176"},{"taxonomy":"product_tag","embeddable":true,"href":"https:\/\/craftygenesindonesia.com\/es\/wp-json\/wp\/v2\/product_tag?post=18176"}],"curies":[{"name":"wp","href":"https:\/\/api.w.org\/{rel}","templated":true}]}}