{"id":18132,"date":"2022-06-11T10:19:03","date_gmt":"2022-06-11T02:19:03","guid":{"rendered":"https:\/\/craftygenesindonesia.com\/?post_type=product&#038;p=18132"},"modified":"2025-11-14T11:02:37","modified_gmt":"2025-11-14T03:02:37","slug":"pedro-el-conejo-de-pascua","status":"publish","type":"product","link":"https:\/\/craftygenesindonesia.com\/es\/shop\/animales\/pedro-el-conejo-de-pascua\/","title":{"rendered":"Pedro El Conejo de Pascua"},"content":{"rendered":"<p>Tama\u00f1o: mide 15,5 cm y su colorido huevo mide 9,5 cm.<\/p>\n<p>Hilo: He utilizado hilo de peso \u201cFINGERING\u201d y una aguja de ganchillo de 2 mm.<\/p>\n<p>Necesitar\u00e1s los siguientes colores: marr\u00f3n cacahuete, crema, marr\u00f3n oscuro, rosa, morado, naranja, azul, amarillo y verde.<\/p>\n<p>He utilizado 2 ojos de seguridad de 9 mm y una nariz de seguridad marr\u00f3n de 9 mm.<\/p>\n<p>Aguja de ganchillo: tama\u00f1o 2mm<\/p>\n<p>Este patr\u00f3n es un patr\u00f3n escrito con un mont\u00f3n de fotos para ayudarle. Si usted todav\u00eda tiene preguntas, por favor env\u00edeme un mensaje a:\u00a0<a href=\"mailto:craftygenesindonesia@gmail.com\">craftygenesindonesia@gmail.com<\/a><\/p>\n<p><strong>-Este patr\u00f3n es s\u00f3lo para uso personal y hay un COPYRIGHT en \u00e9l. El patr\u00f3n por lo tanto NO puede ser copiado, vendido, revendido, traducido, reclamado como su dise\u00f1o, distribuido, compartido, publicado, publicado en l\u00ednea \u2026 en cualquier forma sin mi consentimiento. Ni siquiera una parte.<\/strong><\/p>\n<p><strong>-Puedes vender el art\u00edculo terminado en peque\u00f1as cantidades, \u00a1PERO NO EL PATR\u00d3N MISMO! Por favor, menciona que el patr\u00f3n es de Craftygenesindonesia y d\u00f3nde se puede comprar<\/strong><\/p>\n","protected":false},"excerpt":{"rendered":"<p>Este es un patr\u00f3n de ganchillo f\u00e1cil de seguir para un sencillo pero simp\u00e1tico conejito de Pascua y su huevo de Pascua.<\/p>\n<p>&nbsp;<\/p>\n","protected":false},"featured_media":987526546,"comment_status":"open","ping_status":"closed","template":"","meta":{"_acf_changed":false},"product_brand":[],"product_cat":[3037,3056],"product_tag":[9168,11124,9256,11123],"class_list":{"0":"post-18132","1":"product","2":"type-product","3":"status-publish","4":"has-post-thumbnail","6":"product_cat-animales","7":"product_cat-pascua","8":"product_tag-conejo-de-pascua-es","9":"product_tag-huevo-es","10":"product_tag-huevo-de-pascua-es","11":"product_tag-pascua-es","12":"pa_available_on-craftygenesindonesia","13":"pa_available_on-etsy","14":"pa_available_on-haked-nl","15":"pa_available_on-payhip","16":"pa_available_on-ravelry","17":"pa_languages-aleman","18":"pa_languages-espanol","19":"pa_languages-estados-unidos-ingles","20":"pa_languages-frances","21":"pa_languages-holandes","23":"first","24":"instock","25":"downloadable","26":"virtual","27":"purchasable","28":"product-type-simple"},"acf":[],"yoast_head":"<!-- This site is optimized with the Yoast SEO plugin v27.3 - https:\/\/yoast.com\/product\/yoast-seo-wordpress\/ -->\n<title>Pedro El Conejo de Pascua patr\u00f3n de ganchillo - Craftygenesindonesia<\/title>\n<meta name=\"description\" content=\"Compra aqu\u00ed mi patr\u00f3n de ganchillo &quot;Pedro, el conejo de Pascua&quot;. El patr\u00f3n de ganchillo tambi\u00e9n est\u00e1 disponible en Haked.nl, Etsy et Ravelry.\" \/>\n<meta name=\"robots\" content=\"index, follow, max-snippet:-1, max-image-preview:large, max-video-preview:-1\" \/>\n<link rel=\"canonical\" href=\"https:\/\/craftygenesindonesia.com\/es\/shop\/animales\/pedro-el-conejo-de-pascua\/\" \/>\n<meta property=\"og:locale\" content=\"es_ES\" \/>\n<meta property=\"og:type\" content=\"article\" \/>\n<meta property=\"og:title\" content=\"Patr\u00f3n de ganchillo &quot;Pedro, el conejo de Pascua&quot;\" \/>\n<meta property=\"og:description\" content=\"Compra aqu\u00ed mi patr\u00f3n de ganchillo &quot;Pedro, el conejo de Pascua&quot;. El patr\u00f3n de ganchillo tambi\u00e9n est\u00e1 disponible en Haked.nl, Etsy et Ravelry.\" \/>\n<meta property=\"og:url\" content=\"https:\/\/craftygenesindonesia.com\/es\/shop\/animales\/pedro-el-conejo-de-pascua\/\" \/>\n<meta property=\"og:site_name\" content=\"Craftygenesindonesia\" \/>\n<meta property=\"article:modified_time\" content=\"2025-11-14T03:02:37+00:00\" \/>\n<meta property=\"og:image\" content=\"https:\/\/craftygenesindonesia.com\/wp-content\/uploads\/2022\/06\/Pedro-the-Easter-Bunny-2.jpg\" \/>\n\t<meta property=\"og:image:width\" content=\"1080\" \/>\n\t<meta property=\"og:image:height\" content=\"1080\" \/>\n\t<meta property=\"og:image:type\" content=\"image\/jpeg\" \/>\n<meta name=\"twitter:card\" content=\"summary_large_image\" \/>\n<meta name=\"twitter:label1\" content=\"Tiempo de lectura\" \/>\n\t<meta name=\"twitter:data1\" content=\"1 minuto\" \/>\n<script type=\"application\/ld+json\" class=\"yoast-schema-graph\">{\"@context\":\"https:\\\/\\\/schema.org\",\"@graph\":[{\"@type\":\"WebPage\",\"@id\":\"https:\\\/\\\/craftygenesindonesia.com\\\/es\\\/shop\\\/animales\\\/pedro-el-conejo-de-pascua\\\/\",\"url\":\"https:\\\/\\\/craftygenesindonesia.com\\\/es\\\/shop\\\/animales\\\/pedro-el-conejo-de-pascua\\\/\",\"name\":\"Pedro El Conejo de Pascua patr\u00f3n de ganchillo - Craftygenesindonesia\",\"isPartOf\":{\"@id\":\"https:\\\/\\\/craftygenesindonesia.com\\\/es\\\/#website\"},\"primaryImageOfPage\":{\"@id\":\"https:\\\/\\\/craftygenesindonesia.com\\\/es\\\/shop\\\/animales\\\/pedro-el-conejo-de-pascua\\\/#primaryimage\"},\"image\":{\"@id\":\"https:\\\/\\\/craftygenesindonesia.com\\\/es\\\/shop\\\/animales\\\/pedro-el-conejo-de-pascua\\\/#primaryimage\"},\"thumbnailUrl\":\"https:\\\/\\\/craftygenesindonesia.com\\\/wp-content\\\/uploads\\\/2022\\\/06\\\/Pedro-the-Easter-Bunny-2.jpg\",\"datePublished\":\"2022-06-11T02:19:03+00:00\",\"dateModified\":\"2025-11-14T03:02:37+00:00\",\"description\":\"Compra aqu\u00ed mi patr\u00f3n de ganchillo \\\"Pedro, el conejo de Pascua\\\". El patr\u00f3n de ganchillo tambi\u00e9n est\u00e1 disponible en Haked.nl, Etsy et Ravelry.\",\"breadcrumb\":{\"@id\":\"https:\\\/\\\/craftygenesindonesia.com\\\/es\\\/shop\\\/animales\\\/pedro-el-conejo-de-pascua\\\/#breadcrumb\"},\"inLanguage\":\"es\",\"potentialAction\":[{\"@type\":\"ReadAction\",\"target\":[\"https:\\\/\\\/craftygenesindonesia.com\\\/es\\\/shop\\\/animales\\\/pedro-el-conejo-de-pascua\\\/\"]}]},{\"@type\":\"ImageObject\",\"inLanguage\":\"es\",\"@id\":\"https:\\\/\\\/craftygenesindonesia.com\\\/es\\\/shop\\\/animales\\\/pedro-el-conejo-de-pascua\\\/#primaryimage\",\"url\":\"https:\\\/\\\/craftygenesindonesia.com\\\/wp-content\\\/uploads\\\/2022\\\/06\\\/Pedro-the-Easter-Bunny-2.jpg\",\"contentUrl\":\"https:\\\/\\\/craftygenesindonesia.com\\\/wp-content\\\/uploads\\\/2022\\\/06\\\/Pedro-the-Easter-Bunny-2.jpg\",\"width\":1080,\"height\":1080,\"caption\":\"crochet Easter bunny with crochet Easter egg\"},{\"@type\":\"BreadcrumbList\",\"@id\":\"https:\\\/\\\/craftygenesindonesia.com\\\/es\\\/shop\\\/animales\\\/pedro-el-conejo-de-pascua\\\/#breadcrumb\",\"itemListElement\":[{\"@type\":\"ListItem\",\"position\":1,\"name\":\"Home\",\"item\":\"https:\\\/\\\/craftygenesindonesia.com\\\/es\\\/\"},{\"@type\":\"ListItem\",\"position\":2,\"name\":\"Tienda de patrones\",\"item\":\"https:\\\/\\\/craftygenesindonesia.com\\\/es\\\/tienda-de-patrones\\\/\"},{\"@type\":\"ListItem\",\"position\":3,\"name\":\"Pedro El Conejo de Pascua\"}]},{\"@type\":\"WebSite\",\"@id\":\"https:\\\/\\\/craftygenesindonesia.com\\\/es\\\/#website\",\"url\":\"https:\\\/\\\/craftygenesindonesia.com\\\/es\\\/\",\"name\":\"Craftygenesindonesia\",\"description\":\"\",\"publisher\":{\"@id\":\"https:\\\/\\\/craftygenesindonesia.com\\\/es\\\/#organization\"},\"potentialAction\":[{\"@type\":\"SearchAction\",\"target\":{\"@type\":\"EntryPoint\",\"urlTemplate\":\"https:\\\/\\\/craftygenesindonesia.com\\\/es\\\/?s={search_term_string}\"},\"query-input\":{\"@type\":\"PropertyValueSpecification\",\"valueRequired\":true,\"valueName\":\"search_term_string\"}}],\"inLanguage\":\"es\"},{\"@type\":\"Organization\",\"@id\":\"https:\\\/\\\/craftygenesindonesia.com\\\/es\\\/#organization\",\"name\":\"Craftygenesindonesia\",\"url\":\"https:\\\/\\\/craftygenesindonesia.com\\\/es\\\/\",\"logo\":{\"@type\":\"ImageObject\",\"inLanguage\":\"es\",\"@id\":\"https:\\\/\\\/craftygenesindonesia.com\\\/es\\\/#\\\/schema\\\/logo\\\/image\\\/\",\"url\":\"https:\\\/\\\/craftygenesindonesia.com\\\/wp-content\\\/uploads\\\/2025\\\/11\\\/cropped-Copy-of-Craftygenesindonesia.jpg\",\"contentUrl\":\"https:\\\/\\\/craftygenesindonesia.com\\\/wp-content\\\/uploads\\\/2025\\\/11\\\/cropped-Copy-of-Craftygenesindonesia.jpg\",\"width\":180,\"height\":60,\"caption\":\"Craftygenesindonesia\"},\"image\":{\"@id\":\"https:\\\/\\\/craftygenesindonesia.com\\\/es\\\/#\\\/schema\\\/logo\\\/image\\\/\"}}]}<\/script>\n<!-- \/ Yoast SEO plugin. -->","yoast_head_json":{"title":"Pedro El Conejo de Pascua patr\u00f3n de ganchillo - Craftygenesindonesia","description":"Compra aqu\u00ed mi patr\u00f3n de ganchillo \"Pedro, el conejo de Pascua\". El patr\u00f3n de ganchillo tambi\u00e9n est\u00e1 disponible en Haked.nl, Etsy et Ravelry.","robots":{"index":"index","follow":"follow","max-snippet":"max-snippet:-1","max-image-preview":"max-image-preview:large","max-video-preview":"max-video-preview:-1"},"canonical":"https:\/\/craftygenesindonesia.com\/es\/shop\/animales\/pedro-el-conejo-de-pascua\/","og_locale":"es_ES","og_type":"article","og_title":"Patr\u00f3n de ganchillo \"Pedro, el conejo de Pascua\"","og_description":"Compra aqu\u00ed mi patr\u00f3n de ganchillo \"Pedro, el conejo de Pascua\". El patr\u00f3n de ganchillo tambi\u00e9n est\u00e1 disponible en Haked.nl, Etsy et Ravelry.","og_url":"https:\/\/craftygenesindonesia.com\/es\/shop\/animales\/pedro-el-conejo-de-pascua\/","og_site_name":"Craftygenesindonesia","article_modified_time":"2025-11-14T03:02:37+00:00","og_image":[{"width":1080,"height":1080,"url":"https:\/\/craftygenesindonesia.com\/wp-content\/uploads\/2022\/06\/Pedro-the-Easter-Bunny-2.jpg","type":"image\/jpeg"}],"twitter_card":"summary_large_image","twitter_misc":{"Tiempo de lectura":"1 minuto"},"schema":{"@context":"https:\/\/schema.org","@graph":[{"@type":"WebPage","@id":"https:\/\/craftygenesindonesia.com\/es\/shop\/animales\/pedro-el-conejo-de-pascua\/","url":"https:\/\/craftygenesindonesia.com\/es\/shop\/animales\/pedro-el-conejo-de-pascua\/","name":"Pedro El Conejo de Pascua patr\u00f3n de ganchillo - Craftygenesindonesia","isPartOf":{"@id":"https:\/\/craftygenesindonesia.com\/es\/#website"},"primaryImageOfPage":{"@id":"https:\/\/craftygenesindonesia.com\/es\/shop\/animales\/pedro-el-conejo-de-pascua\/#primaryimage"},"image":{"@id":"https:\/\/craftygenesindonesia.com\/es\/shop\/animales\/pedro-el-conejo-de-pascua\/#primaryimage"},"thumbnailUrl":"https:\/\/craftygenesindonesia.com\/wp-content\/uploads\/2022\/06\/Pedro-the-Easter-Bunny-2.jpg","datePublished":"2022-06-11T02:19:03+00:00","dateModified":"2025-11-14T03:02:37+00:00","description":"Compra aqu\u00ed mi patr\u00f3n de ganchillo \"Pedro, el conejo de Pascua\". El patr\u00f3n de ganchillo tambi\u00e9n est\u00e1 disponible en Haked.nl, Etsy et Ravelry.","breadcrumb":{"@id":"https:\/\/craftygenesindonesia.com\/es\/shop\/animales\/pedro-el-conejo-de-pascua\/#breadcrumb"},"inLanguage":"es","potentialAction":[{"@type":"ReadAction","target":["https:\/\/craftygenesindonesia.com\/es\/shop\/animales\/pedro-el-conejo-de-pascua\/"]}]},{"@type":"ImageObject","inLanguage":"es","@id":"https:\/\/craftygenesindonesia.com\/es\/shop\/animales\/pedro-el-conejo-de-pascua\/#primaryimage","url":"https:\/\/craftygenesindonesia.com\/wp-content\/uploads\/2022\/06\/Pedro-the-Easter-Bunny-2.jpg","contentUrl":"https:\/\/craftygenesindonesia.com\/wp-content\/uploads\/2022\/06\/Pedro-the-Easter-Bunny-2.jpg","width":1080,"height":1080,"caption":"crochet Easter bunny with crochet Easter egg"},{"@type":"BreadcrumbList","@id":"https:\/\/craftygenesindonesia.com\/es\/shop\/animales\/pedro-el-conejo-de-pascua\/#breadcrumb","itemListElement":[{"@type":"ListItem","position":1,"name":"Home","item":"https:\/\/craftygenesindonesia.com\/es\/"},{"@type":"ListItem","position":2,"name":"Tienda de patrones","item":"https:\/\/craftygenesindonesia.com\/es\/tienda-de-patrones\/"},{"@type":"ListItem","position":3,"name":"Pedro El Conejo de Pascua"}]},{"@type":"WebSite","@id":"https:\/\/craftygenesindonesia.com\/es\/#website","url":"https:\/\/craftygenesindonesia.com\/es\/","name":"Craftygenesindonesia","description":"","publisher":{"@id":"https:\/\/craftygenesindonesia.com\/es\/#organization"},"potentialAction":[{"@type":"SearchAction","target":{"@type":"EntryPoint","urlTemplate":"https:\/\/craftygenesindonesia.com\/es\/?s={search_term_string}"},"query-input":{"@type":"PropertyValueSpecification","valueRequired":true,"valueName":"search_term_string"}}],"inLanguage":"es"},{"@type":"Organization","@id":"https:\/\/craftygenesindonesia.com\/es\/#organization","name":"Craftygenesindonesia","url":"https:\/\/craftygenesindonesia.com\/es\/","logo":{"@type":"ImageObject","inLanguage":"es","@id":"https:\/\/craftygenesindonesia.com\/es\/#\/schema\/logo\/image\/","url":"https:\/\/craftygenesindonesia.com\/wp-content\/uploads\/2025\/11\/cropped-Copy-of-Craftygenesindonesia.jpg","contentUrl":"https:\/\/craftygenesindonesia.com\/wp-content\/uploads\/2025\/11\/cropped-Copy-of-Craftygenesindonesia.jpg","width":180,"height":60,"caption":"Craftygenesindonesia"},"image":{"@id":"https:\/\/craftygenesindonesia.com\/es\/#\/schema\/logo\/image\/"}}]}},"_links":{"self":[{"href":"https:\/\/craftygenesindonesia.com\/es\/wp-json\/wp\/v2\/product\/18132","targetHints":{"allow":["GET"]}}],"collection":[{"href":"https:\/\/craftygenesindonesia.com\/es\/wp-json\/wp\/v2\/product"}],"about":[{"href":"https:\/\/craftygenesindonesia.com\/es\/wp-json\/wp\/v2\/types\/product"}],"replies":[{"embeddable":true,"href":"https:\/\/craftygenesindonesia.com\/es\/wp-json\/wp\/v2\/comments?post=18132"}],"wp:featuredmedia":[{"embeddable":true,"href":"https:\/\/craftygenesindonesia.com\/es\/wp-json\/wp\/v2\/media\/987526546"}],"wp:attachment":[{"href":"https:\/\/craftygenesindonesia.com\/es\/wp-json\/wp\/v2\/media?parent=18132"}],"wp:term":[{"taxonomy":"product_brand","embeddable":true,"href":"https:\/\/craftygenesindonesia.com\/es\/wp-json\/wp\/v2\/product_brand?post=18132"},{"taxonomy":"product_cat","embeddable":true,"href":"https:\/\/craftygenesindonesia.com\/es\/wp-json\/wp\/v2\/product_cat?post=18132"},{"taxonomy":"product_tag","embeddable":true,"href":"https:\/\/craftygenesindonesia.com\/es\/wp-json\/wp\/v2\/product_tag?post=18132"}],"curies":[{"name":"wp","href":"https:\/\/api.w.org\/{rel}","templated":true}]}}