{"id":18018,"date":"2022-06-22T21:22:45","date_gmt":"2022-06-22T13:22:45","guid":{"rendered":"https:\/\/craftygenesindonesia.com\/?post_type=product&#038;p=18018"},"modified":"2025-11-14T10:34:26","modified_gmt":"2025-11-14T02:34:26","slug":"rosario-de-pared","status":"publish","type":"product","link":"https:\/\/craftygenesindonesia.com\/es\/shop\/religioso\/rosario-de-pared\/","title":{"rendered":"Rosario de pared"},"content":{"rendered":"<p>Rosario de pared 2 en 1<br \/>\n&#8212;&#8212;&#8212;&#8212;&#8212;&#8212;&#8212;&#8212;&#8212;&#8212;&#8212;&#8212;-<\/p>\n<p>Tipo de archivo: patr\u00f3n de ganchillo &#8211; descarga digital, no es un art\u00edculo f\u00edsico.<br \/>\nIdiomas disponibles: ingl\u00e9s (t\u00e9rminos estadounidenses), neerland\u00e9s, franc\u00e9s, espa\u00f1ol y alem\u00e1n.<\/p>\n<p>&#8212;&#8212;&#8212;&#8212;&#8212;&#8211; &#8212;&#8212;&#8212;&#8212;&#8212;&#8212;&#8212;&#8212;&#8212;&#8212;&#8212;<\/p>\n<p>Hilo: hilo de grosor \u00abfingering\u00bb, como Catona o Durable Coral.<br \/>\nColores: color piel, blanco, rosa, azul y marr\u00f3n oscuro.<\/p>\n<p>Ganchillo: 2 mm.<\/p>\n<p>El rosario rosa est\u00e1 hecho con rosas de 4 cm, cuentas blancas de 7 y 5 mm y una cruz de 8 cm.<br \/>\nLa circunferencia de este rosario es de 32 cm.<\/p>\n<p>El rosario azul est\u00e1 hecho con rosas de 4 cm (1,6 pulgadas), cuentas blancas de 7 mm y cuentas plateadas de 3 mm, una cruz de 8 cm (3,2 pulgadas) y una mu\u00f1eca de Mar\u00eda de 11 cm (4,4 pulgadas) de altura.<br \/>\nLa circunferencia de este rosario es de 65 cm (26 pulgadas).<\/p>\n<p>Informaci\u00f3n sobre derechos de autor y ayuda:<\/p>\n<p>Este patr\u00f3n es un patr\u00f3n escrito (digital) con muchas im\u00e1genes para ayudarte. Si tienes alguna pregunta sobre el patr\u00f3n, env\u00edame un correo electr\u00f3nico a craftygenesindonesia@gmail.com.<\/p>\n<p>Este patr\u00f3n digital de ganchillo es solo para uso personal y tiene derechos de autor. Por lo tanto, no puedes copiarlo, venderlo, revenderlo, traducirlo, reclamarlo como tu propio dise\u00f1o, distribuirlo, compartirlo, publicarlo, solo publicarlo&#8230; de ninguna manera ni forma sin mi permiso. \u00a1Ni siquiera una parte!<\/p>\n<p>Se te permite vender el producto o art\u00edculo terminado, en peque\u00f1as cantidades, pero no se te permite vender el patr\u00f3n de ganchillo en s\u00ed. Menciona que el patr\u00f3n de ganchillo es m\u00edo, Craftygenesindonesia, y d\u00f3nde se puede comprar.<\/p>\n","protected":false},"excerpt":{"rendered":"<p>Este es un patr\u00f3n de ganchillo 2en1 sencillo y f\u00e1cil de seguir para 2 bonitos rosarios. \u00a1Perfecto para quienes coleccionan rosarios!<\/p>\n<p>&nbsp;<\/p>\n","protected":false},"featured_media":987530092,"comment_status":"open","ping_status":"closed","template":"","meta":{"_acf_changed":false},"product_brand":[],"product_cat":[3077],"product_tag":[12103,12090,12092,11057,11160,11400,11422,11502,10282,10809,11505,10281,12108],"class_list":{"0":"post-18018","1":"product","2":"type-product","3":"status-publish","4":"has-post-thumbnail","6":"product_cat-religioso","7":"product_tag-blessed-mary-es","8":"product_tag-catholic-es","9":"product_tag-christian-es","10":"product_tag-cruz-es-2","11":"product_tag-flores","12":"product_tag-nuestra-senora-es","13":"product_tag-patron-es","14":"product_tag-religioso","15":"product_tag-rosario-es","16":"product_tag-rosario-de-pared","17":"product_tag-rosas-es","18":"product_tag-santo-catolico","19":"product_tag-virgin-mary-es","20":"pa_available_on-craftygenesindonesia","21":"pa_available_on-etsy","22":"pa_available_on-haked-nl","23":"pa_available_on-payhip","24":"pa_available_on-ravelry","25":"pa_languages-aleman","26":"pa_languages-espanol","27":"pa_languages-estados-unidos-ingles","28":"pa_languages-frances","29":"pa_languages-holandes","31":"first","32":"instock","33":"downloadable","34":"virtual","35":"purchasable","36":"product-type-simple"},"acf":[],"yoast_head":"<!-- This site is optimized with the Yoast SEO plugin v27.4 - https:\/\/yoast.com\/product\/yoast-seo-wordpress\/ -->\n<title>Rosario de pared patr\u00f3n de ganchillo - Craftygenesindonesia<\/title>\n<meta name=\"description\" content=\"Compra aqu\u00ed mi patr\u00f3n de ganchillo 2 en 1 para rosarios. El sencillo patr\u00f3n de ganchillo tambi\u00e9n est\u00e1 disponible en Etsy, Haked.nl, Ravelry y Payhip.\" \/>\n<meta name=\"robots\" content=\"index, follow, max-snippet:-1, max-image-preview:large, max-video-preview:-1\" \/>\n<link rel=\"canonical\" href=\"https:\/\/craftygenesindonesia.com\/es\/shop\/religioso\/rosario-de-pared\/\" \/>\n<meta property=\"og:locale\" content=\"es_ES\" \/>\n<meta property=\"og:type\" content=\"article\" \/>\n<meta property=\"og:title\" content=\"Patr\u00f3n de ganchillo 2 en 1 para Rosarios\" \/>\n<meta property=\"og:description\" content=\"Compra aqu\u00ed mi patr\u00f3n de ganchillo 2 en 1 para rosarios. El sencillo patr\u00f3n de ganchillo tambi\u00e9n est\u00e1 disponible en Etsy, Haked.nl, Ravelry y Payhip.\" \/>\n<meta property=\"og:url\" content=\"https:\/\/craftygenesindonesia.com\/es\/shop\/religioso\/rosario-de-pared\/\" \/>\n<meta property=\"og:site_name\" content=\"Craftygenesindonesia\" \/>\n<meta property=\"article:modified_time\" content=\"2025-11-14T02:34:26+00:00\" \/>\n<meta property=\"og:image\" content=\"https:\/\/craftygenesindonesia.com\/wp-content\/uploads\/2022\/06\/Wall-Rosary-1.jpg\" \/>\n\t<meta property=\"og:image:width\" content=\"1080\" \/>\n\t<meta property=\"og:image:height\" content=\"1080\" \/>\n\t<meta property=\"og:image:type\" content=\"image\/jpeg\" \/>\n<meta name=\"twitter:card\" content=\"summary_large_image\" \/>\n<meta name=\"twitter:label1\" content=\"Tiempo de lectura\" \/>\n\t<meta name=\"twitter:data1\" content=\"2 minutos\" \/>\n<script type=\"application\/ld+json\" class=\"yoast-schema-graph\">{\"@context\":\"https:\\\/\\\/schema.org\",\"@graph\":[{\"@type\":\"WebPage\",\"@id\":\"https:\\\/\\\/craftygenesindonesia.com\\\/es\\\/shop\\\/religioso\\\/rosario-de-pared\\\/\",\"url\":\"https:\\\/\\\/craftygenesindonesia.com\\\/es\\\/shop\\\/religioso\\\/rosario-de-pared\\\/\",\"name\":\"Rosario de pared patr\u00f3n de ganchillo - Craftygenesindonesia\",\"isPartOf\":{\"@id\":\"https:\\\/\\\/craftygenesindonesia.com\\\/es\\\/#website\"},\"primaryImageOfPage\":{\"@id\":\"https:\\\/\\\/craftygenesindonesia.com\\\/es\\\/shop\\\/religioso\\\/rosario-de-pared\\\/#primaryimage\"},\"image\":{\"@id\":\"https:\\\/\\\/craftygenesindonesia.com\\\/es\\\/shop\\\/religioso\\\/rosario-de-pared\\\/#primaryimage\"},\"thumbnailUrl\":\"https:\\\/\\\/craftygenesindonesia.com\\\/wp-content\\\/uploads\\\/2022\\\/06\\\/Wall-Rosary-1.jpg\",\"datePublished\":\"2022-06-22T13:22:45+00:00\",\"dateModified\":\"2025-11-14T02:34:26+00:00\",\"description\":\"Compra aqu\u00ed mi patr\u00f3n de ganchillo 2 en 1 para rosarios. El sencillo patr\u00f3n de ganchillo tambi\u00e9n est\u00e1 disponible en Etsy, Haked.nl, Ravelry y Payhip.\",\"breadcrumb\":{\"@id\":\"https:\\\/\\\/craftygenesindonesia.com\\\/es\\\/shop\\\/religioso\\\/rosario-de-pared\\\/#breadcrumb\"},\"inLanguage\":\"es\",\"potentialAction\":[{\"@type\":\"ReadAction\",\"target\":[\"https:\\\/\\\/craftygenesindonesia.com\\\/es\\\/shop\\\/religioso\\\/rosario-de-pared\\\/\"]}]},{\"@type\":\"ImageObject\",\"inLanguage\":\"es\",\"@id\":\"https:\\\/\\\/craftygenesindonesia.com\\\/es\\\/shop\\\/religioso\\\/rosario-de-pared\\\/#primaryimage\",\"url\":\"https:\\\/\\\/craftygenesindonesia.com\\\/wp-content\\\/uploads\\\/2022\\\/06\\\/Wall-Rosary-1.jpg\",\"contentUrl\":\"https:\\\/\\\/craftygenesindonesia.com\\\/wp-content\\\/uploads\\\/2022\\\/06\\\/Wall-Rosary-1.jpg\",\"width\":1080,\"height\":1080,\"caption\":\"crochet rosary with crochet Virgin Mary and cross\"},{\"@type\":\"BreadcrumbList\",\"@id\":\"https:\\\/\\\/craftygenesindonesia.com\\\/es\\\/shop\\\/religioso\\\/rosario-de-pared\\\/#breadcrumb\",\"itemListElement\":[{\"@type\":\"ListItem\",\"position\":1,\"name\":\"Home\",\"item\":\"https:\\\/\\\/craftygenesindonesia.com\\\/es\\\/\"},{\"@type\":\"ListItem\",\"position\":2,\"name\":\"Tienda de patrones\",\"item\":\"https:\\\/\\\/craftygenesindonesia.com\\\/es\\\/tienda-de-patrones\\\/\"},{\"@type\":\"ListItem\",\"position\":3,\"name\":\"Rosario de pared\"}]},{\"@type\":\"WebSite\",\"@id\":\"https:\\\/\\\/craftygenesindonesia.com\\\/es\\\/#website\",\"url\":\"https:\\\/\\\/craftygenesindonesia.com\\\/es\\\/\",\"name\":\"Craftygenesindonesia\",\"description\":\"\",\"publisher\":{\"@id\":\"https:\\\/\\\/craftygenesindonesia.com\\\/es\\\/#organization\"},\"potentialAction\":[{\"@type\":\"SearchAction\",\"target\":{\"@type\":\"EntryPoint\",\"urlTemplate\":\"https:\\\/\\\/craftygenesindonesia.com\\\/es\\\/?s={search_term_string}\"},\"query-input\":{\"@type\":\"PropertyValueSpecification\",\"valueRequired\":true,\"valueName\":\"search_term_string\"}}],\"inLanguage\":\"es\"},{\"@type\":\"Organization\",\"@id\":\"https:\\\/\\\/craftygenesindonesia.com\\\/es\\\/#organization\",\"name\":\"Craftygenesindonesia\",\"url\":\"https:\\\/\\\/craftygenesindonesia.com\\\/es\\\/\",\"logo\":{\"@type\":\"ImageObject\",\"inLanguage\":\"es\",\"@id\":\"https:\\\/\\\/craftygenesindonesia.com\\\/es\\\/#\\\/schema\\\/logo\\\/image\\\/\",\"url\":\"https:\\\/\\\/craftygenesindonesia.com\\\/wp-content\\\/uploads\\\/2025\\\/11\\\/cropped-Copy-of-Craftygenesindonesia.jpg\",\"contentUrl\":\"https:\\\/\\\/craftygenesindonesia.com\\\/wp-content\\\/uploads\\\/2025\\\/11\\\/cropped-Copy-of-Craftygenesindonesia.jpg\",\"width\":180,\"height\":60,\"caption\":\"Craftygenesindonesia\"},\"image\":{\"@id\":\"https:\\\/\\\/craftygenesindonesia.com\\\/es\\\/#\\\/schema\\\/logo\\\/image\\\/\"}}]}<\/script>\n<!-- \/ Yoast SEO plugin. -->","yoast_head_json":{"title":"Rosario de pared patr\u00f3n de ganchillo - Craftygenesindonesia","description":"Compra aqu\u00ed mi patr\u00f3n de ganchillo 2 en 1 para rosarios. El sencillo patr\u00f3n de ganchillo tambi\u00e9n est\u00e1 disponible en Etsy, Haked.nl, Ravelry y Payhip.","robots":{"index":"index","follow":"follow","max-snippet":"max-snippet:-1","max-image-preview":"max-image-preview:large","max-video-preview":"max-video-preview:-1"},"canonical":"https:\/\/craftygenesindonesia.com\/es\/shop\/religioso\/rosario-de-pared\/","og_locale":"es_ES","og_type":"article","og_title":"Patr\u00f3n de ganchillo 2 en 1 para Rosarios","og_description":"Compra aqu\u00ed mi patr\u00f3n de ganchillo 2 en 1 para rosarios. El sencillo patr\u00f3n de ganchillo tambi\u00e9n est\u00e1 disponible en Etsy, Haked.nl, Ravelry y Payhip.","og_url":"https:\/\/craftygenesindonesia.com\/es\/shop\/religioso\/rosario-de-pared\/","og_site_name":"Craftygenesindonesia","article_modified_time":"2025-11-14T02:34:26+00:00","og_image":[{"width":1080,"height":1080,"url":"https:\/\/craftygenesindonesia.com\/wp-content\/uploads\/2022\/06\/Wall-Rosary-1.jpg","type":"image\/jpeg"}],"twitter_card":"summary_large_image","twitter_misc":{"Tiempo de lectura":"2 minutos"},"schema":{"@context":"https:\/\/schema.org","@graph":[{"@type":"WebPage","@id":"https:\/\/craftygenesindonesia.com\/es\/shop\/religioso\/rosario-de-pared\/","url":"https:\/\/craftygenesindonesia.com\/es\/shop\/religioso\/rosario-de-pared\/","name":"Rosario de pared patr\u00f3n de ganchillo - Craftygenesindonesia","isPartOf":{"@id":"https:\/\/craftygenesindonesia.com\/es\/#website"},"primaryImageOfPage":{"@id":"https:\/\/craftygenesindonesia.com\/es\/shop\/religioso\/rosario-de-pared\/#primaryimage"},"image":{"@id":"https:\/\/craftygenesindonesia.com\/es\/shop\/religioso\/rosario-de-pared\/#primaryimage"},"thumbnailUrl":"https:\/\/craftygenesindonesia.com\/wp-content\/uploads\/2022\/06\/Wall-Rosary-1.jpg","datePublished":"2022-06-22T13:22:45+00:00","dateModified":"2025-11-14T02:34:26+00:00","description":"Compra aqu\u00ed mi patr\u00f3n de ganchillo 2 en 1 para rosarios. El sencillo patr\u00f3n de ganchillo tambi\u00e9n est\u00e1 disponible en Etsy, Haked.nl, Ravelry y Payhip.","breadcrumb":{"@id":"https:\/\/craftygenesindonesia.com\/es\/shop\/religioso\/rosario-de-pared\/#breadcrumb"},"inLanguage":"es","potentialAction":[{"@type":"ReadAction","target":["https:\/\/craftygenesindonesia.com\/es\/shop\/religioso\/rosario-de-pared\/"]}]},{"@type":"ImageObject","inLanguage":"es","@id":"https:\/\/craftygenesindonesia.com\/es\/shop\/religioso\/rosario-de-pared\/#primaryimage","url":"https:\/\/craftygenesindonesia.com\/wp-content\/uploads\/2022\/06\/Wall-Rosary-1.jpg","contentUrl":"https:\/\/craftygenesindonesia.com\/wp-content\/uploads\/2022\/06\/Wall-Rosary-1.jpg","width":1080,"height":1080,"caption":"crochet rosary with crochet Virgin Mary and cross"},{"@type":"BreadcrumbList","@id":"https:\/\/craftygenesindonesia.com\/es\/shop\/religioso\/rosario-de-pared\/#breadcrumb","itemListElement":[{"@type":"ListItem","position":1,"name":"Home","item":"https:\/\/craftygenesindonesia.com\/es\/"},{"@type":"ListItem","position":2,"name":"Tienda de patrones","item":"https:\/\/craftygenesindonesia.com\/es\/tienda-de-patrones\/"},{"@type":"ListItem","position":3,"name":"Rosario de pared"}]},{"@type":"WebSite","@id":"https:\/\/craftygenesindonesia.com\/es\/#website","url":"https:\/\/craftygenesindonesia.com\/es\/","name":"Craftygenesindonesia","description":"","publisher":{"@id":"https:\/\/craftygenesindonesia.com\/es\/#organization"},"potentialAction":[{"@type":"SearchAction","target":{"@type":"EntryPoint","urlTemplate":"https:\/\/craftygenesindonesia.com\/es\/?s={search_term_string}"},"query-input":{"@type":"PropertyValueSpecification","valueRequired":true,"valueName":"search_term_string"}}],"inLanguage":"es"},{"@type":"Organization","@id":"https:\/\/craftygenesindonesia.com\/es\/#organization","name":"Craftygenesindonesia","url":"https:\/\/craftygenesindonesia.com\/es\/","logo":{"@type":"ImageObject","inLanguage":"es","@id":"https:\/\/craftygenesindonesia.com\/es\/#\/schema\/logo\/image\/","url":"https:\/\/craftygenesindonesia.com\/wp-content\/uploads\/2025\/11\/cropped-Copy-of-Craftygenesindonesia.jpg","contentUrl":"https:\/\/craftygenesindonesia.com\/wp-content\/uploads\/2025\/11\/cropped-Copy-of-Craftygenesindonesia.jpg","width":180,"height":60,"caption":"Craftygenesindonesia"},"image":{"@id":"https:\/\/craftygenesindonesia.com\/es\/#\/schema\/logo\/image\/"}}]}},"_links":{"self":[{"href":"https:\/\/craftygenesindonesia.com\/es\/wp-json\/wp\/v2\/product\/18018","targetHints":{"allow":["GET"]}}],"collection":[{"href":"https:\/\/craftygenesindonesia.com\/es\/wp-json\/wp\/v2\/product"}],"about":[{"href":"https:\/\/craftygenesindonesia.com\/es\/wp-json\/wp\/v2\/types\/product"}],"replies":[{"embeddable":true,"href":"https:\/\/craftygenesindonesia.com\/es\/wp-json\/wp\/v2\/comments?post=18018"}],"wp:featuredmedia":[{"embeddable":true,"href":"https:\/\/craftygenesindonesia.com\/es\/wp-json\/wp\/v2\/media\/987530092"}],"wp:attachment":[{"href":"https:\/\/craftygenesindonesia.com\/es\/wp-json\/wp\/v2\/media?parent=18018"}],"wp:term":[{"taxonomy":"product_brand","embeddable":true,"href":"https:\/\/craftygenesindonesia.com\/es\/wp-json\/wp\/v2\/product_brand?post=18018"},{"taxonomy":"product_cat","embeddable":true,"href":"https:\/\/craftygenesindonesia.com\/es\/wp-json\/wp\/v2\/product_cat?post=18018"},{"taxonomy":"product_tag","embeddable":true,"href":"https:\/\/craftygenesindonesia.com\/es\/wp-json\/wp\/v2\/product_tag?post=18018"}],"curies":[{"name":"wp","href":"https:\/\/api.w.org\/{rel}","templated":true}]}}