{"id":17983,"date":"2022-06-23T07:44:02","date_gmt":"2022-06-22T23:44:02","guid":{"rendered":"https:\/\/craftygenesindonesia.com\/?post_type=product&#038;p=17983"},"modified":"2025-11-14T10:24:16","modified_gmt":"2025-11-14T02:24:16","slug":"amani-enora","status":"publish","type":"product","link":"https:\/\/craftygenesindonesia.com\/es\/shop\/munecas-infantiles\/amani-enora\/","title":{"rendered":"Amani &#038; Enora"},"content":{"rendered":"<p>Ambos miden 10cm (4\u201d) y est\u00e1n hechos con hilo de peso \u201cFINGERING\u201d y un ganchillo de tama\u00f1o 2mm.<\/p>\n<p>Necesitar\u00e1s estos colores: color piel, blanco, amarillo, rosa claro, rosa, azul claro, azul, oro met\u00e1lico<\/p>\n<p>Aguja de ganchillo: tama\u00f1o 2mm<\/p>\n<p>Este patr\u00f3n es un patr\u00f3n escrito con muchas fotos para ayudarte. Si usted todav\u00eda tiene preguntas, por favor env\u00edeme un mensaje a:\u00a0<a href=\"mailto:craftygenesindonesia@gmail.com\">craftygenesindonesia@gmail.com<\/a><\/p>\n<p><strong>-Este patr\u00f3n es s\u00f3lo para uso personal y hay un COPYRIGHT en \u00e9l. El patr\u00f3n por lo tanto NO puede ser copiado, vendido, revendido, traducido, reclamado como su dise\u00f1o, distribuido, compartido, publicado, publicado en l\u00ednea \u2026 en cualquier forma sin mi consentimiento. Ni siquiera una parte.<\/strong><\/p>\n<p><strong>-Puedes vender el art\u00edculo terminado en peque\u00f1as cantidades, \u00a1PERO NO EL PATR\u00d3N MISMO! Por favor, menciona que el patr\u00f3n es de Craftygenesindonesia y d\u00f3nde se puede comprar<\/strong><\/p>\n","protected":false},"excerpt":{"rendered":"<p>Este es un patr\u00f3n de ganchillo f\u00e1cil de seguir para 2 simp\u00e1ticos duendes. Se llaman como las preciosas hijas de mi querida sobrina.<\/p>\n","protected":false},"featured_media":987520018,"comment_status":"open","ping_status":"closed","template":"","meta":{"_acf_changed":false},"product_brand":[],"product_cat":[3063],"product_tag":[11727,11186,11127,11126,10904],"class_list":{"0":"post-17983","1":"product","2":"type-product","3":"status-publish","4":"has-post-thumbnail","6":"product_cat-munecas-infantiles","7":"product_tag-alas","8":"product_tag-chicas","9":"product_tag-hada-es","10":"product_tag-hadas","11":"product_tag-rubio","12":"pa_available_on-craftygenesindonesia","13":"pa_available_on-etsy","14":"pa_available_on-haked-nl","15":"pa_available_on-payhip","16":"pa_available_on-ravelry","17":"pa_languages-espanol","18":"pa_languages-estados-unidos-ingles","19":"pa_languages-frances","20":"pa_languages-holandes","22":"first","23":"instock","24":"downloadable","25":"virtual","26":"purchasable","27":"product-type-simple"},"acf":[],"yoast_head":"<!-- This site is optimized with the Yoast SEO plugin v27.4 - https:\/\/yoast.com\/product\/yoast-seo-wordpress\/ -->\n<title>Amani &amp; Enora patr\u00f3n de ganchillo - Craftygenesindonesia<\/title>\n<meta name=\"description\" content=\"Pide mi patr\u00f3n de ganchillo &quot;Amani &amp; Enora&quot; aqu\u00ed. El patr\u00f3n de ganchillo, f\u00e1cil de seguir, tambi\u00e9n est\u00e1 disponible en Haked.nl, Etsy y Ravelry.\" \/>\n<meta name=\"robots\" content=\"index, follow, max-snippet:-1, max-image-preview:large, max-video-preview:-1\" \/>\n<link rel=\"canonical\" href=\"https:\/\/craftygenesindonesia.com\/es\/shop\/munecas-infantiles\/amani-enora\/\" \/>\n<meta property=\"og:locale\" content=\"es_ES\" \/>\n<meta property=\"og:type\" content=\"article\" \/>\n<meta property=\"og:title\" content=\"Patr\u00f3n de ganchillo de hadas Amanai y Enora\" \/>\n<meta property=\"og:description\" content=\"Pide mi patr\u00f3n de ganchillo &quot;Amani &amp; Enora&quot; aqu\u00ed. El patr\u00f3n de ganchillo, f\u00e1cil de seguir, tambi\u00e9n est\u00e1 disponible en Haked.nl, Etsy y Ravelry.\" \/>\n<meta property=\"og:url\" content=\"https:\/\/craftygenesindonesia.com\/es\/shop\/munecas-infantiles\/amani-enora\/\" \/>\n<meta property=\"og:site_name\" content=\"Craftygenesindonesia\" \/>\n<meta property=\"article:modified_time\" content=\"2025-11-14T02:24:16+00:00\" \/>\n<meta property=\"og:image\" content=\"https:\/\/craftygenesindonesia.com\/wp-content\/uploads\/2022\/06\/Amani-Enora.jpg\" \/>\n\t<meta property=\"og:image:width\" content=\"945\" \/>\n\t<meta property=\"og:image:height\" content=\"945\" \/>\n\t<meta property=\"og:image:type\" content=\"image\/jpeg\" \/>\n<meta name=\"twitter:card\" content=\"summary_large_image\" \/>\n<meta name=\"twitter:label1\" content=\"Tiempo de lectura\" \/>\n\t<meta name=\"twitter:data1\" content=\"1 minuto\" \/>\n<script type=\"application\/ld+json\" class=\"yoast-schema-graph\">{\"@context\":\"https:\\\/\\\/schema.org\",\"@graph\":[{\"@type\":\"WebPage\",\"@id\":\"https:\\\/\\\/craftygenesindonesia.com\\\/es\\\/shop\\\/munecas-infantiles\\\/amani-enora\\\/\",\"url\":\"https:\\\/\\\/craftygenesindonesia.com\\\/es\\\/shop\\\/munecas-infantiles\\\/amani-enora\\\/\",\"name\":\"Amani & Enora patr\u00f3n de ganchillo - Craftygenesindonesia\",\"isPartOf\":{\"@id\":\"https:\\\/\\\/craftygenesindonesia.com\\\/es\\\/#website\"},\"primaryImageOfPage\":{\"@id\":\"https:\\\/\\\/craftygenesindonesia.com\\\/es\\\/shop\\\/munecas-infantiles\\\/amani-enora\\\/#primaryimage\"},\"image\":{\"@id\":\"https:\\\/\\\/craftygenesindonesia.com\\\/es\\\/shop\\\/munecas-infantiles\\\/amani-enora\\\/#primaryimage\"},\"thumbnailUrl\":\"https:\\\/\\\/craftygenesindonesia.com\\\/wp-content\\\/uploads\\\/2022\\\/06\\\/Amani-Enora-1.jpg\",\"datePublished\":\"2022-06-22T23:44:02+00:00\",\"dateModified\":\"2025-11-14T02:24:16+00:00\",\"description\":\"Pide mi patr\u00f3n de ganchillo \\\"Amani & Enora\\\" aqu\u00ed. El patr\u00f3n de ganchillo, f\u00e1cil de seguir, tambi\u00e9n est\u00e1 disponible en Haked.nl, Etsy y Ravelry.\",\"breadcrumb\":{\"@id\":\"https:\\\/\\\/craftygenesindonesia.com\\\/es\\\/shop\\\/munecas-infantiles\\\/amani-enora\\\/#breadcrumb\"},\"inLanguage\":\"es\",\"potentialAction\":[{\"@type\":\"ReadAction\",\"target\":[\"https:\\\/\\\/craftygenesindonesia.com\\\/es\\\/shop\\\/munecas-infantiles\\\/amani-enora\\\/\"]}]},{\"@type\":\"ImageObject\",\"inLanguage\":\"es\",\"@id\":\"https:\\\/\\\/craftygenesindonesia.com\\\/es\\\/shop\\\/munecas-infantiles\\\/amani-enora\\\/#primaryimage\",\"url\":\"https:\\\/\\\/craftygenesindonesia.com\\\/wp-content\\\/uploads\\\/2022\\\/06\\\/Amani-Enora-1.jpg\",\"contentUrl\":\"https:\\\/\\\/craftygenesindonesia.com\\\/wp-content\\\/uploads\\\/2022\\\/06\\\/Amani-Enora-1.jpg\",\"width\":1080,\"height\":1080,\"caption\":\"crochet fairies\"},{\"@type\":\"BreadcrumbList\",\"@id\":\"https:\\\/\\\/craftygenesindonesia.com\\\/es\\\/shop\\\/munecas-infantiles\\\/amani-enora\\\/#breadcrumb\",\"itemListElement\":[{\"@type\":\"ListItem\",\"position\":1,\"name\":\"Home\",\"item\":\"https:\\\/\\\/craftygenesindonesia.com\\\/es\\\/\"},{\"@type\":\"ListItem\",\"position\":2,\"name\":\"Tienda de patrones\",\"item\":\"https:\\\/\\\/craftygenesindonesia.com\\\/es\\\/tienda-de-patrones\\\/\"},{\"@type\":\"ListItem\",\"position\":3,\"name\":\"Amani &#038; Enora\"}]},{\"@type\":\"WebSite\",\"@id\":\"https:\\\/\\\/craftygenesindonesia.com\\\/es\\\/#website\",\"url\":\"https:\\\/\\\/craftygenesindonesia.com\\\/es\\\/\",\"name\":\"Craftygenesindonesia\",\"description\":\"\",\"publisher\":{\"@id\":\"https:\\\/\\\/craftygenesindonesia.com\\\/es\\\/#organization\"},\"potentialAction\":[{\"@type\":\"SearchAction\",\"target\":{\"@type\":\"EntryPoint\",\"urlTemplate\":\"https:\\\/\\\/craftygenesindonesia.com\\\/es\\\/?s={search_term_string}\"},\"query-input\":{\"@type\":\"PropertyValueSpecification\",\"valueRequired\":true,\"valueName\":\"search_term_string\"}}],\"inLanguage\":\"es\"},{\"@type\":\"Organization\",\"@id\":\"https:\\\/\\\/craftygenesindonesia.com\\\/es\\\/#organization\",\"name\":\"Craftygenesindonesia\",\"url\":\"https:\\\/\\\/craftygenesindonesia.com\\\/es\\\/\",\"logo\":{\"@type\":\"ImageObject\",\"inLanguage\":\"es\",\"@id\":\"https:\\\/\\\/craftygenesindonesia.com\\\/es\\\/#\\\/schema\\\/logo\\\/image\\\/\",\"url\":\"https:\\\/\\\/craftygenesindonesia.com\\\/wp-content\\\/uploads\\\/2025\\\/11\\\/cropped-Copy-of-Craftygenesindonesia.jpg\",\"contentUrl\":\"https:\\\/\\\/craftygenesindonesia.com\\\/wp-content\\\/uploads\\\/2025\\\/11\\\/cropped-Copy-of-Craftygenesindonesia.jpg\",\"width\":180,\"height\":60,\"caption\":\"Craftygenesindonesia\"},\"image\":{\"@id\":\"https:\\\/\\\/craftygenesindonesia.com\\\/es\\\/#\\\/schema\\\/logo\\\/image\\\/\"}}]}<\/script>\n<!-- \/ Yoast SEO plugin. -->","yoast_head_json":{"title":"Amani & Enora patr\u00f3n de ganchillo - Craftygenesindonesia","description":"Pide mi patr\u00f3n de ganchillo \"Amani & Enora\" aqu\u00ed. El patr\u00f3n de ganchillo, f\u00e1cil de seguir, tambi\u00e9n est\u00e1 disponible en Haked.nl, Etsy y Ravelry.","robots":{"index":"index","follow":"follow","max-snippet":"max-snippet:-1","max-image-preview":"max-image-preview:large","max-video-preview":"max-video-preview:-1"},"canonical":"https:\/\/craftygenesindonesia.com\/es\/shop\/munecas-infantiles\/amani-enora\/","og_locale":"es_ES","og_type":"article","og_title":"Patr\u00f3n de ganchillo de hadas Amanai y Enora","og_description":"Pide mi patr\u00f3n de ganchillo \"Amani & Enora\" aqu\u00ed. El patr\u00f3n de ganchillo, f\u00e1cil de seguir, tambi\u00e9n est\u00e1 disponible en Haked.nl, Etsy y Ravelry.","og_url":"https:\/\/craftygenesindonesia.com\/es\/shop\/munecas-infantiles\/amani-enora\/","og_site_name":"Craftygenesindonesia","article_modified_time":"2025-11-14T02:24:16+00:00","og_image":[{"width":945,"height":945,"url":"https:\/\/craftygenesindonesia.com\/wp-content\/uploads\/2022\/06\/Amani-Enora.jpg","type":"image\/jpeg"}],"twitter_card":"summary_large_image","twitter_misc":{"Tiempo de lectura":"1 minuto"},"schema":{"@context":"https:\/\/schema.org","@graph":[{"@type":"WebPage","@id":"https:\/\/craftygenesindonesia.com\/es\/shop\/munecas-infantiles\/amani-enora\/","url":"https:\/\/craftygenesindonesia.com\/es\/shop\/munecas-infantiles\/amani-enora\/","name":"Amani & Enora patr\u00f3n de ganchillo - Craftygenesindonesia","isPartOf":{"@id":"https:\/\/craftygenesindonesia.com\/es\/#website"},"primaryImageOfPage":{"@id":"https:\/\/craftygenesindonesia.com\/es\/shop\/munecas-infantiles\/amani-enora\/#primaryimage"},"image":{"@id":"https:\/\/craftygenesindonesia.com\/es\/shop\/munecas-infantiles\/amani-enora\/#primaryimage"},"thumbnailUrl":"https:\/\/craftygenesindonesia.com\/wp-content\/uploads\/2022\/06\/Amani-Enora-1.jpg","datePublished":"2022-06-22T23:44:02+00:00","dateModified":"2025-11-14T02:24:16+00:00","description":"Pide mi patr\u00f3n de ganchillo \"Amani & Enora\" aqu\u00ed. El patr\u00f3n de ganchillo, f\u00e1cil de seguir, tambi\u00e9n est\u00e1 disponible en Haked.nl, Etsy y Ravelry.","breadcrumb":{"@id":"https:\/\/craftygenesindonesia.com\/es\/shop\/munecas-infantiles\/amani-enora\/#breadcrumb"},"inLanguage":"es","potentialAction":[{"@type":"ReadAction","target":["https:\/\/craftygenesindonesia.com\/es\/shop\/munecas-infantiles\/amani-enora\/"]}]},{"@type":"ImageObject","inLanguage":"es","@id":"https:\/\/craftygenesindonesia.com\/es\/shop\/munecas-infantiles\/amani-enora\/#primaryimage","url":"https:\/\/craftygenesindonesia.com\/wp-content\/uploads\/2022\/06\/Amani-Enora-1.jpg","contentUrl":"https:\/\/craftygenesindonesia.com\/wp-content\/uploads\/2022\/06\/Amani-Enora-1.jpg","width":1080,"height":1080,"caption":"crochet fairies"},{"@type":"BreadcrumbList","@id":"https:\/\/craftygenesindonesia.com\/es\/shop\/munecas-infantiles\/amani-enora\/#breadcrumb","itemListElement":[{"@type":"ListItem","position":1,"name":"Home","item":"https:\/\/craftygenesindonesia.com\/es\/"},{"@type":"ListItem","position":2,"name":"Tienda de patrones","item":"https:\/\/craftygenesindonesia.com\/es\/tienda-de-patrones\/"},{"@type":"ListItem","position":3,"name":"Amani &#038; Enora"}]},{"@type":"WebSite","@id":"https:\/\/craftygenesindonesia.com\/es\/#website","url":"https:\/\/craftygenesindonesia.com\/es\/","name":"Craftygenesindonesia","description":"","publisher":{"@id":"https:\/\/craftygenesindonesia.com\/es\/#organization"},"potentialAction":[{"@type":"SearchAction","target":{"@type":"EntryPoint","urlTemplate":"https:\/\/craftygenesindonesia.com\/es\/?s={search_term_string}"},"query-input":{"@type":"PropertyValueSpecification","valueRequired":true,"valueName":"search_term_string"}}],"inLanguage":"es"},{"@type":"Organization","@id":"https:\/\/craftygenesindonesia.com\/es\/#organization","name":"Craftygenesindonesia","url":"https:\/\/craftygenesindonesia.com\/es\/","logo":{"@type":"ImageObject","inLanguage":"es","@id":"https:\/\/craftygenesindonesia.com\/es\/#\/schema\/logo\/image\/","url":"https:\/\/craftygenesindonesia.com\/wp-content\/uploads\/2025\/11\/cropped-Copy-of-Craftygenesindonesia.jpg","contentUrl":"https:\/\/craftygenesindonesia.com\/wp-content\/uploads\/2025\/11\/cropped-Copy-of-Craftygenesindonesia.jpg","width":180,"height":60,"caption":"Craftygenesindonesia"},"image":{"@id":"https:\/\/craftygenesindonesia.com\/es\/#\/schema\/logo\/image\/"}}]}},"_links":{"self":[{"href":"https:\/\/craftygenesindonesia.com\/es\/wp-json\/wp\/v2\/product\/17983","targetHints":{"allow":["GET"]}}],"collection":[{"href":"https:\/\/craftygenesindonesia.com\/es\/wp-json\/wp\/v2\/product"}],"about":[{"href":"https:\/\/craftygenesindonesia.com\/es\/wp-json\/wp\/v2\/types\/product"}],"replies":[{"embeddable":true,"href":"https:\/\/craftygenesindonesia.com\/es\/wp-json\/wp\/v2\/comments?post=17983"}],"wp:featuredmedia":[{"embeddable":true,"href":"https:\/\/craftygenesindonesia.com\/es\/wp-json\/wp\/v2\/media\/987520018"}],"wp:attachment":[{"href":"https:\/\/craftygenesindonesia.com\/es\/wp-json\/wp\/v2\/media?parent=17983"}],"wp:term":[{"taxonomy":"product_brand","embeddable":true,"href":"https:\/\/craftygenesindonesia.com\/es\/wp-json\/wp\/v2\/product_brand?post=17983"},{"taxonomy":"product_cat","embeddable":true,"href":"https:\/\/craftygenesindonesia.com\/es\/wp-json\/wp\/v2\/product_cat?post=17983"},{"taxonomy":"product_tag","embeddable":true,"href":"https:\/\/craftygenesindonesia.com\/es\/wp-json\/wp\/v2\/product_tag?post=17983"}],"curies":[{"name":"wp","href":"https:\/\/api.w.org\/{rel}","templated":true}]}}