{"id":17966,"date":"2022-06-23T19:22:15","date_gmt":"2022-06-23T11:22:15","guid":{"rendered":"https:\/\/craftygenesindonesia.com\/?post_type=product&#038;p=17966"},"modified":"2025-11-14T10:21:05","modified_gmt":"2025-11-14T02:21:05","slug":"santa-madre-teresa-de-calcuta","status":"publish","type":"product","link":"https:\/\/craftygenesindonesia.com\/es\/shop\/religioso\/santa-madre-teresa-de-calcuta\/","title":{"rendered":"Santa Madre Teresa de Calcuta"},"content":{"rendered":"<p>Mide 19cm (7.5\u201d) y est\u00e1 hecha con peso \u201cFINGERING\u201d y un ganchillo de tama\u00f1o 2mm.<\/p>\n<p>Utilic\u00e9 una cruz de 15mm y cuentas de 3mm para el rosario.<\/p>\n<p>Necesitar\u00e1s estos colores: blanco, color piel, azul, negro.<\/p>\n<p>Aguja de ganchillo: tama\u00f1o 2mm<\/p>\n<p>Este patr\u00f3n es un patr\u00f3n escrito con muchas fotos para ayudarte. Si todav\u00eda tiene preguntas, por favor env\u00edeme un mensaje a:\u00a0<a href=\"mailto:craftygenesindonesia@gmail.com\">craftygenesindonesia@gmail.com<\/a><\/p>\n<p><strong>-Este patr\u00f3n es s\u00f3lo para uso personal y hay un COPYRIGHT en \u00e9l. El patr\u00f3n por lo tanto NO puede ser copiado, vendido, revendido, traducido, reclamado como su dise\u00f1o, distribuido, compartido, publicado, publicado en l\u00ednea \u2026 en cualquier forma sin mi consentimiento. Ni siquiera una parte.<\/strong><\/p>\n<p><strong>-Puedes vender el art\u00edculo terminado en peque\u00f1as cantidades, \u00a1PERO NO EL PATR\u00d3N MISMO! Por favor, menciona que el patr\u00f3n es de Craftygenesindonesia y d\u00f3nde se puede comprar<\/strong><\/p>\n","protected":false},"excerpt":{"rendered":"<p>Este es un patr\u00f3n de ganchillo f\u00e1cil de seguir para una simp\u00e1tica versi\u00f3n a ganchillo de Santa Madre Teresa de Calcuta. Perfecta para quienes coleccionan figuras de santas patronas.<\/p>\n","protected":false},"featured_media":987519869,"comment_status":"open","ping_status":"closed","template":"","meta":{"_acf_changed":false},"product_brand":[],"product_cat":[3077],"product_tag":[12090,12092,11057,10712,11395,11422,10282,10281],"class_list":{"0":"post-17966","1":"product","2":"type-product","3":"status-publish","4":"has-post-thumbnail","6":"product_cat-religioso","7":"product_tag-catholic-es","8":"product_tag-christian-es","9":"product_tag-cruz-es-2","10":"product_tag-madre-teresa","11":"product_tag-monja-es","12":"product_tag-patron-es","13":"product_tag-rosario-es","14":"product_tag-santo-catolico","15":"pa_available_on-craftygenesindonesia","16":"pa_available_on-etsy","17":"pa_available_on-haked-nl","18":"pa_available_on-payhip","19":"pa_available_on-ravelry","20":"pa_languages-espanol","21":"pa_languages-estados-unidos-ingles","22":"pa_languages-frances","23":"pa_languages-holandes","25":"first","26":"instock","27":"downloadable","28":"virtual","29":"purchasable","30":"product-type-simple"},"acf":[],"yoast_head":"<!-- This site is optimized with the Yoast SEO plugin v27.3 - https:\/\/yoast.com\/product\/yoast-seo-wordpress\/ -->\n<title>Santa Madre Teresa de Calcuta patr\u00f3n de ganchillo - Craftygenesindonesia<\/title>\n<meta name=\"description\" content=\"Pide mi patr\u00f3n de ganchillo &quot;Santa Madre Teresa de Calcuta&quot; aqu\u00ed. Aqu\u00ed tambi\u00e9n encontrar\u00e1s enlaces al patr\u00f3n en Haked, Etsy y Ravelry.\" \/>\n<meta name=\"robots\" content=\"index, follow, max-snippet:-1, max-image-preview:large, max-video-preview:-1\" \/>\n<link rel=\"canonical\" href=\"https:\/\/craftygenesindonesia.com\/es\/shop\/religioso\/santa-madre-teresa-de-calcuta\/\" \/>\n<meta property=\"og:locale\" content=\"es_ES\" \/>\n<meta property=\"og:type\" content=\"article\" \/>\n<meta property=\"og:title\" content=\"Santa Madre Teresa de Calcuta - patr\u00f3n de ganchillo\" \/>\n<meta property=\"og:description\" content=\"Pide mi patr\u00f3n de ganchillo &quot;Santa Madre Teresa de Calcuta&quot; aqu\u00ed. Aqu\u00ed tambi\u00e9n encontrar\u00e1s enlaces al patr\u00f3n en Haked, Etsy y Ravelry.\" \/>\n<meta property=\"og:url\" content=\"https:\/\/craftygenesindonesia.com\/es\/shop\/religioso\/santa-madre-teresa-de-calcuta\/\" \/>\n<meta property=\"og:site_name\" content=\"Craftygenesindonesia\" \/>\n<meta property=\"article:modified_time\" content=\"2025-11-14T02:21:05+00:00\" \/>\n<meta property=\"og:image\" content=\"https:\/\/craftygenesindonesia.com\/wp-content\/uploads\/2022\/06\/St-Mother-Teresa.jpg\" \/>\n\t<meta property=\"og:image:width\" content=\"1080\" \/>\n\t<meta property=\"og:image:height\" content=\"1080\" \/>\n\t<meta property=\"og:image:type\" content=\"image\/jpeg\" \/>\n<meta name=\"twitter:card\" content=\"summary_large_image\" \/>\n<meta name=\"twitter:label1\" content=\"Tiempo de lectura\" \/>\n\t<meta name=\"twitter:data1\" content=\"1 minuto\" \/>\n<script type=\"application\/ld+json\" class=\"yoast-schema-graph\">{\"@context\":\"https:\\\/\\\/schema.org\",\"@graph\":[{\"@type\":\"WebPage\",\"@id\":\"https:\\\/\\\/craftygenesindonesia.com\\\/es\\\/shop\\\/religioso\\\/santa-madre-teresa-de-calcuta\\\/\",\"url\":\"https:\\\/\\\/craftygenesindonesia.com\\\/es\\\/shop\\\/religioso\\\/santa-madre-teresa-de-calcuta\\\/\",\"name\":\"Santa Madre Teresa de Calcuta patr\u00f3n de ganchillo - Craftygenesindonesia\",\"isPartOf\":{\"@id\":\"https:\\\/\\\/craftygenesindonesia.com\\\/es\\\/#website\"},\"primaryImageOfPage\":{\"@id\":\"https:\\\/\\\/craftygenesindonesia.com\\\/es\\\/shop\\\/religioso\\\/santa-madre-teresa-de-calcuta\\\/#primaryimage\"},\"image\":{\"@id\":\"https:\\\/\\\/craftygenesindonesia.com\\\/es\\\/shop\\\/religioso\\\/santa-madre-teresa-de-calcuta\\\/#primaryimage\"},\"thumbnailUrl\":\"https:\\\/\\\/craftygenesindonesia.com\\\/wp-content\\\/uploads\\\/2022\\\/06\\\/St-Mother-Teresa-1.jpg\",\"datePublished\":\"2022-06-23T11:22:15+00:00\",\"dateModified\":\"2025-11-14T02:21:05+00:00\",\"description\":\"Pide mi patr\u00f3n de ganchillo \\\"Santa Madre Teresa de Calcuta\\\" aqu\u00ed. Aqu\u00ed tambi\u00e9n encontrar\u00e1s enlaces al patr\u00f3n en Haked, Etsy y Ravelry.\",\"breadcrumb\":{\"@id\":\"https:\\\/\\\/craftygenesindonesia.com\\\/es\\\/shop\\\/religioso\\\/santa-madre-teresa-de-calcuta\\\/#breadcrumb\"},\"inLanguage\":\"es\",\"potentialAction\":[{\"@type\":\"ReadAction\",\"target\":[\"https:\\\/\\\/craftygenesindonesia.com\\\/es\\\/shop\\\/religioso\\\/santa-madre-teresa-de-calcuta\\\/\"]}]},{\"@type\":\"ImageObject\",\"inLanguage\":\"es\",\"@id\":\"https:\\\/\\\/craftygenesindonesia.com\\\/es\\\/shop\\\/religioso\\\/santa-madre-teresa-de-calcuta\\\/#primaryimage\",\"url\":\"https:\\\/\\\/craftygenesindonesia.com\\\/wp-content\\\/uploads\\\/2022\\\/06\\\/St-Mother-Teresa-1.jpg\",\"contentUrl\":\"https:\\\/\\\/craftygenesindonesia.com\\\/wp-content\\\/uploads\\\/2022\\\/06\\\/St-Mother-Teresa-1.jpg\",\"width\":1080,\"height\":1080,\"caption\":\"crochet saint mother Teresa\"},{\"@type\":\"BreadcrumbList\",\"@id\":\"https:\\\/\\\/craftygenesindonesia.com\\\/es\\\/shop\\\/religioso\\\/santa-madre-teresa-de-calcuta\\\/#breadcrumb\",\"itemListElement\":[{\"@type\":\"ListItem\",\"position\":1,\"name\":\"Home\",\"item\":\"https:\\\/\\\/craftygenesindonesia.com\\\/es\\\/\"},{\"@type\":\"ListItem\",\"position\":2,\"name\":\"Tienda de patrones\",\"item\":\"https:\\\/\\\/craftygenesindonesia.com\\\/es\\\/tienda-de-patrones\\\/\"},{\"@type\":\"ListItem\",\"position\":3,\"name\":\"Santa Madre Teresa de Calcuta\"}]},{\"@type\":\"WebSite\",\"@id\":\"https:\\\/\\\/craftygenesindonesia.com\\\/es\\\/#website\",\"url\":\"https:\\\/\\\/craftygenesindonesia.com\\\/es\\\/\",\"name\":\"Craftygenesindonesia\",\"description\":\"\",\"publisher\":{\"@id\":\"https:\\\/\\\/craftygenesindonesia.com\\\/es\\\/#organization\"},\"potentialAction\":[{\"@type\":\"SearchAction\",\"target\":{\"@type\":\"EntryPoint\",\"urlTemplate\":\"https:\\\/\\\/craftygenesindonesia.com\\\/es\\\/?s={search_term_string}\"},\"query-input\":{\"@type\":\"PropertyValueSpecification\",\"valueRequired\":true,\"valueName\":\"search_term_string\"}}],\"inLanguage\":\"es\"},{\"@type\":\"Organization\",\"@id\":\"https:\\\/\\\/craftygenesindonesia.com\\\/es\\\/#organization\",\"name\":\"Craftygenesindonesia\",\"url\":\"https:\\\/\\\/craftygenesindonesia.com\\\/es\\\/\",\"logo\":{\"@type\":\"ImageObject\",\"inLanguage\":\"es\",\"@id\":\"https:\\\/\\\/craftygenesindonesia.com\\\/es\\\/#\\\/schema\\\/logo\\\/image\\\/\",\"url\":\"https:\\\/\\\/craftygenesindonesia.com\\\/wp-content\\\/uploads\\\/2025\\\/11\\\/cropped-Copy-of-Craftygenesindonesia.jpg\",\"contentUrl\":\"https:\\\/\\\/craftygenesindonesia.com\\\/wp-content\\\/uploads\\\/2025\\\/11\\\/cropped-Copy-of-Craftygenesindonesia.jpg\",\"width\":180,\"height\":60,\"caption\":\"Craftygenesindonesia\"},\"image\":{\"@id\":\"https:\\\/\\\/craftygenesindonesia.com\\\/es\\\/#\\\/schema\\\/logo\\\/image\\\/\"}}]}<\/script>\n<!-- \/ Yoast SEO plugin. -->","yoast_head_json":{"title":"Santa Madre Teresa de Calcuta patr\u00f3n de ganchillo - Craftygenesindonesia","description":"Pide mi patr\u00f3n de ganchillo \"Santa Madre Teresa de Calcuta\" aqu\u00ed. Aqu\u00ed tambi\u00e9n encontrar\u00e1s enlaces al patr\u00f3n en Haked, Etsy y Ravelry.","robots":{"index":"index","follow":"follow","max-snippet":"max-snippet:-1","max-image-preview":"max-image-preview:large","max-video-preview":"max-video-preview:-1"},"canonical":"https:\/\/craftygenesindonesia.com\/es\/shop\/religioso\/santa-madre-teresa-de-calcuta\/","og_locale":"es_ES","og_type":"article","og_title":"Santa Madre Teresa de Calcuta - patr\u00f3n de ganchillo","og_description":"Pide mi patr\u00f3n de ganchillo \"Santa Madre Teresa de Calcuta\" aqu\u00ed. Aqu\u00ed tambi\u00e9n encontrar\u00e1s enlaces al patr\u00f3n en Haked, Etsy y Ravelry.","og_url":"https:\/\/craftygenesindonesia.com\/es\/shop\/religioso\/santa-madre-teresa-de-calcuta\/","og_site_name":"Craftygenesindonesia","article_modified_time":"2025-11-14T02:21:05+00:00","og_image":[{"width":1080,"height":1080,"url":"https:\/\/craftygenesindonesia.com\/wp-content\/uploads\/2022\/06\/St-Mother-Teresa.jpg","type":"image\/jpeg"}],"twitter_card":"summary_large_image","twitter_misc":{"Tiempo de lectura":"1 minuto"},"schema":{"@context":"https:\/\/schema.org","@graph":[{"@type":"WebPage","@id":"https:\/\/craftygenesindonesia.com\/es\/shop\/religioso\/santa-madre-teresa-de-calcuta\/","url":"https:\/\/craftygenesindonesia.com\/es\/shop\/religioso\/santa-madre-teresa-de-calcuta\/","name":"Santa Madre Teresa de Calcuta patr\u00f3n de ganchillo - Craftygenesindonesia","isPartOf":{"@id":"https:\/\/craftygenesindonesia.com\/es\/#website"},"primaryImageOfPage":{"@id":"https:\/\/craftygenesindonesia.com\/es\/shop\/religioso\/santa-madre-teresa-de-calcuta\/#primaryimage"},"image":{"@id":"https:\/\/craftygenesindonesia.com\/es\/shop\/religioso\/santa-madre-teresa-de-calcuta\/#primaryimage"},"thumbnailUrl":"https:\/\/craftygenesindonesia.com\/wp-content\/uploads\/2022\/06\/St-Mother-Teresa-1.jpg","datePublished":"2022-06-23T11:22:15+00:00","dateModified":"2025-11-14T02:21:05+00:00","description":"Pide mi patr\u00f3n de ganchillo \"Santa Madre Teresa de Calcuta\" aqu\u00ed. Aqu\u00ed tambi\u00e9n encontrar\u00e1s enlaces al patr\u00f3n en Haked, Etsy y Ravelry.","breadcrumb":{"@id":"https:\/\/craftygenesindonesia.com\/es\/shop\/religioso\/santa-madre-teresa-de-calcuta\/#breadcrumb"},"inLanguage":"es","potentialAction":[{"@type":"ReadAction","target":["https:\/\/craftygenesindonesia.com\/es\/shop\/religioso\/santa-madre-teresa-de-calcuta\/"]}]},{"@type":"ImageObject","inLanguage":"es","@id":"https:\/\/craftygenesindonesia.com\/es\/shop\/religioso\/santa-madre-teresa-de-calcuta\/#primaryimage","url":"https:\/\/craftygenesindonesia.com\/wp-content\/uploads\/2022\/06\/St-Mother-Teresa-1.jpg","contentUrl":"https:\/\/craftygenesindonesia.com\/wp-content\/uploads\/2022\/06\/St-Mother-Teresa-1.jpg","width":1080,"height":1080,"caption":"crochet saint mother Teresa"},{"@type":"BreadcrumbList","@id":"https:\/\/craftygenesindonesia.com\/es\/shop\/religioso\/santa-madre-teresa-de-calcuta\/#breadcrumb","itemListElement":[{"@type":"ListItem","position":1,"name":"Home","item":"https:\/\/craftygenesindonesia.com\/es\/"},{"@type":"ListItem","position":2,"name":"Tienda de patrones","item":"https:\/\/craftygenesindonesia.com\/es\/tienda-de-patrones\/"},{"@type":"ListItem","position":3,"name":"Santa Madre Teresa de Calcuta"}]},{"@type":"WebSite","@id":"https:\/\/craftygenesindonesia.com\/es\/#website","url":"https:\/\/craftygenesindonesia.com\/es\/","name":"Craftygenesindonesia","description":"","publisher":{"@id":"https:\/\/craftygenesindonesia.com\/es\/#organization"},"potentialAction":[{"@type":"SearchAction","target":{"@type":"EntryPoint","urlTemplate":"https:\/\/craftygenesindonesia.com\/es\/?s={search_term_string}"},"query-input":{"@type":"PropertyValueSpecification","valueRequired":true,"valueName":"search_term_string"}}],"inLanguage":"es"},{"@type":"Organization","@id":"https:\/\/craftygenesindonesia.com\/es\/#organization","name":"Craftygenesindonesia","url":"https:\/\/craftygenesindonesia.com\/es\/","logo":{"@type":"ImageObject","inLanguage":"es","@id":"https:\/\/craftygenesindonesia.com\/es\/#\/schema\/logo\/image\/","url":"https:\/\/craftygenesindonesia.com\/wp-content\/uploads\/2025\/11\/cropped-Copy-of-Craftygenesindonesia.jpg","contentUrl":"https:\/\/craftygenesindonesia.com\/wp-content\/uploads\/2025\/11\/cropped-Copy-of-Craftygenesindonesia.jpg","width":180,"height":60,"caption":"Craftygenesindonesia"},"image":{"@id":"https:\/\/craftygenesindonesia.com\/es\/#\/schema\/logo\/image\/"}}]}},"_links":{"self":[{"href":"https:\/\/craftygenesindonesia.com\/es\/wp-json\/wp\/v2\/product\/17966","targetHints":{"allow":["GET"]}}],"collection":[{"href":"https:\/\/craftygenesindonesia.com\/es\/wp-json\/wp\/v2\/product"}],"about":[{"href":"https:\/\/craftygenesindonesia.com\/es\/wp-json\/wp\/v2\/types\/product"}],"replies":[{"embeddable":true,"href":"https:\/\/craftygenesindonesia.com\/es\/wp-json\/wp\/v2\/comments?post=17966"}],"wp:featuredmedia":[{"embeddable":true,"href":"https:\/\/craftygenesindonesia.com\/es\/wp-json\/wp\/v2\/media\/987519869"}],"wp:attachment":[{"href":"https:\/\/craftygenesindonesia.com\/es\/wp-json\/wp\/v2\/media?parent=17966"}],"wp:term":[{"taxonomy":"product_brand","embeddable":true,"href":"https:\/\/craftygenesindonesia.com\/es\/wp-json\/wp\/v2\/product_brand?post=17966"},{"taxonomy":"product_cat","embeddable":true,"href":"https:\/\/craftygenesindonesia.com\/es\/wp-json\/wp\/v2\/product_cat?post=17966"},{"taxonomy":"product_tag","embeddable":true,"href":"https:\/\/craftygenesindonesia.com\/es\/wp-json\/wp\/v2\/product_tag?post=17966"}],"curies":[{"name":"wp","href":"https:\/\/api.w.org\/{rel}","templated":true}]}}