{"id":17945,"date":"2022-06-23T20:43:25","date_gmt":"2022-06-23T12:43:25","guid":{"rendered":"https:\/\/craftygenesindonesia.com\/?post_type=product&#038;p=17945"},"modified":"2025-11-14T10:15:57","modified_gmt":"2025-11-14T02:15:57","slug":"sir-lady-amour","status":"publish","type":"product","link":"https:\/\/craftygenesindonesia.com\/es\/shop\/senoras-y-senores\/sir-lady-amour\/","title":{"rendered":"Sir y Lady Amour"},"content":{"rendered":"<p>La encantadora novia mide 15 cm y su apuesto marido 16,5 cm.<\/p>\n<p>Est\u00e1n hechos con hilo de peso &#8220;fingering&#8221; y una aguja de ganchillo de tama\u00f1o 2 mm.<\/p>\n<p>Necesitar\u00e1s estos colores: blanco, color piel, negro, rosa, gris y marr\u00f3n oscuro.<\/p>\n<p>Para el velo de la novia se utiliza un poco de tul blanco y un trocito de alambre de cuentas plateadas para la diadema.<\/p>\n<p>Aguja de ganchillo: tama\u00f1o 2 mm.<\/p>\n<p>Este patr\u00f3n incluye un patr\u00f3n escrito y muchas fotos para ayudarte.<br \/>\nEn caso de que tengas problemas para entenderlo, no dudes en enviarme un mensaje a: craftygenesindonesia@gmail.com<\/p>\n<p><strong>Este patr\u00f3n es s\u00f3lo para uso personal y tiene COPYRIGHT. Por lo tanto, el patr\u00f3n es s\u00f3lo para uso personal y no puede ser copiado, vendido, revendido, traducido, reclamado como su dise\u00f1o, distribuido, compartido, publicado, publicado en l\u00ednea &#8230; en cualquier forma sin mi consentimiento. Ni siquiera una parte.<\/strong><\/p>\n<p><strong>\u00a1Usted puede vender el art\u00edculo terminado, pero no el patr\u00f3n en s\u00ed!<\/strong><\/p>\n","protected":false},"excerpt":{"rendered":"<p>Este es un patr\u00f3n de ganchillo f\u00e1cil de seguir para una pareja de novios de ganchillo muy bonita. Ser\u00edan un regalo muy bonito y \u00a1tambi\u00e9n se pueden colocar en una tarta de boda!<\/p>\n<p>&nbsp;<\/p>\n","protected":false},"featured_media":987520756,"comment_status":"open","ping_status":"closed","template":"","meta":{"_acf_changed":false},"product_brand":[],"product_cat":[3067,3049],"product_tag":[11677,11352,10926,10925,10943,11232,11026],"class_list":{"0":"post-17945","1":"product","2":"type-product","3":"status-publish","4":"has-post-thumbnail","6":"product_cat-amor","7":"product_cat-senoras-y-senores","8":"product_tag-boda-es","9":"product_tag-matrimonio-es","10":"product_tag-novia-es-2","11":"product_tag-novia","12":"product_tag-noviapareja","13":"product_tag-novio-es-2","14":"product_tag-pareja-es","15":"pa_available_on-craftygenesindonesia","16":"pa_available_on-etsy","17":"pa_available_on-haked-nl","18":"pa_available_on-payhip","19":"pa_available_on-ravelry","20":"pa_languages-espanol","21":"pa_languages-estados-unidos-ingles","22":"pa_languages-frances","23":"pa_languages-holandes","25":"first","26":"instock","27":"downloadable","28":"virtual","29":"purchasable","30":"product-type-simple"},"acf":[],"yoast_head":"<!-- This site is optimized with the Yoast SEO plugin v27.4 - https:\/\/yoast.com\/product\/yoast-seo-wordpress\/ -->\n<title>Sir y Lady Amour patr\u00f3n de ganchillo - Craftygenesindonesia<\/title>\n<meta name=\"description\" content=\"Pida mi patr\u00f3n de ganchillo &quot;Sir &amp; Lady Amour&quot; aqu\u00ed. El patr\u00f3n de ganchillo para novios tambi\u00e9n est\u00e1 disponible en Haked, Etsy y Ravelry.\" \/>\n<meta name=\"robots\" content=\"index, follow, max-snippet:-1, max-image-preview:large, max-video-preview:-1\" \/>\n<link rel=\"canonical\" href=\"https:\/\/craftygenesindonesia.com\/es\/shop\/senoras-y-senores\/sir-lady-amour\/\" \/>\n<meta property=\"og:locale\" content=\"es_ES\" \/>\n<meta property=\"og:type\" content=\"article\" \/>\n<meta property=\"og:title\" content=\"Sir &amp; Lady Amour patr\u00f3n de ganchillo para novios\" \/>\n<meta property=\"og:description\" content=\"Pida mi patr\u00f3n de ganchillo &quot;Sir &amp; Lady Amour&quot; aqu\u00ed. El patr\u00f3n de ganchillo para novios tambi\u00e9n est\u00e1 disponible en Haked, Etsy y Ravelry.\" \/>\n<meta property=\"og:url\" content=\"https:\/\/craftygenesindonesia.com\/es\/shop\/senoras-y-senores\/sir-lady-amour\/\" \/>\n<meta property=\"og:site_name\" content=\"Craftygenesindonesia\" \/>\n<meta property=\"article:modified_time\" content=\"2025-11-14T02:15:57+00:00\" \/>\n<meta property=\"og:image\" content=\"https:\/\/craftygenesindonesia.com\/wp-content\/uploads\/2022\/06\/Sir-Lady-Amour.jpg\" \/>\n\t<meta property=\"og:image:width\" content=\"1080\" \/>\n\t<meta property=\"og:image:height\" content=\"1080\" \/>\n\t<meta property=\"og:image:type\" content=\"image\/jpeg\" \/>\n<meta name=\"twitter:card\" content=\"summary_large_image\" \/>\n<meta name=\"twitter:label1\" content=\"Tiempo de lectura\" \/>\n\t<meta name=\"twitter:data1\" content=\"1 minuto\" \/>\n<script type=\"application\/ld+json\" class=\"yoast-schema-graph\">{\"@context\":\"https:\\\/\\\/schema.org\",\"@graph\":[{\"@type\":\"WebPage\",\"@id\":\"https:\\\/\\\/craftygenesindonesia.com\\\/es\\\/shop\\\/senoras-y-senores\\\/sir-lady-amour\\\/\",\"url\":\"https:\\\/\\\/craftygenesindonesia.com\\\/es\\\/shop\\\/senoras-y-senores\\\/sir-lady-amour\\\/\",\"name\":\"Sir y Lady Amour patr\u00f3n de ganchillo - Craftygenesindonesia\",\"isPartOf\":{\"@id\":\"https:\\\/\\\/craftygenesindonesia.com\\\/es\\\/#website\"},\"primaryImageOfPage\":{\"@id\":\"https:\\\/\\\/craftygenesindonesia.com\\\/es\\\/shop\\\/senoras-y-senores\\\/sir-lady-amour\\\/#primaryimage\"},\"image\":{\"@id\":\"https:\\\/\\\/craftygenesindonesia.com\\\/es\\\/shop\\\/senoras-y-senores\\\/sir-lady-amour\\\/#primaryimage\"},\"thumbnailUrl\":\"https:\\\/\\\/craftygenesindonesia.com\\\/wp-content\\\/uploads\\\/2022\\\/06\\\/Sir-Lady-Amour.jpg\",\"datePublished\":\"2022-06-23T12:43:25+00:00\",\"dateModified\":\"2025-11-14T02:15:57+00:00\",\"description\":\"Pida mi patr\u00f3n de ganchillo \\\"Sir & Lady Amour\\\" aqu\u00ed. El patr\u00f3n de ganchillo para novios tambi\u00e9n est\u00e1 disponible en Haked, Etsy y Ravelry.\",\"breadcrumb\":{\"@id\":\"https:\\\/\\\/craftygenesindonesia.com\\\/es\\\/shop\\\/senoras-y-senores\\\/sir-lady-amour\\\/#breadcrumb\"},\"inLanguage\":\"es\",\"potentialAction\":[{\"@type\":\"ReadAction\",\"target\":[\"https:\\\/\\\/craftygenesindonesia.com\\\/es\\\/shop\\\/senoras-y-senores\\\/sir-lady-amour\\\/\"]}]},{\"@type\":\"ImageObject\",\"inLanguage\":\"es\",\"@id\":\"https:\\\/\\\/craftygenesindonesia.com\\\/es\\\/shop\\\/senoras-y-senores\\\/sir-lady-amour\\\/#primaryimage\",\"url\":\"https:\\\/\\\/craftygenesindonesia.com\\\/wp-content\\\/uploads\\\/2022\\\/06\\\/Sir-Lady-Amour.jpg\",\"contentUrl\":\"https:\\\/\\\/craftygenesindonesia.com\\\/wp-content\\\/uploads\\\/2022\\\/06\\\/Sir-Lady-Amour.jpg\",\"width\":1080,\"height\":1080,\"caption\":\"crochet bride and groom\"},{\"@type\":\"BreadcrumbList\",\"@id\":\"https:\\\/\\\/craftygenesindonesia.com\\\/es\\\/shop\\\/senoras-y-senores\\\/sir-lady-amour\\\/#breadcrumb\",\"itemListElement\":[{\"@type\":\"ListItem\",\"position\":1,\"name\":\"Home\",\"item\":\"https:\\\/\\\/craftygenesindonesia.com\\\/es\\\/\"},{\"@type\":\"ListItem\",\"position\":2,\"name\":\"Tienda de patrones\",\"item\":\"https:\\\/\\\/craftygenesindonesia.com\\\/es\\\/tienda-de-patrones\\\/\"},{\"@type\":\"ListItem\",\"position\":3,\"name\":\"Sir y Lady Amour\"}]},{\"@type\":\"WebSite\",\"@id\":\"https:\\\/\\\/craftygenesindonesia.com\\\/es\\\/#website\",\"url\":\"https:\\\/\\\/craftygenesindonesia.com\\\/es\\\/\",\"name\":\"Craftygenesindonesia\",\"description\":\"\",\"publisher\":{\"@id\":\"https:\\\/\\\/craftygenesindonesia.com\\\/es\\\/#organization\"},\"potentialAction\":[{\"@type\":\"SearchAction\",\"target\":{\"@type\":\"EntryPoint\",\"urlTemplate\":\"https:\\\/\\\/craftygenesindonesia.com\\\/es\\\/?s={search_term_string}\"},\"query-input\":{\"@type\":\"PropertyValueSpecification\",\"valueRequired\":true,\"valueName\":\"search_term_string\"}}],\"inLanguage\":\"es\"},{\"@type\":\"Organization\",\"@id\":\"https:\\\/\\\/craftygenesindonesia.com\\\/es\\\/#organization\",\"name\":\"Craftygenesindonesia\",\"url\":\"https:\\\/\\\/craftygenesindonesia.com\\\/es\\\/\",\"logo\":{\"@type\":\"ImageObject\",\"inLanguage\":\"es\",\"@id\":\"https:\\\/\\\/craftygenesindonesia.com\\\/es\\\/#\\\/schema\\\/logo\\\/image\\\/\",\"url\":\"https:\\\/\\\/craftygenesindonesia.com\\\/wp-content\\\/uploads\\\/2025\\\/11\\\/cropped-Copy-of-Craftygenesindonesia.jpg\",\"contentUrl\":\"https:\\\/\\\/craftygenesindonesia.com\\\/wp-content\\\/uploads\\\/2025\\\/11\\\/cropped-Copy-of-Craftygenesindonesia.jpg\",\"width\":180,\"height\":60,\"caption\":\"Craftygenesindonesia\"},\"image\":{\"@id\":\"https:\\\/\\\/craftygenesindonesia.com\\\/es\\\/#\\\/schema\\\/logo\\\/image\\\/\"}}]}<\/script>\n<!-- \/ Yoast SEO plugin. -->","yoast_head_json":{"title":"Sir y Lady Amour patr\u00f3n de ganchillo - Craftygenesindonesia","description":"Pida mi patr\u00f3n de ganchillo \"Sir & Lady Amour\" aqu\u00ed. El patr\u00f3n de ganchillo para novios tambi\u00e9n est\u00e1 disponible en Haked, Etsy y Ravelry.","robots":{"index":"index","follow":"follow","max-snippet":"max-snippet:-1","max-image-preview":"max-image-preview:large","max-video-preview":"max-video-preview:-1"},"canonical":"https:\/\/craftygenesindonesia.com\/es\/shop\/senoras-y-senores\/sir-lady-amour\/","og_locale":"es_ES","og_type":"article","og_title":"Sir & Lady Amour patr\u00f3n de ganchillo para novios","og_description":"Pida mi patr\u00f3n de ganchillo \"Sir & Lady Amour\" aqu\u00ed. El patr\u00f3n de ganchillo para novios tambi\u00e9n est\u00e1 disponible en Haked, Etsy y Ravelry.","og_url":"https:\/\/craftygenesindonesia.com\/es\/shop\/senoras-y-senores\/sir-lady-amour\/","og_site_name":"Craftygenesindonesia","article_modified_time":"2025-11-14T02:15:57+00:00","og_image":[{"width":1080,"height":1080,"url":"https:\/\/craftygenesindonesia.com\/wp-content\/uploads\/2022\/06\/Sir-Lady-Amour.jpg","type":"image\/jpeg"}],"twitter_card":"summary_large_image","twitter_misc":{"Tiempo de lectura":"1 minuto"},"schema":{"@context":"https:\/\/schema.org","@graph":[{"@type":"WebPage","@id":"https:\/\/craftygenesindonesia.com\/es\/shop\/senoras-y-senores\/sir-lady-amour\/","url":"https:\/\/craftygenesindonesia.com\/es\/shop\/senoras-y-senores\/sir-lady-amour\/","name":"Sir y Lady Amour patr\u00f3n de ganchillo - Craftygenesindonesia","isPartOf":{"@id":"https:\/\/craftygenesindonesia.com\/es\/#website"},"primaryImageOfPage":{"@id":"https:\/\/craftygenesindonesia.com\/es\/shop\/senoras-y-senores\/sir-lady-amour\/#primaryimage"},"image":{"@id":"https:\/\/craftygenesindonesia.com\/es\/shop\/senoras-y-senores\/sir-lady-amour\/#primaryimage"},"thumbnailUrl":"https:\/\/craftygenesindonesia.com\/wp-content\/uploads\/2022\/06\/Sir-Lady-Amour.jpg","datePublished":"2022-06-23T12:43:25+00:00","dateModified":"2025-11-14T02:15:57+00:00","description":"Pida mi patr\u00f3n de ganchillo \"Sir & Lady Amour\" aqu\u00ed. El patr\u00f3n de ganchillo para novios tambi\u00e9n est\u00e1 disponible en Haked, Etsy y Ravelry.","breadcrumb":{"@id":"https:\/\/craftygenesindonesia.com\/es\/shop\/senoras-y-senores\/sir-lady-amour\/#breadcrumb"},"inLanguage":"es","potentialAction":[{"@type":"ReadAction","target":["https:\/\/craftygenesindonesia.com\/es\/shop\/senoras-y-senores\/sir-lady-amour\/"]}]},{"@type":"ImageObject","inLanguage":"es","@id":"https:\/\/craftygenesindonesia.com\/es\/shop\/senoras-y-senores\/sir-lady-amour\/#primaryimage","url":"https:\/\/craftygenesindonesia.com\/wp-content\/uploads\/2022\/06\/Sir-Lady-Amour.jpg","contentUrl":"https:\/\/craftygenesindonesia.com\/wp-content\/uploads\/2022\/06\/Sir-Lady-Amour.jpg","width":1080,"height":1080,"caption":"crochet bride and groom"},{"@type":"BreadcrumbList","@id":"https:\/\/craftygenesindonesia.com\/es\/shop\/senoras-y-senores\/sir-lady-amour\/#breadcrumb","itemListElement":[{"@type":"ListItem","position":1,"name":"Home","item":"https:\/\/craftygenesindonesia.com\/es\/"},{"@type":"ListItem","position":2,"name":"Tienda de patrones","item":"https:\/\/craftygenesindonesia.com\/es\/tienda-de-patrones\/"},{"@type":"ListItem","position":3,"name":"Sir y Lady Amour"}]},{"@type":"WebSite","@id":"https:\/\/craftygenesindonesia.com\/es\/#website","url":"https:\/\/craftygenesindonesia.com\/es\/","name":"Craftygenesindonesia","description":"","publisher":{"@id":"https:\/\/craftygenesindonesia.com\/es\/#organization"},"potentialAction":[{"@type":"SearchAction","target":{"@type":"EntryPoint","urlTemplate":"https:\/\/craftygenesindonesia.com\/es\/?s={search_term_string}"},"query-input":{"@type":"PropertyValueSpecification","valueRequired":true,"valueName":"search_term_string"}}],"inLanguage":"es"},{"@type":"Organization","@id":"https:\/\/craftygenesindonesia.com\/es\/#organization","name":"Craftygenesindonesia","url":"https:\/\/craftygenesindonesia.com\/es\/","logo":{"@type":"ImageObject","inLanguage":"es","@id":"https:\/\/craftygenesindonesia.com\/es\/#\/schema\/logo\/image\/","url":"https:\/\/craftygenesindonesia.com\/wp-content\/uploads\/2025\/11\/cropped-Copy-of-Craftygenesindonesia.jpg","contentUrl":"https:\/\/craftygenesindonesia.com\/wp-content\/uploads\/2025\/11\/cropped-Copy-of-Craftygenesindonesia.jpg","width":180,"height":60,"caption":"Craftygenesindonesia"},"image":{"@id":"https:\/\/craftygenesindonesia.com\/es\/#\/schema\/logo\/image\/"}}]}},"_links":{"self":[{"href":"https:\/\/craftygenesindonesia.com\/es\/wp-json\/wp\/v2\/product\/17945","targetHints":{"allow":["GET"]}}],"collection":[{"href":"https:\/\/craftygenesindonesia.com\/es\/wp-json\/wp\/v2\/product"}],"about":[{"href":"https:\/\/craftygenesindonesia.com\/es\/wp-json\/wp\/v2\/types\/product"}],"replies":[{"embeddable":true,"href":"https:\/\/craftygenesindonesia.com\/es\/wp-json\/wp\/v2\/comments?post=17945"}],"wp:featuredmedia":[{"embeddable":true,"href":"https:\/\/craftygenesindonesia.com\/es\/wp-json\/wp\/v2\/media\/987520756"}],"wp:attachment":[{"href":"https:\/\/craftygenesindonesia.com\/es\/wp-json\/wp\/v2\/media?parent=17945"}],"wp:term":[{"taxonomy":"product_brand","embeddable":true,"href":"https:\/\/craftygenesindonesia.com\/es\/wp-json\/wp\/v2\/product_brand?post=17945"},{"taxonomy":"product_cat","embeddable":true,"href":"https:\/\/craftygenesindonesia.com\/es\/wp-json\/wp\/v2\/product_cat?post=17945"},{"taxonomy":"product_tag","embeddable":true,"href":"https:\/\/craftygenesindonesia.com\/es\/wp-json\/wp\/v2\/product_tag?post=17945"}],"curies":[{"name":"wp","href":"https:\/\/api.w.org\/{rel}","templated":true}]}}