{"id":17936,"date":"2022-06-23T21:19:29","date_gmt":"2022-06-23T13:19:29","guid":{"rendered":"https:\/\/craftygenesindonesia.com\/?post_type=product&#038;p=17936"},"modified":"2026-02-21T18:22:46","modified_gmt":"2026-02-21T10:22:46","slug":"el-belen-de-craftygenesindonesia","status":"publish","type":"product","link":"https:\/\/craftygenesindonesia.com\/es\/shop\/navidad\/el-belen-de-craftygenesindonesia\/","title":{"rendered":"El bel\u00e9n de Craftygenesindonesia"},"content":{"rendered":"<p>En este patr\u00f3n encontrar\u00e1s los patrones de:<\/p>\n<p>*El Ni\u00f1o Jes\u00fas, Mar\u00eda y Jos\u00e9<\/p>\n<p>*Los tres reyes magos<\/p>\n<p>*Un pastor con sus ovejas<\/p>\n<p>*El buey y el asno<\/p>\n<p>*Un establo con \u00e1ngel y estrella de Bel\u00e9n<\/p>\n<p>*Un camello<\/p>\n<p>Todos est\u00e1n hechos con hilo de peso &#8220;FINGERING&#8221; como Catona, Durable Coral<\/p>\n<p>Aguja de ganchillo: 2mm<\/p>\n<p>El ni\u00f1o Jes\u00fas mide 7 cm de largo<\/p>\n<p>Mar\u00eda y el \u00e1ngel miden 15 cm de alto<\/p>\n<p>Jos\u00e9 y todos los dem\u00e1s hombres del libro electr\u00f3nico miden 17 cm.<\/p>\n<p>El buey y el burro miden 13 cm de alto<\/p>\n<p>El camello mide 19 cm de alto<\/p>\n<p>El tama\u00f1o del establo es de 25 cm (alto) x 24 cm (ancho) x 15 cm (fondo) o<\/p>\n<p>9.8&#8243;H x 9.4&#8243;W x 5.9&#8243;D<\/p>\n<p>Este patr\u00f3n es un patr\u00f3n escrito con un mont\u00f3n de fotos para ayudarle. Si tiene alguna pregunta, env\u00edeme un mensaje a: craftygenesindonesia@gmail.com<\/p>\n<p><strong>-Este patr\u00f3n es s\u00f3lo para uso personal y tiene un COPYRIGHT en \u00e9l. Por lo tanto, el patr\u00f3n no puede ser copiado, vendido, revendido, traducido, reclamado como su dise\u00f1o, distribuido, compartido, publicado, publicado en l\u00ednea en cualquier forma sin mi permiso. Ni siquiera una parte!<\/strong><\/p>\n<p><strong>-Puede vender el producto acabado en peque\u00f1as cantidades, PERO NO EL PROPIO PATR\u00d3N. Menciona que el patr\u00f3n es de Craftygenesindonesia y d\u00f3nde se puede comprar <\/strong><\/p>\n","protected":false},"excerpt":{"rendered":"<p>Este es un patr\u00f3n de ganchillo f\u00e1cil de seguir para un precioso bel\u00e9n de ganchillo. Un patr\u00f3n imprescindible para los amantes de los belenes.<\/p>\n<p>**Este patr\u00f3n incluye a Jes\u00fas en su pesebre, Mar\u00eda, Jos\u00e9, un buey y un burro, los tres reyes magos, un pastor y sus ovejas, la roca sobre la que est\u00e1 la ovejita beb\u00e9, un pesebre, una estrella y un \u00e1ngel y un camello.<\/p>\n","protected":false},"featured_media":987529927,"comment_status":"open","ping_status":"closed","template":"","meta":{"_acf_changed":false},"product_brand":[],"product_cat":[3047,3061,3077],"product_tag":[8553,11727,8707,11416,10344,10347,12090,12092,11027,10090,12096,11400,10346,10359,11349,11305,11503,12093,12094],"class_list":{"0":"post-17936","1":"product","2":"type-product","3":"status-publish","4":"has-post-thumbnail","6":"product_cat-navidad","7":"product_cat-belenes","8":"product_cat-religioso","9":"product_tag-3-sabios","10":"product_tag-alas","11":"product_tag-angel-es","12":"product_tag-buey","13":"product_tag-burro-es","14":"product_tag-camello-es","15":"product_tag-catholic-es","16":"product_tag-christian-es","17":"product_tag-cuna","18":"product_tag-jesus-es","19":"product_tag-joseph-es","20":"product_tag-nuestra-senora-es","21":"product_tag-ovejas-es","22":"product_tag-pastor-es","23":"product_tag-pesebre-es","24":"product_tag-rey-es-2","25":"product_tag-roca","26":"product_tag-stable-es","27":"product_tag-star-es","28":"pa_available_on-craftygenesindonesia","29":"pa_available_on-etsy","30":"pa_available_on-haked-nl","31":"pa_available_on-payhip","32":"pa_available_on-ravelry","33":"pa_languages-aleman","34":"pa_languages-espanol","35":"pa_languages-estados-unidos-ingles","36":"pa_languages-frances","37":"pa_languages-holandes","38":"pa_languages-italiano","40":"first","41":"instock","42":"downloadable","43":"virtual","44":"purchasable","45":"product-type-simple"},"acf":[],"yoast_head":"<!-- This site is optimized with the Yoast SEO plugin v27.3 - https:\/\/yoast.com\/product\/yoast-seo-wordpress\/ -->\n<title>El bel\u00e9n de Craftygenesindonesia patr\u00f3n de ganchillo - Craftygenesindonesia<\/title>\n<meta name=\"description\" content=\"Compra aqu\u00ed mi bel\u00e9n de Craftygenesindonesia. El patr\u00f3n de ganchillo tambi\u00e9n est\u00e1 disponible en Etsy, Haked.nl, Ravelry y Payhip\" \/>\n<meta name=\"robots\" content=\"index, follow, max-snippet:-1, max-image-preview:large, max-video-preview:-1\" \/>\n<link rel=\"canonical\" href=\"https:\/\/craftygenesindonesia.com\/es\/shop\/navidad\/el-belen-de-craftygenesindonesia\/\" \/>\n<meta property=\"og:locale\" content=\"es_ES\" \/>\n<meta property=\"og:type\" content=\"article\" \/>\n<meta property=\"og:title\" content=\"Bel\u00e9n Craftygenesindonesia\" \/>\n<meta property=\"og:description\" content=\"Compra aqu\u00ed mi bel\u00e9n de Craftygenesindonesia. El patr\u00f3n de ganchillo tambi\u00e9n est\u00e1 disponible en Etsy, Haked.nl, Ravelry y Payhip\" \/>\n<meta property=\"og:url\" content=\"https:\/\/craftygenesindonesia.com\/es\/shop\/navidad\/el-belen-de-craftygenesindonesia\/\" \/>\n<meta property=\"og:site_name\" content=\"Craftygenesindonesia\" \/>\n<meta property=\"article:modified_time\" content=\"2026-02-21T10:22:46+00:00\" \/>\n<meta property=\"og:image\" content=\"https:\/\/craftygenesindonesia.com\/wp-content\/uploads\/2022\/06\/Craftygenesindonesia-2-300x300.jpg\" \/>\n<meta name=\"twitter:card\" content=\"summary_large_image\" \/>\n<meta name=\"twitter:label1\" content=\"Tiempo de lectura\" \/>\n\t<meta name=\"twitter:data1\" content=\"2 minutos\" \/>\n<script type=\"application\/ld+json\" class=\"yoast-schema-graph\">{\"@context\":\"https:\\\/\\\/schema.org\",\"@graph\":[{\"@type\":\"WebPage\",\"@id\":\"https:\\\/\\\/craftygenesindonesia.com\\\/es\\\/shop\\\/navidad\\\/el-belen-de-craftygenesindonesia\\\/\",\"url\":\"https:\\\/\\\/craftygenesindonesia.com\\\/es\\\/shop\\\/navidad\\\/el-belen-de-craftygenesindonesia\\\/\",\"name\":\"El bel\u00e9n de Craftygenesindonesia patr\u00f3n de ganchillo - Craftygenesindonesia\",\"isPartOf\":{\"@id\":\"https:\\\/\\\/craftygenesindonesia.com\\\/es\\\/#website\"},\"primaryImageOfPage\":{\"@id\":\"https:\\\/\\\/craftygenesindonesia.com\\\/es\\\/shop\\\/navidad\\\/el-belen-de-craftygenesindonesia\\\/#primaryimage\"},\"image\":{\"@id\":\"https:\\\/\\\/craftygenesindonesia.com\\\/es\\\/shop\\\/navidad\\\/el-belen-de-craftygenesindonesia\\\/#primaryimage\"},\"thumbnailUrl\":\"https:\\\/\\\/craftygenesindonesia.com\\\/wp-content\\\/uploads\\\/2022\\\/06\\\/Craftygenesindonesia-2.jpg\",\"datePublished\":\"2022-06-23T13:19:29+00:00\",\"dateModified\":\"2026-02-21T10:22:46+00:00\",\"description\":\"Compra aqu\u00ed mi bel\u00e9n de Craftygenesindonesia. El patr\u00f3n de ganchillo tambi\u00e9n est\u00e1 disponible en Etsy, Haked.nl, Ravelry y Payhip\",\"breadcrumb\":{\"@id\":\"https:\\\/\\\/craftygenesindonesia.com\\\/es\\\/shop\\\/navidad\\\/el-belen-de-craftygenesindonesia\\\/#breadcrumb\"},\"inLanguage\":\"es\",\"potentialAction\":[{\"@type\":\"ReadAction\",\"target\":[\"https:\\\/\\\/craftygenesindonesia.com\\\/es\\\/shop\\\/navidad\\\/el-belen-de-craftygenesindonesia\\\/\"]}]},{\"@type\":\"ImageObject\",\"inLanguage\":\"es\",\"@id\":\"https:\\\/\\\/craftygenesindonesia.com\\\/es\\\/shop\\\/navidad\\\/el-belen-de-craftygenesindonesia\\\/#primaryimage\",\"url\":\"https:\\\/\\\/craftygenesindonesia.com\\\/wp-content\\\/uploads\\\/2022\\\/06\\\/Craftygenesindonesia-2.jpg\",\"contentUrl\":\"https:\\\/\\\/craftygenesindonesia.com\\\/wp-content\\\/uploads\\\/2022\\\/06\\\/Craftygenesindonesia-2.jpg\",\"width\":1080,\"height\":1080,\"caption\":\"crochet nativity set with crochet Jesus, Mary, Joseph, Camel, three wise men, shepherd, sheep, donkey, ox, angel, star, stable\"},{\"@type\":\"BreadcrumbList\",\"@id\":\"https:\\\/\\\/craftygenesindonesia.com\\\/es\\\/shop\\\/navidad\\\/el-belen-de-craftygenesindonesia\\\/#breadcrumb\",\"itemListElement\":[{\"@type\":\"ListItem\",\"position\":1,\"name\":\"Home\",\"item\":\"https:\\\/\\\/craftygenesindonesia.com\\\/es\\\/\"},{\"@type\":\"ListItem\",\"position\":2,\"name\":\"Tienda de patrones\",\"item\":\"https:\\\/\\\/craftygenesindonesia.com\\\/es\\\/tienda-de-patrones\\\/\"},{\"@type\":\"ListItem\",\"position\":3,\"name\":\"El bel\u00e9n de Craftygenesindonesia\"}]},{\"@type\":\"WebSite\",\"@id\":\"https:\\\/\\\/craftygenesindonesia.com\\\/es\\\/#website\",\"url\":\"https:\\\/\\\/craftygenesindonesia.com\\\/es\\\/\",\"name\":\"Craftygenesindonesia\",\"description\":\"\",\"publisher\":{\"@id\":\"https:\\\/\\\/craftygenesindonesia.com\\\/es\\\/#organization\"},\"potentialAction\":[{\"@type\":\"SearchAction\",\"target\":{\"@type\":\"EntryPoint\",\"urlTemplate\":\"https:\\\/\\\/craftygenesindonesia.com\\\/es\\\/?s={search_term_string}\"},\"query-input\":{\"@type\":\"PropertyValueSpecification\",\"valueRequired\":true,\"valueName\":\"search_term_string\"}}],\"inLanguage\":\"es\"},{\"@type\":\"Organization\",\"@id\":\"https:\\\/\\\/craftygenesindonesia.com\\\/es\\\/#organization\",\"name\":\"Craftygenesindonesia\",\"url\":\"https:\\\/\\\/craftygenesindonesia.com\\\/es\\\/\",\"logo\":{\"@type\":\"ImageObject\",\"inLanguage\":\"es\",\"@id\":\"https:\\\/\\\/craftygenesindonesia.com\\\/es\\\/#\\\/schema\\\/logo\\\/image\\\/\",\"url\":\"https:\\\/\\\/craftygenesindonesia.com\\\/wp-content\\\/uploads\\\/2025\\\/11\\\/cropped-Copy-of-Craftygenesindonesia.jpg\",\"contentUrl\":\"https:\\\/\\\/craftygenesindonesia.com\\\/wp-content\\\/uploads\\\/2025\\\/11\\\/cropped-Copy-of-Craftygenesindonesia.jpg\",\"width\":180,\"height\":60,\"caption\":\"Craftygenesindonesia\"},\"image\":{\"@id\":\"https:\\\/\\\/craftygenesindonesia.com\\\/es\\\/#\\\/schema\\\/logo\\\/image\\\/\"}}]}<\/script>\n<!-- \/ Yoast SEO plugin. -->","yoast_head_json":{"title":"El bel\u00e9n de Craftygenesindonesia patr\u00f3n de ganchillo - Craftygenesindonesia","description":"Compra aqu\u00ed mi bel\u00e9n de Craftygenesindonesia. El patr\u00f3n de ganchillo tambi\u00e9n est\u00e1 disponible en Etsy, Haked.nl, Ravelry y Payhip","robots":{"index":"index","follow":"follow","max-snippet":"max-snippet:-1","max-image-preview":"max-image-preview:large","max-video-preview":"max-video-preview:-1"},"canonical":"https:\/\/craftygenesindonesia.com\/es\/shop\/navidad\/el-belen-de-craftygenesindonesia\/","og_locale":"es_ES","og_type":"article","og_title":"Bel\u00e9n Craftygenesindonesia","og_description":"Compra aqu\u00ed mi bel\u00e9n de Craftygenesindonesia. El patr\u00f3n de ganchillo tambi\u00e9n est\u00e1 disponible en Etsy, Haked.nl, Ravelry y Payhip","og_url":"https:\/\/craftygenesindonesia.com\/es\/shop\/navidad\/el-belen-de-craftygenesindonesia\/","og_site_name":"Craftygenesindonesia","article_modified_time":"2026-02-21T10:22:46+00:00","og_image":[{"url":"https:\/\/craftygenesindonesia.com\/wp-content\/uploads\/2022\/06\/Craftygenesindonesia-2-300x300.jpg","type":"","width":"","height":""}],"twitter_card":"summary_large_image","twitter_misc":{"Tiempo de lectura":"2 minutos"},"schema":{"@context":"https:\/\/schema.org","@graph":[{"@type":"WebPage","@id":"https:\/\/craftygenesindonesia.com\/es\/shop\/navidad\/el-belen-de-craftygenesindonesia\/","url":"https:\/\/craftygenesindonesia.com\/es\/shop\/navidad\/el-belen-de-craftygenesindonesia\/","name":"El bel\u00e9n de Craftygenesindonesia patr\u00f3n de ganchillo - Craftygenesindonesia","isPartOf":{"@id":"https:\/\/craftygenesindonesia.com\/es\/#website"},"primaryImageOfPage":{"@id":"https:\/\/craftygenesindonesia.com\/es\/shop\/navidad\/el-belen-de-craftygenesindonesia\/#primaryimage"},"image":{"@id":"https:\/\/craftygenesindonesia.com\/es\/shop\/navidad\/el-belen-de-craftygenesindonesia\/#primaryimage"},"thumbnailUrl":"https:\/\/craftygenesindonesia.com\/wp-content\/uploads\/2022\/06\/Craftygenesindonesia-2.jpg","datePublished":"2022-06-23T13:19:29+00:00","dateModified":"2026-02-21T10:22:46+00:00","description":"Compra aqu\u00ed mi bel\u00e9n de Craftygenesindonesia. El patr\u00f3n de ganchillo tambi\u00e9n est\u00e1 disponible en Etsy, Haked.nl, Ravelry y Payhip","breadcrumb":{"@id":"https:\/\/craftygenesindonesia.com\/es\/shop\/navidad\/el-belen-de-craftygenesindonesia\/#breadcrumb"},"inLanguage":"es","potentialAction":[{"@type":"ReadAction","target":["https:\/\/craftygenesindonesia.com\/es\/shop\/navidad\/el-belen-de-craftygenesindonesia\/"]}]},{"@type":"ImageObject","inLanguage":"es","@id":"https:\/\/craftygenesindonesia.com\/es\/shop\/navidad\/el-belen-de-craftygenesindonesia\/#primaryimage","url":"https:\/\/craftygenesindonesia.com\/wp-content\/uploads\/2022\/06\/Craftygenesindonesia-2.jpg","contentUrl":"https:\/\/craftygenesindonesia.com\/wp-content\/uploads\/2022\/06\/Craftygenesindonesia-2.jpg","width":1080,"height":1080,"caption":"crochet nativity set with crochet Jesus, Mary, Joseph, Camel, three wise men, shepherd, sheep, donkey, ox, angel, star, stable"},{"@type":"BreadcrumbList","@id":"https:\/\/craftygenesindonesia.com\/es\/shop\/navidad\/el-belen-de-craftygenesindonesia\/#breadcrumb","itemListElement":[{"@type":"ListItem","position":1,"name":"Home","item":"https:\/\/craftygenesindonesia.com\/es\/"},{"@type":"ListItem","position":2,"name":"Tienda de patrones","item":"https:\/\/craftygenesindonesia.com\/es\/tienda-de-patrones\/"},{"@type":"ListItem","position":3,"name":"El bel\u00e9n de Craftygenesindonesia"}]},{"@type":"WebSite","@id":"https:\/\/craftygenesindonesia.com\/es\/#website","url":"https:\/\/craftygenesindonesia.com\/es\/","name":"Craftygenesindonesia","description":"","publisher":{"@id":"https:\/\/craftygenesindonesia.com\/es\/#organization"},"potentialAction":[{"@type":"SearchAction","target":{"@type":"EntryPoint","urlTemplate":"https:\/\/craftygenesindonesia.com\/es\/?s={search_term_string}"},"query-input":{"@type":"PropertyValueSpecification","valueRequired":true,"valueName":"search_term_string"}}],"inLanguage":"es"},{"@type":"Organization","@id":"https:\/\/craftygenesindonesia.com\/es\/#organization","name":"Craftygenesindonesia","url":"https:\/\/craftygenesindonesia.com\/es\/","logo":{"@type":"ImageObject","inLanguage":"es","@id":"https:\/\/craftygenesindonesia.com\/es\/#\/schema\/logo\/image\/","url":"https:\/\/craftygenesindonesia.com\/wp-content\/uploads\/2025\/11\/cropped-Copy-of-Craftygenesindonesia.jpg","contentUrl":"https:\/\/craftygenesindonesia.com\/wp-content\/uploads\/2025\/11\/cropped-Copy-of-Craftygenesindonesia.jpg","width":180,"height":60,"caption":"Craftygenesindonesia"},"image":{"@id":"https:\/\/craftygenesindonesia.com\/es\/#\/schema\/logo\/image\/"}}]}},"_links":{"self":[{"href":"https:\/\/craftygenesindonesia.com\/es\/wp-json\/wp\/v2\/product\/17936","targetHints":{"allow":["GET"]}}],"collection":[{"href":"https:\/\/craftygenesindonesia.com\/es\/wp-json\/wp\/v2\/product"}],"about":[{"href":"https:\/\/craftygenesindonesia.com\/es\/wp-json\/wp\/v2\/types\/product"}],"replies":[{"embeddable":true,"href":"https:\/\/craftygenesindonesia.com\/es\/wp-json\/wp\/v2\/comments?post=17936"}],"wp:featuredmedia":[{"embeddable":true,"href":"https:\/\/craftygenesindonesia.com\/es\/wp-json\/wp\/v2\/media\/987529927"}],"wp:attachment":[{"href":"https:\/\/craftygenesindonesia.com\/es\/wp-json\/wp\/v2\/media?parent=17936"}],"wp:term":[{"taxonomy":"product_brand","embeddable":true,"href":"https:\/\/craftygenesindonesia.com\/es\/wp-json\/wp\/v2\/product_brand?post=17936"},{"taxonomy":"product_cat","embeddable":true,"href":"https:\/\/craftygenesindonesia.com\/es\/wp-json\/wp\/v2\/product_cat?post=17936"},{"taxonomy":"product_tag","embeddable":true,"href":"https:\/\/craftygenesindonesia.com\/es\/wp-json\/wp\/v2\/product_tag?post=17936"}],"curies":[{"name":"wp","href":"https:\/\/api.w.org\/{rel}","templated":true}]}}