{"id":17924,"date":"2022-06-24T08:15:57","date_gmt":"2022-06-24T00:15:57","guid":{"rendered":"https:\/\/craftygenesindonesia.com\/?post_type=product&#038;p=17924"},"modified":"2026-01-14T07:58:28","modified_gmt":"2026-01-13T23:58:28","slug":"el-pastor-y-sus-ovejas","status":"publish","type":"product","link":"https:\/\/craftygenesindonesia.com\/es\/shop\/navidad\/el-pastor-y-sus-ovejas\/","title":{"rendered":"El pastor y sus ovejas"},"content":{"rendered":"<p><strong>Pastor y ovejas<\/strong><\/p>\n<p>&nbsp;<\/p>\n<p>Tipo de archivo: patr\u00f3n de ganchillo &#8211; descarga digital, no es un art\u00edculo f\u00edsico.<br \/>\n<strong>Idiomas disponibles: ingl\u00e9s, neerland\u00e9s, franc\u00e9s, espa\u00f1ol, portugu\u00e9s e italiano.<\/strong><\/p>\n<p>&nbsp;<\/p>\n<p><strong>Tama\u00f1o del art\u00edculo terminado: <\/strong><br \/>\nEl pastor mide 17 cm (6,7 pulgadas) de alto.<br \/>\nLa oveja grande mide 11 cm (4,3 pulgadas) de alto.<br \/>\nLa oveja peque\u00f1a sobre la roca mide 9 cm (3,5 pulgadas) de alto (incluida la roca).<\/p>\n<p>&nbsp;<\/p>\n<p><strong>Tipo de hilo:<\/strong> hilo de grosor \u00abfingering\u00bb = tama\u00f1o 3<br \/>\n<strong>Marcas recomendadas:<\/strong> Catona de Scheepjes, Durable Coral.<br \/>\n<strong>Colores de hilo necesarios:<\/strong> color piel, blanco, gris claro, gris, mostaza, marr\u00f3n oscuro.<\/p>\n<p>&nbsp;<\/p>\n<p><strong>Ganchillo<\/strong>: 2 mm.<\/p>\n<p>&nbsp;<\/p>\n<p><strong>Informaci\u00f3n sobre derechos de autor y ayuda:<\/strong><br \/>\nEste patr\u00f3n es un patr\u00f3n escrito (digital) con muchas im\u00e1genes para ayudarte. Si tienes alguna pregunta sobre el patr\u00f3n, env\u00edame un correo electr\u00f3nico a craftygenesindonesia@gmail.com<\/p>\n<p>&nbsp;<\/p>\n<p><strong>Este patr\u00f3n digital de ganchillo es solo para uso personal y tiene derechos de autor. Por lo tanto, no puedes copiarlo, venderlo, revenderlo, traducirlo, reclamarlo como tu propio dise\u00f1o, distribuirlo, compartirlo, publicarlo, solo publicarlo&#8230; de ninguna manera ni forma sin mi permiso. \u00a1Ni siquiera una parte!<\/strong><\/p>\n<p>&nbsp;<\/p>\n<p><strong>Se permite vender el producto o art\u00edculo terminado, en peque\u00f1as cantidades, pero no se permite vender el patr\u00f3n de ganchillo en s\u00ed. Mencione que el patr\u00f3n de ganchillo es m\u00edo, Craftygenesindonesia, y d\u00f3nde se puede comprar.<\/strong><\/p>\n","protected":false},"excerpt":{"rendered":"<p>Este es un patr\u00f3n de ganchillo f\u00e1cil de seguir para el buey y el burro de mi patr\u00f3n de ganchillo para <a href=\"https:\/\/craftygenesindonesia.com\/es\/producto\/el-belen-de-craftygenesindonesia\/\" target=\"_blank\" rel=\"noopener\"><strong>El bel\u00e9n de Craftyindonesia<\/strong><\/a><\/p>\n","protected":false},"featured_media":987535869,"comment_status":"open","ping_status":"closed","template":"","meta":{"_acf_changed":false},"product_brand":[],"product_cat":[3047,3061],"product_tag":[11672,12088,10346,10359,11503],"class_list":{"0":"post-17924","1":"product","2":"type-product","3":"status-publish","4":"has-post-thumbnail","6":"product_cat-navidad","7":"product_cat-belenes","8":"product_tag-baston","9":"product_tag-nativity-es","10":"product_tag-ovejas-es","11":"product_tag-pastor-es","12":"product_tag-roca","13":"pa_available_on-craftygenesindonesia","14":"pa_available_on-etsy","15":"pa_available_on-haked-nl","16":"pa_available_on-payhip","17":"pa_available_on-ravelry","18":"pa_languages-espanol","19":"pa_languages-estados-unidos-ingles","20":"pa_languages-frances","21":"pa_languages-holandes","22":"pa_languages-italiano","23":"pa_languages-portugues","25":"first","26":"instock","27":"downloadable","28":"virtual","29":"purchasable","30":"product-type-simple"},"acf":[],"yoast_head":"<!-- This site is optimized with the Yoast SEO plugin v27.3 - https:\/\/yoast.com\/product\/yoast-seo-wordpress\/ -->\n<title>El pastor y sus ovejas patr\u00f3n de ganchillo - Craftygenesindonesia<\/title>\n<meta name=\"description\" content=\"Encargue aqu\u00ed mi patr\u00f3n de ganchillo &quot;El pastor y su oveja&quot;. El patr\u00f3n, f\u00e1cil de seguir, tambi\u00e9n est\u00e1 disponible en Haked, Etsy, Ravelry, Payhip\" \/>\n<meta name=\"robots\" content=\"index, follow, max-snippet:-1, max-image-preview:large, max-video-preview:-1\" \/>\n<link rel=\"canonical\" href=\"https:\/\/craftygenesindonesia.com\/es\/shop\/navidad\/el-pastor-y-sus-ovejas\/\" \/>\n<meta property=\"og:locale\" content=\"es_ES\" \/>\n<meta property=\"og:type\" content=\"article\" \/>\n<meta property=\"og:title\" content=\"Patr\u00f3n de ganchillo &quot;El pastor y su oveja&quot;\" \/>\n<meta property=\"og:description\" content=\"Encargue aqu\u00ed mi patr\u00f3n de ganchillo &quot;El pastor y su oveja&quot;. El patr\u00f3n, f\u00e1cil de seguir, tambi\u00e9n est\u00e1 disponible en Haked, Etsy, Ravelry, Payhip\" \/>\n<meta property=\"og:url\" content=\"https:\/\/craftygenesindonesia.com\/es\/shop\/navidad\/el-pastor-y-sus-ovejas\/\" \/>\n<meta property=\"og:site_name\" content=\"Craftygenesindonesia\" \/>\n<meta property=\"article:modified_time\" content=\"2026-01-13T23:58:28+00:00\" \/>\n<meta property=\"og:image\" content=\"https:\/\/craftygenesindonesia.com\/wp-content\/uploads\/2022\/06\/Shepherd.jpg\" \/>\n\t<meta property=\"og:image:width\" content=\"1080\" \/>\n\t<meta property=\"og:image:height\" content=\"1080\" \/>\n\t<meta property=\"og:image:type\" content=\"image\/jpeg\" \/>\n<meta name=\"twitter:card\" content=\"summary_large_image\" \/>\n<meta name=\"twitter:label1\" content=\"Tiempo de lectura\" \/>\n\t<meta name=\"twitter:data1\" content=\"2 minutos\" \/>\n<script type=\"application\/ld+json\" class=\"yoast-schema-graph\">{\"@context\":\"https:\\\/\\\/schema.org\",\"@graph\":[{\"@type\":\"WebPage\",\"@id\":\"https:\\\/\\\/craftygenesindonesia.com\\\/es\\\/shop\\\/navidad\\\/el-pastor-y-sus-ovejas\\\/\",\"url\":\"https:\\\/\\\/craftygenesindonesia.com\\\/es\\\/shop\\\/navidad\\\/el-pastor-y-sus-ovejas\\\/\",\"name\":\"El pastor y sus ovejas patr\u00f3n de ganchillo - Craftygenesindonesia\",\"isPartOf\":{\"@id\":\"https:\\\/\\\/craftygenesindonesia.com\\\/es\\\/#website\"},\"primaryImageOfPage\":{\"@id\":\"https:\\\/\\\/craftygenesindonesia.com\\\/es\\\/shop\\\/navidad\\\/el-pastor-y-sus-ovejas\\\/#primaryimage\"},\"image\":{\"@id\":\"https:\\\/\\\/craftygenesindonesia.com\\\/es\\\/shop\\\/navidad\\\/el-pastor-y-sus-ovejas\\\/#primaryimage\"},\"thumbnailUrl\":\"https:\\\/\\\/craftygenesindonesia.com\\\/wp-content\\\/uploads\\\/2022\\\/06\\\/Shepherd.jpg\",\"datePublished\":\"2022-06-24T00:15:57+00:00\",\"dateModified\":\"2026-01-13T23:58:28+00:00\",\"description\":\"Encargue aqu\u00ed mi patr\u00f3n de ganchillo \\\"El pastor y su oveja\\\". El patr\u00f3n, f\u00e1cil de seguir, tambi\u00e9n est\u00e1 disponible en Haked, Etsy, Ravelry, Payhip\",\"breadcrumb\":{\"@id\":\"https:\\\/\\\/craftygenesindonesia.com\\\/es\\\/shop\\\/navidad\\\/el-pastor-y-sus-ovejas\\\/#breadcrumb\"},\"inLanguage\":\"es\",\"potentialAction\":[{\"@type\":\"ReadAction\",\"target\":[\"https:\\\/\\\/craftygenesindonesia.com\\\/es\\\/shop\\\/navidad\\\/el-pastor-y-sus-ovejas\\\/\"]}]},{\"@type\":\"ImageObject\",\"inLanguage\":\"es\",\"@id\":\"https:\\\/\\\/craftygenesindonesia.com\\\/es\\\/shop\\\/navidad\\\/el-pastor-y-sus-ovejas\\\/#primaryimage\",\"url\":\"https:\\\/\\\/craftygenesindonesia.com\\\/wp-content\\\/uploads\\\/2022\\\/06\\\/Shepherd.jpg\",\"contentUrl\":\"https:\\\/\\\/craftygenesindonesia.com\\\/wp-content\\\/uploads\\\/2022\\\/06\\\/Shepherd.jpg\",\"width\":1080,\"height\":1080,\"caption\":\"crochet shepherd and sheep\"},{\"@type\":\"BreadcrumbList\",\"@id\":\"https:\\\/\\\/craftygenesindonesia.com\\\/es\\\/shop\\\/navidad\\\/el-pastor-y-sus-ovejas\\\/#breadcrumb\",\"itemListElement\":[{\"@type\":\"ListItem\",\"position\":1,\"name\":\"Home\",\"item\":\"https:\\\/\\\/craftygenesindonesia.com\\\/es\\\/\"},{\"@type\":\"ListItem\",\"position\":2,\"name\":\"Tienda de patrones\",\"item\":\"https:\\\/\\\/craftygenesindonesia.com\\\/es\\\/tienda-de-patrones\\\/\"},{\"@type\":\"ListItem\",\"position\":3,\"name\":\"El pastor y sus ovejas\"}]},{\"@type\":\"WebSite\",\"@id\":\"https:\\\/\\\/craftygenesindonesia.com\\\/es\\\/#website\",\"url\":\"https:\\\/\\\/craftygenesindonesia.com\\\/es\\\/\",\"name\":\"Craftygenesindonesia\",\"description\":\"\",\"publisher\":{\"@id\":\"https:\\\/\\\/craftygenesindonesia.com\\\/es\\\/#organization\"},\"potentialAction\":[{\"@type\":\"SearchAction\",\"target\":{\"@type\":\"EntryPoint\",\"urlTemplate\":\"https:\\\/\\\/craftygenesindonesia.com\\\/es\\\/?s={search_term_string}\"},\"query-input\":{\"@type\":\"PropertyValueSpecification\",\"valueRequired\":true,\"valueName\":\"search_term_string\"}}],\"inLanguage\":\"es\"},{\"@type\":\"Organization\",\"@id\":\"https:\\\/\\\/craftygenesindonesia.com\\\/es\\\/#organization\",\"name\":\"Craftygenesindonesia\",\"url\":\"https:\\\/\\\/craftygenesindonesia.com\\\/es\\\/\",\"logo\":{\"@type\":\"ImageObject\",\"inLanguage\":\"es\",\"@id\":\"https:\\\/\\\/craftygenesindonesia.com\\\/es\\\/#\\\/schema\\\/logo\\\/image\\\/\",\"url\":\"https:\\\/\\\/craftygenesindonesia.com\\\/wp-content\\\/uploads\\\/2025\\\/11\\\/cropped-Copy-of-Craftygenesindonesia.jpg\",\"contentUrl\":\"https:\\\/\\\/craftygenesindonesia.com\\\/wp-content\\\/uploads\\\/2025\\\/11\\\/cropped-Copy-of-Craftygenesindonesia.jpg\",\"width\":180,\"height\":60,\"caption\":\"Craftygenesindonesia\"},\"image\":{\"@id\":\"https:\\\/\\\/craftygenesindonesia.com\\\/es\\\/#\\\/schema\\\/logo\\\/image\\\/\"}}]}<\/script>\n<!-- \/ Yoast SEO plugin. -->","yoast_head_json":{"title":"El pastor y sus ovejas patr\u00f3n de ganchillo - Craftygenesindonesia","description":"Encargue aqu\u00ed mi patr\u00f3n de ganchillo \"El pastor y su oveja\". El patr\u00f3n, f\u00e1cil de seguir, tambi\u00e9n est\u00e1 disponible en Haked, Etsy, Ravelry, Payhip","robots":{"index":"index","follow":"follow","max-snippet":"max-snippet:-1","max-image-preview":"max-image-preview:large","max-video-preview":"max-video-preview:-1"},"canonical":"https:\/\/craftygenesindonesia.com\/es\/shop\/navidad\/el-pastor-y-sus-ovejas\/","og_locale":"es_ES","og_type":"article","og_title":"Patr\u00f3n de ganchillo \"El pastor y su oveja\"","og_description":"Encargue aqu\u00ed mi patr\u00f3n de ganchillo \"El pastor y su oveja\". El patr\u00f3n, f\u00e1cil de seguir, tambi\u00e9n est\u00e1 disponible en Haked, Etsy, Ravelry, Payhip","og_url":"https:\/\/craftygenesindonesia.com\/es\/shop\/navidad\/el-pastor-y-sus-ovejas\/","og_site_name":"Craftygenesindonesia","article_modified_time":"2026-01-13T23:58:28+00:00","og_image":[{"width":1080,"height":1080,"url":"https:\/\/craftygenesindonesia.com\/wp-content\/uploads\/2022\/06\/Shepherd.jpg","type":"image\/jpeg"}],"twitter_card":"summary_large_image","twitter_misc":{"Tiempo de lectura":"2 minutos"},"schema":{"@context":"https:\/\/schema.org","@graph":[{"@type":"WebPage","@id":"https:\/\/craftygenesindonesia.com\/es\/shop\/navidad\/el-pastor-y-sus-ovejas\/","url":"https:\/\/craftygenesindonesia.com\/es\/shop\/navidad\/el-pastor-y-sus-ovejas\/","name":"El pastor y sus ovejas patr\u00f3n de ganchillo - Craftygenesindonesia","isPartOf":{"@id":"https:\/\/craftygenesindonesia.com\/es\/#website"},"primaryImageOfPage":{"@id":"https:\/\/craftygenesindonesia.com\/es\/shop\/navidad\/el-pastor-y-sus-ovejas\/#primaryimage"},"image":{"@id":"https:\/\/craftygenesindonesia.com\/es\/shop\/navidad\/el-pastor-y-sus-ovejas\/#primaryimage"},"thumbnailUrl":"https:\/\/craftygenesindonesia.com\/wp-content\/uploads\/2022\/06\/Shepherd.jpg","datePublished":"2022-06-24T00:15:57+00:00","dateModified":"2026-01-13T23:58:28+00:00","description":"Encargue aqu\u00ed mi patr\u00f3n de ganchillo \"El pastor y su oveja\". El patr\u00f3n, f\u00e1cil de seguir, tambi\u00e9n est\u00e1 disponible en Haked, Etsy, Ravelry, Payhip","breadcrumb":{"@id":"https:\/\/craftygenesindonesia.com\/es\/shop\/navidad\/el-pastor-y-sus-ovejas\/#breadcrumb"},"inLanguage":"es","potentialAction":[{"@type":"ReadAction","target":["https:\/\/craftygenesindonesia.com\/es\/shop\/navidad\/el-pastor-y-sus-ovejas\/"]}]},{"@type":"ImageObject","inLanguage":"es","@id":"https:\/\/craftygenesindonesia.com\/es\/shop\/navidad\/el-pastor-y-sus-ovejas\/#primaryimage","url":"https:\/\/craftygenesindonesia.com\/wp-content\/uploads\/2022\/06\/Shepherd.jpg","contentUrl":"https:\/\/craftygenesindonesia.com\/wp-content\/uploads\/2022\/06\/Shepherd.jpg","width":1080,"height":1080,"caption":"crochet shepherd and sheep"},{"@type":"BreadcrumbList","@id":"https:\/\/craftygenesindonesia.com\/es\/shop\/navidad\/el-pastor-y-sus-ovejas\/#breadcrumb","itemListElement":[{"@type":"ListItem","position":1,"name":"Home","item":"https:\/\/craftygenesindonesia.com\/es\/"},{"@type":"ListItem","position":2,"name":"Tienda de patrones","item":"https:\/\/craftygenesindonesia.com\/es\/tienda-de-patrones\/"},{"@type":"ListItem","position":3,"name":"El pastor y sus ovejas"}]},{"@type":"WebSite","@id":"https:\/\/craftygenesindonesia.com\/es\/#website","url":"https:\/\/craftygenesindonesia.com\/es\/","name":"Craftygenesindonesia","description":"","publisher":{"@id":"https:\/\/craftygenesindonesia.com\/es\/#organization"},"potentialAction":[{"@type":"SearchAction","target":{"@type":"EntryPoint","urlTemplate":"https:\/\/craftygenesindonesia.com\/es\/?s={search_term_string}"},"query-input":{"@type":"PropertyValueSpecification","valueRequired":true,"valueName":"search_term_string"}}],"inLanguage":"es"},{"@type":"Organization","@id":"https:\/\/craftygenesindonesia.com\/es\/#organization","name":"Craftygenesindonesia","url":"https:\/\/craftygenesindonesia.com\/es\/","logo":{"@type":"ImageObject","inLanguage":"es","@id":"https:\/\/craftygenesindonesia.com\/es\/#\/schema\/logo\/image\/","url":"https:\/\/craftygenesindonesia.com\/wp-content\/uploads\/2025\/11\/cropped-Copy-of-Craftygenesindonesia.jpg","contentUrl":"https:\/\/craftygenesindonesia.com\/wp-content\/uploads\/2025\/11\/cropped-Copy-of-Craftygenesindonesia.jpg","width":180,"height":60,"caption":"Craftygenesindonesia"},"image":{"@id":"https:\/\/craftygenesindonesia.com\/es\/#\/schema\/logo\/image\/"}}]}},"_links":{"self":[{"href":"https:\/\/craftygenesindonesia.com\/es\/wp-json\/wp\/v2\/product\/17924","targetHints":{"allow":["GET"]}}],"collection":[{"href":"https:\/\/craftygenesindonesia.com\/es\/wp-json\/wp\/v2\/product"}],"about":[{"href":"https:\/\/craftygenesindonesia.com\/es\/wp-json\/wp\/v2\/types\/product"}],"replies":[{"embeddable":true,"href":"https:\/\/craftygenesindonesia.com\/es\/wp-json\/wp\/v2\/comments?post=17924"}],"wp:featuredmedia":[{"embeddable":true,"href":"https:\/\/craftygenesindonesia.com\/es\/wp-json\/wp\/v2\/media\/987535869"}],"wp:attachment":[{"href":"https:\/\/craftygenesindonesia.com\/es\/wp-json\/wp\/v2\/media?parent=17924"}],"wp:term":[{"taxonomy":"product_brand","embeddable":true,"href":"https:\/\/craftygenesindonesia.com\/es\/wp-json\/wp\/v2\/product_brand?post=17924"},{"taxonomy":"product_cat","embeddable":true,"href":"https:\/\/craftygenesindonesia.com\/es\/wp-json\/wp\/v2\/product_cat?post=17924"},{"taxonomy":"product_tag","embeddable":true,"href":"https:\/\/craftygenesindonesia.com\/es\/wp-json\/wp\/v2\/product_tag?post=17924"}],"curies":[{"name":"wp","href":"https:\/\/api.w.org\/{rel}","templated":true}]}}