{"id":17865,"date":"2022-06-24T20:14:07","date_gmt":"2022-06-24T12:14:07","guid":{"rendered":"https:\/\/craftygenesindonesia.com\/?post_type=product&#038;p=17865"},"modified":"2025-11-27T07:11:57","modified_gmt":"2025-11-26T23:11:57","slug":"sr-y-sra-claus","status":"publish","type":"product","link":"https:\/\/craftygenesindonesia.com\/es\/shop\/paquetes\/sr-y-sra-claus\/","title":{"rendered":"Sr. y Sra. Claus"},"content":{"rendered":"<p><strong>Pap\u00e1 Noel y Mam\u00e1 Noel<\/strong><\/p>\n<p>Tipo de archivo: patr\u00f3n de ganchillo &#8211; descarga digital, no es un art\u00edculo f\u00edsico.<br \/>\n<strong>Idiomas disponibles: ingl\u00e9s, neerland\u00e9s, franc\u00e9s, espa\u00f1ol, italiano y portugu\u00e9s.<\/strong><\/p>\n<p>&nbsp;<\/p>\n<p>Tama\u00f1o del art\u00edculo terminado: 26 cm y 23 cm de alto (10,4&#8243; y 9,2&#8243;).<\/p>\n<p>&nbsp;<\/p>\n<p>Tipo de hilo: hilo de grosor \u00abfingering\u00bb (tama\u00f1o 3).<br \/>\nMarcas recomendadas: Catona de Scheepjes, Durable Coral, &#8230;<br \/>\nColores de hilo necesarios: color piel, blanco, negro, rojo, verde.<\/p>\n<p>Aguja de ganchillo: 2 mm.<\/p>\n<p>&nbsp;<\/p>\n<p><strong>Informaci\u00f3n sobre derechos de autor y ayuda:<\/strong><br \/>\nEste patr\u00f3n es un patr\u00f3n escrito (digital) con muchas im\u00e1genes para ayudarte. Si tienes alguna pregunta sobre el patr\u00f3n, env\u00edame un correo electr\u00f3nico a craftygenesindonesia@gmail.com.<\/p>\n<p><strong>Este patr\u00f3n digital de ganchillo es solo para uso personal y tiene derechos de autor. Por lo tanto, no puedes copiarlo, venderlo, revenderlo, traducirlo, reclamarlo como tu propio dise\u00f1o, distribuirlo, compartirlo, publicarlo, solo publicarlo, &#8230; de ninguna manera o forma sin mi permiso. \u00a1Ni siquiera una parte!<\/strong><\/p>\n<p><strong>Se permite vender el producto o art\u00edculo terminado, en peque\u00f1as cantidades, pero no se permite vender el patr\u00f3n de ganchillo en s\u00ed. Mencione que el patr\u00f3n de ganchillo es m\u00edo, Craftygenesindonesia, y d\u00f3nde se puede comprar.<\/strong><\/p>\n","protected":false},"excerpt":{"rendered":"<p>Este es un patr\u00f3n de ganchillo f\u00e1cil de seguir para un simp\u00e1tico Pap\u00e1 Noel y su se\u00f1ora, la Sra. Claus. Son un bonito regalo de Navidad.<\/p>\n<p>Los patrones para estos mu\u00f1ecos tambi\u00e9n est\u00e1n disponibles por separado como <a href=\"https:\/\/craftygenesindonesia.com\/es\/producto\/cuarteto-de-navidad\/\" target=\"_blank\" rel=\"noopener\"><strong>Santa Claus<\/strong><\/a> y <a href=\"https:\/\/craftygenesindonesia.com\/es\/producto\/cuarteto-de-navidad\/\" target=\"_blank\" rel=\"noopener\"><strong>Sra. Claus<\/strong><\/a> Tambi\u00e9n forman parte de mi patr\u00f3n <a href=\"https:\/\/craftygenesindonesia.com\/es\/producto\/cuarteto-de-navidad\/\" target=\"_blank\" rel=\"noopener\"><strong>Cuarteto de Navidad.<\/strong><\/a><\/p>\n","protected":false},"featured_media":987535532,"comment_status":"open","ping_status":"closed","template":"","meta":{"_acf_changed":false},"product_brand":[],"product_cat":[3045,3047,3063],"product_tag":[10832,11204,12724,11155,8649,10730],"class_list":{"0":"post-17865","1":"product","2":"type-product","3":"status-publish","4":"has-post-thumbnail","6":"product_cat-paquetes","7":"product_cat-navidad","8":"product_cat-munecas-infantiles","9":"product_tag-delantal","10":"product_tag-gafas","11":"product_tag-hoed-es","12":"product_tag-papa-noel-es","13":"product_tag-santa-es","14":"product_tag-senora-claus","15":"pa_available_on-craftygenesindonesia","16":"pa_available_on-etsy","17":"pa_available_on-haked-nl","18":"pa_available_on-payhip","19":"pa_available_on-ravelry","20":"pa_languages-espanol","21":"pa_languages-estados-unidos-ingles","22":"pa_languages-frances","23":"pa_languages-holandes","24":"pa_languages-italiano","25":"pa_languages-portugues","27":"first","28":"instock","29":"downloadable","30":"virtual","31":"purchasable","32":"product-type-simple"},"acf":[],"yoast_head":"<!-- This site is optimized with the Yoast SEO plugin v27.5 - https:\/\/yoast.com\/product\/yoast-seo-wordpress\/ -->\n<title>Sr. y Sra. Claus patr\u00f3n de ganchillo - Craftygenesindonesia<\/title>\n<meta name=\"description\" content=\"Encargue aqu\u00ed mi patr\u00f3n de ganchillo &quot;Sr. y Sra. Claus&quot;. El patr\u00f3n de ganchillo de Pap\u00e1 Noel y su esposa tambi\u00e9n est\u00e1 disponible en Haked y Etsy.\" \/>\n<meta name=\"robots\" content=\"index, follow, max-snippet:-1, max-image-preview:large, max-video-preview:-1\" \/>\n<link rel=\"canonical\" href=\"https:\/\/craftygenesindonesia.com\/es\/shop\/paquetes\/sr-y-sra-claus\/\" \/>\n<meta property=\"og:locale\" content=\"es_ES\" \/>\n<meta property=\"og:type\" content=\"article\" \/>\n<meta property=\"og:title\" content=\"Patr\u00f3n de ganchillo &quot;Sr. y Sra. Claus&quot;\" \/>\n<meta property=\"og:description\" content=\"Encargue aqu\u00ed mi patr\u00f3n de ganchillo &quot;Sr. y Sra. Claus&quot;. El patr\u00f3n de ganchillo de Pap\u00e1 Noel y su esposa tambi\u00e9n est\u00e1 disponible en Haked y Etsy.\" \/>\n<meta property=\"og:url\" content=\"https:\/\/craftygenesindonesia.com\/es\/shop\/paquetes\/sr-y-sra-claus\/\" \/>\n<meta property=\"og:site_name\" content=\"Craftygenesindonesia\" \/>\n<meta property=\"article:modified_time\" content=\"2025-11-26T23:11:57+00:00\" \/>\n<meta property=\"og:image\" content=\"https:\/\/craftygenesindonesia.com\/wp-content\/uploads\/2022\/06\/Mr-Mrs-Claus-1.jpg\" \/>\n\t<meta property=\"og:image:width\" content=\"1080\" \/>\n\t<meta property=\"og:image:height\" content=\"1080\" \/>\n\t<meta property=\"og:image:type\" content=\"image\/jpeg\" \/>\n<meta name=\"twitter:card\" content=\"summary_large_image\" \/>\n<meta name=\"twitter:label1\" content=\"Tiempo de lectura\" \/>\n\t<meta name=\"twitter:data1\" content=\"2 minutos\" \/>\n<script type=\"application\/ld+json\" class=\"yoast-schema-graph\">{\"@context\":\"https:\\\/\\\/schema.org\",\"@graph\":[{\"@type\":\"WebPage\",\"@id\":\"https:\\\/\\\/craftygenesindonesia.com\\\/es\\\/shop\\\/paquetes\\\/sr-y-sra-claus\\\/\",\"url\":\"https:\\\/\\\/craftygenesindonesia.com\\\/es\\\/shop\\\/paquetes\\\/sr-y-sra-claus\\\/\",\"name\":\"Sr. y Sra. Claus patr\u00f3n de ganchillo - Craftygenesindonesia\",\"isPartOf\":{\"@id\":\"https:\\\/\\\/craftygenesindonesia.com\\\/es\\\/#website\"},\"primaryImageOfPage\":{\"@id\":\"https:\\\/\\\/craftygenesindonesia.com\\\/es\\\/shop\\\/paquetes\\\/sr-y-sra-claus\\\/#primaryimage\"},\"image\":{\"@id\":\"https:\\\/\\\/craftygenesindonesia.com\\\/es\\\/shop\\\/paquetes\\\/sr-y-sra-claus\\\/#primaryimage\"},\"thumbnailUrl\":\"https:\\\/\\\/craftygenesindonesia.com\\\/wp-content\\\/uploads\\\/2022\\\/06\\\/Mr-Mrs-Claus-1.jpg\",\"datePublished\":\"2022-06-24T12:14:07+00:00\",\"dateModified\":\"2025-11-26T23:11:57+00:00\",\"description\":\"Encargue aqu\u00ed mi patr\u00f3n de ganchillo \\\"Sr. y Sra. Claus\\\". El patr\u00f3n de ganchillo de Pap\u00e1 Noel y su esposa tambi\u00e9n est\u00e1 disponible en Haked y Etsy.\",\"breadcrumb\":{\"@id\":\"https:\\\/\\\/craftygenesindonesia.com\\\/es\\\/shop\\\/paquetes\\\/sr-y-sra-claus\\\/#breadcrumb\"},\"inLanguage\":\"es\",\"potentialAction\":[{\"@type\":\"ReadAction\",\"target\":[\"https:\\\/\\\/craftygenesindonesia.com\\\/es\\\/shop\\\/paquetes\\\/sr-y-sra-claus\\\/\"]}]},{\"@type\":\"ImageObject\",\"inLanguage\":\"es\",\"@id\":\"https:\\\/\\\/craftygenesindonesia.com\\\/es\\\/shop\\\/paquetes\\\/sr-y-sra-claus\\\/#primaryimage\",\"url\":\"https:\\\/\\\/craftygenesindonesia.com\\\/wp-content\\\/uploads\\\/2022\\\/06\\\/Mr-Mrs-Claus-1.jpg\",\"contentUrl\":\"https:\\\/\\\/craftygenesindonesia.com\\\/wp-content\\\/uploads\\\/2022\\\/06\\\/Mr-Mrs-Claus-1.jpg\",\"width\":1080,\"height\":1080,\"caption\":\"crochet Santa & Mrs Claus dolls\"},{\"@type\":\"BreadcrumbList\",\"@id\":\"https:\\\/\\\/craftygenesindonesia.com\\\/es\\\/shop\\\/paquetes\\\/sr-y-sra-claus\\\/#breadcrumb\",\"itemListElement\":[{\"@type\":\"ListItem\",\"position\":1,\"name\":\"Home\",\"item\":\"https:\\\/\\\/craftygenesindonesia.com\\\/es\\\/\"},{\"@type\":\"ListItem\",\"position\":2,\"name\":\"Tienda de patrones\",\"item\":\"https:\\\/\\\/craftygenesindonesia.com\\\/es\\\/tienda-de-patrones\\\/\"},{\"@type\":\"ListItem\",\"position\":3,\"name\":\"Sr. y Sra. Claus\"}]},{\"@type\":\"WebSite\",\"@id\":\"https:\\\/\\\/craftygenesindonesia.com\\\/es\\\/#website\",\"url\":\"https:\\\/\\\/craftygenesindonesia.com\\\/es\\\/\",\"name\":\"Craftygenesindonesia\",\"description\":\"\",\"publisher\":{\"@id\":\"https:\\\/\\\/craftygenesindonesia.com\\\/es\\\/#organization\"},\"potentialAction\":[{\"@type\":\"SearchAction\",\"target\":{\"@type\":\"EntryPoint\",\"urlTemplate\":\"https:\\\/\\\/craftygenesindonesia.com\\\/es\\\/?s={search_term_string}\"},\"query-input\":{\"@type\":\"PropertyValueSpecification\",\"valueRequired\":true,\"valueName\":\"search_term_string\"}}],\"inLanguage\":\"es\"},{\"@type\":\"Organization\",\"@id\":\"https:\\\/\\\/craftygenesindonesia.com\\\/es\\\/#organization\",\"name\":\"Craftygenesindonesia\",\"url\":\"https:\\\/\\\/craftygenesindonesia.com\\\/es\\\/\",\"logo\":{\"@type\":\"ImageObject\",\"inLanguage\":\"es\",\"@id\":\"https:\\\/\\\/craftygenesindonesia.com\\\/es\\\/#\\\/schema\\\/logo\\\/image\\\/\",\"url\":\"https:\\\/\\\/craftygenesindonesia.com\\\/wp-content\\\/uploads\\\/2025\\\/11\\\/cropped-Copy-of-Craftygenesindonesia.jpg\",\"contentUrl\":\"https:\\\/\\\/craftygenesindonesia.com\\\/wp-content\\\/uploads\\\/2025\\\/11\\\/cropped-Copy-of-Craftygenesindonesia.jpg\",\"width\":180,\"height\":60,\"caption\":\"Craftygenesindonesia\"},\"image\":{\"@id\":\"https:\\\/\\\/craftygenesindonesia.com\\\/es\\\/#\\\/schema\\\/logo\\\/image\\\/\"}}]}<\/script>\n<!-- \/ Yoast SEO plugin. -->","yoast_head_json":{"title":"Sr. y Sra. Claus patr\u00f3n de ganchillo - Craftygenesindonesia","description":"Encargue aqu\u00ed mi patr\u00f3n de ganchillo \"Sr. y Sra. Claus\". El patr\u00f3n de ganchillo de Pap\u00e1 Noel y su esposa tambi\u00e9n est\u00e1 disponible en Haked y Etsy.","robots":{"index":"index","follow":"follow","max-snippet":"max-snippet:-1","max-image-preview":"max-image-preview:large","max-video-preview":"max-video-preview:-1"},"canonical":"https:\/\/craftygenesindonesia.com\/es\/shop\/paquetes\/sr-y-sra-claus\/","og_locale":"es_ES","og_type":"article","og_title":"Patr\u00f3n de ganchillo \"Sr. y Sra. Claus\"","og_description":"Encargue aqu\u00ed mi patr\u00f3n de ganchillo \"Sr. y Sra. Claus\". El patr\u00f3n de ganchillo de Pap\u00e1 Noel y su esposa tambi\u00e9n est\u00e1 disponible en Haked y Etsy.","og_url":"https:\/\/craftygenesindonesia.com\/es\/shop\/paquetes\/sr-y-sra-claus\/","og_site_name":"Craftygenesindonesia","article_modified_time":"2025-11-26T23:11:57+00:00","og_image":[{"width":1080,"height":1080,"url":"https:\/\/craftygenesindonesia.com\/wp-content\/uploads\/2022\/06\/Mr-Mrs-Claus-1.jpg","type":"image\/jpeg"}],"twitter_card":"summary_large_image","twitter_misc":{"Tiempo de lectura":"2 minutos"},"schema":{"@context":"https:\/\/schema.org","@graph":[{"@type":"WebPage","@id":"https:\/\/craftygenesindonesia.com\/es\/shop\/paquetes\/sr-y-sra-claus\/","url":"https:\/\/craftygenesindonesia.com\/es\/shop\/paquetes\/sr-y-sra-claus\/","name":"Sr. y Sra. Claus patr\u00f3n de ganchillo - Craftygenesindonesia","isPartOf":{"@id":"https:\/\/craftygenesindonesia.com\/es\/#website"},"primaryImageOfPage":{"@id":"https:\/\/craftygenesindonesia.com\/es\/shop\/paquetes\/sr-y-sra-claus\/#primaryimage"},"image":{"@id":"https:\/\/craftygenesindonesia.com\/es\/shop\/paquetes\/sr-y-sra-claus\/#primaryimage"},"thumbnailUrl":"https:\/\/craftygenesindonesia.com\/wp-content\/uploads\/2022\/06\/Mr-Mrs-Claus-1.jpg","datePublished":"2022-06-24T12:14:07+00:00","dateModified":"2025-11-26T23:11:57+00:00","description":"Encargue aqu\u00ed mi patr\u00f3n de ganchillo \"Sr. y Sra. Claus\". El patr\u00f3n de ganchillo de Pap\u00e1 Noel y su esposa tambi\u00e9n est\u00e1 disponible en Haked y Etsy.","breadcrumb":{"@id":"https:\/\/craftygenesindonesia.com\/es\/shop\/paquetes\/sr-y-sra-claus\/#breadcrumb"},"inLanguage":"es","potentialAction":[{"@type":"ReadAction","target":["https:\/\/craftygenesindonesia.com\/es\/shop\/paquetes\/sr-y-sra-claus\/"]}]},{"@type":"ImageObject","inLanguage":"es","@id":"https:\/\/craftygenesindonesia.com\/es\/shop\/paquetes\/sr-y-sra-claus\/#primaryimage","url":"https:\/\/craftygenesindonesia.com\/wp-content\/uploads\/2022\/06\/Mr-Mrs-Claus-1.jpg","contentUrl":"https:\/\/craftygenesindonesia.com\/wp-content\/uploads\/2022\/06\/Mr-Mrs-Claus-1.jpg","width":1080,"height":1080,"caption":"crochet Santa & Mrs Claus dolls"},{"@type":"BreadcrumbList","@id":"https:\/\/craftygenesindonesia.com\/es\/shop\/paquetes\/sr-y-sra-claus\/#breadcrumb","itemListElement":[{"@type":"ListItem","position":1,"name":"Home","item":"https:\/\/craftygenesindonesia.com\/es\/"},{"@type":"ListItem","position":2,"name":"Tienda de patrones","item":"https:\/\/craftygenesindonesia.com\/es\/tienda-de-patrones\/"},{"@type":"ListItem","position":3,"name":"Sr. y Sra. Claus"}]},{"@type":"WebSite","@id":"https:\/\/craftygenesindonesia.com\/es\/#website","url":"https:\/\/craftygenesindonesia.com\/es\/","name":"Craftygenesindonesia","description":"","publisher":{"@id":"https:\/\/craftygenesindonesia.com\/es\/#organization"},"potentialAction":[{"@type":"SearchAction","target":{"@type":"EntryPoint","urlTemplate":"https:\/\/craftygenesindonesia.com\/es\/?s={search_term_string}"},"query-input":{"@type":"PropertyValueSpecification","valueRequired":true,"valueName":"search_term_string"}}],"inLanguage":"es"},{"@type":"Organization","@id":"https:\/\/craftygenesindonesia.com\/es\/#organization","name":"Craftygenesindonesia","url":"https:\/\/craftygenesindonesia.com\/es\/","logo":{"@type":"ImageObject","inLanguage":"es","@id":"https:\/\/craftygenesindonesia.com\/es\/#\/schema\/logo\/image\/","url":"https:\/\/craftygenesindonesia.com\/wp-content\/uploads\/2025\/11\/cropped-Copy-of-Craftygenesindonesia.jpg","contentUrl":"https:\/\/craftygenesindonesia.com\/wp-content\/uploads\/2025\/11\/cropped-Copy-of-Craftygenesindonesia.jpg","width":180,"height":60,"caption":"Craftygenesindonesia"},"image":{"@id":"https:\/\/craftygenesindonesia.com\/es\/#\/schema\/logo\/image\/"}}]}},"_links":{"self":[{"href":"https:\/\/craftygenesindonesia.com\/es\/wp-json\/wp\/v2\/product\/17865","targetHints":{"allow":["GET"]}}],"collection":[{"href":"https:\/\/craftygenesindonesia.com\/es\/wp-json\/wp\/v2\/product"}],"about":[{"href":"https:\/\/craftygenesindonesia.com\/es\/wp-json\/wp\/v2\/types\/product"}],"replies":[{"embeddable":true,"href":"https:\/\/craftygenesindonesia.com\/es\/wp-json\/wp\/v2\/comments?post=17865"}],"wp:featuredmedia":[{"embeddable":true,"href":"https:\/\/craftygenesindonesia.com\/es\/wp-json\/wp\/v2\/media\/987535532"}],"wp:attachment":[{"href":"https:\/\/craftygenesindonesia.com\/es\/wp-json\/wp\/v2\/media?parent=17865"}],"wp:term":[{"taxonomy":"product_brand","embeddable":true,"href":"https:\/\/craftygenesindonesia.com\/es\/wp-json\/wp\/v2\/product_brand?post=17865"},{"taxonomy":"product_cat","embeddable":true,"href":"https:\/\/craftygenesindonesia.com\/es\/wp-json\/wp\/v2\/product_cat?post=17865"},{"taxonomy":"product_tag","embeddable":true,"href":"https:\/\/craftygenesindonesia.com\/es\/wp-json\/wp\/v2\/product_tag?post=17865"}],"curies":[{"name":"wp","href":"https:\/\/api.w.org\/{rel}","templated":true}]}}