{"id":17859,"date":"2022-06-24T20:34:49","date_gmt":"2022-06-24T12:34:49","guid":{"rendered":"https:\/\/craftygenesindonesia.com\/?post_type=product&#038;p=17859"},"modified":"2025-11-14T09:56:41","modified_gmt":"2025-11-14T01:56:41","slug":"trio-de-navidad","status":"publish","type":"product","link":"https:\/\/craftygenesindonesia.com\/es\/shop\/paquetes\/trio-de-navidad\/","title":{"rendered":"Tr\u00edo de Navidad"},"content":{"rendered":"<p>Tama\u00f1os:<\/p>\n<ul>\n<li>Pap\u00e1 Noel = 26 cm de alto.<\/li>\n<li>Mu\u00f1eco de nieve = 22 cm de alto.<\/li>\n<li>Reno= 26 cm de alto.<\/li>\n<\/ul>\n<p>Hilo: Los 3 mu\u00f1ecos est\u00e1n hechos con hilo de peso \u00abFINGERING\u00bb y una aguja de ganchillo de 2 mm.<\/p>\n<p>Necesitar\u00e1s los siguientes colores: blanco, color piel, negro, marr\u00f3n, marr\u00f3n oscuro, verde, rojo y naranja.<\/p>\n<p>Tambi\u00e9n necesitar\u00e1s hilo de chenilla blanco, alfileres para los ojos, anillas, ojos y nariz de seguridad, relleno, tijeras, aguja de tapicer\u00eda y marcadores de puntos.<\/p>\n<p>Aguja de ganchillo: tama\u00f1o 2 mm<\/p>\n<p>Este patr\u00f3n es un patr\u00f3n escrito con muchas fotos para ayudarte. Si tienes alguna pregunta, env\u00edame un mensaje a:\u00a0<a href=\"mailto:craftygenesindonesia@gmail.com\">craftygenesindonesia@gmail.com<\/a><\/p>\n<p><strong>-Este patr\u00f3n es s\u00f3lo para uso personal y tiene un COPYRIGHT en \u00e9l. Por lo tanto, el patr\u00f3n no puede ser copiado, vendido, revendido, traducido, reclamado como su dise\u00f1o, distribuido, compartido, publicado, publicado en l\u00ednea en cualquier forma sin mi permiso. Ni siquiera una parte.<\/strong><\/p>\n<p><strong>-Puedes vender el producto acabado en peque\u00f1as cantidades, PERO NO EL PATR\u00d3N EN S\u00cd. Menciona que el patr\u00f3n es de Craftygenesindonesia y d\u00f3nde se puede comprar<\/strong><\/p>\n","protected":false},"excerpt":{"rendered":"<p>Este es un patr\u00f3n de ganchillo f\u00e1cil de seguir para un simp\u00e1tico tr\u00edo navide\u00f1o = el Pap\u00e1 Noel, el mu\u00f1eco de nieve y el reno. Son un bonito regalo de Navidad para los ni\u00f1os.<\/p>\n<p>Estos mu\u00f1ecos tambi\u00e9n est\u00e1n disponibles por separado como <a href=\"https:\/\/craftygenesindonesia.com\/es\/producto\/cuarteto-de-navidad\/\" target=\"_blank\" rel=\"noopener\"><strong>Santa Claus<\/strong><\/a>, <a href=\"https:\/\/craftygenesindonesia.com\/es\/producto\/cuarteto-de-navidad\/\" target=\"_blank\" rel=\"noopener\"><strong>mu\u00f1eco de nieve<\/strong><\/a> y <a href=\"https:\/\/craftygenesindonesia.com\/es\/producto\/reno\/\" target=\"_blank\" rel=\"noopener\"><strong>reno.<\/strong><\/a> Estos 3 tambi\u00e9n forman parte de mi patr\u00f3n <a href=\"https:\/\/craftygenesindonesia.com\/es\/producto\/cuarteto-de-navidad\/\" target=\"_blank\" rel=\"noopener\"><strong>Cuarteto de Navidad<\/strong><\/a>.<\/p>\n","protected":false},"featured_media":987521104,"comment_status":"open","ping_status":"closed","template":"","meta":{"_acf_changed":false},"product_brand":[],"product_cat":[3063,3047,3045],"product_tag":[11204,12724,11561,11501,8649],"class_list":{"0":"post-17859","1":"product","2":"type-product","3":"status-publish","4":"has-post-thumbnail","6":"product_cat-munecas-infantiles","7":"product_cat-navidad","8":"product_cat-paquetes","9":"product_tag-gafas","10":"product_tag-hoed-es","11":"product_tag-muneco-de-nieve-es","12":"product_tag-reno-es","13":"product_tag-santa-es","14":"pa_available_on-craftygenesindonesia","15":"pa_available_on-etsy","16":"pa_available_on-haked-nl","17":"pa_available_on-payhip","18":"pa_available_on-ravelry","19":"pa_languages-espanol","20":"pa_languages-estados-unidos-ingles","21":"pa_languages-frances","22":"pa_languages-holandes","23":"pa_languages-portugues","25":"first","26":"instock","27":"downloadable","28":"virtual","29":"purchasable","30":"product-type-simple"},"acf":[],"yoast_head":"<!-- This site is optimized with the Yoast SEO plugin v27.4 - https:\/\/yoast.com\/product\/yoast-seo-wordpress\/ -->\n<title>Tr\u00edo de Navidad patr\u00f3n de ganchillo - Craftygenesindonesia<\/title>\n<meta name=\"description\" content=\"Compra aqu\u00ed mi patr\u00f3n de ganchillo &quot;Tr\u00edo de Navidad&quot;. El patr\u00f3n de ganchillo f\u00e1cil de seguir tambi\u00e9n est\u00e1 disponible en Haked.nl, Etsy &amp; Ravelry.\" \/>\n<meta name=\"robots\" content=\"index, follow, max-snippet:-1, max-image-preview:large, max-video-preview:-1\" \/>\n<link rel=\"canonical\" href=\"https:\/\/craftygenesindonesia.com\/es\/shop\/paquetes\/trio-de-navidad\/\" \/>\n<meta property=\"og:locale\" content=\"es_ES\" \/>\n<meta property=\"og:type\" content=\"article\" \/>\n<meta property=\"og:title\" content=\"Patr\u00f3n de ganchillo &quot;Tr\u00edo de Navidad&quot;\" \/>\n<meta property=\"og:description\" content=\"Compra aqu\u00ed mi patr\u00f3n de ganchillo &quot;Tr\u00edo de Navidad&quot;. El patr\u00f3n de ganchillo f\u00e1cil de seguir tambi\u00e9n est\u00e1 disponible en Haked.nl, Etsy &amp; Ravelry.\" \/>\n<meta property=\"og:url\" content=\"https:\/\/craftygenesindonesia.com\/es\/shop\/paquetes\/trio-de-navidad\/\" \/>\n<meta property=\"og:site_name\" content=\"Craftygenesindonesia\" \/>\n<meta property=\"article:modified_time\" content=\"2025-11-14T01:56:41+00:00\" \/>\n<meta property=\"og:image\" content=\"https:\/\/craftygenesindonesia.com\/wp-content\/uploads\/2022\/06\/Christmas-Trio-3.jpg\" \/>\n\t<meta property=\"og:image:width\" content=\"1080\" \/>\n\t<meta property=\"og:image:height\" content=\"1080\" \/>\n\t<meta property=\"og:image:type\" content=\"image\/jpeg\" \/>\n<meta name=\"twitter:card\" content=\"summary_large_image\" \/>\n<meta name=\"twitter:label1\" content=\"Tiempo de lectura\" \/>\n\t<meta name=\"twitter:data1\" content=\"1 minuto\" \/>\n<script type=\"application\/ld+json\" class=\"yoast-schema-graph\">{\"@context\":\"https:\\\/\\\/schema.org\",\"@graph\":[{\"@type\":\"WebPage\",\"@id\":\"https:\\\/\\\/craftygenesindonesia.com\\\/es\\\/shop\\\/paquetes\\\/trio-de-navidad\\\/\",\"url\":\"https:\\\/\\\/craftygenesindonesia.com\\\/es\\\/shop\\\/paquetes\\\/trio-de-navidad\\\/\",\"name\":\"Tr\u00edo de Navidad patr\u00f3n de ganchillo - Craftygenesindonesia\",\"isPartOf\":{\"@id\":\"https:\\\/\\\/craftygenesindonesia.com\\\/es\\\/#website\"},\"primaryImageOfPage\":{\"@id\":\"https:\\\/\\\/craftygenesindonesia.com\\\/es\\\/shop\\\/paquetes\\\/trio-de-navidad\\\/#primaryimage\"},\"image\":{\"@id\":\"https:\\\/\\\/craftygenesindonesia.com\\\/es\\\/shop\\\/paquetes\\\/trio-de-navidad\\\/#primaryimage\"},\"thumbnailUrl\":\"https:\\\/\\\/craftygenesindonesia.com\\\/wp-content\\\/uploads\\\/2022\\\/06\\\/Christmas-Trio-3.jpg\",\"datePublished\":\"2022-06-24T12:34:49+00:00\",\"dateModified\":\"2025-11-14T01:56:41+00:00\",\"description\":\"Compra aqu\u00ed mi patr\u00f3n de ganchillo \\\"Tr\u00edo de Navidad\\\". El patr\u00f3n de ganchillo f\u00e1cil de seguir tambi\u00e9n est\u00e1 disponible en Haked.nl, Etsy & Ravelry.\",\"breadcrumb\":{\"@id\":\"https:\\\/\\\/craftygenesindonesia.com\\\/es\\\/shop\\\/paquetes\\\/trio-de-navidad\\\/#breadcrumb\"},\"inLanguage\":\"es\",\"potentialAction\":[{\"@type\":\"ReadAction\",\"target\":[\"https:\\\/\\\/craftygenesindonesia.com\\\/es\\\/shop\\\/paquetes\\\/trio-de-navidad\\\/\"]}]},{\"@type\":\"ImageObject\",\"inLanguage\":\"es\",\"@id\":\"https:\\\/\\\/craftygenesindonesia.com\\\/es\\\/shop\\\/paquetes\\\/trio-de-navidad\\\/#primaryimage\",\"url\":\"https:\\\/\\\/craftygenesindonesia.com\\\/wp-content\\\/uploads\\\/2022\\\/06\\\/Christmas-Trio-3.jpg\",\"contentUrl\":\"https:\\\/\\\/craftygenesindonesia.com\\\/wp-content\\\/uploads\\\/2022\\\/06\\\/Christmas-Trio-3.jpg\",\"width\":1080,\"height\":1080,\"caption\":\"crochet Santa, reindeer and snowman\"},{\"@type\":\"BreadcrumbList\",\"@id\":\"https:\\\/\\\/craftygenesindonesia.com\\\/es\\\/shop\\\/paquetes\\\/trio-de-navidad\\\/#breadcrumb\",\"itemListElement\":[{\"@type\":\"ListItem\",\"position\":1,\"name\":\"Home\",\"item\":\"https:\\\/\\\/craftygenesindonesia.com\\\/es\\\/\"},{\"@type\":\"ListItem\",\"position\":2,\"name\":\"Tienda de patrones\",\"item\":\"https:\\\/\\\/craftygenesindonesia.com\\\/es\\\/tienda-de-patrones\\\/\"},{\"@type\":\"ListItem\",\"position\":3,\"name\":\"Tr\u00edo de Navidad\"}]},{\"@type\":\"WebSite\",\"@id\":\"https:\\\/\\\/craftygenesindonesia.com\\\/es\\\/#website\",\"url\":\"https:\\\/\\\/craftygenesindonesia.com\\\/es\\\/\",\"name\":\"Craftygenesindonesia\",\"description\":\"\",\"publisher\":{\"@id\":\"https:\\\/\\\/craftygenesindonesia.com\\\/es\\\/#organization\"},\"potentialAction\":[{\"@type\":\"SearchAction\",\"target\":{\"@type\":\"EntryPoint\",\"urlTemplate\":\"https:\\\/\\\/craftygenesindonesia.com\\\/es\\\/?s={search_term_string}\"},\"query-input\":{\"@type\":\"PropertyValueSpecification\",\"valueRequired\":true,\"valueName\":\"search_term_string\"}}],\"inLanguage\":\"es\"},{\"@type\":\"Organization\",\"@id\":\"https:\\\/\\\/craftygenesindonesia.com\\\/es\\\/#organization\",\"name\":\"Craftygenesindonesia\",\"url\":\"https:\\\/\\\/craftygenesindonesia.com\\\/es\\\/\",\"logo\":{\"@type\":\"ImageObject\",\"inLanguage\":\"es\",\"@id\":\"https:\\\/\\\/craftygenesindonesia.com\\\/es\\\/#\\\/schema\\\/logo\\\/image\\\/\",\"url\":\"https:\\\/\\\/craftygenesindonesia.com\\\/wp-content\\\/uploads\\\/2025\\\/11\\\/cropped-Copy-of-Craftygenesindonesia.jpg\",\"contentUrl\":\"https:\\\/\\\/craftygenesindonesia.com\\\/wp-content\\\/uploads\\\/2025\\\/11\\\/cropped-Copy-of-Craftygenesindonesia.jpg\",\"width\":180,\"height\":60,\"caption\":\"Craftygenesindonesia\"},\"image\":{\"@id\":\"https:\\\/\\\/craftygenesindonesia.com\\\/es\\\/#\\\/schema\\\/logo\\\/image\\\/\"}}]}<\/script>\n<!-- \/ Yoast SEO plugin. -->","yoast_head_json":{"title":"Tr\u00edo de Navidad patr\u00f3n de ganchillo - Craftygenesindonesia","description":"Compra aqu\u00ed mi patr\u00f3n de ganchillo \"Tr\u00edo de Navidad\". El patr\u00f3n de ganchillo f\u00e1cil de seguir tambi\u00e9n est\u00e1 disponible en Haked.nl, Etsy & Ravelry.","robots":{"index":"index","follow":"follow","max-snippet":"max-snippet:-1","max-image-preview":"max-image-preview:large","max-video-preview":"max-video-preview:-1"},"canonical":"https:\/\/craftygenesindonesia.com\/es\/shop\/paquetes\/trio-de-navidad\/","og_locale":"es_ES","og_type":"article","og_title":"Patr\u00f3n de ganchillo \"Tr\u00edo de Navidad\"","og_description":"Compra aqu\u00ed mi patr\u00f3n de ganchillo \"Tr\u00edo de Navidad\". El patr\u00f3n de ganchillo f\u00e1cil de seguir tambi\u00e9n est\u00e1 disponible en Haked.nl, Etsy & Ravelry.","og_url":"https:\/\/craftygenesindonesia.com\/es\/shop\/paquetes\/trio-de-navidad\/","og_site_name":"Craftygenesindonesia","article_modified_time":"2025-11-14T01:56:41+00:00","og_image":[{"width":1080,"height":1080,"url":"https:\/\/craftygenesindonesia.com\/wp-content\/uploads\/2022\/06\/Christmas-Trio-3.jpg","type":"image\/jpeg"}],"twitter_card":"summary_large_image","twitter_misc":{"Tiempo de lectura":"1 minuto"},"schema":{"@context":"https:\/\/schema.org","@graph":[{"@type":"WebPage","@id":"https:\/\/craftygenesindonesia.com\/es\/shop\/paquetes\/trio-de-navidad\/","url":"https:\/\/craftygenesindonesia.com\/es\/shop\/paquetes\/trio-de-navidad\/","name":"Tr\u00edo de Navidad patr\u00f3n de ganchillo - Craftygenesindonesia","isPartOf":{"@id":"https:\/\/craftygenesindonesia.com\/es\/#website"},"primaryImageOfPage":{"@id":"https:\/\/craftygenesindonesia.com\/es\/shop\/paquetes\/trio-de-navidad\/#primaryimage"},"image":{"@id":"https:\/\/craftygenesindonesia.com\/es\/shop\/paquetes\/trio-de-navidad\/#primaryimage"},"thumbnailUrl":"https:\/\/craftygenesindonesia.com\/wp-content\/uploads\/2022\/06\/Christmas-Trio-3.jpg","datePublished":"2022-06-24T12:34:49+00:00","dateModified":"2025-11-14T01:56:41+00:00","description":"Compra aqu\u00ed mi patr\u00f3n de ganchillo \"Tr\u00edo de Navidad\". El patr\u00f3n de ganchillo f\u00e1cil de seguir tambi\u00e9n est\u00e1 disponible en Haked.nl, Etsy & Ravelry.","breadcrumb":{"@id":"https:\/\/craftygenesindonesia.com\/es\/shop\/paquetes\/trio-de-navidad\/#breadcrumb"},"inLanguage":"es","potentialAction":[{"@type":"ReadAction","target":["https:\/\/craftygenesindonesia.com\/es\/shop\/paquetes\/trio-de-navidad\/"]}]},{"@type":"ImageObject","inLanguage":"es","@id":"https:\/\/craftygenesindonesia.com\/es\/shop\/paquetes\/trio-de-navidad\/#primaryimage","url":"https:\/\/craftygenesindonesia.com\/wp-content\/uploads\/2022\/06\/Christmas-Trio-3.jpg","contentUrl":"https:\/\/craftygenesindonesia.com\/wp-content\/uploads\/2022\/06\/Christmas-Trio-3.jpg","width":1080,"height":1080,"caption":"crochet Santa, reindeer and snowman"},{"@type":"BreadcrumbList","@id":"https:\/\/craftygenesindonesia.com\/es\/shop\/paquetes\/trio-de-navidad\/#breadcrumb","itemListElement":[{"@type":"ListItem","position":1,"name":"Home","item":"https:\/\/craftygenesindonesia.com\/es\/"},{"@type":"ListItem","position":2,"name":"Tienda de patrones","item":"https:\/\/craftygenesindonesia.com\/es\/tienda-de-patrones\/"},{"@type":"ListItem","position":3,"name":"Tr\u00edo de Navidad"}]},{"@type":"WebSite","@id":"https:\/\/craftygenesindonesia.com\/es\/#website","url":"https:\/\/craftygenesindonesia.com\/es\/","name":"Craftygenesindonesia","description":"","publisher":{"@id":"https:\/\/craftygenesindonesia.com\/es\/#organization"},"potentialAction":[{"@type":"SearchAction","target":{"@type":"EntryPoint","urlTemplate":"https:\/\/craftygenesindonesia.com\/es\/?s={search_term_string}"},"query-input":{"@type":"PropertyValueSpecification","valueRequired":true,"valueName":"search_term_string"}}],"inLanguage":"es"},{"@type":"Organization","@id":"https:\/\/craftygenesindonesia.com\/es\/#organization","name":"Craftygenesindonesia","url":"https:\/\/craftygenesindonesia.com\/es\/","logo":{"@type":"ImageObject","inLanguage":"es","@id":"https:\/\/craftygenesindonesia.com\/es\/#\/schema\/logo\/image\/","url":"https:\/\/craftygenesindonesia.com\/wp-content\/uploads\/2025\/11\/cropped-Copy-of-Craftygenesindonesia.jpg","contentUrl":"https:\/\/craftygenesindonesia.com\/wp-content\/uploads\/2025\/11\/cropped-Copy-of-Craftygenesindonesia.jpg","width":180,"height":60,"caption":"Craftygenesindonesia"},"image":{"@id":"https:\/\/craftygenesindonesia.com\/es\/#\/schema\/logo\/image\/"}}]}},"_links":{"self":[{"href":"https:\/\/craftygenesindonesia.com\/es\/wp-json\/wp\/v2\/product\/17859","targetHints":{"allow":["GET"]}}],"collection":[{"href":"https:\/\/craftygenesindonesia.com\/es\/wp-json\/wp\/v2\/product"}],"about":[{"href":"https:\/\/craftygenesindonesia.com\/es\/wp-json\/wp\/v2\/types\/product"}],"replies":[{"embeddable":true,"href":"https:\/\/craftygenesindonesia.com\/es\/wp-json\/wp\/v2\/comments?post=17859"}],"wp:featuredmedia":[{"embeddable":true,"href":"https:\/\/craftygenesindonesia.com\/es\/wp-json\/wp\/v2\/media\/987521104"}],"wp:attachment":[{"href":"https:\/\/craftygenesindonesia.com\/es\/wp-json\/wp\/v2\/media?parent=17859"}],"wp:term":[{"taxonomy":"product_brand","embeddable":true,"href":"https:\/\/craftygenesindonesia.com\/es\/wp-json\/wp\/v2\/product_brand?post=17859"},{"taxonomy":"product_cat","embeddable":true,"href":"https:\/\/craftygenesindonesia.com\/es\/wp-json\/wp\/v2\/product_cat?post=17859"},{"taxonomy":"product_tag","embeddable":true,"href":"https:\/\/craftygenesindonesia.com\/es\/wp-json\/wp\/v2\/product_tag?post=17859"}],"curies":[{"name":"wp","href":"https:\/\/api.w.org\/{rel}","templated":true}]}}