{"id":17837,"date":"2022-06-25T06:33:01","date_gmt":"2022-06-24T22:33:01","guid":{"rendered":"https:\/\/craftygenesindonesia.com\/?post_type=product&#038;p=17837"},"modified":"2025-11-14T09:39:47","modified_gmt":"2025-11-14T01:39:47","slug":"angel-de-navidad-de-chenice","status":"publish","type":"product","link":"https:\/\/craftygenesindonesia.com\/es\/shop\/angeles\/angel-de-navidad-de-chenice\/","title":{"rendered":"\u00c1ngel de Navidad De Chenice"},"content":{"rendered":"<p>\u00a1\u00a1\u00a1La vela utilizada en este patr\u00f3n NO es una vela REAL!!! Es una vela falsa que funciona con pilas. \u00a1\u00a1\u00a1AS\u00cd QUE DEFINITIVAMENTE NO UTILICE UNA VELA REAL, YA QUE ES PELIGROSO!!!<\/p>\n<p>Este hermoso angel mide 20cm de alto. Est\u00e1 hecho con hilo ligero (3) apto para amigurumi y una aguja de ganchillo de 2mm.<\/p>\n<p>Necesitar\u00e1s estos colores: blanco y dorado met\u00e1lico.<\/p>\n<p>Tambi\u00e9n necesitar\u00e1s lo siguiente: relleno, aguja de zurcir, marcadores de puntos, cartulina, l\u00e1piz, tijeras, hilo de coser blanco y aguja, pegamento, pistola de pegamento, alambre de hierro, cortadores, bastoncillo de algod\u00f3n y una vela LED (vela a pilas, NO una vela REAL).<\/p>\n<p>Aguja de ganchillo: 2 mm.<\/p>\n<p>&nbsp;<\/p>\n<p>Se puede hacer con un hilo m\u00e1s grueso o m\u00e1s fino y una aguja de ganchillo adecuada. El resultado final ser\u00e1 un poco m\u00e1s grande\/peque\u00f1o que el m\u00edo.<\/p>\n","protected":false},"excerpt":{"rendered":"<p>Este es un patr\u00f3n de ganchillo f\u00e1cil de seguir para un \u00e1ngel de Navidad muy bonito con una vela dentro. \u00a1\u00a1\u00a1La vela NO ES UNA VELA REAL!!! Es una vela falsa que funciona con pilas. \u00a1\u00a1\u00a1Definitivamente no use una vela real, ya que esto ser\u00eda muy peligroso!!!<\/p>\n","protected":false},"featured_media":987520059,"comment_status":"open","ping_status":"closed","template":"","meta":{"_acf_changed":false},"product_brand":[],"product_cat":[3035,3047,3071],"product_tag":[11367,10621,10965,10710,10641],"class_list":{"0":"post-17837","1":"product","2":"type-product","3":"status-publish","4":"has-post-thumbnail","6":"product_cat-angeles","7":"product_cat-navidad","8":"product_cat-memorial","9":"product_tag-angel-conmemorativo","10":"product_tag-angel-de-navidad","11":"product_tag-vela-es","12":"product_tag-vela-led","13":"product_tag-velas-de-navidad","14":"pa_available_on-craftygenesindonesia","15":"pa_available_on-etsy","16":"pa_available_on-haked-nl","17":"pa_available_on-payhip","18":"pa_available_on-ravelry","19":"pa_languages-aleman","20":"pa_languages-espanol","21":"pa_languages-estados-unidos-ingles","22":"pa_languages-frances","23":"pa_languages-holandes","24":"pa_languages-italiano","25":"pa_languages-portugues","27":"first","28":"instock","29":"downloadable","30":"virtual","31":"purchasable","32":"product-type-simple"},"acf":[],"yoast_head":"<!-- This site is optimized with the Yoast SEO plugin v27.4 - https:\/\/yoast.com\/product\/yoast-seo-wordpress\/ -->\n<title>\u00c1ngel de Navidad De Chenice patr\u00f3n de ganchillo - Craftygenesindonesia<\/title>\n<meta name=\"description\" content=\"Pida mi patr\u00f3n de ganchillo &quot;El \u00e1ngel de Navidad de Chenice&quot; aqu\u00ed. Con enlaces al patr\u00f3n en Haked, Etsy y Ravelry.\" \/>\n<meta name=\"robots\" content=\"index, follow, max-snippet:-1, max-image-preview:large, max-video-preview:-1\" \/>\n<link rel=\"canonical\" href=\"https:\/\/craftygenesindonesia.com\/es\/shop\/angeles\/angel-de-navidad-de-chenice\/\" \/>\n<meta property=\"og:locale\" content=\"es_ES\" \/>\n<meta property=\"og:type\" content=\"article\" \/>\n<meta property=\"og:title\" content=\"De Chenice Kerstengel haakpatroon\" \/>\n<meta property=\"og:description\" content=\"Pida mi patr\u00f3n de ganchillo &quot;El \u00e1ngel de Navidad de Chenice&quot; aqu\u00ed. Con enlaces al patr\u00f3n en Haked, Etsy y Ravelry.\" \/>\n<meta property=\"og:url\" content=\"https:\/\/craftygenesindonesia.com\/es\/shop\/angeles\/angel-de-navidad-de-chenice\/\" \/>\n<meta property=\"og:site_name\" content=\"Craftygenesindonesia\" \/>\n<meta property=\"article:modified_time\" content=\"2025-11-14T01:39:47+00:00\" \/>\n<meta property=\"og:image\" content=\"https:\/\/craftygenesindonesia.com\/wp-content\/uploads\/2022\/06\/Untitled-design-5-300x300.png\" \/>\n<meta name=\"twitter:card\" content=\"summary_large_image\" \/>\n<meta name=\"twitter:title\" content=\"De Chenice Kerstengel haakpatroon\" \/>\n<meta name=\"twitter:description\" content=\"Bestel hier mijn &quot;De Chenice Christmas Angel&quot; haakpatroon in Nederlands, Engels, Frans &amp; Spaans. Met linkjes naar het patroon op Haked.nl, Etsy &amp; Ravelry.\" \/>\n<meta name=\"twitter:image\" content=\"https:\/\/craftygenesindonesia.com\/wp-content\/uploads\/2022\/06\/Untitled-design-5.png\" \/>\n<meta name=\"twitter:label1\" content=\"Tiempo de lectura\" \/>\n\t<meta name=\"twitter:data1\" content=\"1 minuto\" \/>\n<script type=\"application\/ld+json\" class=\"yoast-schema-graph\">{\"@context\":\"https:\\\/\\\/schema.org\",\"@graph\":[{\"@type\":\"WebPage\",\"@id\":\"https:\\\/\\\/craftygenesindonesia.com\\\/es\\\/shop\\\/angeles\\\/angel-de-navidad-de-chenice\\\/\",\"url\":\"https:\\\/\\\/craftygenesindonesia.com\\\/es\\\/shop\\\/angeles\\\/angel-de-navidad-de-chenice\\\/\",\"name\":\"\u00c1ngel de Navidad De Chenice patr\u00f3n de ganchillo - Craftygenesindonesia\",\"isPartOf\":{\"@id\":\"https:\\\/\\\/craftygenesindonesia.com\\\/es\\\/#website\"},\"primaryImageOfPage\":{\"@id\":\"https:\\\/\\\/craftygenesindonesia.com\\\/es\\\/shop\\\/angeles\\\/angel-de-navidad-de-chenice\\\/#primaryimage\"},\"image\":{\"@id\":\"https:\\\/\\\/craftygenesindonesia.com\\\/es\\\/shop\\\/angeles\\\/angel-de-navidad-de-chenice\\\/#primaryimage\"},\"thumbnailUrl\":\"https:\\\/\\\/craftygenesindonesia.com\\\/wp-content\\\/uploads\\\/2022\\\/06\\\/Chenice.jpg\",\"datePublished\":\"2022-06-24T22:33:01+00:00\",\"dateModified\":\"2025-11-14T01:39:47+00:00\",\"description\":\"Pida mi patr\u00f3n de ganchillo \\\"El \u00e1ngel de Navidad de Chenice\\\" aqu\u00ed. Con enlaces al patr\u00f3n en Haked, Etsy y Ravelry.\",\"breadcrumb\":{\"@id\":\"https:\\\/\\\/craftygenesindonesia.com\\\/es\\\/shop\\\/angeles\\\/angel-de-navidad-de-chenice\\\/#breadcrumb\"},\"inLanguage\":\"es\",\"potentialAction\":[{\"@type\":\"ReadAction\",\"target\":[\"https:\\\/\\\/craftygenesindonesia.com\\\/es\\\/shop\\\/angeles\\\/angel-de-navidad-de-chenice\\\/\"]}]},{\"@type\":\"ImageObject\",\"inLanguage\":\"es\",\"@id\":\"https:\\\/\\\/craftygenesindonesia.com\\\/es\\\/shop\\\/angeles\\\/angel-de-navidad-de-chenice\\\/#primaryimage\",\"url\":\"https:\\\/\\\/craftygenesindonesia.com\\\/wp-content\\\/uploads\\\/2022\\\/06\\\/Chenice.jpg\",\"contentUrl\":\"https:\\\/\\\/craftygenesindonesia.com\\\/wp-content\\\/uploads\\\/2022\\\/06\\\/Chenice.jpg\",\"width\":1080,\"height\":1080,\"caption\":\"Crochet angel with LED light, crochet memorial angel, crochet Christmas angel\"},{\"@type\":\"BreadcrumbList\",\"@id\":\"https:\\\/\\\/craftygenesindonesia.com\\\/es\\\/shop\\\/angeles\\\/angel-de-navidad-de-chenice\\\/#breadcrumb\",\"itemListElement\":[{\"@type\":\"ListItem\",\"position\":1,\"name\":\"Home\",\"item\":\"https:\\\/\\\/craftygenesindonesia.com\\\/es\\\/\"},{\"@type\":\"ListItem\",\"position\":2,\"name\":\"Tienda de patrones\",\"item\":\"https:\\\/\\\/craftygenesindonesia.com\\\/es\\\/tienda-de-patrones\\\/\"},{\"@type\":\"ListItem\",\"position\":3,\"name\":\"\u00c1ngel de Navidad De Chenice\"}]},{\"@type\":\"WebSite\",\"@id\":\"https:\\\/\\\/craftygenesindonesia.com\\\/es\\\/#website\",\"url\":\"https:\\\/\\\/craftygenesindonesia.com\\\/es\\\/\",\"name\":\"Craftygenesindonesia\",\"description\":\"\",\"publisher\":{\"@id\":\"https:\\\/\\\/craftygenesindonesia.com\\\/es\\\/#organization\"},\"potentialAction\":[{\"@type\":\"SearchAction\",\"target\":{\"@type\":\"EntryPoint\",\"urlTemplate\":\"https:\\\/\\\/craftygenesindonesia.com\\\/es\\\/?s={search_term_string}\"},\"query-input\":{\"@type\":\"PropertyValueSpecification\",\"valueRequired\":true,\"valueName\":\"search_term_string\"}}],\"inLanguage\":\"es\"},{\"@type\":\"Organization\",\"@id\":\"https:\\\/\\\/craftygenesindonesia.com\\\/es\\\/#organization\",\"name\":\"Craftygenesindonesia\",\"url\":\"https:\\\/\\\/craftygenesindonesia.com\\\/es\\\/\",\"logo\":{\"@type\":\"ImageObject\",\"inLanguage\":\"es\",\"@id\":\"https:\\\/\\\/craftygenesindonesia.com\\\/es\\\/#\\\/schema\\\/logo\\\/image\\\/\",\"url\":\"https:\\\/\\\/craftygenesindonesia.com\\\/wp-content\\\/uploads\\\/2025\\\/11\\\/cropped-Copy-of-Craftygenesindonesia.jpg\",\"contentUrl\":\"https:\\\/\\\/craftygenesindonesia.com\\\/wp-content\\\/uploads\\\/2025\\\/11\\\/cropped-Copy-of-Craftygenesindonesia.jpg\",\"width\":180,\"height\":60,\"caption\":\"Craftygenesindonesia\"},\"image\":{\"@id\":\"https:\\\/\\\/craftygenesindonesia.com\\\/es\\\/#\\\/schema\\\/logo\\\/image\\\/\"}}]}<\/script>\n<!-- \/ Yoast SEO plugin. -->","yoast_head_json":{"title":"\u00c1ngel de Navidad De Chenice patr\u00f3n de ganchillo - Craftygenesindonesia","description":"Pida mi patr\u00f3n de ganchillo \"El \u00e1ngel de Navidad de Chenice\" aqu\u00ed. Con enlaces al patr\u00f3n en Haked, Etsy y Ravelry.","robots":{"index":"index","follow":"follow","max-snippet":"max-snippet:-1","max-image-preview":"max-image-preview:large","max-video-preview":"max-video-preview:-1"},"canonical":"https:\/\/craftygenesindonesia.com\/es\/shop\/angeles\/angel-de-navidad-de-chenice\/","og_locale":"es_ES","og_type":"article","og_title":"De Chenice Kerstengel haakpatroon","og_description":"Pida mi patr\u00f3n de ganchillo \"El \u00e1ngel de Navidad de Chenice\" aqu\u00ed. Con enlaces al patr\u00f3n en Haked, Etsy y Ravelry.","og_url":"https:\/\/craftygenesindonesia.com\/es\/shop\/angeles\/angel-de-navidad-de-chenice\/","og_site_name":"Craftygenesindonesia","article_modified_time":"2025-11-14T01:39:47+00:00","og_image":[{"url":"https:\/\/craftygenesindonesia.com\/wp-content\/uploads\/2022\/06\/Untitled-design-5-300x300.png","type":"","width":"","height":""}],"twitter_card":"summary_large_image","twitter_title":"De Chenice Kerstengel haakpatroon","twitter_description":"Bestel hier mijn \"De Chenice Christmas Angel\" haakpatroon in Nederlands, Engels, Frans & Spaans. Met linkjes naar het patroon op Haked.nl, Etsy & Ravelry.","twitter_image":"https:\/\/craftygenesindonesia.com\/wp-content\/uploads\/2022\/06\/Untitled-design-5.png","twitter_misc":{"Tiempo de lectura":"1 minuto"},"schema":{"@context":"https:\/\/schema.org","@graph":[{"@type":"WebPage","@id":"https:\/\/craftygenesindonesia.com\/es\/shop\/angeles\/angel-de-navidad-de-chenice\/","url":"https:\/\/craftygenesindonesia.com\/es\/shop\/angeles\/angel-de-navidad-de-chenice\/","name":"\u00c1ngel de Navidad De Chenice patr\u00f3n de ganchillo - Craftygenesindonesia","isPartOf":{"@id":"https:\/\/craftygenesindonesia.com\/es\/#website"},"primaryImageOfPage":{"@id":"https:\/\/craftygenesindonesia.com\/es\/shop\/angeles\/angel-de-navidad-de-chenice\/#primaryimage"},"image":{"@id":"https:\/\/craftygenesindonesia.com\/es\/shop\/angeles\/angel-de-navidad-de-chenice\/#primaryimage"},"thumbnailUrl":"https:\/\/craftygenesindonesia.com\/wp-content\/uploads\/2022\/06\/Chenice.jpg","datePublished":"2022-06-24T22:33:01+00:00","dateModified":"2025-11-14T01:39:47+00:00","description":"Pida mi patr\u00f3n de ganchillo \"El \u00e1ngel de Navidad de Chenice\" aqu\u00ed. Con enlaces al patr\u00f3n en Haked, Etsy y Ravelry.","breadcrumb":{"@id":"https:\/\/craftygenesindonesia.com\/es\/shop\/angeles\/angel-de-navidad-de-chenice\/#breadcrumb"},"inLanguage":"es","potentialAction":[{"@type":"ReadAction","target":["https:\/\/craftygenesindonesia.com\/es\/shop\/angeles\/angel-de-navidad-de-chenice\/"]}]},{"@type":"ImageObject","inLanguage":"es","@id":"https:\/\/craftygenesindonesia.com\/es\/shop\/angeles\/angel-de-navidad-de-chenice\/#primaryimage","url":"https:\/\/craftygenesindonesia.com\/wp-content\/uploads\/2022\/06\/Chenice.jpg","contentUrl":"https:\/\/craftygenesindonesia.com\/wp-content\/uploads\/2022\/06\/Chenice.jpg","width":1080,"height":1080,"caption":"Crochet angel with LED light, crochet memorial angel, crochet Christmas angel"},{"@type":"BreadcrumbList","@id":"https:\/\/craftygenesindonesia.com\/es\/shop\/angeles\/angel-de-navidad-de-chenice\/#breadcrumb","itemListElement":[{"@type":"ListItem","position":1,"name":"Home","item":"https:\/\/craftygenesindonesia.com\/es\/"},{"@type":"ListItem","position":2,"name":"Tienda de patrones","item":"https:\/\/craftygenesindonesia.com\/es\/tienda-de-patrones\/"},{"@type":"ListItem","position":3,"name":"\u00c1ngel de Navidad De Chenice"}]},{"@type":"WebSite","@id":"https:\/\/craftygenesindonesia.com\/es\/#website","url":"https:\/\/craftygenesindonesia.com\/es\/","name":"Craftygenesindonesia","description":"","publisher":{"@id":"https:\/\/craftygenesindonesia.com\/es\/#organization"},"potentialAction":[{"@type":"SearchAction","target":{"@type":"EntryPoint","urlTemplate":"https:\/\/craftygenesindonesia.com\/es\/?s={search_term_string}"},"query-input":{"@type":"PropertyValueSpecification","valueRequired":true,"valueName":"search_term_string"}}],"inLanguage":"es"},{"@type":"Organization","@id":"https:\/\/craftygenesindonesia.com\/es\/#organization","name":"Craftygenesindonesia","url":"https:\/\/craftygenesindonesia.com\/es\/","logo":{"@type":"ImageObject","inLanguage":"es","@id":"https:\/\/craftygenesindonesia.com\/es\/#\/schema\/logo\/image\/","url":"https:\/\/craftygenesindonesia.com\/wp-content\/uploads\/2025\/11\/cropped-Copy-of-Craftygenesindonesia.jpg","contentUrl":"https:\/\/craftygenesindonesia.com\/wp-content\/uploads\/2025\/11\/cropped-Copy-of-Craftygenesindonesia.jpg","width":180,"height":60,"caption":"Craftygenesindonesia"},"image":{"@id":"https:\/\/craftygenesindonesia.com\/es\/#\/schema\/logo\/image\/"}}]}},"_links":{"self":[{"href":"https:\/\/craftygenesindonesia.com\/es\/wp-json\/wp\/v2\/product\/17837","targetHints":{"allow":["GET"]}}],"collection":[{"href":"https:\/\/craftygenesindonesia.com\/es\/wp-json\/wp\/v2\/product"}],"about":[{"href":"https:\/\/craftygenesindonesia.com\/es\/wp-json\/wp\/v2\/types\/product"}],"replies":[{"embeddable":true,"href":"https:\/\/craftygenesindonesia.com\/es\/wp-json\/wp\/v2\/comments?post=17837"}],"wp:featuredmedia":[{"embeddable":true,"href":"https:\/\/craftygenesindonesia.com\/es\/wp-json\/wp\/v2\/media\/987520059"}],"wp:attachment":[{"href":"https:\/\/craftygenesindonesia.com\/es\/wp-json\/wp\/v2\/media?parent=17837"}],"wp:term":[{"taxonomy":"product_brand","embeddable":true,"href":"https:\/\/craftygenesindonesia.com\/es\/wp-json\/wp\/v2\/product_brand?post=17837"},{"taxonomy":"product_cat","embeddable":true,"href":"https:\/\/craftygenesindonesia.com\/es\/wp-json\/wp\/v2\/product_cat?post=17837"},{"taxonomy":"product_tag","embeddable":true,"href":"https:\/\/craftygenesindonesia.com\/es\/wp-json\/wp\/v2\/product_tag?post=17837"}],"curies":[{"name":"wp","href":"https:\/\/api.w.org\/{rel}","templated":true}]}}