{"id":17788,"date":"2022-06-25T21:43:21","date_gmt":"2022-06-25T13:43:21","guid":{"rendered":"https:\/\/craftygenesindonesia.com\/?post_type=product&#038;p=17788"},"modified":"2026-02-24T18:20:36","modified_gmt":"2026-02-24T10:20:36","slug":"angel-del-consuelo","status":"publish","type":"product","link":"https:\/\/craftygenesindonesia.com\/es\/shop\/angeles\/angel-del-consuelo\/","title":{"rendered":"\u00c1ngel del Consuelo"},"content":{"rendered":"<p><strong>La vela es una vela que funciona con pilas, NO UNA VELA REAL. \u00a1NO UTILICE UNA VELA DE VERDAD!<\/strong><\/p>\n<p>Tama\u00f1o: El \u00e1ngel mide 16 cm de alto sentado en el banco. El banco mide 17 cm de ancho.<\/p>\n<p>Hilo: todo est\u00e1 hecho con hilo de peso \u00abFINGERING\u00bb y una aguja de ganchillo de 2 mm.<\/p>\n<p>Necesitar\u00e1s estos colores: blanco, color piel, marr\u00f3n oscuro, dorado met\u00e1lico<\/p>\n<p>Aguja de ganchillo: 2 mm<\/p>\n<p>Este patr\u00f3n es un patr\u00f3n escrito con muchas fotos para ayudarte. Si tienes alguna pregunta, env\u00edame un mensaje a: craftygenesindonesia@gmail.com<\/p>\n<p><strong>-Este patr\u00f3n es s\u00f3lo para uso personal y tiene un COPYRIGHT en \u00e9l. Por lo tanto, el patr\u00f3n no puede ser copiado, vendido, revendido, traducido, reclamado como su dise\u00f1o, distribuido, compartido, publicado, publicado en l\u00ednea en cualquier forma sin mi permiso. Ni siquiera una parte.<\/strong><\/p>\n<p><strong>-Puedes vender el producto terminado en peque\u00f1as cantidades, PERO NO EL PATR\u00d3N EN S\u00cd. Menciona que el patr\u00f3n es de Craftygenesindonesia y d\u00f3nde se puede comprar.<\/strong><\/p>\n","protected":false},"excerpt":{"rendered":"<p>Este es un patr\u00f3n de ganchillo f\u00e1cil de seguir para un precioso \u00e1ngel con beb\u00e9 en un banco con vela (es una vela que funciona con pilas, \u00a1\u00a1\u00a1NO ES UNA vela REAL!!! No uses una vela de verdad!!!)<\/p>\n","protected":false},"featured_media":987521315,"comment_status":"open","ping_status":"closed","template":"","meta":{"_acf_changed":false},"product_brand":[],"product_cat":[3035,3071],"product_tag":[8707,11367,10621,12711,10855,11679,10699,10903,9778,10965,10710,10641],"class_list":{"0":"post-17788","1":"product","2":"type-product","3":"status-publish","4":"has-post-thumbnail","6":"product_cat-angeles","7":"product_cat-memorial","8":"product_tag-angel-es","9":"product_tag-angel-conmemorativo","10":"product_tag-angel-de-navidad","11":"product_tag-bank-es","12":"product_tag-bebe-es-2","13":"product_tag-blanco","14":"product_tag-led-es","15":"product_tag-manta","16":"product_tag-memorial-es","17":"product_tag-vela-es","18":"product_tag-vela-led","19":"product_tag-velas-de-navidad","20":"pa_available_on-craftygenesindonesia","21":"pa_available_on-etsy","22":"pa_available_on-haked-nl","23":"pa_available_on-payhip","24":"pa_available_on-ravelry","25":"pa_languages-espanol","26":"pa_languages-estados-unidos-ingles","27":"pa_languages-frances","28":"pa_languages-holandes","29":"pa_languages-portugues","31":"first","32":"instock","33":"downloadable","34":"virtual","35":"purchasable","36":"product-type-simple"},"acf":[],"yoast_head":"<!-- This site is optimized with the Yoast SEO plugin v27.3 - https:\/\/yoast.com\/product\/yoast-seo-wordpress\/ -->\n<title>\u00c1ngel del Consuelo patr\u00f3n de ganchillo - Craftygenesindonesia<\/title>\n<meta name=\"description\" content=\"Compra aqu\u00ed mi patr\u00f3n de ganchillo para \u00e1ngel conmemorativo \u00ab\u00c1ngel del Consuelo\u00bb. El patr\u00f3n tambi\u00e9n est\u00e1 disponible en Haked.nl, Etsy, Ravelry, Payhip\" \/>\n<meta name=\"robots\" content=\"index, follow, max-snippet:-1, max-image-preview:large, max-video-preview:-1\" \/>\n<link rel=\"canonical\" href=\"https:\/\/craftygenesindonesia.com\/es\/shop\/angeles\/angel-del-consuelo\/\" \/>\n<meta property=\"og:locale\" content=\"es_ES\" \/>\n<meta property=\"og:type\" content=\"article\" \/>\n<meta property=\"og:title\" content=\"Patr\u00f3n de ganchillo para \u00e1ngel conmemorativo \u00ab\u00c1ngel del Consuelo\u00bb\" \/>\n<meta property=\"og:description\" content=\"Compra aqu\u00ed mi patr\u00f3n de ganchillo para \u00e1ngel conmemorativo \u00ab\u00c1ngel del Consuelo\u00bb. El patr\u00f3n tambi\u00e9n est\u00e1 disponible en Haked.nl, Etsy, Ravelry, Payhip\" \/>\n<meta property=\"og:url\" content=\"https:\/\/craftygenesindonesia.com\/es\/shop\/angeles\/angel-del-consuelo\/\" \/>\n<meta property=\"og:site_name\" content=\"Craftygenesindonesia\" \/>\n<meta property=\"article:modified_time\" content=\"2026-02-24T10:20:36+00:00\" \/>\n<meta property=\"og:image\" content=\"https:\/\/craftygenesindonesia.com\/wp-content\/uploads\/2022\/06\/Angel-of-Comfort-1.jpg\" \/>\n\t<meta property=\"og:image:width\" content=\"1080\" \/>\n\t<meta property=\"og:image:height\" content=\"1080\" \/>\n\t<meta property=\"og:image:type\" content=\"image\/jpeg\" \/>\n<meta name=\"twitter:card\" content=\"summary_large_image\" \/>\n<meta name=\"twitter:title\" content=\"\u00c1ngel del Consuelo\" \/>\n<meta name=\"twitter:description\" content=\"Encargue aqu\u00ed mi patr\u00f3n de ganchillo &quot;\u00c1ngel del Consuelo&quot;. Aqu\u00ed tambi\u00e9n encontrar\u00e1s los enlaces al patr\u00f3n en Haked, Etsy &amp; Ravelry.\" \/>\n<meta name=\"twitter:label1\" content=\"Tiempo de lectura\" \/>\n\t<meta name=\"twitter:data1\" content=\"1 minuto\" \/>\n<script type=\"application\/ld+json\" class=\"yoast-schema-graph\">{\"@context\":\"https:\\\/\\\/schema.org\",\"@graph\":[{\"@type\":\"WebPage\",\"@id\":\"https:\\\/\\\/craftygenesindonesia.com\\\/es\\\/shop\\\/angeles\\\/angel-del-consuelo\\\/\",\"url\":\"https:\\\/\\\/craftygenesindonesia.com\\\/es\\\/shop\\\/angeles\\\/angel-del-consuelo\\\/\",\"name\":\"\u00c1ngel del Consuelo patr\u00f3n de ganchillo - Craftygenesindonesia\",\"isPartOf\":{\"@id\":\"https:\\\/\\\/craftygenesindonesia.com\\\/es\\\/#website\"},\"primaryImageOfPage\":{\"@id\":\"https:\\\/\\\/craftygenesindonesia.com\\\/es\\\/shop\\\/angeles\\\/angel-del-consuelo\\\/#primaryimage\"},\"image\":{\"@id\":\"https:\\\/\\\/craftygenesindonesia.com\\\/es\\\/shop\\\/angeles\\\/angel-del-consuelo\\\/#primaryimage\"},\"thumbnailUrl\":\"https:\\\/\\\/craftygenesindonesia.com\\\/wp-content\\\/uploads\\\/2022\\\/06\\\/Angel-of-Comfort-1.jpg\",\"datePublished\":\"2022-06-25T13:43:21+00:00\",\"dateModified\":\"2026-02-24T10:20:36+00:00\",\"description\":\"Compra aqu\u00ed mi patr\u00f3n de ganchillo para \u00e1ngel conmemorativo \u00ab\u00c1ngel del Consuelo\u00bb. El patr\u00f3n tambi\u00e9n est\u00e1 disponible en Haked.nl, Etsy, Ravelry, Payhip\",\"breadcrumb\":{\"@id\":\"https:\\\/\\\/craftygenesindonesia.com\\\/es\\\/shop\\\/angeles\\\/angel-del-consuelo\\\/#breadcrumb\"},\"inLanguage\":\"es\",\"potentialAction\":[{\"@type\":\"ReadAction\",\"target\":[\"https:\\\/\\\/craftygenesindonesia.com\\\/es\\\/shop\\\/angeles\\\/angel-del-consuelo\\\/\"]}]},{\"@type\":\"ImageObject\",\"inLanguage\":\"es\",\"@id\":\"https:\\\/\\\/craftygenesindonesia.com\\\/es\\\/shop\\\/angeles\\\/angel-del-consuelo\\\/#primaryimage\",\"url\":\"https:\\\/\\\/craftygenesindonesia.com\\\/wp-content\\\/uploads\\\/2022\\\/06\\\/Angel-of-Comfort-1.jpg\",\"contentUrl\":\"https:\\\/\\\/craftygenesindonesia.com\\\/wp-content\\\/uploads\\\/2022\\\/06\\\/Angel-of-Comfort-1.jpg\",\"width\":1080,\"height\":1080,\"caption\":\"crochet angel and baby on crochet bench with LED candle\"},{\"@type\":\"BreadcrumbList\",\"@id\":\"https:\\\/\\\/craftygenesindonesia.com\\\/es\\\/shop\\\/angeles\\\/angel-del-consuelo\\\/#breadcrumb\",\"itemListElement\":[{\"@type\":\"ListItem\",\"position\":1,\"name\":\"Home\",\"item\":\"https:\\\/\\\/craftygenesindonesia.com\\\/es\\\/\"},{\"@type\":\"ListItem\",\"position\":2,\"name\":\"Tienda de patrones\",\"item\":\"https:\\\/\\\/craftygenesindonesia.com\\\/es\\\/tienda-de-patrones\\\/\"},{\"@type\":\"ListItem\",\"position\":3,\"name\":\"\u00c1ngel del Consuelo\"}]},{\"@type\":\"WebSite\",\"@id\":\"https:\\\/\\\/craftygenesindonesia.com\\\/es\\\/#website\",\"url\":\"https:\\\/\\\/craftygenesindonesia.com\\\/es\\\/\",\"name\":\"Craftygenesindonesia\",\"description\":\"\",\"publisher\":{\"@id\":\"https:\\\/\\\/craftygenesindonesia.com\\\/es\\\/#organization\"},\"potentialAction\":[{\"@type\":\"SearchAction\",\"target\":{\"@type\":\"EntryPoint\",\"urlTemplate\":\"https:\\\/\\\/craftygenesindonesia.com\\\/es\\\/?s={search_term_string}\"},\"query-input\":{\"@type\":\"PropertyValueSpecification\",\"valueRequired\":true,\"valueName\":\"search_term_string\"}}],\"inLanguage\":\"es\"},{\"@type\":\"Organization\",\"@id\":\"https:\\\/\\\/craftygenesindonesia.com\\\/es\\\/#organization\",\"name\":\"Craftygenesindonesia\",\"url\":\"https:\\\/\\\/craftygenesindonesia.com\\\/es\\\/\",\"logo\":{\"@type\":\"ImageObject\",\"inLanguage\":\"es\",\"@id\":\"https:\\\/\\\/craftygenesindonesia.com\\\/es\\\/#\\\/schema\\\/logo\\\/image\\\/\",\"url\":\"https:\\\/\\\/craftygenesindonesia.com\\\/wp-content\\\/uploads\\\/2025\\\/11\\\/cropped-Copy-of-Craftygenesindonesia.jpg\",\"contentUrl\":\"https:\\\/\\\/craftygenesindonesia.com\\\/wp-content\\\/uploads\\\/2025\\\/11\\\/cropped-Copy-of-Craftygenesindonesia.jpg\",\"width\":180,\"height\":60,\"caption\":\"Craftygenesindonesia\"},\"image\":{\"@id\":\"https:\\\/\\\/craftygenesindonesia.com\\\/es\\\/#\\\/schema\\\/logo\\\/image\\\/\"}}]}<\/script>\n<!-- \/ Yoast SEO plugin. -->","yoast_head_json":{"title":"\u00c1ngel del Consuelo patr\u00f3n de ganchillo - Craftygenesindonesia","description":"Compra aqu\u00ed mi patr\u00f3n de ganchillo para \u00e1ngel conmemorativo \u00ab\u00c1ngel del Consuelo\u00bb. El patr\u00f3n tambi\u00e9n est\u00e1 disponible en Haked.nl, Etsy, Ravelry, Payhip","robots":{"index":"index","follow":"follow","max-snippet":"max-snippet:-1","max-image-preview":"max-image-preview:large","max-video-preview":"max-video-preview:-1"},"canonical":"https:\/\/craftygenesindonesia.com\/es\/shop\/angeles\/angel-del-consuelo\/","og_locale":"es_ES","og_type":"article","og_title":"Patr\u00f3n de ganchillo para \u00e1ngel conmemorativo \u00ab\u00c1ngel del Consuelo\u00bb","og_description":"Compra aqu\u00ed mi patr\u00f3n de ganchillo para \u00e1ngel conmemorativo \u00ab\u00c1ngel del Consuelo\u00bb. El patr\u00f3n tambi\u00e9n est\u00e1 disponible en Haked.nl, Etsy, Ravelry, Payhip","og_url":"https:\/\/craftygenesindonesia.com\/es\/shop\/angeles\/angel-del-consuelo\/","og_site_name":"Craftygenesindonesia","article_modified_time":"2026-02-24T10:20:36+00:00","og_image":[{"width":1080,"height":1080,"url":"https:\/\/craftygenesindonesia.com\/wp-content\/uploads\/2022\/06\/Angel-of-Comfort-1.jpg","type":"image\/jpeg"}],"twitter_card":"summary_large_image","twitter_title":"\u00c1ngel del Consuelo","twitter_description":"Encargue aqu\u00ed mi patr\u00f3n de ganchillo \"\u00c1ngel del Consuelo\". Aqu\u00ed tambi\u00e9n encontrar\u00e1s los enlaces al patr\u00f3n en Haked, Etsy & Ravelry.","twitter_misc":{"Tiempo de lectura":"1 minuto"},"schema":{"@context":"https:\/\/schema.org","@graph":[{"@type":"WebPage","@id":"https:\/\/craftygenesindonesia.com\/es\/shop\/angeles\/angel-del-consuelo\/","url":"https:\/\/craftygenesindonesia.com\/es\/shop\/angeles\/angel-del-consuelo\/","name":"\u00c1ngel del Consuelo patr\u00f3n de ganchillo - Craftygenesindonesia","isPartOf":{"@id":"https:\/\/craftygenesindonesia.com\/es\/#website"},"primaryImageOfPage":{"@id":"https:\/\/craftygenesindonesia.com\/es\/shop\/angeles\/angel-del-consuelo\/#primaryimage"},"image":{"@id":"https:\/\/craftygenesindonesia.com\/es\/shop\/angeles\/angel-del-consuelo\/#primaryimage"},"thumbnailUrl":"https:\/\/craftygenesindonesia.com\/wp-content\/uploads\/2022\/06\/Angel-of-Comfort-1.jpg","datePublished":"2022-06-25T13:43:21+00:00","dateModified":"2026-02-24T10:20:36+00:00","description":"Compra aqu\u00ed mi patr\u00f3n de ganchillo para \u00e1ngel conmemorativo \u00ab\u00c1ngel del Consuelo\u00bb. El patr\u00f3n tambi\u00e9n est\u00e1 disponible en Haked.nl, Etsy, Ravelry, Payhip","breadcrumb":{"@id":"https:\/\/craftygenesindonesia.com\/es\/shop\/angeles\/angel-del-consuelo\/#breadcrumb"},"inLanguage":"es","potentialAction":[{"@type":"ReadAction","target":["https:\/\/craftygenesindonesia.com\/es\/shop\/angeles\/angel-del-consuelo\/"]}]},{"@type":"ImageObject","inLanguage":"es","@id":"https:\/\/craftygenesindonesia.com\/es\/shop\/angeles\/angel-del-consuelo\/#primaryimage","url":"https:\/\/craftygenesindonesia.com\/wp-content\/uploads\/2022\/06\/Angel-of-Comfort-1.jpg","contentUrl":"https:\/\/craftygenesindonesia.com\/wp-content\/uploads\/2022\/06\/Angel-of-Comfort-1.jpg","width":1080,"height":1080,"caption":"crochet angel and baby on crochet bench with LED candle"},{"@type":"BreadcrumbList","@id":"https:\/\/craftygenesindonesia.com\/es\/shop\/angeles\/angel-del-consuelo\/#breadcrumb","itemListElement":[{"@type":"ListItem","position":1,"name":"Home","item":"https:\/\/craftygenesindonesia.com\/es\/"},{"@type":"ListItem","position":2,"name":"Tienda de patrones","item":"https:\/\/craftygenesindonesia.com\/es\/tienda-de-patrones\/"},{"@type":"ListItem","position":3,"name":"\u00c1ngel del Consuelo"}]},{"@type":"WebSite","@id":"https:\/\/craftygenesindonesia.com\/es\/#website","url":"https:\/\/craftygenesindonesia.com\/es\/","name":"Craftygenesindonesia","description":"","publisher":{"@id":"https:\/\/craftygenesindonesia.com\/es\/#organization"},"potentialAction":[{"@type":"SearchAction","target":{"@type":"EntryPoint","urlTemplate":"https:\/\/craftygenesindonesia.com\/es\/?s={search_term_string}"},"query-input":{"@type":"PropertyValueSpecification","valueRequired":true,"valueName":"search_term_string"}}],"inLanguage":"es"},{"@type":"Organization","@id":"https:\/\/craftygenesindonesia.com\/es\/#organization","name":"Craftygenesindonesia","url":"https:\/\/craftygenesindonesia.com\/es\/","logo":{"@type":"ImageObject","inLanguage":"es","@id":"https:\/\/craftygenesindonesia.com\/es\/#\/schema\/logo\/image\/","url":"https:\/\/craftygenesindonesia.com\/wp-content\/uploads\/2025\/11\/cropped-Copy-of-Craftygenesindonesia.jpg","contentUrl":"https:\/\/craftygenesindonesia.com\/wp-content\/uploads\/2025\/11\/cropped-Copy-of-Craftygenesindonesia.jpg","width":180,"height":60,"caption":"Craftygenesindonesia"},"image":{"@id":"https:\/\/craftygenesindonesia.com\/es\/#\/schema\/logo\/image\/"}}]}},"_links":{"self":[{"href":"https:\/\/craftygenesindonesia.com\/es\/wp-json\/wp\/v2\/product\/17788","targetHints":{"allow":["GET"]}}],"collection":[{"href":"https:\/\/craftygenesindonesia.com\/es\/wp-json\/wp\/v2\/product"}],"about":[{"href":"https:\/\/craftygenesindonesia.com\/es\/wp-json\/wp\/v2\/types\/product"}],"replies":[{"embeddable":true,"href":"https:\/\/craftygenesindonesia.com\/es\/wp-json\/wp\/v2\/comments?post=17788"}],"wp:featuredmedia":[{"embeddable":true,"href":"https:\/\/craftygenesindonesia.com\/es\/wp-json\/wp\/v2\/media\/987521315"}],"wp:attachment":[{"href":"https:\/\/craftygenesindonesia.com\/es\/wp-json\/wp\/v2\/media?parent=17788"}],"wp:term":[{"taxonomy":"product_brand","embeddable":true,"href":"https:\/\/craftygenesindonesia.com\/es\/wp-json\/wp\/v2\/product_brand?post=17788"},{"taxonomy":"product_cat","embeddable":true,"href":"https:\/\/craftygenesindonesia.com\/es\/wp-json\/wp\/v2\/product_cat?post=17788"},{"taxonomy":"product_tag","embeddable":true,"href":"https:\/\/craftygenesindonesia.com\/es\/wp-json\/wp\/v2\/product_tag?post=17788"}],"curies":[{"name":"wp","href":"https:\/\/api.w.org\/{rel}","templated":true}]}}