{"id":17716,"date":"2022-06-26T20:51:05","date_gmt":"2022-06-26T12:51:05","guid":{"rendered":"https:\/\/craftygenesindonesia.com\/?post_type=product&#038;p=17716"},"modified":"2025-11-14T09:23:14","modified_gmt":"2025-11-14T01:23:14","slug":"lola-edicion-snowgirl","status":"publish","type":"product","link":"https:\/\/craftygenesindonesia.com\/es\/shop\/navidad\/lola-edicion-snowgirl\/","title":{"rendered":"Lola, edici\u00f3n Snowgirl"},"content":{"rendered":"<p>Talla: Mide 35 cm<\/p>\n<p>Hilo: est\u00e1 hecha con hilo de peso \u201cFINGERING\u201d adecuado para amigurumi y una aguja de ganchillo de tama\u00f1o 2 mm.<\/p>\n<p>Necesitar\u00e1s los siguientes colores: blanco, rojo oscuro, beige y naranja.<\/p>\n<p>Aguja de ganchillo: tama\u00f1o 2mm<\/p>\n<p>Este patr\u00f3n es un patr\u00f3n escrito con muchas fotos para ayudarte. Si todav\u00eda tiene preguntas, por favor env\u00edeme un mensaje a:\u00a0<a href=\"mailto:craftygenesindonesia@gmail.com\">craftygenesindonesia@gmail.com<\/a><\/p>\n<p><strong>-Este patr\u00f3n es s\u00f3lo para uso personal y hay un COPYRIGHT en \u00e9l. El patr\u00f3n por lo tanto NO puede ser copiado, vendido, revendido, traducido, reclamado como su dise\u00f1o, distribuido, compartido, publicado, publicado en l\u00ednea \u2026 en cualquier forma sin mi consentimiento. Ni siquiera una parte.<\/strong><\/p>\n<p><strong>-Puedes vender el art\u00edculo terminado en peque\u00f1as cantidades, \u00a1PERO NO EL PATR\u00d3N MISMO! Por favor, menciona que el patr\u00f3n es de Craftygenesindonesia y d\u00f3nde se puede comprar<\/strong><\/p>\n","protected":false},"excerpt":{"rendered":"<p>Este es un patr\u00f3n de ganchillo f\u00e1cil de seguir para una simp\u00e1tica mu\u00f1eca navide\u00f1a. Se llama Lola y es la primera edici\u00f3n de <a href=\"https:\/\/craftygenesindonesia.com\/es\/categor%C3%ADa-producto\/munecas-lola\/\" target=\"_blank\" rel=\"noopener\"><strong>mi serie Lola.<\/strong><\/a><\/p>\n","protected":false},"featured_media":987525259,"comment_status":"open","ping_status":"closed","template":"","meta":{"_acf_changed":false},"product_brand":[],"product_cat":[3047,3063,3065],"product_tag":[11560,10642,11097,11051,11284,11561,11559,12098],"class_list":{"0":"post-17716","1":"product","2":"type-product","3":"status-publish","4":"has-post-thumbnail","6":"product_cat-navidad","7":"product_cat-munecas-infantiles","8":"product_cat-munecas-lola","9":"product_tag-chica-de-las-nieves","10":"product_tag-decoracion-navidena","11":"product_tag-muneca-es-2","12":"product_tag-muneca-de-ganchillo","13":"product_tag-munecas-infantiles","14":"product_tag-muneco-de-nieve-es","15":"product_tag-nieve","16":"product_tag-xmas-es","17":"pa_available_on-craftygenesindonesia","18":"pa_available_on-etsy","19":"pa_available_on-haked-nl","20":"pa_available_on-payhip","21":"pa_available_on-ravelry","22":"pa_languages-aleman","23":"pa_languages-espanol","24":"pa_languages-estados-unidos-ingles","25":"pa_languages-frances","26":"pa_languages-holandes","27":"pa_languages-italiano","28":"pa_languages-portugues","30":"first","31":"instock","32":"downloadable","33":"virtual","34":"purchasable","35":"product-type-simple"},"acf":[],"yoast_head":"<!-- This site is optimized with the Yoast SEO plugin v27.4 - https:\/\/yoast.com\/product\/yoast-seo-wordpress\/ -->\n<title>Lola, edici\u00f3n Snowgirl patr\u00f3n de ganchillo - Craftygenesindonesia<\/title>\n<meta name=\"description\" content=\"Compra aqu\u00ed mi patr\u00f3n de ganchillo &quot;Lola, Edici\u00f3n Ni\u00f1a de las Nieves&quot;. El patr\u00f3n de ganchillo tambi\u00e9n est\u00e1 disponible en Haked, Etsy, Ravelry, Payhip\" \/>\n<meta name=\"robots\" content=\"index, follow, max-snippet:-1, max-image-preview:large, max-video-preview:-1\" \/>\n<link rel=\"canonical\" href=\"https:\/\/craftygenesindonesia.com\/es\/shop\/navidad\/lola-edicion-snowgirl\/\" \/>\n<meta property=\"og:locale\" content=\"es_ES\" \/>\n<meta property=\"og:type\" content=\"article\" \/>\n<meta property=\"og:title\" content=\"Patr\u00f3n de ganchillo &quot;Lola, Edici\u00f3n Ni\u00f1a de las Nieves&quot;\" \/>\n<meta property=\"og:description\" content=\"Compra aqu\u00ed mi patr\u00f3n de ganchillo &quot;Lola, Edici\u00f3n Ni\u00f1a de las Nieves&quot;. El patr\u00f3n de ganchillo tambi\u00e9n est\u00e1 disponible en Haked, Etsy, Ravelry, Payhip\" \/>\n<meta property=\"og:url\" content=\"https:\/\/craftygenesindonesia.com\/es\/shop\/navidad\/lola-edicion-snowgirl\/\" \/>\n<meta property=\"og:site_name\" content=\"Craftygenesindonesia\" \/>\n<meta property=\"article:modified_time\" content=\"2025-11-14T01:23:14+00:00\" \/>\n<meta property=\"og:image\" content=\"https:\/\/craftygenesindonesia.com\/wp-content\/uploads\/2022\/06\/Lola-Snow-girl-2.jpg\" \/>\n\t<meta property=\"og:image:width\" content=\"1080\" \/>\n\t<meta property=\"og:image:height\" content=\"1080\" \/>\n\t<meta property=\"og:image:type\" content=\"image\/jpeg\" \/>\n<meta name=\"twitter:card\" content=\"summary_large_image\" \/>\n<meta name=\"twitter:title\" content=\"Lola, edici\u00f3n Snowgirl\" \/>\n<meta name=\"twitter:description\" content=\"Pide mi patr\u00f3n de ganchillo &quot;Lola, edici\u00f3n Snowgirl&quot; aqu\u00ed. Encuentra los enlaces al patr\u00f3n en Haked, Etsy y Ravelry aqu\u00ed.\" \/>\n<meta name=\"twitter:label1\" content=\"Tiempo de lectura\" \/>\n\t<meta name=\"twitter:data1\" content=\"1 minuto\" \/>\n<script type=\"application\/ld+json\" class=\"yoast-schema-graph\">{\"@context\":\"https:\\\/\\\/schema.org\",\"@graph\":[{\"@type\":\"WebPage\",\"@id\":\"https:\\\/\\\/craftygenesindonesia.com\\\/es\\\/shop\\\/navidad\\\/lola-edicion-snowgirl\\\/\",\"url\":\"https:\\\/\\\/craftygenesindonesia.com\\\/es\\\/shop\\\/navidad\\\/lola-edicion-snowgirl\\\/\",\"name\":\"Lola, edici\u00f3n Snowgirl patr\u00f3n de ganchillo - Craftygenesindonesia\",\"isPartOf\":{\"@id\":\"https:\\\/\\\/craftygenesindonesia.com\\\/es\\\/#website\"},\"primaryImageOfPage\":{\"@id\":\"https:\\\/\\\/craftygenesindonesia.com\\\/es\\\/shop\\\/navidad\\\/lola-edicion-snowgirl\\\/#primaryimage\"},\"image\":{\"@id\":\"https:\\\/\\\/craftygenesindonesia.com\\\/es\\\/shop\\\/navidad\\\/lola-edicion-snowgirl\\\/#primaryimage\"},\"thumbnailUrl\":\"https:\\\/\\\/craftygenesindonesia.com\\\/wp-content\\\/uploads\\\/2022\\\/06\\\/Lola-Snow-girl-2.jpg\",\"datePublished\":\"2022-06-26T12:51:05+00:00\",\"dateModified\":\"2025-11-14T01:23:14+00:00\",\"description\":\"Compra aqu\u00ed mi patr\u00f3n de ganchillo \\\"Lola, Edici\u00f3n Ni\u00f1a de las Nieves\\\". El patr\u00f3n de ganchillo tambi\u00e9n est\u00e1 disponible en Haked, Etsy, Ravelry, Payhip\",\"breadcrumb\":{\"@id\":\"https:\\\/\\\/craftygenesindonesia.com\\\/es\\\/shop\\\/navidad\\\/lola-edicion-snowgirl\\\/#breadcrumb\"},\"inLanguage\":\"es\",\"potentialAction\":[{\"@type\":\"ReadAction\",\"target\":[\"https:\\\/\\\/craftygenesindonesia.com\\\/es\\\/shop\\\/navidad\\\/lola-edicion-snowgirl\\\/\"]}]},{\"@type\":\"ImageObject\",\"inLanguage\":\"es\",\"@id\":\"https:\\\/\\\/craftygenesindonesia.com\\\/es\\\/shop\\\/navidad\\\/lola-edicion-snowgirl\\\/#primaryimage\",\"url\":\"https:\\\/\\\/craftygenesindonesia.com\\\/wp-content\\\/uploads\\\/2022\\\/06\\\/Lola-Snow-girl-2.jpg\",\"contentUrl\":\"https:\\\/\\\/craftygenesindonesia.com\\\/wp-content\\\/uploads\\\/2022\\\/06\\\/Lola-Snow-girl-2.jpg\",\"width\":1080,\"height\":1080,\"caption\":\"crochet snowman girl doll\"},{\"@type\":\"BreadcrumbList\",\"@id\":\"https:\\\/\\\/craftygenesindonesia.com\\\/es\\\/shop\\\/navidad\\\/lola-edicion-snowgirl\\\/#breadcrumb\",\"itemListElement\":[{\"@type\":\"ListItem\",\"position\":1,\"name\":\"Home\",\"item\":\"https:\\\/\\\/craftygenesindonesia.com\\\/es\\\/\"},{\"@type\":\"ListItem\",\"position\":2,\"name\":\"Tienda de patrones\",\"item\":\"https:\\\/\\\/craftygenesindonesia.com\\\/es\\\/tienda-de-patrones\\\/\"},{\"@type\":\"ListItem\",\"position\":3,\"name\":\"Lola, edici\u00f3n Snowgirl\"}]},{\"@type\":\"WebSite\",\"@id\":\"https:\\\/\\\/craftygenesindonesia.com\\\/es\\\/#website\",\"url\":\"https:\\\/\\\/craftygenesindonesia.com\\\/es\\\/\",\"name\":\"Craftygenesindonesia\",\"description\":\"\",\"publisher\":{\"@id\":\"https:\\\/\\\/craftygenesindonesia.com\\\/es\\\/#organization\"},\"potentialAction\":[{\"@type\":\"SearchAction\",\"target\":{\"@type\":\"EntryPoint\",\"urlTemplate\":\"https:\\\/\\\/craftygenesindonesia.com\\\/es\\\/?s={search_term_string}\"},\"query-input\":{\"@type\":\"PropertyValueSpecification\",\"valueRequired\":true,\"valueName\":\"search_term_string\"}}],\"inLanguage\":\"es\"},{\"@type\":\"Organization\",\"@id\":\"https:\\\/\\\/craftygenesindonesia.com\\\/es\\\/#organization\",\"name\":\"Craftygenesindonesia\",\"url\":\"https:\\\/\\\/craftygenesindonesia.com\\\/es\\\/\",\"logo\":{\"@type\":\"ImageObject\",\"inLanguage\":\"es\",\"@id\":\"https:\\\/\\\/craftygenesindonesia.com\\\/es\\\/#\\\/schema\\\/logo\\\/image\\\/\",\"url\":\"https:\\\/\\\/craftygenesindonesia.com\\\/wp-content\\\/uploads\\\/2025\\\/11\\\/cropped-Copy-of-Craftygenesindonesia.jpg\",\"contentUrl\":\"https:\\\/\\\/craftygenesindonesia.com\\\/wp-content\\\/uploads\\\/2025\\\/11\\\/cropped-Copy-of-Craftygenesindonesia.jpg\",\"width\":180,\"height\":60,\"caption\":\"Craftygenesindonesia\"},\"image\":{\"@id\":\"https:\\\/\\\/craftygenesindonesia.com\\\/es\\\/#\\\/schema\\\/logo\\\/image\\\/\"}}]}<\/script>\n<!-- \/ Yoast SEO plugin. -->","yoast_head_json":{"title":"Lola, edici\u00f3n Snowgirl patr\u00f3n de ganchillo - Craftygenesindonesia","description":"Compra aqu\u00ed mi patr\u00f3n de ganchillo \"Lola, Edici\u00f3n Ni\u00f1a de las Nieves\". El patr\u00f3n de ganchillo tambi\u00e9n est\u00e1 disponible en Haked, Etsy, Ravelry, Payhip","robots":{"index":"index","follow":"follow","max-snippet":"max-snippet:-1","max-image-preview":"max-image-preview:large","max-video-preview":"max-video-preview:-1"},"canonical":"https:\/\/craftygenesindonesia.com\/es\/shop\/navidad\/lola-edicion-snowgirl\/","og_locale":"es_ES","og_type":"article","og_title":"Patr\u00f3n de ganchillo \"Lola, Edici\u00f3n Ni\u00f1a de las Nieves\"","og_description":"Compra aqu\u00ed mi patr\u00f3n de ganchillo \"Lola, Edici\u00f3n Ni\u00f1a de las Nieves\". El patr\u00f3n de ganchillo tambi\u00e9n est\u00e1 disponible en Haked, Etsy, Ravelry, Payhip","og_url":"https:\/\/craftygenesindonesia.com\/es\/shop\/navidad\/lola-edicion-snowgirl\/","og_site_name":"Craftygenesindonesia","article_modified_time":"2025-11-14T01:23:14+00:00","og_image":[{"width":1080,"height":1080,"url":"https:\/\/craftygenesindonesia.com\/wp-content\/uploads\/2022\/06\/Lola-Snow-girl-2.jpg","type":"image\/jpeg"}],"twitter_card":"summary_large_image","twitter_title":"Lola, edici\u00f3n Snowgirl","twitter_description":"Pide mi patr\u00f3n de ganchillo \"Lola, edici\u00f3n Snowgirl\" aqu\u00ed. Encuentra los enlaces al patr\u00f3n en Haked, Etsy y Ravelry aqu\u00ed.","twitter_misc":{"Tiempo de lectura":"1 minuto"},"schema":{"@context":"https:\/\/schema.org","@graph":[{"@type":"WebPage","@id":"https:\/\/craftygenesindonesia.com\/es\/shop\/navidad\/lola-edicion-snowgirl\/","url":"https:\/\/craftygenesindonesia.com\/es\/shop\/navidad\/lola-edicion-snowgirl\/","name":"Lola, edici\u00f3n Snowgirl patr\u00f3n de ganchillo - Craftygenesindonesia","isPartOf":{"@id":"https:\/\/craftygenesindonesia.com\/es\/#website"},"primaryImageOfPage":{"@id":"https:\/\/craftygenesindonesia.com\/es\/shop\/navidad\/lola-edicion-snowgirl\/#primaryimage"},"image":{"@id":"https:\/\/craftygenesindonesia.com\/es\/shop\/navidad\/lola-edicion-snowgirl\/#primaryimage"},"thumbnailUrl":"https:\/\/craftygenesindonesia.com\/wp-content\/uploads\/2022\/06\/Lola-Snow-girl-2.jpg","datePublished":"2022-06-26T12:51:05+00:00","dateModified":"2025-11-14T01:23:14+00:00","description":"Compra aqu\u00ed mi patr\u00f3n de ganchillo \"Lola, Edici\u00f3n Ni\u00f1a de las Nieves\". El patr\u00f3n de ganchillo tambi\u00e9n est\u00e1 disponible en Haked, Etsy, Ravelry, Payhip","breadcrumb":{"@id":"https:\/\/craftygenesindonesia.com\/es\/shop\/navidad\/lola-edicion-snowgirl\/#breadcrumb"},"inLanguage":"es","potentialAction":[{"@type":"ReadAction","target":["https:\/\/craftygenesindonesia.com\/es\/shop\/navidad\/lola-edicion-snowgirl\/"]}]},{"@type":"ImageObject","inLanguage":"es","@id":"https:\/\/craftygenesindonesia.com\/es\/shop\/navidad\/lola-edicion-snowgirl\/#primaryimage","url":"https:\/\/craftygenesindonesia.com\/wp-content\/uploads\/2022\/06\/Lola-Snow-girl-2.jpg","contentUrl":"https:\/\/craftygenesindonesia.com\/wp-content\/uploads\/2022\/06\/Lola-Snow-girl-2.jpg","width":1080,"height":1080,"caption":"crochet snowman girl doll"},{"@type":"BreadcrumbList","@id":"https:\/\/craftygenesindonesia.com\/es\/shop\/navidad\/lola-edicion-snowgirl\/#breadcrumb","itemListElement":[{"@type":"ListItem","position":1,"name":"Home","item":"https:\/\/craftygenesindonesia.com\/es\/"},{"@type":"ListItem","position":2,"name":"Tienda de patrones","item":"https:\/\/craftygenesindonesia.com\/es\/tienda-de-patrones\/"},{"@type":"ListItem","position":3,"name":"Lola, edici\u00f3n Snowgirl"}]},{"@type":"WebSite","@id":"https:\/\/craftygenesindonesia.com\/es\/#website","url":"https:\/\/craftygenesindonesia.com\/es\/","name":"Craftygenesindonesia","description":"","publisher":{"@id":"https:\/\/craftygenesindonesia.com\/es\/#organization"},"potentialAction":[{"@type":"SearchAction","target":{"@type":"EntryPoint","urlTemplate":"https:\/\/craftygenesindonesia.com\/es\/?s={search_term_string}"},"query-input":{"@type":"PropertyValueSpecification","valueRequired":true,"valueName":"search_term_string"}}],"inLanguage":"es"},{"@type":"Organization","@id":"https:\/\/craftygenesindonesia.com\/es\/#organization","name":"Craftygenesindonesia","url":"https:\/\/craftygenesindonesia.com\/es\/","logo":{"@type":"ImageObject","inLanguage":"es","@id":"https:\/\/craftygenesindonesia.com\/es\/#\/schema\/logo\/image\/","url":"https:\/\/craftygenesindonesia.com\/wp-content\/uploads\/2025\/11\/cropped-Copy-of-Craftygenesindonesia.jpg","contentUrl":"https:\/\/craftygenesindonesia.com\/wp-content\/uploads\/2025\/11\/cropped-Copy-of-Craftygenesindonesia.jpg","width":180,"height":60,"caption":"Craftygenesindonesia"},"image":{"@id":"https:\/\/craftygenesindonesia.com\/es\/#\/schema\/logo\/image\/"}}]}},"_links":{"self":[{"href":"https:\/\/craftygenesindonesia.com\/es\/wp-json\/wp\/v2\/product\/17716","targetHints":{"allow":["GET"]}}],"collection":[{"href":"https:\/\/craftygenesindonesia.com\/es\/wp-json\/wp\/v2\/product"}],"about":[{"href":"https:\/\/craftygenesindonesia.com\/es\/wp-json\/wp\/v2\/types\/product"}],"replies":[{"embeddable":true,"href":"https:\/\/craftygenesindonesia.com\/es\/wp-json\/wp\/v2\/comments?post=17716"}],"wp:featuredmedia":[{"embeddable":true,"href":"https:\/\/craftygenesindonesia.com\/es\/wp-json\/wp\/v2\/media\/987525259"}],"wp:attachment":[{"href":"https:\/\/craftygenesindonesia.com\/es\/wp-json\/wp\/v2\/media?parent=17716"}],"wp:term":[{"taxonomy":"product_brand","embeddable":true,"href":"https:\/\/craftygenesindonesia.com\/es\/wp-json\/wp\/v2\/product_brand?post=17716"},{"taxonomy":"product_cat","embeddable":true,"href":"https:\/\/craftygenesindonesia.com\/es\/wp-json\/wp\/v2\/product_cat?post=17716"},{"taxonomy":"product_tag","embeddable":true,"href":"https:\/\/craftygenesindonesia.com\/es\/wp-json\/wp\/v2\/product_tag?post=17716"}],"curies":[{"name":"wp","href":"https:\/\/api.w.org\/{rel}","templated":true}]}}